{"id":3,"date":"2024-06-13T07:53:12","date_gmt":"2024-06-13T07:53:12","guid":{"rendered":"http:\/\/airporttelecom.outperforming.nl\/nl\/?page_id=3"},"modified":"2025-04-23T13:22:57","modified_gmt":"2025-04-23T13:22:57","slug":"datenschutzbestimmungen","status":"publish","type":"page","link":"https:\/\/airporttelecom.com\/de\/datenschutzbestimmungen\/","title":{"rendered":"Datenschutzbestimmungen"},"content":{"rendered":"\r\n<p class=\"wp-block-heading\">Airport Telecom Online bv verarbeitet personenbezogene Daten. Diese Datenschutzerkl\u00e4rung<br \/>erl\u00e4utert, welche Daten Airport Telecom Online bv verarbeitet und warum<br \/>es dies tut.<\/p>\r\n<p><strong>Von wem werden personenbezogene Daten verarbeitet?<\/strong><br \/>Airport Telecom Online bv verarbeitet Daten von jedem, der Bestellungen und<br \/>Angebote aufgibt.<\/p>\r\n<p><strong>Welche personenbezogenen Daten werden verarbeitet?<\/strong><br \/>Von Kunden, die Angebote anfordern, werden Name, Telefonnummer und E-Mail-Adresse<br \/>verarbeitet.<br \/><br \/>Bei Kunden, die Auftr\u00e4ge erteilen, handelt es sich um Daten, die f\u00fcr die Erbringung der<br \/>Dienstleistung oder des Produkts erforderlich sind, wie Name, Adresse, Telefonnummer,<br \/>E-Mail-Adresse, Bankkontonummer, Identifikation und Registrierung bei der Handelskammer.<br \/><br \/>Die Airport<br \/>Telecom Online bv speichert keine Daten von Besuchern der Websites der Airport Telecom Online bv. Das Programm Google Analytics wird jedoch verwendet, um<br \/>die Anzahl der Besucher der Websites zu verfolgen und um zu sehen, welche Seiten der Websites besucht werden. Dabei handelt es sich<br \/>um v\u00f6llig anonyme Daten f\u00fcr Airport Telecom Online bv.<\/p>.\r\n<p><strong>Warum werden personenbezogene Daten verarbeitet?<\/strong><br \/>Zum einen verarbeitet Airport Telecom Online bv personenbezogene Daten, um<br \/>Vertr\u00e4ge mit Kunden zu erf\u00fcllen.<br \/><br \/>Zum anderen verarbeitet Airport Telecom Online bv personenbezogene Daten, um<br \/>Benutzerkonten auf den Websites zu f\u00fchren. Dabei handelt es sich nur um Namens- und Adressangaben, damit diese nicht wiederholt von den Kontoinhabern eingegeben werden m\u00fcssen.<br \/><br \/>Drittens verarbeitet Airport Telecom Online bv personenbezogene Daten f\u00fcr<br \/>Marketingaktivit\u00e4ten. Dabei handelt es sich um Botschaften, die sich stark auf die Produkte und Dienstleistungen von<br \/>Airport Telecom Online bv konzentrieren.<br \/><br \/>Bei den oben genannten personenbezogenen Daten kann das Gender-Tracking als besondere<br \/>Daten angesehen werden. Diese Informationen werden ausschlie\u00dflich verwendet, um Kunden in<br \/>schriftlichen Mitteilungen angemessen anzusprechen.<br \/><br \/><strong>Wie werden personenbezogene Daten gesch\u00fctzt?<\/strong><br \/>Personenbezogene Daten werden sorgf\u00e4ltig gespeichert. Die Daten werden nicht l\u00e4nger<br \/>gespeichert, als es f\u00fcr den Zweck, f\u00fcr den die Daten verarbeitet wurden, erforderlich ist, und so lange, wie es das Gesetz<br \/>vorschreibt, um sie aufzubewahren. Die Daten werden von Airport<br \/>Telecom Online bv in einem sicheren Rechenzentrum gespeichert.<\/p>\r\n<p><strong>Dritte Empf\u00e4nger<\/strong><br \/>In Ausnahmef\u00e4llen kann Airport Telecom Online bv gesetzlich<br \/>verpflichtet sein, personenbezogene Daten an Dritte wie die Justiz weiterzugeben. Dar\u00fcber hinaus wird Airport<br \/>Telecom Online bv personenbezogene Daten nur dann an Dritte weitergeben, wenn<br \/>das Einverst\u00e4ndnis der betroffenen Personen eingeholt wurde<\/p>.\r\n<p><strong>Drittl\u00e4nder<\/strong><br \/>In einigen F\u00e4llen nutzt Airport Telecom Online bv Dienste von Drittanbietern wie Google Analytics und Mastercard, deren Server und Datenzentren sich<br \/>au\u00dferhalb Europas befinden und nicht den gleichen Schutz f\u00fcr Daten<br \/>wie innerhalb der Europ\u00e4ischen Union bieten. Airport Telecom Online bv versucht in jedem Fall, die auf diesem Weg<br \/>zur Verf\u00fcgung gestellten Daten zu minimieren.<\/p>\r\n<p><strong>Rechte in Bezug auf die Verarbeitung personenbezogener Daten<\/strong><br \/>Personen, deren Daten von Airport Telecom Online bv verarbeitet werden, haben<br \/>die folgenden Rechte in Bezug auf die betreffenden personenbezogenen Daten:<br \/><br \/>Auskunft und Einsichtnahme<br \/>Richtigstellung<br \/>L\u00f6schung\/L\u00f6schung<br \/>Einschr\u00e4nkung<br \/>Widerspruch\/Widerspruch<br \/>\u00dcbertragbarkeit<\/p>\r\n<p><strong>\u00c4nderung<\/strong><br \/>Die Informationen in dieser Datenschutzerkl\u00e4rung k\u00f6nnen von Zeit zu Zeit ge\u00e4ndert oder <br \/>aktualisiert werden.<br \/><br \/><strong>Kontakt<\/strong><br \/>Airport Telecom Online bv<br \/>Linatebaan 71 B<br \/>3045 AH ROTTERDAM<br \/>NEDERLAND<br \/>Tel. 010 &#8211; 262 3303<br \/>Email info@airporttelecom.nl<br \/>www.airporttelecom.com<\/p>","protected":false},"excerpt":{"rendered":"<p>Airport Telecom Online bv verarbeitet personenbezogene Daten. Diese Datenschutzerkl\u00e4rungerl\u00e4utert, welche Daten Airport Telecom Online bv verarbeitet und warumes dies tut..<\/p>\n","protected":false},"author":1,"featured_media":0,"parent":0,"menu_order":0,"comment_status":"closed","ping_status":"open","template":"","meta":{"_acf_changed":false,"footnotes":""},"class_list":["post-3","page","type-page","status-publish","hentry"],"acf":[],"yoast_head":"<!-- This site is optimized with the Yoast SEO Premium plugin v24.4 (Yoast SEO v27.3) - https:\/\/yoast.com\/product\/yoast-seo-premium-wordpress\/ -->\n<title>Datenschutzbestimmungen - Airport Telecom DE<\/title>\n<meta name=\"robots\" content=\"index, follow, max-snippet:-1, max-image-preview:large, max-video-preview:-1\" \/>\n<link rel=\"canonical\" href=\"https:\/\/airporttelecom.com\/de\/datenschutzbestimmungen\/\" \/>\n<meta property=\"og:locale\" content=\"de_DE\" \/>\n<meta property=\"og:type\" content=\"article\" \/>\n<meta property=\"og:title\" content=\"Datenschutzbestimmungen\" \/>\n<meta property=\"og:description\" content=\"Airport Telecom Online bv verarbeitet personenbezogene Daten. Diese Datenschutzerkl\u00e4rungerl\u00e4utert, welche Daten Airport Telecom Online bv verarbeitet und warumes dies tut..\" \/>\n<meta property=\"og:url\" content=\"https:\/\/airporttelecom.com\/de\/datenschutzbestimmungen\/\" \/>\n<meta property=\"og:site_name\" content=\"Airport Telecom DE\" \/>\n<meta property=\"article:modified_time\" content=\"2025-04-23T13:22:57+00:00\" \/>\n<meta name=\"twitter:card\" content=\"summary_large_image\" \/>\n<meta name=\"twitter:label1\" content=\"Gesch\u00e4tzte Lesezeit\" \/>\n\t<meta name=\"twitter:data1\" content=\"3\u00a0Minuten\" \/>\n<script type=\"application\/ld+json\" class=\"yoast-schema-graph\">{\"@context\":\"https:\\\/\\\/schema.org\",\"@graph\":[{\"@type\":\"WebPage\",\"@id\":\"https:\\\/\\\/airporttelecom.com\\\/de\\\/datenschutzbestimmungen\\\/\",\"url\":\"https:\\\/\\\/airporttelecom.com\\\/de\\\/datenschutzbestimmungen\\\/\",\"name\":\"Datenschutzbestimmungen - Airport Telecom DE\",\"isPartOf\":{\"@id\":\"https:\\\/\\\/airporttelecom.com\\\/de\\\/#website\"},\"datePublished\":\"2024-06-13T07:53:12+00:00\",\"dateModified\":\"2025-04-23T13:22:57+00:00\",\"breadcrumb\":{\"@id\":\"https:\\\/\\\/airporttelecom.com\\\/de\\\/datenschutzbestimmungen\\\/#breadcrumb\"},\"inLanguage\":\"de\",\"potentialAction\":[{\"@type\":\"ReadAction\",\"target\":[\"https:\\\/\\\/airporttelecom.com\\\/de\\\/datenschutzbestimmungen\\\/\"]}]},{\"@type\":\"BreadcrumbList\",\"@id\":\"https:\\\/\\\/airporttelecom.com\\\/de\\\/datenschutzbestimmungen\\\/#breadcrumb\",\"itemListElement\":[{\"@type\":\"ListItem\",\"position\":1,\"name\":\"Home\",\"item\":\"https:\\\/\\\/airporttelecom.com\\\/de\\\/\"},{\"@type\":\"ListItem\",\"position\":2,\"name\":\"Datenschutzbestimmungen\"}]},{\"@type\":\"WebSite\",\"@id\":\"https:\\\/\\\/airporttelecom.com\\\/de\\\/#website\",\"url\":\"https:\\\/\\\/airporttelecom.com\\\/de\\\/\",\"name\":\"Airport Telecom\",\"description\":\"\",\"publisher\":{\"@id\":\"https:\\\/\\\/airporttelecom.com\\\/de\\\/#organization\"},\"potentialAction\":[{\"@type\":\"SearchAction\",\"target\":{\"@type\":\"EntryPoint\",\"urlTemplate\":\"https:\\\/\\\/airporttelecom.com\\\/de\\\/?s={search_term_string}\"},\"query-input\":{\"@type\":\"PropertyValueSpecification\",\"valueRequired\":true,\"valueName\":\"search_term_string\"}}],\"inLanguage\":\"de\"},{\"@type\":\"Organization\",\"@id\":\"https:\\\/\\\/airporttelecom.com\\\/de\\\/#organization\",\"name\":\"Airport Telecom\",\"url\":\"https:\\\/\\\/airporttelecom.com\\\/de\\\/\",\"logo\":{\"@type\":\"ImageObject\",\"inLanguage\":\"de\",\"@id\":\"https:\\\/\\\/airporttelecom.com\\\/de\\\/#\\\/schema\\\/logo\\\/image\\\/\",\"url\":\"https:\\\/\\\/airporttelecom.com\\\/de\\\/wp-content\\\/uploads\\\/sites\\\/6\\\/2024\\\/06\\\/icon.png?wsr\",\"contentUrl\":\"https:\\\/\\\/airporttelecom.com\\\/de\\\/wp-content\\\/uploads\\\/sites\\\/6\\\/2024\\\/06\\\/icon.png?wsr\",\"width\":110,\"height\":110,\"caption\":\"Airport Telecom\"},\"image\":{\"@id\":\"https:\\\/\\\/airporttelecom.com\\\/de\\\/#\\\/schema\\\/logo\\\/image\\\/\"}}]}<\/script>\n<!-- \/ Yoast SEO Premium plugin. -->","yoast_head_json":{"title":"Datenschutzbestimmungen - Airport Telecom DE","robots":{"index":"index","follow":"follow","max-snippet":"max-snippet:-1","max-image-preview":"max-image-preview:large","max-video-preview":"max-video-preview:-1"},"canonical":"https:\/\/airporttelecom.com\/de\/datenschutzbestimmungen\/","og_locale":"de_DE","og_type":"article","og_title":"Datenschutzbestimmungen","og_description":"Airport Telecom Online bv verarbeitet personenbezogene Daten. Diese Datenschutzerkl\u00e4rungerl\u00e4utert, welche Daten Airport Telecom Online bv verarbeitet und warumes dies tut..","og_url":"https:\/\/airporttelecom.com\/de\/datenschutzbestimmungen\/","og_site_name":"Airport Telecom DE","article_modified_time":"2025-04-23T13:22:57+00:00","twitter_card":"summary_large_image","twitter_misc":{"Gesch\u00e4tzte Lesezeit":"3\u00a0Minuten"},"schema":{"@context":"https:\/\/schema.org","@graph":[{"@type":"WebPage","@id":"https:\/\/airporttelecom.com\/de\/datenschutzbestimmungen\/","url":"https:\/\/airporttelecom.com\/de\/datenschutzbestimmungen\/","name":"Datenschutzbestimmungen - Airport Telecom DE","isPartOf":{"@id":"https:\/\/airporttelecom.com\/de\/#website"},"datePublished":"2024-06-13T07:53:12+00:00","dateModified":"2025-04-23T13:22:57+00:00","breadcrumb":{"@id":"https:\/\/airporttelecom.com\/de\/datenschutzbestimmungen\/#breadcrumb"},"inLanguage":"de","potentialAction":[{"@type":"ReadAction","target":["https:\/\/airporttelecom.com\/de\/datenschutzbestimmungen\/"]}]},{"@type":"BreadcrumbList","@id":"https:\/\/airporttelecom.com\/de\/datenschutzbestimmungen\/#breadcrumb","itemListElement":[{"@type":"ListItem","position":1,"name":"Home","item":"https:\/\/airporttelecom.com\/de\/"},{"@type":"ListItem","position":2,"name":"Datenschutzbestimmungen"}]},{"@type":"WebSite","@id":"https:\/\/airporttelecom.com\/de\/#website","url":"https:\/\/airporttelecom.com\/de\/","name":"Airport Telecom","description":"","publisher":{"@id":"https:\/\/airporttelecom.com\/de\/#organization"},"potentialAction":[{"@type":"SearchAction","target":{"@type":"EntryPoint","urlTemplate":"https:\/\/airporttelecom.com\/de\/?s={search_term_string}"},"query-input":{"@type":"PropertyValueSpecification","valueRequired":true,"valueName":"search_term_string"}}],"inLanguage":"de"},{"@type":"Organization","@id":"https:\/\/airporttelecom.com\/de\/#organization","name":"Airport Telecom","url":"https:\/\/airporttelecom.com\/de\/","logo":{"@type":"ImageObject","inLanguage":"de","@id":"https:\/\/airporttelecom.com\/de\/#\/schema\/logo\/image\/","url":"https:\/\/airporttelecom.com\/de\/wp-content\/uploads\/sites\/6\/2024\/06\/icon.png?wsr","contentUrl":"https:\/\/airporttelecom.com\/de\/wp-content\/uploads\/sites\/6\/2024\/06\/icon.png?wsr","width":110,"height":110,"caption":"Airport Telecom"},"image":{"@id":"https:\/\/airporttelecom.com\/de\/#\/schema\/logo\/image\/"}}]}},"_links":{"self":[{"href":"https:\/\/airporttelecom.com\/de\/wp-json\/wp\/v2\/pages\/3","targetHints":{"allow":["GET"]}}],"collection":[{"href":"https:\/\/airporttelecom.com\/de\/wp-json\/wp\/v2\/pages"}],"about":[{"href":"https:\/\/airporttelecom.com\/de\/wp-json\/wp\/v2\/types\/page"}],"author":[{"embeddable":true,"href":"https:\/\/airporttelecom.com\/de\/wp-json\/wp\/v2\/users\/1"}],"replies":[{"embeddable":true,"href":"https:\/\/airporttelecom.com\/de\/wp-json\/wp\/v2\/comments?post=3"}],"version-history":[{"count":4,"href":"https:\/\/airporttelecom.com\/de\/wp-json\/wp\/v2\/pages\/3\/revisions"}],"predecessor-version":[{"id":3107,"href":"https:\/\/airporttelecom.com\/de\/wp-json\/wp\/v2\/pages\/3\/revisions\/3107"}],"wp:attachment":[{"href":"https:\/\/airporttelecom.com\/de\/wp-json\/wp\/v2\/media?parent=3"}],"curies":[{"name":"wp","href":"https:\/\/api.w.org\/{rel}","templated":true}]}}