{"id":138,"date":"2024-06-13T12:06:02","date_gmt":"2024-06-13T12:06:02","guid":{"rendered":"https:\/\/airporttelecom.outperforming.nl\/nl\/?post_type=product&#038;p=138"},"modified":"2025-04-23T12:01:21","modified_gmt":"2025-04-23T12:01:21","slug":"esim-albanien","status":"publish","type":"product","link":"https:\/\/airporttelecom.com\/de\/esim\/albanien\/","title":{"rendered":"eSIM Albanien"},"content":{"rendered":"","protected":false},"excerpt":{"rendered":"<p>De Unlimited simkaart USA biedt naast onbeperkt data en bellen in de USA een uitstekende landelijke dekking via de 4G en 5G netwerken van T-Mobile, \u00e9\u00e9n van de grootste Amerikaanse providers.<\/p>\n","protected":false},"featured_media":1046,"comment_status":"open","ping_status":"closed","template":"","meta":{"_acf_changed":false},"product_brand":[],"product_cat":[16],"product_tag":[22],"class_list":{"0":"post-138","1":"product","2":"type-product","3":"status-publish","4":"has-post-thumbnail","6":"product_cat-esim","7":"product_tag-esim-europa","9":"first","10":"instock","11":"taxable","12":"shipping-taxable","13":"purchasable","14":"product-type-variable","15":"has-default-attributes"},"acf":{"gebied_afbeelding":813,"vlag_afbeelding":141,"provider":["NEX"],"product_synoniemen":null,"product_bestel_velden":["vertrekdatum"],"product_omschrijving":"<h2><span>Mobilfunkabdeckung mit einer eSIM f\u00fcr Albanien<\/span><\/h2>\n\n\n<p><span>Mit einer Prepaid eSIM Albanien von Airport Telecom k\u00f6nnen Sie mobiles Internet in ganz Albanien nutzen. Sie k\u00f6nnen aus verschiedenen Daten- und Gespr\u00e4chspaketen w\u00e4hlen. Diese Pakete eignen sich hervorragend f\u00fcr die Internetnutzung und erm\u00f6glichen Ihnen den Zugang zu E-Mail, Whatsapp, Navigation und anderen Internetanwendungen \u00fcber eine schnelle 4G\/5G-Verbindung.<\/span><\/p>\n\n\n<h2><span>Daten auf Reisen in Albanien<\/span><\/h2>\n\n\n<p><span>Die eSIM f\u00fcr Albanien wird mit einem 10GB und Unlimited Datenpaket geliefert. Jede eSIM hat eine eigene Telefonnummer, \u00fcber die Sie kostenlose Anrufe in Albanien empfangen k\u00f6nnen. Sowohl die 10GB als auch die Unlimited eSIM f\u00fcr Albanien beinhalten Anrufe innerhalb Albaniens. <\/span><\/p>\n\n\n<h2><span>Whatsapp mit eSIM Albanien<\/span><\/h2>\n\n\n<p><span>Alle Anrufe, die \u00fcber das Internet laufen, wie z.B. mit Whatsapp, Skype und FaceTime sind nat\u00fcrlich auch mit den eSIMs f\u00fcr Albanien m\u00f6glich Sie nutzen dann das Datenpaket auf der eSIM. Whatsapp k\u00f6nnen Sie weiterhin mit Ihren eigenen Kontakten, Gruppen und Chats nutzen. Nach dem Einlegen einer Prepaid-eSIM fragt Whatsapp m\u00f6glicherweise, ob Sie eine neue Identit\u00e4t erstellen m\u00f6chten oder ob alles so bleiben soll, wie es war. W\u00e4hlen Sie in diesem Fall Letzteres, dann \u00e4ndert sich nichts. Sie k\u00f6nnen dann wie gewohnt mit Whatsapp Nachrichten versenden und Anrufe t\u00e4tigen.<\/span><\/p>\n\n\n<h2><span>Abdeckung in Albanien<\/span><\/h2>\n\n\n<p><span>Die Abdeckung der Mobilfunknetze ist in Albanien im Allgemeinen sehr gut. Das gilt vor allem f\u00fcr die gro\u00dfen St\u00e4dte wie Tirana. In sehr abgelegenen Naturgebieten kann die Netzabdeckung etwas schlechter sein. Ansonsten gibt es in allen D\u00f6rfern und St\u00e4dten eine gute Netzabdeckung mit der eSim f\u00fcr Albanien.<\/span><\/p>\n\n\n<h2>eSIM Albanien schnell per E-Mail erhalten<\/h2>.\n\n\n<p>Sie erhalten die eSIM Albanien nach der Bestellung bei uns per E-Mail. Ganz einfach und auch m\u00f6glich, wenn Sie bereits in Albanien sind oder sehr kurzfristig abreisen.<\/p>","product_specificaties":"<h2><span>Vorteile eSIM Albanien<\/span><\/h2>\n\n\n<p><span>Die eSIM Albanien ist f\u00fcr Tethering geeignet und kann daher auch f\u00fcr Hotspot und MIFI genutzt werden.<\/span><\/p>\n\n\n<p><span>Die eSIM f\u00fcr Albanien wird Ihnen per E-Mail zugesandt. Es handelt sich um einen QR-Code, der mit dem Telefon eingescannt werden muss. Das geht also auch, wenn man schon in Albanien ist oder sehr kurzfristig abreist.<\/span><\/p>\n\n\n<p><span>Der Vorteil der eSIM-Variante ist, dass Sie Ihren Datenverkehr in Albanien \u00fcber das Prepaid-Datenpaket laufen lassen k\u00f6nnen und gleichzeitig dort unter Ihrer eigenen Handynummer erreichbar bleiben.<\/span><\/p>\n\n\n<p><span>eSIM kann nur in Handys verwendet werden, die daf\u00fcr geeignet sind. Pr\u00fcfen Sie dies sorgf\u00e4ltig, bevor Sie sich f\u00fcr eine eSIM entscheiden. eSIM kann ohnehin in iPhone XS, XS Max, XR, iPhone 11 und h\u00f6her verwendet werden.<\/span><\/p>\n\n\n<h2><span>Daten &amp; Telefonieren in Albanien<\/span><\/h2>\n\n\n<p><span>Es gibt zwei Varianten der eSIM Albanien:<\/span><\/p>\n\n\n<p><span>10GB Daten 59\u20ac<\/span><\/p>.\n\n\n<p><span>Inkl. 10GB Daten<\/span><\/p>\n\n\n<p><span>Inkl. 500 Ortsgespr\u00e4chsminuten<\/span><\/p>\n\n\n<p><span>Unbegrenzte Daten \u20ac 89,= *<\/span><\/p>\n\n\n<p><span>Inkl. unbegrenzte Daten *<\/span><\/p>\n\n\n<p><span>Inkl. unbegrenzte Ortsgespr\u00e4chsminuten<\/span><\/p>.\n\n\n<p><span>Die Datenpakete sind nach Aktivierung 30 Tage lang g\u00fcltig.<\/span><\/p>\n\n\n<p><span>*) Es gibt eine Fair Use Policy. <\/span><span>Bei extremer Datennutzung oder extremem Gespr\u00e4chsverhalten kann die Leistungsf\u00e4higkeit der Sim durch den Anbieter eingeschr\u00e4nkt werden.<\/span><\/p>","product_handleiding":"<h2><span>Wie installiere ich die eSim Albania in meinem Telefon?<\/span><\/h2>\n\n\n<p><span>\u00d6ffnen Sie den Schieberegler an der Seite des Telefons. Sie k\u00f6nnen dies mit dem Stift tun, der mit dem Telefon geliefert wurde. Wenn Sie diesen nicht haben, k\u00f6nnen Sie ihn durch Biegen einer B\u00fcroklammer herstellen. Die Airport Telecom eSim wird auch mit einem zus\u00e4tzlichen Stift geliefert.<\/span><\/p>\n\n\n<p><span>Entferne deine eigene eSim und bewahre sie gut auf! Setzen Sie nun die neue eSim ein. Es gibt nur eine M\u00f6glichkeit, dies zu tun. Vielleicht haben Sie ein Telefon, das mehrere eSim aufnehmen kann. Dann legen Sie die neue eSim wie eine zus\u00e4tzliche Karte ein.<\/span><\/p>\n\n\n<p><span>Schieben Sie nun den eSim-Schieber zur\u00fcck in das Telefon. Sie sollten nun in der Lage sein, die neue SIM-Karte automatisch zu verwenden. Das Telefon fordert Sie m\u00f6glicherweise auf, einige zus\u00e4tzliche Einstellungen vorzunehmen.<\/span><\/p>","product_veelgestelde_vragen":[{"vraag":"Welches eSim soll in Albanien verwendet werden?","antwoord":"F\u00fcr einen kurzen Aufenthalt von ein paar Tagen ben\u00f6tigen Sie wahrscheinlich nicht so viele Daten. Das 10-GB-Datenpaket f\u00fcr Albanien kann dann ausreichend sein. Anwendungen wie Whatsapp, Instagram und Navigation verbrauchen nicht viele Daten. Wenn Sie l\u00e4nger bleiben, k\u00f6nnte es sinnvoll sein, sich f\u00fcr Unlimited zu entscheiden, damit Sie auf jeden Fall genug Daten haben. Die Unlimited eSim bietet auch unbegrenzte Anrufe innerhalb Albaniens."},{"vraag":"Wo kann man eine eSim f\u00fcr Albanien kaufen?","antwoord":"Kaufen Sie eine eSim f\u00fcr Albanien bei Airport Telecom Schiphol. Sie k\u00f6nnen sie im Gesch\u00e4ft abholen. Oder bestellen Sie online und die eSim wird Ihnen kostenlos nach Hause geliefert."}]},"yoast_head":"<!-- This site is optimized with the Yoast SEO Premium plugin v24.4 (Yoast SEO v27.3) - https:\/\/yoast.com\/product\/yoast-seo-premium-wordpress\/ -->\n<title>eSIM Albanien kaufen f\u00fcr prepaid (unbegrenzt) telefonieren und internet - Airport Telecom DE<\/title>\n<meta name=\"description\" content=\"Auf der Suche nach einem Prepaid eSIM Albanien f\u00fcr (unbegrenzte) Anrufe und Internet? Optimale Erreichbarkeit auf Reisen in eSIM Europa. Jetzt im Verkauf bei !\" \/>\n<meta name=\"robots\" content=\"index, follow, max-snippet:-1, max-image-preview:large, max-video-preview:-1\" \/>\n<link rel=\"canonical\" href=\"https:\/\/airporttelecom.com\/de\/esim\/albanien\/\" \/>\n<meta property=\"og:locale\" content=\"de_DE\" \/>\n<meta property=\"og:type\" content=\"article\" \/>\n<meta property=\"og:title\" content=\"eSIM Albanien\" \/>\n<meta property=\"og:description\" content=\"Auf der Suche nach einem Prepaid eSIM Albanien f\u00fcr (unbegrenzte) Anrufe und Internet? Optimale Erreichbarkeit auf Reisen in eSIM Europa. Jetzt im Verkauf bei !\" \/>\n<meta property=\"og:url\" content=\"https:\/\/airporttelecom.com\/de\/esim\/albanien\/\" \/>\n<meta property=\"og:site_name\" content=\"Airport Telecom DE\" \/>\n<meta property=\"article:modified_time\" content=\"2025-04-23T12:01:21+00:00\" \/>\n<meta property=\"og:image\" content=\"https:\/\/airporttelecom.com\/de\/wp-content\/uploads\/sites\/6\/2024\/06\/Simkaart-Albania.png?wsr\" \/>\n\t<meta property=\"og:image:width\" content=\"800\" \/>\n\t<meta property=\"og:image:height\" content=\"316\" \/>\n\t<meta property=\"og:image:type\" content=\"image\/png\" \/>\n<meta name=\"twitter:card\" content=\"summary_large_image\" \/>\n<meta name=\"twitter:label1\" content=\"Gesch\u00e4tzte Lesezeit\" \/>\n\t<meta name=\"twitter:data1\" content=\"1\u00a0Minute\" \/>\n<script type=\"application\/ld+json\" class=\"yoast-schema-graph\">{\"@context\":\"https:\\\/\\\/schema.org\",\"@graph\":[{\"@type\":\"WebPage\",\"@id\":\"https:\\\/\\\/airporttelecom.com\\\/de\\\/esim\\\/albanien\\\/\",\"url\":\"https:\\\/\\\/airporttelecom.com\\\/de\\\/esim\\\/albanien\\\/\",\"name\":\"eSIM Albanien kaufen f\u00fcr prepaid (unbegrenzt) telefonieren und internet - Airport Telecom DE\",\"isPartOf\":{\"@id\":\"https:\\\/\\\/airporttelecom.com\\\/de\\\/#website\"},\"primaryImageOfPage\":{\"@id\":\"https:\\\/\\\/airporttelecom.com\\\/de\\\/esim\\\/albanien\\\/#primaryimage\"},\"image\":{\"@id\":\"https:\\\/\\\/airporttelecom.com\\\/de\\\/esim\\\/albanien\\\/#primaryimage\"},\"thumbnailUrl\":\"https:\\\/\\\/airporttelecom.com\\\/de\\\/wp-content\\\/uploads\\\/sites\\\/6\\\/2024\\\/06\\\/Simkaart-Albania.png\",\"datePublished\":\"2024-06-13T12:06:02+00:00\",\"dateModified\":\"2025-04-23T12:01:21+00:00\",\"description\":\"Auf der Suche nach einem Prepaid eSIM Albanien f\u00fcr (unbegrenzte) Anrufe und Internet? Optimale Erreichbarkeit auf Reisen in eSIM Europa. Jetzt im Verkauf bei !\",\"breadcrumb\":{\"@id\":\"https:\\\/\\\/airporttelecom.com\\\/de\\\/esim\\\/albanien\\\/#breadcrumb\"},\"inLanguage\":\"de\",\"potentialAction\":[{\"@type\":\"ReadAction\",\"target\":[\"https:\\\/\\\/airporttelecom.com\\\/de\\\/esim\\\/albanien\\\/\"]}]},{\"@type\":\"ImageObject\",\"inLanguage\":\"de\",\"@id\":\"https:\\\/\\\/airporttelecom.com\\\/de\\\/esim\\\/albanien\\\/#primaryimage\",\"url\":\"https:\\\/\\\/airporttelecom.com\\\/de\\\/wp-content\\\/uploads\\\/sites\\\/6\\\/2024\\\/06\\\/Simkaart-Albania.png\",\"contentUrl\":\"https:\\\/\\\/airporttelecom.com\\\/de\\\/wp-content\\\/uploads\\\/sites\\\/6\\\/2024\\\/06\\\/Simkaart-Albania.png\",\"width\":800,\"height\":316,\"caption\":\"SIM-Karte Albanien\"},{\"@type\":\"BreadcrumbList\",\"@id\":\"https:\\\/\\\/airporttelecom.com\\\/de\\\/esim\\\/albanien\\\/#breadcrumb\",\"itemListElement\":[{\"@type\":\"ListItem\",\"position\":1,\"name\":\"Home\",\"item\":\"https:\\\/\\\/airporttelecom.com\\\/de\\\/\"},{\"@type\":\"ListItem\",\"position\":2,\"name\":\"eSIM\",\"item\":\"https:\\\/\\\/airporttelecom.com\\\/de\\\/esim\\\/\"},{\"@type\":\"ListItem\",\"position\":3,\"name\":\"Albanien\"}]},{\"@type\":\"WebSite\",\"@id\":\"https:\\\/\\\/airporttelecom.com\\\/de\\\/#website\",\"url\":\"https:\\\/\\\/airporttelecom.com\\\/de\\\/\",\"name\":\"Airport Telecom\",\"description\":\"\",\"publisher\":{\"@id\":\"https:\\\/\\\/airporttelecom.com\\\/de\\\/#organization\"},\"potentialAction\":[{\"@type\":\"SearchAction\",\"target\":{\"@type\":\"EntryPoint\",\"urlTemplate\":\"https:\\\/\\\/airporttelecom.com\\\/de\\\/?s={search_term_string}\"},\"query-input\":{\"@type\":\"PropertyValueSpecification\",\"valueRequired\":true,\"valueName\":\"search_term_string\"}}],\"inLanguage\":\"de\"},{\"@type\":\"Organization\",\"@id\":\"https:\\\/\\\/airporttelecom.com\\\/de\\\/#organization\",\"name\":\"Airport Telecom\",\"url\":\"https:\\\/\\\/airporttelecom.com\\\/de\\\/\",\"logo\":{\"@type\":\"ImageObject\",\"inLanguage\":\"de\",\"@id\":\"https:\\\/\\\/airporttelecom.com\\\/de\\\/#\\\/schema\\\/logo\\\/image\\\/\",\"url\":\"https:\\\/\\\/airporttelecom.com\\\/de\\\/wp-content\\\/uploads\\\/sites\\\/6\\\/2024\\\/06\\\/icon.png?wsr\",\"contentUrl\":\"https:\\\/\\\/airporttelecom.com\\\/de\\\/wp-content\\\/uploads\\\/sites\\\/6\\\/2024\\\/06\\\/icon.png?wsr\",\"width\":110,\"height\":110,\"caption\":\"Airport Telecom\"},\"image\":{\"@id\":\"https:\\\/\\\/airporttelecom.com\\\/de\\\/#\\\/schema\\\/logo\\\/image\\\/\"}}]}<\/script>\n<!-- \/ Yoast SEO Premium plugin. -->","yoast_head_json":{"title":"eSIM Albanien kaufen f\u00fcr prepaid (unbegrenzt) telefonieren und internet - Airport Telecom DE","description":"Auf der Suche nach einem Prepaid eSIM Albanien f\u00fcr (unbegrenzte) Anrufe und Internet? Optimale Erreichbarkeit auf Reisen in eSIM Europa. Jetzt im Verkauf bei !","robots":{"index":"index","follow":"follow","max-snippet":"max-snippet:-1","max-image-preview":"max-image-preview:large","max-video-preview":"max-video-preview:-1"},"canonical":"https:\/\/airporttelecom.com\/de\/esim\/albanien\/","og_locale":"de_DE","og_type":"article","og_title":"eSIM Albanien","og_description":"Auf der Suche nach einem Prepaid eSIM Albanien f\u00fcr (unbegrenzte) Anrufe und Internet? Optimale Erreichbarkeit auf Reisen in eSIM Europa. Jetzt im Verkauf bei !","og_url":"https:\/\/airporttelecom.com\/de\/esim\/albanien\/","og_site_name":"Airport Telecom DE","article_modified_time":"2025-04-23T12:01:21+00:00","og_image":[{"width":800,"height":316,"url":"https:\/\/airporttelecom.com\/de\/wp-content\/uploads\/sites\/6\/2024\/06\/Simkaart-Albania.png?wsr","type":"image\/png"}],"twitter_card":"summary_large_image","twitter_misc":{"Gesch\u00e4tzte Lesezeit":"1\u00a0Minute"},"schema":{"@context":"https:\/\/schema.org","@graph":[{"@type":"WebPage","@id":"https:\/\/airporttelecom.com\/de\/esim\/albanien\/","url":"https:\/\/airporttelecom.com\/de\/esim\/albanien\/","name":"eSIM Albanien kaufen f\u00fcr prepaid (unbegrenzt) telefonieren und internet - Airport Telecom DE","isPartOf":{"@id":"https:\/\/airporttelecom.com\/de\/#website"},"primaryImageOfPage":{"@id":"https:\/\/airporttelecom.com\/de\/esim\/albanien\/#primaryimage"},"image":{"@id":"https:\/\/airporttelecom.com\/de\/esim\/albanien\/#primaryimage"},"thumbnailUrl":"https:\/\/airporttelecom.com\/de\/wp-content\/uploads\/sites\/6\/2024\/06\/Simkaart-Albania.png","datePublished":"2024-06-13T12:06:02+00:00","dateModified":"2025-04-23T12:01:21+00:00","description":"Auf der Suche nach einem Prepaid eSIM Albanien f\u00fcr (unbegrenzte) Anrufe und Internet? Optimale Erreichbarkeit auf Reisen in eSIM Europa. Jetzt im Verkauf bei !","breadcrumb":{"@id":"https:\/\/airporttelecom.com\/de\/esim\/albanien\/#breadcrumb"},"inLanguage":"de","potentialAction":[{"@type":"ReadAction","target":["https:\/\/airporttelecom.com\/de\/esim\/albanien\/"]}]},{"@type":"ImageObject","inLanguage":"de","@id":"https:\/\/airporttelecom.com\/de\/esim\/albanien\/#primaryimage","url":"https:\/\/airporttelecom.com\/de\/wp-content\/uploads\/sites\/6\/2024\/06\/Simkaart-Albania.png","contentUrl":"https:\/\/airporttelecom.com\/de\/wp-content\/uploads\/sites\/6\/2024\/06\/Simkaart-Albania.png","width":800,"height":316,"caption":"SIM-Karte Albanien"},{"@type":"BreadcrumbList","@id":"https:\/\/airporttelecom.com\/de\/esim\/albanien\/#breadcrumb","itemListElement":[{"@type":"ListItem","position":1,"name":"Home","item":"https:\/\/airporttelecom.com\/de\/"},{"@type":"ListItem","position":2,"name":"eSIM","item":"https:\/\/airporttelecom.com\/de\/esim\/"},{"@type":"ListItem","position":3,"name":"Albanien"}]},{"@type":"WebSite","@id":"https:\/\/airporttelecom.com\/de\/#website","url":"https:\/\/airporttelecom.com\/de\/","name":"Airport Telecom","description":"","publisher":{"@id":"https:\/\/airporttelecom.com\/de\/#organization"},"potentialAction":[{"@type":"SearchAction","target":{"@type":"EntryPoint","urlTemplate":"https:\/\/airporttelecom.com\/de\/?s={search_term_string}"},"query-input":{"@type":"PropertyValueSpecification","valueRequired":true,"valueName":"search_term_string"}}],"inLanguage":"de"},{"@type":"Organization","@id":"https:\/\/airporttelecom.com\/de\/#organization","name":"Airport Telecom","url":"https:\/\/airporttelecom.com\/de\/","logo":{"@type":"ImageObject","inLanguage":"de","@id":"https:\/\/airporttelecom.com\/de\/#\/schema\/logo\/image\/","url":"https:\/\/airporttelecom.com\/de\/wp-content\/uploads\/sites\/6\/2024\/06\/icon.png?wsr","contentUrl":"https:\/\/airporttelecom.com\/de\/wp-content\/uploads\/sites\/6\/2024\/06\/icon.png?wsr","width":110,"height":110,"caption":"Airport Telecom"},"image":{"@id":"https:\/\/airporttelecom.com\/de\/#\/schema\/logo\/image\/"}}]}},"_links":{"self":[{"href":"https:\/\/airporttelecom.com\/de\/wp-json\/wp\/v2\/product\/138","targetHints":{"allow":["GET"]}}],"collection":[{"href":"https:\/\/airporttelecom.com\/de\/wp-json\/wp\/v2\/product"}],"about":[{"href":"https:\/\/airporttelecom.com\/de\/wp-json\/wp\/v2\/types\/product"}],"replies":[{"embeddable":true,"href":"https:\/\/airporttelecom.com\/de\/wp-json\/wp\/v2\/comments?post=138"}],"wp:featuredmedia":[{"embeddable":true,"href":"https:\/\/airporttelecom.com\/de\/wp-json\/wp\/v2\/media\/1046"}],"wp:attachment":[{"href":"https:\/\/airporttelecom.com\/de\/wp-json\/wp\/v2\/media?parent=138"}],"wp:term":[{"taxonomy":"product_brand","embeddable":true,"href":"https:\/\/airporttelecom.com\/de\/wp-json\/wp\/v2\/product_brand?post=138"},{"taxonomy":"product_cat","embeddable":true,"href":"https:\/\/airporttelecom.com\/de\/wp-json\/wp\/v2\/product_cat?post=138"},{"taxonomy":"product_tag","embeddable":true,"href":"https:\/\/airporttelecom.com\/de\/wp-json\/wp\/v2\/product_tag?post=138"}],"curies":[{"name":"wp","href":"https:\/\/api.w.org\/{rel}","templated":true}]}}