{"id":1396,"date":"2024-09-12T10:51:02","date_gmt":"2024-09-12T10:51:02","guid":{"rendered":"https:\/\/airporttelecom.outperforming.nl\/nl\/product\/esim-verenigde-staten\/"},"modified":"2026-02-16T14:21:10","modified_gmt":"2026-02-16T14:21:10","slug":"esim-amerika","status":"publish","type":"product","link":"https:\/\/airporttelecom.com\/de\/esim\/amerika\/","title":{"rendered":"eSIM Amerika"},"content":{"rendered":"","protected":false},"excerpt":{"rendered":"","protected":false},"featured_media":1174,"comment_status":"open","ping_status":"closed","template":"","meta":{"_acf_changed":false},"product_brand":[],"product_cat":[16],"product_tag":[46],"class_list":{"0":"post-1396","1":"product","2":"type-product","3":"status-publish","4":"has-post-thumbnail","6":"product_cat-esim","7":"product_tag-esim-nordamerika","9":"first","10":"instock","11":"taxable","12":"shipping-taxable","13":"purchasable","14":"product-type-variable","15":"has-default-attributes"},"acf":{"gebied_afbeelding":1885,"vlag_afbeelding":922,"provider":["BIC"],"product_synoniemen":[{"synoniem":"USA"},{"synoniem":"Vereinigte Staaten"},{"synoniem":"New York"},{"synoniem":"United States"}],"product_bestel_velden":"","product_omschrijving":"<h2>Mobiles Internet in Amerika mit eSIM USA<\/h2>\r\nMit der Unlimited eSIM America von Airport Telecom k\u00f6nnen Sie das mobile Internet in den gesamten USA nutzen. Die eSIM ist sehr gut f\u00fcr die Internetnutzung geeignet und erm\u00f6glicht den Zugang zu E-Mail, Whatsapp, Navigation und anderen Internetanwendungen \u00fcber eine schnelle 4G\/5G-Verbindung. W\u00e4hlen Sie, wie lange Sie das Unlimited-Bundle ben\u00f6tigen: 7 Tage, 14 Tage oder 30 Tage.\r\n<h2>Bundles f\u00fcr Daten auf Reisen in Amerika<\/h2>\r\nDie eSIMs f\u00fcr Amerika kommen mit einem Unlimited Datenpaket f\u00fcr 7, 14 und 30 Tage:\r\n<h3>Unbegrenzte eSIM Amerika 7 Tage, \u20ac 23,=<\/h3>\r\n<h3>Unbegrenzte eSIM Amerika 14 Tage, \u20ac 43,=<\/h3>\r\n<h3>Unbegrenzte eSIM Amerika 30 Tage, \u20ac 69,=<\/h3>\r\n<span lang=\"de\">(*) Bitte beachten Sie die Fair-Use-Richtlinie.\u00a0Bei \u00fcberm\u00e4\u00dfigem Datenverbrauch kann der Anbieter die Leistung der (e)SIM einschr\u00e4nken.\u00a0Die Fair-Use-Richtlinie geht von einem eindeutigen Bennutzer pro (e)SIM aus.\u00a0Die normale Nutzung f\u00fcr Navigation, E-Mail, Suchen im Internet, WhatsApp-Nachrichten, WhatsApp-Anrufe und Apps wie Instagram und Snapcaht aktiviert die Fair-Use-Richtlinie nicht.\u00a0Dies kann jedoch bei extremer Nutzung von,\u00a0<\/span><span lang=\"de\">beispielsweise,<\/span><span lang=\"de\">\u00a0YouTube, TikTok, Streaming-Diensten wie Netflix und Online-TV der Fall sein, insbesondere wenn mehrere Personen die Verbindung \u00fcber einen Hotspot oder Router teilen.\u00a0Bei Verst\u00f6\u00dfen gegen die Fair-Use-Richtlinie werden keine R\u00fcckerstattungen gew\u00e4hrt.<\/span>\r\n\r\nDie eSIMs f\u00fcr Amerika haben eine hervorragende landesweite Abdeckung \u00fcber die 4G- und 5G-Netze von AT&amp;T und T-Mobile. In den Vereinigten Staaten ist keine Benutzerregistrierung erforderlich. Nach der Ankunft in Amerika beginnt das Internet automatisch zu funktionieren. Die eSIM America ist tethering-f\u00e4hig, kann also auch f\u00fcr Hotspot und MIFI genutzt werden.\r\n<h2>Whatsapp mit eSIM Amerika<\/h2>\r\nMit der US eSIM k\u00f6nnen Sie alle Apps auf Ihrem Telefon wie gewohnt weiter nutzen. Das gilt auch f\u00fcr Whatsapp. Sobald WhatsApp erkennt, dass sich eine andere eSIM in Ihrem Telefon befindet, fragt Whatsapp, ob Sie ein neues Konto erstellen m\u00f6chten oder ob alles so bleiben soll wie bisher. Wenn Sie Letzteres w\u00e4hlen, \u00e4ndert sich bei Whatsapp \u00fcberhaupt nichts. Sie behalten dann einfach Ihre bestehende WhatsApp-Identit\u00e4t mit allen Kontakten, Gruppen und Chats. Sie k\u00f6nnen auch mit Whatsapp telefonieren, da Sie das Datenpaket auf der eSIM nutzen.\r\n<h2>Abdeckung mit Telefon in Amerika<\/h2>\r\nDa die Unlimited eSIM die US-Netze von AT&amp;T und T-Mobile nutzt, ist die Mobilfunkabdeckung sehr gut. Das Senden von Fotos vom Broadway oder Central Park in New York ist m\u00fchelos m\u00f6glich. Mit der Navigation des iPhones oder Android-Telefons lassen sich die Hollywood Studios oder die Golden Gate Bridge in San Francisco leicht finden. Es sei jedoch darauf hingewiesen, dass Amerika ein riesiges Land ist, in dem es auch gro\u00dfe abgelegene Gebiete wie die Rocky Mountains und Nationalparks wie den Sequoia gibt. Dort funktionieren die Mobilfunknetze oft nicht, weil dort kaum Menschen leben. In Las Vegas ist die Netzabdeckung perfekt, aber wenn man sich in der N\u00e4he in die Mojave-W\u00fcste begibt, wird man wahrscheinlich nicht erreichbar sein mit Whatsap, weil die W\u00fcste zu abgelegen ist. \u00dcberall in den normalen bewohnten amerikanischen St\u00e4dten, vom Sunset Boulevard bis Dallas und von Seatte bis Houston, l\u00e4sst sich das Handy mit eSIM hervorragend f\u00fcr Internet nutzen.\r\n<h2>eSIM Amerika schnell per E-Mail erhalten<\/h2>\r\nSie erhalten die eSIM Amerika nach der Bestellung bei uns per Email. Ganz einfach und auch m\u00f6glich, wenn Sie bereits in Amerika sind oder sehr kurzfristig abreisen.","product_specificaties":"<h2>Vorteile der eSIM Amerika<\/h2>\r\n<ul>\r\n \t<li>Die eSIM USA ist f\u00fcr Tethering geeignet und kann somit auch f\u00fcr Hotspots und MIFI genutzt werden.<\/li>\r\n \t<li>Sie erhalten die eSIM f\u00fcr Amerika per E-Mail. Es handelt sich um einen QR-Code, der mit dem Smartphone gescannt werden muss. Dies ist auch m\u00f6glich, wenn Sie sich bereits in Amerika befinden oder kurzfristig abreisen.<\/li>\r\n \t<li>Der Vorteil der eSIM-Variante: Sie k\u00f6nnen Ihren Datenverkehr in Amerika \u00fcber das Prepaid-Datenpaket nutzen und bleiben dort gleichzeitig unter Ihrer eigenen Mobilfunknummer erreichbar wenn Sie wollen.<\/li>\r\n \t<li>Die eSIM kann nur in daf\u00fcr geeigneten Smartphones verwendet werden. Pr\u00fcfen Sie dies sorgf\u00e4ltig, bevor Sie sich f\u00fcr eine eSIM entscheiden. Die eSIM ist in iPhone XS, XS Max, XR, iPhone 11, 12, 13, 14, 15, 16 und h\u00f6her kompatibel. Wenn Ihr Handy keine m\u00f6glichkeit f\u00fcr eSIM hat, w\u00e4hlen Sie die normale physische SIM-Karte Amerika.<\/li>\r\n<\/ul>\r\n<h2><strong>\r\nInternet mit eSIM Amerika<\/strong><\/h2>\r\nEs gibt drei Varianten der eSIM Amerika:\r\n<h3>Unbegrenzte eSIM Amerika 7 Tage, 23 \u20ac<\/h3>\r\nUnbegrenztes Datenvolumen in den gesamten USA*\r\nPaket g\u00fcltig f\u00fcr 7 Tage. Aufladen m\u00f6glich \u00fcber diese Website.\r\n<h3>Unbegrenzte eSIM Amerika 14 Tage, 43 \u20ac<\/h3>\r\nUnbegrenztes Datenvolumen in den gesamten USA*\r\nPaket g\u00fcltig f\u00fcr 14 Tage. Aufladen m\u00f6glich \u00fcber diese Website.\r\n<h3>Unbegrenzte eSIM Amerika 30 Tage, 69 \u20ac<\/h3>\r\nUnbegrenztes Datenvolumen in den gesamten USA*\r\nPaket g\u00fcltig f\u00fcr 30 Tage. Aufladen m\u00f6glich \u00fcber diese Website.\r\n\r\n(*) Es gelten die Fair-Use-Richtlinien. Bei extremer Datennutzung kann der Anbieter in den USA die eSIM-Optionen einschr\u00e4nken.","product_handleiding":"<h2>Reisen mit eSIM America | Handbuch<\/h2>\r\n<h3>Einrichten der eSIM America<\/h3>\r\nDie Installation einer eSIM ist einfach, indem Sie den QR-Code scannen, den Sie nach der Bestellung erhalten. Scannen Sie diesen QR-Code mit Ihrem Smartphone. Die Installation l\u00e4uft dann automatisch ab. Wichtig: Zum Hinzuf\u00fcgen der eSIM ist eine funktionierende Internetverbindung erforderlich.\r\n\r\n&gt;\r\n<h3>eSIM auf dem iPhone installieren<\/h3>\r\nDie eSIM wird durch Scannen des QR-Codes installiert. Auf dem iPhone ist es am einfachsten, wenn Sie zu Einstellungen &gt; Mobile Daten &gt; eSIM hinzuf\u00fcgen gehen. Scannen Sie dann den QR-Code.\r\n<h3>eSIM auf Samsung oder anderen Android-Handys installieren<\/h3>\r\nDie eSIM wird durch Scannen des QR-Codes installiert. Gehen Sie zu Einstellungen &gt; Verbindungen &gt; SIM-Verwaltung. Tippen Sie auf eSIM hinzuf\u00fcgen und dann auf QR-Code scannen. Scannen Sie den QR-Code\r\n\r\n&gt;\r\n<h3>Handliche Tipps zur Installation von eSIM auf dem Telefon<\/h3>\r\n<ul>\r\n \t<li>Stellen Sie sicher, dass Sie w\u00e4hrend der Installation eine funktionierende Internetverbindung haben<\/li>\r\n \t<li>Schalten Sie die mobilen Daten und das Daten-Roaming auf der eSIM ein<\/li>\r\n \t<li>Bitte schalten Sie die mobilen Daten und das Daten-Roaming auf der Heim-SIM korrekt aus, um hohe Datengeb\u00fchren au\u00dferhalb Europas zu vermeiden<\/li>\r\n \t<li>Der QR-Code f\u00fcr eine eSIM kann nur einmal verwendet werden. Es ist also nicht m\u00f6glich, eine eSIM in ein anderes Telefon zu verschieben<\/li>\r\n<\/ul>\r\n<h3>Kontakt bei Fragen<\/h3>\r\nBei Fragen wenden Sie sich bitte an Airport Telecom unter der Telefonnummer +31 (0) 20 6530999.\r\n<h3>Weitere Informationen<\/h3>\r\nSiehe auch unseren <a href=\"\/\/airporttelecom.com\/nl\/blog\/internet-surfen-met-esim\/\u201c\">Blog \u00fcber eSIM<\/a>","product_veelgestelde_vragen":[{"vraag":"Welches Verfahren soll in Amerika verwendet werden?","antwoord":"Mit den neuen eSIM-Paketen f\u00fcr Amerika w\u00e4hlen Sie Unlimited data f\u00fcr 7, 14 oder 30 Tage. So k\u00f6nnen Sie unbegrenzt mobiles Internet f\u00fcr Whatsapp, E-Mail, Instagram, Navigation und andere Internetanwendungen nutzen."},{"vraag":"Wo kann man einen esim f\u00fcr Amerika kaufen?","antwoord":"Kaufen Sie eine esim f\u00fcr Amerika online bei Airport Telecom. Sie erhalten die eSIM per E-Mail. Es handelt sich um einen QR-Code, den Sie mit Ihrem Telefon einscannen m\u00fcssen. Sie k\u00f6nnen dies auch tun, wenn Sie bereits in Amerika sind oder sehr kurzfristig abreisen."}]},"yoast_head":"<!-- This site is optimized with the Yoast SEO Premium plugin v24.4 (Yoast SEO v26.9) - https:\/\/yoast.com\/product\/yoast-seo-premium-wordpress\/ -->\n<title>eSIM Amerika kaufen f\u00fcr prepaid (unbegrenzt) telefonieren und internet - Airport Telecom DE<\/title>\n<meta name=\"description\" content=\"Auf der Suche nach einem Prepaid eSIM Amerika f\u00fcr (unbegrenzte) Anrufe und Internet? Optimale Erreichbarkeit auf Reisen in eSIM Nordamerika. Jetzt im Verkauf bei !\" \/>\n<meta name=\"robots\" content=\"index, follow, max-snippet:-1, max-image-preview:large, max-video-preview:-1\" \/>\n<link rel=\"canonical\" href=\"https:\/\/airporttelecom.com\/de\/esim\/amerika\/\" \/>\n<meta property=\"og:locale\" content=\"de_DE\" \/>\n<meta property=\"og:type\" content=\"article\" \/>\n<meta property=\"og:title\" content=\"eSIM Amerika\" \/>\n<meta property=\"og:description\" content=\"Auf der Suche nach einem Prepaid eSIM Amerika f\u00fcr (unbegrenzte) Anrufe und Internet? Optimale Erreichbarkeit auf Reisen in eSIM Nordamerika. Jetzt im Verkauf bei !\" \/>\n<meta property=\"og:url\" content=\"https:\/\/airporttelecom.com\/de\/esim\/amerika\/\" \/>\n<meta property=\"og:site_name\" content=\"Airport Telecom DE\" \/>\n<meta property=\"article:modified_time\" content=\"2026-02-16T14:21:10+00:00\" \/>\n<meta property=\"og:image\" content=\"https:\/\/airporttelecom.com\/de\/wp-content\/uploads\/sites\/6\/2024\/07\/Simkaart-USA.png\" \/>\n\t<meta property=\"og:image:width\" content=\"800\" \/>\n\t<meta property=\"og:image:height\" content=\"319\" \/>\n\t<meta property=\"og:image:type\" content=\"image\/png\" \/>\n<meta name=\"twitter:card\" content=\"summary_large_image\" \/>\n<meta name=\"twitter:label1\" content=\"Gesch\u00e4tzte Lesezeit\" \/>\n\t<meta name=\"twitter:data1\" content=\"1\u00a0Minute\" \/>\n<script type=\"application\/ld+json\" class=\"yoast-schema-graph\">{\"@context\":\"https:\/\/schema.org\",\"@graph\":[{\"@type\":\"WebPage\",\"@id\":\"https:\/\/airporttelecom.com\/de\/esim\/amerika\/\",\"url\":\"https:\/\/airporttelecom.com\/de\/esim\/amerika\/\",\"name\":\"eSIM Amerika kaufen f\u00fcr prepaid (unbegrenzt) telefonieren und internet - Airport Telecom DE\",\"isPartOf\":{\"@id\":\"https:\/\/airporttelecom.com\/de\/#website\"},\"primaryImageOfPage\":{\"@id\":\"https:\/\/airporttelecom.com\/de\/esim\/amerika\/#primaryimage\"},\"image\":{\"@id\":\"https:\/\/airporttelecom.com\/de\/esim\/amerika\/#primaryimage\"},\"thumbnailUrl\":\"https:\/\/airporttelecom.com\/de\/wp-content\/uploads\/sites\/6\/2024\/07\/Simkaart-USA.png\",\"datePublished\":\"2024-09-12T10:51:02+00:00\",\"dateModified\":\"2026-02-16T14:21:10+00:00\",\"description\":\"Auf der Suche nach einem Prepaid eSIM Amerika f\u00fcr (unbegrenzte) Anrufe und Internet? Optimale Erreichbarkeit auf Reisen in eSIM Nordamerika. Jetzt im Verkauf bei !\",\"breadcrumb\":{\"@id\":\"https:\/\/airporttelecom.com\/de\/esim\/amerika\/#breadcrumb\"},\"inLanguage\":\"de\",\"potentialAction\":[{\"@type\":\"ReadAction\",\"target\":[\"https:\/\/airporttelecom.com\/de\/esim\/amerika\/\"]}]},{\"@type\":\"ImageObject\",\"inLanguage\":\"de\",\"@id\":\"https:\/\/airporttelecom.com\/de\/esim\/amerika\/#primaryimage\",\"url\":\"https:\/\/airporttelecom.com\/de\/wp-content\/uploads\/sites\/6\/2024\/07\/Simkaart-USA.png\",\"contentUrl\":\"https:\/\/airporttelecom.com\/de\/wp-content\/uploads\/sites\/6\/2024\/07\/Simkaart-USA.png\",\"width\":800,\"height\":319,\"caption\":\"Vereinigte Staaten SIM-Karte\"},{\"@type\":\"BreadcrumbList\",\"@id\":\"https:\/\/airporttelecom.com\/de\/esim\/amerika\/#breadcrumb\",\"itemListElement\":[{\"@type\":\"ListItem\",\"position\":1,\"name\":\"Home\",\"item\":\"https:\/\/airporttelecom.com\/de\/\"},{\"@type\":\"ListItem\",\"position\":2,\"name\":\"eSIM\",\"item\":\"https:\/\/airporttelecom.com\/de\/esim\/\"},{\"@type\":\"ListItem\",\"position\":3,\"name\":\"Amerika\"}]},{\"@type\":\"WebSite\",\"@id\":\"https:\/\/airporttelecom.com\/de\/#website\",\"url\":\"https:\/\/airporttelecom.com\/de\/\",\"name\":\"Airport Telecom\",\"description\":\"\",\"publisher\":{\"@id\":\"https:\/\/airporttelecom.com\/de\/#organization\"},\"potentialAction\":[{\"@type\":\"SearchAction\",\"target\":{\"@type\":\"EntryPoint\",\"urlTemplate\":\"https:\/\/airporttelecom.com\/de\/?s={search_term_string}\"},\"query-input\":{\"@type\":\"PropertyValueSpecification\",\"valueRequired\":true,\"valueName\":\"search_term_string\"}}],\"inLanguage\":\"de\"},{\"@type\":\"Organization\",\"@id\":\"https:\/\/airporttelecom.com\/de\/#organization\",\"name\":\"Airport Telecom\",\"url\":\"https:\/\/airporttelecom.com\/de\/\",\"logo\":{\"@type\":\"ImageObject\",\"inLanguage\":\"de\",\"@id\":\"https:\/\/airporttelecom.com\/de\/#\/schema\/logo\/image\/\",\"url\":\"https:\/\/airporttelecom.com\/de\/wp-content\/uploads\/sites\/6\/2024\/06\/icon.png?wsr\",\"contentUrl\":\"https:\/\/airporttelecom.com\/de\/wp-content\/uploads\/sites\/6\/2024\/06\/icon.png?wsr\",\"width\":110,\"height\":110,\"caption\":\"Airport Telecom\"},\"image\":{\"@id\":\"https:\/\/airporttelecom.com\/de\/#\/schema\/logo\/image\/\"}}]}<\/script>\n<!-- \/ Yoast SEO Premium plugin. -->","yoast_head_json":{"title":"eSIM Amerika kaufen f\u00fcr prepaid (unbegrenzt) telefonieren und internet - Airport Telecom DE","description":"Auf der Suche nach einem Prepaid eSIM Amerika f\u00fcr (unbegrenzte) Anrufe und Internet? Optimale Erreichbarkeit auf Reisen in eSIM Nordamerika. Jetzt im Verkauf bei !","robots":{"index":"index","follow":"follow","max-snippet":"max-snippet:-1","max-image-preview":"max-image-preview:large","max-video-preview":"max-video-preview:-1"},"canonical":"https:\/\/airporttelecom.com\/de\/esim\/amerika\/","og_locale":"de_DE","og_type":"article","og_title":"eSIM Amerika","og_description":"Auf der Suche nach einem Prepaid eSIM Amerika f\u00fcr (unbegrenzte) Anrufe und Internet? Optimale Erreichbarkeit auf Reisen in eSIM Nordamerika. Jetzt im Verkauf bei !","og_url":"https:\/\/airporttelecom.com\/de\/esim\/amerika\/","og_site_name":"Airport Telecom DE","article_modified_time":"2026-02-16T14:21:10+00:00","og_image":[{"width":800,"height":319,"url":"https:\/\/airporttelecom.com\/de\/wp-content\/uploads\/sites\/6\/2024\/07\/Simkaart-USA.png","type":"image\/png"}],"twitter_card":"summary_large_image","twitter_misc":{"Gesch\u00e4tzte Lesezeit":"1\u00a0Minute"},"schema":{"@context":"https:\/\/schema.org","@graph":[{"@type":"WebPage","@id":"https:\/\/airporttelecom.com\/de\/esim\/amerika\/","url":"https:\/\/airporttelecom.com\/de\/esim\/amerika\/","name":"eSIM Amerika kaufen f\u00fcr prepaid (unbegrenzt) telefonieren und internet - Airport Telecom DE","isPartOf":{"@id":"https:\/\/airporttelecom.com\/de\/#website"},"primaryImageOfPage":{"@id":"https:\/\/airporttelecom.com\/de\/esim\/amerika\/#primaryimage"},"image":{"@id":"https:\/\/airporttelecom.com\/de\/esim\/amerika\/#primaryimage"},"thumbnailUrl":"https:\/\/airporttelecom.com\/de\/wp-content\/uploads\/sites\/6\/2024\/07\/Simkaart-USA.png","datePublished":"2024-09-12T10:51:02+00:00","dateModified":"2026-02-16T14:21:10+00:00","description":"Auf der Suche nach einem Prepaid eSIM Amerika f\u00fcr (unbegrenzte) Anrufe und Internet? Optimale Erreichbarkeit auf Reisen in eSIM Nordamerika. Jetzt im Verkauf bei !","breadcrumb":{"@id":"https:\/\/airporttelecom.com\/de\/esim\/amerika\/#breadcrumb"},"inLanguage":"de","potentialAction":[{"@type":"ReadAction","target":["https:\/\/airporttelecom.com\/de\/esim\/amerika\/"]}]},{"@type":"ImageObject","inLanguage":"de","@id":"https:\/\/airporttelecom.com\/de\/esim\/amerika\/#primaryimage","url":"https:\/\/airporttelecom.com\/de\/wp-content\/uploads\/sites\/6\/2024\/07\/Simkaart-USA.png","contentUrl":"https:\/\/airporttelecom.com\/de\/wp-content\/uploads\/sites\/6\/2024\/07\/Simkaart-USA.png","width":800,"height":319,"caption":"Vereinigte Staaten SIM-Karte"},{"@type":"BreadcrumbList","@id":"https:\/\/airporttelecom.com\/de\/esim\/amerika\/#breadcrumb","itemListElement":[{"@type":"ListItem","position":1,"name":"Home","item":"https:\/\/airporttelecom.com\/de\/"},{"@type":"ListItem","position":2,"name":"eSIM","item":"https:\/\/airporttelecom.com\/de\/esim\/"},{"@type":"ListItem","position":3,"name":"Amerika"}]},{"@type":"WebSite","@id":"https:\/\/airporttelecom.com\/de\/#website","url":"https:\/\/airporttelecom.com\/de\/","name":"Airport Telecom","description":"","publisher":{"@id":"https:\/\/airporttelecom.com\/de\/#organization"},"potentialAction":[{"@type":"SearchAction","target":{"@type":"EntryPoint","urlTemplate":"https:\/\/airporttelecom.com\/de\/?s={search_term_string}"},"query-input":{"@type":"PropertyValueSpecification","valueRequired":true,"valueName":"search_term_string"}}],"inLanguage":"de"},{"@type":"Organization","@id":"https:\/\/airporttelecom.com\/de\/#organization","name":"Airport Telecom","url":"https:\/\/airporttelecom.com\/de\/","logo":{"@type":"ImageObject","inLanguage":"de","@id":"https:\/\/airporttelecom.com\/de\/#\/schema\/logo\/image\/","url":"https:\/\/airporttelecom.com\/de\/wp-content\/uploads\/sites\/6\/2024\/06\/icon.png?wsr","contentUrl":"https:\/\/airporttelecom.com\/de\/wp-content\/uploads\/sites\/6\/2024\/06\/icon.png?wsr","width":110,"height":110,"caption":"Airport Telecom"},"image":{"@id":"https:\/\/airporttelecom.com\/de\/#\/schema\/logo\/image\/"}}]}},"_links":{"self":[{"href":"https:\/\/airporttelecom.com\/de\/wp-json\/wp\/v2\/product\/1396","targetHints":{"allow":["GET"]}}],"collection":[{"href":"https:\/\/airporttelecom.com\/de\/wp-json\/wp\/v2\/product"}],"about":[{"href":"https:\/\/airporttelecom.com\/de\/wp-json\/wp\/v2\/types\/product"}],"replies":[{"embeddable":true,"href":"https:\/\/airporttelecom.com\/de\/wp-json\/wp\/v2\/comments?post=1396"}],"wp:featuredmedia":[{"embeddable":true,"href":"https:\/\/airporttelecom.com\/de\/wp-json\/wp\/v2\/media\/1174"}],"wp:attachment":[{"href":"https:\/\/airporttelecom.com\/de\/wp-json\/wp\/v2\/media?parent=1396"}],"wp:term":[{"taxonomy":"product_brand","embeddable":true,"href":"https:\/\/airporttelecom.com\/de\/wp-json\/wp\/v2\/product_brand?post=1396"},{"taxonomy":"product_cat","embeddable":true,"href":"https:\/\/airporttelecom.com\/de\/wp-json\/wp\/v2\/product_cat?post=1396"},{"taxonomy":"product_tag","embeddable":true,"href":"https:\/\/airporttelecom.com\/de\/wp-json\/wp\/v2\/product_tag?post=1396"}],"curies":[{"name":"wp","href":"https:\/\/api.w.org\/{rel}","templated":true}]}}