{"id":1413,"date":"2024-09-12T10:51:13","date_gmt":"2024-09-12T10:51:13","guid":{"rendered":"https:\/\/airporttelecom.outperforming.nl\/nl\/product\/esim-sint-maarten\/"},"modified":"2025-12-01T23:52:05","modified_gmt":"2025-12-01T23:52:05","slug":"esim-sankt-martin","status":"publish","type":"product","link":"https:\/\/airporttelecom.com\/de\/esim\/sankt-martin\/","title":{"rendered":"eSIM Sint Maarten"},"content":{"rendered":"","protected":false},"excerpt":{"rendered":"","protected":false},"featured_media":1375,"comment_status":"open","ping_status":"closed","template":"","meta":{"_acf_changed":false},"product_brand":[],"product_cat":[16],"product_tag":[41],"class_list":{"0":"post-1413","1":"product","2":"type-product","3":"status-publish","4":"has-post-thumbnail","6":"product_cat-esim","7":"product_tag-esim-antillen-und-karibik","9":"first","10":"instock","11":"taxable","12":"shipping-taxable","13":"purchasable","14":"product-type-variable","15":"has-default-attributes"},"acf":{"gebied_afbeelding":966,"vlag_afbeelding":967,"provider":["BIC"],"product_synoniemen":null,"product_bestel_velden":"","product_omschrijving":"<h2>Mobilfunkabdeckung mit einer eSIM f\u00fcr Sint Maarten (Franz\u00f6sisch)<\/h2>\r\n<strong>Wichtig:<\/strong> Diese eSIM-Pakete funktionieren nur im franz\u00f6sischen Teil von Sint Maarten\r\n\r\nMit einer Prepaid eSIM Sint Maarten von Airport Telecom sind Sie in ganz Sint Maarten unter einer Rufnummer erreichbar. Au\u00dferdem haben Sie 12 GB oder 30 GB Datenvolumen. Diese eSIMs sind daher sehr gut f\u00fcr die Internetnutzung geeignet. Seien Sie jedoch vorsichtig, denn mit diesen Prepaid eSIMs k\u00f6nnen Sie zwar eingehende Anrufe in Sint Maarten empfangen, aber keine normalen ausgehenden Telefonate f\u00fchren. Alle Anrufe, die \u00fcber das Internet laufen, wie z. B. mit Whatsapp, Skype, Facetime usw., sind nat\u00fcrlich m\u00f6glich. Immerhin nutzen Sie dann das Datenpaket auf der eSIM.\r\n<h2>Internet und Telefonieren auf Reisen in Sint Maarten<\/h2>\r\nDie Telefonnummer der Prepaid eSIM, unter der Sie in Sint Maarten erreichbar sein werden, wird Ihnen nach der Aktivierung der eSIM per SMS zugesandt. Es handelt sich um eine englische (+44) Nummer. Wir haben uns daf\u00fcr entschieden, weil die betreffende eSIM ein sehr gutes Datenpaket in Sint Maarten bietet und\u00a0nutzt die gr\u00f6\u00dften Mobilfunknetze von Sint Maarten. Au\u00dferdem ist f\u00fcr diese eSIM keine Benutzerregistrierung in Sint Maarten erforderlich.\r\n<h2>Whatsapp mit eSIM Sint Maarten<\/h2>\r\nAlle internetbasierten Gespr\u00e4che wie Whatsapp, Skype und FaceTime sind nat\u00fcrlich auch mit der eSIM f\u00fcr Sint Maarten m\u00f6glich. Sie nutzen dann das Datenpaket auf der eSIM. Whatsapp k\u00f6nnen Sie weiterhin mit Ihren bestehenden Kontakten, Gruppen und Chats nutzen. Nach der Installation einer Prepaid-eSIM werden Sie von Whatsapp m\u00f6glicherweise gefragt, ob Sie eine neue Identit\u00e4t erstellen m\u00f6chten oder ob alles so bleiben soll, wie es war. W\u00e4hlen Sie in diesem Fall Letzteres, und nichts wird sich \u00e4ndern. Sie k\u00f6nnen dann wie gewohnt mit Whatsapp Nachrichten versenden und Anrufe t\u00e4tigen.\r\n<h2>Abdeckung auf Sint Maarten<\/h2>\r\nSint Maarten ist in einen franz\u00f6sischen und einen niederl\u00e4ndischen Teil geteilt. Diese eSIMs funktionieren nur im franz\u00f6sischen Teil. Die Netzabdeckung ist in der \u201efranz\u00f6sischen\u201c Hauptstadt Marigot mit Fort Louis und dem franz\u00f6sischen Geb\u00e4ck hervorragend. Au\u00dferdem sollte man auf Sint Maarten beachten, dass Anrufe und Internet in den besiedelten Gebieten gut funktionieren, aber es gibt auch viele bergige und abgelegene Gebiete. An sch\u00f6nen Str\u00e4nden wie Baie Rouge, Grand Case Beach und Friar's Bay kann die Netzabdeckung schlechter sein. Genie\u00dfen Sie also in erster Linie die Sonne und das tropische blaue Meer und schicken Sie Fotos sp\u00e4ter, wenn n\u00f6tig, mit Whatsapp aus den belebteren Teilen von Sint Maarten.\r\n<h2>Empfang der Sint Maarten eSIM per E-Mail<\/h2>\r\nSie erhalten die eSIM f\u00fcr Sint Maarten von uns per E-Mail. Das geht sehr schnell und ist auch m\u00f6glich, wenn Sie bereits in Sint Maarten sind oder sehr kurzfristig abreisen.","product_specificaties":"<h2>Vorteile eSIM Sint Maarten (Franz\u00f6sisch)<\/h2>\r\nDie eSIM f\u00fcr Sint Maarten wird Ihnen per E-Mail zugesandt. Es handelt sich um einen QR-Code, der mit Ihrem Handy eingescannt werden muss. Sie k\u00f6nnen dies also auch tun, wenn Sie bereits in Sint Maarten sind oder sehr kurzfristig abreisen.\r\n\r\nDer Vorteil der eSIM-Variante ist, dass Sie Ihren Datenverkehr in Sint Maarten \u00fcber das Prepaid-Datenpaket laufen lassen k\u00f6nnen und gleichzeitig unter Ihrer eigenen Handynummer erreichbar bleiben.\r\n\r\neSIM kann nur in Handys verwendet werden, die daf\u00fcr geeignet sind. Pr\u00fcfen Sie dies sorgf\u00e4ltig, bevor Sie sich f\u00fcr die eSIM entscheiden. eSIM kann ohnehin in iPhone XS, XS Max, XR, iPhone 11 und h\u00f6her verwendet werden.\r\n<h2>Daten &amp; Anrufe in Sint Maarten (Franz\u00f6sisch)<\/h2>\r\nEs gibt zwei Varianten der eSIM Sint Maarten:\r\n\r\n&nbsp;\r\n<h3>12GB Daten \u20ac 36,=<\/h3>\r\nInkl. 12GB Daten\r\n\r\n&nbsp;\r\n<h3>30GB Daten \u20ac 57,=<\/h3>\r\nInkl. 30GB Daten\r\n\r\n&nbsp;\r\n\r\nDie Datenpakete sind nach Aktivierung 30 Tage lang g\u00fcltig.","product_handleiding":"","product_veelgestelde_vragen":[{"vraag":"Welches esim soll in Sint Maarten verwendet werden?","antwoord":"F\u00fcr einen kurzen Aufenthalt von ein paar Tagen ben\u00f6tigen Sie wahrscheinlich nicht so viele Daten. Das 12GB Datenpaket f\u00fcr Sint Maarten kann dann ausreichend sein. Anwendungen wie Whatsapp, Instagram und Navigation verbrauchen nicht viel Daten. Wenn Sie l\u00e4nger bleiben, kann es sinnvoll sein, das 30GB Datenpaket zu w\u00e4hlen, damit Sie auf jeden Fall genug Daten haben."},{"vraag":"Wo kann man einen esim f\u00fcr Saint Martin kaufen?","antwoord":"Kaufen Sie eine eSIM f\u00fcr Sint Maarten online bei Airport Telecom. Sie erhalten die eSIM per E-Mail. Es handelt sich um einen QR-Code, den Sie mit Ihrem Telefon einscannen m\u00fcssen. So k\u00f6nnen Sie dies tun, auch wenn Sie bereits in Sint Maarten sind oder sehr kurzfristig abreisen."}]},"yoast_head":"<!-- This site is optimized with the Yoast SEO Premium plugin v24.4 (Yoast SEO v26.9) - https:\/\/yoast.com\/product\/yoast-seo-premium-wordpress\/ -->\n<title>eSIM Sint Maarten kaufen f\u00fcr prepaid (unbegrenzt) telefonieren und internet - Airport Telecom DE<\/title>\n<meta name=\"description\" content=\"Auf der Suche nach einem Prepaid eSIM Sint Maarten f\u00fcr (unbegrenzte) Anrufe und Internet? Optimale Erreichbarkeit auf Reisen in eSIM Antillen &amp; Karibik. Jetzt im Verkauf bei !\" \/>\n<meta name=\"robots\" content=\"index, follow, max-snippet:-1, max-image-preview:large, max-video-preview:-1\" \/>\n<link rel=\"canonical\" href=\"https:\/\/airporttelecom.com\/de\/esim\/sankt-martin\/\" \/>\n<meta property=\"og:locale\" content=\"de_DE\" \/>\n<meta property=\"og:type\" content=\"article\" \/>\n<meta property=\"og:title\" content=\"eSIM Sint Maarten\" \/>\n<meta property=\"og:description\" content=\"Auf der Suche nach einem Prepaid eSIM Sint Maarten f\u00fcr (unbegrenzte) Anrufe und Internet? Optimale Erreichbarkeit auf Reisen in eSIM Antillen &amp; Karibik. Jetzt im Verkauf bei !\" \/>\n<meta property=\"og:url\" content=\"https:\/\/airporttelecom.com\/de\/esim\/sankt-martin\/\" \/>\n<meta property=\"og:site_name\" content=\"Airport Telecom DE\" \/>\n<meta property=\"article:modified_time\" content=\"2025-12-01T23:52:05+00:00\" \/>\n<meta property=\"og:image\" content=\"https:\/\/airporttelecom.com\/de\/wp-content\/uploads\/sites\/6\/2024\/07\/Simkaart-Sint-Maarten.png?wsr\" \/>\n\t<meta property=\"og:image:width\" content=\"800\" \/>\n\t<meta property=\"og:image:height\" content=\"319\" \/>\n\t<meta property=\"og:image:type\" content=\"image\/png\" \/>\n<meta name=\"twitter:card\" content=\"summary_large_image\" \/>\n<meta name=\"twitter:label1\" content=\"Gesch\u00e4tzte Lesezeit\" \/>\n\t<meta name=\"twitter:data1\" content=\"1\u00a0Minute\" \/>\n<script type=\"application\/ld+json\" class=\"yoast-schema-graph\">{\"@context\":\"https:\/\/schema.org\",\"@graph\":[{\"@type\":\"WebPage\",\"@id\":\"https:\/\/airporttelecom.com\/de\/esim\/sankt-martin\/\",\"url\":\"https:\/\/airporttelecom.com\/de\/esim\/sankt-martin\/\",\"name\":\"eSIM Sint Maarten kaufen f\u00fcr prepaid (unbegrenzt) telefonieren und internet - Airport Telecom DE\",\"isPartOf\":{\"@id\":\"https:\/\/airporttelecom.com\/de\/#website\"},\"primaryImageOfPage\":{\"@id\":\"https:\/\/airporttelecom.com\/de\/esim\/sankt-martin\/#primaryimage\"},\"image\":{\"@id\":\"https:\/\/airporttelecom.com\/de\/esim\/sankt-martin\/#primaryimage\"},\"thumbnailUrl\":\"https:\/\/airporttelecom.com\/de\/wp-content\/uploads\/sites\/6\/2024\/07\/Simkaart-Sint-Maarten.png\",\"datePublished\":\"2024-09-12T10:51:13+00:00\",\"dateModified\":\"2025-12-01T23:52:05+00:00\",\"description\":\"Auf der Suche nach einem Prepaid eSIM Sint Maarten f\u00fcr (unbegrenzte) Anrufe und Internet? Optimale Erreichbarkeit auf Reisen in eSIM Antillen &amp; Karibik. Jetzt im Verkauf bei !\",\"breadcrumb\":{\"@id\":\"https:\/\/airporttelecom.com\/de\/esim\/sankt-martin\/#breadcrumb\"},\"inLanguage\":\"de\",\"potentialAction\":[{\"@type\":\"ReadAction\",\"target\":[\"https:\/\/airporttelecom.com\/de\/esim\/sankt-martin\/\"]}]},{\"@type\":\"ImageObject\",\"inLanguage\":\"de\",\"@id\":\"https:\/\/airporttelecom.com\/de\/esim\/sankt-martin\/#primaryimage\",\"url\":\"https:\/\/airporttelecom.com\/de\/wp-content\/uploads\/sites\/6\/2024\/07\/Simkaart-Sint-Maarten.png\",\"contentUrl\":\"https:\/\/airporttelecom.com\/de\/wp-content\/uploads\/sites\/6\/2024\/07\/Simkaart-Sint-Maarten.png\",\"width\":800,\"height\":319,\"caption\":\"Sim-Karte Sankt Martin\"},{\"@type\":\"BreadcrumbList\",\"@id\":\"https:\/\/airporttelecom.com\/de\/esim\/sankt-martin\/#breadcrumb\",\"itemListElement\":[{\"@type\":\"ListItem\",\"position\":1,\"name\":\"Home\",\"item\":\"https:\/\/airporttelecom.com\/de\/\"},{\"@type\":\"ListItem\",\"position\":2,\"name\":\"eSIM\",\"item\":\"https:\/\/airporttelecom.com\/de\/esim\/\"},{\"@type\":\"ListItem\",\"position\":3,\"name\":\"Sint Maarten\"}]},{\"@type\":\"WebSite\",\"@id\":\"https:\/\/airporttelecom.com\/de\/#website\",\"url\":\"https:\/\/airporttelecom.com\/de\/\",\"name\":\"Airport Telecom\",\"description\":\"\",\"publisher\":{\"@id\":\"https:\/\/airporttelecom.com\/de\/#organization\"},\"potentialAction\":[{\"@type\":\"SearchAction\",\"target\":{\"@type\":\"EntryPoint\",\"urlTemplate\":\"https:\/\/airporttelecom.com\/de\/?s={search_term_string}\"},\"query-input\":{\"@type\":\"PropertyValueSpecification\",\"valueRequired\":true,\"valueName\":\"search_term_string\"}}],\"inLanguage\":\"de\"},{\"@type\":\"Organization\",\"@id\":\"https:\/\/airporttelecom.com\/de\/#organization\",\"name\":\"Airport Telecom\",\"url\":\"https:\/\/airporttelecom.com\/de\/\",\"logo\":{\"@type\":\"ImageObject\",\"inLanguage\":\"de\",\"@id\":\"https:\/\/airporttelecom.com\/de\/#\/schema\/logo\/image\/\",\"url\":\"https:\/\/airporttelecom.com\/de\/wp-content\/uploads\/sites\/6\/2024\/06\/icon.png?wsr\",\"contentUrl\":\"https:\/\/airporttelecom.com\/de\/wp-content\/uploads\/sites\/6\/2024\/06\/icon.png?wsr\",\"width\":110,\"height\":110,\"caption\":\"Airport Telecom\"},\"image\":{\"@id\":\"https:\/\/airporttelecom.com\/de\/#\/schema\/logo\/image\/\"}}]}<\/script>\n<!-- \/ Yoast SEO Premium plugin. -->","yoast_head_json":{"title":"eSIM Sint Maarten kaufen f\u00fcr prepaid (unbegrenzt) telefonieren und internet - Airport Telecom DE","description":"Auf der Suche nach einem Prepaid eSIM Sint Maarten f\u00fcr (unbegrenzte) Anrufe und Internet? Optimale Erreichbarkeit auf Reisen in eSIM Antillen &amp; Karibik. Jetzt im Verkauf bei !","robots":{"index":"index","follow":"follow","max-snippet":"max-snippet:-1","max-image-preview":"max-image-preview:large","max-video-preview":"max-video-preview:-1"},"canonical":"https:\/\/airporttelecom.com\/de\/esim\/sankt-martin\/","og_locale":"de_DE","og_type":"article","og_title":"eSIM Sint Maarten","og_description":"Auf der Suche nach einem Prepaid eSIM Sint Maarten f\u00fcr (unbegrenzte) Anrufe und Internet? Optimale Erreichbarkeit auf Reisen in eSIM Antillen &amp; Karibik. Jetzt im Verkauf bei !","og_url":"https:\/\/airporttelecom.com\/de\/esim\/sankt-martin\/","og_site_name":"Airport Telecom DE","article_modified_time":"2025-12-01T23:52:05+00:00","og_image":[{"width":800,"height":319,"url":"https:\/\/airporttelecom.com\/de\/wp-content\/uploads\/sites\/6\/2024\/07\/Simkaart-Sint-Maarten.png?wsr","type":"image\/png"}],"twitter_card":"summary_large_image","twitter_misc":{"Gesch\u00e4tzte Lesezeit":"1\u00a0Minute"},"schema":{"@context":"https:\/\/schema.org","@graph":[{"@type":"WebPage","@id":"https:\/\/airporttelecom.com\/de\/esim\/sankt-martin\/","url":"https:\/\/airporttelecom.com\/de\/esim\/sankt-martin\/","name":"eSIM Sint Maarten kaufen f\u00fcr prepaid (unbegrenzt) telefonieren und internet - Airport Telecom DE","isPartOf":{"@id":"https:\/\/airporttelecom.com\/de\/#website"},"primaryImageOfPage":{"@id":"https:\/\/airporttelecom.com\/de\/esim\/sankt-martin\/#primaryimage"},"image":{"@id":"https:\/\/airporttelecom.com\/de\/esim\/sankt-martin\/#primaryimage"},"thumbnailUrl":"https:\/\/airporttelecom.com\/de\/wp-content\/uploads\/sites\/6\/2024\/07\/Simkaart-Sint-Maarten.png","datePublished":"2024-09-12T10:51:13+00:00","dateModified":"2025-12-01T23:52:05+00:00","description":"Auf der Suche nach einem Prepaid eSIM Sint Maarten f\u00fcr (unbegrenzte) Anrufe und Internet? Optimale Erreichbarkeit auf Reisen in eSIM Antillen &amp; Karibik. Jetzt im Verkauf bei !","breadcrumb":{"@id":"https:\/\/airporttelecom.com\/de\/esim\/sankt-martin\/#breadcrumb"},"inLanguage":"de","potentialAction":[{"@type":"ReadAction","target":["https:\/\/airporttelecom.com\/de\/esim\/sankt-martin\/"]}]},{"@type":"ImageObject","inLanguage":"de","@id":"https:\/\/airporttelecom.com\/de\/esim\/sankt-martin\/#primaryimage","url":"https:\/\/airporttelecom.com\/de\/wp-content\/uploads\/sites\/6\/2024\/07\/Simkaart-Sint-Maarten.png","contentUrl":"https:\/\/airporttelecom.com\/de\/wp-content\/uploads\/sites\/6\/2024\/07\/Simkaart-Sint-Maarten.png","width":800,"height":319,"caption":"Sim-Karte Sankt Martin"},{"@type":"BreadcrumbList","@id":"https:\/\/airporttelecom.com\/de\/esim\/sankt-martin\/#breadcrumb","itemListElement":[{"@type":"ListItem","position":1,"name":"Home","item":"https:\/\/airporttelecom.com\/de\/"},{"@type":"ListItem","position":2,"name":"eSIM","item":"https:\/\/airporttelecom.com\/de\/esim\/"},{"@type":"ListItem","position":3,"name":"Sint Maarten"}]},{"@type":"WebSite","@id":"https:\/\/airporttelecom.com\/de\/#website","url":"https:\/\/airporttelecom.com\/de\/","name":"Airport Telecom","description":"","publisher":{"@id":"https:\/\/airporttelecom.com\/de\/#organization"},"potentialAction":[{"@type":"SearchAction","target":{"@type":"EntryPoint","urlTemplate":"https:\/\/airporttelecom.com\/de\/?s={search_term_string}"},"query-input":{"@type":"PropertyValueSpecification","valueRequired":true,"valueName":"search_term_string"}}],"inLanguage":"de"},{"@type":"Organization","@id":"https:\/\/airporttelecom.com\/de\/#organization","name":"Airport Telecom","url":"https:\/\/airporttelecom.com\/de\/","logo":{"@type":"ImageObject","inLanguage":"de","@id":"https:\/\/airporttelecom.com\/de\/#\/schema\/logo\/image\/","url":"https:\/\/airporttelecom.com\/de\/wp-content\/uploads\/sites\/6\/2024\/06\/icon.png?wsr","contentUrl":"https:\/\/airporttelecom.com\/de\/wp-content\/uploads\/sites\/6\/2024\/06\/icon.png?wsr","width":110,"height":110,"caption":"Airport Telecom"},"image":{"@id":"https:\/\/airporttelecom.com\/de\/#\/schema\/logo\/image\/"}}]}},"_links":{"self":[{"href":"https:\/\/airporttelecom.com\/de\/wp-json\/wp\/v2\/product\/1413","targetHints":{"allow":["GET"]}}],"collection":[{"href":"https:\/\/airporttelecom.com\/de\/wp-json\/wp\/v2\/product"}],"about":[{"href":"https:\/\/airporttelecom.com\/de\/wp-json\/wp\/v2\/types\/product"}],"replies":[{"embeddable":true,"href":"https:\/\/airporttelecom.com\/de\/wp-json\/wp\/v2\/comments?post=1413"}],"wp:featuredmedia":[{"embeddable":true,"href":"https:\/\/airporttelecom.com\/de\/wp-json\/wp\/v2\/media\/1375"}],"wp:attachment":[{"href":"https:\/\/airporttelecom.com\/de\/wp-json\/wp\/v2\/media?parent=1413"}],"wp:term":[{"taxonomy":"product_brand","embeddable":true,"href":"https:\/\/airporttelecom.com\/de\/wp-json\/wp\/v2\/product_brand?post=1413"},{"taxonomy":"product_cat","embeddable":true,"href":"https:\/\/airporttelecom.com\/de\/wp-json\/wp\/v2\/product_cat?post=1413"},{"taxonomy":"product_tag","embeddable":true,"href":"https:\/\/airporttelecom.com\/de\/wp-json\/wp\/v2\/product_tag?post=1413"}],"curies":[{"name":"wp","href":"https:\/\/api.w.org\/{rel}","templated":true}]}}