{"id":1480,"date":"2024-09-12T10:51:26","date_gmt":"2024-09-12T10:51:26","guid":{"rendered":"https:\/\/airporttelecom.outperforming.nl\/nl\/product\/esim-tunesie\/"},"modified":"2025-08-31T15:45:38","modified_gmt":"2025-08-31T15:45:38","slug":"esim-tunesien","status":"publish","type":"product","link":"https:\/\/airporttelecom.com\/de\/esim\/tunesien\/","title":{"rendered":"eSIM Tunesien"},"content":{"rendered":"","protected":false},"excerpt":{"rendered":"","protected":false},"featured_media":1382,"comment_status":"open","ping_status":"closed","template":"","meta":{"_acf_changed":false},"product_brand":[],"product_cat":[16],"product_tag":[45],"class_list":{"0":"post-1480","1":"product","2":"type-product","3":"status-publish","4":"has-post-thumbnail","6":"product_cat-esim","7":"product_tag-esim-naher-osten","9":"first","10":"instock","11":"taxable","12":"shipping-taxable","13":"purchasable","14":"product-type-variable","15":"has-default-attributes"},"acf":{"gebied_afbeelding":910,"vlag_afbeelding":911,"provider":["NEX"],"product_synoniemen":null,"product_bestel_velden":["vertrekdatum"],"product_omschrijving":"<h2>Mobil erreichbar in Tunesien mit eSIM Tunesien<\/h2>\r\nMit der Unlimited eSIM Tunesien von Airport Telecom k\u00f6nnen Sie in der gesamten Tunesien mobiles Internet nutzen. Die eSIM ist sehr gut f\u00fcr die Internetnutzung geeignet und erm\u00f6glicht den Zugang zu E-Mail, Whatsapp, Navigation und anderen Internetanwendungen \u00fcber eine schnelle 4G\/5G-Verbindung. W\u00e4hlen Sie, wie lange Sie das Unlimited-Paket ben\u00f6tigen: 7 Tage, 14 Tage oder 30 Tage.\r\n<h2>Datenpakete f\u00fcr Reisen in Tunesien<\/h2>\r\nDie eSIMs f\u00fcr Tunesien kommen mit einem Unlimited Datenpaket f\u00fcr 7, 14 und 30 Tage:\r\n<h3>Unbegrenzte eSIM Tunesien 7 Tage, \u20ac 24,=<\/h3>\r\n<h3>Unbegrenzte eSIM Tunesien 14 Tage, \u20ac 36,=<\/h3>\r\n<h3>Unbegrenzte eSIM Tunesien 30 Tage, \u20ac 69,=<\/h3>\r\n<span lang=\"de\">(*) Bitte beachten Sie die Fair-Use-Richtlinie.\u00a0Bei \u00fcberm\u00e4\u00dfigem Datenverbrauch kann der Anbieter die Leistung der (e)SIM einschr\u00e4nken.\u00a0Die Fair-Use-Richtlinie geht von einem eindeutigen Bennutzer pro (e)SIM aus.\u00a0Die normale Nutzung f\u00fcr Navigation, E-Mail, Suchen im Internet, WhatsApp-Nachrichten, WhatsApp-Anrufe und Apps wie Instagram und Snapcaht aktiviert die Fair-Use-Richtlinie nicht.\u00a0Dies kann jedoch bei extremer Nutzung von,\u00a0<\/span><span lang=\"de\">beispielsweise,<\/span><span lang=\"de\">\u00a0YouTube, TikTok, Streaming-Diensten wie Netflix und Online-TV der Fall sein, insbesondere wenn mehrere Personen die Verbindung \u00fcber einen Hotspot oder Router teilen.\u00a0Bei Verst\u00f6\u00dfen gegen die Fair-Use-Richtlinie werden keine R\u00fcckerstattungen gew\u00e4hrt.<\/span>\r\n\r\nDie eSIMs f\u00fcr Tunesien haben eine hervorragende landesweite Abdeckung \u00fcber die 4G- und 5G-Netze. In Tunesien ist keine Benutzerregistrierung erforderlich. Nach der Ankunft in Tunesien beginnt das Internet automatisch zu funktionieren. Die eSIM Tunesien eignet sich f\u00fcr Tethering, kann aber auch f\u00fcr Hotspot und MIFI genutzt werden.\r\n<h2>Whatsapp mit eSIM Tunesien<\/h2>\r\nAlle Gespr\u00e4che, die \u00fcber das Internet laufen, wie z.B. mit Whatsapp, Skype, Facetime etc. sind nat\u00fcrlich auch m\u00f6glich. Immerhin nutzen Sie dann das Datenpaket auf der eSIM. \u00dcbrigens k\u00f6nnen Sie Whatsapp auch weiterhin mit Ihrer eigenen Rufnummer nutzen. Sie k\u00f6nnen wie gewohnt mit Whatsapp Nachrichten verschicken und telefonieren.\r\n\r\n.\r\n<h2>Abdeckung in Tunesien<\/h2>\r\nDie Mobilfunknetzabdeckung in Tunesien ist im Allgemeinen gut. Das gilt vor allem f\u00fcr die gro\u00dfen St\u00e4dte wie Tunis, Sfax, Bizerte und Monastir. Auch in anderen, dichter besiedelten Gebieten ist die Netzabdeckung ausgezeichnet. Es sollte jedoch ber\u00fccksichtigt werden, dass Tunesien ein gro\u00dfes Land ist, in dem es auch abgelegene Gebiete gibt. In solchen weniger besiedelten Gebieten kann es sein, dass es keine oder eine geringere Mobilfunkabdeckung gibt.\r\n<h2>Tunesien eSIM per E-Mail erhalten<\/h2>\r\nSie erhalten die eSIM f\u00fcr Tunesien von uns per E-Mail. Das geht sehr schnell und ist auch m\u00f6glich, wenn Sie bereits in Tunesien sind oder sehr kurzfristig abreisen.","product_specificaties":"<h2>Internet mit eSIM Tunesien<\/h2>\r\nEs gibt drei Varianten der eSIM Tunesien:\r\n<h3>Unbegrenzte eSIM Tunesien 7 Tage, \u20ac 24<\/h3>\r\n<ul>\r\n \t<li>Unbegrenzte Daten in der gesamten Tunesien*<\/li>\r\n \t<li>Bundle g\u00fcltig f\u00fcr 7 Tage. Die Aufladung kann \u00fcber diese Website erfolgen.<\/li>\r\n<\/ul>\r\n<h3>Unbegrenzte eSIM Tunesien 14 Tage, \u20ac 36<\/h3>\r\n<ul>\r\n \t<li>Unbegrenzte Daten in der gesamten Tunesien*.<\/li>\r\n \t<li>Bundle g\u00fcltig f\u00fcr 14 Tage. Die Aufladung kann \u00fcber diese Website erfolgen.<\/li>\r\n<\/ul>\r\n<h3>Unbegrenzte eSIM Tunesien 30 Tage, \u20ac 69<\/h3>\r\n<ul>\r\n \t<li>Unbegrenzte Daten in der gesamten Tunesien*.<\/li>\r\n \t<li>Bundle g\u00fcltig f\u00fcr 30 Tage. Das Aufladen kann \u00fcber diese Website erfolgen.<\/li>\r\n<\/ul>\r\n&nbsp;\r\n\r\n(*) Es gibt eine Fair Use Policy. Bei extremer Datennutzung kann der Anbieter in Tunesien die M\u00f6glichkeiten der Sim-Karte einschr\u00e4nken.","product_handleiding":"","product_veelgestelde_vragen":[{"vraag":"Welches esim soll in Tunesien verwendet werden?","antwoord":"F\u00fcr einen kurzen Aufenthalt von ein paar Tagen ben\u00f6tigen Sie wahrscheinlich nicht so viele Daten. Das 10-GB-Datenpaket f\u00fcr Tunesien kann dann ausreichend sein. Anwendungen wie Whatsapp, Instagram und Navigation verbrauchen nicht viel Daten. Wenn Sie l\u00e4nger bleiben, kann es sinnvoll sein, Unlimited zu w\u00e4hlen, damit Sie auf jeden Fall genug Daten haben."},{"vraag":"Wo kann man ein esim f\u00fcr Tunesien kaufen?","antwoord":"Kaufen Sie eine esim f\u00fcr Tunesien online bei Airport Telecom. Sie erhalten die eSIM per E-Mail. Es handelt sich um einen QR-Code, den Sie mit Ihrem Telefon einscannen m\u00fcssen. So k\u00f6nnen Sie dies auch tun, wenn Sie bereits in Tunesien sind oder sehr kurzfristig abreisen."}]},"yoast_head":"<!-- This site is optimized with the Yoast SEO Premium plugin v24.4 (Yoast SEO v26.9) - https:\/\/yoast.com\/product\/yoast-seo-premium-wordpress\/ -->\n<title>eSIM Tunesien kaufen f\u00fcr prepaid (unbegrenzt) telefonieren und internet - Airport Telecom DE<\/title>\n<meta name=\"description\" content=\"Auf der Suche nach einem Prepaid eSIM Tunesien f\u00fcr (unbegrenzte) Anrufe und Internet? Optimale Erreichbarkeit auf Reisen in eSIM Naher Osten. Jetzt im Verkauf bei !\" \/>\n<meta name=\"robots\" content=\"index, follow, max-snippet:-1, max-image-preview:large, max-video-preview:-1\" \/>\n<link rel=\"canonical\" href=\"https:\/\/airporttelecom.com\/de\/esim\/tunesien\/\" \/>\n<meta property=\"og:locale\" content=\"de_DE\" \/>\n<meta property=\"og:type\" content=\"article\" \/>\n<meta property=\"og:title\" content=\"eSIM Tunesien\" \/>\n<meta property=\"og:description\" content=\"Auf der Suche nach einem Prepaid eSIM Tunesien f\u00fcr (unbegrenzte) Anrufe und Internet? Optimale Erreichbarkeit auf Reisen in eSIM Naher Osten. Jetzt im Verkauf bei !\" \/>\n<meta property=\"og:url\" content=\"https:\/\/airporttelecom.com\/de\/esim\/tunesien\/\" \/>\n<meta property=\"og:site_name\" content=\"Airport Telecom DE\" \/>\n<meta property=\"article:modified_time\" content=\"2025-08-31T15:45:38+00:00\" \/>\n<meta property=\"og:image\" content=\"https:\/\/airporttelecom.com\/de\/wp-content\/uploads\/sites\/6\/2024\/07\/Simkaart-Tunisie.png?wsr\" \/>\n\t<meta property=\"og:image:width\" content=\"800\" \/>\n\t<meta property=\"og:image:height\" content=\"316\" \/>\n\t<meta property=\"og:image:type\" content=\"image\/png\" \/>\n<meta name=\"twitter:card\" content=\"summary_large_image\" \/>\n<meta name=\"twitter:label1\" content=\"Gesch\u00e4tzte Lesezeit\" \/>\n\t<meta name=\"twitter:data1\" content=\"1\u00a0Minute\" \/>\n<script type=\"application\/ld+json\" class=\"yoast-schema-graph\">{\"@context\":\"https:\/\/schema.org\",\"@graph\":[{\"@type\":\"WebPage\",\"@id\":\"https:\/\/airporttelecom.com\/de\/esim\/tunesien\/\",\"url\":\"https:\/\/airporttelecom.com\/de\/esim\/tunesien\/\",\"name\":\"eSIM Tunesien kaufen f\u00fcr prepaid (unbegrenzt) telefonieren und internet - Airport Telecom DE\",\"isPartOf\":{\"@id\":\"https:\/\/airporttelecom.com\/de\/#website\"},\"primaryImageOfPage\":{\"@id\":\"https:\/\/airporttelecom.com\/de\/esim\/tunesien\/#primaryimage\"},\"image\":{\"@id\":\"https:\/\/airporttelecom.com\/de\/esim\/tunesien\/#primaryimage\"},\"thumbnailUrl\":\"https:\/\/airporttelecom.com\/de\/wp-content\/uploads\/sites\/6\/2024\/07\/Simkaart-Tunisie.png\",\"datePublished\":\"2024-09-12T10:51:26+00:00\",\"dateModified\":\"2025-08-31T15:45:38+00:00\",\"description\":\"Auf der Suche nach einem Prepaid eSIM Tunesien f\u00fcr (unbegrenzte) Anrufe und Internet? Optimale Erreichbarkeit auf Reisen in eSIM Naher Osten. Jetzt im Verkauf bei !\",\"breadcrumb\":{\"@id\":\"https:\/\/airporttelecom.com\/de\/esim\/tunesien\/#breadcrumb\"},\"inLanguage\":\"de\",\"potentialAction\":[{\"@type\":\"ReadAction\",\"target\":[\"https:\/\/airporttelecom.com\/de\/esim\/tunesien\/\"]}]},{\"@type\":\"ImageObject\",\"inLanguage\":\"de\",\"@id\":\"https:\/\/airporttelecom.com\/de\/esim\/tunesien\/#primaryimage\",\"url\":\"https:\/\/airporttelecom.com\/de\/wp-content\/uploads\/sites\/6\/2024\/07\/Simkaart-Tunisie.png\",\"contentUrl\":\"https:\/\/airporttelecom.com\/de\/wp-content\/uploads\/sites\/6\/2024\/07\/Simkaart-Tunisie.png\",\"width\":800,\"height\":316,\"caption\":\"SIM-Karte Tunesien\"},{\"@type\":\"BreadcrumbList\",\"@id\":\"https:\/\/airporttelecom.com\/de\/esim\/tunesien\/#breadcrumb\",\"itemListElement\":[{\"@type\":\"ListItem\",\"position\":1,\"name\":\"Home\",\"item\":\"https:\/\/airporttelecom.com\/de\/\"},{\"@type\":\"ListItem\",\"position\":2,\"name\":\"eSIM\",\"item\":\"https:\/\/airporttelecom.com\/de\/esim\/\"},{\"@type\":\"ListItem\",\"position\":3,\"name\":\"Tunesien\"}]},{\"@type\":\"WebSite\",\"@id\":\"https:\/\/airporttelecom.com\/de\/#website\",\"url\":\"https:\/\/airporttelecom.com\/de\/\",\"name\":\"Airport Telecom\",\"description\":\"\",\"publisher\":{\"@id\":\"https:\/\/airporttelecom.com\/de\/#organization\"},\"potentialAction\":[{\"@type\":\"SearchAction\",\"target\":{\"@type\":\"EntryPoint\",\"urlTemplate\":\"https:\/\/airporttelecom.com\/de\/?s={search_term_string}\"},\"query-input\":{\"@type\":\"PropertyValueSpecification\",\"valueRequired\":true,\"valueName\":\"search_term_string\"}}],\"inLanguage\":\"de\"},{\"@type\":\"Organization\",\"@id\":\"https:\/\/airporttelecom.com\/de\/#organization\",\"name\":\"Airport Telecom\",\"url\":\"https:\/\/airporttelecom.com\/de\/\",\"logo\":{\"@type\":\"ImageObject\",\"inLanguage\":\"de\",\"@id\":\"https:\/\/airporttelecom.com\/de\/#\/schema\/logo\/image\/\",\"url\":\"https:\/\/airporttelecom.com\/de\/wp-content\/uploads\/sites\/6\/2024\/06\/icon.png?wsr\",\"contentUrl\":\"https:\/\/airporttelecom.com\/de\/wp-content\/uploads\/sites\/6\/2024\/06\/icon.png?wsr\",\"width\":110,\"height\":110,\"caption\":\"Airport Telecom\"},\"image\":{\"@id\":\"https:\/\/airporttelecom.com\/de\/#\/schema\/logo\/image\/\"}}]}<\/script>\n<!-- \/ Yoast SEO Premium plugin. -->","yoast_head_json":{"title":"eSIM Tunesien kaufen f\u00fcr prepaid (unbegrenzt) telefonieren und internet - Airport Telecom DE","description":"Auf der Suche nach einem Prepaid eSIM Tunesien f\u00fcr (unbegrenzte) Anrufe und Internet? Optimale Erreichbarkeit auf Reisen in eSIM Naher Osten. Jetzt im Verkauf bei !","robots":{"index":"index","follow":"follow","max-snippet":"max-snippet:-1","max-image-preview":"max-image-preview:large","max-video-preview":"max-video-preview:-1"},"canonical":"https:\/\/airporttelecom.com\/de\/esim\/tunesien\/","og_locale":"de_DE","og_type":"article","og_title":"eSIM Tunesien","og_description":"Auf der Suche nach einem Prepaid eSIM Tunesien f\u00fcr (unbegrenzte) Anrufe und Internet? Optimale Erreichbarkeit auf Reisen in eSIM Naher Osten. Jetzt im Verkauf bei !","og_url":"https:\/\/airporttelecom.com\/de\/esim\/tunesien\/","og_site_name":"Airport Telecom DE","article_modified_time":"2025-08-31T15:45:38+00:00","og_image":[{"width":800,"height":316,"url":"https:\/\/airporttelecom.com\/de\/wp-content\/uploads\/sites\/6\/2024\/07\/Simkaart-Tunisie.png?wsr","type":"image\/png"}],"twitter_card":"summary_large_image","twitter_misc":{"Gesch\u00e4tzte Lesezeit":"1\u00a0Minute"},"schema":{"@context":"https:\/\/schema.org","@graph":[{"@type":"WebPage","@id":"https:\/\/airporttelecom.com\/de\/esim\/tunesien\/","url":"https:\/\/airporttelecom.com\/de\/esim\/tunesien\/","name":"eSIM Tunesien kaufen f\u00fcr prepaid (unbegrenzt) telefonieren und internet - Airport Telecom DE","isPartOf":{"@id":"https:\/\/airporttelecom.com\/de\/#website"},"primaryImageOfPage":{"@id":"https:\/\/airporttelecom.com\/de\/esim\/tunesien\/#primaryimage"},"image":{"@id":"https:\/\/airporttelecom.com\/de\/esim\/tunesien\/#primaryimage"},"thumbnailUrl":"https:\/\/airporttelecom.com\/de\/wp-content\/uploads\/sites\/6\/2024\/07\/Simkaart-Tunisie.png","datePublished":"2024-09-12T10:51:26+00:00","dateModified":"2025-08-31T15:45:38+00:00","description":"Auf der Suche nach einem Prepaid eSIM Tunesien f\u00fcr (unbegrenzte) Anrufe und Internet? Optimale Erreichbarkeit auf Reisen in eSIM Naher Osten. Jetzt im Verkauf bei !","breadcrumb":{"@id":"https:\/\/airporttelecom.com\/de\/esim\/tunesien\/#breadcrumb"},"inLanguage":"de","potentialAction":[{"@type":"ReadAction","target":["https:\/\/airporttelecom.com\/de\/esim\/tunesien\/"]}]},{"@type":"ImageObject","inLanguage":"de","@id":"https:\/\/airporttelecom.com\/de\/esim\/tunesien\/#primaryimage","url":"https:\/\/airporttelecom.com\/de\/wp-content\/uploads\/sites\/6\/2024\/07\/Simkaart-Tunisie.png","contentUrl":"https:\/\/airporttelecom.com\/de\/wp-content\/uploads\/sites\/6\/2024\/07\/Simkaart-Tunisie.png","width":800,"height":316,"caption":"SIM-Karte Tunesien"},{"@type":"BreadcrumbList","@id":"https:\/\/airporttelecom.com\/de\/esim\/tunesien\/#breadcrumb","itemListElement":[{"@type":"ListItem","position":1,"name":"Home","item":"https:\/\/airporttelecom.com\/de\/"},{"@type":"ListItem","position":2,"name":"eSIM","item":"https:\/\/airporttelecom.com\/de\/esim\/"},{"@type":"ListItem","position":3,"name":"Tunesien"}]},{"@type":"WebSite","@id":"https:\/\/airporttelecom.com\/de\/#website","url":"https:\/\/airporttelecom.com\/de\/","name":"Airport Telecom","description":"","publisher":{"@id":"https:\/\/airporttelecom.com\/de\/#organization"},"potentialAction":[{"@type":"SearchAction","target":{"@type":"EntryPoint","urlTemplate":"https:\/\/airporttelecom.com\/de\/?s={search_term_string}"},"query-input":{"@type":"PropertyValueSpecification","valueRequired":true,"valueName":"search_term_string"}}],"inLanguage":"de"},{"@type":"Organization","@id":"https:\/\/airporttelecom.com\/de\/#organization","name":"Airport Telecom","url":"https:\/\/airporttelecom.com\/de\/","logo":{"@type":"ImageObject","inLanguage":"de","@id":"https:\/\/airporttelecom.com\/de\/#\/schema\/logo\/image\/","url":"https:\/\/airporttelecom.com\/de\/wp-content\/uploads\/sites\/6\/2024\/06\/icon.png?wsr","contentUrl":"https:\/\/airporttelecom.com\/de\/wp-content\/uploads\/sites\/6\/2024\/06\/icon.png?wsr","width":110,"height":110,"caption":"Airport Telecom"},"image":{"@id":"https:\/\/airporttelecom.com\/de\/#\/schema\/logo\/image\/"}}]}},"_links":{"self":[{"href":"https:\/\/airporttelecom.com\/de\/wp-json\/wp\/v2\/product\/1480","targetHints":{"allow":["GET"]}}],"collection":[{"href":"https:\/\/airporttelecom.com\/de\/wp-json\/wp\/v2\/product"}],"about":[{"href":"https:\/\/airporttelecom.com\/de\/wp-json\/wp\/v2\/types\/product"}],"replies":[{"embeddable":true,"href":"https:\/\/airporttelecom.com\/de\/wp-json\/wp\/v2\/comments?post=1480"}],"wp:featuredmedia":[{"embeddable":true,"href":"https:\/\/airporttelecom.com\/de\/wp-json\/wp\/v2\/media\/1382"}],"wp:attachment":[{"href":"https:\/\/airporttelecom.com\/de\/wp-json\/wp\/v2\/media?parent=1480"}],"wp:term":[{"taxonomy":"product_brand","embeddable":true,"href":"https:\/\/airporttelecom.com\/de\/wp-json\/wp\/v2\/product_brand?post=1480"},{"taxonomy":"product_cat","embeddable":true,"href":"https:\/\/airporttelecom.com\/de\/wp-json\/wp\/v2\/product_cat?post=1480"},{"taxonomy":"product_tag","embeddable":true,"href":"https:\/\/airporttelecom.com\/de\/wp-json\/wp\/v2\/product_tag?post=1480"}],"curies":[{"name":"wp","href":"https:\/\/api.w.org\/{rel}","templated":true}]}}