{"id":1492,"date":"2024-09-12T10:51:28","date_gmt":"2024-09-12T10:51:28","guid":{"rendered":"https:\/\/airporttelecom.outperforming.nl\/nl\/product\/esim-abu-dhabi\/"},"modified":"2025-05-06T10:43:15","modified_gmt":"2025-05-06T10:43:15","slug":"esim-abu-dhabi","status":"publish","type":"product","link":"https:\/\/airporttelecom.com\/de\/esim\/abu-dhabi\/","title":{"rendered":"eSIM Abu Dhabi"},"content":{"rendered":"","protected":false},"excerpt":{"rendered":"","protected":false},"featured_media":1036,"comment_status":"open","ping_status":"closed","template":"","meta":{"_acf_changed":false},"product_brand":[],"product_cat":[16],"product_tag":[45],"class_list":{"0":"post-1492","1":"product","2":"type-product","3":"status-publish","4":"has-post-thumbnail","6":"product_cat-esim","7":"product_tag-esim-naher-osten","9":"first","10":"instock","11":"taxable","12":"shipping-taxable","13":"purchasable","14":"product-type-variable","15":"has-default-attributes"},"acf":{"gebied_afbeelding":923,"vlag_afbeelding":924,"provider":["NEX"],"product_synoniemen":null,"product_bestel_velden":["vertrekdatum"],"product_omschrijving":"<h2>Mobile Erreichbarkeit mit einer eSIM f\u00fcr Abu Dhabi<\/h2>\r\nMit einer Prepaid eSIM Abu Dhabi von Airport Telecom k\u00f6nnen Sie in ganz Abu Dhabi mobiles Internet nutzen. Sie k\u00f6nnen aus verschiedenen Daten- und Gespr\u00e4chspaketen w\u00e4hlen. Diese eignen sich hervorragend f\u00fcr die Internetnutzung und erm\u00f6glichen Ihnen den Zugang zu E-Mail, Whatsapp, Navigation und anderen Internetanwendungen \u00fcber eine schnelle 4G\/5G-Verbindung.\r\n<h2>Daten auf Reisen in Abu Dhabi<\/h2>\r\nDie eSIM f\u00fcr Abu Dhabi gibt es mit 5GB f\u00fcr 7 Tage, 10GB f\u00fcr 14 Tage und 20GB f\u00fcr 30 Tage.\r\n<h2>Whatsapp mit eSIM Abu Dhabi<\/h2>\r\nAlle internetbasierten Anrufe wie Whatsapp, Skype und FaceTime sind nat\u00fcrlich auch mit den eSIMs f\u00fcr Abu Dhabi m\u00f6glich Sie nutzen dann das Datenpaket auf der eSIM. Whatsapp k\u00f6nnen Sie weiterhin mit Ihren eigenen Kontakten, Gruppen und Chats nutzen. Nach der Installation einer Prepaid-eSIM fragt Whatsapp Sie m\u00f6glicherweise, ob Sie eine neue Identit\u00e4t erstellen m\u00f6chten oder ob alles so bleiben soll, wie es war. W\u00e4hlen Sie in diesem Fall Letzteres, und nichts wird sich \u00e4ndern. Sie k\u00f6nnen dann wie gewohnt mit Whatsapp Nachrichten versenden und Anrufe t\u00e4tigen.\r\n<h2>Reichweite in Abu Dhabi<\/h2>\r\nDie Mobilfunkabdeckung in Abu Dhabi ist hervorragend. Vom Al Jahili Fort bis zum Corniche Beach ist das Mobilfunknetz \u00fcberall gut ausgebaut.\r\n<h2>Abu Dhabi eSIM per E-Mail erhalten<\/h2>\r\nSie erhalten die eSIM f\u00fcr Abu Dhabi von uns per E-Mail. Das geht sehr schnell und ist auch m\u00f6glich, wenn Sie bereits in Abu Dhabi sind oder sehr kurzfristig abreisen.\r\n\r\n&nbsp;","product_specificaties":"<h2>Vorteile eSIM Abu Dhabi<\/h2>\r\nDie eSIM funktioniert in den gesamten Emiraten einschlie\u00dflich Dubai\r\n\r\n.\r\n\r\nDie eSIM Abu Dhabi ist f\u00fcr Tethering geeignet und kann daher auch f\u00fcr Hotspot und MIFI genutzt werden.\r\n\r\nDie eSIM f\u00fcr Abu Dhabi wird Ihnen per E-Mail zugesandt. Es handelt sich um einen QR-Code, der mit dem Telefon eingescannt werden muss. Dies kann also auch dann geschehen, wenn Sie bereits in Abu Dhabi sind oder sehr kurzfristig abreisen.\r\n\r\nDer Vorteil der eSIM-Variante ist, dass man seinen Datenverkehr in Abu Dhabi \u00fcber das Prepaid-Datenpaket abwickeln kann und gleichzeitig dort unter der eigenen Mobilfunknummer erreichbar bleibt.\r\n\r\neSIM kann nur in Handys verwendet werden, die daf\u00fcr geeignet sind. Pr\u00fcfen Sie dies sorgf\u00e4ltig, bevor Sie sich f\u00fcr eine eSIM entscheiden. eSIM kann ohnehin in iPhone XS, XS Max, XR, iPhone 11 und h\u00f6her verwendet werden.\r\n<h2>Daten &amp; Anrufe in Abu Dhabi<\/h2>\r\nEs gibt drei Varianten f\u00fcr die eSIM Abu Dhabi:\r\n\r\n5GB Daten, 7 Tage g\u00fcltig, 19 \u20ac\r\n\r\n10GB Daten, 14 Tage g\u00fcltig, \u20ac35\r\n\r\n20GB Daten, g\u00fcltig 30 Tage, 59 \u20ac\r\n\r\n.","product_handleiding":"<h2>Wie installiere ich die eSim Abu Dhabi in meinem Telefon?<\/h2>\r\n\u00d6ffnen Sie den Schieberegler an der Seite des Telefons. Sie k\u00f6nnen dies mit dem Stift tun, der mit dem Telefon geliefert wird. Wenn Sie diesen nicht haben, k\u00f6nnen Sie ihn durch Biegen einer B\u00fcroklammer herstellen. Die Airport Telecom eSim wird auch mit einem zus\u00e4tzlichen Stift geliefert.\r\n\r\nEntferne deine eigene eSim und bewahre sie gut auf! Setzen Sie nun die neue eSim ein. Es gibt nur eine M\u00f6glichkeit, dies zu tun. Vielleicht haben Sie ein Telefon, das mehrere eSim aufnehmen kann. Dann legen Sie die neue eSim wie eine zus\u00e4tzliche Karte ein.\r\n\r\nSchieben Sie nun den eSim-Schieber zur\u00fcck in das Telefon. Sie sollten nun in der Lage sein, die neue SIM-Karte automatisch zu verwenden. Das Telefon fordert Sie m\u00f6glicherweise auf, einige zus\u00e4tzliche Einstellungen vorzunehmen.","product_veelgestelde_vragen":[{"vraag":"Welches eSim soll in Abu Dhabi verwendet werden?","antwoord":"F\u00fcr einen kurzen Aufenthalt von ein paar Tagen ben\u00f6tigen Sie wahrscheinlich nicht so viele Daten. Das 10-GB-Datenpaket f\u00fcr Abu Dhabi kann dann ausreichend sein. Anwendungen wie Whatsapp, Instagram und Navigation verbrauchen nicht viel Daten. Wenn Sie l\u00e4nger bleiben, kann es sinnvoll sein, sich f\u00fcr Unlimited zu entscheiden, um sicherzustellen, dass Sie gen\u00fcgend Daten haben."},{"vraag":"Wo kann man eine eSim f\u00fcr Abu Dhabi kaufen?","antwoord":"Kaufen Sie eine esim f\u00fcr Abu Dhabi online bei Airport Telecom. Sie erhalten die eSIM per E-Mail. Es handelt sich um einen QR-Code, den Sie mit Ihrem Telefon einscannen m\u00fcssen. Sie k\u00f6nnen dies also auch tun, wenn Sie bereits in Abu Dhabi sind oder sehr kurzfristig abreisen."}]},"yoast_head":"<!-- This site is optimized with the Yoast SEO Premium plugin v24.4 (Yoast SEO v27.5) - https:\/\/yoast.com\/product\/yoast-seo-premium-wordpress\/ -->\n<title>eSIM Abu Dhabi kaufen f\u00fcr prepaid (unbegrenzt) telefonieren und internet - Airport Telecom DE<\/title>\n<meta name=\"description\" content=\"Auf der Suche nach einem Prepaid eSIM Abu Dhabi f\u00fcr (unbegrenzte) Anrufe und Internet? Optimale Erreichbarkeit auf Reisen in eSIM Naher Osten. Jetzt im Verkauf bei !\" \/>\n<meta name=\"robots\" content=\"index, follow, max-snippet:-1, max-image-preview:large, max-video-preview:-1\" \/>\n<link rel=\"canonical\" href=\"https:\/\/airporttelecom.com\/de\/esim\/abu-dhabi\/\" \/>\n<meta property=\"og:locale\" content=\"de_DE\" \/>\n<meta property=\"og:type\" content=\"article\" \/>\n<meta property=\"og:title\" content=\"eSIM Abu Dhabi\" \/>\n<meta property=\"og:description\" content=\"Auf der Suche nach einem Prepaid eSIM Abu Dhabi f\u00fcr (unbegrenzte) Anrufe und Internet? Optimale Erreichbarkeit auf Reisen in eSIM Naher Osten. Jetzt im Verkauf bei !\" \/>\n<meta property=\"og:url\" content=\"https:\/\/airporttelecom.com\/de\/esim\/abu-dhabi\/\" \/>\n<meta property=\"og:site_name\" content=\"Airport Telecom DE\" \/>\n<meta property=\"article:modified_time\" content=\"2025-05-06T10:43:15+00:00\" \/>\n<meta property=\"og:image\" content=\"https:\/\/airporttelecom.com\/de\/wp-content\/uploads\/sites\/6\/2024\/07\/Simkaart-Abu-Dhabi.png?wsr\" \/>\n\t<meta property=\"og:image:width\" content=\"800\" \/>\n\t<meta property=\"og:image:height\" content=\"316\" \/>\n\t<meta property=\"og:image:type\" content=\"image\/png\" \/>\n<meta name=\"twitter:card\" content=\"summary_large_image\" \/>\n<meta name=\"twitter:label1\" content=\"Gesch\u00e4tzte Lesezeit\" \/>\n\t<meta name=\"twitter:data1\" content=\"1\u00a0Minute\" \/>\n<script type=\"application\/ld+json\" class=\"yoast-schema-graph\">{\"@context\":\"https:\\\/\\\/schema.org\",\"@graph\":[{\"@type\":\"WebPage\",\"@id\":\"https:\\\/\\\/airporttelecom.com\\\/de\\\/esim\\\/abu-dhabi\\\/\",\"url\":\"https:\\\/\\\/airporttelecom.com\\\/de\\\/esim\\\/abu-dhabi\\\/\",\"name\":\"eSIM Abu Dhabi kaufen f\u00fcr prepaid (unbegrenzt) telefonieren und internet - Airport Telecom DE\",\"isPartOf\":{\"@id\":\"https:\\\/\\\/airporttelecom.com\\\/de\\\/#website\"},\"primaryImageOfPage\":{\"@id\":\"https:\\\/\\\/airporttelecom.com\\\/de\\\/esim\\\/abu-dhabi\\\/#primaryimage\"},\"image\":{\"@id\":\"https:\\\/\\\/airporttelecom.com\\\/de\\\/esim\\\/abu-dhabi\\\/#primaryimage\"},\"thumbnailUrl\":\"https:\\\/\\\/airporttelecom.com\\\/de\\\/wp-content\\\/uploads\\\/sites\\\/6\\\/2024\\\/07\\\/Simkaart-Abu-Dhabi.png\",\"datePublished\":\"2024-09-12T10:51:28+00:00\",\"dateModified\":\"2025-05-06T10:43:15+00:00\",\"description\":\"Auf der Suche nach einem Prepaid eSIM Abu Dhabi f\u00fcr (unbegrenzte) Anrufe und Internet? Optimale Erreichbarkeit auf Reisen in eSIM Naher Osten. Jetzt im Verkauf bei !\",\"breadcrumb\":{\"@id\":\"https:\\\/\\\/airporttelecom.com\\\/de\\\/esim\\\/abu-dhabi\\\/#breadcrumb\"},\"inLanguage\":\"de\",\"potentialAction\":[{\"@type\":\"ReadAction\",\"target\":[\"https:\\\/\\\/airporttelecom.com\\\/de\\\/esim\\\/abu-dhabi\\\/\"]}]},{\"@type\":\"ImageObject\",\"inLanguage\":\"de\",\"@id\":\"https:\\\/\\\/airporttelecom.com\\\/de\\\/esim\\\/abu-dhabi\\\/#primaryimage\",\"url\":\"https:\\\/\\\/airporttelecom.com\\\/de\\\/wp-content\\\/uploads\\\/sites\\\/6\\\/2024\\\/07\\\/Simkaart-Abu-Dhabi.png\",\"contentUrl\":\"https:\\\/\\\/airporttelecom.com\\\/de\\\/wp-content\\\/uploads\\\/sites\\\/6\\\/2024\\\/07\\\/Simkaart-Abu-Dhabi.png\",\"width\":800,\"height\":316,\"caption\":\"SIM-Karte Abu Dhabi\"},{\"@type\":\"BreadcrumbList\",\"@id\":\"https:\\\/\\\/airporttelecom.com\\\/de\\\/esim\\\/abu-dhabi\\\/#breadcrumb\",\"itemListElement\":[{\"@type\":\"ListItem\",\"position\":1,\"name\":\"Home\",\"item\":\"https:\\\/\\\/airporttelecom.com\\\/de\\\/\"},{\"@type\":\"ListItem\",\"position\":2,\"name\":\"eSIM\",\"item\":\"https:\\\/\\\/airporttelecom.com\\\/de\\\/esim\\\/\"},{\"@type\":\"ListItem\",\"position\":3,\"name\":\"Abu Dhabi\"}]},{\"@type\":\"WebSite\",\"@id\":\"https:\\\/\\\/airporttelecom.com\\\/de\\\/#website\",\"url\":\"https:\\\/\\\/airporttelecom.com\\\/de\\\/\",\"name\":\"Airport Telecom\",\"description\":\"\",\"publisher\":{\"@id\":\"https:\\\/\\\/airporttelecom.com\\\/de\\\/#organization\"},\"potentialAction\":[{\"@type\":\"SearchAction\",\"target\":{\"@type\":\"EntryPoint\",\"urlTemplate\":\"https:\\\/\\\/airporttelecom.com\\\/de\\\/?s={search_term_string}\"},\"query-input\":{\"@type\":\"PropertyValueSpecification\",\"valueRequired\":true,\"valueName\":\"search_term_string\"}}],\"inLanguage\":\"de\"},{\"@type\":\"Organization\",\"@id\":\"https:\\\/\\\/airporttelecom.com\\\/de\\\/#organization\",\"name\":\"Airport Telecom\",\"url\":\"https:\\\/\\\/airporttelecom.com\\\/de\\\/\",\"logo\":{\"@type\":\"ImageObject\",\"inLanguage\":\"de\",\"@id\":\"https:\\\/\\\/airporttelecom.com\\\/de\\\/#\\\/schema\\\/logo\\\/image\\\/\",\"url\":\"https:\\\/\\\/airporttelecom.com\\\/de\\\/wp-content\\\/uploads\\\/sites\\\/6\\\/2024\\\/06\\\/icon.png?wsr\",\"contentUrl\":\"https:\\\/\\\/airporttelecom.com\\\/de\\\/wp-content\\\/uploads\\\/sites\\\/6\\\/2024\\\/06\\\/icon.png?wsr\",\"width\":110,\"height\":110,\"caption\":\"Airport Telecom\"},\"image\":{\"@id\":\"https:\\\/\\\/airporttelecom.com\\\/de\\\/#\\\/schema\\\/logo\\\/image\\\/\"}}]}<\/script>\n<!-- \/ Yoast SEO Premium plugin. -->","yoast_head_json":{"title":"eSIM Abu Dhabi kaufen f\u00fcr prepaid (unbegrenzt) telefonieren und internet - Airport Telecom DE","description":"Auf der Suche nach einem Prepaid eSIM Abu Dhabi f\u00fcr (unbegrenzte) Anrufe und Internet? Optimale Erreichbarkeit auf Reisen in eSIM Naher Osten. Jetzt im Verkauf bei !","robots":{"index":"index","follow":"follow","max-snippet":"max-snippet:-1","max-image-preview":"max-image-preview:large","max-video-preview":"max-video-preview:-1"},"canonical":"https:\/\/airporttelecom.com\/de\/esim\/abu-dhabi\/","og_locale":"de_DE","og_type":"article","og_title":"eSIM Abu Dhabi","og_description":"Auf der Suche nach einem Prepaid eSIM Abu Dhabi f\u00fcr (unbegrenzte) Anrufe und Internet? Optimale Erreichbarkeit auf Reisen in eSIM Naher Osten. Jetzt im Verkauf bei !","og_url":"https:\/\/airporttelecom.com\/de\/esim\/abu-dhabi\/","og_site_name":"Airport Telecom DE","article_modified_time":"2025-05-06T10:43:15+00:00","og_image":[{"width":800,"height":316,"url":"https:\/\/airporttelecom.com\/de\/wp-content\/uploads\/sites\/6\/2024\/07\/Simkaart-Abu-Dhabi.png?wsr","type":"image\/png"}],"twitter_card":"summary_large_image","twitter_misc":{"Gesch\u00e4tzte Lesezeit":"1\u00a0Minute"},"schema":{"@context":"https:\/\/schema.org","@graph":[{"@type":"WebPage","@id":"https:\/\/airporttelecom.com\/de\/esim\/abu-dhabi\/","url":"https:\/\/airporttelecom.com\/de\/esim\/abu-dhabi\/","name":"eSIM Abu Dhabi kaufen f\u00fcr prepaid (unbegrenzt) telefonieren und internet - Airport Telecom DE","isPartOf":{"@id":"https:\/\/airporttelecom.com\/de\/#website"},"primaryImageOfPage":{"@id":"https:\/\/airporttelecom.com\/de\/esim\/abu-dhabi\/#primaryimage"},"image":{"@id":"https:\/\/airporttelecom.com\/de\/esim\/abu-dhabi\/#primaryimage"},"thumbnailUrl":"https:\/\/airporttelecom.com\/de\/wp-content\/uploads\/sites\/6\/2024\/07\/Simkaart-Abu-Dhabi.png","datePublished":"2024-09-12T10:51:28+00:00","dateModified":"2025-05-06T10:43:15+00:00","description":"Auf der Suche nach einem Prepaid eSIM Abu Dhabi f\u00fcr (unbegrenzte) Anrufe und Internet? Optimale Erreichbarkeit auf Reisen in eSIM Naher Osten. Jetzt im Verkauf bei !","breadcrumb":{"@id":"https:\/\/airporttelecom.com\/de\/esim\/abu-dhabi\/#breadcrumb"},"inLanguage":"de","potentialAction":[{"@type":"ReadAction","target":["https:\/\/airporttelecom.com\/de\/esim\/abu-dhabi\/"]}]},{"@type":"ImageObject","inLanguage":"de","@id":"https:\/\/airporttelecom.com\/de\/esim\/abu-dhabi\/#primaryimage","url":"https:\/\/airporttelecom.com\/de\/wp-content\/uploads\/sites\/6\/2024\/07\/Simkaart-Abu-Dhabi.png","contentUrl":"https:\/\/airporttelecom.com\/de\/wp-content\/uploads\/sites\/6\/2024\/07\/Simkaart-Abu-Dhabi.png","width":800,"height":316,"caption":"SIM-Karte Abu Dhabi"},{"@type":"BreadcrumbList","@id":"https:\/\/airporttelecom.com\/de\/esim\/abu-dhabi\/#breadcrumb","itemListElement":[{"@type":"ListItem","position":1,"name":"Home","item":"https:\/\/airporttelecom.com\/de\/"},{"@type":"ListItem","position":2,"name":"eSIM","item":"https:\/\/airporttelecom.com\/de\/esim\/"},{"@type":"ListItem","position":3,"name":"Abu Dhabi"}]},{"@type":"WebSite","@id":"https:\/\/airporttelecom.com\/de\/#website","url":"https:\/\/airporttelecom.com\/de\/","name":"Airport Telecom","description":"","publisher":{"@id":"https:\/\/airporttelecom.com\/de\/#organization"},"potentialAction":[{"@type":"SearchAction","target":{"@type":"EntryPoint","urlTemplate":"https:\/\/airporttelecom.com\/de\/?s={search_term_string}"},"query-input":{"@type":"PropertyValueSpecification","valueRequired":true,"valueName":"search_term_string"}}],"inLanguage":"de"},{"@type":"Organization","@id":"https:\/\/airporttelecom.com\/de\/#organization","name":"Airport Telecom","url":"https:\/\/airporttelecom.com\/de\/","logo":{"@type":"ImageObject","inLanguage":"de","@id":"https:\/\/airporttelecom.com\/de\/#\/schema\/logo\/image\/","url":"https:\/\/airporttelecom.com\/de\/wp-content\/uploads\/sites\/6\/2024\/06\/icon.png?wsr","contentUrl":"https:\/\/airporttelecom.com\/de\/wp-content\/uploads\/sites\/6\/2024\/06\/icon.png?wsr","width":110,"height":110,"caption":"Airport Telecom"},"image":{"@id":"https:\/\/airporttelecom.com\/de\/#\/schema\/logo\/image\/"}}]}},"_links":{"self":[{"href":"https:\/\/airporttelecom.com\/de\/wp-json\/wp\/v2\/product\/1492","targetHints":{"allow":["GET"]}}],"collection":[{"href":"https:\/\/airporttelecom.com\/de\/wp-json\/wp\/v2\/product"}],"about":[{"href":"https:\/\/airporttelecom.com\/de\/wp-json\/wp\/v2\/types\/product"}],"replies":[{"embeddable":true,"href":"https:\/\/airporttelecom.com\/de\/wp-json\/wp\/v2\/comments?post=1492"}],"wp:featuredmedia":[{"embeddable":true,"href":"https:\/\/airporttelecom.com\/de\/wp-json\/wp\/v2\/media\/1036"}],"wp:attachment":[{"href":"https:\/\/airporttelecom.com\/de\/wp-json\/wp\/v2\/media?parent=1492"}],"wp:term":[{"taxonomy":"product_brand","embeddable":true,"href":"https:\/\/airporttelecom.com\/de\/wp-json\/wp\/v2\/product_brand?post=1492"},{"taxonomy":"product_cat","embeddable":true,"href":"https:\/\/airporttelecom.com\/de\/wp-json\/wp\/v2\/product_cat?post=1492"},{"taxonomy":"product_tag","embeddable":true,"href":"https:\/\/airporttelecom.com\/de\/wp-json\/wp\/v2\/product_tag?post=1492"}],"curies":[{"name":"wp","href":"https:\/\/api.w.org\/{rel}","templated":true}]}}