{"id":1498,"date":"2024-09-12T10:51:30","date_gmt":"2024-09-12T10:51:30","guid":{"rendered":"https:\/\/airporttelecom.outperforming.nl\/nl\/product\/esim-hawai\/"},"modified":"2025-05-01T08:04:28","modified_gmt":"2025-05-01T08:04:28","slug":"esim-hawaii","status":"publish","type":"product","link":"https:\/\/airporttelecom.com\/de\/esim\/hawaii\/","title":{"rendered":"eSIM Hawaii"},"content":{"rendered":"","protected":false},"excerpt":{"rendered":"","protected":false},"featured_media":1157,"comment_status":"open","ping_status":"closed","template":"","meta":{"_acf_changed":false},"product_brand":[],"product_cat":[16],"product_tag":[42],"class_list":{"0":"post-1498","1":"product","2":"type-product","3":"status-publish","4":"has-post-thumbnail","6":"product_cat-esim","7":"product_tag-esim-australien-und-ozeanien","9":"first","10":"instock","11":"taxable","12":"shipping-taxable","13":"purchasable","14":"product-type-variable","15":"has-default-attributes"},"acf":{"gebied_afbeelding":846,"vlag_afbeelding":847,"provider":["NEX","ATT"],"product_synoniemen":null,"product_bestel_velden":"","product_omschrijving":"<h2>Mobile Erreichbarkeit mit einer eSim f\u00fcr Hawaii<\/h2>\r\nMit der Prepaid eSim Hawaii von Airport Telecom k\u00f6nnen Sie das mobile Internet im gesamten US-Bundesstaat Hawaii nutzen. Die eSim bieten eine hervorragende Abdeckung \u00fcber die US 4G- und 5G-Netze von AT&amp;T und T-Mobile. Sie k\u00f6nnen aus verschiedenen Datenpaketen w\u00e4hlen. Diese Pakete eignen sich hervorragend f\u00fcr die Internetnutzung und erm\u00f6glichen Ihnen den Zugang zu E-Mail, Whatsapp, Navigation und anderen Internetanwendungen \u00fcber eine schnelle 4G\/5G-Verbindung.\r\n<h2>Daten und Anrufe auf Reisen in Hawaii<\/h2>\r\nDie eSim f\u00fcr Hawaii sind mit einem 15GB und einem Unlimited Datenpaket erh\u00e4ltlich.\r\n<h2>Whatsapp mit eSim Hawaii<\/h2>\r\nAlle internetbasierten Anrufe wie Whatsapp, Skype und FaceTime sind nat\u00fcrlich auch mit der eSim f\u00fcr Hawaii m\u00f6glich. Sie nutzen dann das Datenpaket auf der eSim. Whatsapp k\u00f6nnen Sie weiterhin mit Ihren eigenen bestehenden Kontakten, Gruppen und Chats nutzen. Nach der Installation einer Prepaid-eSim kann es sein, dass Whatsapp Sie fragt, ob Sie eine neue Identit\u00e4t erstellen m\u00f6chten oder ob alles so bleiben soll, wie es war. W\u00e4hlen Sie in diesem Fall Letzteres, und nichts wird sich \u00e4ndern. Sie k\u00f6nnen dann wie gewohnt mit Whatsapp Nachrichten versenden und Anrufe t\u00e4tigen.\r\n<h2>Abdeckung auf Hawaii<\/h2>\r\nDie Abdeckung der Mobilfunknetze ist auf Hawaii im Allgemeinen ausgezeichnet. Das gilt nat\u00fcrlich auch f\u00fcr die Hauptstadt Honolulu. In abgelegenen Naturgebieten ist die Netzabdeckung weniger gut. Ansonsten ist die Netzabdeckung in den St\u00e4dten mit der eSim f\u00fcr Hawaii gut.\r\n<h2>Hawai eSIM per E-Mail erhalten<\/h2>\r\nSie erhalten die eSIM f\u00fcr Hawaii von uns per E-Mail. Das geht sehr schnell und ist auch m\u00f6glich, wenn Sie bereits auf Hawaii sind oder sehr kurzfristig abreisen.","product_specificaties":"<h2>Vorteile eSim Hawaii<\/h2>\r\nDie Sim ist in allen Gr\u00f6\u00dfen erh\u00e4ltlich (mini, micro und nano) und passt in jedes Telefon.\r\n\r\nDie eSim Hawaii ist f\u00fcr Hotspot und MIFI-Ger\u00e4te geeignet.\r\n<h2>Daten &amp; Telefonieren in Hawaii<\/h2>\r\nEs gibt zwei Varianten der eSim Hawaii:\r\n\r\n15GB Daten \u20ac49\r\n\r\n.\r\n\r\nInkl. 15GB Daten\r\n\r\nUnbegrenzte Daten \u20ac 69,= *\r\n\r\nInkl. Unbegrenzte Daten *\r\n\r\nDie Datenpakete sind nach Aktivierung 30 Tage lang g\u00fcltig.\r\n\r\n(*) Es gibt eine Fair Use Policy. Bei extremer Datennutzung oder extremem Gespr\u00e4chsverhalten kann der US-Anbieter die M\u00f6glichkeiten der Sim einschr\u00e4nken.\r\n<h2>W\u00e4hlen Sie Abholung oder Lieferung<\/h2>\r\nAbholung am Flughafen Amsterdam Schiphol\r\n\r\n.\r\n\r\nWenn Sie in Amsterdam ankommen, k\u00f6nnen Sie die eSim f\u00fcr Hawaii im Airport Telecom Shop in der Ankunftshalle 1 &amp; 2 des Amsterdamer Flughafens Schiphol abholen.\r\n<h2>Kostenlose Lieferung<\/h2>\r\nM\u00f6chten Sie die eSim f\u00fcr Hawaii weiter liefern lassen? Wenn Sie an Werktagen vor 14.00 Uhr bestellen, wird sie noch am selben Tag per Post versandt. Normalerweise erfolgt die Lieferung dann innerhalb von ein bis zwei Werktagen.\r\n\r\nBestellen Sie die verschiedenen Terminvarianten \u00fcber die \u201eJetzt bestellen\u201c-Buttons auf dieser Seite.","product_handleiding":"<h2>Wie installiere ich die eSim Hawaii in meinem Telefon?<\/h2>\r\n\u00d6ffnen Sie den Schieberegler an der Seite des Telefons. Sie k\u00f6nnen dies mit dem Stift tun, der mit dem Telefon geliefert wurde. Wenn Sie diesen nicht haben, k\u00f6nnen Sie ihn durch Biegen einer B\u00fcroklammer herstellen. Die Airport Telecom eSim wird auch mit einem zus\u00e4tzlichen Stift geliefert.\r\n\r\nEntferne deine eigene eSim und bewahre sie gut auf! Setzen Sie nun die neue eSim ein. Es gibt nur eine M\u00f6glichkeit, dies zu tun. Vielleicht haben Sie ein Telefon, das mehrere eSim aufnehmen kann. Dann legen Sie die neue eSim wie eine zus\u00e4tzliche Karte ein.\r\n\r\nSchieben Sie nun den eSim-Schieber zur\u00fcck in das Telefon. Sie sollten nun in der Lage sein, die neue SIM-Karte automatisch zu verwenden. Das Telefon fordert Sie m\u00f6glicherweise auf, einige zus\u00e4tzliche Einstellungen vorzunehmen.","product_veelgestelde_vragen":[{"vraag":"Welches eSim soll auf Hawaii verwendet werden?","antwoord":"F\u00fcr einen kurzen Aufenthalt von ein paar Tagen ben\u00f6tigen Sie wahrscheinlich nicht so viele Daten. Das 15-GB-Datenpaket f\u00fcr Hawaii kann dann ausreichend sein. Anwendungen wie Whatsapp, Instagram und Navigation verbrauchen nicht viel Daten. Wenn Sie l\u00e4nger bleiben, kann es sinnvoll sein, Unlimited zu w\u00e4hlen, damit Sie auf jeden Fall genug Daten haben."},{"vraag":"Wo kann man eine eSim f\u00fcr Hawaii kaufen?","antwoord":"Kaufen Sie eine esim f\u00fcr Hawaii online bei Airport Telecom. Sie erhalten die eSIM per E-Mail. Es handelt sich um einen QR-Code, den Sie mit Ihrem Telefon einscannen m\u00fcssen. So k\u00f6nnen Sie dies auch tun, wenn Sie bereits auf Hawaii sind oder sehr kurzfristig abreisen."}]},"yoast_head":"<!-- This site is optimized with the Yoast SEO Premium plugin v24.4 (Yoast SEO v26.9) - https:\/\/yoast.com\/product\/yoast-seo-premium-wordpress\/ -->\n<title>eSIM Hawaii kaufen f\u00fcr prepaid (unbegrenzt) telefonieren und internet - Airport Telecom DE<\/title>\n<meta name=\"description\" content=\"Auf der Suche nach einem Prepaid eSIM Hawaii f\u00fcr (unbegrenzte) Anrufe und Internet? Optimale Erreichbarkeit auf Reisen in eSIM Australien und Ozeanien. Jetzt im Verkauf bei !\" \/>\n<meta name=\"robots\" content=\"index, follow, max-snippet:-1, max-image-preview:large, max-video-preview:-1\" \/>\n<link rel=\"canonical\" href=\"https:\/\/airporttelecom.com\/de\/esim\/hawaii\/\" \/>\n<meta property=\"og:locale\" content=\"de_DE\" \/>\n<meta property=\"og:type\" content=\"article\" \/>\n<meta property=\"og:title\" content=\"eSIM Hawaii\" \/>\n<meta property=\"og:description\" content=\"Auf der Suche nach einem Prepaid eSIM Hawaii f\u00fcr (unbegrenzte) Anrufe und Internet? Optimale Erreichbarkeit auf Reisen in eSIM Australien und Ozeanien. Jetzt im Verkauf bei !\" \/>\n<meta property=\"og:url\" content=\"https:\/\/airporttelecom.com\/de\/esim\/hawaii\/\" \/>\n<meta property=\"og:site_name\" content=\"Airport Telecom DE\" \/>\n<meta property=\"article:modified_time\" content=\"2025-05-01T08:04:28+00:00\" \/>\n<meta property=\"og:image\" content=\"https:\/\/airporttelecom.com\/de\/wp-content\/uploads\/sites\/6\/2024\/07\/Simkaart-Hawaii.png?wsr\" \/>\n\t<meta property=\"og:image:width\" content=\"800\" \/>\n\t<meta property=\"og:image:height\" content=\"319\" \/>\n\t<meta property=\"og:image:type\" content=\"image\/png\" \/>\n<meta name=\"twitter:card\" content=\"summary_large_image\" \/>\n<meta name=\"twitter:label1\" content=\"Gesch\u00e4tzte Lesezeit\" \/>\n\t<meta name=\"twitter:data1\" content=\"1\u00a0Minute\" \/>\n<script type=\"application\/ld+json\" class=\"yoast-schema-graph\">{\"@context\":\"https:\/\/schema.org\",\"@graph\":[{\"@type\":\"WebPage\",\"@id\":\"https:\/\/airporttelecom.com\/de\/esim\/hawaii\/\",\"url\":\"https:\/\/airporttelecom.com\/de\/esim\/hawaii\/\",\"name\":\"eSIM Hawaii kaufen f\u00fcr prepaid (unbegrenzt) telefonieren und internet - Airport Telecom DE\",\"isPartOf\":{\"@id\":\"https:\/\/airporttelecom.com\/de\/#website\"},\"primaryImageOfPage\":{\"@id\":\"https:\/\/airporttelecom.com\/de\/esim\/hawaii\/#primaryimage\"},\"image\":{\"@id\":\"https:\/\/airporttelecom.com\/de\/esim\/hawaii\/#primaryimage\"},\"thumbnailUrl\":\"https:\/\/airporttelecom.com\/de\/wp-content\/uploads\/sites\/6\/2024\/07\/Simkaart-Hawaii.png\",\"datePublished\":\"2024-09-12T10:51:30+00:00\",\"dateModified\":\"2025-05-01T08:04:28+00:00\",\"description\":\"Auf der Suche nach einem Prepaid eSIM Hawaii f\u00fcr (unbegrenzte) Anrufe und Internet? Optimale Erreichbarkeit auf Reisen in eSIM Australien und Ozeanien. Jetzt im Verkauf bei !\",\"breadcrumb\":{\"@id\":\"https:\/\/airporttelecom.com\/de\/esim\/hawaii\/#breadcrumb\"},\"inLanguage\":\"de\",\"potentialAction\":[{\"@type\":\"ReadAction\",\"target\":[\"https:\/\/airporttelecom.com\/de\/esim\/hawaii\/\"]}]},{\"@type\":\"ImageObject\",\"inLanguage\":\"de\",\"@id\":\"https:\/\/airporttelecom.com\/de\/esim\/hawaii\/#primaryimage\",\"url\":\"https:\/\/airporttelecom.com\/de\/wp-content\/uploads\/sites\/6\/2024\/07\/Simkaart-Hawaii.png\",\"contentUrl\":\"https:\/\/airporttelecom.com\/de\/wp-content\/uploads\/sites\/6\/2024\/07\/Simkaart-Hawaii.png\",\"width\":800,\"height\":319,\"caption\":\"Sim-Karte Hawaii\"},{\"@type\":\"BreadcrumbList\",\"@id\":\"https:\/\/airporttelecom.com\/de\/esim\/hawaii\/#breadcrumb\",\"itemListElement\":[{\"@type\":\"ListItem\",\"position\":1,\"name\":\"Home\",\"item\":\"https:\/\/airporttelecom.com\/de\/\"},{\"@type\":\"ListItem\",\"position\":2,\"name\":\"eSIM\",\"item\":\"https:\/\/airporttelecom.com\/de\/esim\/\"},{\"@type\":\"ListItem\",\"position\":3,\"name\":\"Hawaii\"}]},{\"@type\":\"WebSite\",\"@id\":\"https:\/\/airporttelecom.com\/de\/#website\",\"url\":\"https:\/\/airporttelecom.com\/de\/\",\"name\":\"Airport Telecom\",\"description\":\"\",\"publisher\":{\"@id\":\"https:\/\/airporttelecom.com\/de\/#organization\"},\"potentialAction\":[{\"@type\":\"SearchAction\",\"target\":{\"@type\":\"EntryPoint\",\"urlTemplate\":\"https:\/\/airporttelecom.com\/de\/?s={search_term_string}\"},\"query-input\":{\"@type\":\"PropertyValueSpecification\",\"valueRequired\":true,\"valueName\":\"search_term_string\"}}],\"inLanguage\":\"de\"},{\"@type\":\"Organization\",\"@id\":\"https:\/\/airporttelecom.com\/de\/#organization\",\"name\":\"Airport Telecom\",\"url\":\"https:\/\/airporttelecom.com\/de\/\",\"logo\":{\"@type\":\"ImageObject\",\"inLanguage\":\"de\",\"@id\":\"https:\/\/airporttelecom.com\/de\/#\/schema\/logo\/image\/\",\"url\":\"https:\/\/airporttelecom.com\/de\/wp-content\/uploads\/sites\/6\/2024\/06\/icon.png?wsr\",\"contentUrl\":\"https:\/\/airporttelecom.com\/de\/wp-content\/uploads\/sites\/6\/2024\/06\/icon.png?wsr\",\"width\":110,\"height\":110,\"caption\":\"Airport Telecom\"},\"image\":{\"@id\":\"https:\/\/airporttelecom.com\/de\/#\/schema\/logo\/image\/\"}}]}<\/script>\n<!-- \/ Yoast SEO Premium plugin. -->","yoast_head_json":{"title":"eSIM Hawaii kaufen f\u00fcr prepaid (unbegrenzt) telefonieren und internet - Airport Telecom DE","description":"Auf der Suche nach einem Prepaid eSIM Hawaii f\u00fcr (unbegrenzte) Anrufe und Internet? Optimale Erreichbarkeit auf Reisen in eSIM Australien und Ozeanien. Jetzt im Verkauf bei !","robots":{"index":"index","follow":"follow","max-snippet":"max-snippet:-1","max-image-preview":"max-image-preview:large","max-video-preview":"max-video-preview:-1"},"canonical":"https:\/\/airporttelecom.com\/de\/esim\/hawaii\/","og_locale":"de_DE","og_type":"article","og_title":"eSIM Hawaii","og_description":"Auf der Suche nach einem Prepaid eSIM Hawaii f\u00fcr (unbegrenzte) Anrufe und Internet? Optimale Erreichbarkeit auf Reisen in eSIM Australien und Ozeanien. Jetzt im Verkauf bei !","og_url":"https:\/\/airporttelecom.com\/de\/esim\/hawaii\/","og_site_name":"Airport Telecom DE","article_modified_time":"2025-05-01T08:04:28+00:00","og_image":[{"width":800,"height":319,"url":"https:\/\/airporttelecom.com\/de\/wp-content\/uploads\/sites\/6\/2024\/07\/Simkaart-Hawaii.png?wsr","type":"image\/png"}],"twitter_card":"summary_large_image","twitter_misc":{"Gesch\u00e4tzte Lesezeit":"1\u00a0Minute"},"schema":{"@context":"https:\/\/schema.org","@graph":[{"@type":"WebPage","@id":"https:\/\/airporttelecom.com\/de\/esim\/hawaii\/","url":"https:\/\/airporttelecom.com\/de\/esim\/hawaii\/","name":"eSIM Hawaii kaufen f\u00fcr prepaid (unbegrenzt) telefonieren und internet - Airport Telecom DE","isPartOf":{"@id":"https:\/\/airporttelecom.com\/de\/#website"},"primaryImageOfPage":{"@id":"https:\/\/airporttelecom.com\/de\/esim\/hawaii\/#primaryimage"},"image":{"@id":"https:\/\/airporttelecom.com\/de\/esim\/hawaii\/#primaryimage"},"thumbnailUrl":"https:\/\/airporttelecom.com\/de\/wp-content\/uploads\/sites\/6\/2024\/07\/Simkaart-Hawaii.png","datePublished":"2024-09-12T10:51:30+00:00","dateModified":"2025-05-01T08:04:28+00:00","description":"Auf der Suche nach einem Prepaid eSIM Hawaii f\u00fcr (unbegrenzte) Anrufe und Internet? Optimale Erreichbarkeit auf Reisen in eSIM Australien und Ozeanien. Jetzt im Verkauf bei !","breadcrumb":{"@id":"https:\/\/airporttelecom.com\/de\/esim\/hawaii\/#breadcrumb"},"inLanguage":"de","potentialAction":[{"@type":"ReadAction","target":["https:\/\/airporttelecom.com\/de\/esim\/hawaii\/"]}]},{"@type":"ImageObject","inLanguage":"de","@id":"https:\/\/airporttelecom.com\/de\/esim\/hawaii\/#primaryimage","url":"https:\/\/airporttelecom.com\/de\/wp-content\/uploads\/sites\/6\/2024\/07\/Simkaart-Hawaii.png","contentUrl":"https:\/\/airporttelecom.com\/de\/wp-content\/uploads\/sites\/6\/2024\/07\/Simkaart-Hawaii.png","width":800,"height":319,"caption":"Sim-Karte Hawaii"},{"@type":"BreadcrumbList","@id":"https:\/\/airporttelecom.com\/de\/esim\/hawaii\/#breadcrumb","itemListElement":[{"@type":"ListItem","position":1,"name":"Home","item":"https:\/\/airporttelecom.com\/de\/"},{"@type":"ListItem","position":2,"name":"eSIM","item":"https:\/\/airporttelecom.com\/de\/esim\/"},{"@type":"ListItem","position":3,"name":"Hawaii"}]},{"@type":"WebSite","@id":"https:\/\/airporttelecom.com\/de\/#website","url":"https:\/\/airporttelecom.com\/de\/","name":"Airport Telecom","description":"","publisher":{"@id":"https:\/\/airporttelecom.com\/de\/#organization"},"potentialAction":[{"@type":"SearchAction","target":{"@type":"EntryPoint","urlTemplate":"https:\/\/airporttelecom.com\/de\/?s={search_term_string}"},"query-input":{"@type":"PropertyValueSpecification","valueRequired":true,"valueName":"search_term_string"}}],"inLanguage":"de"},{"@type":"Organization","@id":"https:\/\/airporttelecom.com\/de\/#organization","name":"Airport Telecom","url":"https:\/\/airporttelecom.com\/de\/","logo":{"@type":"ImageObject","inLanguage":"de","@id":"https:\/\/airporttelecom.com\/de\/#\/schema\/logo\/image\/","url":"https:\/\/airporttelecom.com\/de\/wp-content\/uploads\/sites\/6\/2024\/06\/icon.png?wsr","contentUrl":"https:\/\/airporttelecom.com\/de\/wp-content\/uploads\/sites\/6\/2024\/06\/icon.png?wsr","width":110,"height":110,"caption":"Airport Telecom"},"image":{"@id":"https:\/\/airporttelecom.com\/de\/#\/schema\/logo\/image\/"}}]}},"_links":{"self":[{"href":"https:\/\/airporttelecom.com\/de\/wp-json\/wp\/v2\/product\/1498","targetHints":{"allow":["GET"]}}],"collection":[{"href":"https:\/\/airporttelecom.com\/de\/wp-json\/wp\/v2\/product"}],"about":[{"href":"https:\/\/airporttelecom.com\/de\/wp-json\/wp\/v2\/types\/product"}],"replies":[{"embeddable":true,"href":"https:\/\/airporttelecom.com\/de\/wp-json\/wp\/v2\/comments?post=1498"}],"wp:featuredmedia":[{"embeddable":true,"href":"https:\/\/airporttelecom.com\/de\/wp-json\/wp\/v2\/media\/1157"}],"wp:attachment":[{"href":"https:\/\/airporttelecom.com\/de\/wp-json\/wp\/v2\/media?parent=1498"}],"wp:term":[{"taxonomy":"product_brand","embeddable":true,"href":"https:\/\/airporttelecom.com\/de\/wp-json\/wp\/v2\/product_brand?post=1498"},{"taxonomy":"product_cat","embeddable":true,"href":"https:\/\/airporttelecom.com\/de\/wp-json\/wp\/v2\/product_cat?post=1498"},{"taxonomy":"product_tag","embeddable":true,"href":"https:\/\/airporttelecom.com\/de\/wp-json\/wp\/v2\/product_tag?post=1498"}],"curies":[{"name":"wp","href":"https:\/\/api.w.org\/{rel}","templated":true}]}}