{"id":1517,"date":"2024-09-12T10:51:34","date_gmt":"2024-09-12T10:51:34","guid":{"rendered":"https:\/\/airporttelecom.outperforming.nl\/nl\/product\/esim-ghana\/"},"modified":"2025-04-23T12:10:33","modified_gmt":"2025-04-23T12:10:33","slug":"esim-ghana","status":"publish","type":"product","link":"https:\/\/airporttelecom.com\/de\/esim\/ghana\/","title":{"rendered":"eSIM Ghana"},"content":{"rendered":"","protected":false},"excerpt":{"rendered":"","protected":false},"featured_media":1146,"comment_status":"open","ping_status":"closed","template":"","meta":{"_acf_changed":false},"product_brand":[],"product_cat":[16],"product_tag":[39],"class_list":{"0":"post-1517","1":"product","2":"type-product","3":"status-publish","4":"has-post-thumbnail","6":"product_cat-esim","7":"product_tag-esim-afrika","9":"first","10":"instock","11":"taxable","12":"shipping-taxable","13":"purchasable","14":"product-type-variable","15":"has-default-attributes"},"acf":{"gebied_afbeelding":839,"vlag_afbeelding":840,"provider":["NEX"],"product_synoniemen":null,"product_bestel_velden":"","product_omschrijving":"<h2><span>Mobilfunkabdeckung mit einer eSIM f\u00fcr Ghana<\/span><\/h2>\n\n\n<p><span>Mit einer Prepaid eSIM Ghana von Airport Telecom k\u00f6nnen Sie das mobile Internet in ganz Ghana nutzen. Sie k\u00f6nnen aus verschiedenen Daten- und Gespr\u00e4chspaketen w\u00e4hlen. Diese Pakete eignen sich hervorragend f\u00fcr die Internetnutzung und erm\u00f6glichen Ihnen den Zugang zu E-Mail, Whatsapp, Navigation und anderen Internetanwendungen \u00fcber eine schnelle 4G\/5G-Verbindung.<\/span><\/p>\n\n\n<h2><span>Daten auf Reisen in Ghana<\/span><\/h2>\n\n\n<p><span>Die eSIM f\u00fcr Ghana wird mit einem 10GB und Unlimited Datenpaket geliefert. Jede eSIM hat eine eigene Telefonnummer, \u00fcber die Sie kostenlose Anrufe in Ghana empfangen k\u00f6nnen. Sowohl die 10GB als auch die Unlimited eSIM f\u00fcr Ghana beinhalten Anrufe innerhalb Ghanas. <\/span><\/p>\n\n\n<h2><span>Whatsapp mit eSIM Ghana<\/span><\/h2>\n\n\n<p><span>Alle Internetanrufe wie Whatsapp, Skype und FaceTime sind nat\u00fcrlich auch mit den eSIMs f\u00fcr Ghana m\u00f6glich Sie nutzen dann das Datenpaket auf der eSIM. Whatsapp k\u00f6nnen Sie jederzeit mit Ihren eigenen Kontakten, Gruppen und Chats weiter nutzen. Nach dem Einlegen einer Prepaid-eSIM fragt Whatsapp m\u00f6glicherweise, ob Sie eine neue Identit\u00e4t erstellen m\u00f6chten oder ob alles so bleiben soll, wie es war. W\u00e4hlen Sie in diesem Fall Letzteres, dann \u00e4ndert sich nichts. Sie k\u00f6nnen dann wie gewohnt mit Whatsapp Nachrichten senden und Anrufe t\u00e4tigen.<\/span><\/p>\n\n\n<h2><span>Abdeckung in Ghana<\/span><\/h2>\n\n\n<p><span>Die Abdeckung der Mobilfunknetze ist in Ghana im Allgemeinen hervorragend. Das gilt vor allem f\u00fcr Gro\u00dfst\u00e4dte wie Accra. In abgelegenen Naturgebieten ist die Netzabdeckung weniger gut. Ansonsten ist die Abdeckung in D\u00f6rfern und St\u00e4dten mit der eSim f\u00fcr Ghana gut.\n\n\n<\/span><\/p><h2><span>Ghana eSIM per E-Mail erhalten<\/span><\/h2>\n\n\n<p><span>Sie erhalten die eSIM f\u00fcr Ghana von uns per E-Mail. Das geht sehr schnell und ist auch m\u00f6glich, wenn Sie bereits in Ghana sind oder sehr kurzfristig abreisen.<\/span><\/p>\n\n\n<h2><span>Bestellen Sie die Prepaid eSim Ghana online bei Airport Telecom<\/span><\/h2>.\n\n\n<p><span>Klicken Sie jetzt auf den Bestellbutton um die eSim Ghana zu bestellen. Haben Sie noch Fragen? Dann rufen Sie uns an unter 020 - 6530999 oder schreiben Sie eine E-Mail an info@airporttelecom.nl<\/span><\/p>","product_specificaties":"<h2><span>Vorteile eSIM Ghana<\/span><\/h2>\n\n\n<p><span>Die eSIM Ghana ist f\u00fcr Tethering geeignet und kann daher auch f\u00fcr Hotspot und MIFI genutzt werden.<\/span><\/p>\n\n\n<p><span>Die eSIM f\u00fcr Ghana wird Ihnen per E-Mail zugesandt. Es handelt sich um einen QR-Code, der mit dem Telefon eingescannt werden muss. Das geht also auch, wenn man schon in Ghana ist oder sehr kurzfristig abreist.<\/span><\/p>\n\n\n<p><span>Der Vorteil der eSIM-Variante ist, dass man seinen Datenverkehr in Ghana \u00fcber das Prepaid-Datenpaket laufen lassen kann und gleichzeitig unter der eigenen Handynummer erreichbar bleibt.<\/span><\/p>\n\n\n<p><span>eSIM kann nur in Handys verwendet werden, die daf\u00fcr geeignet sind. Pr\u00fcfen Sie dies sorgf\u00e4ltig, bevor Sie sich f\u00fcr die eSIM entscheiden. eSIM kann ohnehin in iPhone XS, XS Max, XR, iPhone 11 und h\u00f6her verwendet werden.<\/span><\/p>\n\n\n<h2><span>Daten &amp; Anrufe in Ghana<\/span><\/h2>\n\n\n<p><span>Es gibt zwei Varianten der eSIM Ghana:<\/span><\/p>\n\n\n<p><span>10GB Daten 59\u20ac<\/span><\/p>\n\n\n<p><span>Inkl. 10GB Daten<\/span><\/p>\n\n\n<p><span>Inkl. 500 Ortsgespr\u00e4chsminuten<\/span><\/p>\n\n\n<p><span>Unbegrenzte Daten \u20ac 89,= *<\/span><\/p>\n\n\n<p><span>Inkl. unbegrenzte Daten *<\/span><\/p>\n\n\n<p><span>Inkl. unbegrenzte Ortsgespr\u00e4chsminuten<\/span><\/p>.\n\n\n<p><span>Die Datenpakete sind nach Aktivierung 30 Tage lang g\u00fcltig.<\/span><\/p>\n\n\n<p><span>*) Es gibt eine Fair Use Policy. <\/span><span>Bei extremer Datennutzung oder extremem Gespr\u00e4chsverhalten kann die Leistungsf\u00e4higkeit der Sim durch den Anbieter eingeschr\u00e4nkt werden.<\/span><\/p>\n\n\n<p><span>Bestellen Sie die verschiedenen Datenvarianten \u00fcber die \u201eJetzt bestellen\u201c-Buttons auf dieser Seite. Sie k\u00f6nnen auch die normale eSim oder die eSIM w\u00e4hlen<\/span><\/p>.","product_handleiding":"<h2><span>Wie installiere ich das eSim Ghana in meinem Telefon?<\/span><\/h2>\n\n\n<p><span>\u00d6ffnen Sie den Schieberegler an der Seite des Telefons. Sie k\u00f6nnen dies mit dem Stift tun, der mit dem Telefon geliefert wurde. Wenn Sie diesen nicht haben, k\u00f6nnen Sie ihn durch Biegen einer B\u00fcroklammer herstellen. Die Airport Telecom eSim wird auch mit einem zus\u00e4tzlichen Stift geliefert.<\/span><\/p>\n\n\n<p><span>Entferne deine eigene eSim und bewahre sie gut auf! Setzen Sie nun die neue eSim ein. Es gibt nur eine M\u00f6glichkeit, dies zu tun. Vielleicht haben Sie ein Telefon, das mehrere eSim aufnehmen kann. Dann legen Sie die neue eSim wie eine zus\u00e4tzliche Karte ein.<\/span><\/p>\n\n\n<p><span>Schieben Sie nun den eSim-Schieber zur\u00fcck in das Telefon. Sie sollten nun in der Lage sein, die neue SIM-Karte automatisch zu verwenden. Das Telefon fordert Sie m\u00f6glicherweise auf, einige zus\u00e4tzliche Einstellungen vorzunehmen.<\/span><\/p>","product_veelgestelde_vragen":[{"vraag":"Welches eSim soll in Ghana verwendet werden?","antwoord":"F\u00fcr einen kurzen Aufenthalt von ein paar Tagen ben\u00f6tigen Sie wahrscheinlich nicht so viele Daten. Das 10-GB-Datenpaket f\u00fcr Ghana kann dann ausreichend sein. Anwendungen wie Whatsapp, Instagram und Navigation verbrauchen nicht viel Daten. Wenn Sie l\u00e4nger bleiben, k\u00f6nnte es sinnvoll sein, sich f\u00fcr Unlimited zu entscheiden, damit Sie auf jeden Fall genug Daten haben."},{"vraag":"Wo kann man eine eSim f\u00fcr Ghana kaufen?","antwoord":"Kaufen Sie eine esim f\u00fcr Ghana online bei Airport Telecom. Sie erhalten die eSIM per E-Mail. Es handelt sich um einen QR-Code, den Sie mit Ihrem Telefon einscannen m\u00fcssen. So k\u00f6nnen Sie dies auch tun, wenn Sie bereits in Ghana sind oder sehr kurzfristig abreisen."}]},"yoast_head":"<!-- This site is optimized with the Yoast SEO Premium plugin v24.4 (Yoast SEO v26.9) - https:\/\/yoast.com\/product\/yoast-seo-premium-wordpress\/ -->\n<title>eSIM Ghana kaufen f\u00fcr prepaid (unbegrenzt) telefonieren und internet - Airport Telecom DE<\/title>\n<meta name=\"description\" content=\"Auf der Suche nach einem Prepaid eSIM Ghana f\u00fcr (unbegrenzte) Anrufe und Internet? Optimale Erreichbarkeit auf Reisen in eSIM Afrika. Jetzt im Verkauf bei !\" \/>\n<meta name=\"robots\" content=\"index, follow, max-snippet:-1, max-image-preview:large, max-video-preview:-1\" \/>\n<link rel=\"canonical\" href=\"https:\/\/airporttelecom.com\/de\/esim\/ghana\/\" \/>\n<meta property=\"og:locale\" content=\"de_DE\" \/>\n<meta property=\"og:type\" content=\"article\" \/>\n<meta property=\"og:title\" content=\"eSIM Ghana\" \/>\n<meta property=\"og:description\" content=\"Auf der Suche nach einem Prepaid eSIM Ghana f\u00fcr (unbegrenzte) Anrufe und Internet? Optimale Erreichbarkeit auf Reisen in eSIM Afrika. Jetzt im Verkauf bei !\" \/>\n<meta property=\"og:url\" content=\"https:\/\/airporttelecom.com\/de\/esim\/ghana\/\" \/>\n<meta property=\"og:site_name\" content=\"Airport Telecom DE\" \/>\n<meta property=\"article:modified_time\" content=\"2025-04-23T12:10:33+00:00\" \/>\n<meta property=\"og:image\" content=\"https:\/\/airporttelecom.com\/de\/wp-content\/uploads\/sites\/6\/2024\/07\/Simkaart-Ghana.png?wsr\" \/>\n\t<meta property=\"og:image:width\" content=\"800\" \/>\n\t<meta property=\"og:image:height\" content=\"319\" \/>\n\t<meta property=\"og:image:type\" content=\"image\/png\" \/>\n<meta name=\"twitter:card\" content=\"summary_large_image\" \/>\n<meta name=\"twitter:label1\" content=\"Gesch\u00e4tzte Lesezeit\" \/>\n\t<meta name=\"twitter:data1\" content=\"1\u00a0Minute\" \/>\n<script type=\"application\/ld+json\" class=\"yoast-schema-graph\">{\"@context\":\"https:\/\/schema.org\",\"@graph\":[{\"@type\":\"WebPage\",\"@id\":\"https:\/\/airporttelecom.com\/de\/esim\/ghana\/\",\"url\":\"https:\/\/airporttelecom.com\/de\/esim\/ghana\/\",\"name\":\"eSIM Ghana kaufen f\u00fcr prepaid (unbegrenzt) telefonieren und internet - Airport Telecom DE\",\"isPartOf\":{\"@id\":\"https:\/\/airporttelecom.com\/de\/#website\"},\"primaryImageOfPage\":{\"@id\":\"https:\/\/airporttelecom.com\/de\/esim\/ghana\/#primaryimage\"},\"image\":{\"@id\":\"https:\/\/airporttelecom.com\/de\/esim\/ghana\/#primaryimage\"},\"thumbnailUrl\":\"https:\/\/airporttelecom.com\/de\/wp-content\/uploads\/sites\/6\/2024\/07\/Simkaart-Ghana.png\",\"datePublished\":\"2024-09-12T10:51:34+00:00\",\"dateModified\":\"2025-04-23T12:10:33+00:00\",\"description\":\"Auf der Suche nach einem Prepaid eSIM Ghana f\u00fcr (unbegrenzte) Anrufe und Internet? Optimale Erreichbarkeit auf Reisen in eSIM Afrika. Jetzt im Verkauf bei !\",\"breadcrumb\":{\"@id\":\"https:\/\/airporttelecom.com\/de\/esim\/ghana\/#breadcrumb\"},\"inLanguage\":\"de\",\"potentialAction\":[{\"@type\":\"ReadAction\",\"target\":[\"https:\/\/airporttelecom.com\/de\/esim\/ghana\/\"]}]},{\"@type\":\"ImageObject\",\"inLanguage\":\"de\",\"@id\":\"https:\/\/airporttelecom.com\/de\/esim\/ghana\/#primaryimage\",\"url\":\"https:\/\/airporttelecom.com\/de\/wp-content\/uploads\/sites\/6\/2024\/07\/Simkaart-Ghana.png\",\"contentUrl\":\"https:\/\/airporttelecom.com\/de\/wp-content\/uploads\/sites\/6\/2024\/07\/Simkaart-Ghana.png\",\"width\":800,\"height\":319,\"caption\":\"SIM-Karte Ghana\"},{\"@type\":\"BreadcrumbList\",\"@id\":\"https:\/\/airporttelecom.com\/de\/esim\/ghana\/#breadcrumb\",\"itemListElement\":[{\"@type\":\"ListItem\",\"position\":1,\"name\":\"Home\",\"item\":\"https:\/\/airporttelecom.com\/de\/\"},{\"@type\":\"ListItem\",\"position\":2,\"name\":\"eSIM\",\"item\":\"https:\/\/airporttelecom.com\/de\/esim\/\"},{\"@type\":\"ListItem\",\"position\":3,\"name\":\"Ghana\"}]},{\"@type\":\"WebSite\",\"@id\":\"https:\/\/airporttelecom.com\/de\/#website\",\"url\":\"https:\/\/airporttelecom.com\/de\/\",\"name\":\"Airport Telecom\",\"description\":\"\",\"publisher\":{\"@id\":\"https:\/\/airporttelecom.com\/de\/#organization\"},\"potentialAction\":[{\"@type\":\"SearchAction\",\"target\":{\"@type\":\"EntryPoint\",\"urlTemplate\":\"https:\/\/airporttelecom.com\/de\/?s={search_term_string}\"},\"query-input\":{\"@type\":\"PropertyValueSpecification\",\"valueRequired\":true,\"valueName\":\"search_term_string\"}}],\"inLanguage\":\"de\"},{\"@type\":\"Organization\",\"@id\":\"https:\/\/airporttelecom.com\/de\/#organization\",\"name\":\"Airport Telecom\",\"url\":\"https:\/\/airporttelecom.com\/de\/\",\"logo\":{\"@type\":\"ImageObject\",\"inLanguage\":\"de\",\"@id\":\"https:\/\/airporttelecom.com\/de\/#\/schema\/logo\/image\/\",\"url\":\"https:\/\/airporttelecom.com\/de\/wp-content\/uploads\/sites\/6\/2024\/06\/icon.png?wsr\",\"contentUrl\":\"https:\/\/airporttelecom.com\/de\/wp-content\/uploads\/sites\/6\/2024\/06\/icon.png?wsr\",\"width\":110,\"height\":110,\"caption\":\"Airport Telecom\"},\"image\":{\"@id\":\"https:\/\/airporttelecom.com\/de\/#\/schema\/logo\/image\/\"}}]}<\/script>\n<!-- \/ Yoast SEO Premium plugin. -->","yoast_head_json":{"title":"eSIM Ghana kaufen f\u00fcr prepaid (unbegrenzt) telefonieren und internet - Airport Telecom DE","description":"Auf der Suche nach einem Prepaid eSIM Ghana f\u00fcr (unbegrenzte) Anrufe und Internet? Optimale Erreichbarkeit auf Reisen in eSIM Afrika. Jetzt im Verkauf bei !","robots":{"index":"index","follow":"follow","max-snippet":"max-snippet:-1","max-image-preview":"max-image-preview:large","max-video-preview":"max-video-preview:-1"},"canonical":"https:\/\/airporttelecom.com\/de\/esim\/ghana\/","og_locale":"de_DE","og_type":"article","og_title":"eSIM Ghana","og_description":"Auf der Suche nach einem Prepaid eSIM Ghana f\u00fcr (unbegrenzte) Anrufe und Internet? Optimale Erreichbarkeit auf Reisen in eSIM Afrika. Jetzt im Verkauf bei !","og_url":"https:\/\/airporttelecom.com\/de\/esim\/ghana\/","og_site_name":"Airport Telecom DE","article_modified_time":"2025-04-23T12:10:33+00:00","og_image":[{"width":800,"height":319,"url":"https:\/\/airporttelecom.com\/de\/wp-content\/uploads\/sites\/6\/2024\/07\/Simkaart-Ghana.png?wsr","type":"image\/png"}],"twitter_card":"summary_large_image","twitter_misc":{"Gesch\u00e4tzte Lesezeit":"1\u00a0Minute"},"schema":{"@context":"https:\/\/schema.org","@graph":[{"@type":"WebPage","@id":"https:\/\/airporttelecom.com\/de\/esim\/ghana\/","url":"https:\/\/airporttelecom.com\/de\/esim\/ghana\/","name":"eSIM Ghana kaufen f\u00fcr prepaid (unbegrenzt) telefonieren und internet - Airport Telecom DE","isPartOf":{"@id":"https:\/\/airporttelecom.com\/de\/#website"},"primaryImageOfPage":{"@id":"https:\/\/airporttelecom.com\/de\/esim\/ghana\/#primaryimage"},"image":{"@id":"https:\/\/airporttelecom.com\/de\/esim\/ghana\/#primaryimage"},"thumbnailUrl":"https:\/\/airporttelecom.com\/de\/wp-content\/uploads\/sites\/6\/2024\/07\/Simkaart-Ghana.png","datePublished":"2024-09-12T10:51:34+00:00","dateModified":"2025-04-23T12:10:33+00:00","description":"Auf der Suche nach einem Prepaid eSIM Ghana f\u00fcr (unbegrenzte) Anrufe und Internet? Optimale Erreichbarkeit auf Reisen in eSIM Afrika. Jetzt im Verkauf bei !","breadcrumb":{"@id":"https:\/\/airporttelecom.com\/de\/esim\/ghana\/#breadcrumb"},"inLanguage":"de","potentialAction":[{"@type":"ReadAction","target":["https:\/\/airporttelecom.com\/de\/esim\/ghana\/"]}]},{"@type":"ImageObject","inLanguage":"de","@id":"https:\/\/airporttelecom.com\/de\/esim\/ghana\/#primaryimage","url":"https:\/\/airporttelecom.com\/de\/wp-content\/uploads\/sites\/6\/2024\/07\/Simkaart-Ghana.png","contentUrl":"https:\/\/airporttelecom.com\/de\/wp-content\/uploads\/sites\/6\/2024\/07\/Simkaart-Ghana.png","width":800,"height":319,"caption":"SIM-Karte Ghana"},{"@type":"BreadcrumbList","@id":"https:\/\/airporttelecom.com\/de\/esim\/ghana\/#breadcrumb","itemListElement":[{"@type":"ListItem","position":1,"name":"Home","item":"https:\/\/airporttelecom.com\/de\/"},{"@type":"ListItem","position":2,"name":"eSIM","item":"https:\/\/airporttelecom.com\/de\/esim\/"},{"@type":"ListItem","position":3,"name":"Ghana"}]},{"@type":"WebSite","@id":"https:\/\/airporttelecom.com\/de\/#website","url":"https:\/\/airporttelecom.com\/de\/","name":"Airport Telecom","description":"","publisher":{"@id":"https:\/\/airporttelecom.com\/de\/#organization"},"potentialAction":[{"@type":"SearchAction","target":{"@type":"EntryPoint","urlTemplate":"https:\/\/airporttelecom.com\/de\/?s={search_term_string}"},"query-input":{"@type":"PropertyValueSpecification","valueRequired":true,"valueName":"search_term_string"}}],"inLanguage":"de"},{"@type":"Organization","@id":"https:\/\/airporttelecom.com\/de\/#organization","name":"Airport Telecom","url":"https:\/\/airporttelecom.com\/de\/","logo":{"@type":"ImageObject","inLanguage":"de","@id":"https:\/\/airporttelecom.com\/de\/#\/schema\/logo\/image\/","url":"https:\/\/airporttelecom.com\/de\/wp-content\/uploads\/sites\/6\/2024\/06\/icon.png?wsr","contentUrl":"https:\/\/airporttelecom.com\/de\/wp-content\/uploads\/sites\/6\/2024\/06\/icon.png?wsr","width":110,"height":110,"caption":"Airport Telecom"},"image":{"@id":"https:\/\/airporttelecom.com\/de\/#\/schema\/logo\/image\/"}}]}},"_links":{"self":[{"href":"https:\/\/airporttelecom.com\/de\/wp-json\/wp\/v2\/product\/1517","targetHints":{"allow":["GET"]}}],"collection":[{"href":"https:\/\/airporttelecom.com\/de\/wp-json\/wp\/v2\/product"}],"about":[{"href":"https:\/\/airporttelecom.com\/de\/wp-json\/wp\/v2\/types\/product"}],"replies":[{"embeddable":true,"href":"https:\/\/airporttelecom.com\/de\/wp-json\/wp\/v2\/comments?post=1517"}],"wp:featuredmedia":[{"embeddable":true,"href":"https:\/\/airporttelecom.com\/de\/wp-json\/wp\/v2\/media\/1146"}],"wp:attachment":[{"href":"https:\/\/airporttelecom.com\/de\/wp-json\/wp\/v2\/media?parent=1517"}],"wp:term":[{"taxonomy":"product_brand","embeddable":true,"href":"https:\/\/airporttelecom.com\/de\/wp-json\/wp\/v2\/product_brand?post=1517"},{"taxonomy":"product_cat","embeddable":true,"href":"https:\/\/airporttelecom.com\/de\/wp-json\/wp\/v2\/product_cat?post=1517"},{"taxonomy":"product_tag","embeddable":true,"href":"https:\/\/airporttelecom.com\/de\/wp-json\/wp\/v2\/product_tag?post=1517"}],"curies":[{"name":"wp","href":"https:\/\/api.w.org\/{rel}","templated":true}]}}