{"id":1530,"date":"2024-09-12T10:51:37","date_gmt":"2024-09-12T10:51:37","guid":{"rendered":"https:\/\/airporttelecom.outperforming.nl\/nl\/product\/esim-australie\/"},"modified":"2025-08-31T15:33:06","modified_gmt":"2025-08-31T15:33:06","slug":"esim-australien","status":"publish","type":"product","link":"https:\/\/airporttelecom.com\/de\/esim\/australien\/","title":{"rendered":"eSIM Australien"},"content":{"rendered":"","protected":false},"excerpt":{"rendered":"","protected":false},"featured_media":663,"comment_status":"open","ping_status":"closed","template":"","meta":{"_acf_changed":false},"product_brand":[],"product_cat":[16],"product_tag":[42],"class_list":{"0":"post-1530","1":"product","2":"type-product","3":"status-publish","4":"has-post-thumbnail","6":"product_cat-esim","7":"product_tag-esim-australien-und-ozeanien","9":"first","10":"instock","11":"taxable","12":"shipping-taxable","13":"purchasable","14":"product-type-variable","15":"has-default-attributes"},"acf":{"gebied_afbeelding":815,"vlag_afbeelding":380,"provider":["BIC","NEX"],"product_synoniemen":null,"product_bestel_velden":"","product_omschrijving":"<h2>Mobiles Internet in Australien mit eSIM Australien<\/h2>\r\nMit der Unlimited eSIM Australia von Airport Telecom k\u00f6nnen Sie das mobile Internet in ganz Australien nutzen. Die eSIM ist ideal f\u00fcr die Internetnutzung und erm\u00f6glicht den Zugang zu E-Mail, Whatsapp, Navigation und anderen Internetanwendungen \u00fcber eine schnelle 4G\/5G-Verbindung. W\u00e4hlen Sie, wie lange Sie das Unlimited-Paket ben\u00f6tigen: 7 Tage, 14 Tage oder 30 Tage.\r\n<h2>Datenpakete f\u00fcr Reisen in Australien<\/h2>\r\nDie eSIMs f\u00fcr Australien kommen mit einem Unlimited Datenpaket f\u00fcr 7, 14 und 30 Tage:\r\n<h3>Unbegrenzte eSIM Australien 7 Tage, 23 \u20ac<\/h3>\r\n<h3>Unbegrenzte eSIM Australien 14 Tage, \u20ac36<\/h3>\r\n<h3>Unbegrenzte eSIM Australien 30 Tage, \u20ac69,=<\/h3>\r\n<span lang=\"de\">(*) Bitte beachten Sie die Fair-Use-Richtlinie.\u00a0Bei \u00fcberm\u00e4\u00dfigem Datenverbrauch kann der Anbieter die Leistung der (e)SIM einschr\u00e4nken.\u00a0Die Fair-Use-Richtlinie geht von einem eindeutigen Bennutzer pro (e)SIM aus.\u00a0Die normale Nutzung f\u00fcr Navigation, E-Mail, Suchen im Internet, WhatsApp-Nachrichten, WhatsApp-Anrufe und Apps wie Instagram und Snapcaht aktiviert die Fair-Use-Richtlinie nicht.\u00a0Dies kann jedoch bei extremer Nutzung von,\u00a0<\/span><span lang=\"de\">beispielsweise,<\/span><span lang=\"de\">\u00a0YouTube, TikTok, Streaming-Diensten wie Netflix und Online-TV der Fall sein, insbesondere wenn mehrere Personen die Verbindung \u00fcber einen Hotspot oder Router teilen.\u00a0Bei Verst\u00f6\u00dfen gegen die Fair-Use-Richtlinie werden keine R\u00fcckerstattungen gew\u00e4hrt.<\/span>\r\n\r\nDie eSIMs f\u00fcr Australien haben eine hervorragende landesweite Abdeckung \u00fcber die 4G- und 5G-Netze von AT&amp;T und T-Mobile. In Australien ist keine Benutzerregistrierung erforderlich. Nach der Ankunft in Australien beginnt das Internet automatisch zu funktionieren. Die eSIM Australien ist tethering-f\u00e4hig, kann also auch f\u00fcr Hotspot und MIFI genutzt werden.\r\n<h2>Whatsapp mit eSim Australien<\/h2>\r\nAlle Gespr\u00e4che, die \u00fcber das Internet laufen, wie z.B. mit Whatsapp, Skype und FaceTime, sind nat\u00fcrlich auch mit der eSim f\u00fcr Australien m\u00f6glich. Sie nutzen dann das Datenpaket auf der eSim. Whatsapp k\u00f6nnen Sie weiterhin mit Ihren eigenen bestehenden Kontakten, Gruppen und Chats nutzen. Nach der Installation einer Prepaid-eSim kann es sein, dass Whatsapp Sie fragt, ob Sie eine neue Identit\u00e4t erstellen m\u00f6chten oder ob alles so bleiben soll, wie es war. W\u00e4hlen Sie in diesem Fall Letzteres, und nichts wird sich \u00e4ndern. Sie k\u00f6nnen dann wie gewohnt mit Whatsapp Nachrichten verschicken und Anrufe t\u00e4tigen.\r\n\r\n&gt;\r\n<h2>Reichweite mit eSIM Australien<\/h2>\r\nIn Australien bieten unsere eSIMs hervorragende Verbindungen in allen gro\u00dfen St\u00e4dten wie Sydney, Melbourne und Perth sowie in anderen bev\u00f6lkerungsreichen Gebieten. An symboltr\u00e4chtigen Orten wie dem Opernhaus in Sydney haben Sie immer Internet, ideal, um Urlaubsfotos zu teilen. Das Gleiche gilt f\u00fcr Cairns, ein idealer Ausgangspunkt f\u00fcr Ausfl\u00fcge zum Great Barrier Reef. Auch in Gold Coast k\u00f6nnen Sie unsere Hochgeschwindigkeitsverbindung problemlos nutzen. Angesichts der Gr\u00f6\u00dfe Australiens erstreckt sich zwischen Ost- und Westk\u00fcste das riesige Outback mit W\u00fcsten und Nationalparks, in denen es keine Sendemasten gibt. Trotz dieser weiten Landschaft funktioniert Ihr Telefon in bewohnten Gebieten weiterhin einwandfrei. Von Bondi Beach bis Adelaide k\u00f6nnen Sie \u00fcberall whatsappen und eine zuverl\u00e4ssige Verbindung genie\u00dfen.\r\n<h2>Erhalten Sie die Australien eSIM per E-Mail<\/h2>\r\nSie erhalten die eSIM f\u00fcr Australien von uns per E-Mail. Das geht sehr schnell und ist auch m\u00f6glich, wenn Sie bereits in Australien sind oder sehr kurzfristig abreisen.","product_specificaties":"<h2>Internet mit eSIM Australien<\/h2>\r\nEs gibt drei Varianten der eSIM Australia:\r\n<h3>Unbegrenzte eSIM Australien 7 Tage, \u20ac23<\/h3>\r\n.\r\n<ul>\r\n \t<li>Unbegrenzte Daten in ganz Australien*<\/li>\r\n \t<li>Bundle g\u00fcltig f\u00fcr 7 Tage. Das Aufladen kann \u00fcber diese Website erfolgen.<\/li>\r\n<\/ul>\r\n<h3>Unbegrenzte eSIM Australien 14 Tage, 36 \u20ac<\/h3>\r\n.\r\n<ul>\r\n \t<li style=\"list-style-type: none\">\r\n<ul>\r\n \t<li>Unbegrenzte Daten in ganz Australien*<\/li>\r\n<\/ul>\r\n<\/li>\r\n<\/ul>\r\n.\r\n<ul>\r\n \t<li>Bundle g\u00fcltig f\u00fcr 14 Tage. Das Aufladen kann \u00fcber diese Website erfolgen.<\/li>\r\n<\/ul>\r\n<h3>Unbegrenzte eSIM Australien 30 Tage, 69 \u20ac<\/h3>\r\n<ul>\r\n \t<li style=\"list-style-type: none\">\r\n<ul>\r\n \t<li>Unbegrenzte Daten in ganz Australien*<\/li>\r\n<\/ul>\r\n<\/li>\r\n<\/ul>\r\n.\r\n<ul>\r\n \t<li>Bundle g\u00fcltig f\u00fcr 30 Tage. Das Aufladen kann \u00fcber diese Website erfolgen.<\/li>\r\n<\/ul>\r\n(*) Es gibt eine Fair Use Policy. Bei extremer Datennutzung kann der australische Anbieter die M\u00f6glichkeiten der SIM-Karte einschr\u00e4nken.","product_handleiding":"","product_veelgestelde_vragen":[{"vraag":"Welche eSIM soll ich in Australien verwenden?","antwoord":"F\u00fcr einen kurzen Aufenthalt von ein paar Tagen ben\u00f6tigen Sie wahrscheinlich nicht so viele Daten. Das 3-GB-Datenpaket f\u00fcr Australien kann dann ausreichend sein. Anwendungen wie Whatsapp, Instagram und Navigation verbrauchen nicht viel Daten. Wenn Sie l\u00e4nger bleiben, kann es sinnvoll sein, 12 GB oder Unlimited zu w\u00e4hlen, damit Sie mehr Daten haben."},{"vraag":"Wo kann man einen esim f\u00fcr Australien kaufen?","antwoord":"Kaufen Sie eine esim f\u00fcr Australien online bei Airport Telecom. Sie erhalten die eSIM per E-Mail. Es handelt sich um einen QR-Code, den Sie mit Ihrem Telefon einscannen m\u00fcssen. So k\u00f6nnen Sie dies auch tun, wenn Sie bereits in Australien sind oder sehr kurzfristig abreisen."}]},"yoast_head":"<!-- This site is optimized with the Yoast SEO Premium plugin v24.4 (Yoast SEO v26.9) - https:\/\/yoast.com\/product\/yoast-seo-premium-wordpress\/ -->\n<title>eSIM Australien kaufen f\u00fcr prepaid (unbegrenzt) telefonieren und internet - Airport Telecom DE<\/title>\n<meta name=\"description\" content=\"Auf der Suche nach einem Prepaid eSIM Australien f\u00fcr (unbegrenzte) Anrufe und Internet? Optimale Erreichbarkeit auf Reisen in eSIM Australien und Ozeanien. Jetzt im Verkauf bei !\" \/>\n<meta name=\"robots\" content=\"index, follow, max-snippet:-1, max-image-preview:large, max-video-preview:-1\" \/>\n<link rel=\"canonical\" href=\"https:\/\/airporttelecom.com\/de\/esim\/australien\/\" \/>\n<meta property=\"og:locale\" content=\"de_DE\" \/>\n<meta property=\"og:type\" content=\"article\" \/>\n<meta property=\"og:title\" content=\"eSIM Australien\" \/>\n<meta property=\"og:description\" content=\"Auf der Suche nach einem Prepaid eSIM Australien f\u00fcr (unbegrenzte) Anrufe und Internet? Optimale Erreichbarkeit auf Reisen in eSIM Australien und Ozeanien. Jetzt im Verkauf bei !\" \/>\n<meta property=\"og:url\" content=\"https:\/\/airporttelecom.com\/de\/esim\/australien\/\" \/>\n<meta property=\"og:site_name\" content=\"Airport Telecom DE\" \/>\n<meta property=\"article:modified_time\" content=\"2025-08-31T15:33:06+00:00\" \/>\n<meta property=\"og:image\" content=\"https:\/\/airporttelecom.com\/de\/wp-content\/uploads\/sites\/6\/2024\/06\/Simkaart-Australie.png?wsr\" \/>\n\t<meta property=\"og:image:width\" content=\"800\" \/>\n\t<meta property=\"og:image:height\" content=\"319\" \/>\n\t<meta property=\"og:image:type\" content=\"image\/png\" \/>\n<meta name=\"twitter:card\" content=\"summary_large_image\" \/>\n<meta name=\"twitter:label1\" content=\"Gesch\u00e4tzte Lesezeit\" \/>\n\t<meta name=\"twitter:data1\" content=\"1\u00a0Minute\" \/>\n<script type=\"application\/ld+json\" class=\"yoast-schema-graph\">{\"@context\":\"https:\/\/schema.org\",\"@graph\":[{\"@type\":\"WebPage\",\"@id\":\"https:\/\/airporttelecom.com\/de\/esim\/australien\/\",\"url\":\"https:\/\/airporttelecom.com\/de\/esim\/australien\/\",\"name\":\"eSIM Australien kaufen f\u00fcr prepaid (unbegrenzt) telefonieren und internet - Airport Telecom DE\",\"isPartOf\":{\"@id\":\"https:\/\/airporttelecom.com\/de\/#website\"},\"primaryImageOfPage\":{\"@id\":\"https:\/\/airporttelecom.com\/de\/esim\/australien\/#primaryimage\"},\"image\":{\"@id\":\"https:\/\/airporttelecom.com\/de\/esim\/australien\/#primaryimage\"},\"thumbnailUrl\":\"https:\/\/airporttelecom.com\/de\/wp-content\/uploads\/sites\/6\/2024\/06\/Simkaart-Australie.png\",\"datePublished\":\"2024-09-12T10:51:37+00:00\",\"dateModified\":\"2025-08-31T15:33:06+00:00\",\"description\":\"Auf der Suche nach einem Prepaid eSIM Australien f\u00fcr (unbegrenzte) Anrufe und Internet? Optimale Erreichbarkeit auf Reisen in eSIM Australien und Ozeanien. Jetzt im Verkauf bei !\",\"breadcrumb\":{\"@id\":\"https:\/\/airporttelecom.com\/de\/esim\/australien\/#breadcrumb\"},\"inLanguage\":\"de\",\"potentialAction\":[{\"@type\":\"ReadAction\",\"target\":[\"https:\/\/airporttelecom.com\/de\/esim\/australien\/\"]}]},{\"@type\":\"ImageObject\",\"inLanguage\":\"de\",\"@id\":\"https:\/\/airporttelecom.com\/de\/esim\/australien\/#primaryimage\",\"url\":\"https:\/\/airporttelecom.com\/de\/wp-content\/uploads\/sites\/6\/2024\/06\/Simkaart-Australie.png\",\"contentUrl\":\"https:\/\/airporttelecom.com\/de\/wp-content\/uploads\/sites\/6\/2024\/06\/Simkaart-Australie.png\",\"width\":800,\"height\":319,\"caption\":\"SIM-Karte Australien\"},{\"@type\":\"BreadcrumbList\",\"@id\":\"https:\/\/airporttelecom.com\/de\/esim\/australien\/#breadcrumb\",\"itemListElement\":[{\"@type\":\"ListItem\",\"position\":1,\"name\":\"Home\",\"item\":\"https:\/\/airporttelecom.com\/de\/\"},{\"@type\":\"ListItem\",\"position\":2,\"name\":\"eSIM\",\"item\":\"https:\/\/airporttelecom.com\/de\/esim\/\"},{\"@type\":\"ListItem\",\"position\":3,\"name\":\"Australien\"}]},{\"@type\":\"WebSite\",\"@id\":\"https:\/\/airporttelecom.com\/de\/#website\",\"url\":\"https:\/\/airporttelecom.com\/de\/\",\"name\":\"Airport Telecom\",\"description\":\"\",\"publisher\":{\"@id\":\"https:\/\/airporttelecom.com\/de\/#organization\"},\"potentialAction\":[{\"@type\":\"SearchAction\",\"target\":{\"@type\":\"EntryPoint\",\"urlTemplate\":\"https:\/\/airporttelecom.com\/de\/?s={search_term_string}\"},\"query-input\":{\"@type\":\"PropertyValueSpecification\",\"valueRequired\":true,\"valueName\":\"search_term_string\"}}],\"inLanguage\":\"de\"},{\"@type\":\"Organization\",\"@id\":\"https:\/\/airporttelecom.com\/de\/#organization\",\"name\":\"Airport Telecom\",\"url\":\"https:\/\/airporttelecom.com\/de\/\",\"logo\":{\"@type\":\"ImageObject\",\"inLanguage\":\"de\",\"@id\":\"https:\/\/airporttelecom.com\/de\/#\/schema\/logo\/image\/\",\"url\":\"https:\/\/airporttelecom.com\/de\/wp-content\/uploads\/sites\/6\/2024\/06\/icon.png?wsr\",\"contentUrl\":\"https:\/\/airporttelecom.com\/de\/wp-content\/uploads\/sites\/6\/2024\/06\/icon.png?wsr\",\"width\":110,\"height\":110,\"caption\":\"Airport Telecom\"},\"image\":{\"@id\":\"https:\/\/airporttelecom.com\/de\/#\/schema\/logo\/image\/\"}}]}<\/script>\n<!-- \/ Yoast SEO Premium plugin. -->","yoast_head_json":{"title":"eSIM Australien kaufen f\u00fcr prepaid (unbegrenzt) telefonieren und internet - Airport Telecom DE","description":"Auf der Suche nach einem Prepaid eSIM Australien f\u00fcr (unbegrenzte) Anrufe und Internet? Optimale Erreichbarkeit auf Reisen in eSIM Australien und Ozeanien. Jetzt im Verkauf bei !","robots":{"index":"index","follow":"follow","max-snippet":"max-snippet:-1","max-image-preview":"max-image-preview:large","max-video-preview":"max-video-preview:-1"},"canonical":"https:\/\/airporttelecom.com\/de\/esim\/australien\/","og_locale":"de_DE","og_type":"article","og_title":"eSIM Australien","og_description":"Auf der Suche nach einem Prepaid eSIM Australien f\u00fcr (unbegrenzte) Anrufe und Internet? Optimale Erreichbarkeit auf Reisen in eSIM Australien und Ozeanien. Jetzt im Verkauf bei !","og_url":"https:\/\/airporttelecom.com\/de\/esim\/australien\/","og_site_name":"Airport Telecom DE","article_modified_time":"2025-08-31T15:33:06+00:00","og_image":[{"width":800,"height":319,"url":"https:\/\/airporttelecom.com\/de\/wp-content\/uploads\/sites\/6\/2024\/06\/Simkaart-Australie.png?wsr","type":"image\/png"}],"twitter_card":"summary_large_image","twitter_misc":{"Gesch\u00e4tzte Lesezeit":"1\u00a0Minute"},"schema":{"@context":"https:\/\/schema.org","@graph":[{"@type":"WebPage","@id":"https:\/\/airporttelecom.com\/de\/esim\/australien\/","url":"https:\/\/airporttelecom.com\/de\/esim\/australien\/","name":"eSIM Australien kaufen f\u00fcr prepaid (unbegrenzt) telefonieren und internet - Airport Telecom DE","isPartOf":{"@id":"https:\/\/airporttelecom.com\/de\/#website"},"primaryImageOfPage":{"@id":"https:\/\/airporttelecom.com\/de\/esim\/australien\/#primaryimage"},"image":{"@id":"https:\/\/airporttelecom.com\/de\/esim\/australien\/#primaryimage"},"thumbnailUrl":"https:\/\/airporttelecom.com\/de\/wp-content\/uploads\/sites\/6\/2024\/06\/Simkaart-Australie.png","datePublished":"2024-09-12T10:51:37+00:00","dateModified":"2025-08-31T15:33:06+00:00","description":"Auf der Suche nach einem Prepaid eSIM Australien f\u00fcr (unbegrenzte) Anrufe und Internet? Optimale Erreichbarkeit auf Reisen in eSIM Australien und Ozeanien. Jetzt im Verkauf bei !","breadcrumb":{"@id":"https:\/\/airporttelecom.com\/de\/esim\/australien\/#breadcrumb"},"inLanguage":"de","potentialAction":[{"@type":"ReadAction","target":["https:\/\/airporttelecom.com\/de\/esim\/australien\/"]}]},{"@type":"ImageObject","inLanguage":"de","@id":"https:\/\/airporttelecom.com\/de\/esim\/australien\/#primaryimage","url":"https:\/\/airporttelecom.com\/de\/wp-content\/uploads\/sites\/6\/2024\/06\/Simkaart-Australie.png","contentUrl":"https:\/\/airporttelecom.com\/de\/wp-content\/uploads\/sites\/6\/2024\/06\/Simkaart-Australie.png","width":800,"height":319,"caption":"SIM-Karte Australien"},{"@type":"BreadcrumbList","@id":"https:\/\/airporttelecom.com\/de\/esim\/australien\/#breadcrumb","itemListElement":[{"@type":"ListItem","position":1,"name":"Home","item":"https:\/\/airporttelecom.com\/de\/"},{"@type":"ListItem","position":2,"name":"eSIM","item":"https:\/\/airporttelecom.com\/de\/esim\/"},{"@type":"ListItem","position":3,"name":"Australien"}]},{"@type":"WebSite","@id":"https:\/\/airporttelecom.com\/de\/#website","url":"https:\/\/airporttelecom.com\/de\/","name":"Airport Telecom","description":"","publisher":{"@id":"https:\/\/airporttelecom.com\/de\/#organization"},"potentialAction":[{"@type":"SearchAction","target":{"@type":"EntryPoint","urlTemplate":"https:\/\/airporttelecom.com\/de\/?s={search_term_string}"},"query-input":{"@type":"PropertyValueSpecification","valueRequired":true,"valueName":"search_term_string"}}],"inLanguage":"de"},{"@type":"Organization","@id":"https:\/\/airporttelecom.com\/de\/#organization","name":"Airport Telecom","url":"https:\/\/airporttelecom.com\/de\/","logo":{"@type":"ImageObject","inLanguage":"de","@id":"https:\/\/airporttelecom.com\/de\/#\/schema\/logo\/image\/","url":"https:\/\/airporttelecom.com\/de\/wp-content\/uploads\/sites\/6\/2024\/06\/icon.png?wsr","contentUrl":"https:\/\/airporttelecom.com\/de\/wp-content\/uploads\/sites\/6\/2024\/06\/icon.png?wsr","width":110,"height":110,"caption":"Airport Telecom"},"image":{"@id":"https:\/\/airporttelecom.com\/de\/#\/schema\/logo\/image\/"}}]}},"_links":{"self":[{"href":"https:\/\/airporttelecom.com\/de\/wp-json\/wp\/v2\/product\/1530","targetHints":{"allow":["GET"]}}],"collection":[{"href":"https:\/\/airporttelecom.com\/de\/wp-json\/wp\/v2\/product"}],"about":[{"href":"https:\/\/airporttelecom.com\/de\/wp-json\/wp\/v2\/types\/product"}],"replies":[{"embeddable":true,"href":"https:\/\/airporttelecom.com\/de\/wp-json\/wp\/v2\/comments?post=1530"}],"wp:featuredmedia":[{"embeddable":true,"href":"https:\/\/airporttelecom.com\/de\/wp-json\/wp\/v2\/media\/663"}],"wp:attachment":[{"href":"https:\/\/airporttelecom.com\/de\/wp-json\/wp\/v2\/media?parent=1530"}],"wp:term":[{"taxonomy":"product_brand","embeddable":true,"href":"https:\/\/airporttelecom.com\/de\/wp-json\/wp\/v2\/product_brand?post=1530"},{"taxonomy":"product_cat","embeddable":true,"href":"https:\/\/airporttelecom.com\/de\/wp-json\/wp\/v2\/product_cat?post=1530"},{"taxonomy":"product_tag","embeddable":true,"href":"https:\/\/airporttelecom.com\/de\/wp-json\/wp\/v2\/product_tag?post=1530"}],"curies":[{"name":"wp","href":"https:\/\/api.w.org\/{rel}","templated":true}]}}