{"id":1546,"date":"2024-09-12T10:51:41","date_gmt":"2024-09-12T10:51:41","guid":{"rendered":"https:\/\/airporttelecom.outperforming.nl\/nl\/product\/esim-zuid-afrika\/"},"modified":"2025-10-15T11:28:18","modified_gmt":"2025-10-15T11:28:18","slug":"esim-sudafrika","status":"publish","type":"product","link":"https:\/\/airporttelecom.com\/de\/esim\/sudafrika\/","title":{"rendered":"eSIM S\u00fcdafrika"},"content":{"rendered":"","protected":false},"excerpt":{"rendered":"","protected":false},"featured_media":1385,"comment_status":"open","ping_status":"closed","template":"","meta":{"_acf_changed":false},"product_brand":[],"product_cat":[16],"product_tag":[39],"class_list":{"0":"post-1546","1":"product","2":"type-product","3":"status-publish","4":"has-post-thumbnail","6":"product_cat-esim","7":"product_tag-esim-afrika","9":"first","10":"instock","11":"taxable","12":"shipping-taxable","13":"purchasable","14":"product-type-variable","15":"has-default-attributes"},"acf":{"gebied_afbeelding":1884,"vlag_afbeelding":356,"provider":["NEX"],"product_synoniemen":null,"product_bestel_velden":["vertrekdatum"],"product_omschrijving":"<h2>Mobilfunkabdeckung in S\u00fcdafrika mit eSIM S\u00fcdafrika<\/h2>\r\nMit der eSIM S\u00fcdafrika von Airport Telecom k\u00f6nnen Sie mobiles Internet in ganz S\u00fcdafrika nutzen. Sie k\u00f6nnen zwischen einem 12GB-Datenpaket und einem unbegrenzten Datenpaket w\u00e4hlen. Die Pakete eignen sich hervorragend f\u00fcr die Internetnutzung und erm\u00f6glichen Ihnen den einfachen Zugang zu E-Mail, Whatsapp, Navigation und anderen Internetanwendungen \u00fcber die 4G und 5G Netze.\r\n<h2>Whatsapp mit eSIM S\u00fcdafrika<\/h2>\r\nAlle Anrufe, die \u00fcber das Internet laufen, wie Whatsapp, Skype, Facetime etc. sind nat\u00fcrlich auch m\u00f6glich. Immerhin nutzen Sie dann das Datenpaket auf der SIM-Karte. Wie alle anderen Apps k\u00f6nnen Sie Whatsapp wie gewohnt weiter nutzen. Sobald WhatsApp merkt, dass sich eine andere eSIM in Ihrem Telefon befindet, fragt Whatsapp, ob Sie ein neues Konto anlegen wollen oder ob alles so bleiben soll, wie es war. Wenn Sie Letzteres w\u00e4hlen, \u00e4ndert sich bei Whatsapp \u00fcberhaupt nichts. Sie behalten dann einfach Ihre bestehende WhatsApp-Identit\u00e4t mit allen Kontakten, Gruppen und Chats.\r\n<h2>Abdeckung in S\u00fcdafrika<\/h2>\r\nDie Mobilfunknetzabdeckung in S\u00fcdafrika ist im Allgemeinen gut. Das gilt vor allem f\u00fcr die gro\u00dfen s\u00fcdafrikanischen St\u00e4dte wie Kapstadt, Pretoria, Bloemfontein, Johannesburg, Durban und Port Elisabeth. Auch in anderen, dichter besiedelten Gebieten ist die Netzabdeckung hervorragend. Es sollte jedoch bedacht werden, dass S\u00fcdafrika ein gro\u00dfes Land ist, das auch abgelegene Gebiete umfasst. In solchen weniger besiedelten Gebieten kann die Mobilfunkabdeckung nicht oder nur eingeschr\u00e4nkt vorhanden sein. Dies gilt zum Beispiel auch f\u00fcr Nationalparks wie den Kr\u00fcgerpark. Der Tafelberg und das Kap der Guten Hoffnung liegen in der N\u00e4he von Kapstadt, so dass auch dort eine gute Netzabdeckung f\u00fcr Anrufe und Internet mit der s\u00fcdafrikanischen eSIM besteht.\r\n<h2>S\u00fcdafrika eSIM per E-Mail erhalten<\/h2>\r\nSie erhalten die s\u00fcdafrikanische eSIM per E-Mail von uns. Das geht sehr schnell und ist auch m\u00f6glich, wenn Sie bereits in S\u00fcdafrika sind oder sehr kurzfristig abreisen.","product_specificaties":"<h2>Vorteile eSIM S\u00fcdafrika<\/h2>\r\n<ul>\r\n \t<li>Mobiles Internet in ganz S\u00fcdafrika<\/li>\r\n \t<li>Hotspot und MIFI-Funktionalit\u00e4t werden unterst\u00fctzt.<\/li>\r\n \t<li>Sie erhalten die eSIM-Daten f\u00fcr S\u00fcdafrika per E-Mail. Sie k\u00f6nnen also auch bestellen, wenn Sie bereits in S\u00fcdafrika sind oder sehr kurzfristig abreisen.<\/li>\r\n \t<li>eSIM kann nur in kompatiblen Handys verwendet werden. \u00dcberpr\u00fcfen Sie dies gut, bevor Sie die eSIM w\u00e4hlen. eSIM kann trotzdem in iPhone XS, XS Max, XR, iPhone 11, 12, 13, 14, 15, 16 und h\u00f6her verwendet werden.<\/li>\r\n<\/ul>\r\n<h2>Daten &amp; Telefonieren in S\u00fcdafrika<\/h2>\r\nEs gibt zwei Varianten der eSIM S\u00fcdafrika:\r\n<h3>eSIM 12GB Daten 49\u20ac<\/h3>\r\n<ul>\r\n \t<li>inkl. 12GB Daten<\/li>\r\n<\/ul>\r\n<h3>eSIM Unbegrenzte Daten \u20ac 89,= *<\/h3>\r\n<ul>\r\n \t<li>inkl. unbegrenzte Daten in S\u00fcdafrika*<\/li>\r\n<\/ul>\r\nDie Datenpakete sind nach Aktivierung 30 Tage lang g\u00fcltig.\r\n\r\n(*) Es gibt eine Fair Use Policy. Bei extremer Datennutzung oder extremem Gespr\u00e4chsverhalten kann der Anbieter in S\u00fcdafrika die M\u00f6glichkeiten der eSIM einschr\u00e4nken.","product_handleiding":"","product_veelgestelde_vragen":[{"vraag":"Welches esim soll in S\u00fcdafrika verwendet werden?","antwoord":"F\u00fcr einen kurzen Aufenthalt von ein paar Tagen ben\u00f6tigen Sie wahrscheinlich nicht so viele Daten. Das 12-GB-Datenpaket f\u00fcr S\u00fcdafrika kann dann ausreichend sein. Anwendungen wie Whatsapp, Instagram und Navigation verbrauchen nicht viel Daten. Wenn Sie l\u00e4nger bleiben, kann es sinnvoll sein, Unlimited zu w\u00e4hlen, damit Sie auf jeden Fall genug Daten haben."},{"vraag":"Wo kann man ein esim f\u00fcr S\u00fcdafrika kaufen?","antwoord":"Kaufen Sie eine esim f\u00fcr S\u00fcdafrika online bei Airport Telecom. Sie erhalten die eSIM per E-Mail. Es handelt sich um einen QR-Code, den Sie mit Ihrem Telefon einscannen m\u00fcssen. Sie k\u00f6nnen dies also auch tun, wenn Sie bereits in S\u00fcdafrika sind oder sehr kurzfristig abreisen."}]},"yoast_head":"<!-- This site is optimized with the Yoast SEO Premium plugin v24.4 (Yoast SEO v26.9) - https:\/\/yoast.com\/product\/yoast-seo-premium-wordpress\/ -->\n<title>eSIM S\u00fcdafrika kaufen f\u00fcr prepaid (unbegrenzt) telefonieren und internet - Airport Telecom DE<\/title>\n<meta name=\"description\" content=\"Auf der Suche nach einem Prepaid eSIM S\u00fcdafrika f\u00fcr (unbegrenzte) Anrufe und Internet? Optimale Erreichbarkeit auf Reisen in eSIM Afrika. Jetzt im Verkauf bei !\" \/>\n<meta name=\"robots\" content=\"index, follow, max-snippet:-1, max-image-preview:large, max-video-preview:-1\" \/>\n<link rel=\"canonical\" href=\"https:\/\/airporttelecom.com\/de\/esim\/sudafrika\/\" \/>\n<meta property=\"og:locale\" content=\"de_DE\" \/>\n<meta property=\"og:type\" content=\"article\" \/>\n<meta property=\"og:title\" content=\"eSIM S\u00fcdafrika\" \/>\n<meta property=\"og:description\" content=\"Auf der Suche nach einem Prepaid eSIM S\u00fcdafrika f\u00fcr (unbegrenzte) Anrufe und Internet? Optimale Erreichbarkeit auf Reisen in eSIM Afrika. Jetzt im Verkauf bei !\" \/>\n<meta property=\"og:url\" content=\"https:\/\/airporttelecom.com\/de\/esim\/sudafrika\/\" \/>\n<meta property=\"og:site_name\" content=\"Airport Telecom DE\" \/>\n<meta property=\"article:modified_time\" content=\"2025-10-15T11:28:18+00:00\" \/>\n<meta property=\"og:image\" content=\"https:\/\/airporttelecom.com\/de\/wp-content\/uploads\/sites\/6\/2024\/06\/Simkaart-Zuid-Afrika.png?wsr\" \/>\n\t<meta property=\"og:image:width\" content=\"800\" \/>\n\t<meta property=\"og:image:height\" content=\"318\" \/>\n\t<meta property=\"og:image:type\" content=\"image\/png\" \/>\n<meta name=\"twitter:card\" content=\"summary_large_image\" \/>\n<meta name=\"twitter:label1\" content=\"Gesch\u00e4tzte Lesezeit\" \/>\n\t<meta name=\"twitter:data1\" content=\"1\u00a0Minute\" \/>\n<script type=\"application\/ld+json\" class=\"yoast-schema-graph\">{\"@context\":\"https:\/\/schema.org\",\"@graph\":[{\"@type\":\"WebPage\",\"@id\":\"https:\/\/airporttelecom.com\/de\/esim\/sudafrika\/\",\"url\":\"https:\/\/airporttelecom.com\/de\/esim\/sudafrika\/\",\"name\":\"eSIM S\u00fcdafrika kaufen f\u00fcr prepaid (unbegrenzt) telefonieren und internet - Airport Telecom DE\",\"isPartOf\":{\"@id\":\"https:\/\/airporttelecom.com\/de\/#website\"},\"primaryImageOfPage\":{\"@id\":\"https:\/\/airporttelecom.com\/de\/esim\/sudafrika\/#primaryimage\"},\"image\":{\"@id\":\"https:\/\/airporttelecom.com\/de\/esim\/sudafrika\/#primaryimage\"},\"thumbnailUrl\":\"https:\/\/airporttelecom.com\/de\/wp-content\/uploads\/sites\/6\/2024\/06\/Simkaart-Zuid-Afrika.png\",\"datePublished\":\"2024-09-12T10:51:41+00:00\",\"dateModified\":\"2025-10-15T11:28:18+00:00\",\"description\":\"Auf der Suche nach einem Prepaid eSIM S\u00fcdafrika f\u00fcr (unbegrenzte) Anrufe und Internet? Optimale Erreichbarkeit auf Reisen in eSIM Afrika. Jetzt im Verkauf bei !\",\"breadcrumb\":{\"@id\":\"https:\/\/airporttelecom.com\/de\/esim\/sudafrika\/#breadcrumb\"},\"inLanguage\":\"de\",\"potentialAction\":[{\"@type\":\"ReadAction\",\"target\":[\"https:\/\/airporttelecom.com\/de\/esim\/sudafrika\/\"]}]},{\"@type\":\"ImageObject\",\"inLanguage\":\"de\",\"@id\":\"https:\/\/airporttelecom.com\/de\/esim\/sudafrika\/#primaryimage\",\"url\":\"https:\/\/airporttelecom.com\/de\/wp-content\/uploads\/sites\/6\/2024\/06\/Simkaart-Zuid-Afrika.png\",\"contentUrl\":\"https:\/\/airporttelecom.com\/de\/wp-content\/uploads\/sites\/6\/2024\/06\/Simkaart-Zuid-Afrika.png\",\"width\":800,\"height\":318,\"caption\":\"Sim-Karte S\u00fcdafrika\"},{\"@type\":\"BreadcrumbList\",\"@id\":\"https:\/\/airporttelecom.com\/de\/esim\/sudafrika\/#breadcrumb\",\"itemListElement\":[{\"@type\":\"ListItem\",\"position\":1,\"name\":\"Home\",\"item\":\"https:\/\/airporttelecom.com\/de\/\"},{\"@type\":\"ListItem\",\"position\":2,\"name\":\"eSIM\",\"item\":\"https:\/\/airporttelecom.com\/de\/esim\/\"},{\"@type\":\"ListItem\",\"position\":3,\"name\":\"S\u00fcdafrika\"}]},{\"@type\":\"WebSite\",\"@id\":\"https:\/\/airporttelecom.com\/de\/#website\",\"url\":\"https:\/\/airporttelecom.com\/de\/\",\"name\":\"Airport Telecom\",\"description\":\"\",\"publisher\":{\"@id\":\"https:\/\/airporttelecom.com\/de\/#organization\"},\"potentialAction\":[{\"@type\":\"SearchAction\",\"target\":{\"@type\":\"EntryPoint\",\"urlTemplate\":\"https:\/\/airporttelecom.com\/de\/?s={search_term_string}\"},\"query-input\":{\"@type\":\"PropertyValueSpecification\",\"valueRequired\":true,\"valueName\":\"search_term_string\"}}],\"inLanguage\":\"de\"},{\"@type\":\"Organization\",\"@id\":\"https:\/\/airporttelecom.com\/de\/#organization\",\"name\":\"Airport Telecom\",\"url\":\"https:\/\/airporttelecom.com\/de\/\",\"logo\":{\"@type\":\"ImageObject\",\"inLanguage\":\"de\",\"@id\":\"https:\/\/airporttelecom.com\/de\/#\/schema\/logo\/image\/\",\"url\":\"https:\/\/airporttelecom.com\/de\/wp-content\/uploads\/sites\/6\/2024\/06\/icon.png?wsr\",\"contentUrl\":\"https:\/\/airporttelecom.com\/de\/wp-content\/uploads\/sites\/6\/2024\/06\/icon.png?wsr\",\"width\":110,\"height\":110,\"caption\":\"Airport Telecom\"},\"image\":{\"@id\":\"https:\/\/airporttelecom.com\/de\/#\/schema\/logo\/image\/\"}}]}<\/script>\n<!-- \/ Yoast SEO Premium plugin. -->","yoast_head_json":{"title":"eSIM S\u00fcdafrika kaufen f\u00fcr prepaid (unbegrenzt) telefonieren und internet - Airport Telecom DE","description":"Auf der Suche nach einem Prepaid eSIM S\u00fcdafrika f\u00fcr (unbegrenzte) Anrufe und Internet? Optimale Erreichbarkeit auf Reisen in eSIM Afrika. Jetzt im Verkauf bei !","robots":{"index":"index","follow":"follow","max-snippet":"max-snippet:-1","max-image-preview":"max-image-preview:large","max-video-preview":"max-video-preview:-1"},"canonical":"https:\/\/airporttelecom.com\/de\/esim\/sudafrika\/","og_locale":"de_DE","og_type":"article","og_title":"eSIM S\u00fcdafrika","og_description":"Auf der Suche nach einem Prepaid eSIM S\u00fcdafrika f\u00fcr (unbegrenzte) Anrufe und Internet? Optimale Erreichbarkeit auf Reisen in eSIM Afrika. Jetzt im Verkauf bei !","og_url":"https:\/\/airporttelecom.com\/de\/esim\/sudafrika\/","og_site_name":"Airport Telecom DE","article_modified_time":"2025-10-15T11:28:18+00:00","og_image":[{"width":800,"height":318,"url":"https:\/\/airporttelecom.com\/de\/wp-content\/uploads\/sites\/6\/2024\/06\/Simkaart-Zuid-Afrika.png?wsr","type":"image\/png"}],"twitter_card":"summary_large_image","twitter_misc":{"Gesch\u00e4tzte Lesezeit":"1\u00a0Minute"},"schema":{"@context":"https:\/\/schema.org","@graph":[{"@type":"WebPage","@id":"https:\/\/airporttelecom.com\/de\/esim\/sudafrika\/","url":"https:\/\/airporttelecom.com\/de\/esim\/sudafrika\/","name":"eSIM S\u00fcdafrika kaufen f\u00fcr prepaid (unbegrenzt) telefonieren und internet - Airport Telecom DE","isPartOf":{"@id":"https:\/\/airporttelecom.com\/de\/#website"},"primaryImageOfPage":{"@id":"https:\/\/airporttelecom.com\/de\/esim\/sudafrika\/#primaryimage"},"image":{"@id":"https:\/\/airporttelecom.com\/de\/esim\/sudafrika\/#primaryimage"},"thumbnailUrl":"https:\/\/airporttelecom.com\/de\/wp-content\/uploads\/sites\/6\/2024\/06\/Simkaart-Zuid-Afrika.png","datePublished":"2024-09-12T10:51:41+00:00","dateModified":"2025-10-15T11:28:18+00:00","description":"Auf der Suche nach einem Prepaid eSIM S\u00fcdafrika f\u00fcr (unbegrenzte) Anrufe und Internet? Optimale Erreichbarkeit auf Reisen in eSIM Afrika. Jetzt im Verkauf bei !","breadcrumb":{"@id":"https:\/\/airporttelecom.com\/de\/esim\/sudafrika\/#breadcrumb"},"inLanguage":"de","potentialAction":[{"@type":"ReadAction","target":["https:\/\/airporttelecom.com\/de\/esim\/sudafrika\/"]}]},{"@type":"ImageObject","inLanguage":"de","@id":"https:\/\/airporttelecom.com\/de\/esim\/sudafrika\/#primaryimage","url":"https:\/\/airporttelecom.com\/de\/wp-content\/uploads\/sites\/6\/2024\/06\/Simkaart-Zuid-Afrika.png","contentUrl":"https:\/\/airporttelecom.com\/de\/wp-content\/uploads\/sites\/6\/2024\/06\/Simkaart-Zuid-Afrika.png","width":800,"height":318,"caption":"Sim-Karte S\u00fcdafrika"},{"@type":"BreadcrumbList","@id":"https:\/\/airporttelecom.com\/de\/esim\/sudafrika\/#breadcrumb","itemListElement":[{"@type":"ListItem","position":1,"name":"Home","item":"https:\/\/airporttelecom.com\/de\/"},{"@type":"ListItem","position":2,"name":"eSIM","item":"https:\/\/airporttelecom.com\/de\/esim\/"},{"@type":"ListItem","position":3,"name":"S\u00fcdafrika"}]},{"@type":"WebSite","@id":"https:\/\/airporttelecom.com\/de\/#website","url":"https:\/\/airporttelecom.com\/de\/","name":"Airport Telecom","description":"","publisher":{"@id":"https:\/\/airporttelecom.com\/de\/#organization"},"potentialAction":[{"@type":"SearchAction","target":{"@type":"EntryPoint","urlTemplate":"https:\/\/airporttelecom.com\/de\/?s={search_term_string}"},"query-input":{"@type":"PropertyValueSpecification","valueRequired":true,"valueName":"search_term_string"}}],"inLanguage":"de"},{"@type":"Organization","@id":"https:\/\/airporttelecom.com\/de\/#organization","name":"Airport Telecom","url":"https:\/\/airporttelecom.com\/de\/","logo":{"@type":"ImageObject","inLanguage":"de","@id":"https:\/\/airporttelecom.com\/de\/#\/schema\/logo\/image\/","url":"https:\/\/airporttelecom.com\/de\/wp-content\/uploads\/sites\/6\/2024\/06\/icon.png?wsr","contentUrl":"https:\/\/airporttelecom.com\/de\/wp-content\/uploads\/sites\/6\/2024\/06\/icon.png?wsr","width":110,"height":110,"caption":"Airport Telecom"},"image":{"@id":"https:\/\/airporttelecom.com\/de\/#\/schema\/logo\/image\/"}}]}},"_links":{"self":[{"href":"https:\/\/airporttelecom.com\/de\/wp-json\/wp\/v2\/product\/1546","targetHints":{"allow":["GET"]}}],"collection":[{"href":"https:\/\/airporttelecom.com\/de\/wp-json\/wp\/v2\/product"}],"about":[{"href":"https:\/\/airporttelecom.com\/de\/wp-json\/wp\/v2\/types\/product"}],"replies":[{"embeddable":true,"href":"https:\/\/airporttelecom.com\/de\/wp-json\/wp\/v2\/comments?post=1546"}],"wp:featuredmedia":[{"embeddable":true,"href":"https:\/\/airporttelecom.com\/de\/wp-json\/wp\/v2\/media\/1385"}],"wp:attachment":[{"href":"https:\/\/airporttelecom.com\/de\/wp-json\/wp\/v2\/media?parent=1546"}],"wp:term":[{"taxonomy":"product_brand","embeddable":true,"href":"https:\/\/airporttelecom.com\/de\/wp-json\/wp\/v2\/product_brand?post=1546"},{"taxonomy":"product_cat","embeddable":true,"href":"https:\/\/airporttelecom.com\/de\/wp-json\/wp\/v2\/product_cat?post=1546"},{"taxonomy":"product_tag","embeddable":true,"href":"https:\/\/airporttelecom.com\/de\/wp-json\/wp\/v2\/product_tag?post=1546"}],"curies":[{"name":"wp","href":"https:\/\/api.w.org\/{rel}","templated":true}]}}