{"id":1589,"date":"2024-09-12T10:51:50","date_gmt":"2024-09-12T10:51:50","guid":{"rendered":"https:\/\/airporttelecom.outperforming.nl\/nl\/product\/esim-thailand\/"},"modified":"2025-11-19T14:41:53","modified_gmt":"2025-11-19T14:41:53","slug":"esim-thailand","status":"publish","type":"product","link":"https:\/\/airporttelecom.com\/de\/esim\/thailand\/","title":{"rendered":"eSIM Thailand"},"content":{"rendered":"","protected":false},"excerpt":{"rendered":"","protected":false},"featured_media":711,"comment_status":"open","ping_status":"closed","template":"","meta":{"_acf_changed":false},"product_brand":[],"product_cat":[16],"product_tag":[43],"class_list":{"0":"post-1589","1":"product","2":"type-product","3":"status-publish","4":"has-post-thumbnail","6":"product_cat-esim","7":"product_tag-esim-asien","9":"first","10":"instock","11":"taxable","12":"shipping-taxable","13":"purchasable","14":"product-type-variable","15":"has-default-attributes"},"acf":{"gebied_afbeelding":643,"vlag_afbeelding":296,"provider":["NEX"],"product_synoniemen":null,"product_bestel_velden":"","product_omschrijving":"<h2>Mobile Erreichbarkeit mit einer eSIM f\u00fcr Thailand<\/h2>\r\nMit der Prepaid eSIM Thailand von Airport Telecom k\u00f6nnen Sie das mobile Internet in ganz Thailand nutzen. Die Pakete sind ideal f\u00fcr die Internetnutzung und bieten Ihnen Zugang zu E-Mail, Whatsapp, Navigation und anderen Internetanwendungen \u00fcber eine schnelle 4G\/5G-Verbindung. Bequemerweise k\u00f6nnen Sie ein Paket f\u00fcr 7, 10 oder 30 Tage w\u00e4hlen.\r\n<h2>Daten und Anrufe auf Reisen in Thailand<\/h2>\r\nDie eSIM f\u00fcr Thailand vom Anbieter DTAC ist mit 10 GB f\u00fcr 7 Tage, 50 GB f\u00fcr 10 Tage und 30 GB f\u00fcr 30 Tage erh\u00e4ltlich. Das sind tolle Pakete f\u00fcr die genannten Zeitr\u00e4ume. Ein weiterer Vorteil ist, dass beim Kauf dieser eSIM \u00fcber Airport Telecom keine Nutzerregistrierung bei den thail\u00e4ndischen Beh\u00f6rden erforderlich ist. Beim Kauf in thail\u00e4ndischen Gesch\u00e4ften ist jedoch eine Legitimierung mit einem Reisepass erforderlich.\r\n<h2>Whatsapp mit eSIM Thailand<\/h2>\r\nAlle internetbasierten Gespr\u00e4che wie Whatsapp, Skype und FaceTime sind nat\u00fcrlich auch mit der eSIM f\u00fcr Thailand m\u00f6glich. Sie nutzen dann das Datenpaket auf der eSIM. Whatsapp k\u00f6nnen Sie weiterhin mit Ihren bestehenden Kontakten, Gruppen und Chats nutzen. Nach der Installation einer Prepaid-eSIM kann es sein, dass Whatsapp Sie fragt, ob Sie eine neue Identit\u00e4t erstellen wollen oder ob alles so bleiben soll, wie es war. W\u00e4hlen Sie in diesem Fall Letzteres, und nichts wird sich \u00e4ndern. Sie k\u00f6nnen dann wie gewohnt mit Whatsapp Nachrichten versenden und Anrufe t\u00e4tigen.\r\n\r\n&gt;\r\n<h2>Abdeckung in Thailand<\/h2>\r\nIm geliebten Thailand, auch bekannt als Land des L\u00e4chelns, finden Sie fast \u00fcberall eine gute eSIM-Abdeckung. Erkunden Sie das quirlige Bangkok und navigieren Sie m\u00fchelos zwischen Tuktuks zum pr\u00e4chtigen Palast oder zum Tempel des Smaragdbuddhas. Wenn Sie Chiang Mai besuchen, k\u00f6nnen Sie den au\u00dfergew\u00f6hnlichen Wat Phra That Doe Suthep-Tempel, Ihre einzigartigen Funde auf der Sunday Walking Street und die niedlichen Elefanten m\u00fchelos auf Ihrer Instagram-Timeline teilen. Phukets bezaubernde Str\u00e4nde, wie Patong und Karon Beach, und die romantischen Phi Phi-Inseln bieten ebenfalls eine hervorragende Reichweite. Rucksacktouristen m\u00fcssen sich auch keine Sorgen machen, wenn sie nach einer Vollmondparty eine zus\u00e4tzliche Nacht auf Koh Phangan buchen, um sich von der schnellen Verbindung zu erholen! Ber\u00fccksichtigen Sie nur die schwankende Netzst\u00e4rke in Thailands zahlreichen Naturparks wie dem Khao Sok National Park mit einem der \u00e4ltesten Regenw\u00e4lder oder dem Erawan National Park mit seinen atemberaubenden Wasserf\u00e4llen.\r\n<h2>eSIM Thailand per E-Mail erhalten<\/h2>\r\nSie erhalten die eSIM f\u00fcr Thailand von uns per E-Mail. Das geht sehr schnell und ist auch m\u00f6glich, wenn Sie bereits in Thailand sind oder sehr kurzfristig abreisen.","product_specificaties":"<h2>Vorteile eSIM Thailand<\/h2>\r\nDie eSIM Thailand ist f\u00fcr Tethering geeignet und kann daher auch f\u00fcr Hotspot und MIFI genutzt werden.\r\n\r\nDie eSIM f\u00fcr Thailand wird Ihnen per E-Mail zugesandt. Es handelt sich um einen QR-Code, der mit dem Telefon eingescannt werden muss. Das geht also auch, wenn man schon in Thailand ist oder sehr kurzfristig abreist.\r\n\r\n&gt;\r\n\r\nDer Vorteil der eSIM-Variante ist, dass man seinen Datenverkehr in Thailand \u00fcber das Prepaid-Datenpaket abwickeln kann und gleichzeitig dort unter der eigenen Handynummer erreichbar bleibt.\r\n\r\neSIM kann nur in Handys verwendet werden, die daf\u00fcr geeignet sind. Pr\u00fcfen Sie dies gut, bevor Sie sich f\u00fcr die eSIM entscheiden. eSIM kann ohnehin im iPhone XS, XS Max, XR, iPhone 11 und h\u00f6her verwendet werden.\r\n<h2>Daten &amp; Telefonieren in Thailand<\/h2>\r\n<h3>10GB Daten \u20ac 9,50<\/h3>\r\nf\u00fcr 7 Tage\r\n<h3>50GB Daten \u20ac11.50<\/h3>\r\nf\u00fcr 10 Tage\r\n<h3>30GB Datenvolumen \u20ac 31<\/h3>\r\nf\u00fcr 30 Tage","product_handleiding":"","product_veelgestelde_vragen":[{"vraag":"Welches esim soll in Thailand verwendet werden?","antwoord":"Praktischerweise k\u00f6nnen Sie Pakete f\u00fcr 7, 10 oder 30 Tage w\u00e4hlen. Wenn Sie sich f\u00fcr ein k\u00fcrzeres Paket entscheiden und am Ende l\u00e4nger in Thailand bleiben, um mehr zu reisen, ist das kein Problem. Sie k\u00f6nnen jederzeit eine eSIM f\u00fcr den zus\u00e4tzlichen Zeitraum nachbestellen. Die eSIM wird Ihnen per E-Mail zugeschickt, und Sie k\u00f6nnen sie nachbestellen, auch wenn Sie bereits im sonnigen Thailand sind."},{"vraag":"Wo kann man eine Simulationsl\u00f6sung f\u00fcr Thailand kaufen?","antwoord":"Kaufen Sie eine esim f\u00fcr Thailand online bei Airport Telecom. Sie erhalten die eSIM per E-Mail. Es handelt sich um einen QR-Code, den Sie mit Ihrem Telefon einscannen m\u00fcssen. So k\u00f6nnen Sie dies auch tun, wenn Sie bereits in Thailand sind oder sehr kurzfristig abreisen."}]},"yoast_head":"<!-- This site is optimized with the Yoast SEO Premium plugin v24.4 (Yoast SEO v26.9) - https:\/\/yoast.com\/product\/yoast-seo-premium-wordpress\/ -->\n<title>eSIM Thailand kaufen f\u00fcr prepaid (unbegrenzt) telefonieren und internet - Airport Telecom DE<\/title>\n<meta name=\"description\" content=\"Auf der Suche nach einem Prepaid eSIM Thailand f\u00fcr (unbegrenzte) Anrufe und Internet? Optimale Erreichbarkeit auf Reisen in eSIM Asien. Jetzt im Verkauf bei !\" \/>\n<meta name=\"robots\" content=\"index, follow, max-snippet:-1, max-image-preview:large, max-video-preview:-1\" \/>\n<link rel=\"canonical\" href=\"https:\/\/airporttelecom.com\/de\/esim\/thailand\/\" \/>\n<meta property=\"og:locale\" content=\"de_DE\" \/>\n<meta property=\"og:type\" content=\"article\" \/>\n<meta property=\"og:title\" content=\"eSIM Thailand\" \/>\n<meta property=\"og:description\" content=\"Auf der Suche nach einem Prepaid eSIM Thailand f\u00fcr (unbegrenzte) Anrufe und Internet? Optimale Erreichbarkeit auf Reisen in eSIM Asien. Jetzt im Verkauf bei !\" \/>\n<meta property=\"og:url\" content=\"https:\/\/airporttelecom.com\/de\/esim\/thailand\/\" \/>\n<meta property=\"og:site_name\" content=\"Airport Telecom DE\" \/>\n<meta property=\"article:modified_time\" content=\"2025-11-19T14:41:53+00:00\" \/>\n<meta property=\"og:image\" content=\"https:\/\/airporttelecom.com\/de\/wp-content\/uploads\/sites\/6\/2024\/06\/Simkaart-Thailand.png?wsr\" \/>\n\t<meta property=\"og:image:width\" content=\"800\" \/>\n\t<meta property=\"og:image:height\" content=\"318\" \/>\n\t<meta property=\"og:image:type\" content=\"image\/png\" \/>\n<meta name=\"twitter:card\" content=\"summary_large_image\" \/>\n<meta name=\"twitter:label1\" content=\"Gesch\u00e4tzte Lesezeit\" \/>\n\t<meta name=\"twitter:data1\" content=\"1\u00a0Minute\" \/>\n<script type=\"application\/ld+json\" class=\"yoast-schema-graph\">{\"@context\":\"https:\/\/schema.org\",\"@graph\":[{\"@type\":\"WebPage\",\"@id\":\"https:\/\/airporttelecom.com\/de\/esim\/thailand\/\",\"url\":\"https:\/\/airporttelecom.com\/de\/esim\/thailand\/\",\"name\":\"eSIM Thailand kaufen f\u00fcr prepaid (unbegrenzt) telefonieren und internet - Airport Telecom DE\",\"isPartOf\":{\"@id\":\"https:\/\/airporttelecom.com\/de\/#website\"},\"primaryImageOfPage\":{\"@id\":\"https:\/\/airporttelecom.com\/de\/esim\/thailand\/#primaryimage\"},\"image\":{\"@id\":\"https:\/\/airporttelecom.com\/de\/esim\/thailand\/#primaryimage\"},\"thumbnailUrl\":\"https:\/\/airporttelecom.com\/de\/wp-content\/uploads\/sites\/6\/2024\/06\/Simkaart-Thailand.png\",\"datePublished\":\"2024-09-12T10:51:50+00:00\",\"dateModified\":\"2025-11-19T14:41:53+00:00\",\"description\":\"Auf der Suche nach einem Prepaid eSIM Thailand f\u00fcr (unbegrenzte) Anrufe und Internet? Optimale Erreichbarkeit auf Reisen in eSIM Asien. Jetzt im Verkauf bei !\",\"breadcrumb\":{\"@id\":\"https:\/\/airporttelecom.com\/de\/esim\/thailand\/#breadcrumb\"},\"inLanguage\":\"de\",\"potentialAction\":[{\"@type\":\"ReadAction\",\"target\":[\"https:\/\/airporttelecom.com\/de\/esim\/thailand\/\"]}]},{\"@type\":\"ImageObject\",\"inLanguage\":\"de\",\"@id\":\"https:\/\/airporttelecom.com\/de\/esim\/thailand\/#primaryimage\",\"url\":\"https:\/\/airporttelecom.com\/de\/wp-content\/uploads\/sites\/6\/2024\/06\/Simkaart-Thailand.png\",\"contentUrl\":\"https:\/\/airporttelecom.com\/de\/wp-content\/uploads\/sites\/6\/2024\/06\/Simkaart-Thailand.png\",\"width\":800,\"height\":318,\"caption\":\"Sim-Karte Thailand\"},{\"@type\":\"BreadcrumbList\",\"@id\":\"https:\/\/airporttelecom.com\/de\/esim\/thailand\/#breadcrumb\",\"itemListElement\":[{\"@type\":\"ListItem\",\"position\":1,\"name\":\"Home\",\"item\":\"https:\/\/airporttelecom.com\/de\/\"},{\"@type\":\"ListItem\",\"position\":2,\"name\":\"eSIM\",\"item\":\"https:\/\/airporttelecom.com\/de\/esim\/\"},{\"@type\":\"ListItem\",\"position\":3,\"name\":\"Thailand\"}]},{\"@type\":\"WebSite\",\"@id\":\"https:\/\/airporttelecom.com\/de\/#website\",\"url\":\"https:\/\/airporttelecom.com\/de\/\",\"name\":\"Airport Telecom\",\"description\":\"\",\"publisher\":{\"@id\":\"https:\/\/airporttelecom.com\/de\/#organization\"},\"potentialAction\":[{\"@type\":\"SearchAction\",\"target\":{\"@type\":\"EntryPoint\",\"urlTemplate\":\"https:\/\/airporttelecom.com\/de\/?s={search_term_string}\"},\"query-input\":{\"@type\":\"PropertyValueSpecification\",\"valueRequired\":true,\"valueName\":\"search_term_string\"}}],\"inLanguage\":\"de\"},{\"@type\":\"Organization\",\"@id\":\"https:\/\/airporttelecom.com\/de\/#organization\",\"name\":\"Airport Telecom\",\"url\":\"https:\/\/airporttelecom.com\/de\/\",\"logo\":{\"@type\":\"ImageObject\",\"inLanguage\":\"de\",\"@id\":\"https:\/\/airporttelecom.com\/de\/#\/schema\/logo\/image\/\",\"url\":\"https:\/\/airporttelecom.com\/de\/wp-content\/uploads\/sites\/6\/2024\/06\/icon.png?wsr\",\"contentUrl\":\"https:\/\/airporttelecom.com\/de\/wp-content\/uploads\/sites\/6\/2024\/06\/icon.png?wsr\",\"width\":110,\"height\":110,\"caption\":\"Airport Telecom\"},\"image\":{\"@id\":\"https:\/\/airporttelecom.com\/de\/#\/schema\/logo\/image\/\"}}]}<\/script>\n<!-- \/ Yoast SEO Premium plugin. -->","yoast_head_json":{"title":"eSIM Thailand kaufen f\u00fcr prepaid (unbegrenzt) telefonieren und internet - Airport Telecom DE","description":"Auf der Suche nach einem Prepaid eSIM Thailand f\u00fcr (unbegrenzte) Anrufe und Internet? Optimale Erreichbarkeit auf Reisen in eSIM Asien. Jetzt im Verkauf bei !","robots":{"index":"index","follow":"follow","max-snippet":"max-snippet:-1","max-image-preview":"max-image-preview:large","max-video-preview":"max-video-preview:-1"},"canonical":"https:\/\/airporttelecom.com\/de\/esim\/thailand\/","og_locale":"de_DE","og_type":"article","og_title":"eSIM Thailand","og_description":"Auf der Suche nach einem Prepaid eSIM Thailand f\u00fcr (unbegrenzte) Anrufe und Internet? Optimale Erreichbarkeit auf Reisen in eSIM Asien. Jetzt im Verkauf bei !","og_url":"https:\/\/airporttelecom.com\/de\/esim\/thailand\/","og_site_name":"Airport Telecom DE","article_modified_time":"2025-11-19T14:41:53+00:00","og_image":[{"width":800,"height":318,"url":"https:\/\/airporttelecom.com\/de\/wp-content\/uploads\/sites\/6\/2024\/06\/Simkaart-Thailand.png?wsr","type":"image\/png"}],"twitter_card":"summary_large_image","twitter_misc":{"Gesch\u00e4tzte Lesezeit":"1\u00a0Minute"},"schema":{"@context":"https:\/\/schema.org","@graph":[{"@type":"WebPage","@id":"https:\/\/airporttelecom.com\/de\/esim\/thailand\/","url":"https:\/\/airporttelecom.com\/de\/esim\/thailand\/","name":"eSIM Thailand kaufen f\u00fcr prepaid (unbegrenzt) telefonieren und internet - Airport Telecom DE","isPartOf":{"@id":"https:\/\/airporttelecom.com\/de\/#website"},"primaryImageOfPage":{"@id":"https:\/\/airporttelecom.com\/de\/esim\/thailand\/#primaryimage"},"image":{"@id":"https:\/\/airporttelecom.com\/de\/esim\/thailand\/#primaryimage"},"thumbnailUrl":"https:\/\/airporttelecom.com\/de\/wp-content\/uploads\/sites\/6\/2024\/06\/Simkaart-Thailand.png","datePublished":"2024-09-12T10:51:50+00:00","dateModified":"2025-11-19T14:41:53+00:00","description":"Auf der Suche nach einem Prepaid eSIM Thailand f\u00fcr (unbegrenzte) Anrufe und Internet? Optimale Erreichbarkeit auf Reisen in eSIM Asien. Jetzt im Verkauf bei !","breadcrumb":{"@id":"https:\/\/airporttelecom.com\/de\/esim\/thailand\/#breadcrumb"},"inLanguage":"de","potentialAction":[{"@type":"ReadAction","target":["https:\/\/airporttelecom.com\/de\/esim\/thailand\/"]}]},{"@type":"ImageObject","inLanguage":"de","@id":"https:\/\/airporttelecom.com\/de\/esim\/thailand\/#primaryimage","url":"https:\/\/airporttelecom.com\/de\/wp-content\/uploads\/sites\/6\/2024\/06\/Simkaart-Thailand.png","contentUrl":"https:\/\/airporttelecom.com\/de\/wp-content\/uploads\/sites\/6\/2024\/06\/Simkaart-Thailand.png","width":800,"height":318,"caption":"Sim-Karte Thailand"},{"@type":"BreadcrumbList","@id":"https:\/\/airporttelecom.com\/de\/esim\/thailand\/#breadcrumb","itemListElement":[{"@type":"ListItem","position":1,"name":"Home","item":"https:\/\/airporttelecom.com\/de\/"},{"@type":"ListItem","position":2,"name":"eSIM","item":"https:\/\/airporttelecom.com\/de\/esim\/"},{"@type":"ListItem","position":3,"name":"Thailand"}]},{"@type":"WebSite","@id":"https:\/\/airporttelecom.com\/de\/#website","url":"https:\/\/airporttelecom.com\/de\/","name":"Airport Telecom","description":"","publisher":{"@id":"https:\/\/airporttelecom.com\/de\/#organization"},"potentialAction":[{"@type":"SearchAction","target":{"@type":"EntryPoint","urlTemplate":"https:\/\/airporttelecom.com\/de\/?s={search_term_string}"},"query-input":{"@type":"PropertyValueSpecification","valueRequired":true,"valueName":"search_term_string"}}],"inLanguage":"de"},{"@type":"Organization","@id":"https:\/\/airporttelecom.com\/de\/#organization","name":"Airport Telecom","url":"https:\/\/airporttelecom.com\/de\/","logo":{"@type":"ImageObject","inLanguage":"de","@id":"https:\/\/airporttelecom.com\/de\/#\/schema\/logo\/image\/","url":"https:\/\/airporttelecom.com\/de\/wp-content\/uploads\/sites\/6\/2024\/06\/icon.png?wsr","contentUrl":"https:\/\/airporttelecom.com\/de\/wp-content\/uploads\/sites\/6\/2024\/06\/icon.png?wsr","width":110,"height":110,"caption":"Airport Telecom"},"image":{"@id":"https:\/\/airporttelecom.com\/de\/#\/schema\/logo\/image\/"}}]}},"_links":{"self":[{"href":"https:\/\/airporttelecom.com\/de\/wp-json\/wp\/v2\/product\/1589","targetHints":{"allow":["GET"]}}],"collection":[{"href":"https:\/\/airporttelecom.com\/de\/wp-json\/wp\/v2\/product"}],"about":[{"href":"https:\/\/airporttelecom.com\/de\/wp-json\/wp\/v2\/types\/product"}],"replies":[{"embeddable":true,"href":"https:\/\/airporttelecom.com\/de\/wp-json\/wp\/v2\/comments?post=1589"}],"wp:featuredmedia":[{"embeddable":true,"href":"https:\/\/airporttelecom.com\/de\/wp-json\/wp\/v2\/media\/711"}],"wp:attachment":[{"href":"https:\/\/airporttelecom.com\/de\/wp-json\/wp\/v2\/media?parent=1589"}],"wp:term":[{"taxonomy":"product_brand","embeddable":true,"href":"https:\/\/airporttelecom.com\/de\/wp-json\/wp\/v2\/product_brand?post=1589"},{"taxonomy":"product_cat","embeddable":true,"href":"https:\/\/airporttelecom.com\/de\/wp-json\/wp\/v2\/product_cat?post=1589"},{"taxonomy":"product_tag","embeddable":true,"href":"https:\/\/airporttelecom.com\/de\/wp-json\/wp\/v2\/product_tag?post=1589"}],"curies":[{"name":"wp","href":"https:\/\/api.w.org\/{rel}","templated":true}]}}