{"id":1601,"date":"2024-09-12T10:51:53","date_gmt":"2024-09-12T10:51:53","guid":{"rendered":"https:\/\/airporttelecom.outperforming.nl\/nl\/product\/esim-filipijnen\/"},"modified":"2025-04-23T12:11:22","modified_gmt":"2025-04-23T12:11:22","slug":"esim-philippinen","status":"publish","type":"product","link":"https:\/\/airporttelecom.com\/de\/esim\/philippinen\/","title":{"rendered":"eSIM Philippinen"},"content":{"rendered":"","protected":false},"excerpt":{"rendered":"","protected":false},"featured_media":677,"comment_status":"open","ping_status":"closed","template":"","meta":{"_acf_changed":false},"product_brand":[],"product_cat":[16],"product_tag":[43],"class_list":{"0":"post-1601","1":"product","2":"type-product","3":"status-publish","4":"has-post-thumbnail","6":"product_cat-esim","7":"product_tag-esim-asien","9":"first","10":"instock","11":"taxable","12":"shipping-taxable","13":"purchasable","14":"product-type-variable","15":"has-default-attributes"},"acf":{"gebied_afbeelding":592,"vlag_afbeelding":269,"provider":["NEX"],"product_synoniemen":null,"product_bestel_velden":["vertrekdatum"],"product_omschrijving":"<h2><span>Mobile Erreichbarkeit mit einer philippinischen eSIM<\/span><\/h2>\n\n\n<p><span>Mit einer Prepaid eSIM Philippinen von Airport Telecom k\u00f6nnen Sie \u00fcberall auf den Philippinen mobiles Internet nutzen. Sie k\u00f6nnen aus verschiedenen Daten- und Gespr\u00e4chspaketen w\u00e4hlen. Diese Pakete eignen sich hervorragend f\u00fcr die Internetnutzung und erm\u00f6glichen Ihnen den Zugang zu E-Mail, Whatsapp, Navigation und anderen Internetanwendungen \u00fcber eine schnelle 4G\/5G-Verbindung.<\/span><\/p>\n\n\n<h2><span>Daten auf Reisen in den Philippinen<\/span><\/h2>\n\n\n<p><span>Die eSIM f\u00fcr die Philippinen wird mit einem 10GB und Unlimited Datenpaket geliefert. Jede eSIM hat eine eigene Telefonnummer, \u00fcber die Sie kostenlose Anrufe auf den Philippinen empfangen k\u00f6nnen. Sowohl die 10GB als auch die Unlimited eSIM f\u00fcr die Philippinen beinhalten Anrufe innerhalb der Philippinen. <\/span><\/p>\n\n\n<h2><span>Whatsapp mit eSIM Philippinen<\/span><\/h2>\n\n\n<p><span>Alle Anrufe, die \u00fcber das Internet laufen, wie zum Beispiel mit Whatsapp, Skype und FaceTime, sind nat\u00fcrlich auch mit den eSIMs f\u00fcr Philippinen m\u00f6glich Sie nutzen dann das Datenpaket auf der eSIM. Whatsapp k\u00f6nnen Sie weiterhin mit Ihren eigenen Kontakten, Gruppen und Chats nutzen. Nach dem Einlegen einer Prepaid-eSIM fragt Whatsapp m\u00f6glicherweise, ob Sie eine neue Identit\u00e4t erstellen m\u00f6chten oder ob alles so bleiben soll, wie es war. W\u00e4hlen Sie in diesem Fall Letzteres, dann \u00e4ndert sich nichts. Sie k\u00f6nnen dann wie gewohnt mit Whatsapp Nachrichten versenden und Anrufe t\u00e4tigen.<\/span><\/p>\n\n\n<h2>Mobilfunkabdeckung auf den Philippinen<\/h2>\n\n\n<p>Die Philippinen bestehen aus wundersch\u00f6nen Inseln, auf denen unsere <span><span>eSIMs <\/span><\/span>eine hervorragende Netzabdeckung bieten, ganz gleich, ob Sie auf einer Insel h\u00fcpfen oder in einem Strandresort entspannen. Mit optimaler Netzabdeckung in belebten St\u00e4dten wie Manila und Cebu City, aber auch in den versteckten Juwelen wie El Nido und Coron. Erkunden Sie die Chocolate Hills und die geisterhaften Kreaturen von Boho oder schwimmen Sie mit Schildkr\u00f6ten auf Apo Island, w\u00e4hrend Sie die Heimatfront im Auge behalten. Erleben Sie Ihre Surfabenteuer von Siargao aus, mit Str\u00e4nden wie Naked Island und Daku Island. Genie\u00dfen Sie den White Beach auf Boracay und die Gl\u00fchw\u00fcrmchen am Tubod Beach in Siquijor. In der Cordillera Administrative Region, in Ost-Visayas und in Naturschutzgebieten gibt es weniger zu beachten. Ob Sie das pulsierende Stadtleben oder die ruhigen Str\u00e4nde genie\u00dfen, mit unseren <span><span>eSIMs <\/span><\/span>haben Sie w\u00e4hrend Ihrer Reise auf den Philippinen zuverl\u00e4ssigen Kommunikations- und Internetzugang.<\/p>\n\n\n<h2><span>Philippinen eSIM per E-Mail erhalten<\/span><\/h2>\n\n\n<p><span>Sie erhalten Ihre philippinische eSIM per E-Mail von uns. Das geht sehr schnell und ist auch m\u00f6glich, wenn Sie bereits auf den Philippinen sind oder sehr kurzfristig abreisen.<\/span><\/p>","product_specificaties":"<h2><span>Vorteile eSIM Philippinen<\/span><\/h2>\n\n\n<p><span>Die eSIM Philippinen ist f\u00fcr Tethering geeignet und kann daher auch f\u00fcr Hotspot und MIFI genutzt werden.<\/span><\/p>\n\n\n<p><span>Die eSIM f\u00fcr die Philippinen wird Ihnen per E-Mail zugesandt. Es handelt sich um einen QR-Code, der mit dem Telefon eingescannt werden muss. Das geht also auch, wenn man schon auf den Philippinen ist oder sehr kurzfristig abreist.<\/span><\/p>\n\n\n<p><span>Der Vorteil der eSIM-Variante ist, dass man seinen Datenverkehr auf den Philippinen \u00fcber das Prepaid-Datenpaket laufen lassen kann und gleichzeitig unter der eigenen Handynummer erreichbar bleibt.<\/span><\/p>\n\n\n<p><span>eSIM kann nur in Handys verwendet werden, die daf\u00fcr geeignet sind. Pr\u00fcfen Sie dies sorgf\u00e4ltig, bevor Sie sich f\u00fcr die eSIM entscheiden. eSIM kann ohnehin in iPhone XS, XS Max, XR, iPhone 11 und h\u00f6her verwendet werden.<\/span><\/p>\n\n\n<h2><span>Daten &amp; Telefonieren auf den Philippinen<\/span><\/h2>\n\n\n<p><span>Es gibt zwei Varianten der eSIM Philippinen:<\/span><\/p>\n\n\n<p><span>10GB Daten 59\u20ac<\/span><\/p>\n\n\n<p><span>Inkl. 10GB Daten<\/span><\/p>\n\n\n<p><span>Inkl. 500 Ortsgespr\u00e4chsminuten<\/span><\/p>\n\n\n<p><span>Unbegrenzte Daten \u20ac 89,= *<\/span><\/p>\n\n\n<p><span>Inkl. unbegrenzte Daten *<\/span><\/p>\n\n\n<p><span>Inkl. unbegrenzte Ortsgespr\u00e4chsminuten<\/span><\/p>.\n\n\n<p><span>Die Datenpakete sind nach Aktivierung 30 Tage lang g\u00fcltig.<\/span><\/p>\n\n\n<p><span>*) Es gibt eine Fair Use Policy. <\/span><span>Bei extremer Datennutzung oder extremem Gespr\u00e4chsverhalten kann die Leistungsf\u00e4higkeit der Sim durch den Anbieter eingeschr\u00e4nkt werden.<\/span><\/p>\n\n\n<p>Folgen Sie den \u201eJetzt bestellen\u201c-Buttons auf dieser Seite, um die verschiedenen Datenvarianten zu bestellen. Sie k\u00f6nnen auch die normale SIM-Karte oder die eSIM<\/p> w\u00e4hlen.","product_handleiding":"","product_veelgestelde_vragen":[{"vraag":"Welches esim soll auf den Philippinen verwendet werden?","antwoord":"F\u00fcr einen kurzen Aufenthalt von ein paar Tagen ben\u00f6tigen Sie wahrscheinlich nicht so viele Daten. Das 10-GB-Datenpaket f\u00fcr die Philippinen kann dann ausreichend sein. Anwendungen wie Whatsapp, Instagram und Navigation verbrauchen nicht viel Daten. Wenn Sie l\u00e4nger bleiben, k\u00f6nnte es sinnvoll sein, sich f\u00fcr Unlimited zu entscheiden, damit Sie auf jeden Fall genug Daten haben."},{"vraag":"Wo kann man esim f\u00fcr die Philippinen kaufen?","antwoord":"Kaufen Sie eine esim f\u00fcr die Philippinen online bei Airport Telecom. Sie erhalten die eSIM per E-Mail. Es handelt sich um einen QR-Code, den Sie mit Ihrem Telefon einscannen m\u00fcssen. So k\u00f6nnen Sie dies tun, auch wenn Sie bereits auf den Philippinen sind oder sehr kurzfristig abreisen."}]},"yoast_head":"<!-- This site is optimized with the Yoast SEO Premium plugin v24.4 (Yoast SEO v27.3) - https:\/\/yoast.com\/product\/yoast-seo-premium-wordpress\/ -->\n<title>eSIM Philippinen kaufen f\u00fcr prepaid (unbegrenzt) telefonieren und internet - Airport Telecom DE<\/title>\n<meta name=\"description\" content=\"Auf der Suche nach einem Prepaid eSIM Philippinen f\u00fcr (unbegrenzte) Anrufe und Internet? Optimale Erreichbarkeit auf Reisen in eSIM Asien. Jetzt im Verkauf bei !\" \/>\n<meta name=\"robots\" content=\"index, follow, max-snippet:-1, max-image-preview:large, max-video-preview:-1\" \/>\n<link rel=\"canonical\" href=\"https:\/\/airporttelecom.com\/de\/esim\/philippinen\/\" \/>\n<meta property=\"og:locale\" content=\"de_DE\" \/>\n<meta property=\"og:type\" content=\"article\" \/>\n<meta property=\"og:title\" content=\"eSIM Philippinen\" \/>\n<meta property=\"og:description\" content=\"Auf der Suche nach einem Prepaid eSIM Philippinen f\u00fcr (unbegrenzte) Anrufe und Internet? Optimale Erreichbarkeit auf Reisen in eSIM Asien. Jetzt im Verkauf bei !\" \/>\n<meta property=\"og:url\" content=\"https:\/\/airporttelecom.com\/de\/esim\/philippinen\/\" \/>\n<meta property=\"og:site_name\" content=\"Airport Telecom DE\" \/>\n<meta property=\"article:modified_time\" content=\"2025-04-23T12:11:22+00:00\" \/>\n<meta property=\"og:image\" content=\"https:\/\/airporttelecom.com\/de\/wp-content\/uploads\/sites\/6\/2024\/06\/Simkaart-Filipijnen.png?wsr\" \/>\n\t<meta property=\"og:image:width\" content=\"800\" \/>\n\t<meta property=\"og:image:height\" content=\"318\" \/>\n\t<meta property=\"og:image:type\" content=\"image\/png\" \/>\n<meta name=\"twitter:card\" content=\"summary_large_image\" \/>\n<meta name=\"twitter:label1\" content=\"Gesch\u00e4tzte Lesezeit\" \/>\n\t<meta name=\"twitter:data1\" content=\"1\u00a0Minute\" \/>\n<script type=\"application\/ld+json\" class=\"yoast-schema-graph\">{\"@context\":\"https:\\\/\\\/schema.org\",\"@graph\":[{\"@type\":\"WebPage\",\"@id\":\"https:\\\/\\\/airporttelecom.com\\\/de\\\/esim\\\/philippinen\\\/\",\"url\":\"https:\\\/\\\/airporttelecom.com\\\/de\\\/esim\\\/philippinen\\\/\",\"name\":\"eSIM Philippinen kaufen f\u00fcr prepaid (unbegrenzt) telefonieren und internet - Airport Telecom DE\",\"isPartOf\":{\"@id\":\"https:\\\/\\\/airporttelecom.com\\\/de\\\/#website\"},\"primaryImageOfPage\":{\"@id\":\"https:\\\/\\\/airporttelecom.com\\\/de\\\/esim\\\/philippinen\\\/#primaryimage\"},\"image\":{\"@id\":\"https:\\\/\\\/airporttelecom.com\\\/de\\\/esim\\\/philippinen\\\/#primaryimage\"},\"thumbnailUrl\":\"https:\\\/\\\/airporttelecom.com\\\/de\\\/wp-content\\\/uploads\\\/sites\\\/6\\\/2024\\\/06\\\/Simkaart-Filipijnen.png\",\"datePublished\":\"2024-09-12T10:51:53+00:00\",\"dateModified\":\"2025-04-23T12:11:22+00:00\",\"description\":\"Auf der Suche nach einem Prepaid eSIM Philippinen f\u00fcr (unbegrenzte) Anrufe und Internet? Optimale Erreichbarkeit auf Reisen in eSIM Asien. Jetzt im Verkauf bei !\",\"breadcrumb\":{\"@id\":\"https:\\\/\\\/airporttelecom.com\\\/de\\\/esim\\\/philippinen\\\/#breadcrumb\"},\"inLanguage\":\"de\",\"potentialAction\":[{\"@type\":\"ReadAction\",\"target\":[\"https:\\\/\\\/airporttelecom.com\\\/de\\\/esim\\\/philippinen\\\/\"]}]},{\"@type\":\"ImageObject\",\"inLanguage\":\"de\",\"@id\":\"https:\\\/\\\/airporttelecom.com\\\/de\\\/esim\\\/philippinen\\\/#primaryimage\",\"url\":\"https:\\\/\\\/airporttelecom.com\\\/de\\\/wp-content\\\/uploads\\\/sites\\\/6\\\/2024\\\/06\\\/Simkaart-Filipijnen.png\",\"contentUrl\":\"https:\\\/\\\/airporttelecom.com\\\/de\\\/wp-content\\\/uploads\\\/sites\\\/6\\\/2024\\\/06\\\/Simkaart-Filipijnen.png\",\"width\":800,\"height\":318,\"caption\":\"SIM-Karte Philippinen\"},{\"@type\":\"BreadcrumbList\",\"@id\":\"https:\\\/\\\/airporttelecom.com\\\/de\\\/esim\\\/philippinen\\\/#breadcrumb\",\"itemListElement\":[{\"@type\":\"ListItem\",\"position\":1,\"name\":\"Home\",\"item\":\"https:\\\/\\\/airporttelecom.com\\\/de\\\/\"},{\"@type\":\"ListItem\",\"position\":2,\"name\":\"eSIM\",\"item\":\"https:\\\/\\\/airporttelecom.com\\\/de\\\/esim\\\/\"},{\"@type\":\"ListItem\",\"position\":3,\"name\":\"Philippinen\"}]},{\"@type\":\"WebSite\",\"@id\":\"https:\\\/\\\/airporttelecom.com\\\/de\\\/#website\",\"url\":\"https:\\\/\\\/airporttelecom.com\\\/de\\\/\",\"name\":\"Airport Telecom\",\"description\":\"\",\"publisher\":{\"@id\":\"https:\\\/\\\/airporttelecom.com\\\/de\\\/#organization\"},\"potentialAction\":[{\"@type\":\"SearchAction\",\"target\":{\"@type\":\"EntryPoint\",\"urlTemplate\":\"https:\\\/\\\/airporttelecom.com\\\/de\\\/?s={search_term_string}\"},\"query-input\":{\"@type\":\"PropertyValueSpecification\",\"valueRequired\":true,\"valueName\":\"search_term_string\"}}],\"inLanguage\":\"de\"},{\"@type\":\"Organization\",\"@id\":\"https:\\\/\\\/airporttelecom.com\\\/de\\\/#organization\",\"name\":\"Airport Telecom\",\"url\":\"https:\\\/\\\/airporttelecom.com\\\/de\\\/\",\"logo\":{\"@type\":\"ImageObject\",\"inLanguage\":\"de\",\"@id\":\"https:\\\/\\\/airporttelecom.com\\\/de\\\/#\\\/schema\\\/logo\\\/image\\\/\",\"url\":\"https:\\\/\\\/airporttelecom.com\\\/de\\\/wp-content\\\/uploads\\\/sites\\\/6\\\/2024\\\/06\\\/icon.png?wsr\",\"contentUrl\":\"https:\\\/\\\/airporttelecom.com\\\/de\\\/wp-content\\\/uploads\\\/sites\\\/6\\\/2024\\\/06\\\/icon.png?wsr\",\"width\":110,\"height\":110,\"caption\":\"Airport Telecom\"},\"image\":{\"@id\":\"https:\\\/\\\/airporttelecom.com\\\/de\\\/#\\\/schema\\\/logo\\\/image\\\/\"}}]}<\/script>\n<!-- \/ Yoast SEO Premium plugin. -->","yoast_head_json":{"title":"eSIM Philippinen kaufen f\u00fcr prepaid (unbegrenzt) telefonieren und internet - Airport Telecom DE","description":"Auf der Suche nach einem Prepaid eSIM Philippinen f\u00fcr (unbegrenzte) Anrufe und Internet? Optimale Erreichbarkeit auf Reisen in eSIM Asien. Jetzt im Verkauf bei !","robots":{"index":"index","follow":"follow","max-snippet":"max-snippet:-1","max-image-preview":"max-image-preview:large","max-video-preview":"max-video-preview:-1"},"canonical":"https:\/\/airporttelecom.com\/de\/esim\/philippinen\/","og_locale":"de_DE","og_type":"article","og_title":"eSIM Philippinen","og_description":"Auf der Suche nach einem Prepaid eSIM Philippinen f\u00fcr (unbegrenzte) Anrufe und Internet? Optimale Erreichbarkeit auf Reisen in eSIM Asien. Jetzt im Verkauf bei !","og_url":"https:\/\/airporttelecom.com\/de\/esim\/philippinen\/","og_site_name":"Airport Telecom DE","article_modified_time":"2025-04-23T12:11:22+00:00","og_image":[{"width":800,"height":318,"url":"https:\/\/airporttelecom.com\/de\/wp-content\/uploads\/sites\/6\/2024\/06\/Simkaart-Filipijnen.png?wsr","type":"image\/png"}],"twitter_card":"summary_large_image","twitter_misc":{"Gesch\u00e4tzte Lesezeit":"1\u00a0Minute"},"schema":{"@context":"https:\/\/schema.org","@graph":[{"@type":"WebPage","@id":"https:\/\/airporttelecom.com\/de\/esim\/philippinen\/","url":"https:\/\/airporttelecom.com\/de\/esim\/philippinen\/","name":"eSIM Philippinen kaufen f\u00fcr prepaid (unbegrenzt) telefonieren und internet - Airport Telecom DE","isPartOf":{"@id":"https:\/\/airporttelecom.com\/de\/#website"},"primaryImageOfPage":{"@id":"https:\/\/airporttelecom.com\/de\/esim\/philippinen\/#primaryimage"},"image":{"@id":"https:\/\/airporttelecom.com\/de\/esim\/philippinen\/#primaryimage"},"thumbnailUrl":"https:\/\/airporttelecom.com\/de\/wp-content\/uploads\/sites\/6\/2024\/06\/Simkaart-Filipijnen.png","datePublished":"2024-09-12T10:51:53+00:00","dateModified":"2025-04-23T12:11:22+00:00","description":"Auf der Suche nach einem Prepaid eSIM Philippinen f\u00fcr (unbegrenzte) Anrufe und Internet? Optimale Erreichbarkeit auf Reisen in eSIM Asien. Jetzt im Verkauf bei !","breadcrumb":{"@id":"https:\/\/airporttelecom.com\/de\/esim\/philippinen\/#breadcrumb"},"inLanguage":"de","potentialAction":[{"@type":"ReadAction","target":["https:\/\/airporttelecom.com\/de\/esim\/philippinen\/"]}]},{"@type":"ImageObject","inLanguage":"de","@id":"https:\/\/airporttelecom.com\/de\/esim\/philippinen\/#primaryimage","url":"https:\/\/airporttelecom.com\/de\/wp-content\/uploads\/sites\/6\/2024\/06\/Simkaart-Filipijnen.png","contentUrl":"https:\/\/airporttelecom.com\/de\/wp-content\/uploads\/sites\/6\/2024\/06\/Simkaart-Filipijnen.png","width":800,"height":318,"caption":"SIM-Karte Philippinen"},{"@type":"BreadcrumbList","@id":"https:\/\/airporttelecom.com\/de\/esim\/philippinen\/#breadcrumb","itemListElement":[{"@type":"ListItem","position":1,"name":"Home","item":"https:\/\/airporttelecom.com\/de\/"},{"@type":"ListItem","position":2,"name":"eSIM","item":"https:\/\/airporttelecom.com\/de\/esim\/"},{"@type":"ListItem","position":3,"name":"Philippinen"}]},{"@type":"WebSite","@id":"https:\/\/airporttelecom.com\/de\/#website","url":"https:\/\/airporttelecom.com\/de\/","name":"Airport Telecom","description":"","publisher":{"@id":"https:\/\/airporttelecom.com\/de\/#organization"},"potentialAction":[{"@type":"SearchAction","target":{"@type":"EntryPoint","urlTemplate":"https:\/\/airporttelecom.com\/de\/?s={search_term_string}"},"query-input":{"@type":"PropertyValueSpecification","valueRequired":true,"valueName":"search_term_string"}}],"inLanguage":"de"},{"@type":"Organization","@id":"https:\/\/airporttelecom.com\/de\/#organization","name":"Airport Telecom","url":"https:\/\/airporttelecom.com\/de\/","logo":{"@type":"ImageObject","inLanguage":"de","@id":"https:\/\/airporttelecom.com\/de\/#\/schema\/logo\/image\/","url":"https:\/\/airporttelecom.com\/de\/wp-content\/uploads\/sites\/6\/2024\/06\/icon.png?wsr","contentUrl":"https:\/\/airporttelecom.com\/de\/wp-content\/uploads\/sites\/6\/2024\/06\/icon.png?wsr","width":110,"height":110,"caption":"Airport Telecom"},"image":{"@id":"https:\/\/airporttelecom.com\/de\/#\/schema\/logo\/image\/"}}]}},"_links":{"self":[{"href":"https:\/\/airporttelecom.com\/de\/wp-json\/wp\/v2\/product\/1601","targetHints":{"allow":["GET"]}}],"collection":[{"href":"https:\/\/airporttelecom.com\/de\/wp-json\/wp\/v2\/product"}],"about":[{"href":"https:\/\/airporttelecom.com\/de\/wp-json\/wp\/v2\/types\/product"}],"replies":[{"embeddable":true,"href":"https:\/\/airporttelecom.com\/de\/wp-json\/wp\/v2\/comments?post=1601"}],"wp:featuredmedia":[{"embeddable":true,"href":"https:\/\/airporttelecom.com\/de\/wp-json\/wp\/v2\/media\/677"}],"wp:attachment":[{"href":"https:\/\/airporttelecom.com\/de\/wp-json\/wp\/v2\/media?parent=1601"}],"wp:term":[{"taxonomy":"product_brand","embeddable":true,"href":"https:\/\/airporttelecom.com\/de\/wp-json\/wp\/v2\/product_brand?post=1601"},{"taxonomy":"product_cat","embeddable":true,"href":"https:\/\/airporttelecom.com\/de\/wp-json\/wp\/v2\/product_cat?post=1601"},{"taxonomy":"product_tag","embeddable":true,"href":"https:\/\/airporttelecom.com\/de\/wp-json\/wp\/v2\/product_tag?post=1601"}],"curies":[{"name":"wp","href":"https:\/\/api.w.org\/{rel}","templated":true}]}}