{"id":1660,"date":"2024-09-12T10:52:06","date_gmt":"2024-09-12T10:52:06","guid":{"rendered":"https:\/\/airporttelecom.outperforming.nl\/nl\/product\/esim-puerto-rico\/"},"modified":"2025-12-01T23:47:41","modified_gmt":"2025-12-01T23:47:41","slug":"esim-puerto-rico","status":"publish","type":"product","link":"https:\/\/airporttelecom.com\/de\/esim\/puerto-rico\/","title":{"rendered":"eSIM Puerto Rico"},"content":{"rendered":"","protected":false},"excerpt":{"rendered":"","protected":false},"featured_media":705,"comment_status":"open","ping_status":"closed","template":"","meta":{"_acf_changed":false},"product_brand":[],"product_cat":[16],"product_tag":[41],"class_list":{"0":"post-1660","1":"product","2":"type-product","3":"status-publish","4":"has-post-thumbnail","6":"product_cat-esim","7":"product_tag-esim-antillen-und-karibik","9":"first","10":"instock","11":"taxable","12":"shipping-taxable","13":"purchasable","14":"product-type-variable","15":"has-default-attributes"},"acf":{"gebied_afbeelding":955,"vlag_afbeelding":220,"provider":["BIC"],"product_synoniemen":null,"product_bestel_velden":"","product_omschrijving":"<h2>Mobile Abdeckung mit einer eSIM f\u00fcr Puerto Rico<\/h2>\r\nMit einer Prepaid eSIM Puerto Rico von Airport Telecom sind Sie in ganz Puerto Rico unter einer Rufnummer erreichbar. Au\u00dferdem haben Sie 12 GB oder 30 GB Datenvolumen. Diese eSIMs sind daher sehr gut f\u00fcr die Internetnutzung geeignet. Seien Sie jedoch vorsichtig, denn mit diesen Prepaid eSIMs k\u00f6nnen Sie zwar eingehende Anrufe in Puerto Rico empfangen, aber keine normalen ausgehenden Telefonate f\u00fchren. Alle Anrufe, die \u00fcber das Internet laufen, wie z. B. mit Whatsapp, Skype, Facetime usw., sind nat\u00fcrlich m\u00f6glich. Immerhin nutzen Sie dann das Datenpaket auf der eSIM.\r\n<h2>Internet und Telefonieren auf Reisen in Puerto Rico<\/h2>\r\nDie Telefonnummer der Prepaid eSIM, unter der Sie in Puerto Rico erreichbar sein werden, wird Ihnen nach der Aktivierung der eSIM per SMS zugesandt. Es handelt sich um eine englische (+44) Nummer. Wir haben uns daf\u00fcr entschieden, weil die betreffende eSIM ein sehr gutes Datenpaket in Puerto Rico bietet und\u00a0nutzt die gr\u00f6\u00dften Mobilfunknetze Puerto Ricos. Au\u00dferdem ist f\u00fcr diese eSIM keine Benutzerregistrierung in Puerto Rico erforderlich.\r\n<h2>Whatsapp mit eSIM Puerto Rico<\/h2>\r\nAlle internetbasierten Anrufe wie Whatsapp, Skype und FaceTime sind nat\u00fcrlich auch mit der eSIM f\u00fcr Puerto Rico m\u00f6glich. Sie nutzen dann das Datenpaket auf der eSIM. Whatsapp k\u00f6nnen Sie weiterhin mit Ihren eigenen bestehenden Kontakten, Gruppen und Chats nutzen. Nach dem Einlegen einer Prepaid-eSIM fragt Whatsapp m\u00f6glicherweise, ob Sie eine neue Identit\u00e4t erstellen m\u00f6chten oder ob alles so bleiben soll, wie es war. W\u00e4hlen Sie in diesem Fall Letzteres, dann \u00e4ndert sich nichts. Sie k\u00f6nnen dann wie gewohnt mit Whatsapp Nachrichten senden und Anrufe t\u00e4tigen.\r\n<h2>Abdeckung in Puerto Rico<\/h2>\r\nDie Mobilfunknetzabdeckung in Puerto Rico ist im Allgemeinen hervorragend. Das gilt vor allem f\u00fcr die gro\u00dfen St\u00e4dte wie San Juan. In sehr abgelegenen Naturgebieten kann die Netzabdeckung etwas schlechter sein. Ansonsten gibt es in allen D\u00f6rfern und St\u00e4dten eine gute Netzabdeckung mit den Puerto Rico eSIMs.\r\n<h2>Puerto Rico eSIM per E-Mail erhalten<\/h2>\r\nSie erhalten die eSIM f\u00fcr Puerto Rico von uns per E-Mail. Das geht sehr schnell und ist auch m\u00f6glich, wenn Sie bereits in Puerto Rico sind oder sehr kurzfristig abreisen.","product_specificaties":"<h2>Vorteile eSIM Puerto Rico<\/h2>\r\nDie eSIM f\u00fcr Puerto Rico wird Ihnen per E-Mail zugesandt. Es handelt sich um einen QR-Code, der mit Ihrem Handy eingescannt werden muss. Sie k\u00f6nnen dies also auch tun, wenn Sie bereits in Puerto Rico sind oder sehr kurzfristig abreisen.\r\n\r\nDer Vorteil der eSIM-Variante ist, dass Sie Ihren Datenverkehr in Puerto Rico \u00fcber das Prepaid-Datenpaket laufen lassen k\u00f6nnen und gleichzeitig unter Ihrer eigenen Handynummer erreichbar bleiben.\r\n\r\neSIM kann nur in Handys verwendet werden, die daf\u00fcr geeignet sind. Pr\u00fcfen Sie dies sorgf\u00e4ltig, bevor Sie sich f\u00fcr die eSIM entscheiden. eSIM kann ohnehin in iPhone XS, XS Max, XR, iPhone 11 und h\u00f6her verwendet werden.\r\n<h2>Daten &amp; Anrufe in Puerto Rico<\/h2>\r\nEs gibt zwei Varianten der eSIM Puerto Rico:\r\n\r\n&nbsp;\r\n<h3>12GB Daten \u20ac 36,=<\/h3>\r\nInkl. 12GB Daten\r\n\r\n&nbsp;\r\n<h3>30GB Daten \u20ac 57,=<\/h3>\r\nInkl. 30GB Daten\r\n\r\n&nbsp;\r\n\r\nDie Datenpakete sind nach Aktivierung 30 Tage lang g\u00fcltig.","product_handleiding":"","product_veelgestelde_vragen":[{"vraag":"Welches esim ist in Puerto Rico zu verwenden?","antwoord":"F\u00fcr einen kurzen Aufenthalt von ein paar Tagen ben\u00f6tigen Sie wahrscheinlich nicht so viele Daten. Das 12GB Datenpaket f\u00fcr Puerto Rico kann dann ausreichend sein. Anwendungen wie Whatsapp, Instagram und Navigation verbrauchen nicht viel Daten. Wenn Sie l\u00e4nger bleiben, kann es sinnvoll sein, das 30GB Datenpaket zu w\u00e4hlen, damit Sie auf jeden Fall genug Daten haben."},{"vraag":"Wo kann man ein esim f\u00fcr Puerto Rico kaufen?","antwoord":"Kaufen Sie eine esim f\u00fcr Puerto Rico online bei Airport Telecom. Sie erhalten die eSIM per E-Mail. Es handelt sich um einen QR-Code, den Sie mit Ihrem Telefon einscannen m\u00fcssen. So k\u00f6nnen Sie dies tun, auch wenn Sie bereits in Puerto Rico sind oder sehr kurzfristig abreisen."}]},"yoast_head":"<!-- This site is optimized with the Yoast SEO Premium plugin v24.4 (Yoast SEO v26.9) - https:\/\/yoast.com\/product\/yoast-seo-premium-wordpress\/ -->\n<title>eSIM Puerto Rico kaufen f\u00fcr prepaid (unbegrenzt) telefonieren und internet - Airport Telecom DE<\/title>\n<meta name=\"description\" content=\"Auf der Suche nach einem Prepaid eSIM Puerto Rico f\u00fcr (unbegrenzte) Anrufe und Internet? Optimale Erreichbarkeit auf Reisen in eSIM Antillen &amp; Karibik. Jetzt im Verkauf bei !\" \/>\n<meta name=\"robots\" content=\"index, follow, max-snippet:-1, max-image-preview:large, max-video-preview:-1\" \/>\n<link rel=\"canonical\" href=\"https:\/\/airporttelecom.com\/de\/esim\/puerto-rico\/\" \/>\n<meta property=\"og:locale\" content=\"de_DE\" \/>\n<meta property=\"og:type\" content=\"article\" \/>\n<meta property=\"og:title\" content=\"eSIM Puerto Rico\" \/>\n<meta property=\"og:description\" content=\"Auf der Suche nach einem Prepaid eSIM Puerto Rico f\u00fcr (unbegrenzte) Anrufe und Internet? Optimale Erreichbarkeit auf Reisen in eSIM Antillen &amp; Karibik. Jetzt im Verkauf bei !\" \/>\n<meta property=\"og:url\" content=\"https:\/\/airporttelecom.com\/de\/esim\/puerto-rico\/\" \/>\n<meta property=\"og:site_name\" content=\"Airport Telecom DE\" \/>\n<meta property=\"article:modified_time\" content=\"2025-12-01T23:47:41+00:00\" \/>\n<meta property=\"og:image\" content=\"https:\/\/airporttelecom.com\/de\/wp-content\/uploads\/sites\/6\/2024\/06\/Simkaart-Puerto-Rico.png?wsr\" \/>\n\t<meta property=\"og:image:width\" content=\"800\" \/>\n\t<meta property=\"og:image:height\" content=\"319\" \/>\n\t<meta property=\"og:image:type\" content=\"image\/png\" \/>\n<meta name=\"twitter:card\" content=\"summary_large_image\" \/>\n<meta name=\"twitter:label1\" content=\"Gesch\u00e4tzte Lesezeit\" \/>\n\t<meta name=\"twitter:data1\" content=\"1\u00a0Minute\" \/>\n<script type=\"application\/ld+json\" class=\"yoast-schema-graph\">{\"@context\":\"https:\/\/schema.org\",\"@graph\":[{\"@type\":\"WebPage\",\"@id\":\"https:\/\/airporttelecom.com\/de\/esim\/puerto-rico\/\",\"url\":\"https:\/\/airporttelecom.com\/de\/esim\/puerto-rico\/\",\"name\":\"eSIM Puerto Rico kaufen f\u00fcr prepaid (unbegrenzt) telefonieren und internet - Airport Telecom DE\",\"isPartOf\":{\"@id\":\"https:\/\/airporttelecom.com\/de\/#website\"},\"primaryImageOfPage\":{\"@id\":\"https:\/\/airporttelecom.com\/de\/esim\/puerto-rico\/#primaryimage\"},\"image\":{\"@id\":\"https:\/\/airporttelecom.com\/de\/esim\/puerto-rico\/#primaryimage\"},\"thumbnailUrl\":\"https:\/\/airporttelecom.com\/de\/wp-content\/uploads\/sites\/6\/2024\/06\/Simkaart-Puerto-Rico.png\",\"datePublished\":\"2024-09-12T10:52:06+00:00\",\"dateModified\":\"2025-12-01T23:47:41+00:00\",\"description\":\"Auf der Suche nach einem Prepaid eSIM Puerto Rico f\u00fcr (unbegrenzte) Anrufe und Internet? Optimale Erreichbarkeit auf Reisen in eSIM Antillen &amp; Karibik. Jetzt im Verkauf bei !\",\"breadcrumb\":{\"@id\":\"https:\/\/airporttelecom.com\/de\/esim\/puerto-rico\/#breadcrumb\"},\"inLanguage\":\"de\",\"potentialAction\":[{\"@type\":\"ReadAction\",\"target\":[\"https:\/\/airporttelecom.com\/de\/esim\/puerto-rico\/\"]}]},{\"@type\":\"ImageObject\",\"inLanguage\":\"de\",\"@id\":\"https:\/\/airporttelecom.com\/de\/esim\/puerto-rico\/#primaryimage\",\"url\":\"https:\/\/airporttelecom.com\/de\/wp-content\/uploads\/sites\/6\/2024\/06\/Simkaart-Puerto-Rico.png\",\"contentUrl\":\"https:\/\/airporttelecom.com\/de\/wp-content\/uploads\/sites\/6\/2024\/06\/Simkaart-Puerto-Rico.png\",\"width\":800,\"height\":319,\"caption\":\"Sim-Karte Puerto Rico\"},{\"@type\":\"BreadcrumbList\",\"@id\":\"https:\/\/airporttelecom.com\/de\/esim\/puerto-rico\/#breadcrumb\",\"itemListElement\":[{\"@type\":\"ListItem\",\"position\":1,\"name\":\"Home\",\"item\":\"https:\/\/airporttelecom.com\/de\/\"},{\"@type\":\"ListItem\",\"position\":2,\"name\":\"eSIM\",\"item\":\"https:\/\/airporttelecom.com\/de\/esim\/\"},{\"@type\":\"ListItem\",\"position\":3,\"name\":\"Puerto Rico\"}]},{\"@type\":\"WebSite\",\"@id\":\"https:\/\/airporttelecom.com\/de\/#website\",\"url\":\"https:\/\/airporttelecom.com\/de\/\",\"name\":\"Airport Telecom\",\"description\":\"\",\"publisher\":{\"@id\":\"https:\/\/airporttelecom.com\/de\/#organization\"},\"potentialAction\":[{\"@type\":\"SearchAction\",\"target\":{\"@type\":\"EntryPoint\",\"urlTemplate\":\"https:\/\/airporttelecom.com\/de\/?s={search_term_string}\"},\"query-input\":{\"@type\":\"PropertyValueSpecification\",\"valueRequired\":true,\"valueName\":\"search_term_string\"}}],\"inLanguage\":\"de\"},{\"@type\":\"Organization\",\"@id\":\"https:\/\/airporttelecom.com\/de\/#organization\",\"name\":\"Airport Telecom\",\"url\":\"https:\/\/airporttelecom.com\/de\/\",\"logo\":{\"@type\":\"ImageObject\",\"inLanguage\":\"de\",\"@id\":\"https:\/\/airporttelecom.com\/de\/#\/schema\/logo\/image\/\",\"url\":\"https:\/\/airporttelecom.com\/de\/wp-content\/uploads\/sites\/6\/2024\/06\/icon.png?wsr\",\"contentUrl\":\"https:\/\/airporttelecom.com\/de\/wp-content\/uploads\/sites\/6\/2024\/06\/icon.png?wsr\",\"width\":110,\"height\":110,\"caption\":\"Airport Telecom\"},\"image\":{\"@id\":\"https:\/\/airporttelecom.com\/de\/#\/schema\/logo\/image\/\"}}]}<\/script>\n<!-- \/ Yoast SEO Premium plugin. -->","yoast_head_json":{"title":"eSIM Puerto Rico kaufen f\u00fcr prepaid (unbegrenzt) telefonieren und internet - Airport Telecom DE","description":"Auf der Suche nach einem Prepaid eSIM Puerto Rico f\u00fcr (unbegrenzte) Anrufe und Internet? Optimale Erreichbarkeit auf Reisen in eSIM Antillen &amp; Karibik. Jetzt im Verkauf bei !","robots":{"index":"index","follow":"follow","max-snippet":"max-snippet:-1","max-image-preview":"max-image-preview:large","max-video-preview":"max-video-preview:-1"},"canonical":"https:\/\/airporttelecom.com\/de\/esim\/puerto-rico\/","og_locale":"de_DE","og_type":"article","og_title":"eSIM Puerto Rico","og_description":"Auf der Suche nach einem Prepaid eSIM Puerto Rico f\u00fcr (unbegrenzte) Anrufe und Internet? Optimale Erreichbarkeit auf Reisen in eSIM Antillen &amp; Karibik. Jetzt im Verkauf bei !","og_url":"https:\/\/airporttelecom.com\/de\/esim\/puerto-rico\/","og_site_name":"Airport Telecom DE","article_modified_time":"2025-12-01T23:47:41+00:00","og_image":[{"width":800,"height":319,"url":"https:\/\/airporttelecom.com\/de\/wp-content\/uploads\/sites\/6\/2024\/06\/Simkaart-Puerto-Rico.png?wsr","type":"image\/png"}],"twitter_card":"summary_large_image","twitter_misc":{"Gesch\u00e4tzte Lesezeit":"1\u00a0Minute"},"schema":{"@context":"https:\/\/schema.org","@graph":[{"@type":"WebPage","@id":"https:\/\/airporttelecom.com\/de\/esim\/puerto-rico\/","url":"https:\/\/airporttelecom.com\/de\/esim\/puerto-rico\/","name":"eSIM Puerto Rico kaufen f\u00fcr prepaid (unbegrenzt) telefonieren und internet - Airport Telecom DE","isPartOf":{"@id":"https:\/\/airporttelecom.com\/de\/#website"},"primaryImageOfPage":{"@id":"https:\/\/airporttelecom.com\/de\/esim\/puerto-rico\/#primaryimage"},"image":{"@id":"https:\/\/airporttelecom.com\/de\/esim\/puerto-rico\/#primaryimage"},"thumbnailUrl":"https:\/\/airporttelecom.com\/de\/wp-content\/uploads\/sites\/6\/2024\/06\/Simkaart-Puerto-Rico.png","datePublished":"2024-09-12T10:52:06+00:00","dateModified":"2025-12-01T23:47:41+00:00","description":"Auf der Suche nach einem Prepaid eSIM Puerto Rico f\u00fcr (unbegrenzte) Anrufe und Internet? Optimale Erreichbarkeit auf Reisen in eSIM Antillen &amp; Karibik. Jetzt im Verkauf bei !","breadcrumb":{"@id":"https:\/\/airporttelecom.com\/de\/esim\/puerto-rico\/#breadcrumb"},"inLanguage":"de","potentialAction":[{"@type":"ReadAction","target":["https:\/\/airporttelecom.com\/de\/esim\/puerto-rico\/"]}]},{"@type":"ImageObject","inLanguage":"de","@id":"https:\/\/airporttelecom.com\/de\/esim\/puerto-rico\/#primaryimage","url":"https:\/\/airporttelecom.com\/de\/wp-content\/uploads\/sites\/6\/2024\/06\/Simkaart-Puerto-Rico.png","contentUrl":"https:\/\/airporttelecom.com\/de\/wp-content\/uploads\/sites\/6\/2024\/06\/Simkaart-Puerto-Rico.png","width":800,"height":319,"caption":"Sim-Karte Puerto Rico"},{"@type":"BreadcrumbList","@id":"https:\/\/airporttelecom.com\/de\/esim\/puerto-rico\/#breadcrumb","itemListElement":[{"@type":"ListItem","position":1,"name":"Home","item":"https:\/\/airporttelecom.com\/de\/"},{"@type":"ListItem","position":2,"name":"eSIM","item":"https:\/\/airporttelecom.com\/de\/esim\/"},{"@type":"ListItem","position":3,"name":"Puerto Rico"}]},{"@type":"WebSite","@id":"https:\/\/airporttelecom.com\/de\/#website","url":"https:\/\/airporttelecom.com\/de\/","name":"Airport Telecom","description":"","publisher":{"@id":"https:\/\/airporttelecom.com\/de\/#organization"},"potentialAction":[{"@type":"SearchAction","target":{"@type":"EntryPoint","urlTemplate":"https:\/\/airporttelecom.com\/de\/?s={search_term_string}"},"query-input":{"@type":"PropertyValueSpecification","valueRequired":true,"valueName":"search_term_string"}}],"inLanguage":"de"},{"@type":"Organization","@id":"https:\/\/airporttelecom.com\/de\/#organization","name":"Airport Telecom","url":"https:\/\/airporttelecom.com\/de\/","logo":{"@type":"ImageObject","inLanguage":"de","@id":"https:\/\/airporttelecom.com\/de\/#\/schema\/logo\/image\/","url":"https:\/\/airporttelecom.com\/de\/wp-content\/uploads\/sites\/6\/2024\/06\/icon.png?wsr","contentUrl":"https:\/\/airporttelecom.com\/de\/wp-content\/uploads\/sites\/6\/2024\/06\/icon.png?wsr","width":110,"height":110,"caption":"Airport Telecom"},"image":{"@id":"https:\/\/airporttelecom.com\/de\/#\/schema\/logo\/image\/"}}]}},"_links":{"self":[{"href":"https:\/\/airporttelecom.com\/de\/wp-json\/wp\/v2\/product\/1660","targetHints":{"allow":["GET"]}}],"collection":[{"href":"https:\/\/airporttelecom.com\/de\/wp-json\/wp\/v2\/product"}],"about":[{"href":"https:\/\/airporttelecom.com\/de\/wp-json\/wp\/v2\/types\/product"}],"replies":[{"embeddable":true,"href":"https:\/\/airporttelecom.com\/de\/wp-json\/wp\/v2\/comments?post=1660"}],"wp:featuredmedia":[{"embeddable":true,"href":"https:\/\/airporttelecom.com\/de\/wp-json\/wp\/v2\/media\/705"}],"wp:attachment":[{"href":"https:\/\/airporttelecom.com\/de\/wp-json\/wp\/v2\/media?parent=1660"}],"wp:term":[{"taxonomy":"product_brand","embeddable":true,"href":"https:\/\/airporttelecom.com\/de\/wp-json\/wp\/v2\/product_brand?post=1660"},{"taxonomy":"product_cat","embeddable":true,"href":"https:\/\/airporttelecom.com\/de\/wp-json\/wp\/v2\/product_cat?post=1660"},{"taxonomy":"product_tag","embeddable":true,"href":"https:\/\/airporttelecom.com\/de\/wp-json\/wp\/v2\/product_tag?post=1660"}],"curies":[{"name":"wp","href":"https:\/\/api.w.org\/{rel}","templated":true}]}}