{"id":1675,"date":"2024-09-12T10:52:09","date_gmt":"2024-09-12T10:52:09","guid":{"rendered":"https:\/\/airporttelecom.outperforming.nl\/nl\/product\/esim-argentinie\/"},"modified":"2026-01-14T14:25:10","modified_gmt":"2026-01-14T14:25:10","slug":"esim-argentinien","status":"publish","type":"product","link":"https:\/\/airporttelecom.com\/de\/esim\/argentinien\/","title":{"rendered":"eSIM Argentinien"},"content":{"rendered":"","protected":false},"excerpt":{"rendered":"","protected":false},"featured_media":661,"comment_status":"open","ping_status":"closed","template":"","meta":{"_acf_changed":false},"product_brand":[],"product_cat":[16],"product_tag":[47],"class_list":{"0":"post-1675","1":"product","2":"type-product","3":"status-publish","4":"has-post-thumbnail","6":"product_cat-esim","7":"product_tag-esim-sudamerika","9":"first","10":"instock","11":"taxable","12":"shipping-taxable","13":"purchasable","14":"product-type-variable","15":"has-default-attributes"},"acf":{"gebied_afbeelding":567,"vlag_afbeelding":210,"provider":["NEX"],"product_synoniemen":null,"product_bestel_velden":["vertrekdatum"],"product_omschrijving":"<h2>Mobile Erreichbarkeit mit einer eSIM f\u00fcr Argentinien<\/h2>\r\nMit einer Prepaid eSIM Argentinien von Airport Telecom k\u00f6nnen Sie mobiles Internet in ganz Argentinien nutzen. Sie k\u00f6nnen aus zwei verschiedenen Datenpaketen w\u00e4hlen. Diese Pakete eignen sich hervorragend f\u00fcr die Internetnutzung und erm\u00f6glichen Ihnen den Zugang zu E-Mail, Whatsapp, Navigation und anderen Internetanwendungen \u00fcber eine schnelle 4G\/5G-Verbindung.\r\n<h2>Daten bei Reisen in Argentinien<\/h2>\r\nDie eSIM f\u00fcr Argentinien wird mit einem 5GB und 20GB Datenpaket geliefert.\r\n<h2>Whatsapp mit eSIM Argentinien<\/h2>\r\nAlle Internetanrufe wie Whatsapp, Skype und FaceTime sind nat\u00fcrlich auch mit den eSIMs f\u00fcr Argentinien m\u00f6glich Sie nutzen dann das Datenpaket auf der eSIM. Sie k\u00f6nnen Whatsapp mit Ihren bestehenden Kontakten, Gruppen und Chats weiterhin nutzen. Nach der Installation einer Prepaid-eSIM fragt Whatsapp m\u00f6glicherweise, ob Sie eine neue Identit\u00e4t erstellen m\u00f6chten oder ob alles so bleiben soll, wie es war. W\u00e4hlen Sie in diesem Fall Letzteres, und nichts wird sich \u00e4ndern. Sie k\u00f6nnen dann wie gewohnt mit Whatsapp Nachrichten versenden und Anrufe t\u00e4tigen.\r\n<h2>Abdeckung in Argentinien<\/h2>\r\nArgentinien bietet eine hervorragende Mobilfunkabdeckung mit einer eSIM in dicht besiedelten St\u00e4dten wie Buenos Aires, Rosario und Mendoza. Hier funktioniert Ihr Mobiltelefon perfekt f\u00fcr Anrufe, Texte und Daten, sodass Sie WhatsApp und Instagram problemlos nutzen k\u00f6nnen. Au\u00dferhalb der St\u00e4dte, in abgelegenen Naturgebieten wie den Esteros del Iber\u00e1, der Quebrada de Humahuaca, dem Talampaya-Nationalpark und Patagonien, ist die Netzabdeckung jedoch eingeschr\u00e4nkt. In belebten Touristenorten wie Playe del Carmen k\u00f6nnen Sie sich auf eine zuverl\u00e4ssige Mobilfunkverbindung verlassen. In den Weinbergen rund um Mendoza k\u00f6nnen Sie problemlos Fotos austauschen, und in Buenos Aires haben Sie eine stabile Verbindung, wenn Sie Tango-Shows besuchen, das alte Viertel San Telmo erkunden, im Caf\u00e9 Tortoni etwas trinken oder den Palacio Barolo bewundern.\r\n<h2>Erhalten Sie Argentinien eSIM per E-Mail<\/h2>\r\nSie erhalten die eSIM f\u00fcr Argentinien von uns per E-Mail. Das geht sehr schnell und ist auch m\u00f6glich, wenn Sie bereits in Argentinien sind oder sehr kurzfristig abreisen.","product_specificaties":"<h2>Vorteile eSIM Argentinien<\/h2>\r\nDie eSIM f\u00fcr Argentinien wird Ihnen per E-Mail zugesandt. Es handelt sich um einen QR-Code, den Sie mit Ihrem Telefon einscannen m\u00fcssen. Sie k\u00f6nnen dies also auch tun, wenn Sie bereits in Argentinien sind oder sehr kurzfristig abreisen.\r\n\r\nDer Vorteil der eSIM-Variante ist, dass Sie Ihren Datenverkehr in Argentinien \u00fcber das Prepaid-Datenpaket laufen lassen k\u00f6nnen und gleichzeitig unter Ihrer eigenen Handynummer erreichbar bleiben.\r\n\r\neSIM kann nur in Handys verwendet werden, die daf\u00fcr geeignet sind. Pr\u00fcfen Sie dies gut, bevor Sie sich f\u00fcr die eSIM entscheiden. eSIM kann auf jeden Fall im iPhone XS, XS Max, XR, iPhone 11 und h\u00f6her verwendet werden.\r\n\r\n&nbsp;\r\n<h2>Daten in Argentinien<\/h2>\r\nEs gibt zwei Varianten der eSIM Argentinien:\r\n\r\n&nbsp;\r\n<h3>5GB Daten \u20ac 33,=<\/h3>\r\nInkl. 5GB Daten\r\n\r\n&nbsp;\r\n<h3>20GB Daten \u20ac 57,=<\/h3>\r\nInkl. 20GB Daten\r\n\r\n&nbsp;\r\n\r\nDie Datenpakete sind nach Aktivierung 30 Tage lang g\u00fcltig.\r\n\r\n&nbsp;","product_handleiding":"","product_veelgestelde_vragen":[{"vraag":"Welches esim soll in Argentinien verwendet werden?","antwoord":"F\u00fcr einen kurzen Aufenthalt von ein paar Tagen ben\u00f6tigen Sie wahrscheinlich nicht so viele Daten. Das 5GB Datenpaket f\u00fcr Argentinien kann dann ausreichend sein. Anwendungen wie Whatsapp, Instagram und Navigation verbrauchen nicht viel Daten. Wenn Sie l\u00e4nger bleiben, k\u00f6nnte es sinnvoll sein, sich f\u00fcr das 20GB Datenpaket zu entscheiden, damit Sie auf jeden Fall genug Daten haben."},{"vraag":"Wo kann man ein esim f\u00fcr Argentinien kaufen?","antwoord":"Kaufen Sie eine esim f\u00fcr Argentinien online bei Airport Telecom. Sie erhalten die eSIM per E-Mail. Es handelt sich um einen QR-Code, den Sie mit Ihrem Telefon einscannen m\u00fcssen. Sie k\u00f6nnen dies also auch tun, wenn Sie bereits in Argentinien sind oder sehr kurzfristig abreisen."}]},"yoast_head":"<!-- This site is optimized with the Yoast SEO Premium plugin v24.4 (Yoast SEO v26.9) - https:\/\/yoast.com\/product\/yoast-seo-premium-wordpress\/ -->\n<title>eSIM Argentinien kaufen f\u00fcr prepaid (unbegrenzt) telefonieren und internet - Airport Telecom DE<\/title>\n<meta name=\"description\" content=\"Auf der Suche nach einem Prepaid eSIM Argentinien f\u00fcr (unbegrenzte) Anrufe und Internet? Optimale Erreichbarkeit auf Reisen in eSIM S\u00fcdamerika. Jetzt im Verkauf bei !\" \/>\n<meta name=\"robots\" content=\"index, follow, max-snippet:-1, max-image-preview:large, max-video-preview:-1\" \/>\n<link rel=\"canonical\" href=\"https:\/\/airporttelecom.com\/de\/esim\/argentinien\/\" \/>\n<meta property=\"og:locale\" content=\"de_DE\" \/>\n<meta property=\"og:type\" content=\"article\" \/>\n<meta property=\"og:title\" content=\"eSIM Argentinien\" \/>\n<meta property=\"og:description\" content=\"Auf der Suche nach einem Prepaid eSIM Argentinien f\u00fcr (unbegrenzte) Anrufe und Internet? Optimale Erreichbarkeit auf Reisen in eSIM S\u00fcdamerika. Jetzt im Verkauf bei !\" \/>\n<meta property=\"og:url\" content=\"https:\/\/airporttelecom.com\/de\/esim\/argentinien\/\" \/>\n<meta property=\"og:site_name\" content=\"Airport Telecom DE\" \/>\n<meta property=\"article:modified_time\" content=\"2026-01-14T14:25:10+00:00\" \/>\n<meta property=\"og:image\" content=\"https:\/\/airporttelecom.com\/de\/wp-content\/uploads\/sites\/6\/2024\/06\/Simkaart-Argentinie.png?wsr\" \/>\n\t<meta property=\"og:image:width\" content=\"800\" \/>\n\t<meta property=\"og:image:height\" content=\"318\" \/>\n\t<meta property=\"og:image:type\" content=\"image\/png\" \/>\n<meta name=\"twitter:card\" content=\"summary_large_image\" \/>\n<meta name=\"twitter:label1\" content=\"Gesch\u00e4tzte Lesezeit\" \/>\n\t<meta name=\"twitter:data1\" content=\"1\u00a0Minute\" \/>\n<script type=\"application\/ld+json\" class=\"yoast-schema-graph\">{\"@context\":\"https:\/\/schema.org\",\"@graph\":[{\"@type\":\"WebPage\",\"@id\":\"https:\/\/airporttelecom.com\/de\/esim\/argentinien\/\",\"url\":\"https:\/\/airporttelecom.com\/de\/esim\/argentinien\/\",\"name\":\"eSIM Argentinien kaufen f\u00fcr prepaid (unbegrenzt) telefonieren und internet - Airport Telecom DE\",\"isPartOf\":{\"@id\":\"https:\/\/airporttelecom.com\/de\/#website\"},\"primaryImageOfPage\":{\"@id\":\"https:\/\/airporttelecom.com\/de\/esim\/argentinien\/#primaryimage\"},\"image\":{\"@id\":\"https:\/\/airporttelecom.com\/de\/esim\/argentinien\/#primaryimage\"},\"thumbnailUrl\":\"https:\/\/airporttelecom.com\/de\/wp-content\/uploads\/sites\/6\/2024\/06\/Simkaart-Argentinie.png\",\"datePublished\":\"2024-09-12T10:52:09+00:00\",\"dateModified\":\"2026-01-14T14:25:10+00:00\",\"description\":\"Auf der Suche nach einem Prepaid eSIM Argentinien f\u00fcr (unbegrenzte) Anrufe und Internet? Optimale Erreichbarkeit auf Reisen in eSIM S\u00fcdamerika. Jetzt im Verkauf bei !\",\"breadcrumb\":{\"@id\":\"https:\/\/airporttelecom.com\/de\/esim\/argentinien\/#breadcrumb\"},\"inLanguage\":\"de\",\"potentialAction\":[{\"@type\":\"ReadAction\",\"target\":[\"https:\/\/airporttelecom.com\/de\/esim\/argentinien\/\"]}]},{\"@type\":\"ImageObject\",\"inLanguage\":\"de\",\"@id\":\"https:\/\/airporttelecom.com\/de\/esim\/argentinien\/#primaryimage\",\"url\":\"https:\/\/airporttelecom.com\/de\/wp-content\/uploads\/sites\/6\/2024\/06\/Simkaart-Argentinie.png\",\"contentUrl\":\"https:\/\/airporttelecom.com\/de\/wp-content\/uploads\/sites\/6\/2024\/06\/Simkaart-Argentinie.png\",\"width\":800,\"height\":318,\"caption\":\"SIM-Karte Argentinien\"},{\"@type\":\"BreadcrumbList\",\"@id\":\"https:\/\/airporttelecom.com\/de\/esim\/argentinien\/#breadcrumb\",\"itemListElement\":[{\"@type\":\"ListItem\",\"position\":1,\"name\":\"Home\",\"item\":\"https:\/\/airporttelecom.com\/de\/\"},{\"@type\":\"ListItem\",\"position\":2,\"name\":\"eSIM\",\"item\":\"https:\/\/airporttelecom.com\/de\/esim\/\"},{\"@type\":\"ListItem\",\"position\":3,\"name\":\"Argentinien\"}]},{\"@type\":\"WebSite\",\"@id\":\"https:\/\/airporttelecom.com\/de\/#website\",\"url\":\"https:\/\/airporttelecom.com\/de\/\",\"name\":\"Airport Telecom\",\"description\":\"\",\"publisher\":{\"@id\":\"https:\/\/airporttelecom.com\/de\/#organization\"},\"potentialAction\":[{\"@type\":\"SearchAction\",\"target\":{\"@type\":\"EntryPoint\",\"urlTemplate\":\"https:\/\/airporttelecom.com\/de\/?s={search_term_string}\"},\"query-input\":{\"@type\":\"PropertyValueSpecification\",\"valueRequired\":true,\"valueName\":\"search_term_string\"}}],\"inLanguage\":\"de\"},{\"@type\":\"Organization\",\"@id\":\"https:\/\/airporttelecom.com\/de\/#organization\",\"name\":\"Airport Telecom\",\"url\":\"https:\/\/airporttelecom.com\/de\/\",\"logo\":{\"@type\":\"ImageObject\",\"inLanguage\":\"de\",\"@id\":\"https:\/\/airporttelecom.com\/de\/#\/schema\/logo\/image\/\",\"url\":\"https:\/\/airporttelecom.com\/de\/wp-content\/uploads\/sites\/6\/2024\/06\/icon.png?wsr\",\"contentUrl\":\"https:\/\/airporttelecom.com\/de\/wp-content\/uploads\/sites\/6\/2024\/06\/icon.png?wsr\",\"width\":110,\"height\":110,\"caption\":\"Airport Telecom\"},\"image\":{\"@id\":\"https:\/\/airporttelecom.com\/de\/#\/schema\/logo\/image\/\"}}]}<\/script>\n<!-- \/ Yoast SEO Premium plugin. -->","yoast_head_json":{"title":"eSIM Argentinien kaufen f\u00fcr prepaid (unbegrenzt) telefonieren und internet - Airport Telecom DE","description":"Auf der Suche nach einem Prepaid eSIM Argentinien f\u00fcr (unbegrenzte) Anrufe und Internet? Optimale Erreichbarkeit auf Reisen in eSIM S\u00fcdamerika. Jetzt im Verkauf bei !","robots":{"index":"index","follow":"follow","max-snippet":"max-snippet:-1","max-image-preview":"max-image-preview:large","max-video-preview":"max-video-preview:-1"},"canonical":"https:\/\/airporttelecom.com\/de\/esim\/argentinien\/","og_locale":"de_DE","og_type":"article","og_title":"eSIM Argentinien","og_description":"Auf der Suche nach einem Prepaid eSIM Argentinien f\u00fcr (unbegrenzte) Anrufe und Internet? Optimale Erreichbarkeit auf Reisen in eSIM S\u00fcdamerika. Jetzt im Verkauf bei !","og_url":"https:\/\/airporttelecom.com\/de\/esim\/argentinien\/","og_site_name":"Airport Telecom DE","article_modified_time":"2026-01-14T14:25:10+00:00","og_image":[{"width":800,"height":318,"url":"https:\/\/airporttelecom.com\/de\/wp-content\/uploads\/sites\/6\/2024\/06\/Simkaart-Argentinie.png?wsr","type":"image\/png"}],"twitter_card":"summary_large_image","twitter_misc":{"Gesch\u00e4tzte Lesezeit":"1\u00a0Minute"},"schema":{"@context":"https:\/\/schema.org","@graph":[{"@type":"WebPage","@id":"https:\/\/airporttelecom.com\/de\/esim\/argentinien\/","url":"https:\/\/airporttelecom.com\/de\/esim\/argentinien\/","name":"eSIM Argentinien kaufen f\u00fcr prepaid (unbegrenzt) telefonieren und internet - Airport Telecom DE","isPartOf":{"@id":"https:\/\/airporttelecom.com\/de\/#website"},"primaryImageOfPage":{"@id":"https:\/\/airporttelecom.com\/de\/esim\/argentinien\/#primaryimage"},"image":{"@id":"https:\/\/airporttelecom.com\/de\/esim\/argentinien\/#primaryimage"},"thumbnailUrl":"https:\/\/airporttelecom.com\/de\/wp-content\/uploads\/sites\/6\/2024\/06\/Simkaart-Argentinie.png","datePublished":"2024-09-12T10:52:09+00:00","dateModified":"2026-01-14T14:25:10+00:00","description":"Auf der Suche nach einem Prepaid eSIM Argentinien f\u00fcr (unbegrenzte) Anrufe und Internet? Optimale Erreichbarkeit auf Reisen in eSIM S\u00fcdamerika. Jetzt im Verkauf bei !","breadcrumb":{"@id":"https:\/\/airporttelecom.com\/de\/esim\/argentinien\/#breadcrumb"},"inLanguage":"de","potentialAction":[{"@type":"ReadAction","target":["https:\/\/airporttelecom.com\/de\/esim\/argentinien\/"]}]},{"@type":"ImageObject","inLanguage":"de","@id":"https:\/\/airporttelecom.com\/de\/esim\/argentinien\/#primaryimage","url":"https:\/\/airporttelecom.com\/de\/wp-content\/uploads\/sites\/6\/2024\/06\/Simkaart-Argentinie.png","contentUrl":"https:\/\/airporttelecom.com\/de\/wp-content\/uploads\/sites\/6\/2024\/06\/Simkaart-Argentinie.png","width":800,"height":318,"caption":"SIM-Karte Argentinien"},{"@type":"BreadcrumbList","@id":"https:\/\/airporttelecom.com\/de\/esim\/argentinien\/#breadcrumb","itemListElement":[{"@type":"ListItem","position":1,"name":"Home","item":"https:\/\/airporttelecom.com\/de\/"},{"@type":"ListItem","position":2,"name":"eSIM","item":"https:\/\/airporttelecom.com\/de\/esim\/"},{"@type":"ListItem","position":3,"name":"Argentinien"}]},{"@type":"WebSite","@id":"https:\/\/airporttelecom.com\/de\/#website","url":"https:\/\/airporttelecom.com\/de\/","name":"Airport Telecom","description":"","publisher":{"@id":"https:\/\/airporttelecom.com\/de\/#organization"},"potentialAction":[{"@type":"SearchAction","target":{"@type":"EntryPoint","urlTemplate":"https:\/\/airporttelecom.com\/de\/?s={search_term_string}"},"query-input":{"@type":"PropertyValueSpecification","valueRequired":true,"valueName":"search_term_string"}}],"inLanguage":"de"},{"@type":"Organization","@id":"https:\/\/airporttelecom.com\/de\/#organization","name":"Airport Telecom","url":"https:\/\/airporttelecom.com\/de\/","logo":{"@type":"ImageObject","inLanguage":"de","@id":"https:\/\/airporttelecom.com\/de\/#\/schema\/logo\/image\/","url":"https:\/\/airporttelecom.com\/de\/wp-content\/uploads\/sites\/6\/2024\/06\/icon.png?wsr","contentUrl":"https:\/\/airporttelecom.com\/de\/wp-content\/uploads\/sites\/6\/2024\/06\/icon.png?wsr","width":110,"height":110,"caption":"Airport Telecom"},"image":{"@id":"https:\/\/airporttelecom.com\/de\/#\/schema\/logo\/image\/"}}]}},"_links":{"self":[{"href":"https:\/\/airporttelecom.com\/de\/wp-json\/wp\/v2\/product\/1675","targetHints":{"allow":["GET"]}}],"collection":[{"href":"https:\/\/airporttelecom.com\/de\/wp-json\/wp\/v2\/product"}],"about":[{"href":"https:\/\/airporttelecom.com\/de\/wp-json\/wp\/v2\/types\/product"}],"replies":[{"embeddable":true,"href":"https:\/\/airporttelecom.com\/de\/wp-json\/wp\/v2\/comments?post=1675"}],"wp:featuredmedia":[{"embeddable":true,"href":"https:\/\/airporttelecom.com\/de\/wp-json\/wp\/v2\/media\/661"}],"wp:attachment":[{"href":"https:\/\/airporttelecom.com\/de\/wp-json\/wp\/v2\/media?parent=1675"}],"wp:term":[{"taxonomy":"product_brand","embeddable":true,"href":"https:\/\/airporttelecom.com\/de\/wp-json\/wp\/v2\/product_brand?post=1675"},{"taxonomy":"product_cat","embeddable":true,"href":"https:\/\/airporttelecom.com\/de\/wp-json\/wp\/v2\/product_cat?post=1675"},{"taxonomy":"product_tag","embeddable":true,"href":"https:\/\/airporttelecom.com\/de\/wp-json\/wp\/v2\/product_tag?post=1675"}],"curies":[{"name":"wp","href":"https:\/\/api.w.org\/{rel}","templated":true}]}}