{"id":1690,"date":"2024-09-12T10:52:12","date_gmt":"2024-09-12T10:52:12","guid":{"rendered":"https:\/\/airporttelecom.outperforming.nl\/nl\/product\/esim-mexico\/"},"modified":"2025-10-19T22:20:18","modified_gmt":"2025-10-19T22:20:18","slug":"esim-mexiko","status":"publish","type":"product","link":"https:\/\/airporttelecom.com\/de\/esim\/mexiko\/","title":{"rendered":"eSIM Mexiko"},"content":{"rendered":"","protected":false},"excerpt":{"rendered":"","protected":false},"featured_media":699,"comment_status":"open","ping_status":"closed","template":"","meta":{"_acf_changed":false},"product_brand":[],"product_cat":[16],"product_tag":[44,46],"class_list":{"0":"post-1690","1":"product","2":"type-product","3":"status-publish","4":"has-post-thumbnail","6":"product_cat-esim","7":"product_tag-esim-mittelamerika","8":"product_tag-esim-nordamerika","10":"first","11":"instock","12":"taxable","13":"shipping-taxable","14":"purchasable","15":"product-type-variable","16":"has-default-attributes"},"acf":{"gebied_afbeelding":875,"vlag_afbeelding":192,"provider":["NEX","ATT"],"product_synoniemen":null,"product_bestel_velden":["vertrekdatum","phone","imei"],"product_omschrijving":"<h2>Mobilfunkabdeckung in Mexiko mit eSIM Mexiko<\/h2>\r\nMit der Mexikanischen eSIM von Airport Telecom k\u00f6nnen Sie mobiles Internet in ganz Mexiko nutzen. Sie k\u00f6nnen zwischen einem 12GB-Datenpaket und einem unbegrenzten Datenpaket w\u00e4hlen. Die Pakete eignen sich hervorragend f\u00fcr die Internetnutzung und erm\u00f6glichen Ihnen den einfachen Zugang zu E-Mail, Whatsapp, Navigation und anderen Internetanwendungen \u00fcber die 4G und 5G Netze.\r\n<h2>Whatsapp mit eSIM Mexiko<\/h2>\r\nAlle Anrufe, die \u00fcber das Internet laufen, wie zum Beispiel mit Whatsapp, Skype, Facetime etc. sind nat\u00fcrlich auch m\u00f6glich. Immerhin nutzen Sie dann das Datenpaket auf der SIM-Karte. Wie alle anderen Apps k\u00f6nnen Sie Whatsapp wie gewohnt weiter nutzen. Sobald WhatsApp merkt, dass sich eine andere eSIM in Ihrem Telefon befindet, fragt Whatsapp, ob Sie ein neues Konto anlegen wollen oder ob alles so bleiben soll, wie es war. Wenn Sie Letzteres w\u00e4hlen, \u00e4ndert sich bei Whatsapp \u00fcberhaupt nichts. Sie behalten dann einfach Ihre bestehende WhatsApp-Identit\u00e4t mit allen Kontakten, Gruppen und Chats.\r\n<h2>Abdeckung mit eSIM Mexiko<\/h2>\r\nMexiko ist ein riesiges Land mit guter Mobilfunkabdeckung in den St\u00e4dten und bekannten K\u00fcstenorten wie Playa del Carmen und Acapulco, aber auch mit vielen abgelegenen Gebieten, in denen es keine Masten gibt. In und um Mexiko-Stadt ist die Mobilfunkabdeckung ausgezeichnet, so dass Sie beim Essen von Churros im Centro Hist\u00f3rico oder beim Anschauen von \u201eThe History of Mexico\u201c im Palacio Nacional navigieren oder Fotos mit der Heimatfront austauschen k\u00f6nnen. Auf dem Land und in den Bergen wird dies schwieriger sein. Perfektes mobiles Internet gibt es in Cancun mit seinen wei\u00dfen Str\u00e4nden und dem pulsierenden Nachtleben, und das Gleiche gilt f\u00fcr Zihuatanejo, Cozumel und die vielen anderen bekannten und \u00fcberf\u00fcllten Orte.\r\n<h2>eSIM Mexiko schnell per E-Mail erhalten<\/h2>\r\nDie Details f\u00fcr die eSIM Mexiko erhalten Sie nach der Bestellung per E-Mail. Ganz einfach und auch m\u00f6glich, wenn Sie bereits in Mexiko sind oder sehr kurzfristig abreisen.","product_specificaties":"<h2>Vorteile eSIM Mexiko<\/h2>\r\n<ul>\r\n \t<li>Mobiles Internet in ganz Mexiko<\/li>\r\n \t<li>Hotspot und MIFI-Funktionalit\u00e4t werden unterst\u00fctzt.<\/li>\r\n \t<li>Sie erhalten die eSIM-Daten f\u00fcr Mexiko per E-Mail. Sie k\u00f6nnen also auch bestellen, wenn Sie bereits in Mexiko sind oder sehr kurzfristig abreisen.<\/li>\r\n \t<li>eSIM kann nur in kompatiblen Handys verwendet werden. \u00dcberpr\u00fcfen Sie dies gut, bevor Sie die eSIM w\u00e4hlen. eSIM kann trotzdem in iPhone XS, XS Max, XR, iPhone 11, 12, 13, 14, 15, 16 und h\u00f6her verwendet werden.<\/li>\r\n<\/ul>\r\n<h2>Daten &amp; Telefonieren in Mexiko<\/h2>\r\nEs gibt zwei Varianten der eSIM Mexiko:\r\n<h3>eSIM 12GB Daten 49\u20ac<\/h3>\r\n<ul>\r\n \t<li>inkl. 12GB Daten<\/li>\r\n \t<li style=\"list-style-type: none;\"><\/li>\r\n<\/ul>\r\n<h3>eSIM Unbegrenzte Daten \u20ac 89,= *<\/h3>\r\n<ul>\r\n \t<li>inkl. unbegrenzte Daten in Mexiko*<\/li>\r\n<\/ul>\r\nDie Datenpakete sind nach Aktivierung 30 Tage lang g\u00fcltig.\r\n\r\n(*) Es gibt eine Fair Use Policy. Bei extremer Datennutzung oder extremem Gespr\u00e4chsverhalten kann der Anbieter in Mexiko die M\u00f6glichkeiten der eSIM einschr\u00e4nken.","product_handleiding":"","product_veelgestelde_vragen":[{"vraag":"Welche eSIM soll ich in Mexiko verwenden?","antwoord":"F\u00fcr einen kurzen Aufenthalt von ein paar Tagen ben\u00f6tigen Sie wahrscheinlich nicht so viele Daten. Das 12-GB-Datenpaket f\u00fcr Mexiko kann dann ausreichend sein. Anwendungen wie Whatsapp, Instagram und Navigation verbrauchen nicht viel Daten. Wenn Sie l\u00e4nger bleiben, kann es sinnvoll sein, Unlimited zu w\u00e4hlen, damit Sie auf jeden Fall genug Daten haben."},{"vraag":"Wo kann ich eine eSIM f\u00fcr Mexiko kaufen?","antwoord":"Sie k\u00f6nnen eine esim f\u00fcr Mexiko online bei Airport Telecom kaufen. Sie erhalten die eSIM per E-Mail. Es handelt sich um einen QR-Code, den Sie mit Ihrem Telefon einscannen m\u00fcssen. Sie k\u00f6nnen dies also auch tun, wenn Sie bereits in Mexiko sind oder sehr kurzfristig abreisen."}]},"yoast_head":"<!-- This site is optimized with the Yoast SEO Premium plugin v24.4 (Yoast SEO v27.3) - https:\/\/yoast.com\/product\/yoast-seo-premium-wordpress\/ -->\n<title>eSIM Mexiko kaufen f\u00fcr prepaid (unbegrenzt) telefonieren und internet - Airport Telecom DE<\/title>\n<meta name=\"description\" content=\"Auf der Suche nach einem Prepaid eSIM Mexiko f\u00fcr (unbegrenzte) Anrufe und Internet? Optimale Erreichbarkeit auf Reisen in eSIM Mittelamerika, eSIM Nordamerika. Jetzt im Verkauf bei !\" \/>\n<meta name=\"robots\" content=\"index, follow, max-snippet:-1, max-image-preview:large, max-video-preview:-1\" \/>\n<link rel=\"canonical\" href=\"https:\/\/airporttelecom.com\/de\/esim\/mexiko\/\" \/>\n<meta property=\"og:locale\" content=\"de_DE\" \/>\n<meta property=\"og:type\" content=\"article\" \/>\n<meta property=\"og:title\" content=\"eSIM Mexiko\" \/>\n<meta property=\"og:description\" content=\"Auf der Suche nach einem Prepaid eSIM Mexiko f\u00fcr (unbegrenzte) Anrufe und Internet? Optimale Erreichbarkeit auf Reisen in eSIM Mittelamerika, eSIM Nordamerika. Jetzt im Verkauf bei !\" \/>\n<meta property=\"og:url\" content=\"https:\/\/airporttelecom.com\/de\/esim\/mexiko\/\" \/>\n<meta property=\"og:site_name\" content=\"Airport Telecom DE\" \/>\n<meta property=\"article:modified_time\" content=\"2025-10-19T22:20:18+00:00\" \/>\n<meta property=\"og:image\" content=\"https:\/\/airporttelecom.com\/de\/wp-content\/uploads\/sites\/6\/2024\/06\/Simkaart-Mexico.png?wsr\" \/>\n\t<meta property=\"og:image:width\" content=\"800\" \/>\n\t<meta property=\"og:image:height\" content=\"319\" \/>\n\t<meta property=\"og:image:type\" content=\"image\/png\" \/>\n<meta name=\"twitter:card\" content=\"summary_large_image\" \/>\n<meta name=\"twitter:label1\" content=\"Gesch\u00e4tzte Lesezeit\" \/>\n\t<meta name=\"twitter:data1\" content=\"1\u00a0Minute\" \/>\n<script type=\"application\/ld+json\" class=\"yoast-schema-graph\">{\"@context\":\"https:\\\/\\\/schema.org\",\"@graph\":[{\"@type\":\"WebPage\",\"@id\":\"https:\\\/\\\/airporttelecom.com\\\/de\\\/esim\\\/mexiko\\\/\",\"url\":\"https:\\\/\\\/airporttelecom.com\\\/de\\\/esim\\\/mexiko\\\/\",\"name\":\"eSIM Mexiko kaufen f\u00fcr prepaid (unbegrenzt) telefonieren und internet - Airport Telecom DE\",\"isPartOf\":{\"@id\":\"https:\\\/\\\/airporttelecom.com\\\/de\\\/#website\"},\"primaryImageOfPage\":{\"@id\":\"https:\\\/\\\/airporttelecom.com\\\/de\\\/esim\\\/mexiko\\\/#primaryimage\"},\"image\":{\"@id\":\"https:\\\/\\\/airporttelecom.com\\\/de\\\/esim\\\/mexiko\\\/#primaryimage\"},\"thumbnailUrl\":\"https:\\\/\\\/airporttelecom.com\\\/de\\\/wp-content\\\/uploads\\\/sites\\\/6\\\/2024\\\/06\\\/Simkaart-Mexico.png\",\"datePublished\":\"2024-09-12T10:52:12+00:00\",\"dateModified\":\"2025-10-19T22:20:18+00:00\",\"description\":\"Auf der Suche nach einem Prepaid eSIM Mexiko f\u00fcr (unbegrenzte) Anrufe und Internet? Optimale Erreichbarkeit auf Reisen in eSIM Mittelamerika, eSIM Nordamerika. Jetzt im Verkauf bei !\",\"breadcrumb\":{\"@id\":\"https:\\\/\\\/airporttelecom.com\\\/de\\\/esim\\\/mexiko\\\/#breadcrumb\"},\"inLanguage\":\"de\",\"potentialAction\":[{\"@type\":\"ReadAction\",\"target\":[\"https:\\\/\\\/airporttelecom.com\\\/de\\\/esim\\\/mexiko\\\/\"]}]},{\"@type\":\"ImageObject\",\"inLanguage\":\"de\",\"@id\":\"https:\\\/\\\/airporttelecom.com\\\/de\\\/esim\\\/mexiko\\\/#primaryimage\",\"url\":\"https:\\\/\\\/airporttelecom.com\\\/de\\\/wp-content\\\/uploads\\\/sites\\\/6\\\/2024\\\/06\\\/Simkaart-Mexico.png\",\"contentUrl\":\"https:\\\/\\\/airporttelecom.com\\\/de\\\/wp-content\\\/uploads\\\/sites\\\/6\\\/2024\\\/06\\\/Simkaart-Mexico.png\",\"width\":800,\"height\":319,\"caption\":\"Sim-Karte Mexiko\"},{\"@type\":\"BreadcrumbList\",\"@id\":\"https:\\\/\\\/airporttelecom.com\\\/de\\\/esim\\\/mexiko\\\/#breadcrumb\",\"itemListElement\":[{\"@type\":\"ListItem\",\"position\":1,\"name\":\"Home\",\"item\":\"https:\\\/\\\/airporttelecom.com\\\/de\\\/\"},{\"@type\":\"ListItem\",\"position\":2,\"name\":\"eSIM\",\"item\":\"https:\\\/\\\/airporttelecom.com\\\/de\\\/esim\\\/\"},{\"@type\":\"ListItem\",\"position\":3,\"name\":\"Mexiko\"}]},{\"@type\":\"WebSite\",\"@id\":\"https:\\\/\\\/airporttelecom.com\\\/de\\\/#website\",\"url\":\"https:\\\/\\\/airporttelecom.com\\\/de\\\/\",\"name\":\"Airport Telecom\",\"description\":\"\",\"publisher\":{\"@id\":\"https:\\\/\\\/airporttelecom.com\\\/de\\\/#organization\"},\"potentialAction\":[{\"@type\":\"SearchAction\",\"target\":{\"@type\":\"EntryPoint\",\"urlTemplate\":\"https:\\\/\\\/airporttelecom.com\\\/de\\\/?s={search_term_string}\"},\"query-input\":{\"@type\":\"PropertyValueSpecification\",\"valueRequired\":true,\"valueName\":\"search_term_string\"}}],\"inLanguage\":\"de\"},{\"@type\":\"Organization\",\"@id\":\"https:\\\/\\\/airporttelecom.com\\\/de\\\/#organization\",\"name\":\"Airport Telecom\",\"url\":\"https:\\\/\\\/airporttelecom.com\\\/de\\\/\",\"logo\":{\"@type\":\"ImageObject\",\"inLanguage\":\"de\",\"@id\":\"https:\\\/\\\/airporttelecom.com\\\/de\\\/#\\\/schema\\\/logo\\\/image\\\/\",\"url\":\"https:\\\/\\\/airporttelecom.com\\\/de\\\/wp-content\\\/uploads\\\/sites\\\/6\\\/2024\\\/06\\\/icon.png?wsr\",\"contentUrl\":\"https:\\\/\\\/airporttelecom.com\\\/de\\\/wp-content\\\/uploads\\\/sites\\\/6\\\/2024\\\/06\\\/icon.png?wsr\",\"width\":110,\"height\":110,\"caption\":\"Airport Telecom\"},\"image\":{\"@id\":\"https:\\\/\\\/airporttelecom.com\\\/de\\\/#\\\/schema\\\/logo\\\/image\\\/\"}}]}<\/script>\n<!-- \/ Yoast SEO Premium plugin. -->","yoast_head_json":{"title":"eSIM Mexiko kaufen f\u00fcr prepaid (unbegrenzt) telefonieren und internet - Airport Telecom DE","description":"Auf der Suche nach einem Prepaid eSIM Mexiko f\u00fcr (unbegrenzte) Anrufe und Internet? Optimale Erreichbarkeit auf Reisen in eSIM Mittelamerika, eSIM Nordamerika. Jetzt im Verkauf bei !","robots":{"index":"index","follow":"follow","max-snippet":"max-snippet:-1","max-image-preview":"max-image-preview:large","max-video-preview":"max-video-preview:-1"},"canonical":"https:\/\/airporttelecom.com\/de\/esim\/mexiko\/","og_locale":"de_DE","og_type":"article","og_title":"eSIM Mexiko","og_description":"Auf der Suche nach einem Prepaid eSIM Mexiko f\u00fcr (unbegrenzte) Anrufe und Internet? Optimale Erreichbarkeit auf Reisen in eSIM Mittelamerika, eSIM Nordamerika. Jetzt im Verkauf bei !","og_url":"https:\/\/airporttelecom.com\/de\/esim\/mexiko\/","og_site_name":"Airport Telecom DE","article_modified_time":"2025-10-19T22:20:18+00:00","og_image":[{"width":800,"height":319,"url":"https:\/\/airporttelecom.com\/de\/wp-content\/uploads\/sites\/6\/2024\/06\/Simkaart-Mexico.png?wsr","type":"image\/png"}],"twitter_card":"summary_large_image","twitter_misc":{"Gesch\u00e4tzte Lesezeit":"1\u00a0Minute"},"schema":{"@context":"https:\/\/schema.org","@graph":[{"@type":"WebPage","@id":"https:\/\/airporttelecom.com\/de\/esim\/mexiko\/","url":"https:\/\/airporttelecom.com\/de\/esim\/mexiko\/","name":"eSIM Mexiko kaufen f\u00fcr prepaid (unbegrenzt) telefonieren und internet - Airport Telecom DE","isPartOf":{"@id":"https:\/\/airporttelecom.com\/de\/#website"},"primaryImageOfPage":{"@id":"https:\/\/airporttelecom.com\/de\/esim\/mexiko\/#primaryimage"},"image":{"@id":"https:\/\/airporttelecom.com\/de\/esim\/mexiko\/#primaryimage"},"thumbnailUrl":"https:\/\/airporttelecom.com\/de\/wp-content\/uploads\/sites\/6\/2024\/06\/Simkaart-Mexico.png","datePublished":"2024-09-12T10:52:12+00:00","dateModified":"2025-10-19T22:20:18+00:00","description":"Auf der Suche nach einem Prepaid eSIM Mexiko f\u00fcr (unbegrenzte) Anrufe und Internet? Optimale Erreichbarkeit auf Reisen in eSIM Mittelamerika, eSIM Nordamerika. Jetzt im Verkauf bei !","breadcrumb":{"@id":"https:\/\/airporttelecom.com\/de\/esim\/mexiko\/#breadcrumb"},"inLanguage":"de","potentialAction":[{"@type":"ReadAction","target":["https:\/\/airporttelecom.com\/de\/esim\/mexiko\/"]}]},{"@type":"ImageObject","inLanguage":"de","@id":"https:\/\/airporttelecom.com\/de\/esim\/mexiko\/#primaryimage","url":"https:\/\/airporttelecom.com\/de\/wp-content\/uploads\/sites\/6\/2024\/06\/Simkaart-Mexico.png","contentUrl":"https:\/\/airporttelecom.com\/de\/wp-content\/uploads\/sites\/6\/2024\/06\/Simkaart-Mexico.png","width":800,"height":319,"caption":"Sim-Karte Mexiko"},{"@type":"BreadcrumbList","@id":"https:\/\/airporttelecom.com\/de\/esim\/mexiko\/#breadcrumb","itemListElement":[{"@type":"ListItem","position":1,"name":"Home","item":"https:\/\/airporttelecom.com\/de\/"},{"@type":"ListItem","position":2,"name":"eSIM","item":"https:\/\/airporttelecom.com\/de\/esim\/"},{"@type":"ListItem","position":3,"name":"Mexiko"}]},{"@type":"WebSite","@id":"https:\/\/airporttelecom.com\/de\/#website","url":"https:\/\/airporttelecom.com\/de\/","name":"Airport Telecom","description":"","publisher":{"@id":"https:\/\/airporttelecom.com\/de\/#organization"},"potentialAction":[{"@type":"SearchAction","target":{"@type":"EntryPoint","urlTemplate":"https:\/\/airporttelecom.com\/de\/?s={search_term_string}"},"query-input":{"@type":"PropertyValueSpecification","valueRequired":true,"valueName":"search_term_string"}}],"inLanguage":"de"},{"@type":"Organization","@id":"https:\/\/airporttelecom.com\/de\/#organization","name":"Airport Telecom","url":"https:\/\/airporttelecom.com\/de\/","logo":{"@type":"ImageObject","inLanguage":"de","@id":"https:\/\/airporttelecom.com\/de\/#\/schema\/logo\/image\/","url":"https:\/\/airporttelecom.com\/de\/wp-content\/uploads\/sites\/6\/2024\/06\/icon.png?wsr","contentUrl":"https:\/\/airporttelecom.com\/de\/wp-content\/uploads\/sites\/6\/2024\/06\/icon.png?wsr","width":110,"height":110,"caption":"Airport Telecom"},"image":{"@id":"https:\/\/airporttelecom.com\/de\/#\/schema\/logo\/image\/"}}]}},"_links":{"self":[{"href":"https:\/\/airporttelecom.com\/de\/wp-json\/wp\/v2\/product\/1690","targetHints":{"allow":["GET"]}}],"collection":[{"href":"https:\/\/airporttelecom.com\/de\/wp-json\/wp\/v2\/product"}],"about":[{"href":"https:\/\/airporttelecom.com\/de\/wp-json\/wp\/v2\/types\/product"}],"replies":[{"embeddable":true,"href":"https:\/\/airporttelecom.com\/de\/wp-json\/wp\/v2\/comments?post=1690"}],"wp:featuredmedia":[{"embeddable":true,"href":"https:\/\/airporttelecom.com\/de\/wp-json\/wp\/v2\/media\/699"}],"wp:attachment":[{"href":"https:\/\/airporttelecom.com\/de\/wp-json\/wp\/v2\/media?parent=1690"}],"wp:term":[{"taxonomy":"product_brand","embeddable":true,"href":"https:\/\/airporttelecom.com\/de\/wp-json\/wp\/v2\/product_brand?post=1690"},{"taxonomy":"product_cat","embeddable":true,"href":"https:\/\/airporttelecom.com\/de\/wp-json\/wp\/v2\/product_cat?post=1690"},{"taxonomy":"product_tag","embeddable":true,"href":"https:\/\/airporttelecom.com\/de\/wp-json\/wp\/v2\/product_tag?post=1690"}],"curies":[{"name":"wp","href":"https:\/\/api.w.org\/{rel}","templated":true}]}}