{"id":1707,"date":"2024-09-12T10:52:16","date_gmt":"2024-09-12T10:52:16","guid":{"rendered":"https:\/\/airporttelecom.outperforming.nl\/nl\/product\/esim-roemenie\/"},"modified":"2025-05-06T09:44:03","modified_gmt":"2025-05-06T09:44:03","slug":"esim-rumaenien","status":"publish","type":"product","link":"https:\/\/airporttelecom.com\/de\/esim\/rumaenien\/","title":{"rendered":"eSIM Rum\u00e4nien"},"content":{"rendered":"","protected":false},"excerpt":{"rendered":"","protected":false},"featured_media":1084,"comment_status":"open","ping_status":"closed","template":"","meta":{"_acf_changed":false},"product_brand":[],"product_cat":[16],"product_tag":[22],"class_list":{"0":"post-1707","1":"product","2":"type-product","3":"status-publish","4":"has-post-thumbnail","6":"product_cat-esim","7":"product_tag-esim-europa","9":"first","10":"instock","11":"taxable","12":"shipping-taxable","13":"purchasable","14":"product-type-variable","15":"has-default-attributes"},"acf":{"gebied_afbeelding":897,"vlag_afbeelding":153,"provider":["BIC"],"product_synoniemen":null,"product_bestel_velden":"","product_omschrijving":"<h2>Mobiles Internet in Rum\u00e4nien mit eSIM Rum\u00e4nien<\/h2>\r\nMit der Unlimited eSIM Romania von Airport Telecom k\u00f6nnen Sie mobiles Internet in ganz Rum\u00e4nien nutzen. Die eSIM ist sehr gut f\u00fcr die Internetnutzung geeignet und erm\u00f6glicht den Zugang zu E-Mail, Whatsapp, Navigation und anderen Internetanwendungen \u00fcber eine schnelle 4G\/5G-Verbindung. W\u00e4hlen Sie, wie lange Sie das Unlimited-Paket ben\u00f6tigen: 7 Tage, 14 Tage oder 30 Tage.\r\n<h2>Datenpakete f\u00fcr Reisen in Rum\u00e4nien<\/h2>\r\nDie eSIMs f\u00fcr Rum\u00e4nien kommen mit einem Unlimited Datenpaket f\u00fcr 7, 14 und 30 Tage:\r\n<h3>Unbegrenzte eSIM Rum\u00e4nien 7 Tage, 24 \u20ac<\/h3>\r\n.\r\n<h3>Unbegrenzte eSIM Rum\u00e4nien 14 Tage, 36 Euro<\/h3>\r\n<h3>Unbegrenzte eSIM Rum\u00e4nien 30 Tage, \u20ac 59,=<\/h3>\r\nDie eSIMs f\u00fcr Rum\u00e4nien haben eine hervorragende landesweite Abdeckung \u00fcber die 4G- und 5G-Netze von AT&amp;T und T-Mobile. In Rum\u00e4nien ist keine Benutzerregistrierung erforderlich. Nach der Ankunft in Rum\u00e4nien beginnt das Internet automatisch zu funktionieren. Die eSIM Romania eignet sich f\u00fcr Tethering, kann aber auch f\u00fcr Hotspot und MIFI genutzt werden.\r\n<h2>Whatsapp mit eSIM Rum\u00e4nien<\/h2>\r\nAlle Gespr\u00e4che, die \u00fcber das Internet laufen, wie zum Beispiel mit Whatsapp, Skype und FaceTime sind nat\u00fcrlich auch mit den eSIMs f\u00fcr Rum\u00e4nien m\u00f6glich. Sie nutzen dann das Datenb\u00fcndel auf der eSIM. Whatsapp k\u00f6nnen Sie weiterhin mit Ihren bestehenden Kontakten, Gruppen und Chats nutzen. Nach dem Einlegen einer eSIM fragt Whatsapp m\u00f6glicherweise, ob Sie eine neue Identit\u00e4t erstellen m\u00f6chten oder ob alles so bleiben soll, wie es war. W\u00e4hlen Sie in diesem Fall Letzteres, dann \u00e4ndert sich nichts. Sie k\u00f6nnen dann wie gewohnt mit Whatsapp Nachrichten senden und Anrufe t\u00e4tigen.\r\n\r\n&gt;\r\n<h2>Abdeckung in Rum\u00e4nien<\/h2>\r\nDie Abdeckung der Mobilfunknetze ist in Rum\u00e4nien im Allgemeinen hervorragend. Das gilt vor allem f\u00fcr die gro\u00dfen St\u00e4dte wie Bukarest. In sehr abgelegenen Naturgebieten kann die Netzabdeckung etwas schlechter sein. Ansonsten gibt es eine gute Abdeckung in allen D\u00f6rfern und St\u00e4dten mit den eSIMs f\u00fcr Rum\u00e4nien.\r\n<h2>Empfang der eSIM f\u00fcr Rum\u00e4nien per E-Mail<\/h2>\r\nSie erhalten die eSIM f\u00fcr Rum\u00e4nien von uns per E-Mail. Das geht sehr schnell und ist auch m\u00f6glich, wenn Sie bereits in Rum\u00e4nien sind oder sehr kurzfristig abreisen.\r\n\r\n&nbsp;","product_specificaties":"<h2>Internet mit eSIM Rum\u00e4nien<\/h2>\r\nEs gibt drei Varianten der eSIM Rum\u00e4nien:\r\n<h3>Unbegrenzte eSIM Rum\u00e4nien 7 Tage, 24 \u20ac<\/h3>\r\n.\r\n<ul>\r\n \t<li style=\"list-style-type: none\">\r\n<ul>\r\n \t<li>Unbegrenzte Daten in ganz Rum\u00e4nien*<\/li>\r\n<\/ul>\r\n<\/li>\r\n<\/ul>\r\n.\r\n<ul>\r\n \t<li>Bundle g\u00fcltig f\u00fcr 7 Tage. Das Aufladen kann \u00fcber diese Website erfolgen.<\/li>\r\n<\/ul>\r\n<h3>Unbegrenzte eSIM Rum\u00e4nien 14 Tage, 36 \u20ac<\/h3>\r\n.\r\n<ul>\r\n \t<li style=\"list-style-type: none\">\r\n<ul>\r\n \t<li>Unbegrenzte Daten in ganz Rum\u00e4nien*<\/li>\r\n<\/ul>\r\n<\/li>\r\n<\/ul>\r\n.\r\n<ul>\r\n \t<li>Bundle g\u00fcltig f\u00fcr 14 Tage. Die Aufladung kann \u00fcber diese Website erfolgen.<\/li>\r\n<\/ul>\r\n<h3>Unbegrenzte eSIM Rum\u00e4nien 30 Tage, \u20ac 59<\/h3>\r\n.\r\n<ul>\r\n \t<li style=\"list-style-type: none\">\r\n<ul>\r\n \t<li>Unbegrenzte Daten in ganz Rum\u00e4nien*<\/li>\r\n<\/ul>\r\n<\/li>\r\n<\/ul>\r\n.\r\n<ul>\r\n \t<li>Bundle g\u00fcltig f\u00fcr 30 Tage. Die Aufladung kann \u00fcber diese Website erfolgen.<\/li>\r\n<\/ul>\r\n(*) Es gibt eine Fair Use Policy. Bei extremer Datennutzung kann der Anbieter in Rum\u00e4nien die M\u00f6glichkeiten der Sim-Karte einschr\u00e4nken.","product_handleiding":"<h2>Wie installiere ich die SIM-Karte Rum\u00e4nien in meinem Telefon?<\/h2>\r\n\u00d6ffnen Sie den Schieberegler an der Seite des Telefons. Sie k\u00f6nnen dies mit dem Stift tun, der mit dem Telefon geliefert wurde. Wenn Sie diesen nicht haben, k\u00f6nnen Sie ihn durch Biegen einer B\u00fcroklammer herstellen. Die SIM-Karten von Airport Telecom werden auch mit einem zus\u00e4tzlichen Stift geliefert.\r\n\r\n&gt;\r\n\r\nEntnehmen Sie Ihre eigene SIM-Karte und bewahren Sie sie sicher auf! Legen Sie nun die neue SIM-Karte ein. Das kann nur auf eine Weise geschehen. Vielleicht haben Sie ein Telefon, das mehrere SIM-Karten aufnehmen kann. Legen Sie die neue SIM-Karte wie eine zus\u00e4tzliche Karte ein.\r\n\r\nSchieben Sie nun den SIM-Kartenschieber zur\u00fcck in das Telefon. Sie sollten nun automatisch die neue SIM-Karte verwenden k\u00f6nnen. Das Telefon fordert Sie m\u00f6glicherweise auf, einige zus\u00e4tzliche Einstellungen vorzunehmen.\r\n\r\n&gt;","product_veelgestelde_vragen":[{"vraag":"Welche eSIM soll ich in Rum\u00e4nien verwenden?","antwoord":"F\u00fcr einen kurzen Aufenthalt von ein paar Tagen ben\u00f6tigen Sie wahrscheinlich nicht so viele Daten. Das 12-GB-Datenpaket f\u00fcr Rum\u00e4nien kann dann ausreichend sein. Anwendungen wie Whatsapp, Instagram und Navigation verbrauchen nicht viel Daten. Wenn Sie l\u00e4nger bleiben, k\u00f6nnte es sinnvoll sein, Unlimited zu w\u00e4hlen, damit Sie auf jeden Fall genug Daten haben."},{"vraag":"Wo kann man eine eSIM f\u00fcr Rum\u00e4nien kaufen?","antwoord":"Sie k\u00f6nnen eine esim f\u00fcr Rum\u00e4nien online bei Airport Telecom kaufen. Sie erhalten die eSIM per E-Mail. Es handelt sich um einen QR-Code, den Sie mit Ihrem Telefon einscannen m\u00fcssen. Sie k\u00f6nnen dies also auch tun, wenn Sie bereits in Rum\u00e4nien sind oder sehr kurzfristig abreisen."}]},"yoast_head":"<!-- This site is optimized with the Yoast SEO Premium plugin v24.4 (Yoast SEO v27.5) - https:\/\/yoast.com\/product\/yoast-seo-premium-wordpress\/ -->\n<title>eSIM Rum\u00e4nien kaufen f\u00fcr prepaid (unbegrenzt) telefonieren und internet - Airport Telecom DE<\/title>\n<meta name=\"description\" content=\"Auf der Suche nach einem Prepaid eSIM Rum\u00e4nien f\u00fcr (unbegrenzte) Anrufe und Internet? Optimale Erreichbarkeit auf Reisen in eSIM Europa. Jetzt im Verkauf bei !\" \/>\n<meta name=\"robots\" content=\"index, follow, max-snippet:-1, max-image-preview:large, max-video-preview:-1\" \/>\n<link rel=\"canonical\" href=\"https:\/\/airporttelecom.com\/de\/esim\/rumaenien\/\" \/>\n<meta property=\"og:locale\" content=\"de_DE\" \/>\n<meta property=\"og:type\" content=\"article\" \/>\n<meta property=\"og:title\" content=\"eSIM Rum\u00e4nien\" \/>\n<meta property=\"og:description\" content=\"Auf der Suche nach einem Prepaid eSIM Rum\u00e4nien f\u00fcr (unbegrenzte) Anrufe und Internet? Optimale Erreichbarkeit auf Reisen in eSIM Europa. Jetzt im Verkauf bei !\" \/>\n<meta property=\"og:url\" content=\"https:\/\/airporttelecom.com\/de\/esim\/rumaenien\/\" \/>\n<meta property=\"og:site_name\" content=\"Airport Telecom DE\" \/>\n<meta property=\"article:modified_time\" content=\"2025-05-06T09:44:03+00:00\" \/>\n<meta property=\"og:image\" content=\"https:\/\/airporttelecom.com\/de\/wp-content\/uploads\/sites\/6\/2024\/06\/Simkaart-Roemenie.png?wsr\" \/>\n\t<meta property=\"og:image:width\" content=\"800\" \/>\n\t<meta property=\"og:image:height\" content=\"316\" \/>\n\t<meta property=\"og:image:type\" content=\"image\/png\" \/>\n<meta name=\"twitter:card\" content=\"summary_large_image\" \/>\n<meta name=\"twitter:label1\" content=\"Gesch\u00e4tzte Lesezeit\" \/>\n\t<meta name=\"twitter:data1\" content=\"1\u00a0Minute\" \/>\n<script type=\"application\/ld+json\" class=\"yoast-schema-graph\">{\"@context\":\"https:\\\/\\\/schema.org\",\"@graph\":[{\"@type\":\"WebPage\",\"@id\":\"https:\\\/\\\/airporttelecom.com\\\/de\\\/esim\\\/rumaenien\\\/\",\"url\":\"https:\\\/\\\/airporttelecom.com\\\/de\\\/esim\\\/rumaenien\\\/\",\"name\":\"eSIM Rum\u00e4nien kaufen f\u00fcr prepaid (unbegrenzt) telefonieren und internet - Airport Telecom DE\",\"isPartOf\":{\"@id\":\"https:\\\/\\\/airporttelecom.com\\\/de\\\/#website\"},\"primaryImageOfPage\":{\"@id\":\"https:\\\/\\\/airporttelecom.com\\\/de\\\/esim\\\/rumaenien\\\/#primaryimage\"},\"image\":{\"@id\":\"https:\\\/\\\/airporttelecom.com\\\/de\\\/esim\\\/rumaenien\\\/#primaryimage\"},\"thumbnailUrl\":\"https:\\\/\\\/airporttelecom.com\\\/de\\\/wp-content\\\/uploads\\\/sites\\\/6\\\/2024\\\/06\\\/Simkaart-Roemenie.png\",\"datePublished\":\"2024-09-12T10:52:16+00:00\",\"dateModified\":\"2025-05-06T09:44:03+00:00\",\"description\":\"Auf der Suche nach einem Prepaid eSIM Rum\u00e4nien f\u00fcr (unbegrenzte) Anrufe und Internet? Optimale Erreichbarkeit auf Reisen in eSIM Europa. Jetzt im Verkauf bei !\",\"breadcrumb\":{\"@id\":\"https:\\\/\\\/airporttelecom.com\\\/de\\\/esim\\\/rumaenien\\\/#breadcrumb\"},\"inLanguage\":\"de\",\"potentialAction\":[{\"@type\":\"ReadAction\",\"target\":[\"https:\\\/\\\/airporttelecom.com\\\/de\\\/esim\\\/rumaenien\\\/\"]}]},{\"@type\":\"ImageObject\",\"inLanguage\":\"de\",\"@id\":\"https:\\\/\\\/airporttelecom.com\\\/de\\\/esim\\\/rumaenien\\\/#primaryimage\",\"url\":\"https:\\\/\\\/airporttelecom.com\\\/de\\\/wp-content\\\/uploads\\\/sites\\\/6\\\/2024\\\/06\\\/Simkaart-Roemenie.png\",\"contentUrl\":\"https:\\\/\\\/airporttelecom.com\\\/de\\\/wp-content\\\/uploads\\\/sites\\\/6\\\/2024\\\/06\\\/Simkaart-Roemenie.png\",\"width\":800,\"height\":316,\"caption\":\"SIM-Karte Rum\u00e4nien\"},{\"@type\":\"BreadcrumbList\",\"@id\":\"https:\\\/\\\/airporttelecom.com\\\/de\\\/esim\\\/rumaenien\\\/#breadcrumb\",\"itemListElement\":[{\"@type\":\"ListItem\",\"position\":1,\"name\":\"Home\",\"item\":\"https:\\\/\\\/airporttelecom.com\\\/de\\\/\"},{\"@type\":\"ListItem\",\"position\":2,\"name\":\"eSIM\",\"item\":\"https:\\\/\\\/airporttelecom.com\\\/de\\\/esim\\\/\"},{\"@type\":\"ListItem\",\"position\":3,\"name\":\"Rum\u00e4nien\"}]},{\"@type\":\"WebSite\",\"@id\":\"https:\\\/\\\/airporttelecom.com\\\/de\\\/#website\",\"url\":\"https:\\\/\\\/airporttelecom.com\\\/de\\\/\",\"name\":\"Airport Telecom\",\"description\":\"\",\"publisher\":{\"@id\":\"https:\\\/\\\/airporttelecom.com\\\/de\\\/#organization\"},\"potentialAction\":[{\"@type\":\"SearchAction\",\"target\":{\"@type\":\"EntryPoint\",\"urlTemplate\":\"https:\\\/\\\/airporttelecom.com\\\/de\\\/?s={search_term_string}\"},\"query-input\":{\"@type\":\"PropertyValueSpecification\",\"valueRequired\":true,\"valueName\":\"search_term_string\"}}],\"inLanguage\":\"de\"},{\"@type\":\"Organization\",\"@id\":\"https:\\\/\\\/airporttelecom.com\\\/de\\\/#organization\",\"name\":\"Airport Telecom\",\"url\":\"https:\\\/\\\/airporttelecom.com\\\/de\\\/\",\"logo\":{\"@type\":\"ImageObject\",\"inLanguage\":\"de\",\"@id\":\"https:\\\/\\\/airporttelecom.com\\\/de\\\/#\\\/schema\\\/logo\\\/image\\\/\",\"url\":\"https:\\\/\\\/airporttelecom.com\\\/de\\\/wp-content\\\/uploads\\\/sites\\\/6\\\/2024\\\/06\\\/icon.png?wsr\",\"contentUrl\":\"https:\\\/\\\/airporttelecom.com\\\/de\\\/wp-content\\\/uploads\\\/sites\\\/6\\\/2024\\\/06\\\/icon.png?wsr\",\"width\":110,\"height\":110,\"caption\":\"Airport Telecom\"},\"image\":{\"@id\":\"https:\\\/\\\/airporttelecom.com\\\/de\\\/#\\\/schema\\\/logo\\\/image\\\/\"}}]}<\/script>\n<!-- \/ Yoast SEO Premium plugin. -->","yoast_head_json":{"title":"eSIM Rum\u00e4nien kaufen f\u00fcr prepaid (unbegrenzt) telefonieren und internet - Airport Telecom DE","description":"Auf der Suche nach einem Prepaid eSIM Rum\u00e4nien f\u00fcr (unbegrenzte) Anrufe und Internet? Optimale Erreichbarkeit auf Reisen in eSIM Europa. Jetzt im Verkauf bei !","robots":{"index":"index","follow":"follow","max-snippet":"max-snippet:-1","max-image-preview":"max-image-preview:large","max-video-preview":"max-video-preview:-1"},"canonical":"https:\/\/airporttelecom.com\/de\/esim\/rumaenien\/","og_locale":"de_DE","og_type":"article","og_title":"eSIM Rum\u00e4nien","og_description":"Auf der Suche nach einem Prepaid eSIM Rum\u00e4nien f\u00fcr (unbegrenzte) Anrufe und Internet? Optimale Erreichbarkeit auf Reisen in eSIM Europa. Jetzt im Verkauf bei !","og_url":"https:\/\/airporttelecom.com\/de\/esim\/rumaenien\/","og_site_name":"Airport Telecom DE","article_modified_time":"2025-05-06T09:44:03+00:00","og_image":[{"width":800,"height":316,"url":"https:\/\/airporttelecom.com\/de\/wp-content\/uploads\/sites\/6\/2024\/06\/Simkaart-Roemenie.png?wsr","type":"image\/png"}],"twitter_card":"summary_large_image","twitter_misc":{"Gesch\u00e4tzte Lesezeit":"1\u00a0Minute"},"schema":{"@context":"https:\/\/schema.org","@graph":[{"@type":"WebPage","@id":"https:\/\/airporttelecom.com\/de\/esim\/rumaenien\/","url":"https:\/\/airporttelecom.com\/de\/esim\/rumaenien\/","name":"eSIM Rum\u00e4nien kaufen f\u00fcr prepaid (unbegrenzt) telefonieren und internet - Airport Telecom DE","isPartOf":{"@id":"https:\/\/airporttelecom.com\/de\/#website"},"primaryImageOfPage":{"@id":"https:\/\/airporttelecom.com\/de\/esim\/rumaenien\/#primaryimage"},"image":{"@id":"https:\/\/airporttelecom.com\/de\/esim\/rumaenien\/#primaryimage"},"thumbnailUrl":"https:\/\/airporttelecom.com\/de\/wp-content\/uploads\/sites\/6\/2024\/06\/Simkaart-Roemenie.png","datePublished":"2024-09-12T10:52:16+00:00","dateModified":"2025-05-06T09:44:03+00:00","description":"Auf der Suche nach einem Prepaid eSIM Rum\u00e4nien f\u00fcr (unbegrenzte) Anrufe und Internet? Optimale Erreichbarkeit auf Reisen in eSIM Europa. Jetzt im Verkauf bei !","breadcrumb":{"@id":"https:\/\/airporttelecom.com\/de\/esim\/rumaenien\/#breadcrumb"},"inLanguage":"de","potentialAction":[{"@type":"ReadAction","target":["https:\/\/airporttelecom.com\/de\/esim\/rumaenien\/"]}]},{"@type":"ImageObject","inLanguage":"de","@id":"https:\/\/airporttelecom.com\/de\/esim\/rumaenien\/#primaryimage","url":"https:\/\/airporttelecom.com\/de\/wp-content\/uploads\/sites\/6\/2024\/06\/Simkaart-Roemenie.png","contentUrl":"https:\/\/airporttelecom.com\/de\/wp-content\/uploads\/sites\/6\/2024\/06\/Simkaart-Roemenie.png","width":800,"height":316,"caption":"SIM-Karte Rum\u00e4nien"},{"@type":"BreadcrumbList","@id":"https:\/\/airporttelecom.com\/de\/esim\/rumaenien\/#breadcrumb","itemListElement":[{"@type":"ListItem","position":1,"name":"Home","item":"https:\/\/airporttelecom.com\/de\/"},{"@type":"ListItem","position":2,"name":"eSIM","item":"https:\/\/airporttelecom.com\/de\/esim\/"},{"@type":"ListItem","position":3,"name":"Rum\u00e4nien"}]},{"@type":"WebSite","@id":"https:\/\/airporttelecom.com\/de\/#website","url":"https:\/\/airporttelecom.com\/de\/","name":"Airport Telecom","description":"","publisher":{"@id":"https:\/\/airporttelecom.com\/de\/#organization"},"potentialAction":[{"@type":"SearchAction","target":{"@type":"EntryPoint","urlTemplate":"https:\/\/airporttelecom.com\/de\/?s={search_term_string}"},"query-input":{"@type":"PropertyValueSpecification","valueRequired":true,"valueName":"search_term_string"}}],"inLanguage":"de"},{"@type":"Organization","@id":"https:\/\/airporttelecom.com\/de\/#organization","name":"Airport Telecom","url":"https:\/\/airporttelecom.com\/de\/","logo":{"@type":"ImageObject","inLanguage":"de","@id":"https:\/\/airporttelecom.com\/de\/#\/schema\/logo\/image\/","url":"https:\/\/airporttelecom.com\/de\/wp-content\/uploads\/sites\/6\/2024\/06\/icon.png?wsr","contentUrl":"https:\/\/airporttelecom.com\/de\/wp-content\/uploads\/sites\/6\/2024\/06\/icon.png?wsr","width":110,"height":110,"caption":"Airport Telecom"},"image":{"@id":"https:\/\/airporttelecom.com\/de\/#\/schema\/logo\/image\/"}}]}},"_links":{"self":[{"href":"https:\/\/airporttelecom.com\/de\/wp-json\/wp\/v2\/product\/1707","targetHints":{"allow":["GET"]}}],"collection":[{"href":"https:\/\/airporttelecom.com\/de\/wp-json\/wp\/v2\/product"}],"about":[{"href":"https:\/\/airporttelecom.com\/de\/wp-json\/wp\/v2\/types\/product"}],"replies":[{"embeddable":true,"href":"https:\/\/airporttelecom.com\/de\/wp-json\/wp\/v2\/comments?post=1707"}],"wp:featuredmedia":[{"embeddable":true,"href":"https:\/\/airporttelecom.com\/de\/wp-json\/wp\/v2\/media\/1084"}],"wp:attachment":[{"href":"https:\/\/airporttelecom.com\/de\/wp-json\/wp\/v2\/media?parent=1707"}],"wp:term":[{"taxonomy":"product_brand","embeddable":true,"href":"https:\/\/airporttelecom.com\/de\/wp-json\/wp\/v2\/product_brand?post=1707"},{"taxonomy":"product_cat","embeddable":true,"href":"https:\/\/airporttelecom.com\/de\/wp-json\/wp\/v2\/product_cat?post=1707"},{"taxonomy":"product_tag","embeddable":true,"href":"https:\/\/airporttelecom.com\/de\/wp-json\/wp\/v2\/product_tag?post=1707"}],"curies":[{"name":"wp","href":"https:\/\/api.w.org\/{rel}","templated":true}]}}