{"id":191,"date":"2024-06-13T14:20:31","date_gmt":"2024-06-13T14:20:31","guid":{"rendered":"https:\/\/airporttelecom.outperforming.nl\/nl\/?post_type=product&#038;p=191"},"modified":"2025-10-21T11:44:25","modified_gmt":"2025-10-21T11:44:25","slug":"sim-karte-mexiko","status":"publish","type":"product","link":"https:\/\/airporttelecom.com\/de\/sim-karte\/mexiko\/","title":{"rendered":"SIM-Karte Mexiko"},"content":{"rendered":"","protected":false},"excerpt":{"rendered":"","protected":false},"featured_media":699,"comment_status":"open","ping_status":"closed","template":"","meta":{"_acf_changed":false},"product_brand":[],"product_cat":[17],"product_tag":[36,24],"class_list":{"0":"post-191","1":"product","2":"type-product","3":"status-publish","4":"has-post-thumbnail","6":"product_cat-sim-karte","7":"product_tag-sim-karte-mittelamerika","8":"product_tag-sim-karte-nordamerika","10":"first","11":"instock","12":"taxable","13":"shipping-taxable","14":"purchasable","15":"product-type-variable","16":"has-default-attributes"},"acf":{"gebied_afbeelding":875,"vlag_afbeelding":192,"provider":["ATT","LIN"],"product_synoniemen":null,"product_bestel_velden":["vertrekdatum"],"product_omschrijving":"<h2>Mobilfunkabdeckung in Mexiko mit der SIM-Karte Mexiko<\/h2>\r\nMit den Mexikanische Prepaid-SIM-Karten von Airport Telecom Schiphol k\u00f6nnen Sie unbegrenzt in ganz Mexiko telefonieren und auch das mobile Internet nutzen. Sie k\u00f6nnen zwischen einem 5GB Datenpaket und einem Unlimited Datenpaket w\u00e4hlen. Beide Sim-Karten gelten sowohl in Mexiko als auch in den USA. Die Datenpakete eignen sich hervorragend f\u00fcr die Internetnutzung und bieten Ihnen einfachen Zugang zu E-Mail, Whatsapp, Navigation und anderen Internetanwendungen.\r\n<h2>Daten und Anrufe in Mexiko<\/h2>\r\nDie SIM-Karten haben eine eigene Rufnummer. Die 5GB-Karte enth\u00e4lt unbegrenzte Minuten f\u00fcr Ortsgespr\u00e4che. Die Unlimited-Karte umfasst auch unbegrenzte Ortsgespr\u00e4chsminuten. Das ist praktisch, um zum Beispiel Hotels und Restaurants in Mexiko anzurufen.\r\n<h2>Whatsapp mit Sim-Karte Mexiko<\/h2>\r\nAlle Anrufe, die \u00fcber das Internet laufen, wie Whatsapp, Skype, Facetime etc. sind nat\u00fcrlich auch m\u00f6glich. Immerhin nutzen Sie dann das Datenpaket auf der SIM-Karte. Wie alle anderen Apps k\u00f6nnen Sie Whatsapp wie gewohnt weiter nutzen. Sobald WhatsApp merkt, dass sich eine andere SIM-Karte in Ihrem Telefon befindet, fragt Whatsapp, ob Sie ein neues Konto anlegen wollen oder ob alles so bleiben soll, wie es war. Wenn Sie sich f\u00fcr Letzteres entscheiden, \u00e4ndert sich bei Whatsapp \u00fcberhaupt nichts. Sie behalten dann einfach Ihre bestehende WhatsApp-Identit\u00e4t mit allen Kontakten, Gruppen und Chats.\r\n<h2>Abdeckung mit Prepaid-SIM-Karte Mexiko<\/h2>\r\nMexiko ist ein riesiges Land mit guter Mobilfunkabdeckung in den St\u00e4dten und bekannten K\u00fcstenorten wie Playa del Carmen und Acapulco, aber auch mit vielen abgelegenen Gebieten, in denen es keine Masten gibt. In und um Mexiko-Stadt ist die Mobilfunkabdeckung hervorragend, so dass Sie beim Essen von Churros im Centro Hist\u00f3rico oder beim Anschauen von \u201eThe History of Mexico\u201c im Palacio Nacional navigieren oder Fotos mit der Heimatfront austauschen k\u00f6nnen. Auf dem Land und in den Bergen wird dies schwieriger sein. In Cancun mit seinen wei\u00dfen Str\u00e4nden und dem pulsierenden Nachtleben gibt es perfektes mobiles Internet, und das Gleiche gilt f\u00fcr Zihuatanejo, Cozumel und die vielen anderen ber\u00fchmten und \u00fcberf\u00fcllten Orte.\r\n<h2>Sim-Karte f\u00fcr Mexiko und Amerika<\/h2>\r\nWie bereits erw\u00e4hnt, funktionieren die 5GB-Simkarte und die Unlimited-Simkarte sowohl in Mexiko als auch in Amerika. Mit den SIM-Karten haben Sie also 5GB oder unbegrenzte Daten sowie unbegrenzte Anrufe und k\u00f6nnen sowohl in Mexiko als auch in Amerika Anrufe empfangen. Ideal, wenn Sie beide L\u00e4nder besuchen.\r\n<h2>Kostenlose Lieferung nach Hause<\/h2>\r\nDie Prepaid-SIM-Karten Mexiko k\u00f6nnen in Deutschland kostenlos nach Hause geliefert werden. Wenn Sie an Werktagen vor 14.00 Uhr bestellen, versenden wir noch am selben Tag per Post. Normalerweise erfolgt die Lieferung dann innerhalb von zwei bis drei Werktagen. Brauchen Sie es schneller? W\u00e4hlen Sie dann die eSIM aus, die Ihnen per E-Mail zugesandt wird.","product_specificaties":"<h2>Vorteile Sim-Karte Mexiko<\/h2>\r\n<ul>\r\n \t<li>Die SIM-Karte Mexiko ist in allen Gr\u00f6\u00dfen (mini, micro und nano) erh\u00e4ltlich und passt in jedes Telefon.<\/li>\r\n \t<li>Erreichbar in ganz Mexiko unter einer Rufnummer. Mit den Simkarten Mexiko sind Sie auch in den USA unter dieser Nummer erreichbar.<\/li>\r\n \t<li>Hotspot- und MIFI-Funktionalit\u00e4t wird nicht unterst\u00fctzt.<\/li>\r\n<\/ul>\r\n<h2>Daten &amp; Telefonieren in Mexiko<\/h2>\r\nDie SIM-Karte Mexiko gibt es in zwei Varianten:\r\n<h3>Sim 5GB Daten \u20ac49<\/h3>\r\n<ul>\r\n \t<li>inkl. unbegrenzte Ortsgespr\u00e4chsminuten in Mexiko und USA<\/li>\r\n \t<li>inkl. 5GB Daten in Mexiko und USA<\/li>\r\n<\/ul>\r\n<h3>Sim Unlimited Daten \u20ac 69,= *<\/h3>\r\n<ul>\r\n \t<li>inkl. unbegrenzte Ortsgespr\u00e4che zu Mexikanische und US-amerikanischen Nummern *<\/li>\r\n \t<li>inkl. unbegrenzte Datenmenge in Mexiko und den USA *<\/li>\r\n<\/ul>\r\nDie Datenpakete sind nach Aktivierung 30 Tage lang g\u00fcltig.\r\n\r\n(*) Es gibt eine Fair Use Policy. Bei extremer Datennutzung kann der Anbieter in Mexiko die M\u00f6glichkeiten der Sim-Karte einschr\u00e4nken.","product_handleiding":"<h2>Wie installiere ich die SIM-Karte Mexiko in meinem Telefon?<\/h2>\r\n\u00d6ffnen Sie den Schieber an der Seite des Telefons. Dazu k\u00f6nnen Sie den mit dem Telefon gelieferten Stift verwenden. Wenn Sie diesen nicht haben, k\u00f6nnen Sie ihn durch Biegen einer B\u00fcroklammer herstellen. Ein zus\u00e4tzlicher Stift wird auch mit den SIM-Karten von Airport Telecom geliefert.\r\n\r\nEntnehmen Sie Ihre eigene SIM-Karte und bewahren Sie sie sicher auf! Legen Sie nun die neue SIM-Karte ein. Das kann nur auf eine Weise geschehen. Vielleicht haben Sie ein Telefon, das mehrere SIM-Karten aufnehmen kann. Legen Sie die neue SIM-Karte wie eine zus\u00e4tzliche Karte ein.\r\n\r\nSchieben Sie den SIM-Kartenschieber wieder in das Telefon. Sie sollten nun automatisch die neue SIM-Karte verwenden k\u00f6nnen. Das Telefon fordert Sie m\u00f6glicherweise auf, einige zus\u00e4tzliche Einstellungen vorzunehmen.","product_veelgestelde_vragen":[{"vraag":"Welche SIM-Karte sollte man in Mexiko verwenden?","antwoord":"F\u00fcr einen kurzen Aufenthalt von ein paar Tagen ben\u00f6tigen Sie wahrscheinlich nicht so viele Daten. Das 5-GB-Datenpaket f\u00fcr Mexiko kann dann ausreichend sein. Anwendungen wie Whatsapp, Instagram und Navigation verbrauchen nicht viele Daten. Wenn Sie l\u00e4nger bleiben, kann es sinnvoll sein, Unlimited zu w\u00e4hlen, damit Sie auf jeden Fall genug Daten haben. Die Unlimited SIM-Karte bietet auch unbegrenzte Anrufe innerhalb Mexikos."},{"vraag":"Wo kann ich eine SIM-Karte f\u00fcr Mexiko kaufen?","antwoord":"Kaufen Sie eine SIM-Karte f\u00fcr Mexiko bei Airport Telecom Schiphol. Sie k\u00f6nnen sie im Gesch\u00e4ft abholen. Oder bestellen Sie online und die SIM-Karte wird Ihnen kostenlos nach Hause geliefert."}]},"yoast_head":"<!-- This site is optimized with the Yoast SEO Premium plugin v24.4 (Yoast SEO v27.3) - https:\/\/yoast.com\/product\/yoast-seo-premium-wordpress\/ -->\n<title>SIM-Karte Mexiko kaufen f\u00fcr prepaid (unbegrenzt) telefonieren und internet - Airport Telecom DE<\/title>\n<meta name=\"description\" content=\"Auf der Suche nach einem Prepaid SIM-Karte Mexiko f\u00fcr (unbegrenzte) Anrufe und Internet? Optimale Erreichbarkeit auf Reisen in Sim-Karte Mittelamerika, Sim-Karte Nordamerika. Jetzt im Verkauf bei !\" \/>\n<meta name=\"robots\" content=\"index, follow, max-snippet:-1, max-image-preview:large, max-video-preview:-1\" \/>\n<link rel=\"canonical\" href=\"https:\/\/airporttelecom.com\/de\/sim-karte\/mexiko\/\" \/>\n<meta property=\"og:locale\" content=\"de_DE\" \/>\n<meta property=\"og:type\" content=\"article\" \/>\n<meta property=\"og:title\" content=\"SIM-Karte Mexiko\" \/>\n<meta property=\"og:description\" content=\"Auf der Suche nach einem Prepaid SIM-Karte Mexiko f\u00fcr (unbegrenzte) Anrufe und Internet? Optimale Erreichbarkeit auf Reisen in Sim-Karte Mittelamerika, Sim-Karte Nordamerika. Jetzt im Verkauf bei !\" \/>\n<meta property=\"og:url\" content=\"https:\/\/airporttelecom.com\/de\/sim-karte\/mexiko\/\" \/>\n<meta property=\"og:site_name\" content=\"Airport Telecom DE\" \/>\n<meta property=\"article:modified_time\" content=\"2025-10-21T11:44:25+00:00\" \/>\n<meta property=\"og:image\" content=\"https:\/\/airporttelecom.com\/de\/wp-content\/uploads\/sites\/6\/2024\/06\/Simkaart-Mexico.png?wsr\" \/>\n\t<meta property=\"og:image:width\" content=\"800\" \/>\n\t<meta property=\"og:image:height\" content=\"319\" \/>\n\t<meta property=\"og:image:type\" content=\"image\/png\" \/>\n<meta name=\"twitter:card\" content=\"summary_large_image\" \/>\n<meta name=\"twitter:label1\" content=\"Gesch\u00e4tzte Lesezeit\" \/>\n\t<meta name=\"twitter:data1\" content=\"1\u00a0Minute\" \/>\n<script type=\"application\/ld+json\" class=\"yoast-schema-graph\">{\"@context\":\"https:\\\/\\\/schema.org\",\"@graph\":[{\"@type\":\"WebPage\",\"@id\":\"https:\\\/\\\/airporttelecom.com\\\/de\\\/sim-karte\\\/mexiko\\\/\",\"url\":\"https:\\\/\\\/airporttelecom.com\\\/de\\\/sim-karte\\\/mexiko\\\/\",\"name\":\"SIM-Karte Mexiko kaufen f\u00fcr prepaid (unbegrenzt) telefonieren und internet - Airport Telecom DE\",\"isPartOf\":{\"@id\":\"https:\\\/\\\/airporttelecom.com\\\/de\\\/#website\"},\"primaryImageOfPage\":{\"@id\":\"https:\\\/\\\/airporttelecom.com\\\/de\\\/sim-karte\\\/mexiko\\\/#primaryimage\"},\"image\":{\"@id\":\"https:\\\/\\\/airporttelecom.com\\\/de\\\/sim-karte\\\/mexiko\\\/#primaryimage\"},\"thumbnailUrl\":\"https:\\\/\\\/airporttelecom.com\\\/de\\\/wp-content\\\/uploads\\\/sites\\\/6\\\/2024\\\/06\\\/Simkaart-Mexico.png\",\"datePublished\":\"2024-06-13T14:20:31+00:00\",\"dateModified\":\"2025-10-21T11:44:25+00:00\",\"description\":\"Auf der Suche nach einem Prepaid SIM-Karte Mexiko f\u00fcr (unbegrenzte) Anrufe und Internet? Optimale Erreichbarkeit auf Reisen in Sim-Karte Mittelamerika, Sim-Karte Nordamerika. Jetzt im Verkauf bei !\",\"breadcrumb\":{\"@id\":\"https:\\\/\\\/airporttelecom.com\\\/de\\\/sim-karte\\\/mexiko\\\/#breadcrumb\"},\"inLanguage\":\"de\",\"potentialAction\":[{\"@type\":\"ReadAction\",\"target\":[\"https:\\\/\\\/airporttelecom.com\\\/de\\\/sim-karte\\\/mexiko\\\/\"]}]},{\"@type\":\"ImageObject\",\"inLanguage\":\"de\",\"@id\":\"https:\\\/\\\/airporttelecom.com\\\/de\\\/sim-karte\\\/mexiko\\\/#primaryimage\",\"url\":\"https:\\\/\\\/airporttelecom.com\\\/de\\\/wp-content\\\/uploads\\\/sites\\\/6\\\/2024\\\/06\\\/Simkaart-Mexico.png\",\"contentUrl\":\"https:\\\/\\\/airporttelecom.com\\\/de\\\/wp-content\\\/uploads\\\/sites\\\/6\\\/2024\\\/06\\\/Simkaart-Mexico.png\",\"width\":800,\"height\":319,\"caption\":\"Sim-Karte Mexiko\"},{\"@type\":\"BreadcrumbList\",\"@id\":\"https:\\\/\\\/airporttelecom.com\\\/de\\\/sim-karte\\\/mexiko\\\/#breadcrumb\",\"itemListElement\":[{\"@type\":\"ListItem\",\"position\":1,\"name\":\"Home\",\"item\":\"https:\\\/\\\/airporttelecom.com\\\/de\\\/\"},{\"@type\":\"ListItem\",\"position\":2,\"name\":\"SIM-Karte\",\"item\":\"https:\\\/\\\/airporttelecom.com\\\/de\\\/sim-karte\\\/\"},{\"@type\":\"ListItem\",\"position\":3,\"name\":\"SIM-Karte Mexiko\"}]},{\"@type\":\"WebSite\",\"@id\":\"https:\\\/\\\/airporttelecom.com\\\/de\\\/#website\",\"url\":\"https:\\\/\\\/airporttelecom.com\\\/de\\\/\",\"name\":\"Airport Telecom\",\"description\":\"\",\"publisher\":{\"@id\":\"https:\\\/\\\/airporttelecom.com\\\/de\\\/#organization\"},\"potentialAction\":[{\"@type\":\"SearchAction\",\"target\":{\"@type\":\"EntryPoint\",\"urlTemplate\":\"https:\\\/\\\/airporttelecom.com\\\/de\\\/?s={search_term_string}\"},\"query-input\":{\"@type\":\"PropertyValueSpecification\",\"valueRequired\":true,\"valueName\":\"search_term_string\"}}],\"inLanguage\":\"de\"},{\"@type\":\"Organization\",\"@id\":\"https:\\\/\\\/airporttelecom.com\\\/de\\\/#organization\",\"name\":\"Airport Telecom\",\"url\":\"https:\\\/\\\/airporttelecom.com\\\/de\\\/\",\"logo\":{\"@type\":\"ImageObject\",\"inLanguage\":\"de\",\"@id\":\"https:\\\/\\\/airporttelecom.com\\\/de\\\/#\\\/schema\\\/logo\\\/image\\\/\",\"url\":\"https:\\\/\\\/airporttelecom.com\\\/de\\\/wp-content\\\/uploads\\\/sites\\\/6\\\/2024\\\/06\\\/icon.png?wsr\",\"contentUrl\":\"https:\\\/\\\/airporttelecom.com\\\/de\\\/wp-content\\\/uploads\\\/sites\\\/6\\\/2024\\\/06\\\/icon.png?wsr\",\"width\":110,\"height\":110,\"caption\":\"Airport Telecom\"},\"image\":{\"@id\":\"https:\\\/\\\/airporttelecom.com\\\/de\\\/#\\\/schema\\\/logo\\\/image\\\/\"}}]}<\/script>\n<!-- \/ Yoast SEO Premium plugin. -->","yoast_head_json":{"title":"SIM-Karte Mexiko kaufen f\u00fcr prepaid (unbegrenzt) telefonieren und internet - Airport Telecom DE","description":"Auf der Suche nach einem Prepaid SIM-Karte Mexiko f\u00fcr (unbegrenzte) Anrufe und Internet? Optimale Erreichbarkeit auf Reisen in Sim-Karte Mittelamerika, Sim-Karte Nordamerika. Jetzt im Verkauf bei !","robots":{"index":"index","follow":"follow","max-snippet":"max-snippet:-1","max-image-preview":"max-image-preview:large","max-video-preview":"max-video-preview:-1"},"canonical":"https:\/\/airporttelecom.com\/de\/sim-karte\/mexiko\/","og_locale":"de_DE","og_type":"article","og_title":"SIM-Karte Mexiko","og_description":"Auf der Suche nach einem Prepaid SIM-Karte Mexiko f\u00fcr (unbegrenzte) Anrufe und Internet? Optimale Erreichbarkeit auf Reisen in Sim-Karte Mittelamerika, Sim-Karte Nordamerika. Jetzt im Verkauf bei !","og_url":"https:\/\/airporttelecom.com\/de\/sim-karte\/mexiko\/","og_site_name":"Airport Telecom DE","article_modified_time":"2025-10-21T11:44:25+00:00","og_image":[{"width":800,"height":319,"url":"https:\/\/airporttelecom.com\/de\/wp-content\/uploads\/sites\/6\/2024\/06\/Simkaart-Mexico.png?wsr","type":"image\/png"}],"twitter_card":"summary_large_image","twitter_misc":{"Gesch\u00e4tzte Lesezeit":"1\u00a0Minute"},"schema":{"@context":"https:\/\/schema.org","@graph":[{"@type":"WebPage","@id":"https:\/\/airporttelecom.com\/de\/sim-karte\/mexiko\/","url":"https:\/\/airporttelecom.com\/de\/sim-karte\/mexiko\/","name":"SIM-Karte Mexiko kaufen f\u00fcr prepaid (unbegrenzt) telefonieren und internet - Airport Telecom DE","isPartOf":{"@id":"https:\/\/airporttelecom.com\/de\/#website"},"primaryImageOfPage":{"@id":"https:\/\/airporttelecom.com\/de\/sim-karte\/mexiko\/#primaryimage"},"image":{"@id":"https:\/\/airporttelecom.com\/de\/sim-karte\/mexiko\/#primaryimage"},"thumbnailUrl":"https:\/\/airporttelecom.com\/de\/wp-content\/uploads\/sites\/6\/2024\/06\/Simkaart-Mexico.png","datePublished":"2024-06-13T14:20:31+00:00","dateModified":"2025-10-21T11:44:25+00:00","description":"Auf der Suche nach einem Prepaid SIM-Karte Mexiko f\u00fcr (unbegrenzte) Anrufe und Internet? Optimale Erreichbarkeit auf Reisen in Sim-Karte Mittelamerika, Sim-Karte Nordamerika. Jetzt im Verkauf bei !","breadcrumb":{"@id":"https:\/\/airporttelecom.com\/de\/sim-karte\/mexiko\/#breadcrumb"},"inLanguage":"de","potentialAction":[{"@type":"ReadAction","target":["https:\/\/airporttelecom.com\/de\/sim-karte\/mexiko\/"]}]},{"@type":"ImageObject","inLanguage":"de","@id":"https:\/\/airporttelecom.com\/de\/sim-karte\/mexiko\/#primaryimage","url":"https:\/\/airporttelecom.com\/de\/wp-content\/uploads\/sites\/6\/2024\/06\/Simkaart-Mexico.png","contentUrl":"https:\/\/airporttelecom.com\/de\/wp-content\/uploads\/sites\/6\/2024\/06\/Simkaart-Mexico.png","width":800,"height":319,"caption":"Sim-Karte Mexiko"},{"@type":"BreadcrumbList","@id":"https:\/\/airporttelecom.com\/de\/sim-karte\/mexiko\/#breadcrumb","itemListElement":[{"@type":"ListItem","position":1,"name":"Home","item":"https:\/\/airporttelecom.com\/de\/"},{"@type":"ListItem","position":2,"name":"SIM-Karte","item":"https:\/\/airporttelecom.com\/de\/sim-karte\/"},{"@type":"ListItem","position":3,"name":"SIM-Karte Mexiko"}]},{"@type":"WebSite","@id":"https:\/\/airporttelecom.com\/de\/#website","url":"https:\/\/airporttelecom.com\/de\/","name":"Airport Telecom","description":"","publisher":{"@id":"https:\/\/airporttelecom.com\/de\/#organization"},"potentialAction":[{"@type":"SearchAction","target":{"@type":"EntryPoint","urlTemplate":"https:\/\/airporttelecom.com\/de\/?s={search_term_string}"},"query-input":{"@type":"PropertyValueSpecification","valueRequired":true,"valueName":"search_term_string"}}],"inLanguage":"de"},{"@type":"Organization","@id":"https:\/\/airporttelecom.com\/de\/#organization","name":"Airport Telecom","url":"https:\/\/airporttelecom.com\/de\/","logo":{"@type":"ImageObject","inLanguage":"de","@id":"https:\/\/airporttelecom.com\/de\/#\/schema\/logo\/image\/","url":"https:\/\/airporttelecom.com\/de\/wp-content\/uploads\/sites\/6\/2024\/06\/icon.png?wsr","contentUrl":"https:\/\/airporttelecom.com\/de\/wp-content\/uploads\/sites\/6\/2024\/06\/icon.png?wsr","width":110,"height":110,"caption":"Airport Telecom"},"image":{"@id":"https:\/\/airporttelecom.com\/de\/#\/schema\/logo\/image\/"}}]}},"_links":{"self":[{"href":"https:\/\/airporttelecom.com\/de\/wp-json\/wp\/v2\/product\/191","targetHints":{"allow":["GET"]}}],"collection":[{"href":"https:\/\/airporttelecom.com\/de\/wp-json\/wp\/v2\/product"}],"about":[{"href":"https:\/\/airporttelecom.com\/de\/wp-json\/wp\/v2\/types\/product"}],"replies":[{"embeddable":true,"href":"https:\/\/airporttelecom.com\/de\/wp-json\/wp\/v2\/comments?post=191"}],"wp:featuredmedia":[{"embeddable":true,"href":"https:\/\/airporttelecom.com\/de\/wp-json\/wp\/v2\/media\/699"}],"wp:attachment":[{"href":"https:\/\/airporttelecom.com\/de\/wp-json\/wp\/v2\/media?parent=191"}],"wp:term":[{"taxonomy":"product_brand","embeddable":true,"href":"https:\/\/airporttelecom.com\/de\/wp-json\/wp\/v2\/product_brand?post=191"},{"taxonomy":"product_cat","embeddable":true,"href":"https:\/\/airporttelecom.com\/de\/wp-json\/wp\/v2\/product_cat?post=191"},{"taxonomy":"product_tag","embeddable":true,"href":"https:\/\/airporttelecom.com\/de\/wp-json\/wp\/v2\/product_tag?post=191"}],"curies":[{"name":"wp","href":"https:\/\/api.w.org\/{rel}","templated":true}]}}