{"id":213,"date":"2024-06-13T15:11:24","date_gmt":"2024-06-13T15:11:24","guid":{"rendered":"https:\/\/airporttelecom.outperforming.nl\/nl\/?post_type=product&#038;p=213"},"modified":"2025-09-29T11:26:52","modified_gmt":"2025-09-29T11:26:52","slug":"sim-karte-chile","status":"publish","type":"product","link":"https:\/\/airporttelecom.com\/de\/sim-karte\/chile\/","title":{"rendered":"SIM-Karte Chile"},"content":{"rendered":"","protected":false},"excerpt":{"rendered":"","protected":false},"featured_media":667,"comment_status":"open","ping_status":"closed","template":"","meta":{"_acf_changed":false},"product_brand":[],"product_cat":[17],"product_tag":[25],"class_list":{"0":"post-213","1":"product","2":"type-product","3":"status-publish","4":"has-post-thumbnail","6":"product_cat-sim-karte","7":"product_tag-sim-karte-sudamerika","9":"first","10":"instock","11":"taxable","12":"shipping-taxable","13":"purchasable","14":"product-type-variable","15":"has-default-attributes"},"acf":{"gebied_afbeelding":620,"vlag_afbeelding":214,"provider":["THR"],"product_synoniemen":null,"product_bestel_velden":"","product_omschrijving":"<h2>Mobil erreichbar in Chile mit SIM-Karte Chile<\/h2>\r\nMit einer Prepaid-SIM-Karte Chile von Airport Telecom sind Sie in ganz Chile unter einer Rufnummer erreichbar. Au\u00dferdem haben Sie 12 GB oder 30 GB Datenvolumen. Diese Karten sind daher sehr gut f\u00fcr die Internetnutzung geeignet. Bitte beachten Sie jedoch, dass Sie mit diesen Prepaid-SIM-Karten zwar eingehende Anrufe in Chile empfangen k\u00f6nnen, aber keine normalen ausgehenden Telefonate f\u00fchren k\u00f6nnen. Alle Gespr\u00e4che, die \u00fcber das Internet laufen, wie z.B. mit Whatsapp, Skype, Facetime etc. sind nat\u00fcrlich m\u00f6glich. Immerhin nutzt man dann das Datenpaket auf der SIM-Karte.\r\n\r\n&gt;\r\n<h2>Internet und Telefonieren auf Reisen in Chile<\/h2>\r\n.\r\n\r\nDie Telefonnummer der Prepaid-SIM-Karte, unter der Sie in Chile erreichbar sind, wird Ihnen nach Aktivierung der SIM-Karte per SMS zugeschickt. Es handelt sich um eine englische (+44) Nummer. Wir haben uns daf\u00fcr entschieden, weil die betreffende SIM-Karte ein sehr gutes Datenpaket in Chile bietet und die gr\u00f6\u00dften chilenischen Mobilfunknetze nutzt. Au\u00dferdem ist f\u00fcr diese SIM-Karte keine Benutzerregistrierung in Chile erforderlich.\r\n\r\n&gt;\r\n<h2>Whatsapp mit Simkarte Chile<\/h2>\r\nWhatsapp kann mit den eigenen bestehenden Kontakten, Gruppen und Chats weiter genutzt werden. Nach dem Einlegen einer Prepaid-SIM-Karte fragt Whatsapp m\u00f6glicherweise, ob Sie eine neue Identit\u00e4t erstellen m\u00f6chten oder ob alles so bleiben soll, wie es war. W\u00e4hlen Sie in diesem Fall Letzteres, dann \u00e4ndert sich nichts. Sie k\u00f6nnen dann wie gewohnt mit Whatsapp Nachrichten senden und Anrufe t\u00e4tigen.\r\n\r\n&gt;\r\n<h2>Mit einer Prepaid-SIM-Karte in Chile unterwegs<\/h2>\r\nChile ist ein gro\u00dfes und vielf\u00e4ltiges Land, in dem die SIM-Karten von Airport Telecom an den beliebtesten Orten eine gute Netzabdeckung bieten. Das gilt sicherlich f\u00fcr Santiago mit seinem belebten Barrio Bellavista und dem Panoramablick vom Cerro San Crist\u00f3bal. Erkunden Sie das farbenfrohe Valpara\u00edso und besuchen Sie La Sebastiana, das ber\u00fchmte Haus von Pablo Neruda. Bewundern Sie die atemberaubenden Salzebenen des Salar de Atacama und die Geysire del Tatio in der Atacama-W\u00fcste, wobei die Netzabdeckung variieren kann, da es sich um weniger besiedelte Gebiete handelt. Auf der Insel Chilo\u00e9 mit ihren charmanten Palafitos und ihrer nat\u00fcrlichen Sch\u00f6nheit gibt es gutes mobiles Internet. In Iquique und anderen st\u00e4dtischen Gebieten haben Sie ebenfalls eine gute Netzabdeckung. Bedenken Sie, dass in abgelegenen Gebieten wie den Anden und dem Lauca-Nationalpark die Netzabdeckung m\u00f6glicherweise schlechter ist.\r\n\r\n&gt;\r\n<h2>Kostenlose Lieferung nach Hause<\/h2>\r\n<span data-contrast=\"auto\">Die Simkarte Chile wird Ihnen in Deutschland kostenlos nach Hause geliefert. Wenn Sie an Werktagen vor 14.00 Uhr bestellen, versenden wir noch am selben Tag per Post. Normalerweise erfolgt die Lieferung dann innerhalb von drei bis vier Werktagen. Brauchen Sie es schneller? W\u00e4hlen Sie dann die eSIM aus, die Ihnen per E-Mail zugesandt wird.<\/span>\r\n\r\n.","product_specificaties":"<h2>Vorteile SIM-Karte Chile<\/h2>\r\nErreichbar in ganz Chile unter einer Nummer.\r\n\r\n12 oder 30 GB Datenvolumen f\u00fcr die Internetnutzung in ganz Chile.\r\n\r\nDie SIM-Chile-Karte ist in allen Gr\u00f6\u00dfen erh\u00e4ltlich (mini, micro und nano).\r\n\r\nDie SIM-Karte Chile funktioniert in jedem iPhone und anderen Smartphones. Nur die Hotspot-Funktion und die Nutzung eines MIFI werden vom Anbieter nicht unterst\u00fctzt.\r\n\r\n&gt;\r\n<h2>Daten &amp; Telefonieren in Chile<\/h2>\r\nEs gibt zwei Varianten:\r\n\r\n12GB, \u20ac36\r\n\r\n.\r\n\r\n30GB, \u20ac57\r\n\r\n.\r\n\r\nDie SIM-Karten sind nach der Aktivierung 30 Tage lang g\u00fcltig. Die Aktivierung erfolgt durch Einlegen der SIM-Karte in das Telefon und Einschalten des Telefons.","product_handleiding":"<h2>Vorteile SIM-Karte Chile<\/h2>\r\nErreichbar in ganz Chile unter einer Nummer.\r\n\r\n12 oder 30 GB Datenvolumen f\u00fcr die Internetnutzung in ganz Chile.\r\n\r\nDie SIM-Chile-Karte ist in allen Gr\u00f6\u00dfen erh\u00e4ltlich (mini, micro und nano).\r\n\r\nDie SIM-Karte Chile funktioniert in jedem iPhone und anderen Smartphones. Nur die Hotspot-Funktion und die Nutzung eines MIFI werden vom Anbieter nicht unterst\u00fctzt.\r\n\r\n&gt;\r\n<h2>Daten &amp; Telefonieren in Chile<\/h2>\r\nEs gibt zwei Varianten:\r\n\r\n12GB, \u20ac36\r\n\r\n.\r\n\r\n30GB, \u20ac57\r\n\r\n.\r\n\r\nDie SIM-Karten sind nach der Aktivierung 30 Tage lang g\u00fcltig. Die Aktivierung erfolgt durch Einlegen der SIM-Karte in das Telefon und Einschalten des Telefons.","product_veelgestelde_vragen":[{"vraag":"Welche SIM-Karte sollte man in Chile verwenden?","antwoord":"F\u00fcr einen kurzen Aufenthalt von ein paar Tagen ben\u00f6tigen Sie wahrscheinlich nicht so viele Daten. Das 10-GB-Datenpaket f\u00fcr Chile kann dann ausreichend sein. Anwendungen wie Whatsapp, Instagram und Navigation verbrauchen nicht viele Daten. Wenn Sie l\u00e4nger bleiben, kann es sinnvoll sein, Unlimited zu w\u00e4hlen, damit Sie auf jeden Fall genug Daten haben. Die Unlimited SIM-Karte bietet auch unbegrenzte Anrufe innerhalb Chiles."},{"vraag":"Wo kann ich eine SIM-Karte f\u00fcr Chile kaufen?","antwoord":"Kaufen Sie eine SIM-Karte f\u00fcr Chile bei Airport Telecom Schiphol. Sie k\u00f6nnen sie im Gesch\u00e4ft abholen. Oder bestellen Sie online und die SIM-Karte wird Ihnen kostenlos nach Hause geliefert."}]},"yoast_head":"<!-- This site is optimized with the Yoast SEO Premium plugin v24.4 (Yoast SEO v27.3) - https:\/\/yoast.com\/product\/yoast-seo-premium-wordpress\/ -->\n<title>SIM-Karte Chile kaufen f\u00fcr prepaid (unbegrenzt) telefonieren und internet - Airport Telecom DE<\/title>\n<meta name=\"description\" content=\"Auf der Suche nach einem Prepaid SIM-Karte Chile f\u00fcr (unbegrenzte) Anrufe und Internet? Optimale Erreichbarkeit auf Reisen in Sim-Karte S\u00fcdamerika. Jetzt im Verkauf bei !\" \/>\n<meta name=\"robots\" content=\"index, follow, max-snippet:-1, max-image-preview:large, max-video-preview:-1\" \/>\n<link rel=\"canonical\" href=\"https:\/\/airporttelecom.com\/de\/sim-karte\/chile\/\" \/>\n<meta property=\"og:locale\" content=\"de_DE\" \/>\n<meta property=\"og:type\" content=\"article\" \/>\n<meta property=\"og:title\" content=\"SIM-Karte Chile\" \/>\n<meta property=\"og:description\" content=\"Auf der Suche nach einem Prepaid SIM-Karte Chile f\u00fcr (unbegrenzte) Anrufe und Internet? Optimale Erreichbarkeit auf Reisen in Sim-Karte S\u00fcdamerika. Jetzt im Verkauf bei !\" \/>\n<meta property=\"og:url\" content=\"https:\/\/airporttelecom.com\/de\/sim-karte\/chile\/\" \/>\n<meta property=\"og:site_name\" content=\"Airport Telecom DE\" \/>\n<meta property=\"article:modified_time\" content=\"2025-09-29T11:26:52+00:00\" \/>\n<meta property=\"og:image\" content=\"https:\/\/airporttelecom.com\/de\/wp-content\/uploads\/sites\/6\/2024\/06\/Simkaart-Chili.png?wsr\" \/>\n\t<meta property=\"og:image:width\" content=\"800\" \/>\n\t<meta property=\"og:image:height\" content=\"318\" \/>\n\t<meta property=\"og:image:type\" content=\"image\/png\" \/>\n<meta name=\"twitter:card\" content=\"summary_large_image\" \/>\n<meta name=\"twitter:label1\" content=\"Gesch\u00e4tzte Lesezeit\" \/>\n\t<meta name=\"twitter:data1\" content=\"1\u00a0Minute\" \/>\n<script type=\"application\/ld+json\" class=\"yoast-schema-graph\">{\"@context\":\"https:\\\/\\\/schema.org\",\"@graph\":[{\"@type\":\"WebPage\",\"@id\":\"https:\\\/\\\/airporttelecom.com\\\/de\\\/sim-karte\\\/chile\\\/\",\"url\":\"https:\\\/\\\/airporttelecom.com\\\/de\\\/sim-karte\\\/chile\\\/\",\"name\":\"SIM-Karte Chile kaufen f\u00fcr prepaid (unbegrenzt) telefonieren und internet - Airport Telecom DE\",\"isPartOf\":{\"@id\":\"https:\\\/\\\/airporttelecom.com\\\/de\\\/#website\"},\"primaryImageOfPage\":{\"@id\":\"https:\\\/\\\/airporttelecom.com\\\/de\\\/sim-karte\\\/chile\\\/#primaryimage\"},\"image\":{\"@id\":\"https:\\\/\\\/airporttelecom.com\\\/de\\\/sim-karte\\\/chile\\\/#primaryimage\"},\"thumbnailUrl\":\"https:\\\/\\\/airporttelecom.com\\\/de\\\/wp-content\\\/uploads\\\/sites\\\/6\\\/2024\\\/06\\\/Simkaart-Chili.png\",\"datePublished\":\"2024-06-13T15:11:24+00:00\",\"dateModified\":\"2025-09-29T11:26:52+00:00\",\"description\":\"Auf der Suche nach einem Prepaid SIM-Karte Chile f\u00fcr (unbegrenzte) Anrufe und Internet? Optimale Erreichbarkeit auf Reisen in Sim-Karte S\u00fcdamerika. Jetzt im Verkauf bei !\",\"breadcrumb\":{\"@id\":\"https:\\\/\\\/airporttelecom.com\\\/de\\\/sim-karte\\\/chile\\\/#breadcrumb\"},\"inLanguage\":\"de\",\"potentialAction\":[{\"@type\":\"ReadAction\",\"target\":[\"https:\\\/\\\/airporttelecom.com\\\/de\\\/sim-karte\\\/chile\\\/\"]}]},{\"@type\":\"ImageObject\",\"inLanguage\":\"de\",\"@id\":\"https:\\\/\\\/airporttelecom.com\\\/de\\\/sim-karte\\\/chile\\\/#primaryimage\",\"url\":\"https:\\\/\\\/airporttelecom.com\\\/de\\\/wp-content\\\/uploads\\\/sites\\\/6\\\/2024\\\/06\\\/Simkaart-Chili.png\",\"contentUrl\":\"https:\\\/\\\/airporttelecom.com\\\/de\\\/wp-content\\\/uploads\\\/sites\\\/6\\\/2024\\\/06\\\/Simkaart-Chili.png\",\"width\":800,\"height\":318,\"caption\":\"SIM-Karte Chile\"},{\"@type\":\"BreadcrumbList\",\"@id\":\"https:\\\/\\\/airporttelecom.com\\\/de\\\/sim-karte\\\/chile\\\/#breadcrumb\",\"itemListElement\":[{\"@type\":\"ListItem\",\"position\":1,\"name\":\"Home\",\"item\":\"https:\\\/\\\/airporttelecom.com\\\/de\\\/\"},{\"@type\":\"ListItem\",\"position\":2,\"name\":\"SIM-Karte\",\"item\":\"https:\\\/\\\/airporttelecom.com\\\/de\\\/sim-karte\\\/\"},{\"@type\":\"ListItem\",\"position\":3,\"name\":\"SIM-Karte Chile\"}]},{\"@type\":\"WebSite\",\"@id\":\"https:\\\/\\\/airporttelecom.com\\\/de\\\/#website\",\"url\":\"https:\\\/\\\/airporttelecom.com\\\/de\\\/\",\"name\":\"Airport Telecom\",\"description\":\"\",\"publisher\":{\"@id\":\"https:\\\/\\\/airporttelecom.com\\\/de\\\/#organization\"},\"potentialAction\":[{\"@type\":\"SearchAction\",\"target\":{\"@type\":\"EntryPoint\",\"urlTemplate\":\"https:\\\/\\\/airporttelecom.com\\\/de\\\/?s={search_term_string}\"},\"query-input\":{\"@type\":\"PropertyValueSpecification\",\"valueRequired\":true,\"valueName\":\"search_term_string\"}}],\"inLanguage\":\"de\"},{\"@type\":\"Organization\",\"@id\":\"https:\\\/\\\/airporttelecom.com\\\/de\\\/#organization\",\"name\":\"Airport Telecom\",\"url\":\"https:\\\/\\\/airporttelecom.com\\\/de\\\/\",\"logo\":{\"@type\":\"ImageObject\",\"inLanguage\":\"de\",\"@id\":\"https:\\\/\\\/airporttelecom.com\\\/de\\\/#\\\/schema\\\/logo\\\/image\\\/\",\"url\":\"https:\\\/\\\/airporttelecom.com\\\/de\\\/wp-content\\\/uploads\\\/sites\\\/6\\\/2024\\\/06\\\/icon.png?wsr\",\"contentUrl\":\"https:\\\/\\\/airporttelecom.com\\\/de\\\/wp-content\\\/uploads\\\/sites\\\/6\\\/2024\\\/06\\\/icon.png?wsr\",\"width\":110,\"height\":110,\"caption\":\"Airport Telecom\"},\"image\":{\"@id\":\"https:\\\/\\\/airporttelecom.com\\\/de\\\/#\\\/schema\\\/logo\\\/image\\\/\"}}]}<\/script>\n<!-- \/ Yoast SEO Premium plugin. -->","yoast_head_json":{"title":"SIM-Karte Chile kaufen f\u00fcr prepaid (unbegrenzt) telefonieren und internet - Airport Telecom DE","description":"Auf der Suche nach einem Prepaid SIM-Karte Chile f\u00fcr (unbegrenzte) Anrufe und Internet? Optimale Erreichbarkeit auf Reisen in Sim-Karte S\u00fcdamerika. Jetzt im Verkauf bei !","robots":{"index":"index","follow":"follow","max-snippet":"max-snippet:-1","max-image-preview":"max-image-preview:large","max-video-preview":"max-video-preview:-1"},"canonical":"https:\/\/airporttelecom.com\/de\/sim-karte\/chile\/","og_locale":"de_DE","og_type":"article","og_title":"SIM-Karte Chile","og_description":"Auf der Suche nach einem Prepaid SIM-Karte Chile f\u00fcr (unbegrenzte) Anrufe und Internet? Optimale Erreichbarkeit auf Reisen in Sim-Karte S\u00fcdamerika. Jetzt im Verkauf bei !","og_url":"https:\/\/airporttelecom.com\/de\/sim-karte\/chile\/","og_site_name":"Airport Telecom DE","article_modified_time":"2025-09-29T11:26:52+00:00","og_image":[{"width":800,"height":318,"url":"https:\/\/airporttelecom.com\/de\/wp-content\/uploads\/sites\/6\/2024\/06\/Simkaart-Chili.png?wsr","type":"image\/png"}],"twitter_card":"summary_large_image","twitter_misc":{"Gesch\u00e4tzte Lesezeit":"1\u00a0Minute"},"schema":{"@context":"https:\/\/schema.org","@graph":[{"@type":"WebPage","@id":"https:\/\/airporttelecom.com\/de\/sim-karte\/chile\/","url":"https:\/\/airporttelecom.com\/de\/sim-karte\/chile\/","name":"SIM-Karte Chile kaufen f\u00fcr prepaid (unbegrenzt) telefonieren und internet - Airport Telecom DE","isPartOf":{"@id":"https:\/\/airporttelecom.com\/de\/#website"},"primaryImageOfPage":{"@id":"https:\/\/airporttelecom.com\/de\/sim-karte\/chile\/#primaryimage"},"image":{"@id":"https:\/\/airporttelecom.com\/de\/sim-karte\/chile\/#primaryimage"},"thumbnailUrl":"https:\/\/airporttelecom.com\/de\/wp-content\/uploads\/sites\/6\/2024\/06\/Simkaart-Chili.png","datePublished":"2024-06-13T15:11:24+00:00","dateModified":"2025-09-29T11:26:52+00:00","description":"Auf der Suche nach einem Prepaid SIM-Karte Chile f\u00fcr (unbegrenzte) Anrufe und Internet? Optimale Erreichbarkeit auf Reisen in Sim-Karte S\u00fcdamerika. Jetzt im Verkauf bei !","breadcrumb":{"@id":"https:\/\/airporttelecom.com\/de\/sim-karte\/chile\/#breadcrumb"},"inLanguage":"de","potentialAction":[{"@type":"ReadAction","target":["https:\/\/airporttelecom.com\/de\/sim-karte\/chile\/"]}]},{"@type":"ImageObject","inLanguage":"de","@id":"https:\/\/airporttelecom.com\/de\/sim-karte\/chile\/#primaryimage","url":"https:\/\/airporttelecom.com\/de\/wp-content\/uploads\/sites\/6\/2024\/06\/Simkaart-Chili.png","contentUrl":"https:\/\/airporttelecom.com\/de\/wp-content\/uploads\/sites\/6\/2024\/06\/Simkaart-Chili.png","width":800,"height":318,"caption":"SIM-Karte Chile"},{"@type":"BreadcrumbList","@id":"https:\/\/airporttelecom.com\/de\/sim-karte\/chile\/#breadcrumb","itemListElement":[{"@type":"ListItem","position":1,"name":"Home","item":"https:\/\/airporttelecom.com\/de\/"},{"@type":"ListItem","position":2,"name":"SIM-Karte","item":"https:\/\/airporttelecom.com\/de\/sim-karte\/"},{"@type":"ListItem","position":3,"name":"SIM-Karte Chile"}]},{"@type":"WebSite","@id":"https:\/\/airporttelecom.com\/de\/#website","url":"https:\/\/airporttelecom.com\/de\/","name":"Airport Telecom","description":"","publisher":{"@id":"https:\/\/airporttelecom.com\/de\/#organization"},"potentialAction":[{"@type":"SearchAction","target":{"@type":"EntryPoint","urlTemplate":"https:\/\/airporttelecom.com\/de\/?s={search_term_string}"},"query-input":{"@type":"PropertyValueSpecification","valueRequired":true,"valueName":"search_term_string"}}],"inLanguage":"de"},{"@type":"Organization","@id":"https:\/\/airporttelecom.com\/de\/#organization","name":"Airport Telecom","url":"https:\/\/airporttelecom.com\/de\/","logo":{"@type":"ImageObject","inLanguage":"de","@id":"https:\/\/airporttelecom.com\/de\/#\/schema\/logo\/image\/","url":"https:\/\/airporttelecom.com\/de\/wp-content\/uploads\/sites\/6\/2024\/06\/icon.png?wsr","contentUrl":"https:\/\/airporttelecom.com\/de\/wp-content\/uploads\/sites\/6\/2024\/06\/icon.png?wsr","width":110,"height":110,"caption":"Airport Telecom"},"image":{"@id":"https:\/\/airporttelecom.com\/de\/#\/schema\/logo\/image\/"}}]}},"_links":{"self":[{"href":"https:\/\/airporttelecom.com\/de\/wp-json\/wp\/v2\/product\/213","targetHints":{"allow":["GET"]}}],"collection":[{"href":"https:\/\/airporttelecom.com\/de\/wp-json\/wp\/v2\/product"}],"about":[{"href":"https:\/\/airporttelecom.com\/de\/wp-json\/wp\/v2\/types\/product"}],"replies":[{"embeddable":true,"href":"https:\/\/airporttelecom.com\/de\/wp-json\/wp\/v2\/comments?post=213"}],"wp:featuredmedia":[{"embeddable":true,"href":"https:\/\/airporttelecom.com\/de\/wp-json\/wp\/v2\/media\/667"}],"wp:attachment":[{"href":"https:\/\/airporttelecom.com\/de\/wp-json\/wp\/v2\/media?parent=213"}],"wp:term":[{"taxonomy":"product_brand","embeddable":true,"href":"https:\/\/airporttelecom.com\/de\/wp-json\/wp\/v2\/product_brand?post=213"},{"taxonomy":"product_cat","embeddable":true,"href":"https:\/\/airporttelecom.com\/de\/wp-json\/wp\/v2\/product_cat?post=213"},{"taxonomy":"product_tag","embeddable":true,"href":"https:\/\/airporttelecom.com\/de\/wp-json\/wp\/v2\/product_tag?post=213"}],"curies":[{"name":"wp","href":"https:\/\/api.w.org\/{rel}","templated":true}]}}