{"id":243,"date":"2024-06-18T13:08:00","date_gmt":"2024-06-18T13:08:00","guid":{"rendered":"https:\/\/airporttelecom.outperforming.nl\/nl\/?post_type=product&#038;p=243"},"modified":"2025-09-29T11:26:45","modified_gmt":"2025-09-29T11:26:45","slug":"sim-karte-aruba","status":"publish","type":"product","link":"https:\/\/airporttelecom.com\/de\/sim-karte\/aruba\/","title":{"rendered":"SIM-Karte Aruba"},"content":{"rendered":"","protected":false},"excerpt":{"rendered":"","protected":false},"featured_media":662,"comment_status":"open","ping_status":"closed","template":"","meta":{"_acf_changed":false},"product_brand":[],"product_cat":[17],"product_tag":[26],"class_list":{"0":"post-243","1":"product","2":"type-product","3":"status-publish","4":"has-post-thumbnail","6":"product_cat-sim-karte","7":"product_tag-sim-karte-antillen-und-karibik","9":"first","10":"instock","11":"taxable","12":"shipping-taxable","13":"purchasable","14":"product-type-variable","15":"has-default-attributes"},"acf":{"gebied_afbeelding":972,"vlag_afbeelding":244,"provider":["DIGI"],"product_synoniemen":null,"product_bestel_velden":"","product_omschrijving":"<h2>Mobil erreichbar in Aruba mit SIM-Karte Aruba<\/h2>\r\nMit einer Prepaid-SIM-Karte Aruba von Airport Telecom sind Sie auf Aruba unter einer Rufnummer erreichbar und verf\u00fcgen \u00fcber 60 Gespr\u00e4chsminuten und 20 GB Datenvolumen.\r\n\r\nBei der Ankunft legen Sie die SIM-Karte in Ihr Mobiltelefon ein und das Internet funktioniert. Das 20-GB-Internetpaket auf der SIM-Karte ist 14 Tage lang g\u00fcltig.\r\n<h2>Whatsapp auf Aruba<\/h2>\r\nWie bereits erw\u00e4hnt, hat die Prepaid-SIM-Karte eine lokale arubanische Telefonnummer. Trotzdem k\u00f6nnen Sie z. B. WhatsApp weiterhin wie gewohnt nutzen. Sobald WhatsApp feststellt, dass sich eine andere SIM-Karte mit einer neuen Nummer in Ihrem Telefon befindet, fragt Whatsapp automatisch, ob Sie die neue oder die alte Nummer verwenden m\u00f6chten. Wenn Sie dann die alte Nummer w\u00e4hlen, \u00e4ndert sich bei Whatsapp \u00fcberhaupt nichts. Sie behalten dann einfach Ihre bisherige WhatsApp-Identit\u00e4t mit allen Kontakten, Gruppen und Chats.\r\n<h2>Abdeckung auf Aruba<\/h2>\r\nDie Netzabdeckung auf der Insel Aruba ist sehr gut. Das gilt vor allem f\u00fcr die St\u00e4dte Oranjestad mit seiner rosafarbenen Royal Plaza Mall und San Nicolas. Der Arikok-Nationalpark, der fast 20 % von Aruba einnimmt, ist ebenfalls sehenswert, aber die Mobilfunkabdeckung kann hier schlechter sein. Daf\u00fcr entsch\u00e4digt aber die Sch\u00f6nheit der Natur mit ihren vielen Kakteen. Nat\u00fcrlich ist Aruba auch f\u00fcr seine sch\u00f6nen wei\u00dfen Str\u00e4nde mit Strandbars und einem pulsierenden Nachtleben bekannt, wie z. B. Baby Beach und Palm Beach. Das ist ein gro\u00dfartiger Ort, um mit Ihrem Handy sch\u00f6ne Fotos zu verschicken!\r\n<h2>Kostenlose Lieferung nach Hause<\/h2>\r\n<span data-contrast=\"auto\">Die Simkarte Aruba wird Ihnen in Deutschland kostenlos nach Hause geliefert. Wenn Sie an Werktagen vor 14.00 Uhr bestellen, versenden wir noch am selben Tag per Post. Normalerweise erfolgt die Lieferung dann innerhalb von drei bis vier Werktagen. Brauchen Sie es schneller? W\u00e4hlen Sie dann die eSIM aus, die Ihnen per E-Mail zugesandt wird.<\/span>\r\n\r\n&nbsp;","product_specificaties":"<h2>Vorteile SIM-Karte Aruba<\/h2>\r\nDie SIM-Karte ist in allen Gr\u00f6\u00dfen (mini, micro und nano) erh\u00e4ltlich und passt in jedes Telefon.\r\n\r\nDie SIM-Karte Aruba ist tetheringf\u00e4hig und kann daher f\u00fcr Hotspot und MIFI verwendet werden\r\n\r\n&gt;.\r\n<h2>Daten &amp; Telefonieren in Aruba<\/h2>\r\nEs gibt eine Variante der SIM-Karte Aruba:\r\n<h3>20GB Daten-SIM-Karte<\/h3>\r\nInklusive 20GB Daten\r\n\r\nmit 60 Minuten Gespr\u00e4chszeit zu lokalen Nummern, in die EU und nach Amerika\r\n\r\nInkl. lokaler arubanischer Rufnummer\r\n\r\nDie Datenpakete sind nach Aktivierung 14 Tage lang g\u00fcltig.","product_handleiding":"<h2>Wie installiere ich die SIM-Karte Aruba in meinem Telefon?<\/h2>\r\n\u00d6ffnen Sie den Schieber an der Seite des Telefons. Dazu k\u00f6nnen Sie den mit dem Telefon gelieferten Stift verwenden. Wenn Sie diesen nicht haben, k\u00f6nnen Sie ihn durch Biegen einer B\u00fcroklammer herstellen. Ein zus\u00e4tzlicher Stift wird auch mit den SIM-Karten von Airport Telecom geliefert.\r\n\r\nEntnehmen Sie Ihre eigene SIM-Karte und bewahren Sie sie sicher auf! Legen Sie nun die neue SIM-Karte ein. Das kann nur auf eine Weise geschehen. Vielleicht haben Sie ein Telefon, das mehrere SIM-Karten aufnehmen kann. Legen Sie die neue SIM-Karte wie eine zus\u00e4tzliche Karte ein.\r\n\r\nSchieben Sie den SIM-Kartenschieber wieder in das Telefon. Sie sollten nun automatisch die neue SIM-Karte verwenden k\u00f6nnen. Das Telefon fordert Sie m\u00f6glicherweise auf, einige zus\u00e4tzliche Einstellungen vorzunehmen.","product_veelgestelde_vragen":[{"vraag":"Welche SIM-Karte sollte man in Aruba verwenden?","antwoord":"F\u00fcr einen kurzen Aufenthalt von ein paar Tagen ben\u00f6tigen Sie wahrscheinlich nicht so viele Daten. Das 10-GB-Datenpaket f\u00fcr Aruba kann dann ausreichend sein. Anwendungen wie Whatsapp, Instagram und Navigation verbrauchen nicht viele Daten. Wenn Sie l\u00e4nger bleiben, kann es sinnvoll sein, Unlimited zu w\u00e4hlen, damit Sie auf jeden Fall genug Daten haben. Die Unlimited SIM-Karte bietet auch unbegrenzte Anrufe innerhalb Arubas."},{"vraag":"Wo kann ich eine SIM-Karte f\u00fcr Aruba kaufen?","antwoord":"Kaufen Sie eine SIM-Karte f\u00fcr Aruba bei Airport Telecom Schiphol. Sie k\u00f6nnen sie im Gesch\u00e4ft abholen. Oder bestellen Sie online und die SIM-Karte wird Ihnen kostenlos nach Hause geliefert."}]},"yoast_head":"<!-- This site is optimized with the Yoast SEO Premium plugin v24.4 (Yoast SEO v26.9) - https:\/\/yoast.com\/product\/yoast-seo-premium-wordpress\/ -->\n<title>SIM-Karte Aruba kaufen f\u00fcr prepaid (unbegrenzt) telefonieren und internet - Airport Telecom DE<\/title>\n<meta name=\"description\" content=\"Auf der Suche nach einem Prepaid SIM-Karte Aruba f\u00fcr (unbegrenzte) Anrufe und Internet? Optimale Erreichbarkeit auf Reisen in SIM-Karte Antillen &amp; Karibik. Jetzt im Verkauf bei !\" \/>\n<meta name=\"robots\" content=\"index, follow, max-snippet:-1, max-image-preview:large, max-video-preview:-1\" \/>\n<link rel=\"canonical\" href=\"https:\/\/airporttelecom.com\/de\/sim-karte\/aruba\/\" \/>\n<meta property=\"og:locale\" content=\"de_DE\" \/>\n<meta property=\"og:type\" content=\"article\" \/>\n<meta property=\"og:title\" content=\"SIM-Karte Aruba\" \/>\n<meta property=\"og:description\" content=\"Auf der Suche nach einem Prepaid SIM-Karte Aruba f\u00fcr (unbegrenzte) Anrufe und Internet? Optimale Erreichbarkeit auf Reisen in SIM-Karte Antillen &amp; Karibik. Jetzt im Verkauf bei !\" \/>\n<meta property=\"og:url\" content=\"https:\/\/airporttelecom.com\/de\/sim-karte\/aruba\/\" \/>\n<meta property=\"og:site_name\" content=\"Airport Telecom DE\" \/>\n<meta property=\"article:modified_time\" content=\"2025-09-29T11:26:45+00:00\" \/>\n<meta property=\"og:image\" content=\"https:\/\/airporttelecom.com\/de\/wp-content\/uploads\/sites\/6\/2024\/06\/Simkaart-Aruba.png?wsr\" \/>\n\t<meta property=\"og:image:width\" content=\"800\" \/>\n\t<meta property=\"og:image:height\" content=\"319\" \/>\n\t<meta property=\"og:image:type\" content=\"image\/png\" \/>\n<meta name=\"twitter:card\" content=\"summary_large_image\" \/>\n<meta name=\"twitter:label1\" content=\"Gesch\u00e4tzte Lesezeit\" \/>\n\t<meta name=\"twitter:data1\" content=\"1\u00a0Minute\" \/>\n<script type=\"application\/ld+json\" class=\"yoast-schema-graph\">{\"@context\":\"https:\/\/schema.org\",\"@graph\":[{\"@type\":\"WebPage\",\"@id\":\"https:\/\/airporttelecom.com\/de\/sim-karte\/aruba\/\",\"url\":\"https:\/\/airporttelecom.com\/de\/sim-karte\/aruba\/\",\"name\":\"SIM-Karte Aruba kaufen f\u00fcr prepaid (unbegrenzt) telefonieren und internet - Airport Telecom DE\",\"isPartOf\":{\"@id\":\"https:\/\/airporttelecom.com\/de\/#website\"},\"primaryImageOfPage\":{\"@id\":\"https:\/\/airporttelecom.com\/de\/sim-karte\/aruba\/#primaryimage\"},\"image\":{\"@id\":\"https:\/\/airporttelecom.com\/de\/sim-karte\/aruba\/#primaryimage\"},\"thumbnailUrl\":\"https:\/\/airporttelecom.com\/de\/wp-content\/uploads\/sites\/6\/2024\/06\/Simkaart-Aruba.png\",\"datePublished\":\"2024-06-18T13:08:00+00:00\",\"dateModified\":\"2025-09-29T11:26:45+00:00\",\"description\":\"Auf der Suche nach einem Prepaid SIM-Karte Aruba f\u00fcr (unbegrenzte) Anrufe und Internet? Optimale Erreichbarkeit auf Reisen in SIM-Karte Antillen &amp; Karibik. Jetzt im Verkauf bei !\",\"breadcrumb\":{\"@id\":\"https:\/\/airporttelecom.com\/de\/sim-karte\/aruba\/#breadcrumb\"},\"inLanguage\":\"de\",\"potentialAction\":[{\"@type\":\"ReadAction\",\"target\":[\"https:\/\/airporttelecom.com\/de\/sim-karte\/aruba\/\"]}]},{\"@type\":\"ImageObject\",\"inLanguage\":\"de\",\"@id\":\"https:\/\/airporttelecom.com\/de\/sim-karte\/aruba\/#primaryimage\",\"url\":\"https:\/\/airporttelecom.com\/de\/wp-content\/uploads\/sites\/6\/2024\/06\/Simkaart-Aruba.png\",\"contentUrl\":\"https:\/\/airporttelecom.com\/de\/wp-content\/uploads\/sites\/6\/2024\/06\/Simkaart-Aruba.png\",\"width\":800,\"height\":319,\"caption\":\"Sim-Karte Aruba\"},{\"@type\":\"BreadcrumbList\",\"@id\":\"https:\/\/airporttelecom.com\/de\/sim-karte\/aruba\/#breadcrumb\",\"itemListElement\":[{\"@type\":\"ListItem\",\"position\":1,\"name\":\"Home\",\"item\":\"https:\/\/airporttelecom.com\/de\/\"},{\"@type\":\"ListItem\",\"position\":2,\"name\":\"SIM-Karte\",\"item\":\"https:\/\/airporttelecom.com\/de\/sim-karte\/\"},{\"@type\":\"ListItem\",\"position\":3,\"name\":\"SIM-Karte Aruba\"}]},{\"@type\":\"WebSite\",\"@id\":\"https:\/\/airporttelecom.com\/de\/#website\",\"url\":\"https:\/\/airporttelecom.com\/de\/\",\"name\":\"Airport Telecom\",\"description\":\"\",\"publisher\":{\"@id\":\"https:\/\/airporttelecom.com\/de\/#organization\"},\"potentialAction\":[{\"@type\":\"SearchAction\",\"target\":{\"@type\":\"EntryPoint\",\"urlTemplate\":\"https:\/\/airporttelecom.com\/de\/?s={search_term_string}\"},\"query-input\":{\"@type\":\"PropertyValueSpecification\",\"valueRequired\":true,\"valueName\":\"search_term_string\"}}],\"inLanguage\":\"de\"},{\"@type\":\"Organization\",\"@id\":\"https:\/\/airporttelecom.com\/de\/#organization\",\"name\":\"Airport Telecom\",\"url\":\"https:\/\/airporttelecom.com\/de\/\",\"logo\":{\"@type\":\"ImageObject\",\"inLanguage\":\"de\",\"@id\":\"https:\/\/airporttelecom.com\/de\/#\/schema\/logo\/image\/\",\"url\":\"https:\/\/airporttelecom.com\/de\/wp-content\/uploads\/sites\/6\/2024\/06\/icon.png?wsr\",\"contentUrl\":\"https:\/\/airporttelecom.com\/de\/wp-content\/uploads\/sites\/6\/2024\/06\/icon.png?wsr\",\"width\":110,\"height\":110,\"caption\":\"Airport Telecom\"},\"image\":{\"@id\":\"https:\/\/airporttelecom.com\/de\/#\/schema\/logo\/image\/\"}}]}<\/script>\n<!-- \/ Yoast SEO Premium plugin. -->","yoast_head_json":{"title":"SIM-Karte Aruba kaufen f\u00fcr prepaid (unbegrenzt) telefonieren und internet - Airport Telecom DE","description":"Auf der Suche nach einem Prepaid SIM-Karte Aruba f\u00fcr (unbegrenzte) Anrufe und Internet? Optimale Erreichbarkeit auf Reisen in SIM-Karte Antillen &amp; Karibik. Jetzt im Verkauf bei !","robots":{"index":"index","follow":"follow","max-snippet":"max-snippet:-1","max-image-preview":"max-image-preview:large","max-video-preview":"max-video-preview:-1"},"canonical":"https:\/\/airporttelecom.com\/de\/sim-karte\/aruba\/","og_locale":"de_DE","og_type":"article","og_title":"SIM-Karte Aruba","og_description":"Auf der Suche nach einem Prepaid SIM-Karte Aruba f\u00fcr (unbegrenzte) Anrufe und Internet? Optimale Erreichbarkeit auf Reisen in SIM-Karte Antillen &amp; Karibik. Jetzt im Verkauf bei !","og_url":"https:\/\/airporttelecom.com\/de\/sim-karte\/aruba\/","og_site_name":"Airport Telecom DE","article_modified_time":"2025-09-29T11:26:45+00:00","og_image":[{"width":800,"height":319,"url":"https:\/\/airporttelecom.com\/de\/wp-content\/uploads\/sites\/6\/2024\/06\/Simkaart-Aruba.png?wsr","type":"image\/png"}],"twitter_card":"summary_large_image","twitter_misc":{"Gesch\u00e4tzte Lesezeit":"1\u00a0Minute"},"schema":{"@context":"https:\/\/schema.org","@graph":[{"@type":"WebPage","@id":"https:\/\/airporttelecom.com\/de\/sim-karte\/aruba\/","url":"https:\/\/airporttelecom.com\/de\/sim-karte\/aruba\/","name":"SIM-Karte Aruba kaufen f\u00fcr prepaid (unbegrenzt) telefonieren und internet - Airport Telecom DE","isPartOf":{"@id":"https:\/\/airporttelecom.com\/de\/#website"},"primaryImageOfPage":{"@id":"https:\/\/airporttelecom.com\/de\/sim-karte\/aruba\/#primaryimage"},"image":{"@id":"https:\/\/airporttelecom.com\/de\/sim-karte\/aruba\/#primaryimage"},"thumbnailUrl":"https:\/\/airporttelecom.com\/de\/wp-content\/uploads\/sites\/6\/2024\/06\/Simkaart-Aruba.png","datePublished":"2024-06-18T13:08:00+00:00","dateModified":"2025-09-29T11:26:45+00:00","description":"Auf der Suche nach einem Prepaid SIM-Karte Aruba f\u00fcr (unbegrenzte) Anrufe und Internet? Optimale Erreichbarkeit auf Reisen in SIM-Karte Antillen &amp; Karibik. Jetzt im Verkauf bei !","breadcrumb":{"@id":"https:\/\/airporttelecom.com\/de\/sim-karte\/aruba\/#breadcrumb"},"inLanguage":"de","potentialAction":[{"@type":"ReadAction","target":["https:\/\/airporttelecom.com\/de\/sim-karte\/aruba\/"]}]},{"@type":"ImageObject","inLanguage":"de","@id":"https:\/\/airporttelecom.com\/de\/sim-karte\/aruba\/#primaryimage","url":"https:\/\/airporttelecom.com\/de\/wp-content\/uploads\/sites\/6\/2024\/06\/Simkaart-Aruba.png","contentUrl":"https:\/\/airporttelecom.com\/de\/wp-content\/uploads\/sites\/6\/2024\/06\/Simkaart-Aruba.png","width":800,"height":319,"caption":"Sim-Karte Aruba"},{"@type":"BreadcrumbList","@id":"https:\/\/airporttelecom.com\/de\/sim-karte\/aruba\/#breadcrumb","itemListElement":[{"@type":"ListItem","position":1,"name":"Home","item":"https:\/\/airporttelecom.com\/de\/"},{"@type":"ListItem","position":2,"name":"SIM-Karte","item":"https:\/\/airporttelecom.com\/de\/sim-karte\/"},{"@type":"ListItem","position":3,"name":"SIM-Karte Aruba"}]},{"@type":"WebSite","@id":"https:\/\/airporttelecom.com\/de\/#website","url":"https:\/\/airporttelecom.com\/de\/","name":"Airport Telecom","description":"","publisher":{"@id":"https:\/\/airporttelecom.com\/de\/#organization"},"potentialAction":[{"@type":"SearchAction","target":{"@type":"EntryPoint","urlTemplate":"https:\/\/airporttelecom.com\/de\/?s={search_term_string}"},"query-input":{"@type":"PropertyValueSpecification","valueRequired":true,"valueName":"search_term_string"}}],"inLanguage":"de"},{"@type":"Organization","@id":"https:\/\/airporttelecom.com\/de\/#organization","name":"Airport Telecom","url":"https:\/\/airporttelecom.com\/de\/","logo":{"@type":"ImageObject","inLanguage":"de","@id":"https:\/\/airporttelecom.com\/de\/#\/schema\/logo\/image\/","url":"https:\/\/airporttelecom.com\/de\/wp-content\/uploads\/sites\/6\/2024\/06\/icon.png?wsr","contentUrl":"https:\/\/airporttelecom.com\/de\/wp-content\/uploads\/sites\/6\/2024\/06\/icon.png?wsr","width":110,"height":110,"caption":"Airport Telecom"},"image":{"@id":"https:\/\/airporttelecom.com\/de\/#\/schema\/logo\/image\/"}}]}},"_links":{"self":[{"href":"https:\/\/airporttelecom.com\/de\/wp-json\/wp\/v2\/product\/243","targetHints":{"allow":["GET"]}}],"collection":[{"href":"https:\/\/airporttelecom.com\/de\/wp-json\/wp\/v2\/product"}],"about":[{"href":"https:\/\/airporttelecom.com\/de\/wp-json\/wp\/v2\/types\/product"}],"replies":[{"embeddable":true,"href":"https:\/\/airporttelecom.com\/de\/wp-json\/wp\/v2\/comments?post=243"}],"wp:featuredmedia":[{"embeddable":true,"href":"https:\/\/airporttelecom.com\/de\/wp-json\/wp\/v2\/media\/662"}],"wp:attachment":[{"href":"https:\/\/airporttelecom.com\/de\/wp-json\/wp\/v2\/media?parent=243"}],"wp:term":[{"taxonomy":"product_brand","embeddable":true,"href":"https:\/\/airporttelecom.com\/de\/wp-json\/wp\/v2\/product_brand?post=243"},{"taxonomy":"product_cat","embeddable":true,"href":"https:\/\/airporttelecom.com\/de\/wp-json\/wp\/v2\/product_cat?post=243"},{"taxonomy":"product_tag","embeddable":true,"href":"https:\/\/airporttelecom.com\/de\/wp-json\/wp\/v2\/product_tag?post=243"}],"curies":[{"name":"wp","href":"https:\/\/api.w.org\/{rel}","templated":true}]}}