{"id":251,"date":"2024-06-18T13:25:57","date_gmt":"2024-06-18T13:25:57","guid":{"rendered":"https:\/\/airporttelecom.outperforming.nl\/nl\/?post_type=product&#038;p=251"},"modified":"2025-09-29T11:26:41","modified_gmt":"2025-09-29T11:26:41","slug":"sim-karte-israel","status":"publish","type":"product","link":"https:\/\/airporttelecom.com\/de\/sim-karte\/israel\/","title":{"rendered":"SIM-Karte Israel"},"content":{"rendered":"","protected":false},"excerpt":{"rendered":"","protected":false},"featured_media":694,"comment_status":"open","ping_status":"closed","template":"","meta":{"_acf_changed":false},"product_brand":[],"product_cat":[17],"product_tag":[19,27],"class_list":{"0":"post-251","1":"product","2":"type-product","3":"status-publish","4":"has-post-thumbnail","6":"product_cat-sim-karte","7":"product_tag-sim-karte-europa","8":"product_tag-sim-karte-naher-osten","10":"first","11":"instock","12":"taxable","13":"shipping-taxable","14":"purchasable","15":"product-type-variable","16":"has-default-attributes"},"acf":{"gebied_afbeelding":853,"vlag_afbeelding":252,"provider":["THR"],"product_synoniemen":null,"product_bestel_velden":"","product_omschrijving":"<h2>Mobil erreichbar in Israel mit SIM-Karte Israel<\/h2>\r\nMit einer Prepaid-SIM-Karte Israel von Airport Telecom sind Sie in ganz Israel unter einer Rufnummer erreichbar. Au\u00dferdem haben Sie 12 GB oder 30 GB Datenvolumen. Diese Karten sind daher sehr gut f\u00fcr die Internetnutzung geeignet. Bitte beachten Sie jedoch, dass Sie mit diesen Prepaid-SIM-Karten zwar eingehende Telefonanrufe in Israel empfangen k\u00f6nnen, aber keine normalen ausgehenden Telefonanrufe t\u00e4tigen k\u00f6nnen. Nat\u00fcrlich sind alle internetbasierten Anrufe wie Whatsapp, Skype, Facetime usw. m\u00f6glich. Immerhin nutzen Sie dann das Datenpaket auf der SIM-Karte.\r\n\r\n&gt;\r\n<h2>Internet und Telefonieren auf Reisen in Israel<\/h2>\r\n.\r\n\r\nDie Telefonnummer der Prepaid-SIM-Karte, unter der Sie in Israel erreichbar sein werden, wird Ihnen nach der Aktivierung der SIM-Karte per SMS mitgeteilt. Es handelt sich um eine englische (+44) Nummer. Wir haben uns daf\u00fcr entschieden, weil die betreffende SIM-Karte ein sehr gutes Datenpaket in Israel bietet und die gr\u00f6\u00dften israelischen Mobilfunknetze nutzt. Au\u00dferdem ist f\u00fcr diese SIM-Karte keine Benutzerregistrierung in Israel erforderlich.\r\n\r\n&gt;\r\n<h2>Whatsapp mit Sim-Karte Israel<\/h2>\r\nWhatsapp k\u00f6nnen Sie mit Ihren eigenen bestehenden Kontakten, Gruppen und Chats weiter nutzen. Nach dem Einlegen einer Prepaid-SIM-Karte fragt Whatsapp m\u00f6glicherweise, ob Sie eine neue Identit\u00e4t erstellen m\u00f6chten oder ob alles so bleiben soll, wie es war. W\u00e4hlen Sie in diesem Fall Letzteres, dann \u00e4ndert sich nichts. Sie k\u00f6nnen dann wie gewohnt mit Whatsapp Nachrichten versenden und Anrufe t\u00e4tigen.\r\n\r\n&gt;\r\n<h2>Abdeckung in Israel<\/h2>\r\nDie Abdeckung der Mobilfunknetze in Israel ist im Allgemeinen hervorragend. Das gilt vor allem f\u00fcr die gro\u00dfen St\u00e4dte wie Jerusalem. In sehr abgelegenen Naturgebieten kann die Netzabdeckung etwas schlechter sein. Ansonsten gibt es in allen D\u00f6rfern und St\u00e4dten eine gute Netzabdeckung mit der SIM-Karte f\u00fcr Israel.\r\n<h2>Kostenlose Lieferung nach Hause<\/h2>\r\n<span data-contrast=\"auto\">Die Simkarte Israelwird Ihnen in Deutschland kostenlos nach Hause geliefert. Wenn Sie an Werktagen vor 14.00 Uhr bestellen, versenden wir noch am selben Tag per Post. Normalerweise erfolgt die Lieferung dann innerhalb von drei bis vier Werktagen. Brauchen Sie es schneller? W\u00e4hlen Sie dann die eSIM aus, die Ihnen per E-Mail zugesandt wird.<\/span>\r\n\r\n.","product_specificaties":"<h2>Vorteile SIM-Karte Israel<\/h2>\r\n\u00dcberall in Israel unter einer Nummer erreichbar.\r\n\r\n12GB oder 30GB Datenvolumen f\u00fcr die Internetnutzung in ganz Israel.\r\n\r\nDie SIM-Karte Israel ist in allen Gr\u00f6\u00dfen erh\u00e4ltlich (mini, micro und nano).\r\n\r\n.\r\n\r\nDie SIM Israel funktioniert in jedem iPhone und anderen Smartphones. Nur die Hotspot-Funktion und die Nutzung eines MIFI durch den Provider werden in Israel nicht unterst\u00fctzt.\r\n\r\n&gt;\r\n<h2>Daten &amp; Telefonieren in Israel<\/h2>\r\nDie folgenden Pakete sind verf\u00fcgbar:\r\n\r\n12GB Daten, \u20ac36\r\n\r\n30GB Daten, 57 \u20ac\r\n\r\n.\r\n\r\nDie SIM-Karte ist nach der Aktivierung 30 Tage lang g\u00fcltig.\r\n\r\nDie Aktivierung erfolgt durch Einlegen der SIM-Karte in Ihr Telefon und Einschalten des Telefons.","product_handleiding":"<h2>Wie installiere ich die SIM-Karte Israel in meinem Telefon?<\/h2>\r\n\u00d6ffnen Sie den Schieber an der Seite des Telefons. Sie k\u00f6nnen dies mit dem Stift tun, der mit dem Telefon geliefert wurde. Wenn Sie diesen nicht haben, k\u00f6nnen Sie ihn durch Biegen einer B\u00fcroklammer herstellen. Ein zus\u00e4tzlicher Stift wird auch mit den SIM-Karten von Airport Telecom geliefert.\r\n\r\nEntnehmen Sie Ihre eigene SIM-Karte und bewahren Sie sie sicher auf! Legen Sie nun die neue SIM-Karte ein. Das kann nur auf eine Weise geschehen. Vielleicht haben Sie ein Telefon, das mehrere SIM-Karten aufnehmen kann. Legen Sie die neue SIM-Karte wie eine zus\u00e4tzliche Karte ein.\r\n\r\nSchieben Sie den SIM-Kartenschieber wieder in das Telefon. Sie sollten nun automatisch die neue SIM-Karte verwenden k\u00f6nnen. Das Telefon fordert Sie m\u00f6glicherweise auf, einige zus\u00e4tzliche Einstellungen vorzunehmen.","product_veelgestelde_vragen":[{"vraag":"Welche SIM-Karte sollte man in Israel verwenden?","antwoord":"F\u00fcr einen kurzen Aufenthalt von ein paar Tagen ben\u00f6tigen Sie wahrscheinlich nicht so viele Daten. Das 10-GB-Datenpaket f\u00fcr Israel kann dann ausreichend sein. Anwendungen wie Whatsapp, Instagram und Navigation verbrauchen nicht viele Daten. Wenn Sie l\u00e4nger bleiben, kann es sinnvoll sein, Unlimited zu w\u00e4hlen, damit Sie auf jeden Fall genug Daten haben. Die Unlimited SIM-Karte bietet auch unbegrenzte Anrufe innerhalb Israels."},{"vraag":"Wo kann ich eine SIM-Karte f\u00fcr Israel kaufen?","antwoord":"Kaufen Sie eine SIM-Karte f\u00fcr Israel bei Airport Telecom Schiphol. Sie k\u00f6nnen sie im Gesch\u00e4ft abholen. Oder bestellen Sie online und die SIM-Karte wird Ihnen kostenlos nach Hause geliefert."}]},"yoast_head":"<!-- This site is optimized with the Yoast SEO Premium plugin v24.4 (Yoast SEO v26.9) - https:\/\/yoast.com\/product\/yoast-seo-premium-wordpress\/ -->\n<title>SIM-Karte Israel kaufen f\u00fcr prepaid (unbegrenzt) telefonieren und internet - Airport Telecom DE<\/title>\n<meta name=\"description\" content=\"Auf der Suche nach einem Prepaid SIM-Karte Israel f\u00fcr (unbegrenzte) Anrufe und Internet? Optimale Erreichbarkeit auf Reisen in SIM-Karte Europa, SIM-Karte Naher Osten. Jetzt im Verkauf bei !\" \/>\n<meta name=\"robots\" content=\"index, follow, max-snippet:-1, max-image-preview:large, max-video-preview:-1\" \/>\n<link rel=\"canonical\" href=\"https:\/\/airporttelecom.com\/de\/sim-karte\/israel\/\" \/>\n<meta property=\"og:locale\" content=\"de_DE\" \/>\n<meta property=\"og:type\" content=\"article\" \/>\n<meta property=\"og:title\" content=\"SIM-Karte Israel\" \/>\n<meta property=\"og:description\" content=\"Auf der Suche nach einem Prepaid SIM-Karte Israel f\u00fcr (unbegrenzte) Anrufe und Internet? Optimale Erreichbarkeit auf Reisen in SIM-Karte Europa, SIM-Karte Naher Osten. Jetzt im Verkauf bei !\" \/>\n<meta property=\"og:url\" content=\"https:\/\/airporttelecom.com\/de\/sim-karte\/israel\/\" \/>\n<meta property=\"og:site_name\" content=\"Airport Telecom DE\" \/>\n<meta property=\"article:modified_time\" content=\"2025-09-29T11:26:41+00:00\" \/>\n<meta property=\"og:image\" content=\"https:\/\/airporttelecom.com\/de\/wp-content\/uploads\/sites\/6\/2024\/06\/Simkaart-Israel.png?wsr\" \/>\n\t<meta property=\"og:image:width\" content=\"800\" \/>\n\t<meta property=\"og:image:height\" content=\"319\" \/>\n\t<meta property=\"og:image:type\" content=\"image\/png\" \/>\n<meta name=\"twitter:card\" content=\"summary_large_image\" \/>\n<meta name=\"twitter:label1\" content=\"Gesch\u00e4tzte Lesezeit\" \/>\n\t<meta name=\"twitter:data1\" content=\"1\u00a0Minute\" \/>\n<script type=\"application\/ld+json\" class=\"yoast-schema-graph\">{\"@context\":\"https:\/\/schema.org\",\"@graph\":[{\"@type\":\"WebPage\",\"@id\":\"https:\/\/airporttelecom.com\/de\/sim-karte\/israel\/\",\"url\":\"https:\/\/airporttelecom.com\/de\/sim-karte\/israel\/\",\"name\":\"SIM-Karte Israel kaufen f\u00fcr prepaid (unbegrenzt) telefonieren und internet - Airport Telecom DE\",\"isPartOf\":{\"@id\":\"https:\/\/airporttelecom.com\/de\/#website\"},\"primaryImageOfPage\":{\"@id\":\"https:\/\/airporttelecom.com\/de\/sim-karte\/israel\/#primaryimage\"},\"image\":{\"@id\":\"https:\/\/airporttelecom.com\/de\/sim-karte\/israel\/#primaryimage\"},\"thumbnailUrl\":\"https:\/\/airporttelecom.com\/de\/wp-content\/uploads\/sites\/6\/2024\/06\/Simkaart-Israel.png\",\"datePublished\":\"2024-06-18T13:25:57+00:00\",\"dateModified\":\"2025-09-29T11:26:41+00:00\",\"description\":\"Auf der Suche nach einem Prepaid SIM-Karte Israel f\u00fcr (unbegrenzte) Anrufe und Internet? Optimale Erreichbarkeit auf Reisen in SIM-Karte Europa, SIM-Karte Naher Osten. Jetzt im Verkauf bei !\",\"breadcrumb\":{\"@id\":\"https:\/\/airporttelecom.com\/de\/sim-karte\/israel\/#breadcrumb\"},\"inLanguage\":\"de\",\"potentialAction\":[{\"@type\":\"ReadAction\",\"target\":[\"https:\/\/airporttelecom.com\/de\/sim-karte\/israel\/\"]}]},{\"@type\":\"ImageObject\",\"inLanguage\":\"de\",\"@id\":\"https:\/\/airporttelecom.com\/de\/sim-karte\/israel\/#primaryimage\",\"url\":\"https:\/\/airporttelecom.com\/de\/wp-content\/uploads\/sites\/6\/2024\/06\/Simkaart-Israel.png\",\"contentUrl\":\"https:\/\/airporttelecom.com\/de\/wp-content\/uploads\/sites\/6\/2024\/06\/Simkaart-Israel.png\",\"width\":800,\"height\":319,\"caption\":\"SIM-Karte Israel\"},{\"@type\":\"BreadcrumbList\",\"@id\":\"https:\/\/airporttelecom.com\/de\/sim-karte\/israel\/#breadcrumb\",\"itemListElement\":[{\"@type\":\"ListItem\",\"position\":1,\"name\":\"Home\",\"item\":\"https:\/\/airporttelecom.com\/de\/\"},{\"@type\":\"ListItem\",\"position\":2,\"name\":\"SIM-Karte\",\"item\":\"https:\/\/airporttelecom.com\/de\/sim-karte\/\"},{\"@type\":\"ListItem\",\"position\":3,\"name\":\"SIM-Karte Israel\"}]},{\"@type\":\"WebSite\",\"@id\":\"https:\/\/airporttelecom.com\/de\/#website\",\"url\":\"https:\/\/airporttelecom.com\/de\/\",\"name\":\"Airport Telecom\",\"description\":\"\",\"publisher\":{\"@id\":\"https:\/\/airporttelecom.com\/de\/#organization\"},\"potentialAction\":[{\"@type\":\"SearchAction\",\"target\":{\"@type\":\"EntryPoint\",\"urlTemplate\":\"https:\/\/airporttelecom.com\/de\/?s={search_term_string}\"},\"query-input\":{\"@type\":\"PropertyValueSpecification\",\"valueRequired\":true,\"valueName\":\"search_term_string\"}}],\"inLanguage\":\"de\"},{\"@type\":\"Organization\",\"@id\":\"https:\/\/airporttelecom.com\/de\/#organization\",\"name\":\"Airport Telecom\",\"url\":\"https:\/\/airporttelecom.com\/de\/\",\"logo\":{\"@type\":\"ImageObject\",\"inLanguage\":\"de\",\"@id\":\"https:\/\/airporttelecom.com\/de\/#\/schema\/logo\/image\/\",\"url\":\"https:\/\/airporttelecom.com\/de\/wp-content\/uploads\/sites\/6\/2024\/06\/icon.png?wsr\",\"contentUrl\":\"https:\/\/airporttelecom.com\/de\/wp-content\/uploads\/sites\/6\/2024\/06\/icon.png?wsr\",\"width\":110,\"height\":110,\"caption\":\"Airport Telecom\"},\"image\":{\"@id\":\"https:\/\/airporttelecom.com\/de\/#\/schema\/logo\/image\/\"}}]}<\/script>\n<!-- \/ Yoast SEO Premium plugin. -->","yoast_head_json":{"title":"SIM-Karte Israel kaufen f\u00fcr prepaid (unbegrenzt) telefonieren und internet - Airport Telecom DE","description":"Auf der Suche nach einem Prepaid SIM-Karte Israel f\u00fcr (unbegrenzte) Anrufe und Internet? Optimale Erreichbarkeit auf Reisen in SIM-Karte Europa, SIM-Karte Naher Osten. Jetzt im Verkauf bei !","robots":{"index":"index","follow":"follow","max-snippet":"max-snippet:-1","max-image-preview":"max-image-preview:large","max-video-preview":"max-video-preview:-1"},"canonical":"https:\/\/airporttelecom.com\/de\/sim-karte\/israel\/","og_locale":"de_DE","og_type":"article","og_title":"SIM-Karte Israel","og_description":"Auf der Suche nach einem Prepaid SIM-Karte Israel f\u00fcr (unbegrenzte) Anrufe und Internet? Optimale Erreichbarkeit auf Reisen in SIM-Karte Europa, SIM-Karte Naher Osten. Jetzt im Verkauf bei !","og_url":"https:\/\/airporttelecom.com\/de\/sim-karte\/israel\/","og_site_name":"Airport Telecom DE","article_modified_time":"2025-09-29T11:26:41+00:00","og_image":[{"width":800,"height":319,"url":"https:\/\/airporttelecom.com\/de\/wp-content\/uploads\/sites\/6\/2024\/06\/Simkaart-Israel.png?wsr","type":"image\/png"}],"twitter_card":"summary_large_image","twitter_misc":{"Gesch\u00e4tzte Lesezeit":"1\u00a0Minute"},"schema":{"@context":"https:\/\/schema.org","@graph":[{"@type":"WebPage","@id":"https:\/\/airporttelecom.com\/de\/sim-karte\/israel\/","url":"https:\/\/airporttelecom.com\/de\/sim-karte\/israel\/","name":"SIM-Karte Israel kaufen f\u00fcr prepaid (unbegrenzt) telefonieren und internet - Airport Telecom DE","isPartOf":{"@id":"https:\/\/airporttelecom.com\/de\/#website"},"primaryImageOfPage":{"@id":"https:\/\/airporttelecom.com\/de\/sim-karte\/israel\/#primaryimage"},"image":{"@id":"https:\/\/airporttelecom.com\/de\/sim-karte\/israel\/#primaryimage"},"thumbnailUrl":"https:\/\/airporttelecom.com\/de\/wp-content\/uploads\/sites\/6\/2024\/06\/Simkaart-Israel.png","datePublished":"2024-06-18T13:25:57+00:00","dateModified":"2025-09-29T11:26:41+00:00","description":"Auf der Suche nach einem Prepaid SIM-Karte Israel f\u00fcr (unbegrenzte) Anrufe und Internet? Optimale Erreichbarkeit auf Reisen in SIM-Karte Europa, SIM-Karte Naher Osten. Jetzt im Verkauf bei !","breadcrumb":{"@id":"https:\/\/airporttelecom.com\/de\/sim-karte\/israel\/#breadcrumb"},"inLanguage":"de","potentialAction":[{"@type":"ReadAction","target":["https:\/\/airporttelecom.com\/de\/sim-karte\/israel\/"]}]},{"@type":"ImageObject","inLanguage":"de","@id":"https:\/\/airporttelecom.com\/de\/sim-karte\/israel\/#primaryimage","url":"https:\/\/airporttelecom.com\/de\/wp-content\/uploads\/sites\/6\/2024\/06\/Simkaart-Israel.png","contentUrl":"https:\/\/airporttelecom.com\/de\/wp-content\/uploads\/sites\/6\/2024\/06\/Simkaart-Israel.png","width":800,"height":319,"caption":"SIM-Karte Israel"},{"@type":"BreadcrumbList","@id":"https:\/\/airporttelecom.com\/de\/sim-karte\/israel\/#breadcrumb","itemListElement":[{"@type":"ListItem","position":1,"name":"Home","item":"https:\/\/airporttelecom.com\/de\/"},{"@type":"ListItem","position":2,"name":"SIM-Karte","item":"https:\/\/airporttelecom.com\/de\/sim-karte\/"},{"@type":"ListItem","position":3,"name":"SIM-Karte Israel"}]},{"@type":"WebSite","@id":"https:\/\/airporttelecom.com\/de\/#website","url":"https:\/\/airporttelecom.com\/de\/","name":"Airport Telecom","description":"","publisher":{"@id":"https:\/\/airporttelecom.com\/de\/#organization"},"potentialAction":[{"@type":"SearchAction","target":{"@type":"EntryPoint","urlTemplate":"https:\/\/airporttelecom.com\/de\/?s={search_term_string}"},"query-input":{"@type":"PropertyValueSpecification","valueRequired":true,"valueName":"search_term_string"}}],"inLanguage":"de"},{"@type":"Organization","@id":"https:\/\/airporttelecom.com\/de\/#organization","name":"Airport Telecom","url":"https:\/\/airporttelecom.com\/de\/","logo":{"@type":"ImageObject","inLanguage":"de","@id":"https:\/\/airporttelecom.com\/de\/#\/schema\/logo\/image\/","url":"https:\/\/airporttelecom.com\/de\/wp-content\/uploads\/sites\/6\/2024\/06\/icon.png?wsr","contentUrl":"https:\/\/airporttelecom.com\/de\/wp-content\/uploads\/sites\/6\/2024\/06\/icon.png?wsr","width":110,"height":110,"caption":"Airport Telecom"},"image":{"@id":"https:\/\/airporttelecom.com\/de\/#\/schema\/logo\/image\/"}}]}},"_links":{"self":[{"href":"https:\/\/airporttelecom.com\/de\/wp-json\/wp\/v2\/product\/251","targetHints":{"allow":["GET"]}}],"collection":[{"href":"https:\/\/airporttelecom.com\/de\/wp-json\/wp\/v2\/product"}],"about":[{"href":"https:\/\/airporttelecom.com\/de\/wp-json\/wp\/v2\/types\/product"}],"replies":[{"embeddable":true,"href":"https:\/\/airporttelecom.com\/de\/wp-json\/wp\/v2\/comments?post=251"}],"wp:featuredmedia":[{"embeddable":true,"href":"https:\/\/airporttelecom.com\/de\/wp-json\/wp\/v2\/media\/694"}],"wp:attachment":[{"href":"https:\/\/airporttelecom.com\/de\/wp-json\/wp\/v2\/media?parent=251"}],"wp:term":[{"taxonomy":"product_brand","embeddable":true,"href":"https:\/\/airporttelecom.com\/de\/wp-json\/wp\/v2\/product_brand?post=251"},{"taxonomy":"product_cat","embeddable":true,"href":"https:\/\/airporttelecom.com\/de\/wp-json\/wp\/v2\/product_cat?post=251"},{"taxonomy":"product_tag","embeddable":true,"href":"https:\/\/airporttelecom.com\/de\/wp-json\/wp\/v2\/product_tag?post=251"}],"curies":[{"name":"wp","href":"https:\/\/api.w.org\/{rel}","templated":true}]}}