{"id":294,"date":"2024-06-18T13:54:46","date_gmt":"2024-06-18T13:54:46","guid":{"rendered":"https:\/\/airporttelecom.outperforming.nl\/nl\/?post_type=product&#038;p=294"},"modified":"2025-09-29T11:26:32","modified_gmt":"2025-09-29T11:26:32","slug":"sim-karte-thailand","status":"publish","type":"product","link":"https:\/\/airporttelecom.com\/de\/sim-karte\/thailand\/","title":{"rendered":"SIM-Karte Thailand"},"content":{"rendered":"","protected":false},"excerpt":{"rendered":"","protected":false},"featured_media":711,"comment_status":"open","ping_status":"closed","template":"","meta":{"_acf_changed":false},"product_brand":[],"product_cat":[17],"product_tag":[28],"class_list":{"0":"post-294","1":"product","2":"type-product","3":"status-publish","4":"has-post-thumbnail","6":"product_cat-sim-karte","7":"product_tag-sim-karte-asien","9":"first","10":"instock","11":"taxable","12":"shipping-taxable","13":"purchasable","14":"product-type-variable","15":"has-default-attributes"},"acf":{"gebied_afbeelding":643,"vlag_afbeelding":296,"provider":["NEX"],"product_synoniemen":null,"product_bestel_velden":"","product_omschrijving":"<h2>Mobiles Internet in Thailand mit Simkarte Thailand<\/h2>\r\nMit der Unlimited Sim Card Thailand von Airport Telecom k\u00f6nnen Sie mobiles Internet in ganz Thailand nutzen. Die SIM-Karte ist ideal f\u00fcr die Internetnutzung und erm\u00f6glicht den Zugang zu E-Mail, Whatsapp, Navigation und anderen Internetanwendungen \u00fcber eine schnelle 4G\/5G-Verbindung. W\u00e4hlen Sie, wie lange Sie das Unlimited Bundle ben\u00f6tigen: 7 Tage, 14 Tage oder 30 Tage.\r\n<h2>Datenpakete f\u00fcr Reisen in Thailand<\/h2>\r\nDie SIM-Karten f\u00fcr Thailand werden mit einem Unlimited-Datenpaket f\u00fcr 7, 14 und 30 Tage geliefert:\r\n<h3>Unlimitierte Simkarte Thailand 7 Tage, 24 \u20ac<\/h3>\r\n<h3>Unbegrenzte Simkarte Thailand 14 Tage, \u20ac 36,=<\/h3>\r\n<h3>Unbegrenzte Simkarte Thailand 30 Tage, \u20ac 69,=<\/h3>\r\n<span lang=\"de\">(*) Bitte beachten Sie die Fair-Use-Richtlinie.\u00a0Bei \u00fcberm\u00e4\u00dfigem Datenverbrauch kann der Anbieter die Leistung der (e)SIM einschr\u00e4nken.\u00a0Die Fair-Use-Richtlinie geht von einem eindeutigen Bennutzer pro (e)SIM aus.\u00a0Die normale Nutzung f\u00fcr Navigation, E-Mail, Suchen im Internet, WhatsApp-Nachrichten, WhatsApp-Anrufe und Apps wie Instagram und Snapcaht aktiviert die Fair-Use-Richtlinie nicht.\u00a0Dies kann jedoch bei extremer Nutzung von,\u00a0<\/span><span lang=\"de\">beispielsweise,<\/span><span lang=\"de\">\u00a0YouTube, TikTok, Streaming-Diensten wie Netflix und Online-TV der Fall sein, insbesondere wenn mehrere Personen die Verbindung \u00fcber einen Hotspot oder Router teilen.\u00a0Bei Verst\u00f6\u00dfen gegen die Fair-Use-Richtlinie werden keine R\u00fcckerstattungen gew\u00e4hrt.<\/span>\r\n\r\nSim-Karten f\u00fcr Thailand haben eine ausgezeichnete landesweite Abdeckung \u00fcber die 4G- und 5G-Netze von AT&amp;T und T-Mobile. In Thailand ist keine Benutzerregistrierung erforderlich. Nach der Ankunft in Thailand beginnt das Internet automatisch zu funktionieren. Die Simkarte Thailand ist tetheringf\u00e4hig, kann also auch f\u00fcr Hotspot und MIFI genutzt werden.\r\n<h2>Whatsapp mit Simkarte Thailand<\/h2>\r\nAlle internetbasierten Telefonate wie Whatsapp, Skype und FaceTime sind nat\u00fcrlich auch mit den SIM-Karten f\u00fcr Thailand m\u00f6glich. Sie nutzen dann das Datenpaket auf der SIM-Karte. Whatsapp k\u00f6nnen Sie jederzeit mit Ihren eigenen bestehenden Kontakten, Gruppen und Chats weiter nutzen. Nach dem Einlegen einer Prepaid-SIM-Karte kann es sein, dass Whatsapp Sie fragt, ob Sie eine neue Identit\u00e4t anlegen wollen oder ob alles so bleiben soll, wie es war. W\u00e4hlen Sie in diesem Fall Letzteres, dann \u00e4ndert sich nichts. Sie k\u00f6nnen dann wie gewohnt mit Whatsapp Nachrichten versenden und Anrufe t\u00e4tigen.\r\n\r\n&gt;\r\n<h2>Abdeckung in Thailand<\/h2>\r\nIm geliebten Thailand, auch bekannt als Land des L\u00e4chelns, finden Sie dank der SIM-Karten von Airport Telecom fast \u00fcberall eine gute Netzabdeckung. Erkunden Sie das quirlige Bangkok und navigieren Sie m\u00fchelos zwischen Tuktuks zum pr\u00e4chtigen Palast oder zum Tempel des Smaragdbuddhas. Wenn Sie Chiang Mai besuchen, werden Sie den au\u00dfergew\u00f6hnlichen Tempel Wat Phra That Doe Suthep, Ihre einzigartigen Funde auf der Sunday Walking Street und die niedlichen Elefanten m\u00fchelos auf Ihrer Instagram-Timeline teilen. Phukets bezaubernde Str\u00e4nde, wie Patong und Karon Beach, und die romantischen Phi Phi-Inseln bieten ebenfalls eine hervorragende Reichweite. Rucksacktouristen m\u00fcssen sich auch keine Sorgen machen, wenn sie nach einer Vollmondparty eine zus\u00e4tzliche Nacht auf Koh Phangan buchen, um sich von der schnellen Verbindung zu erholen! Ber\u00fccksichtigen Sie einfach die schwankende Netzst\u00e4rke in Thailands zahlreichen Naturparks wie dem Khao Sok Nationalpark mit einem der \u00e4ltesten Regenw\u00e4lder oder dem Erawan Nationalpark mit seinen wundersch\u00f6nen Wasserf\u00e4llen.\r\n<h2>Kostenlose Lieferung nach Hause<\/h2>\r\n<span data-contrast=\"auto\">Die Simkarte Thailand wird Ihnen in Deutschland kostenlos nach Hause geliefert. Wenn Sie an Werktagen vor 14.00 Uhr bestellen, versenden wir noch am selben Tag per Post. Normalerweise erfolgt die Lieferung dann innerhalb von drei bis vier Werktagen. Brauchen Sie es schneller? W\u00e4hlen Sie dann die eSIM aus, die Ihnen per E-Mail zugesandt wird.<\/span>\r\n\r\n&nbsp;","product_specificaties":"<h2>Internet mit Simkarte Thailand<\/h2>\r\nEs gibt drei Varianten der Simkarte Thailand:\r\n<h3>Unlimitierte Simkarte Thailand 7 Tage, 24 \u20ac<\/h3>\r\n.\r\n<ul>\r\n \t<li>Unbegrenzte Daten in ganz Thailand*<\/li>\r\n \t<li>Bundle g\u00fcltig f\u00fcr 7 Tage. Das Aufladen kann \u00fcber diese Website erfolgen.<\/li>\r\n<\/ul>\r\n<h3>Unbegrenzte Simkarte Thailand 14 Tage, \u20ac36<\/h3>\r\n.\r\n<ul>\r\n \t<li style=\"list-style-type: none\">\r\n<ul>\r\n \t<li>Unbegrenzte Daten in ganz Thailand*<\/li>\r\n<\/ul>\r\n<\/li>\r\n<\/ul>\r\n.\r\n<ul>\r\n \t<li>Bundle g\u00fcltig f\u00fcr 14 Tage. Das Aufladen kann \u00fcber diese Website erfolgen.<\/li>\r\n<\/ul>\r\n<h3>Unbegrenzte Simkarte Thailand 30 Tage, 69 \u20ac<\/h3>\r\n.\r\n<ul>\r\n \t<li style=\"list-style-type: none\">\r\n<ul>\r\n \t<li>Unbegrenzte Daten in ganz Thailand*<\/li>\r\n<\/ul>\r\n<\/li>\r\n<\/ul>\r\n.\r\n<ul>\r\n \t<li>Bundle g\u00fcltig f\u00fcr 30 Tage. Das Aufladen kann \u00fcber diese Website erfolgen.<\/li>\r\n<\/ul>\r\n(*) Es gibt eine Fair Use Policy. Bei extremer Datennutzung kann der Anbieter in Thailand die M\u00f6glichkeiten der Sim-Karte einschr\u00e4nken.","product_handleiding":"<h2>Wie installiere ich die SIM-Karte Thailand in meinem Telefon?<\/h2>\r\n\u00d6ffnen Sie den Schieber an der Seite des Telefons. Dazu k\u00f6nnen Sie den mit dem Telefon gelieferten Stift verwenden. Wenn Sie diesen nicht haben, k\u00f6nnen Sie ihn durch Biegen einer B\u00fcroklammer herstellen. Ein zus\u00e4tzlicher Stift wird auch mit den SIM-Karten von Airport Telecom geliefert.\r\n\r\nEntnehmen Sie Ihre eigene SIM-Karte und bewahren Sie sie sicher auf! Legen Sie nun die neue SIM-Karte ein. Das kann nur auf eine Weise geschehen. Vielleicht haben Sie ein Telefon, das mehrere SIM-Karten aufnehmen kann. Legen Sie die neue SIM-Karte wie eine zus\u00e4tzliche Karte ein.\r\n\r\nSchieben Sie den SIM-Kartenschieber wieder in das Telefon. Sie sollten nun automatisch die neue SIM-Karte verwenden k\u00f6nnen. Das Telefon fordert Sie m\u00f6glicherweise auf, einige zus\u00e4tzliche Einstellungen vorzunehmen.","product_veelgestelde_vragen":[{"vraag":"Welche SIM-Karte sollte man in Thailand verwenden?","antwoord":"F\u00fcr einen kurzen Aufenthalt von ein paar Tagen ben\u00f6tigen Sie wahrscheinlich nicht so viele Daten. Das 10-GB-Datenpaket f\u00fcr Thailand kann dann ausreichend sein. Anwendungen wie Whatsapp, Instagram und Navigation verbrauchen nicht viele Daten. Wenn Sie l\u00e4nger bleiben, kann es sinnvoll sein, Unlimited zu w\u00e4hlen, damit Sie auf jeden Fall genug Daten haben. Die Unlimited SIM-Karte bietet auch unbegrenzte Anrufe innerhalb Thailands."},{"vraag":"Wo kann ich eine SIM-Karte f\u00fcr Thailand kaufen?","antwoord":"Kaufen Sie eine SIM-Karte f\u00fcr Thailand bei Airport Telecom Schiphol. Sie k\u00f6nnen sie im Gesch\u00e4ft abholen. Oder bestellen Sie online und die SIM-Karte wird Ihnen kostenlos nach Hause geliefert."}]},"yoast_head":"<!-- This site is optimized with the Yoast SEO Premium plugin v24.4 (Yoast SEO v26.9) - https:\/\/yoast.com\/product\/yoast-seo-premium-wordpress\/ -->\n<title>SIM-Karte Thailand kaufen f\u00fcr prepaid (unbegrenzt) telefonieren und internet - Airport Telecom DE<\/title>\n<meta name=\"description\" content=\"Auf der Suche nach einem Prepaid SIM-Karte Thailand f\u00fcr (unbegrenzte) Anrufe und Internet? Optimale Erreichbarkeit auf Reisen in SIM-Karte Asien. Jetzt im Verkauf bei !\" \/>\n<meta name=\"robots\" content=\"index, follow, max-snippet:-1, max-image-preview:large, max-video-preview:-1\" \/>\n<link rel=\"canonical\" href=\"https:\/\/airporttelecom.com\/de\/sim-karte\/thailand\/\" \/>\n<meta property=\"og:locale\" content=\"de_DE\" \/>\n<meta property=\"og:type\" content=\"article\" \/>\n<meta property=\"og:title\" content=\"SIM-Karte Thailand\" \/>\n<meta property=\"og:description\" content=\"Auf der Suche nach einem Prepaid SIM-Karte Thailand f\u00fcr (unbegrenzte) Anrufe und Internet? Optimale Erreichbarkeit auf Reisen in SIM-Karte Asien. Jetzt im Verkauf bei !\" \/>\n<meta property=\"og:url\" content=\"https:\/\/airporttelecom.com\/de\/sim-karte\/thailand\/\" \/>\n<meta property=\"og:site_name\" content=\"Airport Telecom DE\" \/>\n<meta property=\"article:modified_time\" content=\"2025-09-29T11:26:32+00:00\" \/>\n<meta property=\"og:image\" content=\"https:\/\/airporttelecom.com\/de\/wp-content\/uploads\/sites\/6\/2024\/06\/Simkaart-Thailand.png?wsr\" \/>\n\t<meta property=\"og:image:width\" content=\"800\" \/>\n\t<meta property=\"og:image:height\" content=\"318\" \/>\n\t<meta property=\"og:image:type\" content=\"image\/png\" \/>\n<meta name=\"twitter:card\" content=\"summary_large_image\" \/>\n<meta name=\"twitter:label1\" content=\"Gesch\u00e4tzte Lesezeit\" \/>\n\t<meta name=\"twitter:data1\" content=\"1\u00a0Minute\" \/>\n<script type=\"application\/ld+json\" class=\"yoast-schema-graph\">{\"@context\":\"https:\/\/schema.org\",\"@graph\":[{\"@type\":\"WebPage\",\"@id\":\"https:\/\/airporttelecom.com\/de\/sim-karte\/thailand\/\",\"url\":\"https:\/\/airporttelecom.com\/de\/sim-karte\/thailand\/\",\"name\":\"SIM-Karte Thailand kaufen f\u00fcr prepaid (unbegrenzt) telefonieren und internet - Airport Telecom DE\",\"isPartOf\":{\"@id\":\"https:\/\/airporttelecom.com\/de\/#website\"},\"primaryImageOfPage\":{\"@id\":\"https:\/\/airporttelecom.com\/de\/sim-karte\/thailand\/#primaryimage\"},\"image\":{\"@id\":\"https:\/\/airporttelecom.com\/de\/sim-karte\/thailand\/#primaryimage\"},\"thumbnailUrl\":\"https:\/\/airporttelecom.com\/de\/wp-content\/uploads\/sites\/6\/2024\/06\/Simkaart-Thailand.png\",\"datePublished\":\"2024-06-18T13:54:46+00:00\",\"dateModified\":\"2025-09-29T11:26:32+00:00\",\"description\":\"Auf der Suche nach einem Prepaid SIM-Karte Thailand f\u00fcr (unbegrenzte) Anrufe und Internet? Optimale Erreichbarkeit auf Reisen in SIM-Karte Asien. Jetzt im Verkauf bei !\",\"breadcrumb\":{\"@id\":\"https:\/\/airporttelecom.com\/de\/sim-karte\/thailand\/#breadcrumb\"},\"inLanguage\":\"de\",\"potentialAction\":[{\"@type\":\"ReadAction\",\"target\":[\"https:\/\/airporttelecom.com\/de\/sim-karte\/thailand\/\"]}]},{\"@type\":\"ImageObject\",\"inLanguage\":\"de\",\"@id\":\"https:\/\/airporttelecom.com\/de\/sim-karte\/thailand\/#primaryimage\",\"url\":\"https:\/\/airporttelecom.com\/de\/wp-content\/uploads\/sites\/6\/2024\/06\/Simkaart-Thailand.png\",\"contentUrl\":\"https:\/\/airporttelecom.com\/de\/wp-content\/uploads\/sites\/6\/2024\/06\/Simkaart-Thailand.png\",\"width\":800,\"height\":318,\"caption\":\"Sim-Karte Thailand\"},{\"@type\":\"BreadcrumbList\",\"@id\":\"https:\/\/airporttelecom.com\/de\/sim-karte\/thailand\/#breadcrumb\",\"itemListElement\":[{\"@type\":\"ListItem\",\"position\":1,\"name\":\"Home\",\"item\":\"https:\/\/airporttelecom.com\/de\/\"},{\"@type\":\"ListItem\",\"position\":2,\"name\":\"SIM-Karte\",\"item\":\"https:\/\/airporttelecom.com\/de\/sim-karte\/\"},{\"@type\":\"ListItem\",\"position\":3,\"name\":\"SIM-Karte Thailand\"}]},{\"@type\":\"WebSite\",\"@id\":\"https:\/\/airporttelecom.com\/de\/#website\",\"url\":\"https:\/\/airporttelecom.com\/de\/\",\"name\":\"Airport Telecom\",\"description\":\"\",\"publisher\":{\"@id\":\"https:\/\/airporttelecom.com\/de\/#organization\"},\"potentialAction\":[{\"@type\":\"SearchAction\",\"target\":{\"@type\":\"EntryPoint\",\"urlTemplate\":\"https:\/\/airporttelecom.com\/de\/?s={search_term_string}\"},\"query-input\":{\"@type\":\"PropertyValueSpecification\",\"valueRequired\":true,\"valueName\":\"search_term_string\"}}],\"inLanguage\":\"de\"},{\"@type\":\"Organization\",\"@id\":\"https:\/\/airporttelecom.com\/de\/#organization\",\"name\":\"Airport Telecom\",\"url\":\"https:\/\/airporttelecom.com\/de\/\",\"logo\":{\"@type\":\"ImageObject\",\"inLanguage\":\"de\",\"@id\":\"https:\/\/airporttelecom.com\/de\/#\/schema\/logo\/image\/\",\"url\":\"https:\/\/airporttelecom.com\/de\/wp-content\/uploads\/sites\/6\/2024\/06\/icon.png?wsr\",\"contentUrl\":\"https:\/\/airporttelecom.com\/de\/wp-content\/uploads\/sites\/6\/2024\/06\/icon.png?wsr\",\"width\":110,\"height\":110,\"caption\":\"Airport Telecom\"},\"image\":{\"@id\":\"https:\/\/airporttelecom.com\/de\/#\/schema\/logo\/image\/\"}}]}<\/script>\n<!-- \/ Yoast SEO Premium plugin. -->","yoast_head_json":{"title":"SIM-Karte Thailand kaufen f\u00fcr prepaid (unbegrenzt) telefonieren und internet - Airport Telecom DE","description":"Auf der Suche nach einem Prepaid SIM-Karte Thailand f\u00fcr (unbegrenzte) Anrufe und Internet? Optimale Erreichbarkeit auf Reisen in SIM-Karte Asien. Jetzt im Verkauf bei !","robots":{"index":"index","follow":"follow","max-snippet":"max-snippet:-1","max-image-preview":"max-image-preview:large","max-video-preview":"max-video-preview:-1"},"canonical":"https:\/\/airporttelecom.com\/de\/sim-karte\/thailand\/","og_locale":"de_DE","og_type":"article","og_title":"SIM-Karte Thailand","og_description":"Auf der Suche nach einem Prepaid SIM-Karte Thailand f\u00fcr (unbegrenzte) Anrufe und Internet? Optimale Erreichbarkeit auf Reisen in SIM-Karte Asien. Jetzt im Verkauf bei !","og_url":"https:\/\/airporttelecom.com\/de\/sim-karte\/thailand\/","og_site_name":"Airport Telecom DE","article_modified_time":"2025-09-29T11:26:32+00:00","og_image":[{"width":800,"height":318,"url":"https:\/\/airporttelecom.com\/de\/wp-content\/uploads\/sites\/6\/2024\/06\/Simkaart-Thailand.png?wsr","type":"image\/png"}],"twitter_card":"summary_large_image","twitter_misc":{"Gesch\u00e4tzte Lesezeit":"1\u00a0Minute"},"schema":{"@context":"https:\/\/schema.org","@graph":[{"@type":"WebPage","@id":"https:\/\/airporttelecom.com\/de\/sim-karte\/thailand\/","url":"https:\/\/airporttelecom.com\/de\/sim-karte\/thailand\/","name":"SIM-Karte Thailand kaufen f\u00fcr prepaid (unbegrenzt) telefonieren und internet - Airport Telecom DE","isPartOf":{"@id":"https:\/\/airporttelecom.com\/de\/#website"},"primaryImageOfPage":{"@id":"https:\/\/airporttelecom.com\/de\/sim-karte\/thailand\/#primaryimage"},"image":{"@id":"https:\/\/airporttelecom.com\/de\/sim-karte\/thailand\/#primaryimage"},"thumbnailUrl":"https:\/\/airporttelecom.com\/de\/wp-content\/uploads\/sites\/6\/2024\/06\/Simkaart-Thailand.png","datePublished":"2024-06-18T13:54:46+00:00","dateModified":"2025-09-29T11:26:32+00:00","description":"Auf der Suche nach einem Prepaid SIM-Karte Thailand f\u00fcr (unbegrenzte) Anrufe und Internet? Optimale Erreichbarkeit auf Reisen in SIM-Karte Asien. Jetzt im Verkauf bei !","breadcrumb":{"@id":"https:\/\/airporttelecom.com\/de\/sim-karte\/thailand\/#breadcrumb"},"inLanguage":"de","potentialAction":[{"@type":"ReadAction","target":["https:\/\/airporttelecom.com\/de\/sim-karte\/thailand\/"]}]},{"@type":"ImageObject","inLanguage":"de","@id":"https:\/\/airporttelecom.com\/de\/sim-karte\/thailand\/#primaryimage","url":"https:\/\/airporttelecom.com\/de\/wp-content\/uploads\/sites\/6\/2024\/06\/Simkaart-Thailand.png","contentUrl":"https:\/\/airporttelecom.com\/de\/wp-content\/uploads\/sites\/6\/2024\/06\/Simkaart-Thailand.png","width":800,"height":318,"caption":"Sim-Karte Thailand"},{"@type":"BreadcrumbList","@id":"https:\/\/airporttelecom.com\/de\/sim-karte\/thailand\/#breadcrumb","itemListElement":[{"@type":"ListItem","position":1,"name":"Home","item":"https:\/\/airporttelecom.com\/de\/"},{"@type":"ListItem","position":2,"name":"SIM-Karte","item":"https:\/\/airporttelecom.com\/de\/sim-karte\/"},{"@type":"ListItem","position":3,"name":"SIM-Karte Thailand"}]},{"@type":"WebSite","@id":"https:\/\/airporttelecom.com\/de\/#website","url":"https:\/\/airporttelecom.com\/de\/","name":"Airport Telecom","description":"","publisher":{"@id":"https:\/\/airporttelecom.com\/de\/#organization"},"potentialAction":[{"@type":"SearchAction","target":{"@type":"EntryPoint","urlTemplate":"https:\/\/airporttelecom.com\/de\/?s={search_term_string}"},"query-input":{"@type":"PropertyValueSpecification","valueRequired":true,"valueName":"search_term_string"}}],"inLanguage":"de"},{"@type":"Organization","@id":"https:\/\/airporttelecom.com\/de\/#organization","name":"Airport Telecom","url":"https:\/\/airporttelecom.com\/de\/","logo":{"@type":"ImageObject","inLanguage":"de","@id":"https:\/\/airporttelecom.com\/de\/#\/schema\/logo\/image\/","url":"https:\/\/airporttelecom.com\/de\/wp-content\/uploads\/sites\/6\/2024\/06\/icon.png?wsr","contentUrl":"https:\/\/airporttelecom.com\/de\/wp-content\/uploads\/sites\/6\/2024\/06\/icon.png?wsr","width":110,"height":110,"caption":"Airport Telecom"},"image":{"@id":"https:\/\/airporttelecom.com\/de\/#\/schema\/logo\/image\/"}}]}},"_links":{"self":[{"href":"https:\/\/airporttelecom.com\/de\/wp-json\/wp\/v2\/product\/294","targetHints":{"allow":["GET"]}}],"collection":[{"href":"https:\/\/airporttelecom.com\/de\/wp-json\/wp\/v2\/product"}],"about":[{"href":"https:\/\/airporttelecom.com\/de\/wp-json\/wp\/v2\/types\/product"}],"replies":[{"embeddable":true,"href":"https:\/\/airporttelecom.com\/de\/wp-json\/wp\/v2\/comments?post=294"}],"wp:featuredmedia":[{"embeddable":true,"href":"https:\/\/airporttelecom.com\/de\/wp-json\/wp\/v2\/media\/711"}],"wp:attachment":[{"href":"https:\/\/airporttelecom.com\/de\/wp-json\/wp\/v2\/media?parent=294"}],"wp:term":[{"taxonomy":"product_brand","embeddable":true,"href":"https:\/\/airporttelecom.com\/de\/wp-json\/wp\/v2\/product_brand?post=294"},{"taxonomy":"product_cat","embeddable":true,"href":"https:\/\/airporttelecom.com\/de\/wp-json\/wp\/v2\/product_cat?post=294"},{"taxonomy":"product_tag","embeddable":true,"href":"https:\/\/airporttelecom.com\/de\/wp-json\/wp\/v2\/product_tag?post=294"}],"curies":[{"name":"wp","href":"https:\/\/api.w.org\/{rel}","templated":true}]}}