{"id":299,"date":"2024-06-18T13:57:40","date_gmt":"2024-06-18T13:57:40","guid":{"rendered":"https:\/\/airporttelecom.outperforming.nl\/nl\/?post_type=product&#038;p=299"},"modified":"2025-09-29T11:26:31","modified_gmt":"2025-09-29T11:26:31","slug":"sim-karte-sudkorea","status":"publish","type":"product","link":"https:\/\/airporttelecom.com\/de\/sim-karte\/sudkorea\/","title":{"rendered":"SIM-Karte S\u00fcdkorea"},"content":{"rendered":"","protected":false},"excerpt":{"rendered":"","protected":false},"featured_media":717,"comment_status":"open","ping_status":"closed","template":"","meta":{"_acf_changed":false},"product_brand":[],"product_cat":[17],"product_tag":[28],"class_list":{"0":"post-299","1":"product","2":"type-product","3":"status-publish","4":"has-post-thumbnail","6":"product_cat-sim-karte","7":"product_tag-sim-karte-asien","9":"first","10":"instock","11":"taxable","12":"shipping-taxable","13":"purchasable","14":"product-type-variable","15":"has-default-attributes"},"acf":{"gebied_afbeelding":582,"vlag_afbeelding":300,"provider":["BIC"],"product_synoniemen":null,"product_bestel_velden":["vertrekdatum"],"product_omschrijving":"<h2>Mobile Abdeckung mit einer SIM-Karte f\u00fcr S\u00fcdkorea<\/h2>\r\nMit den Prepaid-SIM-Karten S\u00fcdkorea von Airport Telecom k\u00f6nnen Sie in ganz S\u00fcdkorea mobiles Internet nutzen. Sie k\u00f6nnen aus verschiedenen Daten- und Gespr\u00e4chspaketen w\u00e4hlen. Diese Pakete eignen sich hervorragend f\u00fcr die Internetnutzung und erm\u00f6glichen Ihnen den Zugang zu E-Mail, Whatsapp, Navigation und anderen Internetanwendungen \u00fcber eine schnelle 4G\/5G-Verbindung.\r\n<h2>Daten und Anrufe auf Reisen in S\u00fcdkorea<\/h2>\r\nSim-Karten f\u00fcr S\u00fcdkorea k\u00f6nnen mit einem 10GB- und einem unbegrenzten Datenpaket gekauft werden. Jede SIM-Karte hat eine eigene Telefonnummer, \u00fcber die Sie in S\u00fcdkorea kostenlos anrufen k\u00f6nnen. Sowohl die 10GB- als auch die Unlimited-SIM-Karten beinhalten auch Anrufe innerhalb S\u00fcdkoreas.\r\n<h2>Whatsapp mit Simkarte S\u00fcdkorea<\/h2>\r\nAlle Internetgespr\u00e4che wie Whatsapp, Skype und FaceTime sind nat\u00fcrlich auch mit den SIM-Karten f\u00fcr S\u00fcdkorea m\u00f6glich. Sie nutzen dann das Datenpaket auf der SIM-Karte. Whatsapp k\u00f6nnen Sie weiterhin mit Ihren eigenen bestehenden Kontakten, Gruppen und Chats nutzen. Nach dem Einlegen einer Prepaid-SIM-Karte kann es sein, dass Whatsapp Sie fragt, ob Sie eine neue Identit\u00e4t anlegen wollen oder ob alles so bleiben soll, wie es war. W\u00e4hlen Sie in diesem Fall Letzteres, dann \u00e4ndert sich nichts. Sie k\u00f6nnen dann wie gewohnt mit Whatsapp Nachrichten versenden und Anrufe t\u00e4tigen.\r\n\r\n&gt;\r\n<h2>Abdeckung in S\u00fcdkorea<\/h2>\r\nS\u00fcdkorea hat eines der besten Mobilfunknetze der Welt. Erleben Sie das quirlige Myeongdong-Viertel in Seoul mit seinen gem\u00fctlichen Caf\u00e9s und Restaurants oder genie\u00dfen Sie die atemberaubende Aussicht vom Namsan Seoul Tower. \u00dcberall hier k\u00f6nnen Sie problemlos WhatsApp-Nachrichten verschicken. Das Gleiche gilt f\u00fcr andere Hotspots wie Busan und die wundersch\u00f6ne Insel Jeju. Genie\u00dfen Sie die Geschichte in Gyeongju und teilen Sie Ihre Fotos des beeindruckenden Bulguksa-Tempels oder der Seokguram-H\u00f6hle blitzschnell auf Instagram. Obwohl S\u00fcdkorea f\u00fcr sein erstklassiges Netz bekannt ist, k\u00f6nnen abgelegene und gebirgige Gebiete wie die Nationalparks Seoraksan und Jirisan sowie Inseln wie Ulleungdo und Dokdo manchmal nur eine begrenzte Netzabdeckung haben, da dort weniger Menschen leben.\r\n<h2>Kostenlose Lieferung nach Hause<\/h2>\r\n<span data-contrast=\"auto\">Die Simkarte S\u00fcdkorea wird Ihnen in Deutschland kostenlos nach Hause geliefert. Wenn Sie an Werktagen vor 14.00 Uhr bestellen, versenden wir noch am selben Tag per Post. Normalerweise erfolgt die Lieferung dann innerhalb von drei bis vier Werktagen. Brauchen Sie es schneller? W\u00e4hlen Sie dann die eSIM aus, die Ihnen per E-Mail zugesandt wird.<\/span>\r\n\r\n.","product_specificaties":"<h2>Vorteile Sim-Karte S\u00fcdkorea<\/h2>\r\nDie SIM-Karte ist in allen Gr\u00f6\u00dfen (mini, micro und nano) erh\u00e4ltlich und passt in jedes Telefon.\r\n<h2>Daten &amp; Telefonieren in S\u00fcdkorea<\/h2>\r\nEs gibt zwei Varianten der Sim-Karte S\u00fcdkorea:\r\n\r\n.\r\n<h3>10GB Daten \u20ac59<\/h3>\r\n.\r\n\r\nInkl. 10GB Daten\r\n\r\nInkl. 500 Ortsgespr\u00e4chsminuten\r\n<h3>Unbegrenzte Daten \u20ac 89,= *<\/h3>\r\nInkl. unbegrenzte Daten *\r\n\r\nInkl. unbegrenzte Ortsgespr\u00e4che *\r\n\r\nDie Datenpakete sind nach Aktivierung 30 Tage lang g\u00fcltig.\r\n\r\nDie S\u00fcdkorea SIM-Karte funktioniert nicht im MIFI oder als Hotspot.\r\n\r\n*) Es gibt eine Fair Use Policy. Bei extremer Datennutzung oder extremem Gespr\u00e4chsverhalten k\u00f6nnen die M\u00f6glichkeiten der SIM-Karte durch den Anbieter eingeschr\u00e4nkt werden.","product_handleiding":"<h2>Wie installiere ich die S\u00fcdkorea-SIM-Karte in meinem Telefon?<\/h2>\r\n\u00d6ffnen Sie den Schieber an der Seite des Telefons. Dazu k\u00f6nnen Sie den mit dem Telefon gelieferten Stift verwenden. Wenn Sie diesen nicht haben, k\u00f6nnen Sie ihn durch Biegen einer B\u00fcroklammer herstellen. Ein zus\u00e4tzlicher Stift wird auch mit den SIM-Karten von Airport Telecom geliefert.\r\n\r\nEntnehmen Sie Ihre eigene SIM-Karte und bewahren Sie sie sicher auf! Legen Sie nun die neue SIM-Karte ein. Das kann nur auf eine Weise geschehen. Vielleicht haben Sie ein Telefon, das mehrere SIM-Karten aufnehmen kann. Legen Sie die neue SIM-Karte wie eine zus\u00e4tzliche Karte ein.\r\n\r\nSchieben Sie den SIM-Kartenschieber wieder in das Telefon. Sie sollten nun automatisch die neue SIM-Karte verwenden k\u00f6nnen. Das Telefon fordert Sie m\u00f6glicherweise auf, einige zus\u00e4tzliche Einstellungen vorzunehmen.","product_veelgestelde_vragen":[{"vraag":"Welche SIM-Karte sollte man in S\u00fcdkorea verwenden?","antwoord":"F\u00fcr einen kurzen Aufenthalt von ein paar Tagen ben\u00f6tigen Sie wahrscheinlich nicht so viele Daten. Das 10-GB-Datenpaket f\u00fcr S\u00fcdkorea kann dann ausreichend sein. Anwendungen wie Whatsapp, Instagram und Navigation verbrauchen nicht viele Daten. Wenn Sie l\u00e4nger bleiben, kann es sinnvoll sein, Unlimited zu w\u00e4hlen, damit Sie auf jeden Fall genug Daten haben. Die Unlimited SIM-Karte bietet auch unbegrenzte Anrufe innerhalb S\u00fcdkoreas."},{"vraag":"Wo kann ich eine SIM-Karte f\u00fcr S\u00fcdkorea kaufen?","antwoord":"Kaufen Sie eine SIM-Karte f\u00fcr S\u00fcdkorea bei Airport Telecom Schiphol. Sie k\u00f6nnen sie im Gesch\u00e4ft abholen. Oder bestellen Sie online und die SIM-Karte wird Ihnen kostenlos nach Hause geliefert."}]},"yoast_head":"<!-- This site is optimized with the Yoast SEO Premium plugin v24.4 (Yoast SEO v26.9) - https:\/\/yoast.com\/product\/yoast-seo-premium-wordpress\/ -->\n<title>SIM-Karte S\u00fcdkorea kaufen f\u00fcr prepaid (unbegrenzt) telefonieren und internet - Airport Telecom DE<\/title>\n<meta name=\"description\" content=\"Auf der Suche nach einem Prepaid SIM-Karte S\u00fcdkorea f\u00fcr (unbegrenzte) Anrufe und Internet? Optimale Erreichbarkeit auf Reisen in SIM-Karte Asien. Jetzt im Verkauf bei !\" \/>\n<meta name=\"robots\" content=\"index, follow, max-snippet:-1, max-image-preview:large, max-video-preview:-1\" \/>\n<link rel=\"canonical\" href=\"https:\/\/airporttelecom.com\/de\/sim-karte\/sudkorea\/\" \/>\n<meta property=\"og:locale\" content=\"de_DE\" \/>\n<meta property=\"og:type\" content=\"article\" \/>\n<meta property=\"og:title\" content=\"SIM-Karte S\u00fcdkorea\" \/>\n<meta property=\"og:description\" content=\"Auf der Suche nach einem Prepaid SIM-Karte S\u00fcdkorea f\u00fcr (unbegrenzte) Anrufe und Internet? Optimale Erreichbarkeit auf Reisen in SIM-Karte Asien. Jetzt im Verkauf bei !\" \/>\n<meta property=\"og:url\" content=\"https:\/\/airporttelecom.com\/de\/sim-karte\/sudkorea\/\" \/>\n<meta property=\"og:site_name\" content=\"Airport Telecom DE\" \/>\n<meta property=\"article:modified_time\" content=\"2025-09-29T11:26:31+00:00\" \/>\n<meta property=\"og:image\" content=\"https:\/\/airporttelecom.com\/de\/wp-content\/uploads\/sites\/6\/2024\/06\/Simkaart-Zuid-Korea.png?wsr\" \/>\n\t<meta property=\"og:image:width\" content=\"800\" \/>\n\t<meta property=\"og:image:height\" content=\"318\" \/>\n\t<meta property=\"og:image:type\" content=\"image\/png\" \/>\n<meta name=\"twitter:card\" content=\"summary_large_image\" \/>\n<meta name=\"twitter:label1\" content=\"Gesch\u00e4tzte Lesezeit\" \/>\n\t<meta name=\"twitter:data1\" content=\"1\u00a0Minute\" \/>\n<script type=\"application\/ld+json\" class=\"yoast-schema-graph\">{\"@context\":\"https:\/\/schema.org\",\"@graph\":[{\"@type\":\"WebPage\",\"@id\":\"https:\/\/airporttelecom.com\/de\/sim-karte\/sudkorea\/\",\"url\":\"https:\/\/airporttelecom.com\/de\/sim-karte\/sudkorea\/\",\"name\":\"SIM-Karte S\u00fcdkorea kaufen f\u00fcr prepaid (unbegrenzt) telefonieren und internet - Airport Telecom DE\",\"isPartOf\":{\"@id\":\"https:\/\/airporttelecom.com\/de\/#website\"},\"primaryImageOfPage\":{\"@id\":\"https:\/\/airporttelecom.com\/de\/sim-karte\/sudkorea\/#primaryimage\"},\"image\":{\"@id\":\"https:\/\/airporttelecom.com\/de\/sim-karte\/sudkorea\/#primaryimage\"},\"thumbnailUrl\":\"https:\/\/airporttelecom.com\/de\/wp-content\/uploads\/sites\/6\/2024\/06\/Simkaart-Zuid-Korea.png\",\"datePublished\":\"2024-06-18T13:57:40+00:00\",\"dateModified\":\"2025-09-29T11:26:31+00:00\",\"description\":\"Auf der Suche nach einem Prepaid SIM-Karte S\u00fcdkorea f\u00fcr (unbegrenzte) Anrufe und Internet? Optimale Erreichbarkeit auf Reisen in SIM-Karte Asien. Jetzt im Verkauf bei !\",\"breadcrumb\":{\"@id\":\"https:\/\/airporttelecom.com\/de\/sim-karte\/sudkorea\/#breadcrumb\"},\"inLanguage\":\"de\",\"potentialAction\":[{\"@type\":\"ReadAction\",\"target\":[\"https:\/\/airporttelecom.com\/de\/sim-karte\/sudkorea\/\"]}]},{\"@type\":\"ImageObject\",\"inLanguage\":\"de\",\"@id\":\"https:\/\/airporttelecom.com\/de\/sim-karte\/sudkorea\/#primaryimage\",\"url\":\"https:\/\/airporttelecom.com\/de\/wp-content\/uploads\/sites\/6\/2024\/06\/Simkaart-Zuid-Korea.png\",\"contentUrl\":\"https:\/\/airporttelecom.com\/de\/wp-content\/uploads\/sites\/6\/2024\/06\/Simkaart-Zuid-Korea.png\",\"width\":800,\"height\":318,\"caption\":\"S\u00fcdkorea SIM-Karte\"},{\"@type\":\"BreadcrumbList\",\"@id\":\"https:\/\/airporttelecom.com\/de\/sim-karte\/sudkorea\/#breadcrumb\",\"itemListElement\":[{\"@type\":\"ListItem\",\"position\":1,\"name\":\"Home\",\"item\":\"https:\/\/airporttelecom.com\/de\/\"},{\"@type\":\"ListItem\",\"position\":2,\"name\":\"SIM-Karte\",\"item\":\"https:\/\/airporttelecom.com\/de\/sim-karte\/\"},{\"@type\":\"ListItem\",\"position\":3,\"name\":\"SIM-Karte S\u00fcdkorea\"}]},{\"@type\":\"WebSite\",\"@id\":\"https:\/\/airporttelecom.com\/de\/#website\",\"url\":\"https:\/\/airporttelecom.com\/de\/\",\"name\":\"Airport Telecom\",\"description\":\"\",\"publisher\":{\"@id\":\"https:\/\/airporttelecom.com\/de\/#organization\"},\"potentialAction\":[{\"@type\":\"SearchAction\",\"target\":{\"@type\":\"EntryPoint\",\"urlTemplate\":\"https:\/\/airporttelecom.com\/de\/?s={search_term_string}\"},\"query-input\":{\"@type\":\"PropertyValueSpecification\",\"valueRequired\":true,\"valueName\":\"search_term_string\"}}],\"inLanguage\":\"de\"},{\"@type\":\"Organization\",\"@id\":\"https:\/\/airporttelecom.com\/de\/#organization\",\"name\":\"Airport Telecom\",\"url\":\"https:\/\/airporttelecom.com\/de\/\",\"logo\":{\"@type\":\"ImageObject\",\"inLanguage\":\"de\",\"@id\":\"https:\/\/airporttelecom.com\/de\/#\/schema\/logo\/image\/\",\"url\":\"https:\/\/airporttelecom.com\/de\/wp-content\/uploads\/sites\/6\/2024\/06\/icon.png?wsr\",\"contentUrl\":\"https:\/\/airporttelecom.com\/de\/wp-content\/uploads\/sites\/6\/2024\/06\/icon.png?wsr\",\"width\":110,\"height\":110,\"caption\":\"Airport Telecom\"},\"image\":{\"@id\":\"https:\/\/airporttelecom.com\/de\/#\/schema\/logo\/image\/\"}}]}<\/script>\n<!-- \/ Yoast SEO Premium plugin. -->","yoast_head_json":{"title":"SIM-Karte S\u00fcdkorea kaufen f\u00fcr prepaid (unbegrenzt) telefonieren und internet - Airport Telecom DE","description":"Auf der Suche nach einem Prepaid SIM-Karte S\u00fcdkorea f\u00fcr (unbegrenzte) Anrufe und Internet? Optimale Erreichbarkeit auf Reisen in SIM-Karte Asien. Jetzt im Verkauf bei !","robots":{"index":"index","follow":"follow","max-snippet":"max-snippet:-1","max-image-preview":"max-image-preview:large","max-video-preview":"max-video-preview:-1"},"canonical":"https:\/\/airporttelecom.com\/de\/sim-karte\/sudkorea\/","og_locale":"de_DE","og_type":"article","og_title":"SIM-Karte S\u00fcdkorea","og_description":"Auf der Suche nach einem Prepaid SIM-Karte S\u00fcdkorea f\u00fcr (unbegrenzte) Anrufe und Internet? Optimale Erreichbarkeit auf Reisen in SIM-Karte Asien. Jetzt im Verkauf bei !","og_url":"https:\/\/airporttelecom.com\/de\/sim-karte\/sudkorea\/","og_site_name":"Airport Telecom DE","article_modified_time":"2025-09-29T11:26:31+00:00","og_image":[{"width":800,"height":318,"url":"https:\/\/airporttelecom.com\/de\/wp-content\/uploads\/sites\/6\/2024\/06\/Simkaart-Zuid-Korea.png?wsr","type":"image\/png"}],"twitter_card":"summary_large_image","twitter_misc":{"Gesch\u00e4tzte Lesezeit":"1\u00a0Minute"},"schema":{"@context":"https:\/\/schema.org","@graph":[{"@type":"WebPage","@id":"https:\/\/airporttelecom.com\/de\/sim-karte\/sudkorea\/","url":"https:\/\/airporttelecom.com\/de\/sim-karte\/sudkorea\/","name":"SIM-Karte S\u00fcdkorea kaufen f\u00fcr prepaid (unbegrenzt) telefonieren und internet - Airport Telecom DE","isPartOf":{"@id":"https:\/\/airporttelecom.com\/de\/#website"},"primaryImageOfPage":{"@id":"https:\/\/airporttelecom.com\/de\/sim-karte\/sudkorea\/#primaryimage"},"image":{"@id":"https:\/\/airporttelecom.com\/de\/sim-karte\/sudkorea\/#primaryimage"},"thumbnailUrl":"https:\/\/airporttelecom.com\/de\/wp-content\/uploads\/sites\/6\/2024\/06\/Simkaart-Zuid-Korea.png","datePublished":"2024-06-18T13:57:40+00:00","dateModified":"2025-09-29T11:26:31+00:00","description":"Auf der Suche nach einem Prepaid SIM-Karte S\u00fcdkorea f\u00fcr (unbegrenzte) Anrufe und Internet? Optimale Erreichbarkeit auf Reisen in SIM-Karte Asien. Jetzt im Verkauf bei !","breadcrumb":{"@id":"https:\/\/airporttelecom.com\/de\/sim-karte\/sudkorea\/#breadcrumb"},"inLanguage":"de","potentialAction":[{"@type":"ReadAction","target":["https:\/\/airporttelecom.com\/de\/sim-karte\/sudkorea\/"]}]},{"@type":"ImageObject","inLanguage":"de","@id":"https:\/\/airporttelecom.com\/de\/sim-karte\/sudkorea\/#primaryimage","url":"https:\/\/airporttelecom.com\/de\/wp-content\/uploads\/sites\/6\/2024\/06\/Simkaart-Zuid-Korea.png","contentUrl":"https:\/\/airporttelecom.com\/de\/wp-content\/uploads\/sites\/6\/2024\/06\/Simkaart-Zuid-Korea.png","width":800,"height":318,"caption":"S\u00fcdkorea SIM-Karte"},{"@type":"BreadcrumbList","@id":"https:\/\/airporttelecom.com\/de\/sim-karte\/sudkorea\/#breadcrumb","itemListElement":[{"@type":"ListItem","position":1,"name":"Home","item":"https:\/\/airporttelecom.com\/de\/"},{"@type":"ListItem","position":2,"name":"SIM-Karte","item":"https:\/\/airporttelecom.com\/de\/sim-karte\/"},{"@type":"ListItem","position":3,"name":"SIM-Karte S\u00fcdkorea"}]},{"@type":"WebSite","@id":"https:\/\/airporttelecom.com\/de\/#website","url":"https:\/\/airporttelecom.com\/de\/","name":"Airport Telecom","description":"","publisher":{"@id":"https:\/\/airporttelecom.com\/de\/#organization"},"potentialAction":[{"@type":"SearchAction","target":{"@type":"EntryPoint","urlTemplate":"https:\/\/airporttelecom.com\/de\/?s={search_term_string}"},"query-input":{"@type":"PropertyValueSpecification","valueRequired":true,"valueName":"search_term_string"}}],"inLanguage":"de"},{"@type":"Organization","@id":"https:\/\/airporttelecom.com\/de\/#organization","name":"Airport Telecom","url":"https:\/\/airporttelecom.com\/de\/","logo":{"@type":"ImageObject","inLanguage":"de","@id":"https:\/\/airporttelecom.com\/de\/#\/schema\/logo\/image\/","url":"https:\/\/airporttelecom.com\/de\/wp-content\/uploads\/sites\/6\/2024\/06\/icon.png?wsr","contentUrl":"https:\/\/airporttelecom.com\/de\/wp-content\/uploads\/sites\/6\/2024\/06\/icon.png?wsr","width":110,"height":110,"caption":"Airport Telecom"},"image":{"@id":"https:\/\/airporttelecom.com\/de\/#\/schema\/logo\/image\/"}}]}},"_links":{"self":[{"href":"https:\/\/airporttelecom.com\/de\/wp-json\/wp\/v2\/product\/299","targetHints":{"allow":["GET"]}}],"collection":[{"href":"https:\/\/airporttelecom.com\/de\/wp-json\/wp\/v2\/product"}],"about":[{"href":"https:\/\/airporttelecom.com\/de\/wp-json\/wp\/v2\/types\/product"}],"replies":[{"embeddable":true,"href":"https:\/\/airporttelecom.com\/de\/wp-json\/wp\/v2\/comments?post=299"}],"wp:featuredmedia":[{"embeddable":true,"href":"https:\/\/airporttelecom.com\/de\/wp-json\/wp\/v2\/media\/717"}],"wp:attachment":[{"href":"https:\/\/airporttelecom.com\/de\/wp-json\/wp\/v2\/media?parent=299"}],"wp:term":[{"taxonomy":"product_brand","embeddable":true,"href":"https:\/\/airporttelecom.com\/de\/wp-json\/wp\/v2\/product_brand?post=299"},{"taxonomy":"product_cat","embeddable":true,"href":"https:\/\/airporttelecom.com\/de\/wp-json\/wp\/v2\/product_cat?post=299"},{"taxonomy":"product_tag","embeddable":true,"href":"https:\/\/airporttelecom.com\/de\/wp-json\/wp\/v2\/product_tag?post=299"}],"curies":[{"name":"wp","href":"https:\/\/api.w.org\/{rel}","templated":true}]}}