{"id":324,"date":"2024-06-18T14:07:48","date_gmt":"2024-06-18T14:07:48","guid":{"rendered":"https:\/\/airporttelecom.outperforming.nl\/nl\/?post_type=product&#038;p=324"},"modified":"2025-09-29T11:26:29","modified_gmt":"2025-09-29T11:26:29","slug":"sim-karte-brunei","status":"publish","type":"product","link":"https:\/\/airporttelecom.com\/de\/sim-karte\/brunei\/","title":{"rendered":"SIM-Karte Brunei"},"content":{"rendered":"","protected":false},"excerpt":{"rendered":"","protected":false},"featured_media":1029,"comment_status":"open","ping_status":"closed","template":"","meta":{"_acf_changed":false},"product_brand":[],"product_cat":[17],"product_tag":[28],"class_list":{"0":"post-324","1":"product","2":"type-product","3":"status-publish","4":"has-post-thumbnail","6":"product_cat-sim-karte","7":"product_tag-sim-karte-asien","9":"first","10":"instock","11":"taxable","12":"shipping-taxable","13":"purchasable","14":"product-type-variable"},"acf":{"gebied_afbeelding":574,"vlag_afbeelding":325,"provider":["BIC"],"product_synoniemen":null,"product_bestel_velden":"","product_omschrijving":"<h2>Mobilfunkabdeckung mit einer SIM-Karte f\u00fcr Brunei<\/h2>\r\nMit den Prepaid-SIM-Karten Brunei von Airport Telecom k\u00f6nnen Sie mobiles Internet in ganz Brunei nutzen. Sie k\u00f6nnen aus verschiedenen Datenpaketen w\u00e4hlen. Diese Pakete eignen sich sehr gut f\u00fcr die Internetnutzung und erm\u00f6glichen Ihnen den Zugang zu E-Mail, Whatsapp, Navigation und anderen Internetanwendungen \u00fcber eine schnelle 4G\/5G-Verbindung.\r\n<h2>Daten und Anrufe auf Reisen in Brunei<\/h2>\r\nDie SIM-Karten f\u00fcr Brunei werden mit einem 3GB, 6GB und 10GB Datenpaket geliefert.\r\n\r\n&nbsp;\r\n<h2>Whatsapp mit Simkarte Brunei<\/h2>\r\nAlle internetbasierten Anrufe wie Whatsapp, Skype und FaceTime sind nat\u00fcrlich auch mit den SIM-Karten f\u00fcr Brunei m\u00f6glich. Sie nutzen dann das auf der SIM-Karte befindliche Datenb\u00fcndel. Whatsapp k\u00f6nnen Sie jederzeit mit Ihren eigenen bestehenden Kontakten, Gruppen und Chats weiter nutzen. Nach dem Einlegen einer Prepaid-SIM-Karte kann es sein, dass Whatsapp Sie fragt, ob Sie eine neue Identit\u00e4t anlegen wollen oder ob alles so bleiben soll, wie es war. W\u00e4hlen Sie in diesem Fall Letzteres, dann \u00e4ndert sich nichts. Sie k\u00f6nnen dann wie gewohnt mit Whatsapp Nachrichten versenden und Anrufe t\u00e4tigen.\r\n<h2>Abdeckung in Brunei<\/h2>\r\nDie Abdeckung der Mobilfunknetze ist in Brunei, das sich auf der Insel Borneo befindet, im Allgemeinen ausgezeichnet. Das gilt vor allem f\u00fcr die St\u00e4dte. In sehr abgelegenen Naturgebieten kann die Netzabdeckung etwas schlechter sein. Ansonsten gibt es in allen D\u00f6rfern und St\u00e4dten eine gute Netzabdeckung mit Brunei-SIM-Karten.\r\n<h2>Kostenlose Lieferung nach Hause<\/h2>\r\n<span data-contrast=\"auto\">Die Simkarte Brunei\u00a0 wird Ihnen in Deutschland kostenlos nach Hause geliefert. Wenn Sie an Werktagen vor 14.00 Uhr bestellen, versenden wir noch am selben Tag per Post. Normalerweise erfolgt die Lieferung dann innerhalb von drei bis vier Werktagen. Brauchen Sie es schneller? W\u00e4hlen Sie dann die eSIM aus, die Ihnen per E-Mail zugesandt wird.<\/span>\r\n\r\n&nbsp;","product_specificaties":"<h2>Vorteile SIM-Karte Brunei<\/h2>\r\nDie SIM-Karte Brunei ist f\u00fcr Hotspot- und MIFI-Ger\u00e4te geeignet.\r\n\r\nDie SIM-Karte ist in allen Gr\u00f6\u00dfen erh\u00e4ltlich (mini, micro und nano) und passt in jedes Telefon.\r\n<h2>Daten &amp; Anrufe in Brunei<\/h2>\r\nEs gibt dreiVarianten der Simkarte Brunei:\r\n\r\n3GB Daten \u20ac44,=\r\n\r\n6GB Daten \u20ac79,=\r\n\r\n10GB Daten \u20ac129,=\r\n\r\n&nbsp;\r\n\r\nDie Datenpakete sind nach Aktivierung 30 Tage lang g\u00fcltig.","product_handleiding":"<h2>Wie installiere ich die Brunei-SIM-Karte in meinem Telefon?<\/h2>\r\n\u00d6ffnen Sie den Schieber an der Seite des Telefons. Dazu k\u00f6nnen Sie den mit dem Telefon gelieferten Stift verwenden. Wenn Sie diesen nicht haben, k\u00f6nnen Sie ihn durch Biegen einer B\u00fcroklammer herstellen. Ein zus\u00e4tzlicher Stift wird auch mit den SIM-Karten von Airport Telecom geliefert.\r\n\r\nEntnehmen Sie Ihre eigene SIM-Karte und bewahren Sie sie sicher auf! Legen Sie nun die neue SIM-Karte ein. Das kann nur auf eine Weise geschehen. Vielleicht haben Sie ein Telefon, das mehrere SIM-Karten aufnehmen kann. Legen Sie die neue SIM-Karte wie eine zus\u00e4tzliche Karte ein.\r\n\r\nSchieben Sie den SIM-Kartenschieber wieder in das Telefon. Sie sollten nun automatisch die neue SIM-Karte verwenden k\u00f6nnen. Das Telefon fordert Sie m\u00f6glicherweise auf, einige zus\u00e4tzliche Einstellungen vorzunehmen.","product_veelgestelde_vragen":[{"vraag":"Welche SIM-Karte sollte man in Brunei verwenden?","antwoord":"F\u00fcr einen kurzen Aufenthalt von ein paar Tagen ben\u00f6tigen Sie wahrscheinlich nicht so viele Daten. Das 3-GB-Datenpaket f\u00fcr Brunei kann dann ausreichend sein. Anwendungen wie Whatsapp, Instagram und Navigation verbrauchen nicht viele Daten. Wenn Sie l\u00e4nger bleiben, kann es sinnvoll sein, sich f\u00fcr 6 oder 10 GB zu entscheiden, damit Sie auf jeden Fall genug Daten haben."},{"vraag":"Wo kann ich eine SIM-Karte f\u00fcr Brunei kaufen?","antwoord":"Kaufen Sie eine SIM-Karte f\u00fcr Brunei bei Airport Telecom Schiphol. Sie k\u00f6nnen sie im Gesch\u00e4ft abholen. Oder bestellen Sie online und die SIM-Karte wird Ihnen kostenlos nach Hause geliefert."}]},"yoast_head":"<!-- This site is optimized with the Yoast SEO Premium plugin v24.4 (Yoast SEO v27.3) - https:\/\/yoast.com\/product\/yoast-seo-premium-wordpress\/ -->\n<title>SIM-Karte Brunei kaufen f\u00fcr prepaid (unbegrenzt) telefonieren und internet - Airport Telecom DE<\/title>\n<meta name=\"description\" content=\"Auf der Suche nach einem Prepaid SIM-Karte Brunei f\u00fcr (unbegrenzte) Anrufe und Internet? Optimale Erreichbarkeit auf Reisen in SIM-Karte Asien. Jetzt im Verkauf bei !\" \/>\n<meta name=\"robots\" content=\"index, follow, max-snippet:-1, max-image-preview:large, max-video-preview:-1\" \/>\n<link rel=\"canonical\" href=\"https:\/\/airporttelecom.com\/de\/sim-karte\/brunei\/\" \/>\n<meta property=\"og:locale\" content=\"de_DE\" \/>\n<meta property=\"og:type\" content=\"article\" \/>\n<meta property=\"og:title\" content=\"SIM-Karte Brunei\" \/>\n<meta property=\"og:description\" content=\"Auf der Suche nach einem Prepaid SIM-Karte Brunei f\u00fcr (unbegrenzte) Anrufe und Internet? Optimale Erreichbarkeit auf Reisen in SIM-Karte Asien. Jetzt im Verkauf bei !\" \/>\n<meta property=\"og:url\" content=\"https:\/\/airporttelecom.com\/de\/sim-karte\/brunei\/\" \/>\n<meta property=\"og:site_name\" content=\"Airport Telecom DE\" \/>\n<meta property=\"article:modified_time\" content=\"2025-09-29T11:26:29+00:00\" \/>\n<meta property=\"og:image\" content=\"https:\/\/airporttelecom.com\/de\/wp-content\/uploads\/sites\/6\/2024\/06\/Simkaart-Brunei.png?wsr\" \/>\n\t<meta property=\"og:image:width\" content=\"800\" \/>\n\t<meta property=\"og:image:height\" content=\"316\" \/>\n\t<meta property=\"og:image:type\" content=\"image\/png\" \/>\n<meta name=\"twitter:card\" content=\"summary_large_image\" \/>\n<meta name=\"twitter:label1\" content=\"Gesch\u00e4tzte Lesezeit\" \/>\n\t<meta name=\"twitter:data1\" content=\"1\u00a0Minute\" \/>\n<script type=\"application\/ld+json\" class=\"yoast-schema-graph\">{\"@context\":\"https:\\\/\\\/schema.org\",\"@graph\":[{\"@type\":\"WebPage\",\"@id\":\"https:\\\/\\\/airporttelecom.com\\\/de\\\/sim-karte\\\/brunei\\\/\",\"url\":\"https:\\\/\\\/airporttelecom.com\\\/de\\\/sim-karte\\\/brunei\\\/\",\"name\":\"SIM-Karte Brunei kaufen f\u00fcr prepaid (unbegrenzt) telefonieren und internet - Airport Telecom DE\",\"isPartOf\":{\"@id\":\"https:\\\/\\\/airporttelecom.com\\\/de\\\/#website\"},\"primaryImageOfPage\":{\"@id\":\"https:\\\/\\\/airporttelecom.com\\\/de\\\/sim-karte\\\/brunei\\\/#primaryimage\"},\"image\":{\"@id\":\"https:\\\/\\\/airporttelecom.com\\\/de\\\/sim-karte\\\/brunei\\\/#primaryimage\"},\"thumbnailUrl\":\"https:\\\/\\\/airporttelecom.com\\\/de\\\/wp-content\\\/uploads\\\/sites\\\/6\\\/2024\\\/06\\\/Simkaart-Brunei.png\",\"datePublished\":\"2024-06-18T14:07:48+00:00\",\"dateModified\":\"2025-09-29T11:26:29+00:00\",\"description\":\"Auf der Suche nach einem Prepaid SIM-Karte Brunei f\u00fcr (unbegrenzte) Anrufe und Internet? Optimale Erreichbarkeit auf Reisen in SIM-Karte Asien. Jetzt im Verkauf bei !\",\"breadcrumb\":{\"@id\":\"https:\\\/\\\/airporttelecom.com\\\/de\\\/sim-karte\\\/brunei\\\/#breadcrumb\"},\"inLanguage\":\"de\",\"potentialAction\":[{\"@type\":\"ReadAction\",\"target\":[\"https:\\\/\\\/airporttelecom.com\\\/de\\\/sim-karte\\\/brunei\\\/\"]}]},{\"@type\":\"ImageObject\",\"inLanguage\":\"de\",\"@id\":\"https:\\\/\\\/airporttelecom.com\\\/de\\\/sim-karte\\\/brunei\\\/#primaryimage\",\"url\":\"https:\\\/\\\/airporttelecom.com\\\/de\\\/wp-content\\\/uploads\\\/sites\\\/6\\\/2024\\\/06\\\/Simkaart-Brunei.png\",\"contentUrl\":\"https:\\\/\\\/airporttelecom.com\\\/de\\\/wp-content\\\/uploads\\\/sites\\\/6\\\/2024\\\/06\\\/Simkaart-Brunei.png\",\"width\":800,\"height\":316,\"caption\":\"Sim-Karte Brunei\"},{\"@type\":\"BreadcrumbList\",\"@id\":\"https:\\\/\\\/airporttelecom.com\\\/de\\\/sim-karte\\\/brunei\\\/#breadcrumb\",\"itemListElement\":[{\"@type\":\"ListItem\",\"position\":1,\"name\":\"Home\",\"item\":\"https:\\\/\\\/airporttelecom.com\\\/de\\\/\"},{\"@type\":\"ListItem\",\"position\":2,\"name\":\"SIM-Karte\",\"item\":\"https:\\\/\\\/airporttelecom.com\\\/de\\\/sim-karte\\\/\"},{\"@type\":\"ListItem\",\"position\":3,\"name\":\"SIM-Karte Brunei\"}]},{\"@type\":\"WebSite\",\"@id\":\"https:\\\/\\\/airporttelecom.com\\\/de\\\/#website\",\"url\":\"https:\\\/\\\/airporttelecom.com\\\/de\\\/\",\"name\":\"Airport Telecom\",\"description\":\"\",\"publisher\":{\"@id\":\"https:\\\/\\\/airporttelecom.com\\\/de\\\/#organization\"},\"potentialAction\":[{\"@type\":\"SearchAction\",\"target\":{\"@type\":\"EntryPoint\",\"urlTemplate\":\"https:\\\/\\\/airporttelecom.com\\\/de\\\/?s={search_term_string}\"},\"query-input\":{\"@type\":\"PropertyValueSpecification\",\"valueRequired\":true,\"valueName\":\"search_term_string\"}}],\"inLanguage\":\"de\"},{\"@type\":\"Organization\",\"@id\":\"https:\\\/\\\/airporttelecom.com\\\/de\\\/#organization\",\"name\":\"Airport Telecom\",\"url\":\"https:\\\/\\\/airporttelecom.com\\\/de\\\/\",\"logo\":{\"@type\":\"ImageObject\",\"inLanguage\":\"de\",\"@id\":\"https:\\\/\\\/airporttelecom.com\\\/de\\\/#\\\/schema\\\/logo\\\/image\\\/\",\"url\":\"https:\\\/\\\/airporttelecom.com\\\/de\\\/wp-content\\\/uploads\\\/sites\\\/6\\\/2024\\\/06\\\/icon.png?wsr\",\"contentUrl\":\"https:\\\/\\\/airporttelecom.com\\\/de\\\/wp-content\\\/uploads\\\/sites\\\/6\\\/2024\\\/06\\\/icon.png?wsr\",\"width\":110,\"height\":110,\"caption\":\"Airport Telecom\"},\"image\":{\"@id\":\"https:\\\/\\\/airporttelecom.com\\\/de\\\/#\\\/schema\\\/logo\\\/image\\\/\"}}]}<\/script>\n<!-- \/ Yoast SEO Premium plugin. -->","yoast_head_json":{"title":"SIM-Karte Brunei kaufen f\u00fcr prepaid (unbegrenzt) telefonieren und internet - Airport Telecom DE","description":"Auf der Suche nach einem Prepaid SIM-Karte Brunei f\u00fcr (unbegrenzte) Anrufe und Internet? Optimale Erreichbarkeit auf Reisen in SIM-Karte Asien. Jetzt im Verkauf bei !","robots":{"index":"index","follow":"follow","max-snippet":"max-snippet:-1","max-image-preview":"max-image-preview:large","max-video-preview":"max-video-preview:-1"},"canonical":"https:\/\/airporttelecom.com\/de\/sim-karte\/brunei\/","og_locale":"de_DE","og_type":"article","og_title":"SIM-Karte Brunei","og_description":"Auf der Suche nach einem Prepaid SIM-Karte Brunei f\u00fcr (unbegrenzte) Anrufe und Internet? Optimale Erreichbarkeit auf Reisen in SIM-Karte Asien. Jetzt im Verkauf bei !","og_url":"https:\/\/airporttelecom.com\/de\/sim-karte\/brunei\/","og_site_name":"Airport Telecom DE","article_modified_time":"2025-09-29T11:26:29+00:00","og_image":[{"width":800,"height":316,"url":"https:\/\/airporttelecom.com\/de\/wp-content\/uploads\/sites\/6\/2024\/06\/Simkaart-Brunei.png?wsr","type":"image\/png"}],"twitter_card":"summary_large_image","twitter_misc":{"Gesch\u00e4tzte Lesezeit":"1\u00a0Minute"},"schema":{"@context":"https:\/\/schema.org","@graph":[{"@type":"WebPage","@id":"https:\/\/airporttelecom.com\/de\/sim-karte\/brunei\/","url":"https:\/\/airporttelecom.com\/de\/sim-karte\/brunei\/","name":"SIM-Karte Brunei kaufen f\u00fcr prepaid (unbegrenzt) telefonieren und internet - Airport Telecom DE","isPartOf":{"@id":"https:\/\/airporttelecom.com\/de\/#website"},"primaryImageOfPage":{"@id":"https:\/\/airporttelecom.com\/de\/sim-karte\/brunei\/#primaryimage"},"image":{"@id":"https:\/\/airporttelecom.com\/de\/sim-karte\/brunei\/#primaryimage"},"thumbnailUrl":"https:\/\/airporttelecom.com\/de\/wp-content\/uploads\/sites\/6\/2024\/06\/Simkaart-Brunei.png","datePublished":"2024-06-18T14:07:48+00:00","dateModified":"2025-09-29T11:26:29+00:00","description":"Auf der Suche nach einem Prepaid SIM-Karte Brunei f\u00fcr (unbegrenzte) Anrufe und Internet? Optimale Erreichbarkeit auf Reisen in SIM-Karte Asien. Jetzt im Verkauf bei !","breadcrumb":{"@id":"https:\/\/airporttelecom.com\/de\/sim-karte\/brunei\/#breadcrumb"},"inLanguage":"de","potentialAction":[{"@type":"ReadAction","target":["https:\/\/airporttelecom.com\/de\/sim-karte\/brunei\/"]}]},{"@type":"ImageObject","inLanguage":"de","@id":"https:\/\/airporttelecom.com\/de\/sim-karte\/brunei\/#primaryimage","url":"https:\/\/airporttelecom.com\/de\/wp-content\/uploads\/sites\/6\/2024\/06\/Simkaart-Brunei.png","contentUrl":"https:\/\/airporttelecom.com\/de\/wp-content\/uploads\/sites\/6\/2024\/06\/Simkaart-Brunei.png","width":800,"height":316,"caption":"Sim-Karte Brunei"},{"@type":"BreadcrumbList","@id":"https:\/\/airporttelecom.com\/de\/sim-karte\/brunei\/#breadcrumb","itemListElement":[{"@type":"ListItem","position":1,"name":"Home","item":"https:\/\/airporttelecom.com\/de\/"},{"@type":"ListItem","position":2,"name":"SIM-Karte","item":"https:\/\/airporttelecom.com\/de\/sim-karte\/"},{"@type":"ListItem","position":3,"name":"SIM-Karte Brunei"}]},{"@type":"WebSite","@id":"https:\/\/airporttelecom.com\/de\/#website","url":"https:\/\/airporttelecom.com\/de\/","name":"Airport Telecom","description":"","publisher":{"@id":"https:\/\/airporttelecom.com\/de\/#organization"},"potentialAction":[{"@type":"SearchAction","target":{"@type":"EntryPoint","urlTemplate":"https:\/\/airporttelecom.com\/de\/?s={search_term_string}"},"query-input":{"@type":"PropertyValueSpecification","valueRequired":true,"valueName":"search_term_string"}}],"inLanguage":"de"},{"@type":"Organization","@id":"https:\/\/airporttelecom.com\/de\/#organization","name":"Airport Telecom","url":"https:\/\/airporttelecom.com\/de\/","logo":{"@type":"ImageObject","inLanguage":"de","@id":"https:\/\/airporttelecom.com\/de\/#\/schema\/logo\/image\/","url":"https:\/\/airporttelecom.com\/de\/wp-content\/uploads\/sites\/6\/2024\/06\/icon.png?wsr","contentUrl":"https:\/\/airporttelecom.com\/de\/wp-content\/uploads\/sites\/6\/2024\/06\/icon.png?wsr","width":110,"height":110,"caption":"Airport Telecom"},"image":{"@id":"https:\/\/airporttelecom.com\/de\/#\/schema\/logo\/image\/"}}]}},"_links":{"self":[{"href":"https:\/\/airporttelecom.com\/de\/wp-json\/wp\/v2\/product\/324","targetHints":{"allow":["GET"]}}],"collection":[{"href":"https:\/\/airporttelecom.com\/de\/wp-json\/wp\/v2\/product"}],"about":[{"href":"https:\/\/airporttelecom.com\/de\/wp-json\/wp\/v2\/types\/product"}],"replies":[{"embeddable":true,"href":"https:\/\/airporttelecom.com\/de\/wp-json\/wp\/v2\/comments?post=324"}],"wp:featuredmedia":[{"embeddable":true,"href":"https:\/\/airporttelecom.com\/de\/wp-json\/wp\/v2\/media\/1029"}],"wp:attachment":[{"href":"https:\/\/airporttelecom.com\/de\/wp-json\/wp\/v2\/media?parent=324"}],"wp:term":[{"taxonomy":"product_brand","embeddable":true,"href":"https:\/\/airporttelecom.com\/de\/wp-json\/wp\/v2\/product_brand?post=324"},{"taxonomy":"product_cat","embeddable":true,"href":"https:\/\/airporttelecom.com\/de\/wp-json\/wp\/v2\/product_cat?post=324"},{"taxonomy":"product_tag","embeddable":true,"href":"https:\/\/airporttelecom.com\/de\/wp-json\/wp\/v2\/product_tag?post=324"}],"curies":[{"name":"wp","href":"https:\/\/api.w.org\/{rel}","templated":true}]}}