{"id":355,"date":"2024-06-18T15:17:06","date_gmt":"2024-06-18T15:17:06","guid":{"rendered":"https:\/\/airporttelecom.outperforming.nl\/nl\/?post_type=product&#038;p=355"},"modified":"2026-01-22T13:05:08","modified_gmt":"2026-01-22T13:05:08","slug":"sim-karte-sudafrika","status":"publish","type":"product","link":"https:\/\/airporttelecom.com\/de\/sim-karte\/sudafrika\/","title":{"rendered":"SIM-Karte S\u00fcdafrika"},"content":{"rendered":"","protected":false},"excerpt":{"rendered":"","protected":false},"featured_media":1385,"comment_status":"open","ping_status":"closed","template":"","meta":{"_acf_changed":false},"product_brand":[],"product_cat":[17],"product_tag":[30],"class_list":{"0":"post-355","1":"product","2":"type-product","3":"status-publish","4":"has-post-thumbnail","6":"product_cat-sim-karte","7":"product_tag-sim-karte-afrika","9":"first","10":"instock","11":"taxable","12":"shipping-taxable","13":"purchasable","14":"product-type-variable","15":"has-default-attributes"},"acf":{"gebied_afbeelding":1884,"vlag_afbeelding":356,"provider":["NEX"],"product_synoniemen":null,"product_bestel_velden":["vertrekdatum"],"product_omschrijving":"<h2>Mobilfunkabdeckung in S\u00fcdafrika mit SIM-Karte S\u00fcdafrika<\/h2>\r\nMit den Prepaid-SIM-Karten S\u00fcdafrika von Airport Telecom k\u00f6nnen Sie in ganz S\u00fcdafrika telefonieren und mobiles Internet nutzen. Sie k\u00f6nnen zwischen einem 10GB und einem Unlimited Datenpaket w\u00e4hlen. Diese Pakete eignen sich hervorragend f\u00fcr die Internetnutzung und bieten Ihnen einfachen Zugang zu E-Mail, Whatsapp, Navigation und anderen Internetanwendungen.\r\n<h2>Daten und Anrufe auf Reisen in S\u00fcdafrika<\/h2>\r\nDie SIM-Karten haben eine s\u00fcdafrikanische (+27) Rufnummer. Die 10GB-Karte enth\u00e4lt 500 Minuten f\u00fcr Ortsgespr\u00e4che. Die Unlimited-Karte umfasst unbegrenzte Ortsgespr\u00e4chsminuten. Dies kann sehr praktisch sein, um zum Beispiel Hotels und Restaurants in S\u00fcdafrika anzurufen.\r\n<h2>Whatsapp mit S\u00fcdafrika SIM-Karte<\/h2>\r\nAlle Gespr\u00e4che, die \u00fcber das Internet laufen, wie z.B. mit Whatsapp, Skype, Facetime etc. sind nat\u00fcrlich auch m\u00f6glich. Immerhin nutzen Sie dann das Datenpaket auf der SIM-Karte. Wie alle anderen Apps k\u00f6nnen Sie Whatsapp wie gewohnt weiter nutzen. Sobald WhatsApp merkt, dass sich eine andere SIM-Karte in Ihrem Telefon befindet, fragt Whatsapp, ob Sie ein neues Konto anlegen wollen oder ob alles so bleiben soll wie bisher. Wenn Sie sich f\u00fcr Letzteres entscheiden, \u00e4ndert sich bei Whatsapp \u00fcberhaupt nichts. Sie behalten dann einfach Ihre bestehende WhatsApp-Identit\u00e4t mit allen Kontakten, Gruppen und Chats.\r\n<h2>Abdeckung in S\u00fcdafrika<\/h2>\r\nDie Mobilfunknetzabdeckung in S\u00fcdafrika ist im Allgemeinen gut. Das gilt vor allem f\u00fcr die gro\u00dfen s\u00fcdafrikanischen St\u00e4dte wie Kapstadt, Pretoria, Bloemfontein, Johannesburg, Durban und Port Elisabeth. Auch in anderen, dichter besiedelten Gebieten ist die Netzabdeckung hervorragend. Es sollte jedoch bedacht werden, dass S\u00fcdafrika ein gro\u00dfes Land ist, das auch abgelegene Gebiete umfasst. In solchen weniger besiedelten Gebieten kann die Mobilfunkabdeckung nicht oder nur eingeschr\u00e4nkt vorhanden sein. Das gilt zum Beispiel auch f\u00fcr Nationalparks wie den Kr\u00fcgerpark. Der Tafelberg und das Kap der Guten Hoffnung liegen in der N\u00e4he von Kapstadt, so dass auch dort eine gute Abdeckung f\u00fcr Anrufe und Internet mit der s\u00fcdafrikanischen SIM-Karte besteht.\r\n<h2>Kostenlose Lieferung nach Hause<\/h2>\r\n<span data-contrast=\"auto\">Die Simkarte S\u00fcdafrika wird Ihnen in Deutschland kostenlos nach Hause geliefert. Wenn Sie an Werktagen vor 14.00 Uhr bestellen, versenden wir noch am selben Tag per Post. Normalerweise erfolgt die Lieferung dann innerhalb von drei bis vier Werktagen. Brauchen Sie es schneller? W\u00e4hlen Sie dann die <a href=\"https:\/\/airporttelecom.com\/de\/esim\/sudafrika\/\">eSIM<\/a> aus, die Ihnen per E-Mail zugesandt wird.<\/span>\r\n\r\n.","product_specificaties":"<h2>Vorteile Sim-Karte S\u00fcdafrika<\/h2>\r\nDie SIM-Karte ist in allen Gr\u00f6\u00dfen erh\u00e4ltlich (mini, micro und nano) und passt in jedes Telefon.\r\n\r\n.\r\n\r\nErreichbar in S\u00fcdafrika unter einer s\u00fcdafrikanischen (+27) Rufnummer.\r\n\r\nDie S\u00fcdafrika-SIM-Karte ist nicht f\u00fcr Hotspot- und MIFI-Ger\u00e4te geeignet.\r\n\r\n.\r\n\r\nHolen Sie Ihre SIM-Karte bei der Abreise am Schiphol Plaza ab oder lassen Sie sich die SIM-Karte kostenlos nach Hause liefern.\r\n\r\n.\r\n<h2>Daten &amp; Telefonieren in S\u00fcdafrika<\/h2>\r\nDie S\u00fcdafrika-SIM-Karte gibt es in zwei Varianten:\r\n<h3>10GB Daten Euro 59,=<\/h3>\r\ninkl. 10GB Daten\r\n\r\ninkl. 500 Ortsgespr\u00e4chsminuten\r\n<h3>Unbegrenzte Daten Euro 89,=<\/h3>\r\ninkl. unbegrenzte Daten\r\n\r\ninkl. unbegrenzte Ortsgespr\u00e4che\r\n\r\nDie Datenpakete sind nach Aktivierung 30 Tage lang g\u00fcltig.","product_handleiding":"<h2>Wie installiere ich die SIM-Karte f\u00fcr S\u00fcdafrika in meinem Telefon?<\/h2>\r\n\u00d6ffnen Sie den Schieber an der Seite des Telefons. Dazu k\u00f6nnen Sie den mit dem Telefon gelieferten Stift verwenden. Wenn Sie diesen nicht haben, k\u00f6nnen Sie ihn durch Biegen einer B\u00fcroklammer herstellen. Ein zus\u00e4tzlicher Stift wird auch mit den SIM-Karten von Airport Telecom geliefert.\r\n\r\nEntnehmen Sie Ihre eigene SIM-Karte und bewahren Sie sie sicher auf! Legen Sie nun die neue SIM-Karte ein. Das kann nur auf eine Weise geschehen. Vielleicht haben Sie ein Telefon, das mehrere SIM-Karten aufnehmen kann. Legen Sie die neue SIM-Karte wie eine zus\u00e4tzliche Karte ein.\r\n\r\nSchieben Sie den SIM-Kartenschieber wieder in das Telefon. Sie sollten nun automatisch die neue SIM-Karte verwenden k\u00f6nnen. Das Telefon fordert Sie m\u00f6glicherweise auf, einige zus\u00e4tzliche Einstellungen vorzunehmen.","product_veelgestelde_vragen":[{"vraag":"Welche SIM-Karte sollte man in S\u00fcdafrika verwenden?","antwoord":"F\u00fcr einen kurzen Aufenthalt von ein paar Tagen ben\u00f6tigen Sie wahrscheinlich nicht so viele Daten. Das 10-GB-Datenpaket f\u00fcr S\u00fcdafrika kann dann ausreichend sein. Anwendungen wie Whatsapp, Instagram und Navigation verbrauchen nicht viele Daten. Wenn Sie l\u00e4nger bleiben, kann es sinnvoll sein, Unlimited zu w\u00e4hlen, damit Sie auf jeden Fall genug Daten haben. Die Unlimited SIM-Karte bietet auch unbegrenzte Anrufe innerhalb S\u00fcdafrikas."},{"vraag":"Wo kann ich eine SIM-Karte f\u00fcr S\u00fcdafrika kaufen?","antwoord":"Kaufen Sie eine SIM-Karte f\u00fcr S\u00fcdafrika bei Airport Telecom Schiphol. Sie k\u00f6nnen sie im Gesch\u00e4ft abholen. Oder bestellen Sie online und die SIM-Karte wird Ihnen kostenlos nach Hause geliefert."},{"vraag":"Verf\u00fcgt die physische SIM-Karte, die Sie f\u00fcr S\u00fcdafrika verkaufen, \u00fcber eine lokale Telefonnummer?","antwoord":"Ja, die physischen SIM-Karten, die wir f\u00fcr S\u00fcdafrika verkaufen, haben eine lokale Telefonnummer."}]},"yoast_head":"<!-- This site is optimized with the Yoast SEO Premium plugin v24.4 (Yoast SEO v26.9) - https:\/\/yoast.com\/product\/yoast-seo-premium-wordpress\/ -->\n<title>SIM-Karte S\u00fcdafrika kaufen f\u00fcr prepaid (unbegrenzt) telefonieren und internet - Airport Telecom DE<\/title>\n<meta name=\"description\" content=\"Auf der Suche nach einem Prepaid SIM-Karte S\u00fcdafrika f\u00fcr (unbegrenzte) Anrufe und Internet? Optimale Erreichbarkeit auf Reisen in SIM-Karte Afrika. Jetzt im Verkauf bei !\" \/>\n<meta name=\"robots\" content=\"index, follow, max-snippet:-1, max-image-preview:large, max-video-preview:-1\" \/>\n<link rel=\"canonical\" href=\"https:\/\/airporttelecom.com\/de\/sim-karte\/sudafrika\/\" \/>\n<meta property=\"og:locale\" content=\"de_DE\" \/>\n<meta property=\"og:type\" content=\"article\" \/>\n<meta property=\"og:title\" content=\"SIM-Karte S\u00fcdafrika\" \/>\n<meta property=\"og:description\" content=\"Auf der Suche nach einem Prepaid SIM-Karte S\u00fcdafrika f\u00fcr (unbegrenzte) Anrufe und Internet? Optimale Erreichbarkeit auf Reisen in SIM-Karte Afrika. Jetzt im Verkauf bei !\" \/>\n<meta property=\"og:url\" content=\"https:\/\/airporttelecom.com\/de\/sim-karte\/sudafrika\/\" \/>\n<meta property=\"og:site_name\" content=\"Airport Telecom DE\" \/>\n<meta property=\"article:modified_time\" content=\"2026-01-22T13:05:08+00:00\" \/>\n<meta property=\"og:image\" content=\"https:\/\/airporttelecom.com\/de\/wp-content\/uploads\/sites\/6\/2024\/06\/Simkaart-Zuid-Afrika.png\" \/>\n\t<meta property=\"og:image:width\" content=\"800\" \/>\n\t<meta property=\"og:image:height\" content=\"318\" \/>\n\t<meta property=\"og:image:type\" content=\"image\/png\" \/>\n<meta name=\"twitter:card\" content=\"summary_large_image\" \/>\n<meta name=\"twitter:label1\" content=\"Gesch\u00e4tzte Lesezeit\" \/>\n\t<meta name=\"twitter:data1\" content=\"1\u00a0Minute\" \/>\n<script type=\"application\/ld+json\" class=\"yoast-schema-graph\">{\"@context\":\"https:\/\/schema.org\",\"@graph\":[{\"@type\":\"WebPage\",\"@id\":\"https:\/\/airporttelecom.com\/de\/sim-karte\/sudafrika\/\",\"url\":\"https:\/\/airporttelecom.com\/de\/sim-karte\/sudafrika\/\",\"name\":\"SIM-Karte S\u00fcdafrika kaufen f\u00fcr prepaid (unbegrenzt) telefonieren und internet - Airport Telecom DE\",\"isPartOf\":{\"@id\":\"https:\/\/airporttelecom.com\/de\/#website\"},\"primaryImageOfPage\":{\"@id\":\"https:\/\/airporttelecom.com\/de\/sim-karte\/sudafrika\/#primaryimage\"},\"image\":{\"@id\":\"https:\/\/airporttelecom.com\/de\/sim-karte\/sudafrika\/#primaryimage\"},\"thumbnailUrl\":\"https:\/\/airporttelecom.com\/de\/wp-content\/uploads\/sites\/6\/2024\/06\/Simkaart-Zuid-Afrika.png\",\"datePublished\":\"2024-06-18T15:17:06+00:00\",\"dateModified\":\"2026-01-22T13:05:08+00:00\",\"description\":\"Auf der Suche nach einem Prepaid SIM-Karte S\u00fcdafrika f\u00fcr (unbegrenzte) Anrufe und Internet? Optimale Erreichbarkeit auf Reisen in SIM-Karte Afrika. Jetzt im Verkauf bei !\",\"breadcrumb\":{\"@id\":\"https:\/\/airporttelecom.com\/de\/sim-karte\/sudafrika\/#breadcrumb\"},\"inLanguage\":\"de\",\"potentialAction\":[{\"@type\":\"ReadAction\",\"target\":[\"https:\/\/airporttelecom.com\/de\/sim-karte\/sudafrika\/\"]}]},{\"@type\":\"ImageObject\",\"inLanguage\":\"de\",\"@id\":\"https:\/\/airporttelecom.com\/de\/sim-karte\/sudafrika\/#primaryimage\",\"url\":\"https:\/\/airporttelecom.com\/de\/wp-content\/uploads\/sites\/6\/2024\/06\/Simkaart-Zuid-Afrika.png\",\"contentUrl\":\"https:\/\/airporttelecom.com\/de\/wp-content\/uploads\/sites\/6\/2024\/06\/Simkaart-Zuid-Afrika.png\",\"width\":800,\"height\":318,\"caption\":\"Sim-Karte S\u00fcdafrika\"},{\"@type\":\"BreadcrumbList\",\"@id\":\"https:\/\/airporttelecom.com\/de\/sim-karte\/sudafrika\/#breadcrumb\",\"itemListElement\":[{\"@type\":\"ListItem\",\"position\":1,\"name\":\"Home\",\"item\":\"https:\/\/airporttelecom.com\/de\/\"},{\"@type\":\"ListItem\",\"position\":2,\"name\":\"SIM-Karte\",\"item\":\"https:\/\/airporttelecom.com\/de\/sim-karte\/\"},{\"@type\":\"ListItem\",\"position\":3,\"name\":\"SIM-Karte S\u00fcdafrika\"}]},{\"@type\":\"WebSite\",\"@id\":\"https:\/\/airporttelecom.com\/de\/#website\",\"url\":\"https:\/\/airporttelecom.com\/de\/\",\"name\":\"Airport Telecom\",\"description\":\"\",\"publisher\":{\"@id\":\"https:\/\/airporttelecom.com\/de\/#organization\"},\"potentialAction\":[{\"@type\":\"SearchAction\",\"target\":{\"@type\":\"EntryPoint\",\"urlTemplate\":\"https:\/\/airporttelecom.com\/de\/?s={search_term_string}\"},\"query-input\":{\"@type\":\"PropertyValueSpecification\",\"valueRequired\":true,\"valueName\":\"search_term_string\"}}],\"inLanguage\":\"de\"},{\"@type\":\"Organization\",\"@id\":\"https:\/\/airporttelecom.com\/de\/#organization\",\"name\":\"Airport Telecom\",\"url\":\"https:\/\/airporttelecom.com\/de\/\",\"logo\":{\"@type\":\"ImageObject\",\"inLanguage\":\"de\",\"@id\":\"https:\/\/airporttelecom.com\/de\/#\/schema\/logo\/image\/\",\"url\":\"https:\/\/airporttelecom.com\/de\/wp-content\/uploads\/sites\/6\/2024\/06\/icon.png?wsr\",\"contentUrl\":\"https:\/\/airporttelecom.com\/de\/wp-content\/uploads\/sites\/6\/2024\/06\/icon.png?wsr\",\"width\":110,\"height\":110,\"caption\":\"Airport Telecom\"},\"image\":{\"@id\":\"https:\/\/airporttelecom.com\/de\/#\/schema\/logo\/image\/\"}}]}<\/script>\n<!-- \/ Yoast SEO Premium plugin. -->","yoast_head_json":{"title":"SIM-Karte S\u00fcdafrika kaufen f\u00fcr prepaid (unbegrenzt) telefonieren und internet - Airport Telecom DE","description":"Auf der Suche nach einem Prepaid SIM-Karte S\u00fcdafrika f\u00fcr (unbegrenzte) Anrufe und Internet? Optimale Erreichbarkeit auf Reisen in SIM-Karte Afrika. Jetzt im Verkauf bei !","robots":{"index":"index","follow":"follow","max-snippet":"max-snippet:-1","max-image-preview":"max-image-preview:large","max-video-preview":"max-video-preview:-1"},"canonical":"https:\/\/airporttelecom.com\/de\/sim-karte\/sudafrika\/","og_locale":"de_DE","og_type":"article","og_title":"SIM-Karte S\u00fcdafrika","og_description":"Auf der Suche nach einem Prepaid SIM-Karte S\u00fcdafrika f\u00fcr (unbegrenzte) Anrufe und Internet? Optimale Erreichbarkeit auf Reisen in SIM-Karte Afrika. Jetzt im Verkauf bei !","og_url":"https:\/\/airporttelecom.com\/de\/sim-karte\/sudafrika\/","og_site_name":"Airport Telecom DE","article_modified_time":"2026-01-22T13:05:08+00:00","og_image":[{"width":800,"height":318,"url":"https:\/\/airporttelecom.com\/de\/wp-content\/uploads\/sites\/6\/2024\/06\/Simkaart-Zuid-Afrika.png","type":"image\/png"}],"twitter_card":"summary_large_image","twitter_misc":{"Gesch\u00e4tzte Lesezeit":"1\u00a0Minute"},"schema":{"@context":"https:\/\/schema.org","@graph":[{"@type":"WebPage","@id":"https:\/\/airporttelecom.com\/de\/sim-karte\/sudafrika\/","url":"https:\/\/airporttelecom.com\/de\/sim-karte\/sudafrika\/","name":"SIM-Karte S\u00fcdafrika kaufen f\u00fcr prepaid (unbegrenzt) telefonieren und internet - Airport Telecom DE","isPartOf":{"@id":"https:\/\/airporttelecom.com\/de\/#website"},"primaryImageOfPage":{"@id":"https:\/\/airporttelecom.com\/de\/sim-karte\/sudafrika\/#primaryimage"},"image":{"@id":"https:\/\/airporttelecom.com\/de\/sim-karte\/sudafrika\/#primaryimage"},"thumbnailUrl":"https:\/\/airporttelecom.com\/de\/wp-content\/uploads\/sites\/6\/2024\/06\/Simkaart-Zuid-Afrika.png","datePublished":"2024-06-18T15:17:06+00:00","dateModified":"2026-01-22T13:05:08+00:00","description":"Auf der Suche nach einem Prepaid SIM-Karte S\u00fcdafrika f\u00fcr (unbegrenzte) Anrufe und Internet? Optimale Erreichbarkeit auf Reisen in SIM-Karte Afrika. Jetzt im Verkauf bei !","breadcrumb":{"@id":"https:\/\/airporttelecom.com\/de\/sim-karte\/sudafrika\/#breadcrumb"},"inLanguage":"de","potentialAction":[{"@type":"ReadAction","target":["https:\/\/airporttelecom.com\/de\/sim-karte\/sudafrika\/"]}]},{"@type":"ImageObject","inLanguage":"de","@id":"https:\/\/airporttelecom.com\/de\/sim-karte\/sudafrika\/#primaryimage","url":"https:\/\/airporttelecom.com\/de\/wp-content\/uploads\/sites\/6\/2024\/06\/Simkaart-Zuid-Afrika.png","contentUrl":"https:\/\/airporttelecom.com\/de\/wp-content\/uploads\/sites\/6\/2024\/06\/Simkaart-Zuid-Afrika.png","width":800,"height":318,"caption":"Sim-Karte S\u00fcdafrika"},{"@type":"BreadcrumbList","@id":"https:\/\/airporttelecom.com\/de\/sim-karte\/sudafrika\/#breadcrumb","itemListElement":[{"@type":"ListItem","position":1,"name":"Home","item":"https:\/\/airporttelecom.com\/de\/"},{"@type":"ListItem","position":2,"name":"SIM-Karte","item":"https:\/\/airporttelecom.com\/de\/sim-karte\/"},{"@type":"ListItem","position":3,"name":"SIM-Karte S\u00fcdafrika"}]},{"@type":"WebSite","@id":"https:\/\/airporttelecom.com\/de\/#website","url":"https:\/\/airporttelecom.com\/de\/","name":"Airport Telecom","description":"","publisher":{"@id":"https:\/\/airporttelecom.com\/de\/#organization"},"potentialAction":[{"@type":"SearchAction","target":{"@type":"EntryPoint","urlTemplate":"https:\/\/airporttelecom.com\/de\/?s={search_term_string}"},"query-input":{"@type":"PropertyValueSpecification","valueRequired":true,"valueName":"search_term_string"}}],"inLanguage":"de"},{"@type":"Organization","@id":"https:\/\/airporttelecom.com\/de\/#organization","name":"Airport Telecom","url":"https:\/\/airporttelecom.com\/de\/","logo":{"@type":"ImageObject","inLanguage":"de","@id":"https:\/\/airporttelecom.com\/de\/#\/schema\/logo\/image\/","url":"https:\/\/airporttelecom.com\/de\/wp-content\/uploads\/sites\/6\/2024\/06\/icon.png?wsr","contentUrl":"https:\/\/airporttelecom.com\/de\/wp-content\/uploads\/sites\/6\/2024\/06\/icon.png?wsr","width":110,"height":110,"caption":"Airport Telecom"},"image":{"@id":"https:\/\/airporttelecom.com\/de\/#\/schema\/logo\/image\/"}}]}},"_links":{"self":[{"href":"https:\/\/airporttelecom.com\/de\/wp-json\/wp\/v2\/product\/355","targetHints":{"allow":["GET"]}}],"collection":[{"href":"https:\/\/airporttelecom.com\/de\/wp-json\/wp\/v2\/product"}],"about":[{"href":"https:\/\/airporttelecom.com\/de\/wp-json\/wp\/v2\/types\/product"}],"replies":[{"embeddable":true,"href":"https:\/\/airporttelecom.com\/de\/wp-json\/wp\/v2\/comments?post=355"}],"wp:featuredmedia":[{"embeddable":true,"href":"https:\/\/airporttelecom.com\/de\/wp-json\/wp\/v2\/media\/1385"}],"wp:attachment":[{"href":"https:\/\/airporttelecom.com\/de\/wp-json\/wp\/v2\/media?parent=355"}],"wp:term":[{"taxonomy":"product_brand","embeddable":true,"href":"https:\/\/airporttelecom.com\/de\/wp-json\/wp\/v2\/product_brand?post=355"},{"taxonomy":"product_cat","embeddable":true,"href":"https:\/\/airporttelecom.com\/de\/wp-json\/wp\/v2\/product_cat?post=355"},{"taxonomy":"product_tag","embeddable":true,"href":"https:\/\/airporttelecom.com\/de\/wp-json\/wp\/v2\/product_tag?post=355"}],"curies":[{"name":"wp","href":"https:\/\/api.w.org\/{rel}","templated":true}]}}