{"id":476,"date":"2024-06-21T12:25:58","date_gmt":"2024-06-21T12:25:58","guid":{"rendered":"https:\/\/airporttelecom.outperforming.nl\/nl\/?post_type=product&#038;p=476"},"modified":"2026-01-09T23:12:57","modified_gmt":"2026-01-09T23:12:57","slug":"sim-karte-marokko","status":"publish","type":"product","link":"https:\/\/airporttelecom.com\/de\/sim-karte\/marokko\/","title":{"rendered":"SIM-Karte Marokko"},"content":{"rendered":"","protected":false},"excerpt":{"rendered":"","protected":false},"featured_media":1378,"comment_status":"open","ping_status":"closed","template":"","meta":{"_acf_changed":false},"product_brand":[],"product_cat":[17],"product_tag":[27],"class_list":{"0":"post-476","1":"product","2":"type-product","3":"status-publish","4":"has-post-thumbnail","6":"product_cat-sim-karte","7":"product_tag-sim-karte-naher-osten","9":"first","10":"instock","11":"taxable","12":"shipping-taxable","13":"purchasable","14":"product-type-variable","15":"has-default-attributes"},"acf":{"gebied_afbeelding":638,"vlag_afbeelding":478,"provider":["NEX"],"product_synoniemen":null,"product_bestel_velden":["vertrekdatum"],"product_omschrijving":"<h2>Mobilfunkabdeckung mit einer SIM-Karte f\u00fcr Marokko<\/h2>\r\nMit einer Prepaid-SIM-Karte Marokko von Airport Telecom k\u00f6nnen Sie mobiles Internet in ganz Marokko nutzen. Sie k\u00f6nnen aus verschiedenen Daten- und Gespr\u00e4chspaketen w\u00e4hlen. Diese Pakete eignen sich hervorragend f\u00fcr die Internetnutzung und erm\u00f6glichen Ihnen den Zugang zu E-Mail, Whatsapp, Navigation und anderen Internetanwendungen \u00fcber eine schnelle 4G\/5G-Verbindung.\r\n<h2>Datenpakete f\u00fcr Reisen in Marokko<\/h2>\r\nDie SIM-Karten f\u00fcr Marokko werden mit einem Unlimited-Datenpaket f\u00fcr 7, 14 und 30 Tage geliefert:\r\n<h3>Unbegrenzte SIM-Karte Marokko 7 Tage, \u20ac23,=<\/h3>\r\n<h3>Unbegrenzte SIM-Karte Marokko 14 Tage, \u20ac 34,=<\/h3>\r\n<h3>Unbegrenzte SIM-Karte Marokko 30 Tage, \u20ac69,=<\/h3>\r\n<span lang=\"de\">(*) Bitte beachten Sie die Fair-Use-Richtlinie.\u00a0Bei \u00fcberm\u00e4\u00dfigem Datenverbrauch kann der Anbieter die Leistung der (e)SIM einschr\u00e4nken.\u00a0Die Fair-Use-Richtlinie geht von einem eindeutigen Bennutzer pro (e)SIM aus.\u00a0Die normale Nutzung f\u00fcr Navigation, E-Mail, Suchen im Internet, WhatsApp-Nachrichten, WhatsApp-Anrufe und Apps wie Instagram und Snapcaht aktiviert die Fair-Use-Richtlinie nicht.\u00a0Dies kann jedoch bei extremer Nutzung von,\u00a0<\/span><span lang=\"de\">beispielsweise,<\/span><span lang=\"de\">\u00a0YouTube, TikTok, Streaming-Diensten wie Netflix und Online-TV der Fall sein, insbesondere wenn mehrere Personen die Verbindung \u00fcber einen Hotspot oder Router teilen.\u00a0Bei Verst\u00f6\u00dfen gegen die Fair-Use-Richtlinie werden keine R\u00fcckerstattungen gew\u00e4hrt.<\/span>\r\n\r\nDie Sim-Karten f\u00fcr Marokko haben eine hervorragende landesweite Abdeckung \u00fcber die 4G- und 5G-Netze. In Marokko ist keine Benutzerregistrierung erforderlich. Nach der Ankunft in Marokko beginnt das Internet automatisch zu funktionieren. Die Simkarte Marokko ist tetheringf\u00e4hig und kann somit auch f\u00fcr Hotspot und MIFI genutzt werden.\r\n<h2>Whatsapp mit Simkarte Marokko<\/h2>\r\nAlle Anrufe, die \u00fcber das Internet laufen, wie Whatsapp, Skype, Facetime etc. sind nat\u00fcrlich auch m\u00f6glich. Sie nutzen dann das Datenpaket auf der SIM-Karte. \u00dcbrigens k\u00f6nnen Sie Whatsapp jederzeit mit Ihrer eigenen Telefonnummer weiter nutzen. Sie k\u00f6nnen wie gewohnt mit Whatsapp Nachrichten verschicken und telefonieren.\r\n\r\n.\r\n<h2>Abdeckung in Marokko<\/h2>\r\nDie Netzabdeckung mit dem Auto ist in Marokko im Allgemeinen gut. Das gilt vor allem f\u00fcr die wichtigsten marokkanischen St\u00e4dte wie Casablanca, Fez, Marrakesch und Agadir. Auch in anderen, dichter besiedelten Gebieten ist die Netzabdeckung ausgezeichnet. Es sollte jedoch ber\u00fccksichtigt werden, dass Marokko ein gro\u00dfes Land ist, in dem es auch abgelegene Gebiete gibt. In solchen weniger dicht besiedelten Gebieten kann es sein, dass es keine oder eine geringere Mobilfunkabdeckung gibt.\r\n\r\n&gt;\r\n<h2>Kostenlose Lieferung nach Hause<\/h2>\r\n<span data-contrast=\"auto\">Die Simkarte Marokko wird Ihnen in Deutschland kostenlos nach Hause geliefert. Wenn Sie an Werktagen vor 14.00 Uhr bestellen, versenden wir noch am selben Tag per Post. Normalerweise erfolgt die Lieferung dann innerhalb von drei bis vier Werktagen. Brauchen Sie es schneller? W\u00e4hlen Sie dann die <a href=\"https:\/\/airporttelecom.com\/de\/esim\/marokko\/\">eSIM<\/a> aus, die Ihnen per E-Mail zugesandt wird.<\/span>\r\n\r\n.","product_specificaties":"<h2>Internet mit Simkarte Marokko<\/h2>\r\nEs gibt drei Varianten der Simkarte Marokko:\r\n<h3>Unlimitierte SIM-Karte Marokko 7 Tage, 23 \u20ac<\/h3>\r\n<ul>\r\n \t<li>Unbegrenzte Daten in der gesamten Marokko*<\/li>\r\n \t<li>Bundle g\u00fcltig f\u00fcr 7 Tage. Das Aufladen kann \u00fcber diese Website erfolgen.<\/li>\r\n<\/ul>\r\n<h3>Unbegrenzte Sim-Karte Marokko 14 Tage, 34 \u20ac<\/h3>\r\n<ul>\r\n \t<li>Unbegrenzte Daten in der gesamten Marokko*<\/li>\r\n \t<li>Bundle g\u00fcltig f\u00fcr 14 Tage. Die Aufladung kann \u00fcber diese Website erfolgen.<\/li>\r\n<\/ul>\r\n<h3>Unbegrenzte Sim-Karte Marokko 30 Tage, 69 \u20ac<\/h3>\r\n<ul>\r\n \t<li>Unbegrenzte Daten in der gesamten Marokko*<\/li>\r\n \t<li>Bundle g\u00fcltig f\u00fcr 30 Tage. Die Aufladung kann \u00fcber diese Website erfolgen.<\/li>\r\n<\/ul>\r\n&nbsp;\r\n\r\n(*) Es gibt eine Fair Use Policy. Bei extremer Datennutzung kann der Anbieter in Marokko die M\u00f6glichkeiten der Sim-Karte einschr\u00e4nken.","product_handleiding":"<h2>Wie installiere ich die SIM-Karte Marokko in meinem Telefon?<\/h2>\r\n\u00d6ffnen Sie den Schieber an der Seite des Telefons. Dazu k\u00f6nnen Sie den mit dem Telefon gelieferten Stift verwenden. Wenn Sie diesen nicht haben, k\u00f6nnen Sie ihn durch Biegen einer B\u00fcroklammer herstellen. Ein zus\u00e4tzlicher Stift wird auch mit den SIM-Karten von Airport Telecom geliefert.\r\n\r\nEntnehmen Sie Ihre eigene SIM-Karte und bewahren Sie sie sicher auf! Legen Sie nun die neue SIM-Karte ein. Das kann nur auf eine Weise geschehen. Vielleicht haben Sie ein Telefon, das mehrere SIM-Karten aufnehmen kann. Legen Sie die neue SIM-Karte wie eine zus\u00e4tzliche Karte ein.\r\n\r\nSchieben Sie den SIM-Kartenschieber wieder in das Telefon. Sie sollten nun automatisch die neue SIM-Karte verwenden k\u00f6nnen. Das Telefon fordert Sie m\u00f6glicherweise auf, einige zus\u00e4tzliche Einstellungen vorzunehmen.","product_veelgestelde_vragen":[{"vraag":"Welche SIM-Karte sollte man in Marokko verwenden?","antwoord":"F\u00fcr einen kurzen Aufenthalt von ein paar Tagen ben\u00f6tigen Sie wahrscheinlich nicht so viele Daten. Das 10-GB-Datenpaket f\u00fcr Marokko kann dann ausreichend sein. Anwendungen wie Whatsapp, Instagram und Navigation verbrauchen nicht viele Daten. Wenn Sie l\u00e4nger bleiben, kann es sinnvoll sein, Unlimited zu w\u00e4hlen, damit Sie auf jeden Fall genug Daten haben. Die Unlimited SIM-Karte bietet auch unbegrenzte Anrufe innerhalb Marokkos."},{"vraag":"Wo kann ich eine SIM-Karte f\u00fcr Marokko kaufen?","antwoord":"Kaufen Sie eine SIM-Karte f\u00fcr Marokko bei Airport Telecom Schiphol. Sie k\u00f6nnen sie im Gesch\u00e4ft abholen. Oder bestellen Sie online und die SIM-Karte wird Ihnen kostenlos nach Hause geliefert."}]},"yoast_head":"<!-- This site is optimized with the Yoast SEO Premium plugin v24.4 (Yoast SEO v26.9) - https:\/\/yoast.com\/product\/yoast-seo-premium-wordpress\/ -->\n<title>SIM-Karte Marokko kaufen f\u00fcr prepaid (unbegrenzt) telefonieren und internet - Airport Telecom DE<\/title>\n<meta name=\"description\" content=\"Auf der Suche nach einem Prepaid SIM-Karte Marokko f\u00fcr (unbegrenzte) Anrufe und Internet? Optimale Erreichbarkeit auf Reisen in SIM-Karte Naher Osten. Jetzt im Verkauf bei !\" \/>\n<meta name=\"robots\" content=\"index, follow, max-snippet:-1, max-image-preview:large, max-video-preview:-1\" \/>\n<link rel=\"canonical\" href=\"https:\/\/airporttelecom.com\/de\/sim-karte\/marokko\/\" \/>\n<meta property=\"og:locale\" content=\"de_DE\" \/>\n<meta property=\"og:type\" content=\"article\" \/>\n<meta property=\"og:title\" content=\"SIM-Karte Marokko\" \/>\n<meta property=\"og:description\" content=\"Auf der Suche nach einem Prepaid SIM-Karte Marokko f\u00fcr (unbegrenzte) Anrufe und Internet? Optimale Erreichbarkeit auf Reisen in SIM-Karte Naher Osten. Jetzt im Verkauf bei !\" \/>\n<meta property=\"og:url\" content=\"https:\/\/airporttelecom.com\/de\/sim-karte\/marokko\/\" \/>\n<meta property=\"og:site_name\" content=\"Airport Telecom DE\" \/>\n<meta property=\"article:modified_time\" content=\"2026-01-09T23:12:57+00:00\" \/>\n<meta property=\"og:image\" content=\"https:\/\/airporttelecom.com\/de\/wp-content\/uploads\/sites\/6\/2024\/06\/Simkaart-Marokko.png?wsr\" \/>\n\t<meta property=\"og:image:width\" content=\"800\" \/>\n\t<meta property=\"og:image:height\" content=\"316\" \/>\n\t<meta property=\"og:image:type\" content=\"image\/png\" \/>\n<meta name=\"twitter:card\" content=\"summary_large_image\" \/>\n<meta name=\"twitter:label1\" content=\"Gesch\u00e4tzte Lesezeit\" \/>\n\t<meta name=\"twitter:data1\" content=\"1\u00a0Minute\" \/>\n<script type=\"application\/ld+json\" class=\"yoast-schema-graph\">{\"@context\":\"https:\/\/schema.org\",\"@graph\":[{\"@type\":\"WebPage\",\"@id\":\"https:\/\/airporttelecom.com\/de\/sim-karte\/marokko\/\",\"url\":\"https:\/\/airporttelecom.com\/de\/sim-karte\/marokko\/\",\"name\":\"SIM-Karte Marokko kaufen f\u00fcr prepaid (unbegrenzt) telefonieren und internet - Airport Telecom DE\",\"isPartOf\":{\"@id\":\"https:\/\/airporttelecom.com\/de\/#website\"},\"primaryImageOfPage\":{\"@id\":\"https:\/\/airporttelecom.com\/de\/sim-karte\/marokko\/#primaryimage\"},\"image\":{\"@id\":\"https:\/\/airporttelecom.com\/de\/sim-karte\/marokko\/#primaryimage\"},\"thumbnailUrl\":\"https:\/\/airporttelecom.com\/de\/wp-content\/uploads\/sites\/6\/2024\/06\/Simkaart-Marokko.png\",\"datePublished\":\"2024-06-21T12:25:58+00:00\",\"dateModified\":\"2026-01-09T23:12:57+00:00\",\"description\":\"Auf der Suche nach einem Prepaid SIM-Karte Marokko f\u00fcr (unbegrenzte) Anrufe und Internet? Optimale Erreichbarkeit auf Reisen in SIM-Karte Naher Osten. Jetzt im Verkauf bei !\",\"breadcrumb\":{\"@id\":\"https:\/\/airporttelecom.com\/de\/sim-karte\/marokko\/#breadcrumb\"},\"inLanguage\":\"de\",\"potentialAction\":[{\"@type\":\"ReadAction\",\"target\":[\"https:\/\/airporttelecom.com\/de\/sim-karte\/marokko\/\"]}]},{\"@type\":\"ImageObject\",\"inLanguage\":\"de\",\"@id\":\"https:\/\/airporttelecom.com\/de\/sim-karte\/marokko\/#primaryimage\",\"url\":\"https:\/\/airporttelecom.com\/de\/wp-content\/uploads\/sites\/6\/2024\/06\/Simkaart-Marokko.png\",\"contentUrl\":\"https:\/\/airporttelecom.com\/de\/wp-content\/uploads\/sites\/6\/2024\/06\/Simkaart-Marokko.png\",\"width\":800,\"height\":316,\"caption\":\"SIM-Karte Marokko\"},{\"@type\":\"BreadcrumbList\",\"@id\":\"https:\/\/airporttelecom.com\/de\/sim-karte\/marokko\/#breadcrumb\",\"itemListElement\":[{\"@type\":\"ListItem\",\"position\":1,\"name\":\"Home\",\"item\":\"https:\/\/airporttelecom.com\/de\/\"},{\"@type\":\"ListItem\",\"position\":2,\"name\":\"SIM-Karte\",\"item\":\"https:\/\/airporttelecom.com\/de\/sim-karte\/\"},{\"@type\":\"ListItem\",\"position\":3,\"name\":\"SIM-Karte Marokko\"}]},{\"@type\":\"WebSite\",\"@id\":\"https:\/\/airporttelecom.com\/de\/#website\",\"url\":\"https:\/\/airporttelecom.com\/de\/\",\"name\":\"Airport Telecom\",\"description\":\"\",\"publisher\":{\"@id\":\"https:\/\/airporttelecom.com\/de\/#organization\"},\"potentialAction\":[{\"@type\":\"SearchAction\",\"target\":{\"@type\":\"EntryPoint\",\"urlTemplate\":\"https:\/\/airporttelecom.com\/de\/?s={search_term_string}\"},\"query-input\":{\"@type\":\"PropertyValueSpecification\",\"valueRequired\":true,\"valueName\":\"search_term_string\"}}],\"inLanguage\":\"de\"},{\"@type\":\"Organization\",\"@id\":\"https:\/\/airporttelecom.com\/de\/#organization\",\"name\":\"Airport Telecom\",\"url\":\"https:\/\/airporttelecom.com\/de\/\",\"logo\":{\"@type\":\"ImageObject\",\"inLanguage\":\"de\",\"@id\":\"https:\/\/airporttelecom.com\/de\/#\/schema\/logo\/image\/\",\"url\":\"https:\/\/airporttelecom.com\/de\/wp-content\/uploads\/sites\/6\/2024\/06\/icon.png?wsr\",\"contentUrl\":\"https:\/\/airporttelecom.com\/de\/wp-content\/uploads\/sites\/6\/2024\/06\/icon.png?wsr\",\"width\":110,\"height\":110,\"caption\":\"Airport Telecom\"},\"image\":{\"@id\":\"https:\/\/airporttelecom.com\/de\/#\/schema\/logo\/image\/\"}}]}<\/script>\n<!-- \/ Yoast SEO Premium plugin. -->","yoast_head_json":{"title":"SIM-Karte Marokko kaufen f\u00fcr prepaid (unbegrenzt) telefonieren und internet - Airport Telecom DE","description":"Auf der Suche nach einem Prepaid SIM-Karte Marokko f\u00fcr (unbegrenzte) Anrufe und Internet? Optimale Erreichbarkeit auf Reisen in SIM-Karte Naher Osten. Jetzt im Verkauf bei !","robots":{"index":"index","follow":"follow","max-snippet":"max-snippet:-1","max-image-preview":"max-image-preview:large","max-video-preview":"max-video-preview:-1"},"canonical":"https:\/\/airporttelecom.com\/de\/sim-karte\/marokko\/","og_locale":"de_DE","og_type":"article","og_title":"SIM-Karte Marokko","og_description":"Auf der Suche nach einem Prepaid SIM-Karte Marokko f\u00fcr (unbegrenzte) Anrufe und Internet? Optimale Erreichbarkeit auf Reisen in SIM-Karte Naher Osten. Jetzt im Verkauf bei !","og_url":"https:\/\/airporttelecom.com\/de\/sim-karte\/marokko\/","og_site_name":"Airport Telecom DE","article_modified_time":"2026-01-09T23:12:57+00:00","og_image":[{"width":800,"height":316,"url":"https:\/\/airporttelecom.com\/de\/wp-content\/uploads\/sites\/6\/2024\/06\/Simkaart-Marokko.png?wsr","type":"image\/png"}],"twitter_card":"summary_large_image","twitter_misc":{"Gesch\u00e4tzte Lesezeit":"1\u00a0Minute"},"schema":{"@context":"https:\/\/schema.org","@graph":[{"@type":"WebPage","@id":"https:\/\/airporttelecom.com\/de\/sim-karte\/marokko\/","url":"https:\/\/airporttelecom.com\/de\/sim-karte\/marokko\/","name":"SIM-Karte Marokko kaufen f\u00fcr prepaid (unbegrenzt) telefonieren und internet - Airport Telecom DE","isPartOf":{"@id":"https:\/\/airporttelecom.com\/de\/#website"},"primaryImageOfPage":{"@id":"https:\/\/airporttelecom.com\/de\/sim-karte\/marokko\/#primaryimage"},"image":{"@id":"https:\/\/airporttelecom.com\/de\/sim-karte\/marokko\/#primaryimage"},"thumbnailUrl":"https:\/\/airporttelecom.com\/de\/wp-content\/uploads\/sites\/6\/2024\/06\/Simkaart-Marokko.png","datePublished":"2024-06-21T12:25:58+00:00","dateModified":"2026-01-09T23:12:57+00:00","description":"Auf der Suche nach einem Prepaid SIM-Karte Marokko f\u00fcr (unbegrenzte) Anrufe und Internet? Optimale Erreichbarkeit auf Reisen in SIM-Karte Naher Osten. Jetzt im Verkauf bei !","breadcrumb":{"@id":"https:\/\/airporttelecom.com\/de\/sim-karte\/marokko\/#breadcrumb"},"inLanguage":"de","potentialAction":[{"@type":"ReadAction","target":["https:\/\/airporttelecom.com\/de\/sim-karte\/marokko\/"]}]},{"@type":"ImageObject","inLanguage":"de","@id":"https:\/\/airporttelecom.com\/de\/sim-karte\/marokko\/#primaryimage","url":"https:\/\/airporttelecom.com\/de\/wp-content\/uploads\/sites\/6\/2024\/06\/Simkaart-Marokko.png","contentUrl":"https:\/\/airporttelecom.com\/de\/wp-content\/uploads\/sites\/6\/2024\/06\/Simkaart-Marokko.png","width":800,"height":316,"caption":"SIM-Karte Marokko"},{"@type":"BreadcrumbList","@id":"https:\/\/airporttelecom.com\/de\/sim-karte\/marokko\/#breadcrumb","itemListElement":[{"@type":"ListItem","position":1,"name":"Home","item":"https:\/\/airporttelecom.com\/de\/"},{"@type":"ListItem","position":2,"name":"SIM-Karte","item":"https:\/\/airporttelecom.com\/de\/sim-karte\/"},{"@type":"ListItem","position":3,"name":"SIM-Karte Marokko"}]},{"@type":"WebSite","@id":"https:\/\/airporttelecom.com\/de\/#website","url":"https:\/\/airporttelecom.com\/de\/","name":"Airport Telecom","description":"","publisher":{"@id":"https:\/\/airporttelecom.com\/de\/#organization"},"potentialAction":[{"@type":"SearchAction","target":{"@type":"EntryPoint","urlTemplate":"https:\/\/airporttelecom.com\/de\/?s={search_term_string}"},"query-input":{"@type":"PropertyValueSpecification","valueRequired":true,"valueName":"search_term_string"}}],"inLanguage":"de"},{"@type":"Organization","@id":"https:\/\/airporttelecom.com\/de\/#organization","name":"Airport Telecom","url":"https:\/\/airporttelecom.com\/de\/","logo":{"@type":"ImageObject","inLanguage":"de","@id":"https:\/\/airporttelecom.com\/de\/#\/schema\/logo\/image\/","url":"https:\/\/airporttelecom.com\/de\/wp-content\/uploads\/sites\/6\/2024\/06\/icon.png?wsr","contentUrl":"https:\/\/airporttelecom.com\/de\/wp-content\/uploads\/sites\/6\/2024\/06\/icon.png?wsr","width":110,"height":110,"caption":"Airport Telecom"},"image":{"@id":"https:\/\/airporttelecom.com\/de\/#\/schema\/logo\/image\/"}}]}},"_links":{"self":[{"href":"https:\/\/airporttelecom.com\/de\/wp-json\/wp\/v2\/product\/476","targetHints":{"allow":["GET"]}}],"collection":[{"href":"https:\/\/airporttelecom.com\/de\/wp-json\/wp\/v2\/product"}],"about":[{"href":"https:\/\/airporttelecom.com\/de\/wp-json\/wp\/v2\/types\/product"}],"replies":[{"embeddable":true,"href":"https:\/\/airporttelecom.com\/de\/wp-json\/wp\/v2\/comments?post=476"}],"wp:featuredmedia":[{"embeddable":true,"href":"https:\/\/airporttelecom.com\/de\/wp-json\/wp\/v2\/media\/1378"}],"wp:attachment":[{"href":"https:\/\/airporttelecom.com\/de\/wp-json\/wp\/v2\/media?parent=476"}],"wp:term":[{"taxonomy":"product_brand","embeddable":true,"href":"https:\/\/airporttelecom.com\/de\/wp-json\/wp\/v2\/product_brand?post=476"},{"taxonomy":"product_cat","embeddable":true,"href":"https:\/\/airporttelecom.com\/de\/wp-json\/wp\/v2\/product_cat?post=476"},{"taxonomy":"product_tag","embeddable":true,"href":"https:\/\/airporttelecom.com\/de\/wp-json\/wp\/v2\/product_tag?post=476"}],"curies":[{"name":"wp","href":"https:\/\/api.w.org\/{rel}","templated":true}]}}