{"id":799,"date":"2024-07-30T09:54:55","date_gmt":"2024-07-30T09:54:55","guid":{"rendered":"https:\/\/airporttelecom.outperforming.nl\/nl\/?post_type=product&#038;p=799"},"modified":"2026-01-23T10:49:52","modified_gmt":"2026-01-23T10:49:52","slug":"sim-karte-amerika","status":"publish","type":"product","link":"https:\/\/airporttelecom.com\/de\/sim-karte\/amerika\/","title":{"rendered":"SIM-Karte Amerika"},"content":{"rendered":"","protected":false},"excerpt":{"rendered":"","protected":false},"featured_media":1174,"comment_status":"open","ping_status":"closed","template":"","meta":{"_acf_changed":false},"product_brand":[],"product_cat":[17],"product_tag":[24],"class_list":{"0":"post-799","1":"product","2":"type-product","3":"status-publish","4":"has-post-thumbnail","6":"product_cat-sim-karte","7":"product_tag-sim-karte-nordamerika","9":"first","10":"instock","11":"taxable","12":"shipping-taxable","13":"purchasable","14":"product-type-variable","15":"has-default-attributes"},"acf":{"gebied_afbeelding":1885,"vlag_afbeelding":922,"provider":["THR","LYC","LIN"],"product_synoniemen":[{"synoniem":"United States"},{"synoniem":"Vereinigte Staaten"},{"synoniem":"USA"},{"synoniem":"New York"}],"product_bestel_velden":["vertrekdatum","phone"],"product_omschrijving":"<h2>Mobil erreichbar in Amerika mit SIM-Karte USA<\/h2>\r\nMit der Prepaid-SIM-Karte Amerika von Airport Telecom sind Sie in den gesamten USA unter einer Rufnummer erreichbar. Sie k\u00f6nnen aus verschiedenen Daten- und Gespr\u00e4chspaketen w\u00e4hlen. Diese eignen sich hervorragend f\u00fcr die Internetnutzung in Amerika und erm\u00f6glichen Ihnen den Zugang zu E-Mail, Whatsapp, Navigation und anderen Internetanwendungen \u00fcber eine schnelle 4G\/5G-Verbindung.\r\n<h2>Paketen f\u00fcr Daten und Anrufe auf Reisen in Amerika<\/h2>\r\nDie Sim-Karten f\u00fcr Amerika kommen mit einem 12GB und mit einem Unlimited Datenpaket:\r\n<h3>12GB Simkarte Amerika \u20ac36<\/h3>\r\nDas Paket ist 30 Tage lang g\u00fcltig. Mit der 12-GB-SIM-Karte sind Sie \u00fcberall in den USA unter einer einzigen Rufnummer erreichbar. Au\u00dferdem haben Sie 12 GB Datenvolumen. Diese SIM-Karte ist daher sehr gut f\u00fcr die Internetnutzung geeignet. Bitte beachten Sie, dass Sie mit dieser Karte zwar eingehende Anrufe empfangen k\u00f6nnen, aber keine normalen ausgehenden Anrufe t\u00e4tigen k\u00f6nnen. Alle Anrufe, die \u00fcber das Internet get\u00e4tigt werden, wie Whatsapp, Skype, Facetime usw., sind nat\u00fcrlich m\u00f6glich. Sie nutzen dann die 12 GB Datenvolumen auf der SIM-Karte. Die Telefonnummer, unter der Sie in den USA zu erreichen sind, wird Ihnen bei der Aktivierung der SIM-Karte per SMS mitgeteilt. Es handelt sich um eine englische (+44) Nummer. Wir haben diese SIM-Karte wegen ihres g\u00fcnstigen Datenpakets seit Jahren im Programm.\r\n<h3>Unbegrenzte SIM-Karte Amerika \u20ac69<\/h3>\r\nDatenpaket g\u00fcltig f\u00fcr 30 Tage. Mit dieser Unlimited-SIM-Karte sind Sie in den gesamten Vereinigten Staaten unter einer US-Telefonnummer (+1) erreichbar. Die Unlimited-SIM-Karte bietet au\u00dferdem unbegrenzte Daten und unbegrenzte Anrufe in den gesamten Vereinigten Staaten. Ideal, wenn Sie sicher sein wollen, dass Sie gen\u00fcgend Daten haben und wenn Sie z. B. Hotels und Restaurants in Amerika anrufen wollen. Diese SIM-Karte kann aufgeladen werden. Tethering f\u00fcr die Nutzung als Hotspot oder in einem MiFi-Router funktioniert mit der Unlimited-SIM-Karte f\u00fcr die USA, allerdings gibt es Unterschiede zwischen iPhones und Android-Ger\u00e4ten. Mit einem iPhone kann das gesamte Unlimited-Datenvolumen f\u00fcr Hotspots und MiFi genutzt werden. Bei Android-Ger\u00e4ten stehen innerhalb des Unlimited-Datenvolumens der US-SIM-Karte nur 5 GB Daten f\u00fcr Hotspots und MiFi zur Verf\u00fcgung.\r\n\r\nDie Sim-Karten f\u00fcr Amerika haben eine hervorragende landesweite Abdeckung \u00fcber die 4G- und 5G-Netze von AT&amp;T und T-Mobile. In den Vereinigten Staaten ist keine Benutzerregistrierung erforderlich. Nach der Ankunft legen Sie die SIM-Karte in Ihr Mobiltelefon ein und das Internet beginnt zu funktionieren. Die Bundles sind 30 Tage lang g\u00fcltig.\r\n<h2>Whatsapp mit Simkarte Amerika<\/h2>\r\nMit den Simkarten Amerika k\u00f6nnen Sie WhatsApp weiterhin wie gewohnt nutzen. Das Gleiche gilt f\u00fcr alle anderen Apps. Sobald WhatsApp feststellt, dass sich eine andere SIM-Karte mit einer neuen Nummer in Ihrem Telefon befindet, kann es sein, dass Whatsapp von sich aus fragt ob Sie die neue oder die alte Nummer verwenden m\u00f6chten. Wenn Sie dann die alte Nummer w\u00e4hlen, \u00e4ndert sich bei Whatsapp \u00fcberhaupt nichts. Sie beh\u00e4lten dann einfach Ihre bisherige WhatsApp-Identit\u00e4t mit allen Kontakten, Gruppen und Chats.\r\n<h2>Abdeckung mit Telefon in Amerika<\/h2>\r\nDie Sim-Karten Amerika nutzen das Netz von AT&amp;T und T-Mobile USA. Etwa 99 % der Amerikaner werden von diesen Netzen erreicht, so dass die mobile Daten- und Sprachabdeckung in den USA hervorragend ist. Von Manhattan und Disney World aus E-Mails zu schreiben oder von Santa Monica Beach aus ein Instagram-Nachricht posten, ist jederzeit m\u00f6glich. Dennoch gibt es unbewohnte oder d\u00fcnn besiedelte Gebiete, in denen das Telefon nicht funktioniert. Denken Sie an Amerikas wundersch\u00f6ne Nationalparks wie Yellowstone, Yosemite und die Everglades. Auch das Senden von Whatsapp aus dem Milliarden Jahre alten Grand Canyon oder der abgelegenen Wildnis mit B\u00e4ren in Alaska wird wahrscheinlich nicht funktionieren. Wie gesagt, das sind Ausnahmen, denn von New York bis Miami, von Chicago bis Los Angeles, in allen gro\u00dfen und kleinen Orten kann man problemlos mit dem Handy telefonieren und das Internet nutzen.\r\n<h2>Sim Amerika kostenlos nach Hause gelieferd<\/h2>\r\nDie 12GB und die Unlimited Simkarte Amerika k\u00f6nnen in Deutschland kostenlos nach Hause geliefert werden. Wenn Sie an Werktagen vor 14.00 Uhr bestellen, versenden wir noch am selben Tag per Post. Normalerweise erfolgt die Lieferung dann innerhalb von zwei bis drei Werktagen. Brauchen Sie es schneller? W\u00e4hlen Sie dann die <a href=\"https:\/\/airporttelecom.com\/de\/esim\/amerika\/\">eSIM<\/a> aus, die Ihnen per E-Mail zugesandt wird.","product_specificaties":"<h2>Vorteile Simkarte Amerika<\/h2>\r\n<ul>\r\n \t<li>Erreichbar in den gesamten USA unter einer Telefonnummer.<\/li>\r\n \t<li>Die SIM-Karte USA ist in allen Gr\u00f6\u00dfen erh\u00e4ltlich (mini, micro und nano).<\/li>\r\n \t<li>Die SIM-Karte USA funktioniert in jedem iPhone und anderen Smartphones.<\/li>\r\n \t<li>Lassen Sie sich die SIM-Karte kostenlos nach Hause liefern.<\/li>\r\n<\/ul>\r\n<h2>Internet &amp; Telefonieren in Amerika<\/h2>\r\nDie SIM-Karte Amerika gibt es in zwei Varianten:\r\n<h3>12GB SIM-Karte Amerika, \u20ac36<\/h3>\r\n<ul>\r\n \t<li>12GB Datenvolumen in den gesamten USA<\/li>\r\n \t<li>Englische Rufnummer (+44)<\/li>\r\n \t<li>Empfangende Anrufe k\u00f6nnen \u00fcber diese Nummer unbegrenzt get\u00e4tigt werden<\/li>\r\n \t<li>Ausgehende Anrufe k\u00f6nnen nur \u00fcber Daten get\u00e4tigt werden, z.B. mit Whatsapp, Facetime<\/li>\r\n \t<li>Das Bundle ist 30 Tage lang g\u00fcltig<\/li>\r\n<\/ul>\r\n<h3>Unbegrenzte Sim-Karte Amerika, \u20ac69<\/h3>\r\n<ul>\r\n \t<li>Unbegrenzte Daten in den gesamten USA*<\/li>\r\n \t<li>Unbegrenzte Anrufe innerhalb der USA*<\/li>\r\n \t<li>Unbegrenzt Anrufe empfangen in den USA<\/li>\r\n \t<li>Amerikanische Rufnummer (+1)<\/li>\r\n \t<li>Hotspots und MiFi sind m\u00f6glich (unbegrenzt f\u00fcr iPhones, 5 GB f\u00fcr Hotspots\/MiFi f\u00fcr Android-Ger\u00e4te)<\/li>\r\n \t<li>Das Paket ist 30 Tage lang g\u00fcltig und kann dann \u00fcber diese Website aufgeladen werden.<\/li>\r\n<\/ul>\r\n(*) Es gibt eine Fair Use Policy. Bei extremer Datennutzung oder extremem Gespr\u00e4chsverhalten kann der US-Anbieter die M\u00f6glichkeiten der Simkarte einschr\u00e4nken.","product_handleiding":"<h2>Wie installiere ich die SIM-Karte Amerika in meinem Telefon?<\/h2>\r\n\u00d6ffnen Sie den Schieber an der Seite des Telefons. Dazu k\u00f6nnen Sie den mit dem Telefon gelieferten Stift verwenden. Wenn Sie diesen nicht haben, k\u00f6nnen Sie ihn durch Biegen einer B\u00fcroklammer herstellen. Ein zus\u00e4tzlicher Stift wird auch mit den SIM-Karten von Airport Telecom geliefert.\r\n\r\nEntnehmen Sie Ihre eigene SIM-Karte und bewahren Sie sie sicher auf! Legen Sie nun die neue SIM-Karte ein. Das kann nur auf eine Weise geschehen. Vielleicht haben Sie ein Telefon, das mehrere SIM-Karten aufnehmen kann. Legen Sie die neue SIM-Karte wie eine zus\u00e4tzliche Karte ein.\r\n\r\nSchieben Sie den SIM-Kartenschieber wieder in das Telefon. Sie sollten nun automatisch die neue SIM-Karte verwenden k\u00f6nnen. Das Telefon fordert Sie m\u00f6glicherweise auf, einige zus\u00e4tzliche Einstellungen vorzunehmen.","product_veelgestelde_vragen":[{"vraag":"Welche SIM-Karte sollte man in Amerika verwenden?","antwoord":"F\u00fcr einen kurzen Aufenthalt von ein paar Tagen ben\u00f6tigen Sie wahrscheinlich nicht so viele Daten. Das 12-GB-Datenpaket f\u00fcr Amerika kann dann ausreichend sein. Anwendungen wie Whatsapp, Instagram und Navigation verbrauchen nicht viele Daten. Wenn Sie l\u00e4nger bleiben, kann es sinnvoll sein, Unlimited zu w\u00e4hlen, damit Sie auf jeden Fall genug Daten haben. Die Unlimited SIM-Karte bietet auch unbegrenzte Anrufe innerhalb Amerikas."},{"vraag":"Wo kann man eine SIM-Karte f\u00fcr Amerika kaufen?","antwoord":"Bestellen Sie online und die SIM-Karte wird Ihnen kostenlos nach Hause geliefert."},{"vraag":"Warum muss ich das Abreisedatum angeben, wenn ich eine physische SIM-Karte mit unbegrenztem Datenvolumen f\u00fcr die USA bestelle?","antwoord":"Wir aktivieren das Paket f\u00fcr Sie ab dem Abreisedatum und es ist 30 Tage lang g\u00fcltig."}]},"yoast_head":"<!-- This site is optimized with the Yoast SEO Premium plugin v24.4 (Yoast SEO v26.9) - https:\/\/yoast.com\/product\/yoast-seo-premium-wordpress\/ -->\n<title>SIM-Karte Amerika kaufen f\u00fcr prepaid (unbegrenzt) telefonieren und internet - Airport Telecom DE<\/title>\n<meta name=\"description\" content=\"Auf der Suche nach einem Prepaid SIM-Karte Amerika f\u00fcr (unbegrenzte) Anrufe und Internet? Optimale Erreichbarkeit auf Reisen in Sim-Karte Nordamerika. Jetzt im Verkauf bei !\" \/>\n<meta name=\"robots\" content=\"index, follow, max-snippet:-1, max-image-preview:large, max-video-preview:-1\" \/>\n<link rel=\"canonical\" href=\"https:\/\/airporttelecom.com\/de\/sim-karte\/amerika\/\" \/>\n<meta property=\"og:locale\" content=\"de_DE\" \/>\n<meta property=\"og:type\" content=\"article\" \/>\n<meta property=\"og:title\" content=\"SIM-Karte Amerika\" \/>\n<meta property=\"og:description\" content=\"Auf der Suche nach einem Prepaid SIM-Karte Amerika f\u00fcr (unbegrenzte) Anrufe und Internet? Optimale Erreichbarkeit auf Reisen in Sim-Karte Nordamerika. Jetzt im Verkauf bei !\" \/>\n<meta property=\"og:url\" content=\"https:\/\/airporttelecom.com\/de\/sim-karte\/amerika\/\" \/>\n<meta property=\"og:site_name\" content=\"Airport Telecom DE\" \/>\n<meta property=\"article:modified_time\" content=\"2026-01-23T10:49:52+00:00\" \/>\n<meta property=\"og:image\" content=\"https:\/\/airporttelecom.com\/de\/wp-content\/uploads\/sites\/6\/2024\/07\/Simkaart-USA.png\" \/>\n\t<meta property=\"og:image:width\" content=\"800\" \/>\n\t<meta property=\"og:image:height\" content=\"319\" \/>\n\t<meta property=\"og:image:type\" content=\"image\/png\" \/>\n<meta name=\"twitter:card\" content=\"summary_large_image\" \/>\n<meta name=\"twitter:label1\" content=\"Gesch\u00e4tzte Lesezeit\" \/>\n\t<meta name=\"twitter:data1\" content=\"1\u00a0Minute\" \/>\n<script type=\"application\/ld+json\" class=\"yoast-schema-graph\">{\"@context\":\"https:\/\/schema.org\",\"@graph\":[{\"@type\":\"WebPage\",\"@id\":\"https:\/\/airporttelecom.com\/de\/sim-karte\/amerika\/\",\"url\":\"https:\/\/airporttelecom.com\/de\/sim-karte\/amerika\/\",\"name\":\"SIM-Karte Amerika kaufen f\u00fcr prepaid (unbegrenzt) telefonieren und internet - Airport Telecom DE\",\"isPartOf\":{\"@id\":\"https:\/\/airporttelecom.com\/de\/#website\"},\"primaryImageOfPage\":{\"@id\":\"https:\/\/airporttelecom.com\/de\/sim-karte\/amerika\/#primaryimage\"},\"image\":{\"@id\":\"https:\/\/airporttelecom.com\/de\/sim-karte\/amerika\/#primaryimage\"},\"thumbnailUrl\":\"https:\/\/airporttelecom.com\/de\/wp-content\/uploads\/sites\/6\/2024\/07\/Simkaart-USA.png\",\"datePublished\":\"2024-07-30T09:54:55+00:00\",\"dateModified\":\"2026-01-23T10:49:52+00:00\",\"description\":\"Auf der Suche nach einem Prepaid SIM-Karte Amerika f\u00fcr (unbegrenzte) Anrufe und Internet? Optimale Erreichbarkeit auf Reisen in Sim-Karte Nordamerika. Jetzt im Verkauf bei !\",\"breadcrumb\":{\"@id\":\"https:\/\/airporttelecom.com\/de\/sim-karte\/amerika\/#breadcrumb\"},\"inLanguage\":\"de\",\"potentialAction\":[{\"@type\":\"ReadAction\",\"target\":[\"https:\/\/airporttelecom.com\/de\/sim-karte\/amerika\/\"]}]},{\"@type\":\"ImageObject\",\"inLanguage\":\"de\",\"@id\":\"https:\/\/airporttelecom.com\/de\/sim-karte\/amerika\/#primaryimage\",\"url\":\"https:\/\/airporttelecom.com\/de\/wp-content\/uploads\/sites\/6\/2024\/07\/Simkaart-USA.png\",\"contentUrl\":\"https:\/\/airporttelecom.com\/de\/wp-content\/uploads\/sites\/6\/2024\/07\/Simkaart-USA.png\",\"width\":800,\"height\":319,\"caption\":\"Vereinigte Staaten SIM-Karte\"},{\"@type\":\"BreadcrumbList\",\"@id\":\"https:\/\/airporttelecom.com\/de\/sim-karte\/amerika\/#breadcrumb\",\"itemListElement\":[{\"@type\":\"ListItem\",\"position\":1,\"name\":\"Home\",\"item\":\"https:\/\/airporttelecom.com\/de\/\"},{\"@type\":\"ListItem\",\"position\":2,\"name\":\"SIM-Karte\",\"item\":\"https:\/\/airporttelecom.com\/de\/sim-karte\/\"},{\"@type\":\"ListItem\",\"position\":3,\"name\":\"SIM-Karte Amerika\"}]},{\"@type\":\"WebSite\",\"@id\":\"https:\/\/airporttelecom.com\/de\/#website\",\"url\":\"https:\/\/airporttelecom.com\/de\/\",\"name\":\"Airport Telecom\",\"description\":\"\",\"publisher\":{\"@id\":\"https:\/\/airporttelecom.com\/de\/#organization\"},\"potentialAction\":[{\"@type\":\"SearchAction\",\"target\":{\"@type\":\"EntryPoint\",\"urlTemplate\":\"https:\/\/airporttelecom.com\/de\/?s={search_term_string}\"},\"query-input\":{\"@type\":\"PropertyValueSpecification\",\"valueRequired\":true,\"valueName\":\"search_term_string\"}}],\"inLanguage\":\"de\"},{\"@type\":\"Organization\",\"@id\":\"https:\/\/airporttelecom.com\/de\/#organization\",\"name\":\"Airport Telecom\",\"url\":\"https:\/\/airporttelecom.com\/de\/\",\"logo\":{\"@type\":\"ImageObject\",\"inLanguage\":\"de\",\"@id\":\"https:\/\/airporttelecom.com\/de\/#\/schema\/logo\/image\/\",\"url\":\"https:\/\/airporttelecom.com\/de\/wp-content\/uploads\/sites\/6\/2024\/06\/icon.png?wsr\",\"contentUrl\":\"https:\/\/airporttelecom.com\/de\/wp-content\/uploads\/sites\/6\/2024\/06\/icon.png?wsr\",\"width\":110,\"height\":110,\"caption\":\"Airport Telecom\"},\"image\":{\"@id\":\"https:\/\/airporttelecom.com\/de\/#\/schema\/logo\/image\/\"}}]}<\/script>\n<!-- \/ Yoast SEO Premium plugin. -->","yoast_head_json":{"title":"SIM-Karte Amerika kaufen f\u00fcr prepaid (unbegrenzt) telefonieren und internet - Airport Telecom DE","description":"Auf der Suche nach einem Prepaid SIM-Karte Amerika f\u00fcr (unbegrenzte) Anrufe und Internet? Optimale Erreichbarkeit auf Reisen in Sim-Karte Nordamerika. Jetzt im Verkauf bei !","robots":{"index":"index","follow":"follow","max-snippet":"max-snippet:-1","max-image-preview":"max-image-preview:large","max-video-preview":"max-video-preview:-1"},"canonical":"https:\/\/airporttelecom.com\/de\/sim-karte\/amerika\/","og_locale":"de_DE","og_type":"article","og_title":"SIM-Karte Amerika","og_description":"Auf der Suche nach einem Prepaid SIM-Karte Amerika f\u00fcr (unbegrenzte) Anrufe und Internet? Optimale Erreichbarkeit auf Reisen in Sim-Karte Nordamerika. Jetzt im Verkauf bei !","og_url":"https:\/\/airporttelecom.com\/de\/sim-karte\/amerika\/","og_site_name":"Airport Telecom DE","article_modified_time":"2026-01-23T10:49:52+00:00","og_image":[{"width":800,"height":319,"url":"https:\/\/airporttelecom.com\/de\/wp-content\/uploads\/sites\/6\/2024\/07\/Simkaart-USA.png","type":"image\/png"}],"twitter_card":"summary_large_image","twitter_misc":{"Gesch\u00e4tzte Lesezeit":"1\u00a0Minute"},"schema":{"@context":"https:\/\/schema.org","@graph":[{"@type":"WebPage","@id":"https:\/\/airporttelecom.com\/de\/sim-karte\/amerika\/","url":"https:\/\/airporttelecom.com\/de\/sim-karte\/amerika\/","name":"SIM-Karte Amerika kaufen f\u00fcr prepaid (unbegrenzt) telefonieren und internet - Airport Telecom DE","isPartOf":{"@id":"https:\/\/airporttelecom.com\/de\/#website"},"primaryImageOfPage":{"@id":"https:\/\/airporttelecom.com\/de\/sim-karte\/amerika\/#primaryimage"},"image":{"@id":"https:\/\/airporttelecom.com\/de\/sim-karte\/amerika\/#primaryimage"},"thumbnailUrl":"https:\/\/airporttelecom.com\/de\/wp-content\/uploads\/sites\/6\/2024\/07\/Simkaart-USA.png","datePublished":"2024-07-30T09:54:55+00:00","dateModified":"2026-01-23T10:49:52+00:00","description":"Auf der Suche nach einem Prepaid SIM-Karte Amerika f\u00fcr (unbegrenzte) Anrufe und Internet? Optimale Erreichbarkeit auf Reisen in Sim-Karte Nordamerika. Jetzt im Verkauf bei !","breadcrumb":{"@id":"https:\/\/airporttelecom.com\/de\/sim-karte\/amerika\/#breadcrumb"},"inLanguage":"de","potentialAction":[{"@type":"ReadAction","target":["https:\/\/airporttelecom.com\/de\/sim-karte\/amerika\/"]}]},{"@type":"ImageObject","inLanguage":"de","@id":"https:\/\/airporttelecom.com\/de\/sim-karte\/amerika\/#primaryimage","url":"https:\/\/airporttelecom.com\/de\/wp-content\/uploads\/sites\/6\/2024\/07\/Simkaart-USA.png","contentUrl":"https:\/\/airporttelecom.com\/de\/wp-content\/uploads\/sites\/6\/2024\/07\/Simkaart-USA.png","width":800,"height":319,"caption":"Vereinigte Staaten SIM-Karte"},{"@type":"BreadcrumbList","@id":"https:\/\/airporttelecom.com\/de\/sim-karte\/amerika\/#breadcrumb","itemListElement":[{"@type":"ListItem","position":1,"name":"Home","item":"https:\/\/airporttelecom.com\/de\/"},{"@type":"ListItem","position":2,"name":"SIM-Karte","item":"https:\/\/airporttelecom.com\/de\/sim-karte\/"},{"@type":"ListItem","position":3,"name":"SIM-Karte Amerika"}]},{"@type":"WebSite","@id":"https:\/\/airporttelecom.com\/de\/#website","url":"https:\/\/airporttelecom.com\/de\/","name":"Airport Telecom","description":"","publisher":{"@id":"https:\/\/airporttelecom.com\/de\/#organization"},"potentialAction":[{"@type":"SearchAction","target":{"@type":"EntryPoint","urlTemplate":"https:\/\/airporttelecom.com\/de\/?s={search_term_string}"},"query-input":{"@type":"PropertyValueSpecification","valueRequired":true,"valueName":"search_term_string"}}],"inLanguage":"de"},{"@type":"Organization","@id":"https:\/\/airporttelecom.com\/de\/#organization","name":"Airport Telecom","url":"https:\/\/airporttelecom.com\/de\/","logo":{"@type":"ImageObject","inLanguage":"de","@id":"https:\/\/airporttelecom.com\/de\/#\/schema\/logo\/image\/","url":"https:\/\/airporttelecom.com\/de\/wp-content\/uploads\/sites\/6\/2024\/06\/icon.png?wsr","contentUrl":"https:\/\/airporttelecom.com\/de\/wp-content\/uploads\/sites\/6\/2024\/06\/icon.png?wsr","width":110,"height":110,"caption":"Airport Telecom"},"image":{"@id":"https:\/\/airporttelecom.com\/de\/#\/schema\/logo\/image\/"}}]}},"_links":{"self":[{"href":"https:\/\/airporttelecom.com\/de\/wp-json\/wp\/v2\/product\/799","targetHints":{"allow":["GET"]}}],"collection":[{"href":"https:\/\/airporttelecom.com\/de\/wp-json\/wp\/v2\/product"}],"about":[{"href":"https:\/\/airporttelecom.com\/de\/wp-json\/wp\/v2\/types\/product"}],"replies":[{"embeddable":true,"href":"https:\/\/airporttelecom.com\/de\/wp-json\/wp\/v2\/comments?post=799"}],"wp:featuredmedia":[{"embeddable":true,"href":"https:\/\/airporttelecom.com\/de\/wp-json\/wp\/v2\/media\/1174"}],"wp:attachment":[{"href":"https:\/\/airporttelecom.com\/de\/wp-json\/wp\/v2\/media?parent=799"}],"wp:term":[{"taxonomy":"product_brand","embeddable":true,"href":"https:\/\/airporttelecom.com\/de\/wp-json\/wp\/v2\/product_brand?post=799"},{"taxonomy":"product_cat","embeddable":true,"href":"https:\/\/airporttelecom.com\/de\/wp-json\/wp\/v2\/product_cat?post=799"},{"taxonomy":"product_tag","embeddable":true,"href":"https:\/\/airporttelecom.com\/de\/wp-json\/wp\/v2\/product_tag?post=799"}],"curies":[{"name":"wp","href":"https:\/\/api.w.org\/{rel}","templated":true}]}}