{"id":1943,"date":"2024-10-24T07:54:48","date_gmt":"2024-10-24T07:54:48","guid":{"rendered":"https:\/\/airporttelecom.outperforming.nl\/nl\/?page_id=1943"},"modified":"2025-03-28T12:17:40","modified_gmt":"2025-03-28T12:17:40","slug":"algemene-voorwaarden","status":"publish","type":"page","link":"https:\/\/airporttelecom.com\/fr\/conditions-generales-dutilisation\/","title":{"rendered":"Conditions g\u00e9n\u00e9rales d&rsquo;utilisation"},"content":{"rendered":"<p>Introduction<\/p>\n<p>Vous trouverez ci-dessous nos conditions g\u00e9n\u00e9rales. Celles-ci s&rsquo;appliquent toujours lorsque<br \/>\nvous utilisez ou passez une commande sur notre site web. Les conditions g\u00e9n\u00e9rales de<br \/>\ncontiennent des informations importantes pour vous en tant qu&rsquo;acheteur. Veuillez donc les lire attentivement \u00e0 l&rsquo;adresse<br \/>\n. Nous vous recommandons en outre de sauvegarder ou d&rsquo;imprimer ces conditions g\u00e9n\u00e9rales,<br \/>\n, afin de pouvoir les relire ult\u00e9rieurement.<\/p>\n<p>\u2981 D\u00e9finitions<\/p>\n<p>\u2981 Airport Telecom Online bv : \u00e9tabli \u00e0 ROTTERDAM et enregistr\u00e9 \u00e0 la<br \/>\nChambre de Commerce sous le num\u00e9ro d&rsquo;enregistrement 24329830<br \/>\nop\u00e9rant sous le nom Airport Telecom Online bv.<\/p>\n<p>\u2981 Site web : le site web de Airport Telecom Online bv, accessible via<br \/>\nwww.airporttelecom.nl et tous les sous-domaines associ\u00e9s.<\/p>\n<p>\u2981 Client : le client qui, agissant ou non dans le cadre d&rsquo;une profession ou d&rsquo;une entreprise<br \/>\nconclut un accord avec Airport Telecom Online bv et\/ou s&rsquo;est enregistr\u00e9<br \/>\nsur le site Web.<\/p>\n<p>\u2981 Accord : tout arrangement ou accord entre Airport Telecom Online<br \/>\nbv et le Client, dont les Conditions G\u00e9n\u00e9rales de<br \/>\nfont partie int\u00e9grante.<\/p>\n<p>\u2981 Conditions g\u00e9n\u00e9rales : les pr\u00e9sentes conditions g\u00e9n\u00e9rales.<\/p>\n<p>\u2981 Applicabilit\u00e9 des conditions g\u00e9n\u00e9rales<\/p>\n<p>\u2981 Toutes les offres, accords et livraisons d&rsquo;Airport Telecom<br \/>\nOnline bv sont soumis aux conditions g\u00e9n\u00e9rales, sauf si<br \/>\nen a express\u00e9ment convenu autrement par \u00e9crit.<br \/>\n1<\/p>\n<p>\u2981 Si, dans sa commande, sa confirmation ou sa communication contenant une acceptation, le client inclut<br \/>\ndes dispositions ou des conditions qui diff\u00e8rent des conditions g\u00e9n\u00e9rales ou qui ne<br \/>\nfigurent pas dans les conditions g\u00e9n\u00e9rales, celles-ci ne lient Airport<br \/>\nTelecom Online bv que si et dans la mesure o\u00f9 elles ont \u00e9t\u00e9 express\u00e9ment accept\u00e9es par \u00e9crit par<br \/>\nAirport Telecom Online bv.<\/p>\n<p>\u2981 Dans le cas o\u00f9 des conditions sp\u00e9cifiques \u00e0 un produit ou \u00e0 un service<br \/>\ns&rsquo;appliquent en plus des pr\u00e9sentes conditions g\u00e9n\u00e9rales, ces conditions<br \/>\ns&rsquo;appliquent \u00e9galement, mais en cas de<br \/>\nconditions contradictoires, le client peut toujours s&rsquo;appuyer sur la disposition<br \/>\napplicable qui lui est la plus favorable.<\/p>\n<p>\u2981 Prix et informations<\/p>\n<p>\u2981 Tous les prix indiqu\u00e9s sur le site Web et dans d&rsquo;autres documents provenant d&rsquo;Airport Telecom Online bv comprennent la TVA et, sauf indication contraire sur le site Web<br \/>\n, d&rsquo;autres taxes impos\u00e9es par le gouvernement<br \/>\n.<\/p>\n<p>\u2981 Aucun frais d&rsquo;exp\u00e9dition s\u00e9par\u00e9 ne sera factur\u00e9.<\/p>\n<p>\u2981 Le contenu du site Internet a \u00e9t\u00e9 \u00e9labor\u00e9 avec le plus grand soin.<br \/>\nCependant, Airport Telecom Online bv ne peut pas garantir que toutes les informations de<br \/>\nsur le site Web sont correctes et compl\u00e8tes \u00e0 tout moment. Tous les prix<br \/>\net autres informations sur le site Web et dans d&rsquo;autres documents provenant de Airport<br \/>\nTelecom Online bv sont donc soumis \u00e0<br \/>\nr\u00e9serve d&rsquo;erreurs apparentes de programmation et de frappe.<\/p>\n<p>\u2981 Airport Telecom Online bv ne peut \u00eatre tenu responsable des diff\u00e9rences de<br \/>\n(couleur) dues \u00e0 la qualit\u00e9 de l&rsquo;\u00e9cran.<\/p>\n<p>\u2981 Conclusion du contrat<\/p>\n<p>\u2981 Le contrat est conclu au moment de l&rsquo;acceptation par le client<br \/>\nde l&rsquo;offre faite par Airport Telecom Online bv et de la r\u00e9alisation des conditions<br \/>\nfix\u00e9es par Airport Telecom Online bv.<\/p>\n<p>\u2981 Si le Client a accept\u00e9 l&rsquo;offre par voie \u00e9lectronique, Airport<br \/>\n2<br \/>\nTelecom Online bv confirme imm\u00e9diatement la r\u00e9ception<br \/>\nde l&rsquo;acceptation de l&rsquo;offre par voie \u00e9lectronique. Tant que la r\u00e9ception de cette acceptation<br \/>\nn&rsquo;a pas \u00e9t\u00e9 confirm\u00e9e, le Client a la possibilit\u00e9 de r\u00e9silier l&rsquo;accord<br \/>\n.<\/p>\n<p>\u2981 Si, lors de l&rsquo;acceptation ou de la conclusion de l&rsquo;accord<br \/>\n, il s&rsquo;av\u00e8re que des donn\u00e9es incorrectes ont \u00e9t\u00e9 fournies par le Client,<br \/>\nAirport Telecom Online bv a le droit de remplir son obligation<br \/>\nseulement apr\u00e8s avoir re\u00e7u les donn\u00e9es correctes.<\/p>\n<p>\u2981 Airport Telecom Online bv peut s&rsquo;informer dans le cadre l\u00e9gal<br \/>\nsi le Client peut faire face \u00e0 ses obligations de paiement, mais<br \/>\naussi de tous les faits et facteurs qui sont importants pour une<br \/>\nconclusion responsable du Contrat. Si, sur la base de cette enqu\u00eate, Airport Telecom<br \/>\nOnline bv a de bonnes raisons de ne pas conclure le Contrat<br \/>\n, il est en droit de refuser une commande ou une demande<br \/>\n, en motivant sa d\u00e9cision, ou d&rsquo;assortir l&rsquo;ex\u00e9cution de conditions sp\u00e9ciales<br \/>\n, telles qu&rsquo;un paiement anticip\u00e9.<\/p>\n<p>\u2981 Enregistrement<\/p>\n<p>\u2981 Afin d&rsquo;utiliser le site web de mani\u00e8re optimale, le client peut s&rsquo;enregistrer via le formulaire d&rsquo;enregistrement<br \/>\nou l&rsquo;option de connexion au compte sur le site web.<\/p>\n<p>\u2981 Au cours de la proc\u00e9dure d&rsquo;enregistrement, le client choisit un nom d&rsquo;utilisateur et un mot de passe<br \/>\navec lesquels il peut se connecter au site web apr\u00e8s l&rsquo;enregistrement. Le client est lui-m\u00eame<br \/>\nresponsable du choix d&rsquo;un mot de passe<br \/>\nsuffisamment fiable.<\/p>\n<p>\u2981 Le Client doit garder ses donn\u00e9es de connexion, son nom d&rsquo;utilisateur et son mot de passe strictement confidentiels<br \/>\n. Airport Telecom Online bv n&rsquo;est pas responsable de<br \/>\nl&rsquo;utilisation abusive des donn\u00e9es de connexion et peut toujours supposer qu&rsquo;un Client<br \/>\nqui se connecte au site Web est r\u00e9ellement ce Client.<br \/>\nTout ce qui se passe via le compte du Client est sous la responsabilit\u00e9 et le risque du Client<br \/>\n.<\/p>\n<p>\u2981 Si le client sait ou soup\u00e7onne que ses donn\u00e9es de connexion sont tomb\u00e9es entre les mains de<br \/>\npersonnes non autoris\u00e9es, le client est responsable de toute utilisation abusive de ces donn\u00e9es.<\/p>\n","protected":false},"excerpt":{"rendered":"<p>Introduction Vous trouverez ci-dessous nos conditions g\u00e9n\u00e9rales. Celles-ci s&rsquo;appliquent toujours lorsque vous utilisez ou passez une commande sur notre site.<\/p>\n","protected":false},"author":1,"featured_media":0,"parent":0,"menu_order":0,"comment_status":"closed","ping_status":"closed","template":"","meta":{"_acf_changed":false,"footnotes":""},"class_list":["post-1943","page","type-page","status-publish","hentry"],"acf":[],"yoast_head":"<!-- This site is optimized with the Yoast SEO Premium plugin v24.4 (Yoast SEO v26.9) - https:\/\/yoast.com\/product\/yoast-seo-premium-wordpress\/ -->\n<title>Conditions g\u00e9n\u00e9rales d&#039;utilisation - Airport Telecom FR<\/title>\n<meta name=\"robots\" content=\"index, follow, max-snippet:-1, max-image-preview:large, max-video-preview:-1\" \/>\n<link rel=\"canonical\" href=\"https:\/\/airporttelecom.com\/fr\/conditions-generales-dutilisation\/\" \/>\n<meta property=\"og:locale\" content=\"fr_FR\" \/>\n<meta property=\"og:type\" content=\"article\" \/>\n<meta property=\"og:title\" content=\"Conditions g\u00e9n\u00e9rales d&#039;utilisation\" \/>\n<meta property=\"og:description\" content=\"Introduction Vous trouverez ci-dessous nos conditions g\u00e9n\u00e9rales. Celles-ci s&rsquo;appliquent toujours lorsque vous utilisez ou passez une commande sur notre site.\" \/>\n<meta property=\"og:url\" content=\"https:\/\/airporttelecom.com\/fr\/conditions-generales-dutilisation\/\" \/>\n<meta property=\"og:site_name\" content=\"Airport Telecom FR\" \/>\n<meta property=\"article:modified_time\" content=\"2025-03-28T12:17:40+00:00\" \/>\n<meta name=\"twitter:card\" content=\"summary_large_image\" \/>\n<meta name=\"twitter:label1\" content=\"Dur\u00e9e de lecture estim\u00e9e\" \/>\n\t<meta name=\"twitter:data1\" content=\"5 minutes\" \/>\n<script type=\"application\/ld+json\" class=\"yoast-schema-graph\">{\"@context\":\"https:\/\/schema.org\",\"@graph\":[{\"@type\":\"WebPage\",\"@id\":\"https:\/\/airporttelecom.com\/fr\/conditions-generales-dutilisation\/\",\"url\":\"https:\/\/airporttelecom.com\/fr\/conditions-generales-dutilisation\/\",\"name\":\"Conditions g\u00e9n\u00e9rales d'utilisation - Airport Telecom FR\",\"isPartOf\":{\"@id\":\"https:\/\/airporttelecom.com\/fr\/#website\"},\"datePublished\":\"2024-10-24T07:54:48+00:00\",\"dateModified\":\"2025-03-28T12:17:40+00:00\",\"breadcrumb\":{\"@id\":\"https:\/\/airporttelecom.com\/fr\/conditions-generales-dutilisation\/#breadcrumb\"},\"inLanguage\":\"fr-FR\",\"potentialAction\":[{\"@type\":\"ReadAction\",\"target\":[\"https:\/\/airporttelecom.com\/fr\/conditions-generales-dutilisation\/\"]}]},{\"@type\":\"BreadcrumbList\",\"@id\":\"https:\/\/airporttelecom.com\/fr\/conditions-generales-dutilisation\/#breadcrumb\",\"itemListElement\":[{\"@type\":\"ListItem\",\"position\":1,\"name\":\"Home\",\"item\":\"https:\/\/airporttelecom.com\/fr\/\"},{\"@type\":\"ListItem\",\"position\":2,\"name\":\"Conditions g\u00e9n\u00e9rales d&#8217;utilisation\"}]},{\"@type\":\"WebSite\",\"@id\":\"https:\/\/airporttelecom.com\/fr\/#website\",\"url\":\"https:\/\/airporttelecom.com\/fr\/\",\"name\":\"Airport Telecom\",\"description\":\"\",\"publisher\":{\"@id\":\"https:\/\/airporttelecom.com\/fr\/#organization\"},\"potentialAction\":[{\"@type\":\"SearchAction\",\"target\":{\"@type\":\"EntryPoint\",\"urlTemplate\":\"https:\/\/airporttelecom.com\/fr\/?s={search_term_string}\"},\"query-input\":{\"@type\":\"PropertyValueSpecification\",\"valueRequired\":true,\"valueName\":\"search_term_string\"}}],\"inLanguage\":\"fr-FR\"},{\"@type\":\"Organization\",\"@id\":\"https:\/\/airporttelecom.com\/fr\/#organization\",\"name\":\"Airport Telecom\",\"url\":\"https:\/\/airporttelecom.com\/fr\/\",\"logo\":{\"@type\":\"ImageObject\",\"inLanguage\":\"fr-FR\",\"@id\":\"https:\/\/airporttelecom.com\/fr\/#\/schema\/logo\/image\/\",\"url\":\"https:\/\/airporttelecom.com\/fr\/wp-content\/uploads\/sites\/5\/2024\/06\/icon.png?wsr\",\"contentUrl\":\"https:\/\/airporttelecom.com\/fr\/wp-content\/uploads\/sites\/5\/2024\/06\/icon.png?wsr\",\"width\":110,\"height\":110,\"caption\":\"Airport Telecom\"},\"image\":{\"@id\":\"https:\/\/airporttelecom.com\/fr\/#\/schema\/logo\/image\/\"}}]}<\/script>\n<!-- \/ Yoast SEO Premium plugin. -->","yoast_head_json":{"title":"Conditions g\u00e9n\u00e9rales d'utilisation - Airport Telecom FR","robots":{"index":"index","follow":"follow","max-snippet":"max-snippet:-1","max-image-preview":"max-image-preview:large","max-video-preview":"max-video-preview:-1"},"canonical":"https:\/\/airporttelecom.com\/fr\/conditions-generales-dutilisation\/","og_locale":"fr_FR","og_type":"article","og_title":"Conditions g\u00e9n\u00e9rales d'utilisation","og_description":"Introduction Vous trouverez ci-dessous nos conditions g\u00e9n\u00e9rales. Celles-ci s&rsquo;appliquent toujours lorsque vous utilisez ou passez une commande sur notre site.","og_url":"https:\/\/airporttelecom.com\/fr\/conditions-generales-dutilisation\/","og_site_name":"Airport Telecom FR","article_modified_time":"2025-03-28T12:17:40+00:00","twitter_card":"summary_large_image","twitter_misc":{"Dur\u00e9e de lecture estim\u00e9e":"5 minutes"},"schema":{"@context":"https:\/\/schema.org","@graph":[{"@type":"WebPage","@id":"https:\/\/airporttelecom.com\/fr\/conditions-generales-dutilisation\/","url":"https:\/\/airporttelecom.com\/fr\/conditions-generales-dutilisation\/","name":"Conditions g\u00e9n\u00e9rales d'utilisation - Airport Telecom FR","isPartOf":{"@id":"https:\/\/airporttelecom.com\/fr\/#website"},"datePublished":"2024-10-24T07:54:48+00:00","dateModified":"2025-03-28T12:17:40+00:00","breadcrumb":{"@id":"https:\/\/airporttelecom.com\/fr\/conditions-generales-dutilisation\/#breadcrumb"},"inLanguage":"fr-FR","potentialAction":[{"@type":"ReadAction","target":["https:\/\/airporttelecom.com\/fr\/conditions-generales-dutilisation\/"]}]},{"@type":"BreadcrumbList","@id":"https:\/\/airporttelecom.com\/fr\/conditions-generales-dutilisation\/#breadcrumb","itemListElement":[{"@type":"ListItem","position":1,"name":"Home","item":"https:\/\/airporttelecom.com\/fr\/"},{"@type":"ListItem","position":2,"name":"Conditions g\u00e9n\u00e9rales d&#8217;utilisation"}]},{"@type":"WebSite","@id":"https:\/\/airporttelecom.com\/fr\/#website","url":"https:\/\/airporttelecom.com\/fr\/","name":"Airport Telecom","description":"","publisher":{"@id":"https:\/\/airporttelecom.com\/fr\/#organization"},"potentialAction":[{"@type":"SearchAction","target":{"@type":"EntryPoint","urlTemplate":"https:\/\/airporttelecom.com\/fr\/?s={search_term_string}"},"query-input":{"@type":"PropertyValueSpecification","valueRequired":true,"valueName":"search_term_string"}}],"inLanguage":"fr-FR"},{"@type":"Organization","@id":"https:\/\/airporttelecom.com\/fr\/#organization","name":"Airport Telecom","url":"https:\/\/airporttelecom.com\/fr\/","logo":{"@type":"ImageObject","inLanguage":"fr-FR","@id":"https:\/\/airporttelecom.com\/fr\/#\/schema\/logo\/image\/","url":"https:\/\/airporttelecom.com\/fr\/wp-content\/uploads\/sites\/5\/2024\/06\/icon.png?wsr","contentUrl":"https:\/\/airporttelecom.com\/fr\/wp-content\/uploads\/sites\/5\/2024\/06\/icon.png?wsr","width":110,"height":110,"caption":"Airport Telecom"},"image":{"@id":"https:\/\/airporttelecom.com\/fr\/#\/schema\/logo\/image\/"}}]}},"_links":{"self":[{"href":"https:\/\/airporttelecom.com\/fr\/wp-json\/wp\/v2\/pages\/1943","targetHints":{"allow":["GET"]}}],"collection":[{"href":"https:\/\/airporttelecom.com\/fr\/wp-json\/wp\/v2\/pages"}],"about":[{"href":"https:\/\/airporttelecom.com\/fr\/wp-json\/wp\/v2\/types\/page"}],"author":[{"embeddable":true,"href":"https:\/\/airporttelecom.com\/fr\/wp-json\/wp\/v2\/users\/1"}],"replies":[{"embeddable":true,"href":"https:\/\/airporttelecom.com\/fr\/wp-json\/wp\/v2\/comments?post=1943"}],"version-history":[{"count":7,"href":"https:\/\/airporttelecom.com\/fr\/wp-json\/wp\/v2\/pages\/1943\/revisions"}],"predecessor-version":[{"id":2659,"href":"https:\/\/airporttelecom.com\/fr\/wp-json\/wp\/v2\/pages\/1943\/revisions\/2659"}],"wp:attachment":[{"href":"https:\/\/airporttelecom.com\/fr\/wp-json\/wp\/v2\/media?parent=1943"}],"curies":[{"name":"wp","href":"https:\/\/api.w.org\/{rel}","templated":true}]}}