{"id":3,"date":"2024-06-13T07:53:12","date_gmt":"2024-06-13T07:53:12","guid":{"rendered":"http:\/\/airporttelecom.outperforming.nl\/nl\/?page_id=3"},"modified":"2025-03-28T12:14:13","modified_gmt":"2025-03-28T12:14:13","slug":"privacy-policy","status":"publish","type":"page","link":"https:\/\/airporttelecom.com\/fr\/politique-de-confidentialite\/","title":{"rendered":"Politique de confidentialit\u00e9"},"content":{"rendered":"\r\n<p class=\"wp-block-heading\">Airport Telecom Online bv traite des donn\u00e9es personnelles. Cette d\u00e9claration de confidentialit\u00e9 indique entre autres quelles donn\u00e9es Airport Telecom Online bv traite et pourquoi.<\/p>\r\n<p><strong>De qui les donn\u00e9es personnelles sont-elles trait\u00e9es ? <\/strong><br \/>Airport Telecom Online bv traite les donn\u00e9es de tous ceux qui passent des commandes et font des<br \/> devis.<\/p>\r\n<p><strong>Quelles donn\u00e9es personnelles sont trait\u00e9es ? <\/strong><br \/> Pour les clients qui demandent des devis, le nom, le num\u00e9ro de t\u00e9l\u00e9phone et l&rsquo;adresse e-mail<br \/>sont trait\u00e9s. <Pour les clients qui passent des commandes, il s'agit des donn\u00e9es qui sont n\u00e9cessaires pour pouvoir livrer le service ou le produit en question, comme le nom, l'adresse, le num\u00e9ro de t\u00e9l\u00e9phone, l'adresse e-mail, le num\u00e9ro de compte bancaire, l'identification et l'enregistrement aupr\u00e8s de la Chambre de Commerce.<br \/><br \/>A Airport<br \/>Telecom Online bv ne conserve pas de donn\u00e9es sur les visiteurs de ses sites web. Toutefois, le programme Google Analytics est utilis\u00e9 pour suivre le nombre de visiteurs sur les sites web et pour voir quelles pages sont visit\u00e9es. Il s&rsquo;agit de donn\u00e9es totalement anonymes pour Airport Telecom Online bv.<\/p>\r\n<p><strong>Pour quelle raison les donn\u00e9es personnelles sont-elles trait\u00e9es ? <\/strong><br \/> Premi\u00e8rement, Airport Telecom Online bv traite les donn\u00e9es personnelles afin de pouvoir<br \/> ex\u00e9cuter les accords avec les clients.<br \/><br \/> Deuxi\u00e8mement, Airport Telecom Online bv traite les donn\u00e9es personnelles afin de maintenir<br \/> les comptes d&rsquo;utilisateurs sur les sites web. Il s&rsquo;agit uniquement du nom et de l&rsquo;adresse<br \/>de sorte qu&rsquo;ils ne doivent pas \u00eatre saisis \u00e0 plusieurs reprises par les d\u00e9tenteurs de comptes.<br \/><br \/>Troisi\u00e8mement, Airport Telecom Online bv traite les donn\u00e9es personnelles pour<br \/>les activit\u00e9s de marketing. Il s&rsquo;agit de messages fortement ax\u00e9s sur les produits et services offerts par Airport Telecom Online bv.<br \/><br \/>Dans le cadre des donn\u00e9es personnelles susmentionn\u00e9es, le suivi du sexe peut \u00eatre consid\u00e9r\u00e9 comme une donn\u00e9e sp\u00e9ciale. Cette information est utilis\u00e9e exclusivement pour adresser les clients de mani\u00e8re appropri\u00e9e dans les communications \u00e9crites.<br \/><br \/><strong>Comment les donn\u00e9es personnelles sont-elles prot\u00e9g\u00e9es ? <\/strong><br \/>Les donn\u00e9es personnelles sont conserv\u00e9es avec soin. Les donn\u00e9es ne sont pas conserv\u00e9es plus longtemps que n\u00e9cessaire pour atteindre le but pour lequel elles ont \u00e9t\u00e9 trait\u00e9es et aussi longtemps que la loi exige qu&rsquo;elles soient conserv\u00e9es par Airport Telecom Online bv. Les donn\u00e9es sont stock\u00e9es par Airport<br \/>Telecom Online bv dans un centre de donn\u00e9es s\u00e9curis\u00e9.<\/p>\r\n<p><strong>Destinataires tiers<\/strong><br \/>Dans des cas exceptionnels, Airport Telecom Online bv peut \u00eatre tenu par la loi<br \/>de divulguer des donn\u00e9es personnelles \u00e0 des tiers tels que les autorit\u00e9s judiciaires. En outre, Airport<br \/>Telecom Online bv ne divulguera des donn\u00e9es personnelles \u00e0 des tiers que si<br \/>le consentement des personnes concern\u00e9es a \u00e9t\u00e9 obtenu<\/p>\r\n<p><strong>Pays tiers<\/strong><br \/>Dans certains cas, Airport Telecom Online bv utilise des services de tiers<br \/>parties tels que Google Analytics et Mastercard dont les serveurs et les centres de donn\u00e9es sont situ\u00e9s<br \/>en dehors de l&rsquo;Europe et o\u00f9 la m\u00eame protection des donn\u00e9es n&rsquo;est pas assur\u00e9e<br \/>qu&rsquo;au sein de l&rsquo;Union europ\u00e9enne. Airport Telecom Online bv essaie de minimiser les donn\u00e9es mises \u00e0 disposition de cette mani\u00e8re dans tous les cas. <\/p>\r\n<p><strong>Droits relatifs au traitement des donn\u00e9es personnelles<\/strong><br \/>Les personnes dont les donn\u00e9es sont trait\u00e9es par Airport Telecom Online bv ont<br \/>les droits suivants en ce qui concerne les donn\u00e9es personnelles en question:<br \/><br \/>Information et inspection<br \/>Rectification<br \/>Retention<br \/>Extinction<br \/>Restriction<br \/>Objection\/Objection<br \/>Transf\u00e9rabilit\u00e9<\/p>\r\n<p><strong>Modifications<\/strong><br \/>Les informations contenues dans la pr\u00e9sente d\u00e9claration de confidentialit\u00e9 peuvent \u00eatre modifi\u00e9es ou mises \u00e0 jour de temps \u00e0 autre.ContactAirport Online bv peut apporter des modifications ou des ajouts \u00e0 la pr\u00e9sente d\u00e9claration de confidentialit\u00e9. q.<br \/>Mise \u00e0 jour.<br \/><br \/>Contact<\/strong><br \/>Airport Telecom Online bv<br \/>Linatebaan 71 B<br \/>3045 AH ROTTERDAM<br \/>NEDERLAND<br \/>Tel. 010 &#8211; 262 3303<br \/>Email info@airporttelecom.nl<br \/>www.airporttelecom.com<\/p>","protected":false},"excerpt":{"rendered":"<p>Airport Telecom Online bv traite des donn\u00e9es personnelles. Cette d\u00e9claration de confidentialit\u00e9 indique entre autres quelles donn\u00e9es Airport Telecom Online.<\/p>\n","protected":false},"author":1,"featured_media":0,"parent":0,"menu_order":0,"comment_status":"closed","ping_status":"open","template":"","meta":{"_acf_changed":false,"footnotes":""},"class_list":["post-3","page","type-page","status-publish","hentry"],"acf":[],"yoast_head":"<!-- This site is optimized with the Yoast SEO Premium plugin v24.4 (Yoast SEO v26.9) - https:\/\/yoast.com\/product\/yoast-seo-premium-wordpress\/ -->\n<title>Politique de confidentialit\u00e9 - Airport Telecom FR<\/title>\n<meta name=\"robots\" content=\"index, follow, max-snippet:-1, max-image-preview:large, max-video-preview:-1\" \/>\n<link rel=\"canonical\" href=\"https:\/\/airporttelecom.com\/fr\/politique-de-confidentialite\/\" \/>\n<meta property=\"og:locale\" content=\"fr_FR\" \/>\n<meta property=\"og:type\" content=\"article\" \/>\n<meta property=\"og:title\" content=\"Politique de confidentialit\u00e9\" \/>\n<meta property=\"og:description\" content=\"Airport Telecom Online bv traite des donn\u00e9es personnelles. Cette d\u00e9claration de confidentialit\u00e9 indique entre autres quelles donn\u00e9es Airport Telecom Online.\" \/>\n<meta property=\"og:url\" content=\"https:\/\/airporttelecom.com\/fr\/politique-de-confidentialite\/\" \/>\n<meta property=\"og:site_name\" content=\"Airport Telecom FR\" \/>\n<meta property=\"article:modified_time\" content=\"2025-03-28T12:14:13+00:00\" \/>\n<meta name=\"twitter:card\" content=\"summary_large_image\" \/>\n<meta name=\"twitter:label1\" content=\"Dur\u00e9e de lecture estim\u00e9e\" \/>\n\t<meta name=\"twitter:data1\" content=\"3 minutes\" \/>\n<script type=\"application\/ld+json\" class=\"yoast-schema-graph\">{\"@context\":\"https:\/\/schema.org\",\"@graph\":[{\"@type\":\"WebPage\",\"@id\":\"https:\/\/airporttelecom.com\/fr\/politique-de-confidentialite\/\",\"url\":\"https:\/\/airporttelecom.com\/fr\/politique-de-confidentialite\/\",\"name\":\"Politique de confidentialit\u00e9 - Airport Telecom FR\",\"isPartOf\":{\"@id\":\"https:\/\/airporttelecom.com\/fr\/#website\"},\"datePublished\":\"2024-06-13T07:53:12+00:00\",\"dateModified\":\"2025-03-28T12:14:13+00:00\",\"breadcrumb\":{\"@id\":\"https:\/\/airporttelecom.com\/fr\/politique-de-confidentialite\/#breadcrumb\"},\"inLanguage\":\"fr-FR\",\"potentialAction\":[{\"@type\":\"ReadAction\",\"target\":[\"https:\/\/airporttelecom.com\/fr\/politique-de-confidentialite\/\"]}]},{\"@type\":\"BreadcrumbList\",\"@id\":\"https:\/\/airporttelecom.com\/fr\/politique-de-confidentialite\/#breadcrumb\",\"itemListElement\":[{\"@type\":\"ListItem\",\"position\":1,\"name\":\"Home\",\"item\":\"https:\/\/airporttelecom.com\/fr\/\"},{\"@type\":\"ListItem\",\"position\":2,\"name\":\"Politique de confidentialit\u00e9\"}]},{\"@type\":\"WebSite\",\"@id\":\"https:\/\/airporttelecom.com\/fr\/#website\",\"url\":\"https:\/\/airporttelecom.com\/fr\/\",\"name\":\"Airport Telecom\",\"description\":\"\",\"publisher\":{\"@id\":\"https:\/\/airporttelecom.com\/fr\/#organization\"},\"potentialAction\":[{\"@type\":\"SearchAction\",\"target\":{\"@type\":\"EntryPoint\",\"urlTemplate\":\"https:\/\/airporttelecom.com\/fr\/?s={search_term_string}\"},\"query-input\":{\"@type\":\"PropertyValueSpecification\",\"valueRequired\":true,\"valueName\":\"search_term_string\"}}],\"inLanguage\":\"fr-FR\"},{\"@type\":\"Organization\",\"@id\":\"https:\/\/airporttelecom.com\/fr\/#organization\",\"name\":\"Airport Telecom\",\"url\":\"https:\/\/airporttelecom.com\/fr\/\",\"logo\":{\"@type\":\"ImageObject\",\"inLanguage\":\"fr-FR\",\"@id\":\"https:\/\/airporttelecom.com\/fr\/#\/schema\/logo\/image\/\",\"url\":\"https:\/\/airporttelecom.com\/fr\/wp-content\/uploads\/sites\/5\/2024\/06\/icon.png?wsr\",\"contentUrl\":\"https:\/\/airporttelecom.com\/fr\/wp-content\/uploads\/sites\/5\/2024\/06\/icon.png?wsr\",\"width\":110,\"height\":110,\"caption\":\"Airport Telecom\"},\"image\":{\"@id\":\"https:\/\/airporttelecom.com\/fr\/#\/schema\/logo\/image\/\"}}]}<\/script>\n<!-- \/ Yoast SEO Premium plugin. -->","yoast_head_json":{"title":"Politique de confidentialit\u00e9 - Airport Telecom FR","robots":{"index":"index","follow":"follow","max-snippet":"max-snippet:-1","max-image-preview":"max-image-preview:large","max-video-preview":"max-video-preview:-1"},"canonical":"https:\/\/airporttelecom.com\/fr\/politique-de-confidentialite\/","og_locale":"fr_FR","og_type":"article","og_title":"Politique de confidentialit\u00e9","og_description":"Airport Telecom Online bv traite des donn\u00e9es personnelles. Cette d\u00e9claration de confidentialit\u00e9 indique entre autres quelles donn\u00e9es Airport Telecom Online.","og_url":"https:\/\/airporttelecom.com\/fr\/politique-de-confidentialite\/","og_site_name":"Airport Telecom FR","article_modified_time":"2025-03-28T12:14:13+00:00","twitter_card":"summary_large_image","twitter_misc":{"Dur\u00e9e de lecture estim\u00e9e":"3 minutes"},"schema":{"@context":"https:\/\/schema.org","@graph":[{"@type":"WebPage","@id":"https:\/\/airporttelecom.com\/fr\/politique-de-confidentialite\/","url":"https:\/\/airporttelecom.com\/fr\/politique-de-confidentialite\/","name":"Politique de confidentialit\u00e9 - Airport Telecom FR","isPartOf":{"@id":"https:\/\/airporttelecom.com\/fr\/#website"},"datePublished":"2024-06-13T07:53:12+00:00","dateModified":"2025-03-28T12:14:13+00:00","breadcrumb":{"@id":"https:\/\/airporttelecom.com\/fr\/politique-de-confidentialite\/#breadcrumb"},"inLanguage":"fr-FR","potentialAction":[{"@type":"ReadAction","target":["https:\/\/airporttelecom.com\/fr\/politique-de-confidentialite\/"]}]},{"@type":"BreadcrumbList","@id":"https:\/\/airporttelecom.com\/fr\/politique-de-confidentialite\/#breadcrumb","itemListElement":[{"@type":"ListItem","position":1,"name":"Home","item":"https:\/\/airporttelecom.com\/fr\/"},{"@type":"ListItem","position":2,"name":"Politique de confidentialit\u00e9"}]},{"@type":"WebSite","@id":"https:\/\/airporttelecom.com\/fr\/#website","url":"https:\/\/airporttelecom.com\/fr\/","name":"Airport Telecom","description":"","publisher":{"@id":"https:\/\/airporttelecom.com\/fr\/#organization"},"potentialAction":[{"@type":"SearchAction","target":{"@type":"EntryPoint","urlTemplate":"https:\/\/airporttelecom.com\/fr\/?s={search_term_string}"},"query-input":{"@type":"PropertyValueSpecification","valueRequired":true,"valueName":"search_term_string"}}],"inLanguage":"fr-FR"},{"@type":"Organization","@id":"https:\/\/airporttelecom.com\/fr\/#organization","name":"Airport Telecom","url":"https:\/\/airporttelecom.com\/fr\/","logo":{"@type":"ImageObject","inLanguage":"fr-FR","@id":"https:\/\/airporttelecom.com\/fr\/#\/schema\/logo\/image\/","url":"https:\/\/airporttelecom.com\/fr\/wp-content\/uploads\/sites\/5\/2024\/06\/icon.png?wsr","contentUrl":"https:\/\/airporttelecom.com\/fr\/wp-content\/uploads\/sites\/5\/2024\/06\/icon.png?wsr","width":110,"height":110,"caption":"Airport Telecom"},"image":{"@id":"https:\/\/airporttelecom.com\/fr\/#\/schema\/logo\/image\/"}}]}},"_links":{"self":[{"href":"https:\/\/airporttelecom.com\/fr\/wp-json\/wp\/v2\/pages\/3","targetHints":{"allow":["GET"]}}],"collection":[{"href":"https:\/\/airporttelecom.com\/fr\/wp-json\/wp\/v2\/pages"}],"about":[{"href":"https:\/\/airporttelecom.com\/fr\/wp-json\/wp\/v2\/types\/page"}],"author":[{"embeddable":true,"href":"https:\/\/airporttelecom.com\/fr\/wp-json\/wp\/v2\/users\/1"}],"replies":[{"embeddable":true,"href":"https:\/\/airporttelecom.com\/fr\/wp-json\/wp\/v2\/comments?post=3"}],"version-history":[{"count":3,"href":"https:\/\/airporttelecom.com\/fr\/wp-json\/wp\/v2\/pages\/3\/revisions"}],"predecessor-version":[{"id":2655,"href":"https:\/\/airporttelecom.com\/fr\/wp-json\/wp\/v2\/pages\/3\/revisions\/2655"}],"wp:attachment":[{"href":"https:\/\/airporttelecom.com\/fr\/wp-json\/wp\/v2\/media?parent=3"}],"curies":[{"name":"wp","href":"https:\/\/api.w.org\/{rel}","templated":true}]}}