{"id":1396,"date":"2024-09-12T10:51:02","date_gmt":"2024-09-12T10:51:02","guid":{"rendered":"https:\/\/airporttelecom.outperforming.nl\/nl\/product\/esim-verenigde-staten\/"},"modified":"2026-02-16T14:19:46","modified_gmt":"2026-02-16T14:19:46","slug":"esim-etats-unis","status":"publish","type":"product","link":"https:\/\/airporttelecom.com\/fr\/esim\/etats-unis\/","title":{"rendered":"eSIM \u00c9tats-Unis"},"content":{"rendered":"","protected":false},"excerpt":{"rendered":"","protected":false},"featured_media":1174,"comment_status":"open","ping_status":"closed","template":"","meta":{"_acf_changed":false},"product_brand":[],"product_cat":[16],"product_tag":[46],"class_list":{"0":"post-1396","1":"product","2":"type-product","3":"status-publish","4":"has-post-thumbnail","6":"product_cat-esim","7":"product_tag-esim-amerique-du-nord","9":"first","10":"instock","11":"taxable","12":"shipping-taxable","13":"purchasable","14":"product-type-variable","15":"has-default-attributes"},"acf":{"gebied_afbeelding":1885,"vlag_afbeelding":922,"provider":["BIC"],"product_synoniemen":[{"synoniem":"\u00c9-U"},{"synoniem":"Les \u00c9tats-Unis"},{"synoniem":"Am\u00e9rique"},{"synoniem":"New York"},{"synoniem":"Etats-Unis"},{"synoniem":"Etats Unis"},{"synoniem":"Les Etats Unis"},{"synoniem":"Les Etas-Unis"},{"synoniem":"\u00c9tats-Unis d'Am\u00e9rique"},{"synoniem":"USA"}],"product_bestel_velden":"","product_omschrijving":"<h2>Internet mobile avec eSIM USA<\/h2>\r\nAvec l'eSIM USA illimit\u00e9e, vous pouvez utiliser l'internet mobile partout aux \u00c9tats-Unis. C'est id\u00e9al pour utiliser Internet et vous donne acc\u00e8s \u00e0 la messagerie \u00e9lectronique, \u00e0 Whatsapp, \u00e0 la navigation et \u00e0 d'autres applications Internet via des connexions 4G\/5G rapides. Choisissez un forfait illimit\u00e9 pour la dur\u00e9e dont vous aurez besoin : 7 jours, 14 jours ou 30 jours.\r\n<h2>Forfaits de donn\u00e9es pour les voyages aux \u00c9tats-Unis<\/h2>\r\nLes eSIM pour les \u00c9tats-Unis sont fournies avec un forfait de donn\u00e9es illimit\u00e9 de 7, 14 ou 30 jours :\r\n<h3>eSIM illimit\u00e9e \u00c9tats-Unis 7 jours, \u20ac 23,=<\/h3>\r\n<h3>eSIM illimit\u00e9e \u00c9tats-Unis 14 jours, \u20ac 43,=<\/h3>\r\n<h3>eSIM illimit\u00e9e \u00c9tats-Unis 30 jours, \u20ac 69,=<\/h3>\r\n(*) Veuillez noter qu'une Politique d'Utilisation \u00c9quitable est en vigueur. En cas de consommation de donn\u00e9es excessive, le fournisseur se r\u00e9serve le droit de restreindre les capacit\u00e9s de la carte (e)SIM. Cette Politique d'Utilisation \u00c9quitable repose sur le principe d'un utilisateur unique par carte (e)SIM. Une utilisation qualifi\u00e9e de normale \u2014 incluant la navigation, la consultation d'e-mails, la recherche sur internet, l'\u00e9change de messages et appels via WhatsApp, ainsi que l'utilisation d'applications telles qu'Instagram et Snapchat\u2014 n'activera pas cette politique. Cependant, une utilisation intensive telle que la visualisation prolong\u00e9e de contenus sur YouTube ou TikTok, l'utilisation intensive de services de streaming (par exemple, Netflix) et la t\u00e9l\u00e9vision en ligne, particuli\u00e8rement lorsque combin\u00e9e au partage de connexion via un point d'acc\u00e8s mobile (hotspot) ou un routeur par plusieurs individus, est susceptible de contrevenir \u00e0 cette politique.\r\n\r\nLes eSIM pour les \u00c9tats-Unis ont une excellente couverture nationale sur les r\u00e9seaux 4G et 5G d'AT&amp;T et de T-Mobile. Aucune inscription de l'utilisateur n'est requise aux \u00c9tats-Unis. \u00c0 l'arriv\u00e9e aux \u00c9tats-Unis, Internet se met automatiquement en marche. L'eSIM USA est adapt\u00e9e au partage de connexion et peut \u00e9galement \u00eatre utilis\u00e9e pour les hotspots et les MIFI.\r\n<h2>Whatsapp avec l'eSIM \u00c9tats-Unis<\/h2>\r\nAvec l'eSIM am\u00e9ricaine, vous pouvez continuer \u00e0 utiliser toutes les applications de votre t\u00e9l\u00e9phone comme vous en avez l'habitude. Cela inclut Whatsapp. Une fois que WhatsApp aura d\u00e9tect\u00e9 la pr\u00e9sence d'une autre eSIM dans votre t\u00e9l\u00e9phone, il vous demandera si vous souhaitez cr\u00e9er un nouveau compte ou si vous pr\u00e9f\u00e9rez conserver votre compte existant. Si vous choisissez la deuxi\u00e8me option, rien ne changera sur WhatsApp. Vous conserverez votre identit\u00e9 WhatsApp existante avec tous vos contacts, groupes et discussions. Vous pourrez \u00e9galement passer des appels vocaux et vid\u00e9o avec WhatsApp, qui utilisera le forfait de donn\u00e9es de l'eSIM.\r\n<h2>Couverture avec un t\u00e9l\u00e9phone aux \u00c9tats-Unis<\/h2>\r\nComme l'eSIM illimit\u00e9e utilise les r\u00e9seaux am\u00e9ricains AT&amp;T et T-Mobile, la couverture du t\u00e9l\u00e9phone portable est tr\u00e8s bonne. Envoyer des photos de Broadway ou de Central Park \u00e0 New York est un jeu d'enfant. Gr\u00e2ce \u00e0 la navigation sur l'iPhone ou le t\u00e9l\u00e9phone Android, vous pouvez facilement trouver les studios d'Hollywood ou le Golden Gate Bridge \u00e0 San Francisco. Il convient toutefois de noter que les \u00c9tats-Unis sont un pays immense avec de vastes zones isol\u00e9es telles que les Rocheuses et des parcs nationaux comme celui de Sequoia. Dans ces r\u00e9gions, les r\u00e9seaux de t\u00e9l\u00e9phonie mobile ne fonctionnent souvent pas car il n'y a pratiquement personne. \u00c0 Las Vegas, la couverture est parfaite, mais si vous vous d\u00e9placez dans le d\u00e9sert de Mojave voisin, vous ne pourrez probablement pas utiliser Whatsapp car le d\u00e9sert est trop isol\u00e9. Partout dans les villes am\u00e9ricaines normalement habit\u00e9es, de Sunset Boulevard \u00e0 Dallas et de Seattle \u00e0 Houston, le t\u00e9l\u00e9phone portable avec eSIM peut \u00eatre utilis\u00e9 parfaitement pour Internet.\r\n<h2>Recevez l\u2019eSIM pour l'\u00c9tats-Unis rapidement par e-mail<\/h2>\r\nApr\u00e8s avoir pass\u00e9 votre commande, vous recevrez l'eSIM USA par e-mail. Tr\u00e8s rapide et facile, et peu importe o\u00f9 vous vous trouvez dans le monde.","product_specificaties":"<h2>Avantages <span class=\"\u00ab\" lang=\"\u00ab\" xml:lang=\"\u00ab\" data-contrast=\"\u00ab\"><span class=\"\u00ab\">eSIM <\/span><\/span>\u00c9tats-Unis<\/h2>\r\n<ul>\r\n \t<li>L'eSIM am\u00e9ricaine est compatible avec le tethering et peut donc \u00e9galement \u00eatre utilis\u00e9e pour les hotspots et les MIFI.<\/li>\r\n \t<li class=\"\u00ab\">L'eSIM pour les \u00c9tats-Unis vous sera envoy\u00e9e par e-mail. Il s'agit d'un code QR qui doit \u00eatre scann\u00e9 avec le t\u00e9l\u00e9phone. Cela peut \u00eatre fait m\u00eame si vous \u00eates d\u00e9j\u00e0 aux \u00c9tats-Unis ou si vous partez \u00e0 tr\u00e8s court terme.<\/li>\r\n \t<li class=\"\u00ab\">L'avantage de l'eSIM est que vous pouvez g\u00e9rer votre trafic de donn\u00e9es aux \u00c9tats-Unis via le forfait de donn\u00e9es pr\u00e9pay\u00e9 tout en \u00e9tant joignable sur votre propre num\u00e9ro de t\u00e9l\u00e9phone portable pendant votre s\u00e9jour l\u00e0-bas.<\/li>\r\n \t<li>L'eSIM ne peut \u00eatre utilis\u00e9e que dans les t\u00e9l\u00e9phones qui s'y pr\u00eatent. V\u00e9rifiez bien cela avant de choisir l'eSIM. L'eSIM peut \u00eatre utilis\u00e9e dans les iPhone XS, XS Max, XR, iPhone 11, 12, 13, 14, 15, 16 et plus. Si une eSIM n'est pas possible dans votre t\u00e9l\u00e9phone, vous pouvez alors choisir notre <a title=\"\u00ab\" href=\"\u00ab\">carte SIM USA<\/a> physique normale.\r\n<h3>eSIM America illimit\u00e9e 7 jours, \u20ac 23,=<\/h3>\r\n<ul>\r\n \t<li>Donn\u00e9es illimit\u00e9es dans tous les \u00c9tats-Unis*<\/li>\r\n \t<li>Offre group\u00e9e valable 7 jours. Le rechargement peut \u00eatre effectu\u00e9 via ce site Web.<\/li>\r\n<\/ul>\r\n<h3>eSIM America illimit\u00e9e 14 jours, \u20ac 43,=<\/h3>\r\n<ul>\r\n \t<li>Donn\u00e9es illimit\u00e9es dans tous les \u00c9tats-Unis*<\/li>\r\n \t<li>Offre group\u00e9e valable pendant 14 jours. Le rechargement peut \u00eatre effectu\u00e9 via ce site Web.<\/li>\r\n<\/ul>\r\n<h3>eSIM America illimit\u00e9e 30 jours, \u20ac 69,=<\/h3>\r\n<ul>\r\n \t<li>Donn\u00e9es illimit\u00e9es dans tous les \u00c9tats-Unis*<\/li>\r\n \t<li>Offre group\u00e9e valable 30 jours. Le rechargement peut \u00eatre effectu\u00e9 via ce site Web.<\/li>\r\n<\/ul>\r\n(*) Il existe une politique d'utilisation \u00e9quitable. En cas d'utilisation extr\u00eame des donn\u00e9es, le fournisseur aux \u00c9tats-Unis peut limiter les capacit\u00e9s.<\/li>\r\n<\/ul>","product_handleiding":"<h2>Voyager avec eSIM \u00c9tats-Unis | Manuel<\/h2>\r\n<h3>Installer eSIM America<\/h3>\r\nL'installation d'une eSIM est facile en scannant le code QR que vous recevez apr\u00e8s la commande. Scannez ce code QR avec votre smartphone. L'installation se d\u00e9roule ensuite automatiquement. Important : une connexion Internet fonctionnelle est n\u00e9cessaire pour ajouter l'eSIM.\r\n<h3>Installer eSIM sur iPhone<\/h3>\r\nL'eSIM s'installe en scannant le code QR. Sur iPhone, le plus simple est d'aller dans R\u00e9glages &gt; Donn\u00e9es cellulaires &gt; Ajouter eSIM. Scannez ensuite le code QR.\r\n<h3>installer l'eSIM sur un t\u00e9l\u00e9phone Samsung ou autre Android<\/h3>\r\nL'eSIM s'installe en scannant le code QR. Allez dans Param\u00e8tres &gt; Connexions &gt; Gestion de la carte SIM. Appuyez sur Ajouter une eSIM puis sur Scanner le code QR. Scannez le code QR\r\n<h3>Conseils pratiques pour installer l'eSIM sur le t\u00e9l\u00e9phone<\/h3>\r\n<ul>\r\n \t<li>Assurez-vous d'avoir une connexion Internet fonctionnelle pendant l'installation<\/li>\r\n \t<li>Activez les donn\u00e9es mobiles et l'itin\u00e9rance des donn\u00e9es sur l'eSIM.<\/li>\r\n \t<li>D\u00e9sactivez exactement les donn\u00e9es mobiles et l'itin\u00e9rance des donn\u00e9es sur votre propre carte SIM pour \u00e9viter des frais de donn\u00e9es \u00e9lev\u00e9s en dehors de l'Europe.<\/li>\r\n \t<li>Le code QR d'une eSIM ne peut \u00eatre utilis\u00e9 qu'une seule fois. Il n'est donc pas possible de transf\u00e9rer une eSIM sur un autre t\u00e9l\u00e9phone.<\/li>\r\n<\/ul>\r\n<h3>Contact en cas de questions<\/h3>\r\nSi vous avez des questions, veuillez contacter Airport Telecom au num\u00e9ro de t\u00e9l\u00e9phone +31 (0) 20 6530999.\r\n<h3>Plus d'informations<\/h3>\r\nConsultez \u00e9galement notre <a href=\"\u00ab\">blog sur l'eSIM<\/a>","product_veelgestelde_vragen":[{"vraag":"Quel esim utiliser aux \u00c9tats-Unis ?","antwoord":"Avec les nouveaux forfaits eSIM pour les \u00c9tats-Unis, vous pouvez d\u00e9sormais choisir une eSIM illimit\u00e9e pendant 7, 14 ou 30 jours. Profitez d'un acc\u00e8s illimit\u00e9 \u00e0 l'internet mobile pour WhatsApp, Instagram et la navigation pendant votre s\u00e9jour aux \u00c9tats-Unis."},{"vraag":"O\u00f9 peut-on acheter une esim pour l'Am\u00e9rique ?","antwoord":"Achetez une eSIM pour l'Am\u00e9rique en ligne aupr\u00e8s d'Airport Telecom. Vous recevrez la eSIM par e-mail. Il s'agit d'un code QR qui doit \u00eatre scann\u00e9 avec votre t\u00e9l\u00e9phone. Vous pouvez donc le faire m\u00eame si vous \u00eates d\u00e9j\u00e0 aux \u00cbtats Unis ou si vous partez dans un d\u00e9lai tr\u00e8s court."}]},"yoast_head":"<!-- This site is optimized with the Yoast SEO Premium plugin v24.4 (Yoast SEO v26.9) - https:\/\/yoast.com\/product\/yoast-seo-premium-wordpress\/ -->\n<title>eSIM \u00c9tats-Unis achat d&#039;appels et d&#039;Internet pr\u00e9pay\u00e9s (illimit\u00e9s) - Airport Telecom FR<\/title>\n<meta name=\"description\" content=\"Recherche carte pr\u00e9pay\u00e9e eSIM \u00c9tats-Unis pour les appels (illimit\u00e9s) et Internet ? Accessible de mani\u00e8re optimale lors de d\u00e9placements en eSIM Am\u00e9rique du Nord. Maintenant en vente chez !\" \/>\n<meta name=\"robots\" content=\"index, follow, max-snippet:-1, max-image-preview:large, max-video-preview:-1\" \/>\n<link rel=\"canonical\" href=\"https:\/\/airporttelecom.com\/fr\/esim\/etats-unis\/\" \/>\n<meta property=\"og:locale\" content=\"fr_FR\" \/>\n<meta property=\"og:type\" content=\"article\" \/>\n<meta property=\"og:title\" content=\"eSIM \u00c9tats-Unis\" \/>\n<meta property=\"og:description\" content=\"Recherche carte pr\u00e9pay\u00e9e eSIM \u00c9tats-Unis pour les appels (illimit\u00e9s) et Internet ? Accessible de mani\u00e8re optimale lors de d\u00e9placements en eSIM Am\u00e9rique du Nord. Maintenant en vente chez !\" \/>\n<meta property=\"og:url\" content=\"https:\/\/airporttelecom.com\/fr\/esim\/etats-unis\/\" \/>\n<meta property=\"og:site_name\" content=\"Airport Telecom FR\" \/>\n<meta property=\"article:modified_time\" content=\"2026-02-16T14:19:46+00:00\" \/>\n<meta property=\"og:image\" content=\"https:\/\/airporttelecom.com\/fr\/wp-content\/uploads\/sites\/5\/2024\/07\/Simkaart-USA.png\" \/>\n\t<meta property=\"og:image:width\" content=\"800\" \/>\n\t<meta property=\"og:image:height\" content=\"319\" \/>\n\t<meta property=\"og:image:type\" content=\"image\/png\" \/>\n<meta name=\"twitter:card\" content=\"summary_large_image\" \/>\n<meta name=\"twitter:label1\" content=\"Dur\u00e9e de lecture estim\u00e9e\" \/>\n\t<meta name=\"twitter:data1\" content=\"1 minute\" \/>\n<script type=\"application\/ld+json\" class=\"yoast-schema-graph\">{\"@context\":\"https:\/\/schema.org\",\"@graph\":[{\"@type\":\"WebPage\",\"@id\":\"https:\/\/airporttelecom.com\/fr\/esim\/etats-unis\/\",\"url\":\"https:\/\/airporttelecom.com\/fr\/esim\/etats-unis\/\",\"name\":\"eSIM \u00c9tats-Unis achat d'appels et d'Internet pr\u00e9pay\u00e9s (illimit\u00e9s) - Airport Telecom FR\",\"isPartOf\":{\"@id\":\"https:\/\/airporttelecom.com\/fr\/#website\"},\"primaryImageOfPage\":{\"@id\":\"https:\/\/airporttelecom.com\/fr\/esim\/etats-unis\/#primaryimage\"},\"image\":{\"@id\":\"https:\/\/airporttelecom.com\/fr\/esim\/etats-unis\/#primaryimage\"},\"thumbnailUrl\":\"https:\/\/airporttelecom.com\/fr\/wp-content\/uploads\/sites\/5\/2024\/07\/Simkaart-USA.png\",\"datePublished\":\"2024-09-12T10:51:02+00:00\",\"dateModified\":\"2026-02-16T14:19:46+00:00\",\"description\":\"Recherche carte pr\u00e9pay\u00e9e eSIM \u00c9tats-Unis pour les appels (illimit\u00e9s) et Internet ? Accessible de mani\u00e8re optimale lors de d\u00e9placements en eSIM Am\u00e9rique du Nord. Maintenant en vente chez !\",\"breadcrumb\":{\"@id\":\"https:\/\/airporttelecom.com\/fr\/esim\/etats-unis\/#breadcrumb\"},\"inLanguage\":\"fr-FR\",\"potentialAction\":[{\"@type\":\"ReadAction\",\"target\":[\"https:\/\/airporttelecom.com\/fr\/esim\/etats-unis\/\"]}]},{\"@type\":\"ImageObject\",\"inLanguage\":\"fr-FR\",\"@id\":\"https:\/\/airporttelecom.com\/fr\/esim\/etats-unis\/#primaryimage\",\"url\":\"https:\/\/airporttelecom.com\/fr\/wp-content\/uploads\/sites\/5\/2024\/07\/Simkaart-USA.png\",\"contentUrl\":\"https:\/\/airporttelecom.com\/fr\/wp-content\/uploads\/sites\/5\/2024\/07\/Simkaart-USA.png\",\"width\":800,\"height\":319,\"caption\":\"Carte SIM pour les \u00c9tats-Unis\"},{\"@type\":\"BreadcrumbList\",\"@id\":\"https:\/\/airporttelecom.com\/fr\/esim\/etats-unis\/#breadcrumb\",\"itemListElement\":[{\"@type\":\"ListItem\",\"position\":1,\"name\":\"Home\",\"item\":\"https:\/\/airporttelecom.com\/fr\/\"},{\"@type\":\"ListItem\",\"position\":2,\"name\":\"eSIM\",\"item\":\"https:\/\/airporttelecom.com\/fr\/esim\/\"},{\"@type\":\"ListItem\",\"position\":3,\"name\":\"\u00c9tats-Unis\"}]},{\"@type\":\"WebSite\",\"@id\":\"https:\/\/airporttelecom.com\/fr\/#website\",\"url\":\"https:\/\/airporttelecom.com\/fr\/\",\"name\":\"Airport Telecom\",\"description\":\"\",\"publisher\":{\"@id\":\"https:\/\/airporttelecom.com\/fr\/#organization\"},\"potentialAction\":[{\"@type\":\"SearchAction\",\"target\":{\"@type\":\"EntryPoint\",\"urlTemplate\":\"https:\/\/airporttelecom.com\/fr\/?s={search_term_string}\"},\"query-input\":{\"@type\":\"PropertyValueSpecification\",\"valueRequired\":true,\"valueName\":\"search_term_string\"}}],\"inLanguage\":\"fr-FR\"},{\"@type\":\"Organization\",\"@id\":\"https:\/\/airporttelecom.com\/fr\/#organization\",\"name\":\"Airport Telecom\",\"url\":\"https:\/\/airporttelecom.com\/fr\/\",\"logo\":{\"@type\":\"ImageObject\",\"inLanguage\":\"fr-FR\",\"@id\":\"https:\/\/airporttelecom.com\/fr\/#\/schema\/logo\/image\/\",\"url\":\"https:\/\/airporttelecom.com\/fr\/wp-content\/uploads\/sites\/5\/2024\/06\/icon.png?wsr\",\"contentUrl\":\"https:\/\/airporttelecom.com\/fr\/wp-content\/uploads\/sites\/5\/2024\/06\/icon.png?wsr\",\"width\":110,\"height\":110,\"caption\":\"Airport Telecom\"},\"image\":{\"@id\":\"https:\/\/airporttelecom.com\/fr\/#\/schema\/logo\/image\/\"}}]}<\/script>\n<!-- \/ Yoast SEO Premium plugin. -->","yoast_head_json":{"title":"eSIM \u00c9tats-Unis achat d'appels et d'Internet pr\u00e9pay\u00e9s (illimit\u00e9s) - Airport Telecom FR","description":"Recherche carte pr\u00e9pay\u00e9e eSIM \u00c9tats-Unis pour les appels (illimit\u00e9s) et Internet ? Accessible de mani\u00e8re optimale lors de d\u00e9placements en eSIM Am\u00e9rique du Nord. Maintenant en vente chez !","robots":{"index":"index","follow":"follow","max-snippet":"max-snippet:-1","max-image-preview":"max-image-preview:large","max-video-preview":"max-video-preview:-1"},"canonical":"https:\/\/airporttelecom.com\/fr\/esim\/etats-unis\/","og_locale":"fr_FR","og_type":"article","og_title":"eSIM \u00c9tats-Unis","og_description":"Recherche carte pr\u00e9pay\u00e9e eSIM \u00c9tats-Unis pour les appels (illimit\u00e9s) et Internet ? Accessible de mani\u00e8re optimale lors de d\u00e9placements en eSIM Am\u00e9rique du Nord. Maintenant en vente chez !","og_url":"https:\/\/airporttelecom.com\/fr\/esim\/etats-unis\/","og_site_name":"Airport Telecom FR","article_modified_time":"2026-02-16T14:19:46+00:00","og_image":[{"width":800,"height":319,"url":"https:\/\/airporttelecom.com\/fr\/wp-content\/uploads\/sites\/5\/2024\/07\/Simkaart-USA.png","type":"image\/png"}],"twitter_card":"summary_large_image","twitter_misc":{"Dur\u00e9e de lecture estim\u00e9e":"1 minute"},"schema":{"@context":"https:\/\/schema.org","@graph":[{"@type":"WebPage","@id":"https:\/\/airporttelecom.com\/fr\/esim\/etats-unis\/","url":"https:\/\/airporttelecom.com\/fr\/esim\/etats-unis\/","name":"eSIM \u00c9tats-Unis achat d'appels et d'Internet pr\u00e9pay\u00e9s (illimit\u00e9s) - Airport Telecom FR","isPartOf":{"@id":"https:\/\/airporttelecom.com\/fr\/#website"},"primaryImageOfPage":{"@id":"https:\/\/airporttelecom.com\/fr\/esim\/etats-unis\/#primaryimage"},"image":{"@id":"https:\/\/airporttelecom.com\/fr\/esim\/etats-unis\/#primaryimage"},"thumbnailUrl":"https:\/\/airporttelecom.com\/fr\/wp-content\/uploads\/sites\/5\/2024\/07\/Simkaart-USA.png","datePublished":"2024-09-12T10:51:02+00:00","dateModified":"2026-02-16T14:19:46+00:00","description":"Recherche carte pr\u00e9pay\u00e9e eSIM \u00c9tats-Unis pour les appels (illimit\u00e9s) et Internet ? Accessible de mani\u00e8re optimale lors de d\u00e9placements en eSIM Am\u00e9rique du Nord. Maintenant en vente chez !","breadcrumb":{"@id":"https:\/\/airporttelecom.com\/fr\/esim\/etats-unis\/#breadcrumb"},"inLanguage":"fr-FR","potentialAction":[{"@type":"ReadAction","target":["https:\/\/airporttelecom.com\/fr\/esim\/etats-unis\/"]}]},{"@type":"ImageObject","inLanguage":"fr-FR","@id":"https:\/\/airporttelecom.com\/fr\/esim\/etats-unis\/#primaryimage","url":"https:\/\/airporttelecom.com\/fr\/wp-content\/uploads\/sites\/5\/2024\/07\/Simkaart-USA.png","contentUrl":"https:\/\/airporttelecom.com\/fr\/wp-content\/uploads\/sites\/5\/2024\/07\/Simkaart-USA.png","width":800,"height":319,"caption":"Carte SIM pour les \u00c9tats-Unis"},{"@type":"BreadcrumbList","@id":"https:\/\/airporttelecom.com\/fr\/esim\/etats-unis\/#breadcrumb","itemListElement":[{"@type":"ListItem","position":1,"name":"Home","item":"https:\/\/airporttelecom.com\/fr\/"},{"@type":"ListItem","position":2,"name":"eSIM","item":"https:\/\/airporttelecom.com\/fr\/esim\/"},{"@type":"ListItem","position":3,"name":"\u00c9tats-Unis"}]},{"@type":"WebSite","@id":"https:\/\/airporttelecom.com\/fr\/#website","url":"https:\/\/airporttelecom.com\/fr\/","name":"Airport Telecom","description":"","publisher":{"@id":"https:\/\/airporttelecom.com\/fr\/#organization"},"potentialAction":[{"@type":"SearchAction","target":{"@type":"EntryPoint","urlTemplate":"https:\/\/airporttelecom.com\/fr\/?s={search_term_string}"},"query-input":{"@type":"PropertyValueSpecification","valueRequired":true,"valueName":"search_term_string"}}],"inLanguage":"fr-FR"},{"@type":"Organization","@id":"https:\/\/airporttelecom.com\/fr\/#organization","name":"Airport Telecom","url":"https:\/\/airporttelecom.com\/fr\/","logo":{"@type":"ImageObject","inLanguage":"fr-FR","@id":"https:\/\/airporttelecom.com\/fr\/#\/schema\/logo\/image\/","url":"https:\/\/airporttelecom.com\/fr\/wp-content\/uploads\/sites\/5\/2024\/06\/icon.png?wsr","contentUrl":"https:\/\/airporttelecom.com\/fr\/wp-content\/uploads\/sites\/5\/2024\/06\/icon.png?wsr","width":110,"height":110,"caption":"Airport Telecom"},"image":{"@id":"https:\/\/airporttelecom.com\/fr\/#\/schema\/logo\/image\/"}}]}},"_links":{"self":[{"href":"https:\/\/airporttelecom.com\/fr\/wp-json\/wp\/v2\/product\/1396","targetHints":{"allow":["GET"]}}],"collection":[{"href":"https:\/\/airporttelecom.com\/fr\/wp-json\/wp\/v2\/product"}],"about":[{"href":"https:\/\/airporttelecom.com\/fr\/wp-json\/wp\/v2\/types\/product"}],"replies":[{"embeddable":true,"href":"https:\/\/airporttelecom.com\/fr\/wp-json\/wp\/v2\/comments?post=1396"}],"wp:featuredmedia":[{"embeddable":true,"href":"https:\/\/airporttelecom.com\/fr\/wp-json\/wp\/v2\/media\/1174"}],"wp:attachment":[{"href":"https:\/\/airporttelecom.com\/fr\/wp-json\/wp\/v2\/media?parent=1396"}],"wp:term":[{"taxonomy":"product_brand","embeddable":true,"href":"https:\/\/airporttelecom.com\/fr\/wp-json\/wp\/v2\/product_brand?post=1396"},{"taxonomy":"product_cat","embeddable":true,"href":"https:\/\/airporttelecom.com\/fr\/wp-json\/wp\/v2\/product_cat?post=1396"},{"taxonomy":"product_tag","embeddable":true,"href":"https:\/\/airporttelecom.com\/fr\/wp-json\/wp\/v2\/product_tag?post=1396"}],"curies":[{"name":"wp","href":"https:\/\/api.w.org\/{rel}","templated":true}]}}