{"id":1458,"date":"2024-09-12T10:51:22","date_gmt":"2024-09-12T10:51:22","guid":{"rendered":"https:\/\/airporttelecom.outperforming.nl\/nl\/product\/esim-georgie\/"},"modified":"2025-04-29T12:04:01","modified_gmt":"2025-04-29T12:04:01","slug":"esim-georgie","status":"publish","type":"product","link":"https:\/\/airporttelecom.com\/fr\/esim\/georgie\/","title":{"rendered":"eSIM G\u00e9orgie"},"content":{"rendered":"","protected":false},"excerpt":{"rendered":"","protected":false},"featured_media":1058,"comment_status":"open","ping_status":"closed","template":"","meta":{"_acf_changed":false},"product_brand":[],"product_cat":[16],"product_tag":[22],"class_list":{"0":"post-1458","1":"product","2":"type-product","3":"status-publish","4":"has-post-thumbnail","6":"product_cat-esim","7":"product_tag-esim-europe","9":"first","10":"instock","11":"taxable","12":"shipping-taxable","13":"purchasable","14":"product-type-variable","15":"has-default-attributes"},"acf":{"gebied_afbeelding":837,"vlag_afbeelding":836,"provider":["NEX"],"product_synoniemen":null,"product_bestel_velden":["vertrekdatum"],"product_omschrijving":"<h2><span data-contrast=\"\u00ab\">Couverture mobile avec une eSIM G\u00e9orgie<\/span><\/h2>\r\n<span data-contrast=\"\u00ab\">Avec une eSIM pr\u00e9pay\u00e9e Georgia d'Airport Telecom, vous pouvez utiliser l'Internet mobile dans toute la G\u00e9orgie. Vous pouvez choisir parmi diff\u00e9rents forfaits de donn\u00e9es et d'appels. Ces forfaits sont parfaits pour l'utilisation d'Internet et vous donnent acc\u00e8s \u00e0 la messagerie \u00e9lectronique, \u00e0 Whatsapp, \u00e0 la navigation et \u00e0 d'autres applications Internet gr\u00e2ce \u00e0 une connexion 4G\/5G rapide.<\/span>\r\n<h2><span data-contrast=\"\u00ab\">Donn\u00e9es en G\u00e9orgie<\/span><\/h2>\r\n<span data-contrast=\"\u00ab\">L'eSIM pour la G\u00e9orgie est fournie avec un forfait de 10GB et un forfait de donn\u00e9es illimit\u00e9. Chaque eSIM poss\u00e8de son propre num\u00e9ro de t\u00e9l\u00e9phone sur lequel vous pouvez recevoir des appels gratuits en G\u00e9orgie. Avec l'eSIM de 10GB et l'eSIM illimit\u00e9e pour la G\u00e9orgie, les appels en G\u00e9orgie sont \u00e9galement inclus. <\/span>\r\n<h2><span data-contrast=\"\u00ab\">Whatsapp avec eSIM G\u00e9orgie<\/span><\/h2>\r\n<span data-contrast=\"\u00ab\">Tous les appels passant par Internet, comme ceux effectu\u00e9s avec Whatsapp, Skype et FaceTime, sont bien s\u00fbr \u00e9galement possibles avec les eSIM pour la G\u00e9orgie. Vous utiliserez alors le forfait de donn\u00e9es sur l'eSIM. Vous pouvez toujours continuer \u00e0 utiliser Whatsapp avec vos propres contacts, groupes et chats existants. Apr\u00e8s avoir install\u00e9 une eSIM pr\u00e9pay\u00e9e, Whatsapp peut vous demander si vous souhaitez cr\u00e9er une nouvelle identit\u00e9 ou si tout doit rester tel quel. Si c'est le cas, choisissez la deuxi\u00e8me option et rien ne changera. Vous pourrez ensuite continuer \u00e0 envoyer des messages et \u00e0 passer des appels avec Whatsapp comme d'habitude. <\/span>\r\n<h2><span data-contrast=\"\u00ab\">Couverture en G\u00e9orgie<\/span><\/h2>\r\n<span data-contrast=\"\u00ab\">La couverture des r\u00e9seaux mobiles est g\u00e9n\u00e9ralement excellente en G\u00e9orgie. C'est particuli\u00e8rement vrai dans les grandes villes telles que Tbilissi et Batoumi sur la mer Noire. Dans les zones naturelles tr\u00e8s recul\u00e9es, la couverture peut \u00eatre un peu moins bonne. Sinon, la couverture est bonne dans tous les villages et villes avec l'eSim pour la G\u00e9orgie.<\/span>\r\n<h2><span data-contrast=\"\u00ab\">eSIM G\u00e9orgie re\u00e7ue par e-mail<\/span><\/h2>\r\n<span data-contrast=\"\u00ab\">Vous recevrez l'eSIM pour la G\u00e9orgie par e-mail. C'est tr\u00e8s rapide et cela peut \u00eatre fait m\u00eame si vous \u00eates d\u00e9j\u00e0 en G\u00e9orgie ou si vous partez \u00e0 tr\u00e8s court terme.<\/span>\r\n\r\n&nbsp;","product_specificaties":"<h2><span data-contrast=\"\u00ab\">Avantages de l'eSIM G\u00e9orgie<\/span><\/h2>\r\n<span data-contrast=\"\u00ab\">L'eSIM G\u00e9orgie est compatible avec le tethering, elle peut donc \u00e9galement \u00eatre utilis\u00e9e pour les hotspots et les MIFI.<\/span>\r\n\r\n<span data-contrast=\"\u00ab\">Vous recevrez l'eSIM pour la G\u00e9orgie par e-mail. Il s'agit d'un code QR qui doit \u00eatre scann\u00e9 avec votre t\u00e9l\u00e9phone. Cela peut donc \u00eatre fait m\u00eame si vous \u00eates d\u00e9j\u00e0 en G\u00e9orgie ou si vous partez \u00e0 tr\u00e8s court terme.\r\nL'avantage de la variante eSIM est que vous pouvez g\u00e9rer votre trafic de donn\u00e9es en G\u00e9orgie gr\u00e2ce au forfait de donn\u00e9es pr\u00e9pay\u00e9 tout en restant joignable sur votre propre num\u00e9ro de t\u00e9l\u00e9phone portable l\u00e0-bas.<\/span>\r\n\r\n<span data-contrast=\"\u00ab\">L'eSIM ne peut \u00eatre utilis\u00e9e que dans les t\u00e9l\u00e9phones qui s'y pr\u00eatent. V\u00e9rifiez bien cela avant de choisir l'eSIM. L'eSIM peut de toute fa\u00e7on \u00eatre utilis\u00e9e dans les iPhone XS, XS Max, XR, iPhone 11 et sup\u00e9rieurs.<\/span>\r\n<h2><span data-contrast=\"\u00ab\">Donn\u00e9es et appels en G\u00e9orgie<\/span><\/h2>\r\n<span data-contrast=\"\u00ab\">Il existe deux variantes de l'eSIM Georgia :<\/span>\r\n\r\n<span data-contrast=\"\u00ab\">10GB de donn\u00e9es 59 \u20ac,=<\/span>\r\n\r\n<span data-contrast=\"\u00ab\">Incl. 10GB de donn\u00e9es<\/span>\r\n\r\n<span data-contrast=\"\u00ab\">Incl. 500 minutes d'appels locaux<\/span>\r\n\r\n<span data-contrast=\"\u00ab\">Donn\u00e9es illimit\u00e9es \u20ac 89,= *<\/span>\r\n\r\n<span data-contrast=\"\u00ab\">Incl. donn\u00e9es illimit\u00e9es *<\/span>\r\n\r\n\u00ab &gt;\r\n\r\n<span data-contrast=\"\u00ab\">Incl. minutes d'appel local illimit\u00e9es<\/span>\r\n\r\n<span data-contrast=\"\u00ab\">Les forfaits de donn\u00e9es sont valables pendant 30 jours apr\u00e8s l'activation.<\/span>\r\n\r\n<span data-contrast=\"\u00ab\">*) Il existe une politique d'utilisation \u00e9quitable. <\/span><span data-contrast=\"\u00ab\">En cas d'utilisation extr\u00eame des donn\u00e9es ou de comportement d'appel extr\u00eame, les capacit\u00e9s de la carte SIM peuvent \u00eatre limit\u00e9es par le fournisseur.<\/span>\r\n\r\n<span data-contrast=\"\u00ab\">Commandez les diff\u00e9rentes variantes de donn\u00e9es via les boutons \u00ab commander maintenant \u00bb sur cette page.<\/span>","product_handleiding":"<h2><span data-contrast=\"\u00ab\">Comment installer l'eSim Georgia dans mon t\u00e9l\u00e9phone ?<\/span><\/h2>\r\n<span data-contrast=\"\u00ab\">Ouvrez le coulisseau sur le c\u00f4t\u00e9 du t\u00e9l\u00e9phone. Vous pouvez le faire avec la broche fournie avec le t\u00e9l\u00e9phone. Si vous ne l'avez pas, vous pouvez en fabriquer une en pliant un trombone. L'eSim d'Airport Telecom est \u00e9galement livr\u00e9e avec une broche suppl\u00e9mentaire.<\/span>\r\n\r\n<span data-contrast=\"\u00ab\">Retirez votre propre eSim et conservez-la en lieu s\u00fbr ! Ins\u00e9rez maintenant la nouvelle eSim. Il n'y a qu'une seule fa\u00e7on de proc\u00e9der. Il se peut que votre t\u00e9l\u00e9phone puisse contenir plusieurs eSim. Ins\u00e9rez la nouvelle eSim en tant que carte suppl\u00e9mentaire.<\/span>\r\n\r\n<span data-contrast=\"\u00ab\">Repoussez maintenant le curseur eSim dans le t\u00e9l\u00e9phone. Si tout se passe bien, vous pouvez maintenant utiliser automatiquement la nouvelle carte SIM. Le t\u00e9l\u00e9phone peut vous demander de proc\u00e9der \u00e0 des r\u00e9glages suppl\u00e9mentaires.<\/span>","product_veelgestelde_vragen":[{"vraag":"Quelle eSim utiliser en G\u00e9orgie ?","antwoord":"Pour un court s\u00e9jour de quelques jours, vous n'aurez probablement pas besoin d'autant de donn\u00e9es. Le forfait de 10GB de donn\u00e9es pour la G\u00e9orgie peut alors suffire. Les applications comme Whatsapp, Instagram et la navigation ne consomment pas beaucoup de donn\u00e9es. Si vous restez plus longtemps, il peut \u00eatre utile d'opter pour l'option Illimit\u00e9 afin de disposer de suffisamment de donn\u00e9es."},{"vraag":"O\u00f9 acheter une eSim pour la G\u00e9orgie ?","antwoord":"Achetez une eSIM pour la G\u00e9orgie en ligne aupr\u00e8s d'Airport Telecom. Vous recevrez la eSIM par e-mail. Il s'agit d'un code QR qui doit \u00eatre scann\u00e9 avec votre t\u00e9l\u00e9phone. Vous pouvez donc le faire m\u00eame si vous \u00eates d\u00e9j\u00e0 en G\u00e9orgie ou si vous partez dans un d\u00e9lai tr\u00e8s court."}]},"yoast_head":"<!-- This site is optimized with the Yoast SEO Premium plugin v24.4 (Yoast SEO v26.9) - https:\/\/yoast.com\/product\/yoast-seo-premium-wordpress\/ -->\n<title>eSIM G\u00e9orgie achat d&#039;appels et d&#039;Internet pr\u00e9pay\u00e9s (illimit\u00e9s) - Airport Telecom FR<\/title>\n<meta name=\"description\" content=\"Recherche carte pr\u00e9pay\u00e9e eSIM G\u00e9orgie pour les appels (illimit\u00e9s) et Internet ? Accessible de mani\u00e8re optimale lors de d\u00e9placements en eSIM Europe. Maintenant en vente chez !\" \/>\n<meta name=\"robots\" content=\"index, follow, max-snippet:-1, max-image-preview:large, max-video-preview:-1\" \/>\n<link rel=\"canonical\" href=\"https:\/\/airporttelecom.com\/fr\/esim\/georgie\/\" \/>\n<meta property=\"og:locale\" content=\"fr_FR\" \/>\n<meta property=\"og:type\" content=\"article\" \/>\n<meta property=\"og:title\" content=\"eSIM G\u00e9orgie\" \/>\n<meta property=\"og:description\" content=\"Recherche carte pr\u00e9pay\u00e9e eSIM G\u00e9orgie pour les appels (illimit\u00e9s) et Internet ? Accessible de mani\u00e8re optimale lors de d\u00e9placements en eSIM Europe. Maintenant en vente chez !\" \/>\n<meta property=\"og:url\" content=\"https:\/\/airporttelecom.com\/fr\/esim\/georgie\/\" \/>\n<meta property=\"og:site_name\" content=\"Airport Telecom FR\" \/>\n<meta property=\"article:modified_time\" content=\"2025-04-29T12:04:01+00:00\" \/>\n<meta property=\"og:image\" content=\"https:\/\/airporttelecom.com\/fr\/wp-content\/uploads\/sites\/5\/2024\/07\/Simkaart-Georgie.png?wsr\" \/>\n\t<meta property=\"og:image:width\" content=\"800\" \/>\n\t<meta property=\"og:image:height\" content=\"316\" \/>\n\t<meta property=\"og:image:type\" content=\"image\/png\" \/>\n<meta name=\"twitter:card\" content=\"summary_large_image\" \/>\n<meta name=\"twitter:label1\" content=\"Dur\u00e9e de lecture estim\u00e9e\" \/>\n\t<meta name=\"twitter:data1\" content=\"1 minute\" \/>\n<script type=\"application\/ld+json\" class=\"yoast-schema-graph\">{\"@context\":\"https:\/\/schema.org\",\"@graph\":[{\"@type\":\"WebPage\",\"@id\":\"https:\/\/airporttelecom.com\/fr\/esim\/georgie\/\",\"url\":\"https:\/\/airporttelecom.com\/fr\/esim\/georgie\/\",\"name\":\"eSIM G\u00e9orgie achat d'appels et d'Internet pr\u00e9pay\u00e9s (illimit\u00e9s) - Airport Telecom FR\",\"isPartOf\":{\"@id\":\"https:\/\/airporttelecom.com\/fr\/#website\"},\"primaryImageOfPage\":{\"@id\":\"https:\/\/airporttelecom.com\/fr\/esim\/georgie\/#primaryimage\"},\"image\":{\"@id\":\"https:\/\/airporttelecom.com\/fr\/esim\/georgie\/#primaryimage\"},\"thumbnailUrl\":\"https:\/\/airporttelecom.com\/fr\/wp-content\/uploads\/sites\/5\/2024\/07\/Simkaart-Georgie.png\",\"datePublished\":\"2024-09-12T10:51:22+00:00\",\"dateModified\":\"2025-04-29T12:04:01+00:00\",\"description\":\"Recherche carte pr\u00e9pay\u00e9e eSIM G\u00e9orgie pour les appels (illimit\u00e9s) et Internet ? Accessible de mani\u00e8re optimale lors de d\u00e9placements en eSIM Europe. Maintenant en vente chez !\",\"breadcrumb\":{\"@id\":\"https:\/\/airporttelecom.com\/fr\/esim\/georgie\/#breadcrumb\"},\"inLanguage\":\"fr-FR\",\"potentialAction\":[{\"@type\":\"ReadAction\",\"target\":[\"https:\/\/airporttelecom.com\/fr\/esim\/georgie\/\"]}]},{\"@type\":\"ImageObject\",\"inLanguage\":\"fr-FR\",\"@id\":\"https:\/\/airporttelecom.com\/fr\/esim\/georgie\/#primaryimage\",\"url\":\"https:\/\/airporttelecom.com\/fr\/wp-content\/uploads\/sites\/5\/2024\/07\/Simkaart-Georgie.png\",\"contentUrl\":\"https:\/\/airporttelecom.com\/fr\/wp-content\/uploads\/sites\/5\/2024\/07\/Simkaart-Georgie.png\",\"width\":800,\"height\":316,\"caption\":\"Carte SIM G\u00e9orgie\"},{\"@type\":\"BreadcrumbList\",\"@id\":\"https:\/\/airporttelecom.com\/fr\/esim\/georgie\/#breadcrumb\",\"itemListElement\":[{\"@type\":\"ListItem\",\"position\":1,\"name\":\"Home\",\"item\":\"https:\/\/airporttelecom.com\/fr\/\"},{\"@type\":\"ListItem\",\"position\":2,\"name\":\"eSIM\",\"item\":\"https:\/\/airporttelecom.com\/fr\/esim\/\"},{\"@type\":\"ListItem\",\"position\":3,\"name\":\"G\u00e9orgie\"}]},{\"@type\":\"WebSite\",\"@id\":\"https:\/\/airporttelecom.com\/fr\/#website\",\"url\":\"https:\/\/airporttelecom.com\/fr\/\",\"name\":\"Airport Telecom\",\"description\":\"\",\"publisher\":{\"@id\":\"https:\/\/airporttelecom.com\/fr\/#organization\"},\"potentialAction\":[{\"@type\":\"SearchAction\",\"target\":{\"@type\":\"EntryPoint\",\"urlTemplate\":\"https:\/\/airporttelecom.com\/fr\/?s={search_term_string}\"},\"query-input\":{\"@type\":\"PropertyValueSpecification\",\"valueRequired\":true,\"valueName\":\"search_term_string\"}}],\"inLanguage\":\"fr-FR\"},{\"@type\":\"Organization\",\"@id\":\"https:\/\/airporttelecom.com\/fr\/#organization\",\"name\":\"Airport Telecom\",\"url\":\"https:\/\/airporttelecom.com\/fr\/\",\"logo\":{\"@type\":\"ImageObject\",\"inLanguage\":\"fr-FR\",\"@id\":\"https:\/\/airporttelecom.com\/fr\/#\/schema\/logo\/image\/\",\"url\":\"https:\/\/airporttelecom.com\/fr\/wp-content\/uploads\/sites\/5\/2024\/06\/icon.png?wsr\",\"contentUrl\":\"https:\/\/airporttelecom.com\/fr\/wp-content\/uploads\/sites\/5\/2024\/06\/icon.png?wsr\",\"width\":110,\"height\":110,\"caption\":\"Airport Telecom\"},\"image\":{\"@id\":\"https:\/\/airporttelecom.com\/fr\/#\/schema\/logo\/image\/\"}}]}<\/script>\n<!-- \/ Yoast SEO Premium plugin. -->","yoast_head_json":{"title":"eSIM G\u00e9orgie achat d'appels et d'Internet pr\u00e9pay\u00e9s (illimit\u00e9s) - Airport Telecom FR","description":"Recherche carte pr\u00e9pay\u00e9e eSIM G\u00e9orgie pour les appels (illimit\u00e9s) et Internet ? Accessible de mani\u00e8re optimale lors de d\u00e9placements en eSIM Europe. Maintenant en vente chez !","robots":{"index":"index","follow":"follow","max-snippet":"max-snippet:-1","max-image-preview":"max-image-preview:large","max-video-preview":"max-video-preview:-1"},"canonical":"https:\/\/airporttelecom.com\/fr\/esim\/georgie\/","og_locale":"fr_FR","og_type":"article","og_title":"eSIM G\u00e9orgie","og_description":"Recherche carte pr\u00e9pay\u00e9e eSIM G\u00e9orgie pour les appels (illimit\u00e9s) et Internet ? Accessible de mani\u00e8re optimale lors de d\u00e9placements en eSIM Europe. Maintenant en vente chez !","og_url":"https:\/\/airporttelecom.com\/fr\/esim\/georgie\/","og_site_name":"Airport Telecom FR","article_modified_time":"2025-04-29T12:04:01+00:00","og_image":[{"width":800,"height":316,"url":"https:\/\/airporttelecom.com\/fr\/wp-content\/uploads\/sites\/5\/2024\/07\/Simkaart-Georgie.png?wsr","type":"image\/png"}],"twitter_card":"summary_large_image","twitter_misc":{"Dur\u00e9e de lecture estim\u00e9e":"1 minute"},"schema":{"@context":"https:\/\/schema.org","@graph":[{"@type":"WebPage","@id":"https:\/\/airporttelecom.com\/fr\/esim\/georgie\/","url":"https:\/\/airporttelecom.com\/fr\/esim\/georgie\/","name":"eSIM G\u00e9orgie achat d'appels et d'Internet pr\u00e9pay\u00e9s (illimit\u00e9s) - Airport Telecom FR","isPartOf":{"@id":"https:\/\/airporttelecom.com\/fr\/#website"},"primaryImageOfPage":{"@id":"https:\/\/airporttelecom.com\/fr\/esim\/georgie\/#primaryimage"},"image":{"@id":"https:\/\/airporttelecom.com\/fr\/esim\/georgie\/#primaryimage"},"thumbnailUrl":"https:\/\/airporttelecom.com\/fr\/wp-content\/uploads\/sites\/5\/2024\/07\/Simkaart-Georgie.png","datePublished":"2024-09-12T10:51:22+00:00","dateModified":"2025-04-29T12:04:01+00:00","description":"Recherche carte pr\u00e9pay\u00e9e eSIM G\u00e9orgie pour les appels (illimit\u00e9s) et Internet ? Accessible de mani\u00e8re optimale lors de d\u00e9placements en eSIM Europe. Maintenant en vente chez !","breadcrumb":{"@id":"https:\/\/airporttelecom.com\/fr\/esim\/georgie\/#breadcrumb"},"inLanguage":"fr-FR","potentialAction":[{"@type":"ReadAction","target":["https:\/\/airporttelecom.com\/fr\/esim\/georgie\/"]}]},{"@type":"ImageObject","inLanguage":"fr-FR","@id":"https:\/\/airporttelecom.com\/fr\/esim\/georgie\/#primaryimage","url":"https:\/\/airporttelecom.com\/fr\/wp-content\/uploads\/sites\/5\/2024\/07\/Simkaart-Georgie.png","contentUrl":"https:\/\/airporttelecom.com\/fr\/wp-content\/uploads\/sites\/5\/2024\/07\/Simkaart-Georgie.png","width":800,"height":316,"caption":"Carte SIM G\u00e9orgie"},{"@type":"BreadcrumbList","@id":"https:\/\/airporttelecom.com\/fr\/esim\/georgie\/#breadcrumb","itemListElement":[{"@type":"ListItem","position":1,"name":"Home","item":"https:\/\/airporttelecom.com\/fr\/"},{"@type":"ListItem","position":2,"name":"eSIM","item":"https:\/\/airporttelecom.com\/fr\/esim\/"},{"@type":"ListItem","position":3,"name":"G\u00e9orgie"}]},{"@type":"WebSite","@id":"https:\/\/airporttelecom.com\/fr\/#website","url":"https:\/\/airporttelecom.com\/fr\/","name":"Airport Telecom","description":"","publisher":{"@id":"https:\/\/airporttelecom.com\/fr\/#organization"},"potentialAction":[{"@type":"SearchAction","target":{"@type":"EntryPoint","urlTemplate":"https:\/\/airporttelecom.com\/fr\/?s={search_term_string}"},"query-input":{"@type":"PropertyValueSpecification","valueRequired":true,"valueName":"search_term_string"}}],"inLanguage":"fr-FR"},{"@type":"Organization","@id":"https:\/\/airporttelecom.com\/fr\/#organization","name":"Airport Telecom","url":"https:\/\/airporttelecom.com\/fr\/","logo":{"@type":"ImageObject","inLanguage":"fr-FR","@id":"https:\/\/airporttelecom.com\/fr\/#\/schema\/logo\/image\/","url":"https:\/\/airporttelecom.com\/fr\/wp-content\/uploads\/sites\/5\/2024\/06\/icon.png?wsr","contentUrl":"https:\/\/airporttelecom.com\/fr\/wp-content\/uploads\/sites\/5\/2024\/06\/icon.png?wsr","width":110,"height":110,"caption":"Airport Telecom"},"image":{"@id":"https:\/\/airporttelecom.com\/fr\/#\/schema\/logo\/image\/"}}]}},"_links":{"self":[{"href":"https:\/\/airporttelecom.com\/fr\/wp-json\/wp\/v2\/product\/1458","targetHints":{"allow":["GET"]}}],"collection":[{"href":"https:\/\/airporttelecom.com\/fr\/wp-json\/wp\/v2\/product"}],"about":[{"href":"https:\/\/airporttelecom.com\/fr\/wp-json\/wp\/v2\/types\/product"}],"replies":[{"embeddable":true,"href":"https:\/\/airporttelecom.com\/fr\/wp-json\/wp\/v2\/comments?post=1458"}],"wp:featuredmedia":[{"embeddable":true,"href":"https:\/\/airporttelecom.com\/fr\/wp-json\/wp\/v2\/media\/1058"}],"wp:attachment":[{"href":"https:\/\/airporttelecom.com\/fr\/wp-json\/wp\/v2\/media?parent=1458"}],"wp:term":[{"taxonomy":"product_brand","embeddable":true,"href":"https:\/\/airporttelecom.com\/fr\/wp-json\/wp\/v2\/product_brand?post=1458"},{"taxonomy":"product_cat","embeddable":true,"href":"https:\/\/airporttelecom.com\/fr\/wp-json\/wp\/v2\/product_cat?post=1458"},{"taxonomy":"product_tag","embeddable":true,"href":"https:\/\/airporttelecom.com\/fr\/wp-json\/wp\/v2\/product_tag?post=1458"}],"curies":[{"name":"wp","href":"https:\/\/api.w.org\/{rel}","templated":true}]}}