{"id":1546,"date":"2024-09-12T10:51:41","date_gmt":"2024-09-12T10:51:41","guid":{"rendered":"https:\/\/airporttelecom.outperforming.nl\/nl\/product\/esim-zuid-afrika\/"},"modified":"2025-10-15T14:09:25","modified_gmt":"2025-10-15T14:09:25","slug":"esim-afrique-du-sud","status":"publish","type":"product","link":"https:\/\/airporttelecom.com\/fr\/esim\/afrique-du-sud\/","title":{"rendered":"eSIM Afrique du Sud"},"content":{"rendered":"","protected":false},"excerpt":{"rendered":"","protected":false},"featured_media":1385,"comment_status":"open","ping_status":"closed","template":"","meta":{"_acf_changed":false},"product_brand":[],"product_cat":[16],"product_tag":[39],"class_list":{"0":"post-1546","1":"product","2":"type-product","3":"status-publish","4":"has-post-thumbnail","6":"product_cat-esim","7":"product_tag-esim-afrique","9":"first","10":"instock","11":"taxable","12":"shipping-taxable","13":"purchasable","14":"product-type-variable","15":"has-default-attributes"},"acf":{"gebied_afbeelding":1884,"vlag_afbeelding":356,"provider":["NEX"],"product_synoniemen":null,"product_bestel_velden":["vertrekdatum"],"product_omschrijving":"<h2>Internet mobile en Afrique du Sud avec eSIM Afrique du Sud<\/h2>\r\n<span class=\"\u00ab\" lang=\"\u00ab\" data-contrast=\"\u00ab\"><span class=\"\u00ab\">L'eSIM<\/span><\/span> vous permet d'utiliser Internet mobile 4G \/ 5G partout en Afrique du Sud. Vous pouvez choisir entre un forfait de donn\u00e9es de 12GB et un forfait de donn\u00e9es illimit\u00e9. Les forfaits sont parfaits pour l'utilisation d'Internet et vous permettent d'acc\u00e9der facilement \u00e0 la messagerie \u00e9lectronique, \u00e0 Whatsapp, \u00e0 la navigation et \u00e0 d'autres applications Internet.\r\n<h2>Whatsapp avec l'eSIM Afrique du Sud<\/h2>\r\nTous les appels qui passent par Internet, comme avec Whatsapp, Skype, Facetime, etc. sont bien s\u00fbr \u00e9galement possibles. Apr\u00e8s tout, vous utilisez alors le forfait de donn\u00e9es de la carte SIM. Comme toutes les autres applications, vous pouvez continuer \u00e0 utiliser WhatsApp comme d'habitude. Une fois que WhatsApp se rend compte qu'il y a une autre eSIM dans votre t\u00e9l\u00e9phone, WhatsApp peut vous demander si vous souhaitez cr\u00e9er un nouveau compte ou si tout doit rester tel quel. Si vous choisissez cette derni\u00e8re option, rien ne changera sur WhatsApp. Vous conserverez alors simplement votre identit\u00e9 WhatsApp existante avec tous vos contacts, groupes et discussions.\r\n<h2>Couverture en Afrique du Sud<\/h2>\r\nLa couverture du r\u00e9seau cellulaire est g\u00e9n\u00e9ralement bonne en Afrique du Sud. C'est certainement le cas dans les principales villes sud-africaines telles que Le Cap, Pretoria, Bloemfontein, Johannesburg, Durban et Port Elisabeth. La couverture est \u00e9galement excellente dans d'autres zones plus dens\u00e9ment peupl\u00e9es. Il faut toutefois garder \u00e0 l'esprit que l'Afrique du Sud est un vaste pays qui compte \u00e9galement des zones recul\u00e9es. Dans ces zones moins peupl\u00e9es, il est possible qu'il n'y ait pas ou peu de couverture de t\u00e9l\u00e9phonie mobile. Cela s'applique \u00e9galement, par exemple, aux parcs nationaux tels que le parc Kruger. La Montagne de la Table et le Cap de Bonne Esp\u00e9rance sont proches du Cap, et la couverture y est donc \u00e9galement bonne pour les appels et l'internet avec l'eSIM sud-africaine.\r\n<h2>eSIM Afrique du Sud re\u00e7ue par e-mail<\/h2>\r\nVous recevrez l'eSIM pour l'Afrique du Sud par e-mail. C'est tr\u00e8s rapide et cela peut se faire m\u00eame si vous \u00eates d\u00e9j\u00e0 en Afrique du Sud ou si vous partez \u00e0 tr\u00e8s court terme.","product_specificaties":"<h2>Avantages <span class=\"\u00ab\" lang=\"\u00ab\" xml:lang=\"\u00ab\" data-contrast=\"\u00ab\"><span class=\"\u00ab\">eSIM <\/span><\/span>Afrique du Sud<\/h2>\r\n<ul>\r\n \t<li style=\"list-style-type: none;\">\r\n<ul>\r\n \t<li>Internet mobile partout en Afrique du Sud<\/li>\r\n \t<li>L\u2019eSIM Afrique du Sud est compatible avec le tethering et peut donc \u00e9galement \u00eatre utilis\u00e9e pour les hotspots et les MIFI.<\/li>\r\n \t<li>L\u2019eSIM ne peut \u00eatre utilis\u00e9e que dans les t\u00e9l\u00e9phones qui s\u2019y pr\u00eatent. V\u00e9rifiez bien cela avant de choisir l\u2019eSIM. L\u2019eSIM peut \u00eatre utilis\u00e9e dans les iPhone XS, XS Max, XR, iPhone 11, 12, 13, 14, 15, 16 et plus.<\/li>\r\n \t<li>Vous recevrez les donn\u00e9es eSIM pour l'Afrique du Sud par e-mail. Vous pouvez donc commander m\u00eame si vous \u00eates d\u00e9j\u00e0 en Afrique du Sud ou si vous partez \u00e0 tr\u00e8s court terme.<\/li>\r\n<\/ul>\r\n<\/li>\r\n<\/ul>\r\n<h2>Donn\u00e9es et appels en Afrique du Sud<\/h2>\r\nIl existe deux variantes de l'<span class=\"\u00ab\" lang=\"\u00ab\" xml:lang=\"\u00ab\" data-contrast=\"\u00ab\"><span class=\"\u00ab\">eSIM <\/span><\/span>Afrique du Sud:\r\n<h3>eSIM 12GB de donn\u00e9es \u20ac 49<\/h3>\r\n<ul>\r\n \t<li style=\"list-style-type: none;\">\r\n<ul>\r\n \t<li>12GB de donn\u00e9es en Afrique du Sud<\/li>\r\n<\/ul>\r\n<\/li>\r\n<\/ul>\r\n<h3>eSIM Donn\u00e9es illimit\u00e9es \u20ac 89,= *<\/h3>\r\n<ul>\r\n \t<li style=\"list-style-type: none;\">\r\n<ul>\r\n \t<li>y compris les donn\u00e9es illimit\u00e9es en Afrique du Sud<\/li>\r\n<\/ul>\r\n<\/li>\r\n<\/ul>\r\nLes forfaits de donn\u00e9es sont valables pendant 30 jours apr\u00e8s l'activation.\r\n\r\n(*) Il existe une politique d\u2019utilisation \u00e9quitable. En cas d\u2019utilisation extr\u00eame des donn\u00e9es, le fournisseur en Afrique du Sud peut limiter les capacit\u00e9s.","product_handleiding":"","product_veelgestelde_vragen":[{"vraag":"Quel esim utiliser en Afrique du Sud ?","antwoord":"Pour un s\u00e9jour de quelques jours, vous n'aurez probablement pas besoin d'autant de donn\u00e9es. Le forfait de 12GB de donn\u00e9es pour l'Afrique du Sud peut alors suffire. Les applications telles que Whatsapp, Instagram et la navigation ne consomment pas beaucoup de donn\u00e9es. Si vous restez plus longtemps, il peut \u00eatre utile d'opter pour l'option Illimit\u00e9 afin de disposer de suffisamment de donn\u00e9es."},{"vraag":"O\u00f9 acheter un esim pour l'Afrique du Sud ?","antwoord":"Achetez une eSIM pour l'Afrique du Sud en ligne aupr\u00e8s d'Airport Telecom. Vous recevrez la eSIM par e-mail. Il s'agit d'un code QR qui doit \u00eatre scann\u00e9 avec votre t\u00e9l\u00e9phone. Vous pouvez donc le faire m\u00eame si vous \u00eates d\u00e9j\u00e0 en Afrique du Sud ou si vous partez dans un d\u00e9lai tr\u00e8s court."}]},"yoast_head":"<!-- This site is optimized with the Yoast SEO Premium plugin v24.4 (Yoast SEO v26.9) - https:\/\/yoast.com\/product\/yoast-seo-premium-wordpress\/ -->\n<title>eSIM Afrique du Sud achat d&#039;appels et d&#039;Internet pr\u00e9pay\u00e9s (illimit\u00e9s) - Airport Telecom FR<\/title>\n<meta name=\"description\" content=\"Recherche carte pr\u00e9pay\u00e9e eSIM Afrique du Sud pour les appels (illimit\u00e9s) et Internet ? Accessible de mani\u00e8re optimale lors de d\u00e9placements en eSIM Afrique. Maintenant en vente chez !\" \/>\n<meta name=\"robots\" content=\"index, follow, max-snippet:-1, max-image-preview:large, max-video-preview:-1\" \/>\n<link rel=\"canonical\" href=\"https:\/\/airporttelecom.com\/fr\/esim\/afrique-du-sud\/\" \/>\n<meta property=\"og:locale\" content=\"fr_FR\" \/>\n<meta property=\"og:type\" content=\"article\" \/>\n<meta property=\"og:title\" content=\"eSIM Afrique du Sud\" \/>\n<meta property=\"og:description\" content=\"Recherche carte pr\u00e9pay\u00e9e eSIM Afrique du Sud pour les appels (illimit\u00e9s) et Internet ? Accessible de mani\u00e8re optimale lors de d\u00e9placements en eSIM Afrique. Maintenant en vente chez !\" \/>\n<meta property=\"og:url\" content=\"https:\/\/airporttelecom.com\/fr\/esim\/afrique-du-sud\/\" \/>\n<meta property=\"og:site_name\" content=\"Airport Telecom FR\" \/>\n<meta property=\"article:modified_time\" content=\"2025-10-15T14:09:25+00:00\" \/>\n<meta property=\"og:image\" content=\"https:\/\/airporttelecom.com\/fr\/wp-content\/uploads\/sites\/5\/2024\/06\/Simkaart-Zuid-Afrika.png?wsr\" \/>\n\t<meta property=\"og:image:width\" content=\"800\" \/>\n\t<meta property=\"og:image:height\" content=\"318\" \/>\n\t<meta property=\"og:image:type\" content=\"image\/png\" \/>\n<meta name=\"twitter:card\" content=\"summary_large_image\" \/>\n<meta name=\"twitter:label1\" content=\"Dur\u00e9e de lecture estim\u00e9e\" \/>\n\t<meta name=\"twitter:data1\" content=\"1 minute\" \/>\n<script type=\"application\/ld+json\" class=\"yoast-schema-graph\">{\"@context\":\"https:\/\/schema.org\",\"@graph\":[{\"@type\":\"WebPage\",\"@id\":\"https:\/\/airporttelecom.com\/fr\/esim\/afrique-du-sud\/\",\"url\":\"https:\/\/airporttelecom.com\/fr\/esim\/afrique-du-sud\/\",\"name\":\"eSIM Afrique du Sud achat d'appels et d'Internet pr\u00e9pay\u00e9s (illimit\u00e9s) - Airport Telecom FR\",\"isPartOf\":{\"@id\":\"https:\/\/airporttelecom.com\/fr\/#website\"},\"primaryImageOfPage\":{\"@id\":\"https:\/\/airporttelecom.com\/fr\/esim\/afrique-du-sud\/#primaryimage\"},\"image\":{\"@id\":\"https:\/\/airporttelecom.com\/fr\/esim\/afrique-du-sud\/#primaryimage\"},\"thumbnailUrl\":\"https:\/\/airporttelecom.com\/fr\/wp-content\/uploads\/sites\/5\/2024\/06\/Simkaart-Zuid-Afrika.png\",\"datePublished\":\"2024-09-12T10:51:41+00:00\",\"dateModified\":\"2025-10-15T14:09:25+00:00\",\"description\":\"Recherche carte pr\u00e9pay\u00e9e eSIM Afrique du Sud pour les appels (illimit\u00e9s) et Internet ? Accessible de mani\u00e8re optimale lors de d\u00e9placements en eSIM Afrique. Maintenant en vente chez !\",\"breadcrumb\":{\"@id\":\"https:\/\/airporttelecom.com\/fr\/esim\/afrique-du-sud\/#breadcrumb\"},\"inLanguage\":\"fr-FR\",\"potentialAction\":[{\"@type\":\"ReadAction\",\"target\":[\"https:\/\/airporttelecom.com\/fr\/esim\/afrique-du-sud\/\"]}]},{\"@type\":\"ImageObject\",\"inLanguage\":\"fr-FR\",\"@id\":\"https:\/\/airporttelecom.com\/fr\/esim\/afrique-du-sud\/#primaryimage\",\"url\":\"https:\/\/airporttelecom.com\/fr\/wp-content\/uploads\/sites\/5\/2024\/06\/Simkaart-Zuid-Afrika.png\",\"contentUrl\":\"https:\/\/airporttelecom.com\/fr\/wp-content\/uploads\/sites\/5\/2024\/06\/Simkaart-Zuid-Afrika.png\",\"width\":800,\"height\":318,\"caption\":\"Carte Sim Afrique du Sud\"},{\"@type\":\"BreadcrumbList\",\"@id\":\"https:\/\/airporttelecom.com\/fr\/esim\/afrique-du-sud\/#breadcrumb\",\"itemListElement\":[{\"@type\":\"ListItem\",\"position\":1,\"name\":\"Home\",\"item\":\"https:\/\/airporttelecom.com\/fr\/\"},{\"@type\":\"ListItem\",\"position\":2,\"name\":\"eSIM\",\"item\":\"https:\/\/airporttelecom.com\/fr\/esim\/\"},{\"@type\":\"ListItem\",\"position\":3,\"name\":\"Afrique du Sud\"}]},{\"@type\":\"WebSite\",\"@id\":\"https:\/\/airporttelecom.com\/fr\/#website\",\"url\":\"https:\/\/airporttelecom.com\/fr\/\",\"name\":\"Airport Telecom\",\"description\":\"\",\"publisher\":{\"@id\":\"https:\/\/airporttelecom.com\/fr\/#organization\"},\"potentialAction\":[{\"@type\":\"SearchAction\",\"target\":{\"@type\":\"EntryPoint\",\"urlTemplate\":\"https:\/\/airporttelecom.com\/fr\/?s={search_term_string}\"},\"query-input\":{\"@type\":\"PropertyValueSpecification\",\"valueRequired\":true,\"valueName\":\"search_term_string\"}}],\"inLanguage\":\"fr-FR\"},{\"@type\":\"Organization\",\"@id\":\"https:\/\/airporttelecom.com\/fr\/#organization\",\"name\":\"Airport Telecom\",\"url\":\"https:\/\/airporttelecom.com\/fr\/\",\"logo\":{\"@type\":\"ImageObject\",\"inLanguage\":\"fr-FR\",\"@id\":\"https:\/\/airporttelecom.com\/fr\/#\/schema\/logo\/image\/\",\"url\":\"https:\/\/airporttelecom.com\/fr\/wp-content\/uploads\/sites\/5\/2024\/06\/icon.png?wsr\",\"contentUrl\":\"https:\/\/airporttelecom.com\/fr\/wp-content\/uploads\/sites\/5\/2024\/06\/icon.png?wsr\",\"width\":110,\"height\":110,\"caption\":\"Airport Telecom\"},\"image\":{\"@id\":\"https:\/\/airporttelecom.com\/fr\/#\/schema\/logo\/image\/\"}}]}<\/script>\n<!-- \/ Yoast SEO Premium plugin. -->","yoast_head_json":{"title":"eSIM Afrique du Sud achat d'appels et d'Internet pr\u00e9pay\u00e9s (illimit\u00e9s) - Airport Telecom FR","description":"Recherche carte pr\u00e9pay\u00e9e eSIM Afrique du Sud pour les appels (illimit\u00e9s) et Internet ? Accessible de mani\u00e8re optimale lors de d\u00e9placements en eSIM Afrique. Maintenant en vente chez !","robots":{"index":"index","follow":"follow","max-snippet":"max-snippet:-1","max-image-preview":"max-image-preview:large","max-video-preview":"max-video-preview:-1"},"canonical":"https:\/\/airporttelecom.com\/fr\/esim\/afrique-du-sud\/","og_locale":"fr_FR","og_type":"article","og_title":"eSIM Afrique du Sud","og_description":"Recherche carte pr\u00e9pay\u00e9e eSIM Afrique du Sud pour les appels (illimit\u00e9s) et Internet ? Accessible de mani\u00e8re optimale lors de d\u00e9placements en eSIM Afrique. Maintenant en vente chez !","og_url":"https:\/\/airporttelecom.com\/fr\/esim\/afrique-du-sud\/","og_site_name":"Airport Telecom FR","article_modified_time":"2025-10-15T14:09:25+00:00","og_image":[{"width":800,"height":318,"url":"https:\/\/airporttelecom.com\/fr\/wp-content\/uploads\/sites\/5\/2024\/06\/Simkaart-Zuid-Afrika.png?wsr","type":"image\/png"}],"twitter_card":"summary_large_image","twitter_misc":{"Dur\u00e9e de lecture estim\u00e9e":"1 minute"},"schema":{"@context":"https:\/\/schema.org","@graph":[{"@type":"WebPage","@id":"https:\/\/airporttelecom.com\/fr\/esim\/afrique-du-sud\/","url":"https:\/\/airporttelecom.com\/fr\/esim\/afrique-du-sud\/","name":"eSIM Afrique du Sud achat d'appels et d'Internet pr\u00e9pay\u00e9s (illimit\u00e9s) - Airport Telecom FR","isPartOf":{"@id":"https:\/\/airporttelecom.com\/fr\/#website"},"primaryImageOfPage":{"@id":"https:\/\/airporttelecom.com\/fr\/esim\/afrique-du-sud\/#primaryimage"},"image":{"@id":"https:\/\/airporttelecom.com\/fr\/esim\/afrique-du-sud\/#primaryimage"},"thumbnailUrl":"https:\/\/airporttelecom.com\/fr\/wp-content\/uploads\/sites\/5\/2024\/06\/Simkaart-Zuid-Afrika.png","datePublished":"2024-09-12T10:51:41+00:00","dateModified":"2025-10-15T14:09:25+00:00","description":"Recherche carte pr\u00e9pay\u00e9e eSIM Afrique du Sud pour les appels (illimit\u00e9s) et Internet ? Accessible de mani\u00e8re optimale lors de d\u00e9placements en eSIM Afrique. Maintenant en vente chez !","breadcrumb":{"@id":"https:\/\/airporttelecom.com\/fr\/esim\/afrique-du-sud\/#breadcrumb"},"inLanguage":"fr-FR","potentialAction":[{"@type":"ReadAction","target":["https:\/\/airporttelecom.com\/fr\/esim\/afrique-du-sud\/"]}]},{"@type":"ImageObject","inLanguage":"fr-FR","@id":"https:\/\/airporttelecom.com\/fr\/esim\/afrique-du-sud\/#primaryimage","url":"https:\/\/airporttelecom.com\/fr\/wp-content\/uploads\/sites\/5\/2024\/06\/Simkaart-Zuid-Afrika.png","contentUrl":"https:\/\/airporttelecom.com\/fr\/wp-content\/uploads\/sites\/5\/2024\/06\/Simkaart-Zuid-Afrika.png","width":800,"height":318,"caption":"Carte Sim Afrique du Sud"},{"@type":"BreadcrumbList","@id":"https:\/\/airporttelecom.com\/fr\/esim\/afrique-du-sud\/#breadcrumb","itemListElement":[{"@type":"ListItem","position":1,"name":"Home","item":"https:\/\/airporttelecom.com\/fr\/"},{"@type":"ListItem","position":2,"name":"eSIM","item":"https:\/\/airporttelecom.com\/fr\/esim\/"},{"@type":"ListItem","position":3,"name":"Afrique du Sud"}]},{"@type":"WebSite","@id":"https:\/\/airporttelecom.com\/fr\/#website","url":"https:\/\/airporttelecom.com\/fr\/","name":"Airport Telecom","description":"","publisher":{"@id":"https:\/\/airporttelecom.com\/fr\/#organization"},"potentialAction":[{"@type":"SearchAction","target":{"@type":"EntryPoint","urlTemplate":"https:\/\/airporttelecom.com\/fr\/?s={search_term_string}"},"query-input":{"@type":"PropertyValueSpecification","valueRequired":true,"valueName":"search_term_string"}}],"inLanguage":"fr-FR"},{"@type":"Organization","@id":"https:\/\/airporttelecom.com\/fr\/#organization","name":"Airport Telecom","url":"https:\/\/airporttelecom.com\/fr\/","logo":{"@type":"ImageObject","inLanguage":"fr-FR","@id":"https:\/\/airporttelecom.com\/fr\/#\/schema\/logo\/image\/","url":"https:\/\/airporttelecom.com\/fr\/wp-content\/uploads\/sites\/5\/2024\/06\/icon.png?wsr","contentUrl":"https:\/\/airporttelecom.com\/fr\/wp-content\/uploads\/sites\/5\/2024\/06\/icon.png?wsr","width":110,"height":110,"caption":"Airport Telecom"},"image":{"@id":"https:\/\/airporttelecom.com\/fr\/#\/schema\/logo\/image\/"}}]}},"_links":{"self":[{"href":"https:\/\/airporttelecom.com\/fr\/wp-json\/wp\/v2\/product\/1546","targetHints":{"allow":["GET"]}}],"collection":[{"href":"https:\/\/airporttelecom.com\/fr\/wp-json\/wp\/v2\/product"}],"about":[{"href":"https:\/\/airporttelecom.com\/fr\/wp-json\/wp\/v2\/types\/product"}],"replies":[{"embeddable":true,"href":"https:\/\/airporttelecom.com\/fr\/wp-json\/wp\/v2\/comments?post=1546"}],"wp:featuredmedia":[{"embeddable":true,"href":"https:\/\/airporttelecom.com\/fr\/wp-json\/wp\/v2\/media\/1385"}],"wp:attachment":[{"href":"https:\/\/airporttelecom.com\/fr\/wp-json\/wp\/v2\/media?parent=1546"}],"wp:term":[{"taxonomy":"product_brand","embeddable":true,"href":"https:\/\/airporttelecom.com\/fr\/wp-json\/wp\/v2\/product_brand?post=1546"},{"taxonomy":"product_cat","embeddable":true,"href":"https:\/\/airporttelecom.com\/fr\/wp-json\/wp\/v2\/product_cat?post=1546"},{"taxonomy":"product_tag","embeddable":true,"href":"https:\/\/airporttelecom.com\/fr\/wp-json\/wp\/v2\/product_tag?post=1546"}],"curies":[{"name":"wp","href":"https:\/\/api.w.org\/{rel}","templated":true}]}}