{"id":1549,"date":"2024-09-12T10:51:42","date_gmt":"2024-09-12T10:51:42","guid":{"rendered":"https:\/\/airporttelecom.outperforming.nl\/nl\/product\/esim-tanzania\/"},"modified":"2025-04-01T17:25:15","modified_gmt":"2025-04-01T17:25:15","slug":"esim-tanzanie","status":"publish","type":"product","link":"https:\/\/airporttelecom.com\/fr\/esim\/tanzanie\/","title":{"rendered":"eSIM Tanzanie"},"content":{"rendered":"","protected":false},"excerpt":{"rendered":"","protected":false},"featured_media":710,"comment_status":"open","ping_status":"closed","template":"","meta":{"_acf_changed":false},"product_brand":[],"product_cat":[16],"product_tag":[39],"class_list":{"0":"post-1549","1":"product","2":"type-product","3":"status-publish","4":"has-post-thumbnail","6":"product_cat-esim","7":"product_tag-esim-afrique","9":"first","10":"instock","11":"taxable","12":"shipping-taxable","13":"purchasable","14":"product-type-variable","15":"has-default-attributes"},"acf":{"gebied_afbeelding":634,"vlag_afbeelding":354,"provider":["BIC"],"product_synoniemen":null,"product_bestel_velden":"","product_omschrijving":"<p><!DOCTYPE html PUBLIC \u00ab -\/\/W3C\/\/DTD HTML 4.0 Transitional\/\/EN \u00bb \u00ab http:\/\/www.w3.org\/TR\/REC-html40\/loose.dtd \u00bb><br \/>\r\n<html><body><\/p>\r\n<\/p>\r\n<h2>Internet mobile avec une eSIM pour la Tanzanie<\/h2>\r\n<p>Avec les eSIM pr\u00e9pay\u00e9es d'Airport Telecom pour la Tanzanie, vous pouvez utiliser l'Internet mobile dans tout le pays. Vous pouvez choisir parmi diff\u00e9rents forfaits de donn\u00e9es. Ces forfaits sont parfaits pour l'utilisation d'Internet et vous donnent acc\u00e8s \u00e0 la messagerie \u00e9lectronique, \u00e0 Whatsapp, \u00e0 la navigation et \u00e0 d'autres applications Internet via une connexion 4G\/5G rapide.<\/p>\r\n<h2>Donn\u00e9es et appels lors de voyages en Tanzanie<\/h2>\r\n<p>Les eSIM pour la Tanzanie peuvent \u00eatre achet\u00e9es avec un forfait de donn\u00e9es de 3GB, 6GB et 12GB.<\/p>\r\n<h2>Couverture en Tanzanie<\/h2>\r\n<p>La couverture avec l'<span class=\u00ab TextRun SCXW6223271 BCX0 \u00bb lang=\u00ab NL-NL \u00bb xml:lang=\u00ab NL-NL \u00bb data-contrast=\u00ab none \u00bb><span class=\u00ab SpellingError SCXW6223271 BCX0 \u00bb>eSIM <\/span><\/span>pour les donn\u00e9es et les appels en Tanzanie est diff\u00e9rente de celle en Europe. Dans les zones peu peupl\u00e9es et les parcs nationaux comme le Serengeti, le t\u00e9l\u00e9phone ne fonctionne souvent pas. Pourtant, de nombreux Tanzaniens utilisent des t\u00e9l\u00e9phones portables. \u00c0 Dar Es Salaam, la couverture est assez bonne. Il en va de m\u00eame sur de nombreuses plages de sable blanc de Zanzibar. Sur la route de l'a\u00e9roport du Kilimandjaro \u00e0 Arusha, Instagram et Whatsapp peuvent probablement \u00eatre utilis\u00e9s. En voiture d'Arusha vers le crat\u00e8re du Ngorongoro, il y a une couverture t\u00e9l\u00e9phonique et il en va de m\u00eame pour de nombreux endroits autour de Laka Magadi. Plus loin, au d\u00e9but du Serengeti, il y a aussi des endroits avec une couverture, mais plus on s'enfonce dans la r\u00e9gion, moins il y en a. Alors profitez du safari et envoyez les photos plus tard, quand il y aura \u00e0 nouveau une couverture r\u00e9seau.\r\n<h2><span data-contrast=\u00ab none \u00bb>eSIM Tanzanie re\u00e7ue par e-mail<\/span><span data-ccp-props='{\u00ab 201341983 \u00bb:0,\u00ab 335559739 \u00bb:0,\u00ab 335559740 \u00bb:240}'> <\/span><\/h2>\r\n<p><span data-contrast=\u00ab none \u00bb>Vous recevrez l'eSIM pour la Tanzanie par e-mail. C'est tr\u00e8s rapide et cela peut se faire m\u00eame si vous \u00eates d\u00e9j\u00e0 en Tanzanie ou si vous partez \u00e0 tr\u00e8s court pr\u00e9avis. <\/span><span data-ccp-props='{\u00ab 201341983 \u00bb:0,\u00ab 335559739 \u00bb:0,\u00ab 335559740 \u00bb:240}'> <\/span><\/p>\r\n<\/p>\r\n<p><\/span><\/h2>\r\n<\/p>\r\n<p><\/body><\/html><\/p>","product_specificaties":"<p><!DOCTYPE html PUBLIC \u00ab -\/\/W3C\/\/DTD HTML 4.0 Transitional\/\/EN \u00bb \u00ab http:\/\/www.w3.org\/TR\/REC-html40\/loose.dtd \u00bb><br \/>\r\n<html><body><\/p>\r\n<\/p>\r\n<h2>Avantages <span class=\u00ab TextRun SCXW6223271 BCX0 \u00bb lang=\u00ab NL-NL \u00bb xml:lang=\u00ab NL-NL \u00bb data-contrast=\u00ab none \u00bb><span class=\u00ab SpellingError SCXW6223271 BCX0 \u00bb>eSIM <\/span><\/span>Tanzanie<\/h2>\r\n<p>Cette eSIM fonctionne \u00e9galement \u00e0 Zanzibar.<\/p>\r\n<p><span data-contrast=\u00ab auto \u00bb>L'eSIM Tanzanie est compatible avec le tethering et peut donc \u00e9galement \u00eatre utilis\u00e9e pour les hotspots et les MIFI.<\/span><span data-ccp-props=\u00ab {} \u00bb> <\/span><\/p>\r\n<p><span data-contrast=\u00ab auto \u00bb>L'eSIM pour la Tanzanie vous sera envoy\u00e9e par e-mail. Il s'agit d'un code QR qui doit \u00eatre scann\u00e9 avec votre t\u00e9l\u00e9phone. Vous pouvez le faire m\u00eame si vous \u00eates d\u00e9j\u00e0 en Tanzanie ou si vous partez \u00e0 tr\u00e8s court terme.<\/span><span data-ccp-props=\u00ab {} \u00bb> <\/span><\/p>\r\n<p><span data-contrast=\u00ab auto \u00bb>L'avantage de la variante eSIM est que vous pouvez g\u00e9rer votre trafic de donn\u00e9es en Tanzanie gr\u00e2ce au forfait de donn\u00e9es pr\u00e9pay\u00e9 tout en restant joignable sur votre propre num\u00e9ro de t\u00e9l\u00e9phone portable l\u00e0-bas.<\/span><span data-ccp-props=\u00ab {} \u00bb> <\/span><\/p>\r\n<p><span data-contrast=\u00ab auto \u00bb>L'eSIM ne peut \u00eatre utilis\u00e9e que dans les t\u00e9l\u00e9phones qui s'y pr\u00eatent. V\u00e9rifiez bien cela avant de choisir l'eSIM. L'eSIM peut de toute fa\u00e7on \u00eatre install\u00e9e dans les iPhone XS, XS Max, XR, iPhone 11 et sup\u00e9rieurs.<\/span><span data-ccp-props=\u00ab {} \u00bb> <\/span><\/p>\r\n<h2>Donn\u00e9es et appels en Tanzanie<\/h2>\r\n<p>Il existe trois variantes de la <span class=\u00ab TextRun SCXW6223271 BCX0 \u00bb lang=\u00ab NL-NL \u00bb xml:lang=\u00ab NL-NL \u00bb data-contrast=\u00ab none \u00bb><span class=\u00ab SpellingError SCXW6223271 BCX0 \u00bb>eSIM <\/span><\/span>Tanzanie :<\/p>\r\n<p><span data-contrast=\u00ab auto \u00bb>3GB de donn\u00e9es <\/span><span data-contrast=\u00ab auto \u00bb>&euro;36.=<\/span><span data-ccp-props='{\u00ab 335551550 \u00bb:1,\u00ab 335551620 \u00bb:1}'> <\/span><\/p>\r\n<p><span data-contrast=\u00ab auto \u00bb>Inclut 3GB de donn\u00e9es<\/span><span data-ccp-props='{\u00ab 335551550 \u00bb:1,\u00ab 335551620 \u00bb:1}'> <\/span><\/p>\r\n<p><span data-contrast=\u00ab auto \u00bb>6GB de donn\u00e9es <\/span><span data-contrast=\u00ab auto \u00bb>&euro;69<\/span><span data-ccp-props='{\u00ab 335551550 \u00bb:1,\u00ab 335551620 \u00bb:1}'> <\/span><\/p>\r\n<p><span data-contrast=\u00ab auto \u00bb>Inclut 6GB de donn\u00e9es<\/span><span data-ccp-props='{\u00ab 335551550 \u00bb:1,\u00ab 335551620 \u00bb:1}'> <\/span><\/p>\r\n<p><span data-contrast=\u00ab auto \u00bb>12GB de donn\u00e9es <\/span><span data-contrast=\u00ab auto \u00bb>&euro;99<\/span><span data-ccp-props='{\u00ab 335551550 \u00bb:1,\u00ab 335551620 \u00bb:1}'> <\/span><\/p>\r\n<p><span data-contrast=\u00ab auto \u00bb>Inclut 12GB de donn\u00e9es<\/span><span data-ccp-props='{\u00ab 335551550 \u00bb:1,\u00ab 335551620 \u00bb:1}'> <\/span><\/p>\r\n<p>Les forfaits de donn\u00e9es sont valables pendant 30 jours apr\u00e8s l'activation.<\/p>\r\n<\/p>\r\n<p><\/body><\/html><\/p>","product_handleiding":"","product_veelgestelde_vragen":[{"vraag":"Quel esim utiliser en Tanzanie ?","antwoord":"Pour un court s\u00e9jour de quelques jours, vous n'aurez probablement pas besoin d'autant de donn\u00e9es. Le forfait de 3GB de donn\u00e9es pour la Tanzanie peut alors suffire. Les applications telles que Whatsapp, Instagram et la navigation ne consomment pas beaucoup de donn\u00e9es. Si vous restez plus longtemps, il peut \u00eatre utile d'opter pour 12GB afin de disposer de suffisamment de donn\u00e9es."},{"vraag":"O\u00f9 acheter une esim pour la Tanzanie ?","antwoord":"Achetez une eSIM pour la Tanzanie en ligne aupr\u00e8s d'Airport Telecom. Vous recevrez la carte eSIM par courriel. Il s'agit d'un code QR qui doit \u00eatre scann\u00e9 avec votre t\u00e9l\u00e9phone. Vous pouvez donc le faire m\u00eame si vous \u00eates d\u00e9j\u00e0 en Tanzanie ou si vous partez dans un d\u00e9lai tr\u00e8s court."}]},"yoast_head":"<!-- This site is optimized with the Yoast SEO Premium plugin v24.4 (Yoast SEO v26.9) - https:\/\/yoast.com\/product\/yoast-seo-premium-wordpress\/ -->\n<title>eSIM Tanzanie achat d&#039;appels et d&#039;Internet pr\u00e9pay\u00e9s (illimit\u00e9s) - Airport Telecom FR<\/title>\n<meta name=\"description\" content=\"Recherche carte pr\u00e9pay\u00e9e eSIM Tanzanie pour les appels (illimit\u00e9s) et Internet ? Accessible de mani\u00e8re optimale lors de d\u00e9placements en eSIM Afrique. Maintenant en vente chez !\" \/>\n<meta name=\"robots\" content=\"index, follow, max-snippet:-1, max-image-preview:large, max-video-preview:-1\" \/>\n<link rel=\"canonical\" href=\"https:\/\/airporttelecom.com\/fr\/esim\/tanzanie\/\" \/>\n<meta property=\"og:locale\" content=\"fr_FR\" \/>\n<meta property=\"og:type\" content=\"article\" \/>\n<meta property=\"og:title\" content=\"eSIM Tanzanie\" \/>\n<meta property=\"og:description\" content=\"Recherche carte pr\u00e9pay\u00e9e eSIM Tanzanie pour les appels (illimit\u00e9s) et Internet ? Accessible de mani\u00e8re optimale lors de d\u00e9placements en eSIM Afrique. Maintenant en vente chez !\" \/>\n<meta property=\"og:url\" content=\"https:\/\/airporttelecom.com\/fr\/esim\/tanzanie\/\" \/>\n<meta property=\"og:site_name\" content=\"Airport Telecom FR\" \/>\n<meta property=\"article:modified_time\" content=\"2025-04-01T17:25:15+00:00\" \/>\n<meta property=\"og:image\" content=\"https:\/\/airporttelecom.com\/fr\/wp-content\/uploads\/sites\/5\/2024\/06\/Simkaart-Tanzania.png?wsr\" \/>\n\t<meta property=\"og:image:width\" content=\"800\" \/>\n\t<meta property=\"og:image:height\" content=\"319\" \/>\n\t<meta property=\"og:image:type\" content=\"image\/png\" \/>\n<meta name=\"twitter:card\" content=\"summary_large_image\" \/>\n<meta name=\"twitter:label1\" content=\"Dur\u00e9e de lecture estim\u00e9e\" \/>\n\t<meta name=\"twitter:data1\" content=\"1 minute\" \/>\n<script type=\"application\/ld+json\" class=\"yoast-schema-graph\">{\"@context\":\"https:\/\/schema.org\",\"@graph\":[{\"@type\":\"WebPage\",\"@id\":\"https:\/\/airporttelecom.com\/fr\/esim\/tanzanie\/\",\"url\":\"https:\/\/airporttelecom.com\/fr\/esim\/tanzanie\/\",\"name\":\"eSIM Tanzanie achat d'appels et d'Internet pr\u00e9pay\u00e9s (illimit\u00e9s) - Airport Telecom FR\",\"isPartOf\":{\"@id\":\"https:\/\/airporttelecom.com\/fr\/#website\"},\"primaryImageOfPage\":{\"@id\":\"https:\/\/airporttelecom.com\/fr\/esim\/tanzanie\/#primaryimage\"},\"image\":{\"@id\":\"https:\/\/airporttelecom.com\/fr\/esim\/tanzanie\/#primaryimage\"},\"thumbnailUrl\":\"https:\/\/airporttelecom.com\/fr\/wp-content\/uploads\/sites\/5\/2024\/06\/Simkaart-Tanzania.png\",\"datePublished\":\"2024-09-12T10:51:42+00:00\",\"dateModified\":\"2025-04-01T17:25:15+00:00\",\"description\":\"Recherche carte pr\u00e9pay\u00e9e eSIM Tanzanie pour les appels (illimit\u00e9s) et Internet ? Accessible de mani\u00e8re optimale lors de d\u00e9placements en eSIM Afrique. Maintenant en vente chez !\",\"breadcrumb\":{\"@id\":\"https:\/\/airporttelecom.com\/fr\/esim\/tanzanie\/#breadcrumb\"},\"inLanguage\":\"fr-FR\",\"potentialAction\":[{\"@type\":\"ReadAction\",\"target\":[\"https:\/\/airporttelecom.com\/fr\/esim\/tanzanie\/\"]}]},{\"@type\":\"ImageObject\",\"inLanguage\":\"fr-FR\",\"@id\":\"https:\/\/airporttelecom.com\/fr\/esim\/tanzanie\/#primaryimage\",\"url\":\"https:\/\/airporttelecom.com\/fr\/wp-content\/uploads\/sites\/5\/2024\/06\/Simkaart-Tanzania.png\",\"contentUrl\":\"https:\/\/airporttelecom.com\/fr\/wp-content\/uploads\/sites\/5\/2024\/06\/Simkaart-Tanzania.png\",\"width\":800,\"height\":319,\"caption\":\"Carte Sim Tanzanie\"},{\"@type\":\"BreadcrumbList\",\"@id\":\"https:\/\/airporttelecom.com\/fr\/esim\/tanzanie\/#breadcrumb\",\"itemListElement\":[{\"@type\":\"ListItem\",\"position\":1,\"name\":\"Home\",\"item\":\"https:\/\/airporttelecom.com\/fr\/\"},{\"@type\":\"ListItem\",\"position\":2,\"name\":\"eSIM\",\"item\":\"https:\/\/airporttelecom.com\/fr\/esim\/\"},{\"@type\":\"ListItem\",\"position\":3,\"name\":\"Tanzanie\"}]},{\"@type\":\"WebSite\",\"@id\":\"https:\/\/airporttelecom.com\/fr\/#website\",\"url\":\"https:\/\/airporttelecom.com\/fr\/\",\"name\":\"Airport Telecom\",\"description\":\"\",\"publisher\":{\"@id\":\"https:\/\/airporttelecom.com\/fr\/#organization\"},\"potentialAction\":[{\"@type\":\"SearchAction\",\"target\":{\"@type\":\"EntryPoint\",\"urlTemplate\":\"https:\/\/airporttelecom.com\/fr\/?s={search_term_string}\"},\"query-input\":{\"@type\":\"PropertyValueSpecification\",\"valueRequired\":true,\"valueName\":\"search_term_string\"}}],\"inLanguage\":\"fr-FR\"},{\"@type\":\"Organization\",\"@id\":\"https:\/\/airporttelecom.com\/fr\/#organization\",\"name\":\"Airport Telecom\",\"url\":\"https:\/\/airporttelecom.com\/fr\/\",\"logo\":{\"@type\":\"ImageObject\",\"inLanguage\":\"fr-FR\",\"@id\":\"https:\/\/airporttelecom.com\/fr\/#\/schema\/logo\/image\/\",\"url\":\"https:\/\/airporttelecom.com\/fr\/wp-content\/uploads\/sites\/5\/2024\/06\/icon.png?wsr\",\"contentUrl\":\"https:\/\/airporttelecom.com\/fr\/wp-content\/uploads\/sites\/5\/2024\/06\/icon.png?wsr\",\"width\":110,\"height\":110,\"caption\":\"Airport Telecom\"},\"image\":{\"@id\":\"https:\/\/airporttelecom.com\/fr\/#\/schema\/logo\/image\/\"}}]}<\/script>\n<!-- \/ Yoast SEO Premium plugin. -->","yoast_head_json":{"title":"eSIM Tanzanie achat d'appels et d'Internet pr\u00e9pay\u00e9s (illimit\u00e9s) - Airport Telecom FR","description":"Recherche carte pr\u00e9pay\u00e9e eSIM Tanzanie pour les appels (illimit\u00e9s) et Internet ? Accessible de mani\u00e8re optimale lors de d\u00e9placements en eSIM Afrique. Maintenant en vente chez !","robots":{"index":"index","follow":"follow","max-snippet":"max-snippet:-1","max-image-preview":"max-image-preview:large","max-video-preview":"max-video-preview:-1"},"canonical":"https:\/\/airporttelecom.com\/fr\/esim\/tanzanie\/","og_locale":"fr_FR","og_type":"article","og_title":"eSIM Tanzanie","og_description":"Recherche carte pr\u00e9pay\u00e9e eSIM Tanzanie pour les appels (illimit\u00e9s) et Internet ? Accessible de mani\u00e8re optimale lors de d\u00e9placements en eSIM Afrique. Maintenant en vente chez !","og_url":"https:\/\/airporttelecom.com\/fr\/esim\/tanzanie\/","og_site_name":"Airport Telecom FR","article_modified_time":"2025-04-01T17:25:15+00:00","og_image":[{"width":800,"height":319,"url":"https:\/\/airporttelecom.com\/fr\/wp-content\/uploads\/sites\/5\/2024\/06\/Simkaart-Tanzania.png?wsr","type":"image\/png"}],"twitter_card":"summary_large_image","twitter_misc":{"Dur\u00e9e de lecture estim\u00e9e":"1 minute"},"schema":{"@context":"https:\/\/schema.org","@graph":[{"@type":"WebPage","@id":"https:\/\/airporttelecom.com\/fr\/esim\/tanzanie\/","url":"https:\/\/airporttelecom.com\/fr\/esim\/tanzanie\/","name":"eSIM Tanzanie achat d'appels et d'Internet pr\u00e9pay\u00e9s (illimit\u00e9s) - Airport Telecom FR","isPartOf":{"@id":"https:\/\/airporttelecom.com\/fr\/#website"},"primaryImageOfPage":{"@id":"https:\/\/airporttelecom.com\/fr\/esim\/tanzanie\/#primaryimage"},"image":{"@id":"https:\/\/airporttelecom.com\/fr\/esim\/tanzanie\/#primaryimage"},"thumbnailUrl":"https:\/\/airporttelecom.com\/fr\/wp-content\/uploads\/sites\/5\/2024\/06\/Simkaart-Tanzania.png","datePublished":"2024-09-12T10:51:42+00:00","dateModified":"2025-04-01T17:25:15+00:00","description":"Recherche carte pr\u00e9pay\u00e9e eSIM Tanzanie pour les appels (illimit\u00e9s) et Internet ? Accessible de mani\u00e8re optimale lors de d\u00e9placements en eSIM Afrique. Maintenant en vente chez !","breadcrumb":{"@id":"https:\/\/airporttelecom.com\/fr\/esim\/tanzanie\/#breadcrumb"},"inLanguage":"fr-FR","potentialAction":[{"@type":"ReadAction","target":["https:\/\/airporttelecom.com\/fr\/esim\/tanzanie\/"]}]},{"@type":"ImageObject","inLanguage":"fr-FR","@id":"https:\/\/airporttelecom.com\/fr\/esim\/tanzanie\/#primaryimage","url":"https:\/\/airporttelecom.com\/fr\/wp-content\/uploads\/sites\/5\/2024\/06\/Simkaart-Tanzania.png","contentUrl":"https:\/\/airporttelecom.com\/fr\/wp-content\/uploads\/sites\/5\/2024\/06\/Simkaart-Tanzania.png","width":800,"height":319,"caption":"Carte Sim Tanzanie"},{"@type":"BreadcrumbList","@id":"https:\/\/airporttelecom.com\/fr\/esim\/tanzanie\/#breadcrumb","itemListElement":[{"@type":"ListItem","position":1,"name":"Home","item":"https:\/\/airporttelecom.com\/fr\/"},{"@type":"ListItem","position":2,"name":"eSIM","item":"https:\/\/airporttelecom.com\/fr\/esim\/"},{"@type":"ListItem","position":3,"name":"Tanzanie"}]},{"@type":"WebSite","@id":"https:\/\/airporttelecom.com\/fr\/#website","url":"https:\/\/airporttelecom.com\/fr\/","name":"Airport Telecom","description":"","publisher":{"@id":"https:\/\/airporttelecom.com\/fr\/#organization"},"potentialAction":[{"@type":"SearchAction","target":{"@type":"EntryPoint","urlTemplate":"https:\/\/airporttelecom.com\/fr\/?s={search_term_string}"},"query-input":{"@type":"PropertyValueSpecification","valueRequired":true,"valueName":"search_term_string"}}],"inLanguage":"fr-FR"},{"@type":"Organization","@id":"https:\/\/airporttelecom.com\/fr\/#organization","name":"Airport Telecom","url":"https:\/\/airporttelecom.com\/fr\/","logo":{"@type":"ImageObject","inLanguage":"fr-FR","@id":"https:\/\/airporttelecom.com\/fr\/#\/schema\/logo\/image\/","url":"https:\/\/airporttelecom.com\/fr\/wp-content\/uploads\/sites\/5\/2024\/06\/icon.png?wsr","contentUrl":"https:\/\/airporttelecom.com\/fr\/wp-content\/uploads\/sites\/5\/2024\/06\/icon.png?wsr","width":110,"height":110,"caption":"Airport Telecom"},"image":{"@id":"https:\/\/airporttelecom.com\/fr\/#\/schema\/logo\/image\/"}}]}},"_links":{"self":[{"href":"https:\/\/airporttelecom.com\/fr\/wp-json\/wp\/v2\/product\/1549","targetHints":{"allow":["GET"]}}],"collection":[{"href":"https:\/\/airporttelecom.com\/fr\/wp-json\/wp\/v2\/product"}],"about":[{"href":"https:\/\/airporttelecom.com\/fr\/wp-json\/wp\/v2\/types\/product"}],"replies":[{"embeddable":true,"href":"https:\/\/airporttelecom.com\/fr\/wp-json\/wp\/v2\/comments?post=1549"}],"wp:featuredmedia":[{"embeddable":true,"href":"https:\/\/airporttelecom.com\/fr\/wp-json\/wp\/v2\/media\/710"}],"wp:attachment":[{"href":"https:\/\/airporttelecom.com\/fr\/wp-json\/wp\/v2\/media?parent=1549"}],"wp:term":[{"taxonomy":"product_brand","embeddable":true,"href":"https:\/\/airporttelecom.com\/fr\/wp-json\/wp\/v2\/product_brand?post=1549"},{"taxonomy":"product_cat","embeddable":true,"href":"https:\/\/airporttelecom.com\/fr\/wp-json\/wp\/v2\/product_cat?post=1549"},{"taxonomy":"product_tag","embeddable":true,"href":"https:\/\/airporttelecom.com\/fr\/wp-json\/wp\/v2\/product_tag?post=1549"}],"curies":[{"name":"wp","href":"https:\/\/api.w.org\/{rel}","templated":true}]}}