{"id":1586,"date":"2024-09-12T10:51:49","date_gmt":"2024-09-12T10:51:49","guid":{"rendered":"https:\/\/airporttelecom.outperforming.nl\/nl\/product\/esim-zuid-korea\/"},"modified":"2025-04-01T19:03:10","modified_gmt":"2025-04-01T19:03:10","slug":"esim-coree-du-sud","status":"publish","type":"product","link":"https:\/\/airporttelecom.com\/fr\/esim\/coree-du-sud\/","title":{"rendered":"eSIM Cor\u00e9e du Sud"},"content":{"rendered":"","protected":false},"excerpt":{"rendered":"","protected":false},"featured_media":717,"comment_status":"open","ping_status":"closed","template":"","meta":{"_acf_changed":false},"product_brand":[],"product_cat":[16],"product_tag":[43],"class_list":{"0":"post-1586","1":"product","2":"type-product","3":"status-publish","4":"has-post-thumbnail","6":"product_cat-esim","7":"product_tag-esim-asie","9":"first","10":"instock","11":"taxable","12":"shipping-taxable","13":"purchasable","14":"product-type-variable","15":"has-default-attributes"},"acf":{"gebied_afbeelding":582,"vlag_afbeelding":300,"provider":["BIC"],"product_synoniemen":null,"product_bestel_velden":["vertrekdatum"],"product_omschrijving":"<h2><span data-contrast=\u00ab none \u00bb>Couverture mobile avec une eSIM pour la Cor\u00e9e du Sud<\/span><\/h2>\r\n<p><span data-contrast=\u00ab auto \u00bb>Avec une eSIM pr\u00e9pay\u00e9e pour la Cor\u00e9e du Sud d'Airport Telecom, vous pouvez utiliser l'Internet mobile dans toute la Cor\u00e9e du Sud. Vous pouvez choisir parmi diff\u00e9rents forfaits de donn\u00e9es et d'appels. Ces forfaits sont parfaits pour l'utilisation d'Internet et vous donnent acc\u00e8s \u00e0 la messagerie \u00e9lectronique, \u00e0 Whatsapp, \u00e0 la navigation et \u00e0 d'autres applications Internet via une connexion rapide 4G\/5G.<\/span><\/p>\r\n<h2><span data-contrast=\u00ab none \u00bb>Donn\u00e9es en Cor\u00e9e du Sud<\/span><\/h2>\r\n<p><span data-contrast=\u00ab auto \u00bb>Les eSIM pour la Cor\u00e9e du Sud sont fournies avec un forfait de 10GB et un forfait de donn\u00e9es illimit\u00e9. Chaque eSIM poss\u00e8de son propre num\u00e9ro de t\u00e9l\u00e9phone sur lequel vous pouvez recevoir des appels gratuits en Cor\u00e9e du Sud. Les eSIM de 10GB et illimit\u00e9es incluent \u00e9galement les appels en Cor\u00e9e du Sud. <\/span><\/p>\r\n<h2><span data-contrast=\u00ab none \u00bb>Whatsapp avec eSIM Cor\u00e9e du Sud<\/span><\/h2>\r\n<p><span data-contrast=\u00ab auto \u00bb>Tous les appels via Internet tels que Whatsapp, Skype et FaceTime sont bien s\u00fbr \u00e9galement possibles avec l'eSIM pour la Cor\u00e9e du Sud. Vous utiliserez alors le forfait de donn\u00e9es. Vous pouvez toujours continuer \u00e0 utiliser Whatsapp avec vos propres contacts, groupes et chats existants. Apr\u00e8s avoir install\u00e9 une eSIM pr\u00e9pay\u00e9e, Whatsapp peut vous demander si vous souhaitez cr\u00e9er une nouvelle identit\u00e9 ou si tout doit rester tel quel. Si c'est le cas, choisissez la deuxi\u00e8me option et rien ne changera. Vous pourrez ensuite continuer \u00e0 envoyer des messages et \u00e0 passer des appels avec Whatsapp comme d'habitude. <\/span><\/p>\r\n<h2>Couverture en Cor\u00e9e du Sud<\/h2>\r\n<p>La Cor\u00e9e du Sud poss\u00e8de l'un des meilleurs r\u00e9seaux mobiles au monde. Profitez-en dans le quartier anim\u00e9 de Myeongdong \u00e0 S\u00e9oul, avec ses caf\u00e9s et restaurants chaleureux, ou admirez la vue imprenable depuis la tour Namsan de S\u00e9oul. Partout ici, vous pouvez facilement envoyer des messages WhatsApp. Il en va de m\u00eame pour d'autres points d'acc\u00e8s tels que Busan et la magnifique \u00eele de Jeju. Profitez de l'histoire \u00e0 Gyeongju et utilisez votre eSIM pour partager des photos du magnifique temple de Bulguksa ou de la grotte de Seokguram sur Instagram \u00e0 une vitesse fulgurante. Bien que la Cor\u00e9e du Sud soit connue pour son r\u00e9seau de premier ordre, les r\u00e9gions \u00e9loign\u00e9es et montagneuses comme les parcs nationaux de Seoraksan et Jirisan et les \u00eeles comme Ulleungdo et Dokdo peuvent parfois avoir une couverture limit\u00e9e.\r\n<h2><span data-contrast=\u00ab none \u00bb>eSIM pour la Cor\u00e9e du Sud re\u00e7ue par e-mail<\/span><\/h2>\r\n<p><span data-contrast=\u00ab none \u00bb>Vous recevrez l'eSIM pour la Cor\u00e9e du Sud par e-mail. C'est tr\u00e8s rapide et cela peut \u00eatre fait m\u00eame si vous \u00eates d\u00e9j\u00e0 en Cor\u00e9e du Sud ou si vous partez \u00e0 tr\u00e8s court terme.<\/span><\/p>","product_specificaties":"<h2><span data-contrast=\u00ab none \u00bb>Avantages de l'eSIM pour la Cor\u00e9e du Sud<\/span><\/h2>\r\n<p><span data-contrast=\u00ab auto \u00bb>Vous recevrez l'eSIM pour la Cor\u00e9e du Sud par e-mail. Il s'agit d'un code QR qui doit \u00eatre scann\u00e9 avec le t\u00e9l\u00e9phone. Vous pouvez le faire m\u00eame si vous \u00eates d\u00e9j\u00e0 en Cor\u00e9e du Sud ou si vous partez \u00e0 tr\u00e8s court terme.<\/span><\/p>\r\n<p><span data-contrast=\u00ab auto \u00bb>L'avantage de la variante eSIM est que vous pouvez g\u00e9rer votre trafic de donn\u00e9es en Cor\u00e9e du Sud gr\u00e2ce au forfait de donn\u00e9es pr\u00e9pay\u00e9 tout en restant joignable sur votre propre num\u00e9ro de t\u00e9l\u00e9phone portable l\u00e0-bas.<\/span><\/p>\r\n<p><span data-contrast=\u00ab auto \u00bb>L'eSIM ne peut \u00eatre utilis\u00e9e que dans les t\u00e9l\u00e9phones qui s'y pr\u00eatent. V\u00e9rifiez bien cela avant de choisir l'eSIM. L'eSIM peut de toute fa\u00e7on \u00eatre utilis\u00e9e dans l'iPhone XS, XS Max, XR, iPhone 11 et les mod\u00e8les sup\u00e9rieurs.<\/span><\/p>\r\n<h2><span data-contrast=\u00ab none \u00bb>Donn\u00e9es et appels en Cor\u00e9e du Sud<\/span><\/h2>\r\n<p><span data-contrast=\u00ab auto \u00bb>Il existe deux variantes de l'eSIM Cor\u00e9e du Sud :<\/span><\/p>\r\n<h3><span data-contrast=\u00ab none \u00bb>10GB de donn\u00e9es 59 \u20ac,=<\/span><\/h3>\r\n<p><span data-contrast=\u00ab auto \u00bb>Incl. 10GB de donn\u00e9es<\/span><\/p>\r\n<p><span data-contrast=\u00ab auto \u00bb>Incl. 500 minutes d'appels locaux<\/span><\/p>\r\n<h3><span data-contrast=\u00ab none \u00bb>Donn\u00e9es illimit\u00e9es \u20ac 89,= *<\/span><\/h3>\r\n<p><span data-contrast=\u00ab auto \u00bb>Donn\u00e9es illimit\u00e9es incluses *<\/span><\/p>\r\n<p><span data-contrast=\u00ab auto \u00bb>Minutes d'appel locales illimit\u00e9es incluses *<br \/>\r\n<\/span><\/p>\r\n<p><span data-contrast=\u00ab auto \u00bb>Les forfaits de donn\u00e9es sont valables pendant 30 jours apr\u00e8s l'activation.<\/span><span data-ccp-props=\u00ab {} \u00bb><br \/>\r\nL'eSIM Cor\u00e9e du Sud ne fonctionne pas dans MIFI ou comme point d'acc\u00e8s.\r\n*) Il existe une politique d'utilisation \u00e9quitable. En cas d'utilisation extr\u00eame des donn\u00e9es ou de comportement d'appel, les capacit\u00e9s de la carte SIM peuvent \u00eatre limit\u00e9es par le fournisseur.","product_handleiding":"","product_veelgestelde_vragen":[{"vraag":"Quel esim utiliser en Cor\u00e9e du Sud ?","antwoord":"Pour un court s\u00e9jour de quelques jours, vous n'aurez probablement pas besoin d'autant de donn\u00e9es. Le forfait de 10GB de donn\u00e9es pour la Cor\u00e9e du Sud peut alors suffire. Les applications telles que Whatsapp, Instagram et la navigation ne consomment pas beaucoup de donn\u00e9es. Si vous restez plus longtemps, il peut \u00eatre utile d'opter pour l'option Illimit\u00e9 afin de disposer de suffisamment de donn\u00e9es."},{"vraag":"O\u00f9 acheter une esim pour la Cor\u00e9e du Sud ?","antwoord":"Achetez une eSIM pour la Cor\u00e9e du Sud en ligne aupr\u00e8s d'Airport Telecom. Vous recevrez la eSIM par e-mail. Il s'agit d'un code QR qui doit \u00eatre scann\u00e9 avec votre t\u00e9l\u00e9phone. Vous pouvez donc le faire m\u00eame si vous \u00eates d\u00e9j\u00e0 en Cor\u00e9e du Sud ou si vous partez dans un d\u00e9lai tr\u00e8s court."}]},"yoast_head":"<!-- This site is optimized with the Yoast SEO Premium plugin v24.4 (Yoast SEO v27.3) - https:\/\/yoast.com\/product\/yoast-seo-premium-wordpress\/ -->\n<title>eSIM Cor\u00e9e du Sud achat d&#039;appels et d&#039;Internet pr\u00e9pay\u00e9s (illimit\u00e9s) - Airport Telecom FR<\/title>\n<meta name=\"description\" content=\"Recherche carte pr\u00e9pay\u00e9e eSIM Cor\u00e9e du Sud pour les appels (illimit\u00e9s) et Internet ? Accessible de mani\u00e8re optimale lors de d\u00e9placements en eSIM Asie. Maintenant en vente chez !\" \/>\n<meta name=\"robots\" content=\"index, follow, max-snippet:-1, max-image-preview:large, max-video-preview:-1\" \/>\n<link rel=\"canonical\" href=\"https:\/\/airporttelecom.com\/fr\/esim\/coree-du-sud\/\" \/>\n<meta property=\"og:locale\" content=\"fr_FR\" \/>\n<meta property=\"og:type\" content=\"article\" \/>\n<meta property=\"og:title\" content=\"eSIM Cor\u00e9e du Sud\" \/>\n<meta property=\"og:description\" content=\"Recherche carte pr\u00e9pay\u00e9e eSIM Cor\u00e9e du Sud pour les appels (illimit\u00e9s) et Internet ? Accessible de mani\u00e8re optimale lors de d\u00e9placements en eSIM Asie. Maintenant en vente chez !\" \/>\n<meta property=\"og:url\" content=\"https:\/\/airporttelecom.com\/fr\/esim\/coree-du-sud\/\" \/>\n<meta property=\"og:site_name\" content=\"Airport Telecom FR\" \/>\n<meta property=\"article:modified_time\" content=\"2025-04-01T19:03:10+00:00\" \/>\n<meta property=\"og:image\" content=\"https:\/\/airporttelecom.com\/fr\/wp-content\/uploads\/sites\/5\/2024\/06\/Simkaart-Zuid-Korea.png?wsr\" \/>\n\t<meta property=\"og:image:width\" content=\"800\" \/>\n\t<meta property=\"og:image:height\" content=\"318\" \/>\n\t<meta property=\"og:image:type\" content=\"image\/png\" \/>\n<meta name=\"twitter:card\" content=\"summary_large_image\" \/>\n<meta name=\"twitter:label1\" content=\"Dur\u00e9e de lecture estim\u00e9e\" \/>\n\t<meta name=\"twitter:data1\" content=\"1 minute\" \/>\n<script type=\"application\/ld+json\" class=\"yoast-schema-graph\">{\"@context\":\"https:\\\/\\\/schema.org\",\"@graph\":[{\"@type\":\"WebPage\",\"@id\":\"https:\\\/\\\/airporttelecom.com\\\/fr\\\/esim\\\/coree-du-sud\\\/\",\"url\":\"https:\\\/\\\/airporttelecom.com\\\/fr\\\/esim\\\/coree-du-sud\\\/\",\"name\":\"eSIM Cor\u00e9e du Sud achat d'appels et d'Internet pr\u00e9pay\u00e9s (illimit\u00e9s) - Airport Telecom FR\",\"isPartOf\":{\"@id\":\"https:\\\/\\\/airporttelecom.com\\\/fr\\\/#website\"},\"primaryImageOfPage\":{\"@id\":\"https:\\\/\\\/airporttelecom.com\\\/fr\\\/esim\\\/coree-du-sud\\\/#primaryimage\"},\"image\":{\"@id\":\"https:\\\/\\\/airporttelecom.com\\\/fr\\\/esim\\\/coree-du-sud\\\/#primaryimage\"},\"thumbnailUrl\":\"https:\\\/\\\/airporttelecom.com\\\/fr\\\/wp-content\\\/uploads\\\/sites\\\/5\\\/2024\\\/06\\\/Simkaart-Zuid-Korea.png\",\"datePublished\":\"2024-09-12T10:51:49+00:00\",\"dateModified\":\"2025-04-01T19:03:10+00:00\",\"description\":\"Recherche carte pr\u00e9pay\u00e9e eSIM Cor\u00e9e du Sud pour les appels (illimit\u00e9s) et Internet ? Accessible de mani\u00e8re optimale lors de d\u00e9placements en eSIM Asie. Maintenant en vente chez !\",\"breadcrumb\":{\"@id\":\"https:\\\/\\\/airporttelecom.com\\\/fr\\\/esim\\\/coree-du-sud\\\/#breadcrumb\"},\"inLanguage\":\"fr-FR\",\"potentialAction\":[{\"@type\":\"ReadAction\",\"target\":[\"https:\\\/\\\/airporttelecom.com\\\/fr\\\/esim\\\/coree-du-sud\\\/\"]}]},{\"@type\":\"ImageObject\",\"inLanguage\":\"fr-FR\",\"@id\":\"https:\\\/\\\/airporttelecom.com\\\/fr\\\/esim\\\/coree-du-sud\\\/#primaryimage\",\"url\":\"https:\\\/\\\/airporttelecom.com\\\/fr\\\/wp-content\\\/uploads\\\/sites\\\/5\\\/2024\\\/06\\\/Simkaart-Zuid-Korea.png\",\"contentUrl\":\"https:\\\/\\\/airporttelecom.com\\\/fr\\\/wp-content\\\/uploads\\\/sites\\\/5\\\/2024\\\/06\\\/Simkaart-Zuid-Korea.png\",\"width\":800,\"height\":318,\"caption\":\"Carte SIM pour la Cor\u00e9e du Sud\"},{\"@type\":\"BreadcrumbList\",\"@id\":\"https:\\\/\\\/airporttelecom.com\\\/fr\\\/esim\\\/coree-du-sud\\\/#breadcrumb\",\"itemListElement\":[{\"@type\":\"ListItem\",\"position\":1,\"name\":\"Home\",\"item\":\"https:\\\/\\\/airporttelecom.com\\\/fr\\\/\"},{\"@type\":\"ListItem\",\"position\":2,\"name\":\"eSIM\",\"item\":\"https:\\\/\\\/airporttelecom.com\\\/fr\\\/esim\\\/\"},{\"@type\":\"ListItem\",\"position\":3,\"name\":\"Cor\u00e9e du Sud\"}]},{\"@type\":\"WebSite\",\"@id\":\"https:\\\/\\\/airporttelecom.com\\\/fr\\\/#website\",\"url\":\"https:\\\/\\\/airporttelecom.com\\\/fr\\\/\",\"name\":\"Airport Telecom\",\"description\":\"\",\"publisher\":{\"@id\":\"https:\\\/\\\/airporttelecom.com\\\/fr\\\/#organization\"},\"potentialAction\":[{\"@type\":\"SearchAction\",\"target\":{\"@type\":\"EntryPoint\",\"urlTemplate\":\"https:\\\/\\\/airporttelecom.com\\\/fr\\\/?s={search_term_string}\"},\"query-input\":{\"@type\":\"PropertyValueSpecification\",\"valueRequired\":true,\"valueName\":\"search_term_string\"}}],\"inLanguage\":\"fr-FR\"},{\"@type\":\"Organization\",\"@id\":\"https:\\\/\\\/airporttelecom.com\\\/fr\\\/#organization\",\"name\":\"Airport Telecom\",\"url\":\"https:\\\/\\\/airporttelecom.com\\\/fr\\\/\",\"logo\":{\"@type\":\"ImageObject\",\"inLanguage\":\"fr-FR\",\"@id\":\"https:\\\/\\\/airporttelecom.com\\\/fr\\\/#\\\/schema\\\/logo\\\/image\\\/\",\"url\":\"https:\\\/\\\/airporttelecom.com\\\/fr\\\/wp-content\\\/uploads\\\/sites\\\/5\\\/2024\\\/06\\\/icon.png?wsr\",\"contentUrl\":\"https:\\\/\\\/airporttelecom.com\\\/fr\\\/wp-content\\\/uploads\\\/sites\\\/5\\\/2024\\\/06\\\/icon.png?wsr\",\"width\":110,\"height\":110,\"caption\":\"Airport Telecom\"},\"image\":{\"@id\":\"https:\\\/\\\/airporttelecom.com\\\/fr\\\/#\\\/schema\\\/logo\\\/image\\\/\"}}]}<\/script>\n<!-- \/ Yoast SEO Premium plugin. -->","yoast_head_json":{"title":"eSIM Cor\u00e9e du Sud achat d'appels et d'Internet pr\u00e9pay\u00e9s (illimit\u00e9s) - Airport Telecom FR","description":"Recherche carte pr\u00e9pay\u00e9e eSIM Cor\u00e9e du Sud pour les appels (illimit\u00e9s) et Internet ? Accessible de mani\u00e8re optimale lors de d\u00e9placements en eSIM Asie. Maintenant en vente chez !","robots":{"index":"index","follow":"follow","max-snippet":"max-snippet:-1","max-image-preview":"max-image-preview:large","max-video-preview":"max-video-preview:-1"},"canonical":"https:\/\/airporttelecom.com\/fr\/esim\/coree-du-sud\/","og_locale":"fr_FR","og_type":"article","og_title":"eSIM Cor\u00e9e du Sud","og_description":"Recherche carte pr\u00e9pay\u00e9e eSIM Cor\u00e9e du Sud pour les appels (illimit\u00e9s) et Internet ? Accessible de mani\u00e8re optimale lors de d\u00e9placements en eSIM Asie. Maintenant en vente chez !","og_url":"https:\/\/airporttelecom.com\/fr\/esim\/coree-du-sud\/","og_site_name":"Airport Telecom FR","article_modified_time":"2025-04-01T19:03:10+00:00","og_image":[{"width":800,"height":318,"url":"https:\/\/airporttelecom.com\/fr\/wp-content\/uploads\/sites\/5\/2024\/06\/Simkaart-Zuid-Korea.png?wsr","type":"image\/png"}],"twitter_card":"summary_large_image","twitter_misc":{"Dur\u00e9e de lecture estim\u00e9e":"1 minute"},"schema":{"@context":"https:\/\/schema.org","@graph":[{"@type":"WebPage","@id":"https:\/\/airporttelecom.com\/fr\/esim\/coree-du-sud\/","url":"https:\/\/airporttelecom.com\/fr\/esim\/coree-du-sud\/","name":"eSIM Cor\u00e9e du Sud achat d'appels et d'Internet pr\u00e9pay\u00e9s (illimit\u00e9s) - Airport Telecom FR","isPartOf":{"@id":"https:\/\/airporttelecom.com\/fr\/#website"},"primaryImageOfPage":{"@id":"https:\/\/airporttelecom.com\/fr\/esim\/coree-du-sud\/#primaryimage"},"image":{"@id":"https:\/\/airporttelecom.com\/fr\/esim\/coree-du-sud\/#primaryimage"},"thumbnailUrl":"https:\/\/airporttelecom.com\/fr\/wp-content\/uploads\/sites\/5\/2024\/06\/Simkaart-Zuid-Korea.png","datePublished":"2024-09-12T10:51:49+00:00","dateModified":"2025-04-01T19:03:10+00:00","description":"Recherche carte pr\u00e9pay\u00e9e eSIM Cor\u00e9e du Sud pour les appels (illimit\u00e9s) et Internet ? Accessible de mani\u00e8re optimale lors de d\u00e9placements en eSIM Asie. Maintenant en vente chez !","breadcrumb":{"@id":"https:\/\/airporttelecom.com\/fr\/esim\/coree-du-sud\/#breadcrumb"},"inLanguage":"fr-FR","potentialAction":[{"@type":"ReadAction","target":["https:\/\/airporttelecom.com\/fr\/esim\/coree-du-sud\/"]}]},{"@type":"ImageObject","inLanguage":"fr-FR","@id":"https:\/\/airporttelecom.com\/fr\/esim\/coree-du-sud\/#primaryimage","url":"https:\/\/airporttelecom.com\/fr\/wp-content\/uploads\/sites\/5\/2024\/06\/Simkaart-Zuid-Korea.png","contentUrl":"https:\/\/airporttelecom.com\/fr\/wp-content\/uploads\/sites\/5\/2024\/06\/Simkaart-Zuid-Korea.png","width":800,"height":318,"caption":"Carte SIM pour la Cor\u00e9e du Sud"},{"@type":"BreadcrumbList","@id":"https:\/\/airporttelecom.com\/fr\/esim\/coree-du-sud\/#breadcrumb","itemListElement":[{"@type":"ListItem","position":1,"name":"Home","item":"https:\/\/airporttelecom.com\/fr\/"},{"@type":"ListItem","position":2,"name":"eSIM","item":"https:\/\/airporttelecom.com\/fr\/esim\/"},{"@type":"ListItem","position":3,"name":"Cor\u00e9e du Sud"}]},{"@type":"WebSite","@id":"https:\/\/airporttelecom.com\/fr\/#website","url":"https:\/\/airporttelecom.com\/fr\/","name":"Airport Telecom","description":"","publisher":{"@id":"https:\/\/airporttelecom.com\/fr\/#organization"},"potentialAction":[{"@type":"SearchAction","target":{"@type":"EntryPoint","urlTemplate":"https:\/\/airporttelecom.com\/fr\/?s={search_term_string}"},"query-input":{"@type":"PropertyValueSpecification","valueRequired":true,"valueName":"search_term_string"}}],"inLanguage":"fr-FR"},{"@type":"Organization","@id":"https:\/\/airporttelecom.com\/fr\/#organization","name":"Airport Telecom","url":"https:\/\/airporttelecom.com\/fr\/","logo":{"@type":"ImageObject","inLanguage":"fr-FR","@id":"https:\/\/airporttelecom.com\/fr\/#\/schema\/logo\/image\/","url":"https:\/\/airporttelecom.com\/fr\/wp-content\/uploads\/sites\/5\/2024\/06\/icon.png?wsr","contentUrl":"https:\/\/airporttelecom.com\/fr\/wp-content\/uploads\/sites\/5\/2024\/06\/icon.png?wsr","width":110,"height":110,"caption":"Airport Telecom"},"image":{"@id":"https:\/\/airporttelecom.com\/fr\/#\/schema\/logo\/image\/"}}]}},"_links":{"self":[{"href":"https:\/\/airporttelecom.com\/fr\/wp-json\/wp\/v2\/product\/1586","targetHints":{"allow":["GET"]}}],"collection":[{"href":"https:\/\/airporttelecom.com\/fr\/wp-json\/wp\/v2\/product"}],"about":[{"href":"https:\/\/airporttelecom.com\/fr\/wp-json\/wp\/v2\/types\/product"}],"replies":[{"embeddable":true,"href":"https:\/\/airporttelecom.com\/fr\/wp-json\/wp\/v2\/comments?post=1586"}],"wp:featuredmedia":[{"embeddable":true,"href":"https:\/\/airporttelecom.com\/fr\/wp-json\/wp\/v2\/media\/717"}],"wp:attachment":[{"href":"https:\/\/airporttelecom.com\/fr\/wp-json\/wp\/v2\/media?parent=1586"}],"wp:term":[{"taxonomy":"product_brand","embeddable":true,"href":"https:\/\/airporttelecom.com\/fr\/wp-json\/wp\/v2\/product_brand?post=1586"},{"taxonomy":"product_cat","embeddable":true,"href":"https:\/\/airporttelecom.com\/fr\/wp-json\/wp\/v2\/product_cat?post=1586"},{"taxonomy":"product_tag","embeddable":true,"href":"https:\/\/airporttelecom.com\/fr\/wp-json\/wp\/v2\/product_tag?post=1586"}],"curies":[{"name":"wp","href":"https:\/\/api.w.org\/{rel}","templated":true}]}}