{"id":1607,"date":"2024-09-12T10:51:54","date_gmt":"2024-09-12T10:51:54","guid":{"rendered":"https:\/\/airporttelecom.outperforming.nl\/nl\/product\/esim-japan\/"},"modified":"2025-08-17T18:04:24","modified_gmt":"2025-08-17T18:04:24","slug":"esim-japon","status":"publish","type":"product","link":"https:\/\/airporttelecom.com\/fr\/esim\/japon\/","title":{"rendered":"eSIM Japon"},"content":{"rendered":"","protected":false},"excerpt":{"rendered":"","protected":false},"featured_media":696,"comment_status":"open","ping_status":"closed","template":"","meta":{"_acf_changed":false},"product_brand":[],"product_cat":[16],"product_tag":[43],"class_list":{"0":"post-1607","1":"product","2":"type-product","3":"status-publish","4":"has-post-thumbnail","6":"product_cat-esim","7":"product_tag-esim-asie","9":"first","10":"instock","11":"taxable","12":"shipping-taxable","13":"purchasable","14":"product-type-variable","15":"has-default-attributes"},"acf":{"gebied_afbeelding":639,"vlag_afbeelding":265,"provider":["NEX"],"product_synoniemen":null,"product_bestel_velden":["vertrekdatum"],"product_omschrijving":"<h2><span data-contrast=\"\u00ab\">Acc\u00e8s mobile avec une eSIM pour le Japon<\/span><\/h2>\r\n<span data-contrast=\"\u00ab\">Avec une eSIM Japan pr\u00e9pay\u00e9e d'Airport Telecom, vous pouvez utiliser l'Internet mobile dans tout le Japon. Vous pouvez choisir parmi diff\u00e9rents forfaits de donn\u00e9es et d'appels. Ces forfaits sont tr\u00e8s adapt\u00e9s \u00e0 l'utilisation d'Internet et vous donnent acc\u00e8s \u00e0 la messagerie \u00e9lectronique, \u00e0 Whatsapp, \u00e0 la navigation et \u00e0 d'autres applications Internet via une connexion rapide 4G\/5G.<\/span>\r\n<h2>Forfaits de donn\u00e9es pour voyager au Japon<\/h2>\r\nLes eSIM pour le Japon sont fournies avec un forfait de donn\u00e9es illimit\u00e9 pour 7, 14 ou 30 jours :\r\n<h3>eSIM illimit\u00e9e Japon 7 jours, 24 \u20ac,<\/h3>\r\n<h3>eSIM illimit\u00e9e Japon 14 jours, 43 \u20ac,<\/h3>\r\n<h3>eSIM illimit\u00e9e Japon 30 jours, 69 \u20ac,<\/h3>\r\n(*) Veuillez noter qu'une Politique d'Utilisation \u00c9quitable est en vigueur. En cas de consommation de donn\u00e9es excessive, le fournisseur se r\u00e9serve le droit de restreindre les capacit\u00e9s de la carte (e)SIM. Cette Politique d'Utilisation \u00c9quitable repose sur le principe d'un utilisateur unique par carte (e)SIM. Une utilisation qualifi\u00e9e de normale \u2014 incluant la navigation, la consultation d'e-mails, la recherche sur internet, l'\u00e9change de messages et appels via WhatsApp, ainsi que l'utilisation d'applications telles qu'Instagram et Snapchat\u2014 n'activera pas cette politique. Cependant, une utilisation intensive telle que la visualisation prolong\u00e9e de contenus sur YouTube ou TikTok, l'utilisation intensive de services de streaming (par exemple, Netflix) et la t\u00e9l\u00e9vision en ligne, particuli\u00e8rement lorsque combin\u00e9e au partage de connexion via un point d'acc\u00e8s mobile (hotspot) ou un routeur par plusieurs individus, est susceptible de contrevenir \u00e0 cette politique.\r\n\r\nLes eSIM pour le Japon ont une excellente couverture nationale sur les r\u00e9seaux 4G et 5G. Aucune inscription de l'utilisateur n'est requise au Japon. \u00c0 l'arriv\u00e9e au Japon, Internet commence \u00e0 fonctionner automatiquement. L'eSIM Japon convient au partage de connexion et peut \u00e9galement \u00eatre utilis\u00e9e pour les hotspots et les MIFI.\r\n<h2><span data-contrast=\"\u00ab\">Whatsapp avec eSIM Japon<\/span><\/h2>\r\n<span data-contrast=\"\u00ab\">Tous les appels passant par Internet, comme avec Whatsapp, Skype et FaceTime, sont bien s\u00fbr \u00e9galement possibles avec les eSIM pour le Japon. Vous utiliserez alors le forfait de donn\u00e9es sur l'eSIM. Vous pouvez toujours continuer \u00e0 utiliser Whatsapp avec vos propres contacts, groupes et chats existants. Apr\u00e8s avoir install\u00e9 une eSIM pr\u00e9pay\u00e9e, Whatsapp peut vous demander si vous souhaitez cr\u00e9er une nouvelle identit\u00e9 ou si tout doit rester tel quel. Si c'est le cas, choisissez la deuxi\u00e8me option et rien ne changera. Vous pourrez ensuite continuer \u00e0 envoyer des messages et \u00e0 passer des appels avec Whatsapp comme d'habitude.\r\n<\/span>\r\n<h2><span data-contrast=\"\u00ab\">Couverture mobile au Japon<\/span><\/h2>\r\n<span class=\"\u00ab\" lang=\"\u00ab\"><span class=\"\u00ab\"><span class=\"\u00ab\">Au Japon, la connectivit\u00e9 est parfaite avec l'eSIM presque partout.<\/span><\/span> <span class=\"\u00ab\"><span class=\"\u00ab\">Id\u00e9al pour une escapade dans la ville moderne de Tokyo afin de capturer la beaut\u00e9 de la capitale et partager rapidement des photos. <\/span><\/span> <span class=\"\u00ab\"><span class=\"\u00ab\">Faites le tour des hauts lieux culinaires d'Osaka pour d\u00e9guster des sushis et du sak\u00e9 authentiques, visitez le centre culturel de Kyoto pour ses magnifiques temples et sanctuaires, ou profitez de la vue sur le mont Fuji, partout vous trouverez une connexion de donn\u00e9es rapide pour Whatsapp et Instagram. <\/span><\/span> <span class=\"\u00ab\"><span class=\"\u00ab\">Il en va de m\u00eame pour les excursions d'\u00eele en \u00eele \u00e0 Okinawa et la visite de la magnifique plage d'Emerald Beach. <\/span><\/span> La couverture avec l'eSIM est \u00e9galement excellente dans le nord du Japon, par exemple sur l'\u00eele d'Hokkaido, dans les stations de ski de Niseko, Rusutsu et Furano. <\/span> <span class=\"\u00ab\"><span class=\"\u00ab\">Seules les r\u00e9serves naturelles isol\u00e9es, telles que le parc national de Daisetsuzan, peuvent pr\u00e9senter une couverture moins bonne.<\/span><\/span>\r\n<h2><span data-contrast=\"\u00ab\">eSIM pour le Japon re\u00e7ue par e-mail<\/span><\/h2>\r\n<span data-contrast=\"\u00ab\">Vous recevrez l'eSIM pour le Japon par e-mail. C'est tr\u00e8s rapide et cela peut \u00eatre fait m\u00eame si vous \u00eates d\u00e9j\u00e0 au Japon ou si vous partez \u00e0 tr\u00e8s court terme.<\/span>","product_specificaties":"<h2>Internet avec eSIM Japon<\/h2>\r\nChoisissez la dur\u00e9e exacte pendant laquelle vous aurez besoin de l'eSIM donn\u00e9es illimit\u00e9es :\r\n<h3>eSIM illimit\u00e9e Japon 7 jours, 24 \u20ac,=<\/h3>\r\n<ul>\r\n \t<li>Donn\u00e9es illimit\u00e9es dans toute le Japon*<\/li>\r\n \t<li>Offre group\u00e9e valable 7 jours. La recharge peut \u00eatre effectu\u00e9e via ce site Web.<\/li>\r\n<\/ul>\r\n<h3>eSIM illimit\u00e9e Japon 14 jours, 43 \u20ac, =<\/h3>\r\n<ul>\r\n \t<li>Donn\u00e9es illimit\u00e9es dans toute le Japon*<\/li>\r\n \t<li>Offre group\u00e9e valable 14 jours. Le rechargement peut \u00eatre effectu\u00e9 via ce site Web.<\/li>\r\n<\/ul>\r\n<h3>eSIM illimit\u00e9e Japon 30 jours, 69 \u20ac, =<\/h3>\r\n<ul>\r\n \t<li>Donn\u00e9es illimit\u00e9es dans toute le Japon*<\/li>\r\n \t<li>Forfait valable 30 jours. La recharge peut \u00eatre effectu\u00e9e via ce site Web.<\/li>\r\n<\/ul>\r\n(*) Il existe une politique d'utilisation \u00e9quitable. En cas d'utilisation extr\u00eame des donn\u00e9es, le fournisseur au Japon peut limiter les capacit\u00e9s de la carte SIM.","product_handleiding":"","product_veelgestelde_vragen":[{"vraag":"Quel esim utiliser au Japon ?","antwoord":"Pour un s\u00e9jour de quelques jours, vous n'aurez probablement pas besoin d'autant de donn\u00e9es. Le forfait de 10GB de donn\u00e9es pour le Japon peut alors suffire. Les applications telles que Whatsapp, Instagram et la navigation ne consomment pas beaucoup de donn\u00e9es. Si vous restez plus longtemps, il peut \u00eatre utile d'opter pour l'option Illimit\u00e9 afin de disposer de suffisamment de donn\u00e9es."},{"vraag":"O\u00f9 peut-on acheter une esim pour le Japon ?","antwoord":"Achetez une eSIM pour le Japon en ligne aupr\u00e8s d'Airport Telecom. Vous recevrez la eSIM par e-mail. Il s'agit d'un code QR qui doit \u00eatre scann\u00e9 avec votre t\u00e9l\u00e9phone. Vous pouvez donc le faire m\u00eame si vous \u00eates d\u00e9j\u00e0 au Japon ou si vous partez dans un d\u00e9lai tr\u00e8s court."}]},"yoast_head":"<!-- This site is optimized with the Yoast SEO Premium plugin v24.4 (Yoast SEO v26.9) - https:\/\/yoast.com\/product\/yoast-seo-premium-wordpress\/ -->\n<title>eSIM Japon achat d&#039;appels et d&#039;Internet pr\u00e9pay\u00e9s (illimit\u00e9s) - Airport Telecom FR<\/title>\n<meta name=\"description\" content=\"Recherche carte pr\u00e9pay\u00e9e eSIM Japon pour les appels (illimit\u00e9s) et Internet ? Accessible de mani\u00e8re optimale lors de d\u00e9placements en eSIM Asie. Maintenant en vente chez !\" \/>\n<meta name=\"robots\" content=\"index, follow, max-snippet:-1, max-image-preview:large, max-video-preview:-1\" \/>\n<link rel=\"canonical\" href=\"https:\/\/airporttelecom.com\/fr\/esim\/japon\/\" \/>\n<meta property=\"og:locale\" content=\"fr_FR\" \/>\n<meta property=\"og:type\" content=\"article\" \/>\n<meta property=\"og:title\" content=\"eSIM Japon\" \/>\n<meta property=\"og:description\" content=\"Recherche carte pr\u00e9pay\u00e9e eSIM Japon pour les appels (illimit\u00e9s) et Internet ? Accessible de mani\u00e8re optimale lors de d\u00e9placements en eSIM Asie. Maintenant en vente chez !\" \/>\n<meta property=\"og:url\" content=\"https:\/\/airporttelecom.com\/fr\/esim\/japon\/\" \/>\n<meta property=\"og:site_name\" content=\"Airport Telecom FR\" \/>\n<meta property=\"article:modified_time\" content=\"2025-08-17T18:04:24+00:00\" \/>\n<meta property=\"og:image\" content=\"https:\/\/airporttelecom.com\/fr\/wp-content\/uploads\/sites\/5\/2024\/06\/Simkaart-Japan.png?wsr\" \/>\n\t<meta property=\"og:image:width\" content=\"800\" \/>\n\t<meta property=\"og:image:height\" content=\"318\" \/>\n\t<meta property=\"og:image:type\" content=\"image\/png\" \/>\n<meta name=\"twitter:card\" content=\"summary_large_image\" \/>\n<meta name=\"twitter:label1\" content=\"Dur\u00e9e de lecture estim\u00e9e\" \/>\n\t<meta name=\"twitter:data1\" content=\"1 minute\" \/>\n<script type=\"application\/ld+json\" class=\"yoast-schema-graph\">{\"@context\":\"https:\/\/schema.org\",\"@graph\":[{\"@type\":\"WebPage\",\"@id\":\"https:\/\/airporttelecom.com\/fr\/esim\/japon\/\",\"url\":\"https:\/\/airporttelecom.com\/fr\/esim\/japon\/\",\"name\":\"eSIM Japon achat d'appels et d'Internet pr\u00e9pay\u00e9s (illimit\u00e9s) - Airport Telecom FR\",\"isPartOf\":{\"@id\":\"https:\/\/airporttelecom.com\/fr\/#website\"},\"primaryImageOfPage\":{\"@id\":\"https:\/\/airporttelecom.com\/fr\/esim\/japon\/#primaryimage\"},\"image\":{\"@id\":\"https:\/\/airporttelecom.com\/fr\/esim\/japon\/#primaryimage\"},\"thumbnailUrl\":\"https:\/\/airporttelecom.com\/fr\/wp-content\/uploads\/sites\/5\/2024\/06\/Simkaart-Japan.png\",\"datePublished\":\"2024-09-12T10:51:54+00:00\",\"dateModified\":\"2025-08-17T18:04:24+00:00\",\"description\":\"Recherche carte pr\u00e9pay\u00e9e eSIM Japon pour les appels (illimit\u00e9s) et Internet ? Accessible de mani\u00e8re optimale lors de d\u00e9placements en eSIM Asie. Maintenant en vente chez !\",\"breadcrumb\":{\"@id\":\"https:\/\/airporttelecom.com\/fr\/esim\/japon\/#breadcrumb\"},\"inLanguage\":\"fr-FR\",\"potentialAction\":[{\"@type\":\"ReadAction\",\"target\":[\"https:\/\/airporttelecom.com\/fr\/esim\/japon\/\"]}]},{\"@type\":\"ImageObject\",\"inLanguage\":\"fr-FR\",\"@id\":\"https:\/\/airporttelecom.com\/fr\/esim\/japon\/#primaryimage\",\"url\":\"https:\/\/airporttelecom.com\/fr\/wp-content\/uploads\/sites\/5\/2024\/06\/Simkaart-Japan.png\",\"contentUrl\":\"https:\/\/airporttelecom.com\/fr\/wp-content\/uploads\/sites\/5\/2024\/06\/Simkaart-Japan.png\",\"width\":800,\"height\":318,\"caption\":\"Carte SIM Japon\"},{\"@type\":\"BreadcrumbList\",\"@id\":\"https:\/\/airporttelecom.com\/fr\/esim\/japon\/#breadcrumb\",\"itemListElement\":[{\"@type\":\"ListItem\",\"position\":1,\"name\":\"Home\",\"item\":\"https:\/\/airporttelecom.com\/fr\/\"},{\"@type\":\"ListItem\",\"position\":2,\"name\":\"eSIM\",\"item\":\"https:\/\/airporttelecom.com\/fr\/esim\/\"},{\"@type\":\"ListItem\",\"position\":3,\"name\":\"Japon\"}]},{\"@type\":\"WebSite\",\"@id\":\"https:\/\/airporttelecom.com\/fr\/#website\",\"url\":\"https:\/\/airporttelecom.com\/fr\/\",\"name\":\"Airport Telecom\",\"description\":\"\",\"publisher\":{\"@id\":\"https:\/\/airporttelecom.com\/fr\/#organization\"},\"potentialAction\":[{\"@type\":\"SearchAction\",\"target\":{\"@type\":\"EntryPoint\",\"urlTemplate\":\"https:\/\/airporttelecom.com\/fr\/?s={search_term_string}\"},\"query-input\":{\"@type\":\"PropertyValueSpecification\",\"valueRequired\":true,\"valueName\":\"search_term_string\"}}],\"inLanguage\":\"fr-FR\"},{\"@type\":\"Organization\",\"@id\":\"https:\/\/airporttelecom.com\/fr\/#organization\",\"name\":\"Airport Telecom\",\"url\":\"https:\/\/airporttelecom.com\/fr\/\",\"logo\":{\"@type\":\"ImageObject\",\"inLanguage\":\"fr-FR\",\"@id\":\"https:\/\/airporttelecom.com\/fr\/#\/schema\/logo\/image\/\",\"url\":\"https:\/\/airporttelecom.com\/fr\/wp-content\/uploads\/sites\/5\/2024\/06\/icon.png?wsr\",\"contentUrl\":\"https:\/\/airporttelecom.com\/fr\/wp-content\/uploads\/sites\/5\/2024\/06\/icon.png?wsr\",\"width\":110,\"height\":110,\"caption\":\"Airport Telecom\"},\"image\":{\"@id\":\"https:\/\/airporttelecom.com\/fr\/#\/schema\/logo\/image\/\"}}]}<\/script>\n<!-- \/ Yoast SEO Premium plugin. -->","yoast_head_json":{"title":"eSIM Japon achat d'appels et d'Internet pr\u00e9pay\u00e9s (illimit\u00e9s) - Airport Telecom FR","description":"Recherche carte pr\u00e9pay\u00e9e eSIM Japon pour les appels (illimit\u00e9s) et Internet ? Accessible de mani\u00e8re optimale lors de d\u00e9placements en eSIM Asie. Maintenant en vente chez !","robots":{"index":"index","follow":"follow","max-snippet":"max-snippet:-1","max-image-preview":"max-image-preview:large","max-video-preview":"max-video-preview:-1"},"canonical":"https:\/\/airporttelecom.com\/fr\/esim\/japon\/","og_locale":"fr_FR","og_type":"article","og_title":"eSIM Japon","og_description":"Recherche carte pr\u00e9pay\u00e9e eSIM Japon pour les appels (illimit\u00e9s) et Internet ? Accessible de mani\u00e8re optimale lors de d\u00e9placements en eSIM Asie. Maintenant en vente chez !","og_url":"https:\/\/airporttelecom.com\/fr\/esim\/japon\/","og_site_name":"Airport Telecom FR","article_modified_time":"2025-08-17T18:04:24+00:00","og_image":[{"width":800,"height":318,"url":"https:\/\/airporttelecom.com\/fr\/wp-content\/uploads\/sites\/5\/2024\/06\/Simkaart-Japan.png?wsr","type":"image\/png"}],"twitter_card":"summary_large_image","twitter_misc":{"Dur\u00e9e de lecture estim\u00e9e":"1 minute"},"schema":{"@context":"https:\/\/schema.org","@graph":[{"@type":"WebPage","@id":"https:\/\/airporttelecom.com\/fr\/esim\/japon\/","url":"https:\/\/airporttelecom.com\/fr\/esim\/japon\/","name":"eSIM Japon achat d'appels et d'Internet pr\u00e9pay\u00e9s (illimit\u00e9s) - Airport Telecom FR","isPartOf":{"@id":"https:\/\/airporttelecom.com\/fr\/#website"},"primaryImageOfPage":{"@id":"https:\/\/airporttelecom.com\/fr\/esim\/japon\/#primaryimage"},"image":{"@id":"https:\/\/airporttelecom.com\/fr\/esim\/japon\/#primaryimage"},"thumbnailUrl":"https:\/\/airporttelecom.com\/fr\/wp-content\/uploads\/sites\/5\/2024\/06\/Simkaart-Japan.png","datePublished":"2024-09-12T10:51:54+00:00","dateModified":"2025-08-17T18:04:24+00:00","description":"Recherche carte pr\u00e9pay\u00e9e eSIM Japon pour les appels (illimit\u00e9s) et Internet ? Accessible de mani\u00e8re optimale lors de d\u00e9placements en eSIM Asie. Maintenant en vente chez !","breadcrumb":{"@id":"https:\/\/airporttelecom.com\/fr\/esim\/japon\/#breadcrumb"},"inLanguage":"fr-FR","potentialAction":[{"@type":"ReadAction","target":["https:\/\/airporttelecom.com\/fr\/esim\/japon\/"]}]},{"@type":"ImageObject","inLanguage":"fr-FR","@id":"https:\/\/airporttelecom.com\/fr\/esim\/japon\/#primaryimage","url":"https:\/\/airporttelecom.com\/fr\/wp-content\/uploads\/sites\/5\/2024\/06\/Simkaart-Japan.png","contentUrl":"https:\/\/airporttelecom.com\/fr\/wp-content\/uploads\/sites\/5\/2024\/06\/Simkaart-Japan.png","width":800,"height":318,"caption":"Carte SIM Japon"},{"@type":"BreadcrumbList","@id":"https:\/\/airporttelecom.com\/fr\/esim\/japon\/#breadcrumb","itemListElement":[{"@type":"ListItem","position":1,"name":"Home","item":"https:\/\/airporttelecom.com\/fr\/"},{"@type":"ListItem","position":2,"name":"eSIM","item":"https:\/\/airporttelecom.com\/fr\/esim\/"},{"@type":"ListItem","position":3,"name":"Japon"}]},{"@type":"WebSite","@id":"https:\/\/airporttelecom.com\/fr\/#website","url":"https:\/\/airporttelecom.com\/fr\/","name":"Airport Telecom","description":"","publisher":{"@id":"https:\/\/airporttelecom.com\/fr\/#organization"},"potentialAction":[{"@type":"SearchAction","target":{"@type":"EntryPoint","urlTemplate":"https:\/\/airporttelecom.com\/fr\/?s={search_term_string}"},"query-input":{"@type":"PropertyValueSpecification","valueRequired":true,"valueName":"search_term_string"}}],"inLanguage":"fr-FR"},{"@type":"Organization","@id":"https:\/\/airporttelecom.com\/fr\/#organization","name":"Airport Telecom","url":"https:\/\/airporttelecom.com\/fr\/","logo":{"@type":"ImageObject","inLanguage":"fr-FR","@id":"https:\/\/airporttelecom.com\/fr\/#\/schema\/logo\/image\/","url":"https:\/\/airporttelecom.com\/fr\/wp-content\/uploads\/sites\/5\/2024\/06\/icon.png?wsr","contentUrl":"https:\/\/airporttelecom.com\/fr\/wp-content\/uploads\/sites\/5\/2024\/06\/icon.png?wsr","width":110,"height":110,"caption":"Airport Telecom"},"image":{"@id":"https:\/\/airporttelecom.com\/fr\/#\/schema\/logo\/image\/"}}]}},"_links":{"self":[{"href":"https:\/\/airporttelecom.com\/fr\/wp-json\/wp\/v2\/product\/1607","targetHints":{"allow":["GET"]}}],"collection":[{"href":"https:\/\/airporttelecom.com\/fr\/wp-json\/wp\/v2\/product"}],"about":[{"href":"https:\/\/airporttelecom.com\/fr\/wp-json\/wp\/v2\/types\/product"}],"replies":[{"embeddable":true,"href":"https:\/\/airporttelecom.com\/fr\/wp-json\/wp\/v2\/comments?post=1607"}],"wp:featuredmedia":[{"embeddable":true,"href":"https:\/\/airporttelecom.com\/fr\/wp-json\/wp\/v2\/media\/696"}],"wp:attachment":[{"href":"https:\/\/airporttelecom.com\/fr\/wp-json\/wp\/v2\/media?parent=1607"}],"wp:term":[{"taxonomy":"product_brand","embeddable":true,"href":"https:\/\/airporttelecom.com\/fr\/wp-json\/wp\/v2\/product_brand?post=1607"},{"taxonomy":"product_cat","embeddable":true,"href":"https:\/\/airporttelecom.com\/fr\/wp-json\/wp\/v2\/product_cat?post=1607"},{"taxonomy":"product_tag","embeddable":true,"href":"https:\/\/airporttelecom.com\/fr\/wp-json\/wp\/v2\/product_tag?post=1607"}],"curies":[{"name":"wp","href":"https:\/\/api.w.org\/{rel}","templated":true}]}}