{"id":1619,"date":"2024-09-12T10:51:57","date_gmt":"2024-09-12T10:51:57","guid":{"rendered":"https:\/\/airporttelecom.outperforming.nl\/nl\/product\/esim-turkije\/"},"modified":"2025-08-17T18:03:02","modified_gmt":"2025-08-17T18:03:02","slug":"esim-turquie","status":"publish","type":"product","link":"https:\/\/airporttelecom.com\/fr\/esim\/turquie\/","title":{"rendered":"eSIM Turquie"},"content":{"rendered":"","protected":false},"excerpt":{"rendered":"","protected":false},"featured_media":712,"comment_status":"open","ping_status":"closed","template":"","meta":{"_acf_changed":false},"product_brand":[],"product_cat":[16],"product_tag":[22,45],"class_list":{"0":"post-1619","1":"product","2":"type-product","3":"status-publish","4":"has-post-thumbnail","6":"product_cat-esim","7":"product_tag-esim-europe","8":"product_tag-esim-moyen-orient","10":"first","11":"instock","12":"taxable","13":"shipping-taxable","14":"purchasable","15":"product-type-variable","16":"has-default-attributes"},"acf":{"gebied_afbeelding":913,"vlag_afbeelding":257,"provider":["BIC","NEX"],"product_synoniemen":null,"product_bestel_velden":"","product_omschrijving":"<h2>Internet mobile avec eSIM Turquie<\/h2>\r\nAvec l'eSIM Unlimited Turquie, vous pouvez utiliser l'internet mobile dans toute la Turquie. C'est id\u00e9al pour utiliser Internet et vous donne acc\u00e8s \u00e0 la messagerie \u00e9lectronique, \u00e0 Whatsapp, \u00e0 la navigation et \u00e0 d'autres applications Internet via des connexions 4G\/5G rapides. Choisissez un forfait illimit\u00e9 pour la dur\u00e9e dont vous aurez besoin : 7 jours, 14 jours ou 30 jours.\r\n<h2>Forfaits de donn\u00e9es pour voyager en Turquie<\/h2>\r\nLes eSIM pour la Turquie sont fournies avec un forfait de donn\u00e9es illimit\u00e9 pour 7, 14 ou 30 jours :\r\n<h3>eSIM illimit\u00e9e Turquie 7 jours, 24 \u20ac,<\/h3>\r\n<h3>eSIM illimit\u00e9e Turquie 14 jours, 39 \u20ac,<\/h3>\r\n<h3>eSIM illimit\u00e9e Turquie 30 jours, 69 \u20ac,<\/h3>\r\n(*) Veuillez noter qu'une Politique d'Utilisation \u00c9quitable est en vigueur. En cas de consommation de donn\u00e9es excessive, le fournisseur se r\u00e9serve le droit de restreindre les capacit\u00e9s de la carte (e)SIM. Cette Politique d'Utilisation \u00c9quitable repose sur le principe d'un utilisateur unique par carte (e)SIM. Une utilisation qualifi\u00e9e de normale \u2014 incluant la navigation, la consultation d'e-mails, la recherche sur internet, l'\u00e9change de messages et appels via WhatsApp, ainsi que l'utilisation d'applications telles qu'Instagram et Snapchat\u2014 n'activera pas cette politique. Cependant, une utilisation intensive telle que la visualisation prolong\u00e9e de contenus sur YouTube ou TikTok, l'utilisation intensive de services de streaming (par exemple, Netflix) et la t\u00e9l\u00e9vision en ligne, particuli\u00e8rement lorsque combin\u00e9e au partage de connexion via un point d'acc\u00e8s mobile (hotspot) ou un routeur par plusieurs individus, est susceptible de contrevenir \u00e0 cette politique.\r\n\r\nLes eSIM pour la Turquie ont une excellente couverture nationale sur les r\u00e9seaux 4G et 5G. Aucune inscription de l'utilisateur n'est requise en Turquie. \u00c0 l'arriv\u00e9e en Turquie, Internet commence \u00e0 fonctionner automatiquement. L'eSIM Turquie convient au partage de connexion et peut \u00e9galement \u00eatre utilis\u00e9e pour les hotspots et les MIFI.\r\n<h2>Whatsapp avec eSim Turquie<\/h2>\r\nTous les appels qui passent par Internet, comme avec Whatsapp, Skype et FaceTime, sont bien s\u00fbr \u00e9galement possibles avec l'eSim pour la Turquie. Vous utiliserez alors le forfait de donn\u00e9es sur l'eSim. Vous pouvez toujours continuer \u00e0 utiliser Whatsapp avec vos propres contacts, groupes et chats existants. Apr\u00e8s avoir install\u00e9 une eSim pr\u00e9pay\u00e9e, Whatsapp peut vous demander si vous souhaitez cr\u00e9er une nouvelle identit\u00e9 ou si tout doit rester tel quel. Si c'est le cas, choisissez la deuxi\u00e8me option et rien ne changera. Vous pourrez ensuite continuer \u00e0 envoyer des messages et \u00e0 passer des appels avec Whatsapp comme d'habitude.\r\n<h2>Couverture en Turquie<\/h2>\r\nNotre eSim pour la Turquie offre une tr\u00e8s bonne connexion de donn\u00e9es dans et autour de diverses zones urbaines telles que l'immense Istanbul avec le Bosphore et la Mosqu\u00e9e Bleue, et la capitale Ankara. Dans les zones recul\u00e9es, la couverture peut \u00eatre moindre et si vous naviguez sur la Riviera turque en passant par les magnifiques baies et \u00eeles, il se peut que l'Internet mobile ne fonctionne pas \u00e0 certains endroits. Mais la couverture est bonne dans les nombreuses villes turques de l'int\u00e9rieur des terres. Il en va de m\u00eame pour toutes les villes c\u00f4ti\u00e8res telles que Bodrum, Antalya et Marmaris. Vous pouvez continuer \u00e0 partager les photos de vos vacances en ville ou \u00e0 la plage en Turquie avec vos amis \u00e0 la maison \ud83d\ude42\r\n<h2>eSIM Turquie re\u00e7ue par e-mail<\/h2>\r\nVous recevrez l'eSIM pour la Turquie par e-mail. C'est tr\u00e8s rapide et cela peut se faire m\u00eame si vous \u00eates d\u00e9j\u00e0 en Turquie ou si vous partez \u00e0 tr\u00e8s court terme.","product_specificaties":"<h2>Internet avec eSIM Turquie<\/h2>\r\nChoisissez la dur\u00e9e exacte pendant laquelle vous aurez besoin de l'eSIM donn\u00e9es illimit\u00e9es :\r\n<h3>eSIM illimit\u00e9e Turquie 7 jours, 24 \u20ac,=<\/h3>\r\n<ul>\r\n \t<li>Donn\u00e9es illimit\u00e9es dans toute la Turquie*<\/li>\r\n \t<li>Offre group\u00e9e valable 7 jours. La recharge peut \u00eatre effectu\u00e9e via ce site Web.<\/li>\r\n<\/ul>\r\n<h3>eSIM illimit\u00e9e Turquie 14 jours, 39 \u20ac, =<\/h3>\r\n<ul>\r\n \t<li>Donn\u00e9es illimit\u00e9es dans toute la Turquie*<\/li>\r\n \t<li>Offre group\u00e9e valable 14 jours. Le rechargement peut \u00eatre effectu\u00e9 via ce site Web.<\/li>\r\n<\/ul>\r\n<h3>eSIM illimit\u00e9e Turquie 30 jours, 69 \u20ac, =<\/h3>\r\n<ul>\r\n \t<li>Donn\u00e9es illimit\u00e9es dans toute la Turquie*<\/li>\r\n \t<li>Forfait valable 30 jours. La recharge peut \u00eatre effectu\u00e9e via ce site Web.<\/li>\r\n<\/ul>\r\n(*) Il existe une politique d'utilisation \u00e9quitable. En cas d'utilisation extr\u00eame des donn\u00e9es, le fournisseur en Turquie peut limiter les capacit\u00e9s de la carte SIM.","product_handleiding":"<h2><span data-contrast=\"\u00ab\">Comment installer l'eSim Turquie dans mon t\u00e9l\u00e9phone ?<\/span><\/h2>\r\n<span data-contrast=\"\u00ab\">Ouvrez le coulissant sur le c\u00f4t\u00e9 du t\u00e9l\u00e9phone. Vous pouvez le faire avec la broche fournie avec le t\u00e9l\u00e9phone. Si vous ne l'avez pas, vous pouvez en fabriquer une en pliant un trombone. L'eSim Airport Telecom est \u00e9galement livr\u00e9e avec une broche suppl\u00e9mentaire.<\/span>\r\n\r\n<span data-contrast=\"\u00ab\">Retirez votre propre eSim et conservez-la en lieu s\u00fbr ! Ins\u00e9rez maintenant la nouvelle eSim. Il n'y a qu'une seule fa\u00e7on de proc\u00e9der. Il se peut que votre t\u00e9l\u00e9phone puisse contenir plusieurs eSim. Ins\u00e9rez la nouvelle eSim en tant que carte suppl\u00e9mentaire.<\/span>\r\n\r\n<span data-contrast=\"\u00ab\">Repoussez maintenant le curseur eSim dans le t\u00e9l\u00e9phone. Si tout se passe bien, vous pouvez maintenant utiliser automatiquement la nouvelle carte SIM. Le t\u00e9l\u00e9phone peut vous demander de proc\u00e9der \u00e0 des r\u00e9glages suppl\u00e9mentaires.<\/span>","product_veelgestelde_vragen":[{"vraag":"Quelle eSim utiliser en Turquie ?","antwoord":"Pour un court s\u00e9jour de quelques jours, vous n'aurez probablement pas besoin d'autant de donn\u00e9es. Le forfait de 3GB de donn\u00e9es pour la Turquie peut alors suffire. Les applications comme Whatsapp, Instagram et la navigation ne consomment pas beaucoup de donn\u00e9es. Si vous restez plus longtemps, il peut \u00eatre utile d'opter pour l'option Illimit\u00e9 afin d'avoir d\u00e9finitivement assez de donn\u00e9es."},{"vraag":"O\u00f9 acheter une eSim pour la Turquie ?","antwoord":"Achetez une eSIM pour la Turquie en ligne aupr\u00e8s d'Airport Telecom. Vous recevrez la eSIM par e-mail. Il s'agit d'un code QR qui doit \u00eatre scann\u00e9 avec votre t\u00e9l\u00e9phone. Vous pouvez donc le faire m\u00eame si vous \u00eates d\u00e9j\u00e0 en Turquie ou si vous partez dans un d\u00e9lai tr\u00e8s court."}]},"yoast_head":"<!-- This site is optimized with the Yoast SEO Premium plugin v24.4 (Yoast SEO v26.9) - https:\/\/yoast.com\/product\/yoast-seo-premium-wordpress\/ -->\n<title>eSIM Turquie achat d&#039;appels et d&#039;Internet pr\u00e9pay\u00e9s (illimit\u00e9s) - Airport Telecom FR<\/title>\n<meta name=\"description\" content=\"Recherche carte pr\u00e9pay\u00e9e eSIM Turquie pour les appels (illimit\u00e9s) et Internet ? Accessible de mani\u00e8re optimale lors de d\u00e9placements en eSIM Europe, eSIM Moyen-Orient. Maintenant en vente chez !\" \/>\n<meta name=\"robots\" content=\"index, follow, max-snippet:-1, max-image-preview:large, max-video-preview:-1\" \/>\n<link rel=\"canonical\" href=\"https:\/\/airporttelecom.com\/fr\/esim\/turquie\/\" \/>\n<meta property=\"og:locale\" content=\"fr_FR\" \/>\n<meta property=\"og:type\" content=\"article\" \/>\n<meta property=\"og:title\" content=\"eSIM Turquie\" \/>\n<meta property=\"og:description\" content=\"Recherche carte pr\u00e9pay\u00e9e eSIM Turquie pour les appels (illimit\u00e9s) et Internet ? Accessible de mani\u00e8re optimale lors de d\u00e9placements en eSIM Europe, eSIM Moyen-Orient. Maintenant en vente chez !\" \/>\n<meta property=\"og:url\" content=\"https:\/\/airporttelecom.com\/fr\/esim\/turquie\/\" \/>\n<meta property=\"og:site_name\" content=\"Airport Telecom FR\" \/>\n<meta property=\"article:modified_time\" content=\"2025-08-17T18:03:02+00:00\" \/>\n<meta property=\"og:image\" content=\"https:\/\/airporttelecom.com\/fr\/wp-content\/uploads\/sites\/5\/2024\/06\/Simkaart-Turkije.png?wsr\" \/>\n\t<meta property=\"og:image:width\" content=\"800\" \/>\n\t<meta property=\"og:image:height\" content=\"318\" \/>\n\t<meta property=\"og:image:type\" content=\"image\/png\" \/>\n<meta name=\"twitter:card\" content=\"summary_large_image\" \/>\n<meta name=\"twitter:label1\" content=\"Dur\u00e9e de lecture estim\u00e9e\" \/>\n\t<meta name=\"twitter:data1\" content=\"1 minute\" \/>\n<script type=\"application\/ld+json\" class=\"yoast-schema-graph\">{\"@context\":\"https:\/\/schema.org\",\"@graph\":[{\"@type\":\"WebPage\",\"@id\":\"https:\/\/airporttelecom.com\/fr\/esim\/turquie\/\",\"url\":\"https:\/\/airporttelecom.com\/fr\/esim\/turquie\/\",\"name\":\"eSIM Turquie achat d'appels et d'Internet pr\u00e9pay\u00e9s (illimit\u00e9s) - Airport Telecom FR\",\"isPartOf\":{\"@id\":\"https:\/\/airporttelecom.com\/fr\/#website\"},\"primaryImageOfPage\":{\"@id\":\"https:\/\/airporttelecom.com\/fr\/esim\/turquie\/#primaryimage\"},\"image\":{\"@id\":\"https:\/\/airporttelecom.com\/fr\/esim\/turquie\/#primaryimage\"},\"thumbnailUrl\":\"https:\/\/airporttelecom.com\/fr\/wp-content\/uploads\/sites\/5\/2024\/06\/Simkaart-Turkije.png\",\"datePublished\":\"2024-09-12T10:51:57+00:00\",\"dateModified\":\"2025-08-17T18:03:02+00:00\",\"description\":\"Recherche carte pr\u00e9pay\u00e9e eSIM Turquie pour les appels (illimit\u00e9s) et Internet ? Accessible de mani\u00e8re optimale lors de d\u00e9placements en eSIM Europe, eSIM Moyen-Orient. Maintenant en vente chez !\",\"breadcrumb\":{\"@id\":\"https:\/\/airporttelecom.com\/fr\/esim\/turquie\/#breadcrumb\"},\"inLanguage\":\"fr-FR\",\"potentialAction\":[{\"@type\":\"ReadAction\",\"target\":[\"https:\/\/airporttelecom.com\/fr\/esim\/turquie\/\"]}]},{\"@type\":\"ImageObject\",\"inLanguage\":\"fr-FR\",\"@id\":\"https:\/\/airporttelecom.com\/fr\/esim\/turquie\/#primaryimage\",\"url\":\"https:\/\/airporttelecom.com\/fr\/wp-content\/uploads\/sites\/5\/2024\/06\/Simkaart-Turkije.png\",\"contentUrl\":\"https:\/\/airporttelecom.com\/fr\/wp-content\/uploads\/sites\/5\/2024\/06\/Simkaart-Turkije.png\",\"width\":800,\"height\":318,\"caption\":\"Carte SIM Turquie\"},{\"@type\":\"BreadcrumbList\",\"@id\":\"https:\/\/airporttelecom.com\/fr\/esim\/turquie\/#breadcrumb\",\"itemListElement\":[{\"@type\":\"ListItem\",\"position\":1,\"name\":\"Home\",\"item\":\"https:\/\/airporttelecom.com\/fr\/\"},{\"@type\":\"ListItem\",\"position\":2,\"name\":\"eSIM\",\"item\":\"https:\/\/airporttelecom.com\/fr\/esim\/\"},{\"@type\":\"ListItem\",\"position\":3,\"name\":\"Turquie\"}]},{\"@type\":\"WebSite\",\"@id\":\"https:\/\/airporttelecom.com\/fr\/#website\",\"url\":\"https:\/\/airporttelecom.com\/fr\/\",\"name\":\"Airport Telecom\",\"description\":\"\",\"publisher\":{\"@id\":\"https:\/\/airporttelecom.com\/fr\/#organization\"},\"potentialAction\":[{\"@type\":\"SearchAction\",\"target\":{\"@type\":\"EntryPoint\",\"urlTemplate\":\"https:\/\/airporttelecom.com\/fr\/?s={search_term_string}\"},\"query-input\":{\"@type\":\"PropertyValueSpecification\",\"valueRequired\":true,\"valueName\":\"search_term_string\"}}],\"inLanguage\":\"fr-FR\"},{\"@type\":\"Organization\",\"@id\":\"https:\/\/airporttelecom.com\/fr\/#organization\",\"name\":\"Airport Telecom\",\"url\":\"https:\/\/airporttelecom.com\/fr\/\",\"logo\":{\"@type\":\"ImageObject\",\"inLanguage\":\"fr-FR\",\"@id\":\"https:\/\/airporttelecom.com\/fr\/#\/schema\/logo\/image\/\",\"url\":\"https:\/\/airporttelecom.com\/fr\/wp-content\/uploads\/sites\/5\/2024\/06\/icon.png?wsr\",\"contentUrl\":\"https:\/\/airporttelecom.com\/fr\/wp-content\/uploads\/sites\/5\/2024\/06\/icon.png?wsr\",\"width\":110,\"height\":110,\"caption\":\"Airport Telecom\"},\"image\":{\"@id\":\"https:\/\/airporttelecom.com\/fr\/#\/schema\/logo\/image\/\"}}]}<\/script>\n<!-- \/ Yoast SEO Premium plugin. -->","yoast_head_json":{"title":"eSIM Turquie achat d'appels et d'Internet pr\u00e9pay\u00e9s (illimit\u00e9s) - Airport Telecom FR","description":"Recherche carte pr\u00e9pay\u00e9e eSIM Turquie pour les appels (illimit\u00e9s) et Internet ? Accessible de mani\u00e8re optimale lors de d\u00e9placements en eSIM Europe, eSIM Moyen-Orient. Maintenant en vente chez !","robots":{"index":"index","follow":"follow","max-snippet":"max-snippet:-1","max-image-preview":"max-image-preview:large","max-video-preview":"max-video-preview:-1"},"canonical":"https:\/\/airporttelecom.com\/fr\/esim\/turquie\/","og_locale":"fr_FR","og_type":"article","og_title":"eSIM Turquie","og_description":"Recherche carte pr\u00e9pay\u00e9e eSIM Turquie pour les appels (illimit\u00e9s) et Internet ? Accessible de mani\u00e8re optimale lors de d\u00e9placements en eSIM Europe, eSIM Moyen-Orient. Maintenant en vente chez !","og_url":"https:\/\/airporttelecom.com\/fr\/esim\/turquie\/","og_site_name":"Airport Telecom FR","article_modified_time":"2025-08-17T18:03:02+00:00","og_image":[{"width":800,"height":318,"url":"https:\/\/airporttelecom.com\/fr\/wp-content\/uploads\/sites\/5\/2024\/06\/Simkaart-Turkije.png?wsr","type":"image\/png"}],"twitter_card":"summary_large_image","twitter_misc":{"Dur\u00e9e de lecture estim\u00e9e":"1 minute"},"schema":{"@context":"https:\/\/schema.org","@graph":[{"@type":"WebPage","@id":"https:\/\/airporttelecom.com\/fr\/esim\/turquie\/","url":"https:\/\/airporttelecom.com\/fr\/esim\/turquie\/","name":"eSIM Turquie achat d'appels et d'Internet pr\u00e9pay\u00e9s (illimit\u00e9s) - Airport Telecom FR","isPartOf":{"@id":"https:\/\/airporttelecom.com\/fr\/#website"},"primaryImageOfPage":{"@id":"https:\/\/airporttelecom.com\/fr\/esim\/turquie\/#primaryimage"},"image":{"@id":"https:\/\/airporttelecom.com\/fr\/esim\/turquie\/#primaryimage"},"thumbnailUrl":"https:\/\/airporttelecom.com\/fr\/wp-content\/uploads\/sites\/5\/2024\/06\/Simkaart-Turkije.png","datePublished":"2024-09-12T10:51:57+00:00","dateModified":"2025-08-17T18:03:02+00:00","description":"Recherche carte pr\u00e9pay\u00e9e eSIM Turquie pour les appels (illimit\u00e9s) et Internet ? Accessible de mani\u00e8re optimale lors de d\u00e9placements en eSIM Europe, eSIM Moyen-Orient. Maintenant en vente chez !","breadcrumb":{"@id":"https:\/\/airporttelecom.com\/fr\/esim\/turquie\/#breadcrumb"},"inLanguage":"fr-FR","potentialAction":[{"@type":"ReadAction","target":["https:\/\/airporttelecom.com\/fr\/esim\/turquie\/"]}]},{"@type":"ImageObject","inLanguage":"fr-FR","@id":"https:\/\/airporttelecom.com\/fr\/esim\/turquie\/#primaryimage","url":"https:\/\/airporttelecom.com\/fr\/wp-content\/uploads\/sites\/5\/2024\/06\/Simkaart-Turkije.png","contentUrl":"https:\/\/airporttelecom.com\/fr\/wp-content\/uploads\/sites\/5\/2024\/06\/Simkaart-Turkije.png","width":800,"height":318,"caption":"Carte SIM Turquie"},{"@type":"BreadcrumbList","@id":"https:\/\/airporttelecom.com\/fr\/esim\/turquie\/#breadcrumb","itemListElement":[{"@type":"ListItem","position":1,"name":"Home","item":"https:\/\/airporttelecom.com\/fr\/"},{"@type":"ListItem","position":2,"name":"eSIM","item":"https:\/\/airporttelecom.com\/fr\/esim\/"},{"@type":"ListItem","position":3,"name":"Turquie"}]},{"@type":"WebSite","@id":"https:\/\/airporttelecom.com\/fr\/#website","url":"https:\/\/airporttelecom.com\/fr\/","name":"Airport Telecom","description":"","publisher":{"@id":"https:\/\/airporttelecom.com\/fr\/#organization"},"potentialAction":[{"@type":"SearchAction","target":{"@type":"EntryPoint","urlTemplate":"https:\/\/airporttelecom.com\/fr\/?s={search_term_string}"},"query-input":{"@type":"PropertyValueSpecification","valueRequired":true,"valueName":"search_term_string"}}],"inLanguage":"fr-FR"},{"@type":"Organization","@id":"https:\/\/airporttelecom.com\/fr\/#organization","name":"Airport Telecom","url":"https:\/\/airporttelecom.com\/fr\/","logo":{"@type":"ImageObject","inLanguage":"fr-FR","@id":"https:\/\/airporttelecom.com\/fr\/#\/schema\/logo\/image\/","url":"https:\/\/airporttelecom.com\/fr\/wp-content\/uploads\/sites\/5\/2024\/06\/icon.png?wsr","contentUrl":"https:\/\/airporttelecom.com\/fr\/wp-content\/uploads\/sites\/5\/2024\/06\/icon.png?wsr","width":110,"height":110,"caption":"Airport Telecom"},"image":{"@id":"https:\/\/airporttelecom.com\/fr\/#\/schema\/logo\/image\/"}}]}},"_links":{"self":[{"href":"https:\/\/airporttelecom.com\/fr\/wp-json\/wp\/v2\/product\/1619","targetHints":{"allow":["GET"]}}],"collection":[{"href":"https:\/\/airporttelecom.com\/fr\/wp-json\/wp\/v2\/product"}],"about":[{"href":"https:\/\/airporttelecom.com\/fr\/wp-json\/wp\/v2\/types\/product"}],"replies":[{"embeddable":true,"href":"https:\/\/airporttelecom.com\/fr\/wp-json\/wp\/v2\/comments?post=1619"}],"wp:featuredmedia":[{"embeddable":true,"href":"https:\/\/airporttelecom.com\/fr\/wp-json\/wp\/v2\/media\/712"}],"wp:attachment":[{"href":"https:\/\/airporttelecom.com\/fr\/wp-json\/wp\/v2\/media?parent=1619"}],"wp:term":[{"taxonomy":"product_brand","embeddable":true,"href":"https:\/\/airporttelecom.com\/fr\/wp-json\/wp\/v2\/product_brand?post=1619"},{"taxonomy":"product_cat","embeddable":true,"href":"https:\/\/airporttelecom.com\/fr\/wp-json\/wp\/v2\/product_cat?post=1619"},{"taxonomy":"product_tag","embeddable":true,"href":"https:\/\/airporttelecom.com\/fr\/wp-json\/wp\/v2\/product_tag?post=1619"}],"curies":[{"name":"wp","href":"https:\/\/api.w.org\/{rel}","templated":true}]}}