{"id":1633,"date":"2024-09-12T10:51:59","date_gmt":"2024-09-12T10:51:59","guid":{"rendered":"https:\/\/airporttelecom.outperforming.nl\/nl\/product\/esim-curacao\/"},"modified":"2025-11-05T13:41:37","modified_gmt":"2025-11-05T13:41:37","slug":"esim-curacao","status":"publish","type":"product","link":"https:\/\/airporttelecom.com\/fr\/esim\/curacao\/","title":{"rendered":"eSIM Cura\u00e7ao"},"content":{"rendered":"","protected":false},"excerpt":{"rendered":"","protected":false},"featured_media":671,"comment_status":"open","ping_status":"closed","template":"","meta":{"_acf_changed":false},"product_brand":[],"product_cat":[16],"product_tag":[41],"class_list":{"0":"post-1633","1":"product","2":"type-product","3":"status-publish","4":"has-post-thumbnail","6":"product_cat-esim","7":"product_tag-esim-antilles-caraibes","9":"first","10":"instock","11":"taxable","12":"shipping-taxable","13":"purchasable","14":"product-type-variable","15":"has-default-attributes"},"acf":{"gebied_afbeelding":942,"vlag_afbeelding":248,"provider":["BIC"],"product_synoniemen":null,"product_bestel_velden":"","product_omschrijving":"<h2>Internet mobile avec une eSIM pour Cura\u00e7ao<\/h2>\r\nAvec l'eSIM Cura\u00e7ao d'Airport Telecom, vous pouvez utiliser l'Internet mobile dans tout Cura\u00e7ao. Vous pouvez choisir parmi diff\u00e9rents forfaits de donn\u00e9es. Ils sont parfaits pour l'utilisation d'Internet et vous donnent acc\u00e8s \u00e0 la messagerie \u00e9lectronique, \u00e0 Whatsapp, \u00e0 la navigation et \u00e0 d'autres applications Internet via une connexion rapide 4G\/5G.\r\n<h2>Donn\u00e9es et appels \u00e0 Cura\u00e7ao<\/h2>\r\nL'eSIM pour Cura\u00e7ao est disponible avec un forfait de donn\u00e9es de 3GB, 6GB et 12GB.\r\n<h2>WhatsApp avec l'eSIM Cura\u00e7ao<\/h2>\r\nTous les appels via Internet tels que WhatsApp, Skype et FaceTime sont bien s\u00fbr \u00e9galement possibles avec l'eSIM pour Cura\u00e7ao. Vous utiliserez alors le forfait de donn\u00e9es. Vous pouvez toujours continuer \u00e0 utiliser Whatsapp avec vos propres contacts, groupes et chats existants. Apr\u00e8s avoir ins\u00e9r\u00e9 une eSIM, Whatsapp peut vous demander si vous souhaitez cr\u00e9er une nouvelle identit\u00e9 ou si tout doit rester tel quel. Si c'est le cas, choisissez la deuxi\u00e8me option et rien ne changera. Vous pourrez alors continuer \u00e0 envoyer des messages et \u00e0 passer des appels avec Whatsapp comme d'habitude.\r\n<h2>Couverture r\u00e9seau \u00e0 Cura\u00e7ao<\/h2>\r\nLa couverture r\u00e9seau \u00e0 Cura\u00e7ao est tr\u00e8s bonne. Outre son climat merveilleux, Cura\u00e7ao est \u00e9galement connue pour son architecture remarquable. La Handelskade \u00e0 Willemstad en est un exemple saisissant avec ses maisons color\u00e9es de style hollandais. Les photos du Konining Emmabrug peuvent \u00eatre post\u00e9es directement sur Instagram ! Il y a peut-\u00eatre des r\u00e9gions recul\u00e9es de l'\u00eele o\u00f9 le t\u00e9l\u00e9phone portable ne fonctionne pas aussi bien que dans le parc national Christoffel et \u00e0 Sheta Boka. Sinon, la couverture est bonne, comme sur les 37 plages de Cura\u00e7ao. Grote Knip, Kleine Knip et Bon Bini Beach ne sont que quelques exemples de belles plages o\u00f9 vous pouvez plonger et profiter du soleil et des nombreux bars de plage.\r\n<h2>La carte eSIM de Cura\u00e7ao re\u00e7ue par e-mail<\/h2>\r\nNous vous enverrons la carte eSIM de Cura\u00e7ao par e-mail. C'est tr\u00e8s rapide et c'est \u00e9galement possible si vous \u00eates d\u00e9j\u00e0 \u00e0 Cura\u00e7ao ou si vous partez \u00e0 tr\u00e8s court terme.","product_specificaties":"<h2>Avantages <span class=\"\u00ab\" lang=\"\u00ab\" xml:lang=\"\u00ab\" data-contrast=\"\u00ab\"><span class=\"\u00ab\">eSIM <\/span><\/span>Cura\u00e7ao<\/h2>\r\n<span data-contrast=\"\u00ab\">L'eSIM Cura\u00e7ao est compatible avec le tethering et peut donc \u00e9galement \u00eatre utilis\u00e9e pour les hotspots et les MIFI.<\/span>\r\n\r\n<span data-contrast=\"\u00ab\">L'eSIM pour Cura\u00e7ao vous sera envoy\u00e9e par e-mail. Il s'agit d'un code QR qui doit \u00eatre scann\u00e9 avec le t\u00e9l\u00e9phone. Vous pouvez le faire m\u00eame si vous \u00eates d\u00e9j\u00e0 \u00e0 Cura\u00e7ao ou si vous partez \u00e0 tr\u00e8s court terme.<\/span>\r\n\r\n<span data-contrast=\"\u00ab\">L'avantage de la variante eSIM est que vous pouvez faire transiter votre trafic de donn\u00e9es \u00e0 Cura\u00e7ao par le forfait de donn\u00e9es pr\u00e9pay\u00e9 tout en restant joignable sur votre propre num\u00e9ro de t\u00e9l\u00e9phone portable l\u00e0-bas.<\/span>\r\n\r\n<span data-contrast=\"\u00ab\">L'eSIM ne peut \u00eatre utilis\u00e9e que dans les t\u00e9l\u00e9phones qui s'y pr\u00eatent. V\u00e9rifiez bien cela avant de choisir l'eSIM. L'eSIM peut de toute fa\u00e7on \u00eatre utilis\u00e9e dans les iPhone XS, XS Max, XR, iPhone 11 et sup\u00e9rieurs.<\/span>\r\n<h2>Donn\u00e9es et appels \u00e0 Cura\u00e7ao<\/h2>\r\nIl existe trois variantes de cette eSIM :\r\n<h3><span data-contrast=\"\u00ab\">3GB de donn\u00e9es <\/span><span data-contrast=\"\u00ab\">\u20ac29,=<\/span><\/h3>\r\n<span data-contrast=\"\u00ab\">Inclut 3GB de donn\u00e9es<\/span>\r\n<h3><span data-contrast=\"\u00ab\">6GB de donn\u00e9es <\/span><span data-contrast=\"\u00ab\">\u20ac49,=<\/span><\/h3>\r\n<span data-contrast=\"\u00ab\">Inclut 6GB de donn\u00e9es<\/span>\r\n<h3><span data-contrast=\"\u00ab\">12GB de donn\u00e9es <\/span><span data-contrast=\"\u00ab\">\u20ac89,=<\/span><\/h3>\r\n<span data-contrast=\"\u00ab\">Inclut 12GB de donn\u00e9es<\/span>\r\n\r\nLes forfaits de donn\u00e9es sont valables pendant 30 jours apr\u00e8s l'activation.\r\n\r\n&nbsp;","product_handleiding":"","product_veelgestelde_vragen":[{"vraag":"Quel esim utiliser \u00e0 Cura\u00e7ao ?","antwoord":"Pour un court s\u00e9jour de quelques jours, vous n'aurez probablement pas besoin d'autant de donn\u00e9es. Le forfait de donn\u00e9es de 3GB pour Cura\u00e7ao peut alors suffire. Les applications telles que Whatsapp, Instagram et la navigation ne consomment pas beaucoup de donn\u00e9es. Si vous restez plus longtemps, il peut \u00eatre utile d'opter pour 12GB afin de disposer de suffisamment de donn\u00e9es."},{"vraag":"O\u00f9 acheter un esim pour Cura\u00e7ao ?","antwoord":"Vous pouvez acheter une eSIM pour Cura\u00e7ao en ligne aupr\u00e8s d'Airport Telecom. Vous recevrez l'eSIM par courriel. Il s'agit d'un code QR qui doit \u00eatre scann\u00e9 avec votre t\u00e9l\u00e9phone. Vous pouvez le faire m\u00eame si vous \u00eates d\u00e9j\u00e0 \u00e0 Cura\u00e7ao ou si vous partez \u00e0 tr\u00e8s court terme."}]},"yoast_head":"<!-- This site is optimized with the Yoast SEO Premium plugin v24.4 (Yoast SEO v26.9) - https:\/\/yoast.com\/product\/yoast-seo-premium-wordpress\/ -->\n<title>eSIM Cura\u00e7ao achat d&#039;appels et d&#039;Internet pr\u00e9pay\u00e9s (illimit\u00e9s) - Airport Telecom FR<\/title>\n<meta name=\"description\" content=\"Recherche carte pr\u00e9pay\u00e9e eSIM Cura\u00e7ao pour les appels (illimit\u00e9s) et Internet ? Accessible de mani\u00e8re optimale lors de d\u00e9placements en eSIM Antilles &amp; Cara\u00efbes. Maintenant en vente chez !\" \/>\n<meta name=\"robots\" content=\"index, follow, max-snippet:-1, max-image-preview:large, max-video-preview:-1\" \/>\n<link rel=\"canonical\" href=\"https:\/\/airporttelecom.com\/fr\/esim\/curacao\/\" \/>\n<meta property=\"og:locale\" content=\"fr_FR\" \/>\n<meta property=\"og:type\" content=\"article\" \/>\n<meta property=\"og:title\" content=\"eSIM Cura\u00e7ao\" \/>\n<meta property=\"og:description\" content=\"Recherche carte pr\u00e9pay\u00e9e eSIM Cura\u00e7ao pour les appels (illimit\u00e9s) et Internet ? Accessible de mani\u00e8re optimale lors de d\u00e9placements en eSIM Antilles &amp; Cara\u00efbes. Maintenant en vente chez !\" \/>\n<meta property=\"og:url\" content=\"https:\/\/airporttelecom.com\/fr\/esim\/curacao\/\" \/>\n<meta property=\"og:site_name\" content=\"Airport Telecom FR\" \/>\n<meta property=\"article:modified_time\" content=\"2025-11-05T13:41:37+00:00\" \/>\n<meta property=\"og:image\" content=\"https:\/\/airporttelecom.com\/fr\/wp-content\/uploads\/sites\/5\/2024\/06\/Simkaart-Curacao.png?wsr\" \/>\n\t<meta property=\"og:image:width\" content=\"800\" \/>\n\t<meta property=\"og:image:height\" content=\"319\" \/>\n\t<meta property=\"og:image:type\" content=\"image\/png\" \/>\n<meta name=\"twitter:card\" content=\"summary_large_image\" \/>\n<meta name=\"twitter:label1\" content=\"Dur\u00e9e de lecture estim\u00e9e\" \/>\n\t<meta name=\"twitter:data1\" content=\"1 minute\" \/>\n<script type=\"application\/ld+json\" class=\"yoast-schema-graph\">{\"@context\":\"https:\/\/schema.org\",\"@graph\":[{\"@type\":\"WebPage\",\"@id\":\"https:\/\/airporttelecom.com\/fr\/esim\/curacao\/\",\"url\":\"https:\/\/airporttelecom.com\/fr\/esim\/curacao\/\",\"name\":\"eSIM Cura\u00e7ao achat d'appels et d'Internet pr\u00e9pay\u00e9s (illimit\u00e9s) - Airport Telecom FR\",\"isPartOf\":{\"@id\":\"https:\/\/airporttelecom.com\/fr\/#website\"},\"primaryImageOfPage\":{\"@id\":\"https:\/\/airporttelecom.com\/fr\/esim\/curacao\/#primaryimage\"},\"image\":{\"@id\":\"https:\/\/airporttelecom.com\/fr\/esim\/curacao\/#primaryimage\"},\"thumbnailUrl\":\"https:\/\/airporttelecom.com\/fr\/wp-content\/uploads\/sites\/5\/2024\/06\/Simkaart-Curacao.png\",\"datePublished\":\"2024-09-12T10:51:59+00:00\",\"dateModified\":\"2025-11-05T13:41:37+00:00\",\"description\":\"Recherche carte pr\u00e9pay\u00e9e eSIM Cura\u00e7ao pour les appels (illimit\u00e9s) et Internet ? Accessible de mani\u00e8re optimale lors de d\u00e9placements en eSIM Antilles &amp; Cara\u00efbes. Maintenant en vente chez !\",\"breadcrumb\":{\"@id\":\"https:\/\/airporttelecom.com\/fr\/esim\/curacao\/#breadcrumb\"},\"inLanguage\":\"fr-FR\",\"potentialAction\":[{\"@type\":\"ReadAction\",\"target\":[\"https:\/\/airporttelecom.com\/fr\/esim\/curacao\/\"]}]},{\"@type\":\"ImageObject\",\"inLanguage\":\"fr-FR\",\"@id\":\"https:\/\/airporttelecom.com\/fr\/esim\/curacao\/#primaryimage\",\"url\":\"https:\/\/airporttelecom.com\/fr\/wp-content\/uploads\/sites\/5\/2024\/06\/Simkaart-Curacao.png\",\"contentUrl\":\"https:\/\/airporttelecom.com\/fr\/wp-content\/uploads\/sites\/5\/2024\/06\/Simkaart-Curacao.png\",\"width\":800,\"height\":319,\"caption\":\"Carte Sim Cura\u00e7ao\"},{\"@type\":\"BreadcrumbList\",\"@id\":\"https:\/\/airporttelecom.com\/fr\/esim\/curacao\/#breadcrumb\",\"itemListElement\":[{\"@type\":\"ListItem\",\"position\":1,\"name\":\"Home\",\"item\":\"https:\/\/airporttelecom.com\/fr\/\"},{\"@type\":\"ListItem\",\"position\":2,\"name\":\"eSIM\",\"item\":\"https:\/\/airporttelecom.com\/fr\/esim\/\"},{\"@type\":\"ListItem\",\"position\":3,\"name\":\"Cura\u00e7ao\"}]},{\"@type\":\"WebSite\",\"@id\":\"https:\/\/airporttelecom.com\/fr\/#website\",\"url\":\"https:\/\/airporttelecom.com\/fr\/\",\"name\":\"Airport Telecom\",\"description\":\"\",\"publisher\":{\"@id\":\"https:\/\/airporttelecom.com\/fr\/#organization\"},\"potentialAction\":[{\"@type\":\"SearchAction\",\"target\":{\"@type\":\"EntryPoint\",\"urlTemplate\":\"https:\/\/airporttelecom.com\/fr\/?s={search_term_string}\"},\"query-input\":{\"@type\":\"PropertyValueSpecification\",\"valueRequired\":true,\"valueName\":\"search_term_string\"}}],\"inLanguage\":\"fr-FR\"},{\"@type\":\"Organization\",\"@id\":\"https:\/\/airporttelecom.com\/fr\/#organization\",\"name\":\"Airport Telecom\",\"url\":\"https:\/\/airporttelecom.com\/fr\/\",\"logo\":{\"@type\":\"ImageObject\",\"inLanguage\":\"fr-FR\",\"@id\":\"https:\/\/airporttelecom.com\/fr\/#\/schema\/logo\/image\/\",\"url\":\"https:\/\/airporttelecom.com\/fr\/wp-content\/uploads\/sites\/5\/2024\/06\/icon.png?wsr\",\"contentUrl\":\"https:\/\/airporttelecom.com\/fr\/wp-content\/uploads\/sites\/5\/2024\/06\/icon.png?wsr\",\"width\":110,\"height\":110,\"caption\":\"Airport Telecom\"},\"image\":{\"@id\":\"https:\/\/airporttelecom.com\/fr\/#\/schema\/logo\/image\/\"}}]}<\/script>\n<!-- \/ Yoast SEO Premium plugin. -->","yoast_head_json":{"title":"eSIM Cura\u00e7ao achat d'appels et d'Internet pr\u00e9pay\u00e9s (illimit\u00e9s) - Airport Telecom FR","description":"Recherche carte pr\u00e9pay\u00e9e eSIM Cura\u00e7ao pour les appels (illimit\u00e9s) et Internet ? Accessible de mani\u00e8re optimale lors de d\u00e9placements en eSIM Antilles &amp; Cara\u00efbes. Maintenant en vente chez !","robots":{"index":"index","follow":"follow","max-snippet":"max-snippet:-1","max-image-preview":"max-image-preview:large","max-video-preview":"max-video-preview:-1"},"canonical":"https:\/\/airporttelecom.com\/fr\/esim\/curacao\/","og_locale":"fr_FR","og_type":"article","og_title":"eSIM Cura\u00e7ao","og_description":"Recherche carte pr\u00e9pay\u00e9e eSIM Cura\u00e7ao pour les appels (illimit\u00e9s) et Internet ? Accessible de mani\u00e8re optimale lors de d\u00e9placements en eSIM Antilles &amp; Cara\u00efbes. Maintenant en vente chez !","og_url":"https:\/\/airporttelecom.com\/fr\/esim\/curacao\/","og_site_name":"Airport Telecom FR","article_modified_time":"2025-11-05T13:41:37+00:00","og_image":[{"width":800,"height":319,"url":"https:\/\/airporttelecom.com\/fr\/wp-content\/uploads\/sites\/5\/2024\/06\/Simkaart-Curacao.png?wsr","type":"image\/png"}],"twitter_card":"summary_large_image","twitter_misc":{"Dur\u00e9e de lecture estim\u00e9e":"1 minute"},"schema":{"@context":"https:\/\/schema.org","@graph":[{"@type":"WebPage","@id":"https:\/\/airporttelecom.com\/fr\/esim\/curacao\/","url":"https:\/\/airporttelecom.com\/fr\/esim\/curacao\/","name":"eSIM Cura\u00e7ao achat d'appels et d'Internet pr\u00e9pay\u00e9s (illimit\u00e9s) - Airport Telecom FR","isPartOf":{"@id":"https:\/\/airporttelecom.com\/fr\/#website"},"primaryImageOfPage":{"@id":"https:\/\/airporttelecom.com\/fr\/esim\/curacao\/#primaryimage"},"image":{"@id":"https:\/\/airporttelecom.com\/fr\/esim\/curacao\/#primaryimage"},"thumbnailUrl":"https:\/\/airporttelecom.com\/fr\/wp-content\/uploads\/sites\/5\/2024\/06\/Simkaart-Curacao.png","datePublished":"2024-09-12T10:51:59+00:00","dateModified":"2025-11-05T13:41:37+00:00","description":"Recherche carte pr\u00e9pay\u00e9e eSIM Cura\u00e7ao pour les appels (illimit\u00e9s) et Internet ? Accessible de mani\u00e8re optimale lors de d\u00e9placements en eSIM Antilles &amp; Cara\u00efbes. Maintenant en vente chez !","breadcrumb":{"@id":"https:\/\/airporttelecom.com\/fr\/esim\/curacao\/#breadcrumb"},"inLanguage":"fr-FR","potentialAction":[{"@type":"ReadAction","target":["https:\/\/airporttelecom.com\/fr\/esim\/curacao\/"]}]},{"@type":"ImageObject","inLanguage":"fr-FR","@id":"https:\/\/airporttelecom.com\/fr\/esim\/curacao\/#primaryimage","url":"https:\/\/airporttelecom.com\/fr\/wp-content\/uploads\/sites\/5\/2024\/06\/Simkaart-Curacao.png","contentUrl":"https:\/\/airporttelecom.com\/fr\/wp-content\/uploads\/sites\/5\/2024\/06\/Simkaart-Curacao.png","width":800,"height":319,"caption":"Carte Sim Cura\u00e7ao"},{"@type":"BreadcrumbList","@id":"https:\/\/airporttelecom.com\/fr\/esim\/curacao\/#breadcrumb","itemListElement":[{"@type":"ListItem","position":1,"name":"Home","item":"https:\/\/airporttelecom.com\/fr\/"},{"@type":"ListItem","position":2,"name":"eSIM","item":"https:\/\/airporttelecom.com\/fr\/esim\/"},{"@type":"ListItem","position":3,"name":"Cura\u00e7ao"}]},{"@type":"WebSite","@id":"https:\/\/airporttelecom.com\/fr\/#website","url":"https:\/\/airporttelecom.com\/fr\/","name":"Airport Telecom","description":"","publisher":{"@id":"https:\/\/airporttelecom.com\/fr\/#organization"},"potentialAction":[{"@type":"SearchAction","target":{"@type":"EntryPoint","urlTemplate":"https:\/\/airporttelecom.com\/fr\/?s={search_term_string}"},"query-input":{"@type":"PropertyValueSpecification","valueRequired":true,"valueName":"search_term_string"}}],"inLanguage":"fr-FR"},{"@type":"Organization","@id":"https:\/\/airporttelecom.com\/fr\/#organization","name":"Airport Telecom","url":"https:\/\/airporttelecom.com\/fr\/","logo":{"@type":"ImageObject","inLanguage":"fr-FR","@id":"https:\/\/airporttelecom.com\/fr\/#\/schema\/logo\/image\/","url":"https:\/\/airporttelecom.com\/fr\/wp-content\/uploads\/sites\/5\/2024\/06\/icon.png?wsr","contentUrl":"https:\/\/airporttelecom.com\/fr\/wp-content\/uploads\/sites\/5\/2024\/06\/icon.png?wsr","width":110,"height":110,"caption":"Airport Telecom"},"image":{"@id":"https:\/\/airporttelecom.com\/fr\/#\/schema\/logo\/image\/"}}]}},"_links":{"self":[{"href":"https:\/\/airporttelecom.com\/fr\/wp-json\/wp\/v2\/product\/1633","targetHints":{"allow":["GET"]}}],"collection":[{"href":"https:\/\/airporttelecom.com\/fr\/wp-json\/wp\/v2\/product"}],"about":[{"href":"https:\/\/airporttelecom.com\/fr\/wp-json\/wp\/v2\/types\/product"}],"replies":[{"embeddable":true,"href":"https:\/\/airporttelecom.com\/fr\/wp-json\/wp\/v2\/comments?post=1633"}],"wp:featuredmedia":[{"embeddable":true,"href":"https:\/\/airporttelecom.com\/fr\/wp-json\/wp\/v2\/media\/671"}],"wp:attachment":[{"href":"https:\/\/airporttelecom.com\/fr\/wp-json\/wp\/v2\/media?parent=1633"}],"wp:term":[{"taxonomy":"product_brand","embeddable":true,"href":"https:\/\/airporttelecom.com\/fr\/wp-json\/wp\/v2\/product_brand?post=1633"},{"taxonomy":"product_cat","embeddable":true,"href":"https:\/\/airporttelecom.com\/fr\/wp-json\/wp\/v2\/product_cat?post=1633"},{"taxonomy":"product_tag","embeddable":true,"href":"https:\/\/airporttelecom.com\/fr\/wp-json\/wp\/v2\/product_tag?post=1633"}],"curies":[{"name":"wp","href":"https:\/\/api.w.org\/{rel}","templated":true}]}}