{"id":1637,"date":"2024-09-12T10:52:01","date_gmt":"2024-09-12T10:52:01","guid":{"rendered":"https:\/\/airporttelecom.outperforming.nl\/nl\/product\/esim-aruba\/"},"modified":"2025-04-01T19:21:11","modified_gmt":"2025-04-01T19:21:11","slug":"esim-aruba","status":"publish","type":"product","link":"https:\/\/airporttelecom.com\/fr\/esim\/aruba\/","title":{"rendered":"eSIM Aruba"},"content":{"rendered":"","protected":false},"excerpt":{"rendered":"","protected":false},"featured_media":662,"comment_status":"open","ping_status":"closed","template":"","meta":{"_acf_changed":false},"product_brand":[],"product_cat":[16],"product_tag":[41],"class_list":{"0":"post-1637","1":"product","2":"type-product","3":"status-publish","4":"has-post-thumbnail","6":"product_cat-esim","7":"product_tag-esim-antilles-caraibes","9":"first","10":"instock","11":"taxable","12":"shipping-taxable","13":"purchasable","14":"product-type-variable","15":"has-default-attributes"},"acf":{"gebied_afbeelding":972,"vlag_afbeelding":244,"provider":["BIC"],"product_synoniemen":null,"product_bestel_velden":"","product_omschrijving":"<p><!DOCTYPE html PUBLIC \u00ab -\/\/W3C\/\/DTD HTML 4.0 Transitional\/\/EN \u00bb \u00ab http:\/\/www.w3.org\/TR\/REC-html40\/loose.dtd \u00bb><br \/>\r\n<html><body><\/p>\r\n<\/p>\r\n<h2>Internet mobile avec une eSIM pour Aruba<\/h2>\r\n<p>Avec l'eSIM Aruba d'Airport Telecom, vous pouvez utiliser l'Internet mobile dans toute l'\u00eele d'Aruba. Vous pouvez choisir parmi diff\u00e9rents forfaits de donn\u00e9es. Ils sont parfaits pour l'utilisation d'Internet et vous donnent acc\u00e8s \u00e0 la messagerie \u00e9lectronique, \u00e0 Whatsapp, \u00e0 la navigation et \u00e0 d'autres applications Internet gr\u00e2ce \u00e0 une connexion rapide 4G\/5G.<\/p>\r\n<h2>Donn\u00e9es et appels \u00e0 Aruba<\/h2>\r\n<p>L'eSIM pour Aruba est disponible avec un forfait de donn\u00e9es de 3GB et 6GB.<\/p>\r\n<h2>WhatsApp avec l'eSIM Aruba<\/h2>\r\n<p>Tous les appels via Internet tels que Whatsapp, Skype et FaceTime sont bien s\u00fbr \u00e9galement possibles avec l'eSIM pour Aruba. Vous utiliserez alors le forfait de donn\u00e9es. Vous pouvez toujours continuer \u00e0 utiliser Whatsapp avec vos propres contacts, groupes et chats existants. Apr\u00e8s avoir ins\u00e9r\u00e9 une eSIM, Whatsapp peut vous demander si vous souhaitez cr\u00e9er une nouvelle identit\u00e9 ou si tout doit rester tel quel. Si c'est le cas, choisissez cette derni\u00e8re option et rien ne changera. Vous pouvez ensuite continuer \u00e0 envoyer des messages et \u00e0 passer des appels avec Whatsapp comme d'habitude.<\/p>\r\n<h2>Couverture \u00e0 Aruba<\/h2>\r\n<p>La couverture sur l'\u00eele d'Aruba est tr\u00e8s bonne. Cela s'applique certainement aux villes d'Oranjestad avec son centre commercial rose Royal Plaza et \u00e0 San Nicolas. Le parc national d'Arikok, qui couvre pr\u00e8s de 20 % d'Aruba, est \u00e9galement magnifique \u00e0 visiter, mais la couverture du r\u00e9seau de t\u00e9l\u00e9phonie mobile peut y \u00eatre moins bonne. Mais la beaut\u00e9 de la nature et ses nombreux cactus compensent largement cet inconv\u00e9nient. Bien s\u00fbr, Aruba est \u00e9galement connue pour ses belles plages de sable blanc avec des bars de plage et une vie nocturne anim\u00e9e, comme \u00e0 Baby Beach et Palm Beach. L\u00e0, le t\u00e9l\u00e9phone peut parfaitement \u00eatre utilis\u00e9 pour envoyer de belles photos...<\/p>\r\n<h2><span data-contrast=\u00ab none \u00bb>Aruba eSIM received by email<\/span><span data-ccp-props='{\u00ab 201341983 \u00bb:0,\u00ab 335559739 \u00bb:0,\u00ab 335559740 \u00bb:240}'> <\/span><\/h2>\r\n<p><span data-contrast=\u00ab none \u00bb>Vous recevrez l'eSIM pour Aruba par e-mail. C'est tr\u00e8s rapide et cela peut \u00eatre fait m\u00eame si vous \u00eates d\u00e9j\u00e0 \u00e0 Aruba ou si vous partez dans un d\u00e9lai tr\u00e8s court.<\/span><span data-ccp-props='{\u00ab 201341983 \u00bb:0,\u00ab 335559739 \u00bb:0,\u00ab 335559740 \u00bb:240}'> <\/span><\/p>\r\n<\/p>\r\n<p><\/body><\/html><\/p>","product_specificaties":"<p><!DOCTYPE html PUBLIC \u00ab -\/\/W3C\/\/DTD HTML 4.0 Transitional\/\/EN \u00bb \u00ab http:\/\/www.w3.org\/TR\/REC-html40\/loose.dtd \u00bb><br \/>\r\n<html><body><\/p>\r\n<\/p>\r\n<h2>Avantages de l'eSIM Aruba<\/h2>\r\n<p><span data-contrast=\u00ab auto \u00bb>L'eSIM Aruba est compatible avec le tethering, elle peut donc \u00e9galement \u00eatre utilis\u00e9e pour les hotspots et les MIFI.<\/span><span data-ccp-props=\u00ab {} \u00bb> <\/span><\/p>\r\n<p><span data-contrast=\u00ab auto \u00bb>L'eSIM pour Aruba vous sera envoy\u00e9e par e-mail. Il s'agit d'un code QR qui doit \u00eatre scann\u00e9 avec le t\u00e9l\u00e9phone. Vous pouvez le faire m\u00eame si vous \u00eates d\u00e9j\u00e0 \u00e0 Aruba ou si vous partez \u00e0 tr\u00e8s court terme.<\/span><span data-contrast=\u00ab {} \u00bb> <\/span><\/p>\r\n<p><span data-contrast=\u00ab auto \u00bb>L'avantage de la variante eSIM est que vous pouvez g\u00e9rer votre trafic de donn\u00e9es \u00e0 Aruba gr\u00e2ce au forfait de donn\u00e9es pr\u00e9pay\u00e9 tout en restant joignable sur votre propre num\u00e9ro de t\u00e9l\u00e9phone portable l\u00e0-bas.<\/span><span data-ccp-props=\u00ab {} \u00bb> <\/span><\/p>\r\n<p><span data-contrast=\u00ab auto \u00bb>L'eSIM ne peut \u00eatre utilis\u00e9e que dans les t\u00e9l\u00e9phones qui s'y pr\u00eatent. V\u00e9rifiez bien cela avant de choisir l'eSIM. L'eSIM peut de toute fa\u00e7on \u00eatre pr\u00e9sente dans les iPhone XS, XS Max, XR, iPhone 11 et sup\u00e9rieurs. <\/span><span data-ccp-props=\u00ab {} \u00bb> <\/span><\/p>\r\n<h2>Donn\u00e9es et appels \u00e0 Aruba<\/h2>\r\n<h3><span data-contrast=\u00ab auto \u00bb><br \/>\r\n3GB de donn\u00e9es <\/span><span data-contrast=\u00ab auto \u00bb>&euro;31,=<\/span><span data-ccp-props='{\u00ab 335551550 \u00bb:1,\u00ab 335551620 \u00bb:1}'> <\/span><\/h3>\r\n<p><span data-contrast=\u00ab auto \u00bb>Inclut 3GB de donn\u00e9es<\/span><\/p>\r\n<h3><span data-contrast=\u00ab auto \u00bb>6GB de donn\u00e9es <\/span><span data-contrast=\u00ab auto \u00bb>&euro;61<\/span><span data-ccp-props='{\u00ab 335551550 \u00bb:1,\u00ab 335551620 \u00bb:1}'> <\/span><\/h3>\r\n<p><span data-contrast=\u00ab auto \u00bb>Inclut 6GB de donn\u00e9es<\/span><span data-ccp-props='{\u00ab 335551550 \u00bb:1,\u00ab 335551620 \u00bb:1}'> <\/span><\/p>\r\n<p>Les forfaits de donn\u00e9es sont valables pendant 30 jours apr\u00e8s l'activation.<\/p>\r\n<\/p>\r\n<p><\/body><\/html><\/p>","product_handleiding":"","product_veelgestelde_vragen":[{"vraag":"Quel esim utiliser \u00e0 Aruba ?","antwoord":"Pour un court s\u00e9jour de quelques jours, vous n'aurez probablement pas besoin d'autant de donn\u00e9es. Le forfait de donn\u00e9es de 3GB pour Aruba peut alors suffire. Les applications telles que Whatsapp, Instagram et la navigation ne consomment pas beaucoup de donn\u00e9es. Si vous restez plus longtemps, il peut \u00eatre utile d'opter pour 6GB afin d'avoir d\u00e9finitivement assez de donn\u00e9es."},{"vraag":"O\u00f9 acheter un esim pour Aruba ?","antwoord":"Achetez une eSIM pour Aruba en ligne aupr\u00e8s d'Airport Telecom. Vous recevrez la eSIM par e-mail. Il s'agit d'un code QR qui doit \u00eatre scann\u00e9 avec votre t\u00e9l\u00e9phone. Vous pouvez donc le faire m\u00eame si vous \u00eates d\u00e9j\u00e0 \u00e0 Aruba ou si vous partez dans un d\u00e9lai tr\u00e8s court."}]},"yoast_head":"<!-- This site is optimized with the Yoast SEO Premium plugin v24.4 (Yoast SEO v26.9) - https:\/\/yoast.com\/product\/yoast-seo-premium-wordpress\/ -->\n<title>eSIM Aruba achat d&#039;appels et d&#039;Internet pr\u00e9pay\u00e9s (illimit\u00e9s) - Airport Telecom FR<\/title>\n<meta name=\"description\" content=\"Recherche carte pr\u00e9pay\u00e9e eSIM Aruba pour les appels (illimit\u00e9s) et Internet ? Accessible de mani\u00e8re optimale lors de d\u00e9placements en eSIM Antilles &amp; Cara\u00efbes. Maintenant en vente chez !\" \/>\n<meta name=\"robots\" content=\"index, follow, max-snippet:-1, max-image-preview:large, max-video-preview:-1\" \/>\n<link rel=\"canonical\" href=\"https:\/\/airporttelecom.com\/fr\/esim\/aruba\/\" \/>\n<meta property=\"og:locale\" content=\"fr_FR\" \/>\n<meta property=\"og:type\" content=\"article\" \/>\n<meta property=\"og:title\" content=\"eSIM Aruba\" \/>\n<meta property=\"og:description\" content=\"Recherche carte pr\u00e9pay\u00e9e eSIM Aruba pour les appels (illimit\u00e9s) et Internet ? Accessible de mani\u00e8re optimale lors de d\u00e9placements en eSIM Antilles &amp; Cara\u00efbes. Maintenant en vente chez !\" \/>\n<meta property=\"og:url\" content=\"https:\/\/airporttelecom.com\/fr\/esim\/aruba\/\" \/>\n<meta property=\"og:site_name\" content=\"Airport Telecom FR\" \/>\n<meta property=\"article:modified_time\" content=\"2025-04-01T19:21:11+00:00\" \/>\n<meta property=\"og:image\" content=\"https:\/\/airporttelecom.com\/fr\/wp-content\/uploads\/sites\/5\/2024\/06\/Simkaart-Aruba.png?wsr\" \/>\n\t<meta property=\"og:image:width\" content=\"800\" \/>\n\t<meta property=\"og:image:height\" content=\"319\" \/>\n\t<meta property=\"og:image:type\" content=\"image\/png\" \/>\n<meta name=\"twitter:card\" content=\"summary_large_image\" \/>\n<meta name=\"twitter:label1\" content=\"Dur\u00e9e de lecture estim\u00e9e\" \/>\n\t<meta name=\"twitter:data1\" content=\"1 minute\" \/>\n<script type=\"application\/ld+json\" class=\"yoast-schema-graph\">{\"@context\":\"https:\/\/schema.org\",\"@graph\":[{\"@type\":\"WebPage\",\"@id\":\"https:\/\/airporttelecom.com\/fr\/esim\/aruba\/\",\"url\":\"https:\/\/airporttelecom.com\/fr\/esim\/aruba\/\",\"name\":\"eSIM Aruba achat d'appels et d'Internet pr\u00e9pay\u00e9s (illimit\u00e9s) - Airport Telecom FR\",\"isPartOf\":{\"@id\":\"https:\/\/airporttelecom.com\/fr\/#website\"},\"primaryImageOfPage\":{\"@id\":\"https:\/\/airporttelecom.com\/fr\/esim\/aruba\/#primaryimage\"},\"image\":{\"@id\":\"https:\/\/airporttelecom.com\/fr\/esim\/aruba\/#primaryimage\"},\"thumbnailUrl\":\"https:\/\/airporttelecom.com\/fr\/wp-content\/uploads\/sites\/5\/2024\/06\/Simkaart-Aruba.png\",\"datePublished\":\"2024-09-12T10:52:01+00:00\",\"dateModified\":\"2025-04-01T19:21:11+00:00\",\"description\":\"Recherche carte pr\u00e9pay\u00e9e eSIM Aruba pour les appels (illimit\u00e9s) et Internet ? Accessible de mani\u00e8re optimale lors de d\u00e9placements en eSIM Antilles &amp; Cara\u00efbes. Maintenant en vente chez !\",\"breadcrumb\":{\"@id\":\"https:\/\/airporttelecom.com\/fr\/esim\/aruba\/#breadcrumb\"},\"inLanguage\":\"fr-FR\",\"potentialAction\":[{\"@type\":\"ReadAction\",\"target\":[\"https:\/\/airporttelecom.com\/fr\/esim\/aruba\/\"]}]},{\"@type\":\"ImageObject\",\"inLanguage\":\"fr-FR\",\"@id\":\"https:\/\/airporttelecom.com\/fr\/esim\/aruba\/#primaryimage\",\"url\":\"https:\/\/airporttelecom.com\/fr\/wp-content\/uploads\/sites\/5\/2024\/06\/Simkaart-Aruba.png\",\"contentUrl\":\"https:\/\/airporttelecom.com\/fr\/wp-content\/uploads\/sites\/5\/2024\/06\/Simkaart-Aruba.png\",\"width\":800,\"height\":319,\"caption\":\"Carte Sim Aruba\"},{\"@type\":\"BreadcrumbList\",\"@id\":\"https:\/\/airporttelecom.com\/fr\/esim\/aruba\/#breadcrumb\",\"itemListElement\":[{\"@type\":\"ListItem\",\"position\":1,\"name\":\"Home\",\"item\":\"https:\/\/airporttelecom.com\/fr\/\"},{\"@type\":\"ListItem\",\"position\":2,\"name\":\"eSIM\",\"item\":\"https:\/\/airporttelecom.com\/fr\/esim\/\"},{\"@type\":\"ListItem\",\"position\":3,\"name\":\"Aruba\"}]},{\"@type\":\"WebSite\",\"@id\":\"https:\/\/airporttelecom.com\/fr\/#website\",\"url\":\"https:\/\/airporttelecom.com\/fr\/\",\"name\":\"Airport Telecom\",\"description\":\"\",\"publisher\":{\"@id\":\"https:\/\/airporttelecom.com\/fr\/#organization\"},\"potentialAction\":[{\"@type\":\"SearchAction\",\"target\":{\"@type\":\"EntryPoint\",\"urlTemplate\":\"https:\/\/airporttelecom.com\/fr\/?s={search_term_string}\"},\"query-input\":{\"@type\":\"PropertyValueSpecification\",\"valueRequired\":true,\"valueName\":\"search_term_string\"}}],\"inLanguage\":\"fr-FR\"},{\"@type\":\"Organization\",\"@id\":\"https:\/\/airporttelecom.com\/fr\/#organization\",\"name\":\"Airport Telecom\",\"url\":\"https:\/\/airporttelecom.com\/fr\/\",\"logo\":{\"@type\":\"ImageObject\",\"inLanguage\":\"fr-FR\",\"@id\":\"https:\/\/airporttelecom.com\/fr\/#\/schema\/logo\/image\/\",\"url\":\"https:\/\/airporttelecom.com\/fr\/wp-content\/uploads\/sites\/5\/2024\/06\/icon.png?wsr\",\"contentUrl\":\"https:\/\/airporttelecom.com\/fr\/wp-content\/uploads\/sites\/5\/2024\/06\/icon.png?wsr\",\"width\":110,\"height\":110,\"caption\":\"Airport Telecom\"},\"image\":{\"@id\":\"https:\/\/airporttelecom.com\/fr\/#\/schema\/logo\/image\/\"}}]}<\/script>\n<!-- \/ Yoast SEO Premium plugin. -->","yoast_head_json":{"title":"eSIM Aruba achat d'appels et d'Internet pr\u00e9pay\u00e9s (illimit\u00e9s) - Airport Telecom FR","description":"Recherche carte pr\u00e9pay\u00e9e eSIM Aruba pour les appels (illimit\u00e9s) et Internet ? Accessible de mani\u00e8re optimale lors de d\u00e9placements en eSIM Antilles &amp; Cara\u00efbes. Maintenant en vente chez !","robots":{"index":"index","follow":"follow","max-snippet":"max-snippet:-1","max-image-preview":"max-image-preview:large","max-video-preview":"max-video-preview:-1"},"canonical":"https:\/\/airporttelecom.com\/fr\/esim\/aruba\/","og_locale":"fr_FR","og_type":"article","og_title":"eSIM Aruba","og_description":"Recherche carte pr\u00e9pay\u00e9e eSIM Aruba pour les appels (illimit\u00e9s) et Internet ? Accessible de mani\u00e8re optimale lors de d\u00e9placements en eSIM Antilles &amp; Cara\u00efbes. Maintenant en vente chez !","og_url":"https:\/\/airporttelecom.com\/fr\/esim\/aruba\/","og_site_name":"Airport Telecom FR","article_modified_time":"2025-04-01T19:21:11+00:00","og_image":[{"width":800,"height":319,"url":"https:\/\/airporttelecom.com\/fr\/wp-content\/uploads\/sites\/5\/2024\/06\/Simkaart-Aruba.png?wsr","type":"image\/png"}],"twitter_card":"summary_large_image","twitter_misc":{"Dur\u00e9e de lecture estim\u00e9e":"1 minute"},"schema":{"@context":"https:\/\/schema.org","@graph":[{"@type":"WebPage","@id":"https:\/\/airporttelecom.com\/fr\/esim\/aruba\/","url":"https:\/\/airporttelecom.com\/fr\/esim\/aruba\/","name":"eSIM Aruba achat d'appels et d'Internet pr\u00e9pay\u00e9s (illimit\u00e9s) - Airport Telecom FR","isPartOf":{"@id":"https:\/\/airporttelecom.com\/fr\/#website"},"primaryImageOfPage":{"@id":"https:\/\/airporttelecom.com\/fr\/esim\/aruba\/#primaryimage"},"image":{"@id":"https:\/\/airporttelecom.com\/fr\/esim\/aruba\/#primaryimage"},"thumbnailUrl":"https:\/\/airporttelecom.com\/fr\/wp-content\/uploads\/sites\/5\/2024\/06\/Simkaart-Aruba.png","datePublished":"2024-09-12T10:52:01+00:00","dateModified":"2025-04-01T19:21:11+00:00","description":"Recherche carte pr\u00e9pay\u00e9e eSIM Aruba pour les appels (illimit\u00e9s) et Internet ? Accessible de mani\u00e8re optimale lors de d\u00e9placements en eSIM Antilles &amp; Cara\u00efbes. Maintenant en vente chez !","breadcrumb":{"@id":"https:\/\/airporttelecom.com\/fr\/esim\/aruba\/#breadcrumb"},"inLanguage":"fr-FR","potentialAction":[{"@type":"ReadAction","target":["https:\/\/airporttelecom.com\/fr\/esim\/aruba\/"]}]},{"@type":"ImageObject","inLanguage":"fr-FR","@id":"https:\/\/airporttelecom.com\/fr\/esim\/aruba\/#primaryimage","url":"https:\/\/airporttelecom.com\/fr\/wp-content\/uploads\/sites\/5\/2024\/06\/Simkaart-Aruba.png","contentUrl":"https:\/\/airporttelecom.com\/fr\/wp-content\/uploads\/sites\/5\/2024\/06\/Simkaart-Aruba.png","width":800,"height":319,"caption":"Carte Sim Aruba"},{"@type":"BreadcrumbList","@id":"https:\/\/airporttelecom.com\/fr\/esim\/aruba\/#breadcrumb","itemListElement":[{"@type":"ListItem","position":1,"name":"Home","item":"https:\/\/airporttelecom.com\/fr\/"},{"@type":"ListItem","position":2,"name":"eSIM","item":"https:\/\/airporttelecom.com\/fr\/esim\/"},{"@type":"ListItem","position":3,"name":"Aruba"}]},{"@type":"WebSite","@id":"https:\/\/airporttelecom.com\/fr\/#website","url":"https:\/\/airporttelecom.com\/fr\/","name":"Airport Telecom","description":"","publisher":{"@id":"https:\/\/airporttelecom.com\/fr\/#organization"},"potentialAction":[{"@type":"SearchAction","target":{"@type":"EntryPoint","urlTemplate":"https:\/\/airporttelecom.com\/fr\/?s={search_term_string}"},"query-input":{"@type":"PropertyValueSpecification","valueRequired":true,"valueName":"search_term_string"}}],"inLanguage":"fr-FR"},{"@type":"Organization","@id":"https:\/\/airporttelecom.com\/fr\/#organization","name":"Airport Telecom","url":"https:\/\/airporttelecom.com\/fr\/","logo":{"@type":"ImageObject","inLanguage":"fr-FR","@id":"https:\/\/airporttelecom.com\/fr\/#\/schema\/logo\/image\/","url":"https:\/\/airporttelecom.com\/fr\/wp-content\/uploads\/sites\/5\/2024\/06\/icon.png?wsr","contentUrl":"https:\/\/airporttelecom.com\/fr\/wp-content\/uploads\/sites\/5\/2024\/06\/icon.png?wsr","width":110,"height":110,"caption":"Airport Telecom"},"image":{"@id":"https:\/\/airporttelecom.com\/fr\/#\/schema\/logo\/image\/"}}]}},"_links":{"self":[{"href":"https:\/\/airporttelecom.com\/fr\/wp-json\/wp\/v2\/product\/1637","targetHints":{"allow":["GET"]}}],"collection":[{"href":"https:\/\/airporttelecom.com\/fr\/wp-json\/wp\/v2\/product"}],"about":[{"href":"https:\/\/airporttelecom.com\/fr\/wp-json\/wp\/v2\/types\/product"}],"replies":[{"embeddable":true,"href":"https:\/\/airporttelecom.com\/fr\/wp-json\/wp\/v2\/comments?post=1637"}],"wp:featuredmedia":[{"embeddable":true,"href":"https:\/\/airporttelecom.com\/fr\/wp-json\/wp\/v2\/media\/662"}],"wp:attachment":[{"href":"https:\/\/airporttelecom.com\/fr\/wp-json\/wp\/v2\/media?parent=1637"}],"wp:term":[{"taxonomy":"product_brand","embeddable":true,"href":"https:\/\/airporttelecom.com\/fr\/wp-json\/wp\/v2\/product_brand?post=1637"},{"taxonomy":"product_cat","embeddable":true,"href":"https:\/\/airporttelecom.com\/fr\/wp-json\/wp\/v2\/product_cat?post=1637"},{"taxonomy":"product_tag","embeddable":true,"href":"https:\/\/airporttelecom.com\/fr\/wp-json\/wp\/v2\/product_tag?post=1637"}],"curies":[{"name":"wp","href":"https:\/\/api.w.org\/{rel}","templated":true}]}}