{"id":1645,"date":"2024-09-12T10:52:02","date_gmt":"2024-09-12T10:52:02","guid":{"rendered":"https:\/\/airporttelecom.outperforming.nl\/nl\/product\/esim-panama\/"},"modified":"2025-11-30T20:30:51","modified_gmt":"2025-11-30T20:30:51","slug":"esim-panama","status":"publish","type":"product","link":"https:\/\/airporttelecom.com\/fr\/esim\/panama\/","title":{"rendered":"eSIM Panama"},"content":{"rendered":"","protected":false},"excerpt":{"rendered":"","protected":false},"featured_media":703,"comment_status":"open","ping_status":"closed","template":"","meta":{"_acf_changed":false},"product_brand":[],"product_cat":[16],"product_tag":[44],"class_list":{"0":"post-1645","1":"product","2":"type-product","3":"status-publish","4":"has-post-thumbnail","6":"product_cat-esim","7":"product_tag-esim-amerique-centrale","9":"first","10":"instock","11":"taxable","12":"shipping-taxable","13":"purchasable","14":"product-type-variable","15":"has-default-attributes"},"acf":{"gebied_afbeelding":894,"vlag_afbeelding":234,"provider":["BIC"],"product_synoniemen":null,"product_bestel_velden":"","product_omschrijving":"<h2>Internet mobile avec une eSIM pour le Panama<\/h2>\r\nAvec une eSIM pr\u00e9pay\u00e9e Panama d'Airport Telecom, vous pouvez \u00eatre joint dans tout le Panama avec un seul num\u00e9ro de t\u00e9l\u00e9phone. De plus, vous disposez de 12GB ou 30GB de donn\u00e9es. Ces cartes sont donc tr\u00e8s adapt\u00e9es \u00e0 une utilisation sur Internet. Attention cependant, car vous pouvez recevoir des appels entrants au Panama avec ces cartes eSIM pr\u00e9pay\u00e9es, mais vous ne pouvez pas passer d'appels sortants normaux avec elles. Tous les appels qui passent par Internet, comme avec Whatsapp, Skype, Facetime, etc. sont bien s\u00fbr possibles. Apr\u00e8s tout, vous utilisez alors le forfait de donn\u00e9es de la carte eSIM.\r\n<h2>Donn\u00e9es et appels lors de voyages au Panama<\/h2>\r\nLe num\u00e9ro de t\u00e9l\u00e9phone de la carte eSIM pr\u00e9pay\u00e9e sur laquelle vous pouvez \u00eatre joint au Panama vous sera envoy\u00e9 par SMS apr\u00e8s l'activation de l'eSIM. Il s'agit d'un num\u00e9ro anglais (+44). Nous avons choisi ce num\u00e9ro car l'eSIM en question offre un tr\u00e8s bon forfait de donn\u00e9es au Panamaet utilise les plus grands r\u00e9seaux mobiles Panam\u00e9ens. De plus, cette eSIM ne n\u00e9cessite pas d'enregistrement de l'utilisateur au Panama.\r\n<h2>Whatsapp avec l'eSIM Panama<\/h2>\r\nTous les appels qui passent par Internet, comme avec Whatsapp, Skype et FaceTime, sont bien s\u00fbr \u00e9galement possibles avec l'eSIM pour le Panama. Vous utiliserez alors le forfait de donn\u00e9es. Vous pouvez toujours continuer \u00e0 utiliser Whatsapp avec vos propres contacts, groupes et chats existants. Apr\u00e8s avoir ins\u00e9r\u00e9 une eSIM, Whatsapp peut vous demander si vous souhaitez cr\u00e9er une nouvelle identit\u00e9 ou si tout doit rester tel quel. Si c'est le cas, choisissez la deuxi\u00e8me option et rien ne changera. Vous pourrez alors continuer \u00e0 envoyer des messages et \u00e0 passer des appels avec Whatsapp comme d'habitude.\r\n<h2>Couverture au Panama<\/h2>\r\nLe Panama dispose d'un excellent r\u00e9seau mobile. Cela vous permet de rester bien connect\u00e9 \u00e0 Internet tout en profitant, par exemple, de l'archipel de San Blas, de la ville de Panama, de la baie de Portobello ou du canal de Panama. En outre, un voyage au Panama vous donne \u00e9galement la possibilit\u00e9 de visiter la magnifique nature du parc national de Soberania ou de la plage de Santa Catalina. La couverture t\u00e9l\u00e9phonique au Panama est bonne dans et autour de la ville de Panama et dans d'autres zones peupl\u00e9es. Plus vous vous enfoncerez dans la campagne, moins la couverture mobile sera bonne.\r\n<h2><span data-contrast=\"\u00ab\">eSIM Panama re\u00e7ue par e-mail<\/span><\/h2>\r\n<span data-contrast=\"\u00ab\">Vous recevrez l'eSIM pour le Panama par e-mail. C'est simple et rapide, cela peut \u00eatre fait m\u00eame si vous \u00eates d\u00e9j\u00e0 au Panama ou si vous partez \u00e0 tr\u00e8s court terme.\r\n<\/span>\r\n\r\n&nbsp;","product_specificaties":"<h2><span data-contrast=\"\u00ab\">Avantages de l'eSIM Panama<\/span><\/h2>\r\n<span data-contrast=\"\u00ab\">Vous recevrez l'eSIM pour le Panama par e-mail. Il s'agit d'un code QR qui doit \u00eatre scann\u00e9 avec le t\u00e9l\u00e9phone. Cela peut donc \u00eatre fait m\u00eame si vous \u00eates d\u00e9j\u00e0 au Panama ou si vous partez \u00e0 tr\u00e8s court terme.<\/span>\r\n\r\n<span data-contrast=\"\u00ab\">L'avantage de la variante eSIM est que vous pouvez g\u00e9rer votre trafic de donn\u00e9es au Panama gr\u00e2ce au forfait de donn\u00e9es pr\u00e9pay\u00e9 tout en restant joignable sur votre propre num\u00e9ro de t\u00e9l\u00e9phone portable l\u00e0-bas.<\/span>\r\n\r\n<span data-contrast=\"\u00ab\">L'eSIM ne peut \u00eatre utilis\u00e9e que dans les t\u00e9l\u00e9phones qui s'y pr\u00eatent. V\u00e9rifiez bien cela avant de choisir l'eSIM. L'eSIM peut de toute fa\u00e7on \u00eatre install\u00e9e dans les iPhone XS, XS Max, XR, iPhone 11 et sup\u00e9rieurs. <\/span>\r\n<h2><span data-contrast=\"\u00ab\">Donn\u00e9es et appels au Panama<\/span><\/h2>\r\n<span data-contrast=\"\u00ab\">Il existe deux variantes de l'eSIM Panama:<\/span>\r\n\r\n&nbsp;\r\n<h3><span data-contrast=\"\u00ab\">12GB de donn\u00e9es \u20ac36,=<\/span><\/h3>\r\n<span data-contrast=\"\u00ab\">Incl. 12GB de donn\u00e9es<\/span>\r\n\r\n&nbsp;\r\n<h3><span data-contrast=\"\u00ab\">30GB de donn\u00e9es \u20ac57,=<\/span><\/h3>\r\n<span data-contrast=\"\u00ab\">Incl. 30GB de donn\u00e9es<\/span>\r\n\r\n&nbsp;\r\n\r\nLes cartes SIM sont valables pendant 30 jours apr\u00e8s leur activation.\r\n\r\n&nbsp;","product_handleiding":"","product_veelgestelde_vragen":[{"vraag":"Quel esim utiliser au Panama ?","antwoord":"Pour un court s\u00e9jour de quelques jours, vous n'aurez probablement pas besoin d'autant de donn\u00e9es. Le forfait de 12GB de donn\u00e9es pour le Panama peut alors suffire. Les applications telles que Whatsapp, Instagram et la navigation ne consomment pas beaucoup de donn\u00e9es. Si vous restez plus longtemps, il peut \u00eatre utile d'opter pour 30GB afin de disposer de suffisamment de donn\u00e9es."},{"vraag":"O\u00f9 acheter un esim pour le Panama ?","antwoord":"Achetez une eSIM pour le Panama en ligne aupr\u00e8s d'Airport Telecom. Vous recevrez la eSIM par e-mail. Il s'agit d'un code QR qui doit \u00eatre scann\u00e9 avec votre t\u00e9l\u00e9phone. Vous pouvez donc le faire m\u00eame si vous \u00eates d\u00e9j\u00e0 au Panama ou si vous partez dans un d\u00e9lai tr\u00e8s court."}]},"yoast_head":"<!-- This site is optimized with the Yoast SEO Premium plugin v24.4 (Yoast SEO v27.3) - https:\/\/yoast.com\/product\/yoast-seo-premium-wordpress\/ -->\n<title>eSIM Panama achat d&#039;appels et d&#039;Internet pr\u00e9pay\u00e9s (illimit\u00e9s) - Airport Telecom FR<\/title>\n<meta name=\"description\" content=\"Recherche carte pr\u00e9pay\u00e9e eSIM Panama pour les appels (illimit\u00e9s) et Internet ? Accessible de mani\u00e8re optimale lors de d\u00e9placements en eSIM Am\u00e9rique centrale. Maintenant en vente chez !\" \/>\n<meta name=\"robots\" content=\"index, follow, max-snippet:-1, max-image-preview:large, max-video-preview:-1\" \/>\n<link rel=\"canonical\" href=\"https:\/\/airporttelecom.com\/fr\/esim\/panama\/\" \/>\n<meta property=\"og:locale\" content=\"fr_FR\" \/>\n<meta property=\"og:type\" content=\"article\" \/>\n<meta property=\"og:title\" content=\"eSIM Panama\" \/>\n<meta property=\"og:description\" content=\"Recherche carte pr\u00e9pay\u00e9e eSIM Panama pour les appels (illimit\u00e9s) et Internet ? Accessible de mani\u00e8re optimale lors de d\u00e9placements en eSIM Am\u00e9rique centrale. Maintenant en vente chez !\" \/>\n<meta property=\"og:url\" content=\"https:\/\/airporttelecom.com\/fr\/esim\/panama\/\" \/>\n<meta property=\"og:site_name\" content=\"Airport Telecom FR\" \/>\n<meta property=\"article:modified_time\" content=\"2025-11-30T20:30:51+00:00\" \/>\n<meta property=\"og:image\" content=\"https:\/\/airporttelecom.com\/fr\/wp-content\/uploads\/sites\/5\/2024\/06\/Simkaart-Panama.png?wsr\" \/>\n\t<meta property=\"og:image:width\" content=\"800\" \/>\n\t<meta property=\"og:image:height\" content=\"319\" \/>\n\t<meta property=\"og:image:type\" content=\"image\/png\" \/>\n<meta name=\"twitter:card\" content=\"summary_large_image\" \/>\n<meta name=\"twitter:label1\" content=\"Dur\u00e9e de lecture estim\u00e9e\" \/>\n\t<meta name=\"twitter:data1\" content=\"1 minute\" \/>\n<script type=\"application\/ld+json\" class=\"yoast-schema-graph\">{\"@context\":\"https:\\\/\\\/schema.org\",\"@graph\":[{\"@type\":\"WebPage\",\"@id\":\"https:\\\/\\\/airporttelecom.com\\\/fr\\\/esim\\\/panama\\\/\",\"url\":\"https:\\\/\\\/airporttelecom.com\\\/fr\\\/esim\\\/panama\\\/\",\"name\":\"eSIM Panama achat d'appels et d'Internet pr\u00e9pay\u00e9s (illimit\u00e9s) - Airport Telecom FR\",\"isPartOf\":{\"@id\":\"https:\\\/\\\/airporttelecom.com\\\/fr\\\/#website\"},\"primaryImageOfPage\":{\"@id\":\"https:\\\/\\\/airporttelecom.com\\\/fr\\\/esim\\\/panama\\\/#primaryimage\"},\"image\":{\"@id\":\"https:\\\/\\\/airporttelecom.com\\\/fr\\\/esim\\\/panama\\\/#primaryimage\"},\"thumbnailUrl\":\"https:\\\/\\\/airporttelecom.com\\\/fr\\\/wp-content\\\/uploads\\\/sites\\\/5\\\/2024\\\/06\\\/Simkaart-Panama.png\",\"datePublished\":\"2024-09-12T10:52:02+00:00\",\"dateModified\":\"2025-11-30T20:30:51+00:00\",\"description\":\"Recherche carte pr\u00e9pay\u00e9e eSIM Panama pour les appels (illimit\u00e9s) et Internet ? Accessible de mani\u00e8re optimale lors de d\u00e9placements en eSIM Am\u00e9rique centrale. Maintenant en vente chez !\",\"breadcrumb\":{\"@id\":\"https:\\\/\\\/airporttelecom.com\\\/fr\\\/esim\\\/panama\\\/#breadcrumb\"},\"inLanguage\":\"fr-FR\",\"potentialAction\":[{\"@type\":\"ReadAction\",\"target\":[\"https:\\\/\\\/airporttelecom.com\\\/fr\\\/esim\\\/panama\\\/\"]}]},{\"@type\":\"ImageObject\",\"inLanguage\":\"fr-FR\",\"@id\":\"https:\\\/\\\/airporttelecom.com\\\/fr\\\/esim\\\/panama\\\/#primaryimage\",\"url\":\"https:\\\/\\\/airporttelecom.com\\\/fr\\\/wp-content\\\/uploads\\\/sites\\\/5\\\/2024\\\/06\\\/Simkaart-Panama.png\",\"contentUrl\":\"https:\\\/\\\/airporttelecom.com\\\/fr\\\/wp-content\\\/uploads\\\/sites\\\/5\\\/2024\\\/06\\\/Simkaart-Panama.png\",\"width\":800,\"height\":319,\"caption\":\"Carte SIM Panama\"},{\"@type\":\"BreadcrumbList\",\"@id\":\"https:\\\/\\\/airporttelecom.com\\\/fr\\\/esim\\\/panama\\\/#breadcrumb\",\"itemListElement\":[{\"@type\":\"ListItem\",\"position\":1,\"name\":\"Home\",\"item\":\"https:\\\/\\\/airporttelecom.com\\\/fr\\\/\"},{\"@type\":\"ListItem\",\"position\":2,\"name\":\"eSIM\",\"item\":\"https:\\\/\\\/airporttelecom.com\\\/fr\\\/esim\\\/\"},{\"@type\":\"ListItem\",\"position\":3,\"name\":\"Panama\"}]},{\"@type\":\"WebSite\",\"@id\":\"https:\\\/\\\/airporttelecom.com\\\/fr\\\/#website\",\"url\":\"https:\\\/\\\/airporttelecom.com\\\/fr\\\/\",\"name\":\"Airport Telecom\",\"description\":\"\",\"publisher\":{\"@id\":\"https:\\\/\\\/airporttelecom.com\\\/fr\\\/#organization\"},\"potentialAction\":[{\"@type\":\"SearchAction\",\"target\":{\"@type\":\"EntryPoint\",\"urlTemplate\":\"https:\\\/\\\/airporttelecom.com\\\/fr\\\/?s={search_term_string}\"},\"query-input\":{\"@type\":\"PropertyValueSpecification\",\"valueRequired\":true,\"valueName\":\"search_term_string\"}}],\"inLanguage\":\"fr-FR\"},{\"@type\":\"Organization\",\"@id\":\"https:\\\/\\\/airporttelecom.com\\\/fr\\\/#organization\",\"name\":\"Airport Telecom\",\"url\":\"https:\\\/\\\/airporttelecom.com\\\/fr\\\/\",\"logo\":{\"@type\":\"ImageObject\",\"inLanguage\":\"fr-FR\",\"@id\":\"https:\\\/\\\/airporttelecom.com\\\/fr\\\/#\\\/schema\\\/logo\\\/image\\\/\",\"url\":\"https:\\\/\\\/airporttelecom.com\\\/fr\\\/wp-content\\\/uploads\\\/sites\\\/5\\\/2024\\\/06\\\/icon.png?wsr\",\"contentUrl\":\"https:\\\/\\\/airporttelecom.com\\\/fr\\\/wp-content\\\/uploads\\\/sites\\\/5\\\/2024\\\/06\\\/icon.png?wsr\",\"width\":110,\"height\":110,\"caption\":\"Airport Telecom\"},\"image\":{\"@id\":\"https:\\\/\\\/airporttelecom.com\\\/fr\\\/#\\\/schema\\\/logo\\\/image\\\/\"}}]}<\/script>\n<!-- \/ Yoast SEO Premium plugin. -->","yoast_head_json":{"title":"eSIM Panama achat d'appels et d'Internet pr\u00e9pay\u00e9s (illimit\u00e9s) - Airport Telecom FR","description":"Recherche carte pr\u00e9pay\u00e9e eSIM Panama pour les appels (illimit\u00e9s) et Internet ? Accessible de mani\u00e8re optimale lors de d\u00e9placements en eSIM Am\u00e9rique centrale. Maintenant en vente chez !","robots":{"index":"index","follow":"follow","max-snippet":"max-snippet:-1","max-image-preview":"max-image-preview:large","max-video-preview":"max-video-preview:-1"},"canonical":"https:\/\/airporttelecom.com\/fr\/esim\/panama\/","og_locale":"fr_FR","og_type":"article","og_title":"eSIM Panama","og_description":"Recherche carte pr\u00e9pay\u00e9e eSIM Panama pour les appels (illimit\u00e9s) et Internet ? Accessible de mani\u00e8re optimale lors de d\u00e9placements en eSIM Am\u00e9rique centrale. Maintenant en vente chez !","og_url":"https:\/\/airporttelecom.com\/fr\/esim\/panama\/","og_site_name":"Airport Telecom FR","article_modified_time":"2025-11-30T20:30:51+00:00","og_image":[{"width":800,"height":319,"url":"https:\/\/airporttelecom.com\/fr\/wp-content\/uploads\/sites\/5\/2024\/06\/Simkaart-Panama.png?wsr","type":"image\/png"}],"twitter_card":"summary_large_image","twitter_misc":{"Dur\u00e9e de lecture estim\u00e9e":"1 minute"},"schema":{"@context":"https:\/\/schema.org","@graph":[{"@type":"WebPage","@id":"https:\/\/airporttelecom.com\/fr\/esim\/panama\/","url":"https:\/\/airporttelecom.com\/fr\/esim\/panama\/","name":"eSIM Panama achat d'appels et d'Internet pr\u00e9pay\u00e9s (illimit\u00e9s) - Airport Telecom FR","isPartOf":{"@id":"https:\/\/airporttelecom.com\/fr\/#website"},"primaryImageOfPage":{"@id":"https:\/\/airporttelecom.com\/fr\/esim\/panama\/#primaryimage"},"image":{"@id":"https:\/\/airporttelecom.com\/fr\/esim\/panama\/#primaryimage"},"thumbnailUrl":"https:\/\/airporttelecom.com\/fr\/wp-content\/uploads\/sites\/5\/2024\/06\/Simkaart-Panama.png","datePublished":"2024-09-12T10:52:02+00:00","dateModified":"2025-11-30T20:30:51+00:00","description":"Recherche carte pr\u00e9pay\u00e9e eSIM Panama pour les appels (illimit\u00e9s) et Internet ? Accessible de mani\u00e8re optimale lors de d\u00e9placements en eSIM Am\u00e9rique centrale. Maintenant en vente chez !","breadcrumb":{"@id":"https:\/\/airporttelecom.com\/fr\/esim\/panama\/#breadcrumb"},"inLanguage":"fr-FR","potentialAction":[{"@type":"ReadAction","target":["https:\/\/airporttelecom.com\/fr\/esim\/panama\/"]}]},{"@type":"ImageObject","inLanguage":"fr-FR","@id":"https:\/\/airporttelecom.com\/fr\/esim\/panama\/#primaryimage","url":"https:\/\/airporttelecom.com\/fr\/wp-content\/uploads\/sites\/5\/2024\/06\/Simkaart-Panama.png","contentUrl":"https:\/\/airporttelecom.com\/fr\/wp-content\/uploads\/sites\/5\/2024\/06\/Simkaart-Panama.png","width":800,"height":319,"caption":"Carte SIM Panama"},{"@type":"BreadcrumbList","@id":"https:\/\/airporttelecom.com\/fr\/esim\/panama\/#breadcrumb","itemListElement":[{"@type":"ListItem","position":1,"name":"Home","item":"https:\/\/airporttelecom.com\/fr\/"},{"@type":"ListItem","position":2,"name":"eSIM","item":"https:\/\/airporttelecom.com\/fr\/esim\/"},{"@type":"ListItem","position":3,"name":"Panama"}]},{"@type":"WebSite","@id":"https:\/\/airporttelecom.com\/fr\/#website","url":"https:\/\/airporttelecom.com\/fr\/","name":"Airport Telecom","description":"","publisher":{"@id":"https:\/\/airporttelecom.com\/fr\/#organization"},"potentialAction":[{"@type":"SearchAction","target":{"@type":"EntryPoint","urlTemplate":"https:\/\/airporttelecom.com\/fr\/?s={search_term_string}"},"query-input":{"@type":"PropertyValueSpecification","valueRequired":true,"valueName":"search_term_string"}}],"inLanguage":"fr-FR"},{"@type":"Organization","@id":"https:\/\/airporttelecom.com\/fr\/#organization","name":"Airport Telecom","url":"https:\/\/airporttelecom.com\/fr\/","logo":{"@type":"ImageObject","inLanguage":"fr-FR","@id":"https:\/\/airporttelecom.com\/fr\/#\/schema\/logo\/image\/","url":"https:\/\/airporttelecom.com\/fr\/wp-content\/uploads\/sites\/5\/2024\/06\/icon.png?wsr","contentUrl":"https:\/\/airporttelecom.com\/fr\/wp-content\/uploads\/sites\/5\/2024\/06\/icon.png?wsr","width":110,"height":110,"caption":"Airport Telecom"},"image":{"@id":"https:\/\/airporttelecom.com\/fr\/#\/schema\/logo\/image\/"}}]}},"_links":{"self":[{"href":"https:\/\/airporttelecom.com\/fr\/wp-json\/wp\/v2\/product\/1645","targetHints":{"allow":["GET"]}}],"collection":[{"href":"https:\/\/airporttelecom.com\/fr\/wp-json\/wp\/v2\/product"}],"about":[{"href":"https:\/\/airporttelecom.com\/fr\/wp-json\/wp\/v2\/types\/product"}],"replies":[{"embeddable":true,"href":"https:\/\/airporttelecom.com\/fr\/wp-json\/wp\/v2\/comments?post=1645"}],"wp:featuredmedia":[{"embeddable":true,"href":"https:\/\/airporttelecom.com\/fr\/wp-json\/wp\/v2\/media\/703"}],"wp:attachment":[{"href":"https:\/\/airporttelecom.com\/fr\/wp-json\/wp\/v2\/media?parent=1645"}],"wp:term":[{"taxonomy":"product_brand","embeddable":true,"href":"https:\/\/airporttelecom.com\/fr\/wp-json\/wp\/v2\/product_brand?post=1645"},{"taxonomy":"product_cat","embeddable":true,"href":"https:\/\/airporttelecom.com\/fr\/wp-json\/wp\/v2\/product_cat?post=1645"},{"taxonomy":"product_tag","embeddable":true,"href":"https:\/\/airporttelecom.com\/fr\/wp-json\/wp\/v2\/product_tag?post=1645"}],"curies":[{"name":"wp","href":"https:\/\/api.w.org\/{rel}","templated":true}]}}