{"id":1666,"date":"2024-09-12T10:52:07","date_gmt":"2024-09-12T10:52:07","guid":{"rendered":"https:\/\/airporttelecom.outperforming.nl\/nl\/product\/esim-colombia\/"},"modified":"2025-11-30T20:21:44","modified_gmt":"2025-11-30T20:21:44","slug":"esim-colombie","status":"publish","type":"product","link":"https:\/\/airporttelecom.com\/fr\/esim\/colombie\/","title":{"rendered":"eSIM Colombie"},"content":{"rendered":"","protected":false},"excerpt":{"rendered":"","protected":false},"featured_media":669,"comment_status":"open","ping_status":"closed","template":"","meta":{"_acf_changed":false},"product_brand":[],"product_cat":[16],"product_tag":[40,47],"class_list":{"0":"post-1666","1":"product","2":"type-product","3":"status-publish","4":"has-post-thumbnail","6":"product_cat-esim","7":"product_tag-esim-amerique","8":"product_tag-esim-amerique-du-sud","10":"first","11":"instock","12":"taxable","13":"shipping-taxable","14":"purchasable","15":"product-type-variable","16":"has-default-attributes"},"acf":{"gebied_afbeelding":611,"vlag_afbeelding":216,"provider":["THR"],"product_synoniemen":null,"product_bestel_velden":["vertrekdatum"],"product_omschrijving":"<h2><span data-contrast=\"\u00ab\">Internet mobile avec une eSIM Colombie<\/span><\/h2>\r\nAvec une eSIM pr\u00e9pay\u00e9e Colombie d'Airport Telecom, vous pouvez \u00eatre joint dans tout la Colombie avec un seul num\u00e9ro de t\u00e9l\u00e9phone. De plus, vous disposez de 12GB ou 30GB de donn\u00e9es. Ces cartes sont donc tr\u00e8s adapt\u00e9es \u00e0 une utilisation sur Internet. Attention cependant, car vous pouvez recevoir des appels entrants en Colombie avec ces cartes eSIM pr\u00e9pay\u00e9es, mais vous ne pouvez pas passer d'appels sortants normaux avec elles. Tous les appels qui passent par Internet, comme avec Whatsapp, Skype, Facetime, etc. sont bien s\u00fbr possibles. Apr\u00e8s tout, vous utilisez alors le forfait de donn\u00e9es de la carte eSIM.\r\n<h2><span data-contrast=\"\u00ab\">Donn\u00e9es <\/span><span data-contrast=\"\u00ab\">mobile <\/span><span data-contrast=\"\u00ab\">en Colombie<\/span><\/h2>\r\nLe num\u00e9ro de t\u00e9l\u00e9phone de la carte eSIM pr\u00e9pay\u00e9e sur laquelle vous pouvez \u00eatre joint en Colombie vous sera envoy\u00e9 par SMS apr\u00e8s l'activation de l'eSIM. Il s'agit d'un num\u00e9ro anglais (+44). Nous avons choisi ce num\u00e9ro car l'eSIM en question offre un tr\u00e8s bon forfait de donn\u00e9es en Colombie et utilise les plus grands r\u00e9seaux mobiles Colombiens. De plus, cette eSIM ne n\u00e9cessite pas d'enregistrement de l'utilisateur en Colombie.\r\n<h2><span data-contrast=\"\u00ab\">Whatsapp avec eSIM Colombie<\/span><\/h2>\r\n<span data-contrast=\"\u00ab\">Tous les appels via Internet tels que Whatsapp, Skype et FaceTime sont bien s\u00fbr \u00e9galement possibles avec les eSIM pour la Colombie. Vous utiliserez alors le forfait de donn\u00e9es sur l'eSIM. Vous pouvez toujours continuer \u00e0 utiliser Whatsapp avec vos propres contacts, groupes et chats existants. Apr\u00e8s avoir install\u00e9 une eSIM pr\u00e9pay\u00e9e, Whatsapp peut vous demander si vous souhaitez cr\u00e9er une nouvelle identit\u00e9 ou si tout doit rester tel quel. Si c'est le cas, choisissez la deuxi\u00e8me option et rien ne changera. Vous pourrez ensuite continuer \u00e0 envoyer des messages et \u00e0 passer des appels avec Whatsapp comme d'habitude. <\/span>\r\n<h2><span data-contrast=\"\u00ab\">Couverture en Colombie<\/span><\/h2>\r\n<span data-contrast=\"\u00ab\">Avec l'eSim d'Airport Telecom Schiphol, vous b\u00e9n\u00e9ficiez d'une bonne couverture mobile pendant votre voyage en Colombie. Partagez facilement des photos sur Instagram ou Facebook de vos aventures \u00e0 Carthag\u00e8ne, avec ses remparts historiques et le Castillo San Felipe de Barajas. Explorez la capitale anim\u00e9e de Bogot\u00e1, avec des attractions telles que La Candelaria et le Museo del Oro. D\u00e9couvrez Medell\u00edn, la ville du \u00ab printemps \u00e9ternel \u00bb, c\u00e9l\u00e8bre pour sa culture et son art de rue dans la Comuna 13. Vous pr\u00e9f\u00e9rez la nature ? Visitez le pittoresque Guatap\u00e9 avec son embl\u00e9matique rocher El Pe\u00f1ol, et admirez la beaut\u00e9 naturelle du parc national de Tayrona et de la vall\u00e9e de Cocora \u00e0 Salento. Tout en profitant pleinement de la nature \u00e0 couper le souffle, gardez \u00e0 l'esprit que la couverture Internet dans ces r\u00e9gions \u00e9loign\u00e9es peut \u00eatre moins fiable que dans les villes anim\u00e9es.<\/span>\r\n<h2><span data-contrast=\"\u00ab\">eSIM Colombie re\u00e7ue par e-mail<\/span><\/h2>\r\n<span data-contrast=\"\u00ab\">Vous recevrez l'eSIM pour la Colombie par e-mail. C'est tr\u00e8s rapide et cela peut se faire m\u00eame si vous \u00eates d\u00e9j\u00e0 en Colombie ou si vous partez \u00e0 tr\u00e8s court terme.<\/span>\r\n\r\n&nbsp;","product_specificaties":"<h2><span data-contrast=\"\u00ab\">Avantages de l'eSIM Colombie<\/span><\/h2>\r\n<span data-contrast=\"\u00ab\">Vous recevrez l'eSIM pour la Colombie par e-mail. Il s'agit d'un code QR qui doit \u00eatre scann\u00e9 avec le t\u00e9l\u00e9phone. Cela peut donc \u00eatre fait m\u00eame si vous \u00eates d\u00e9j\u00e0 en Colombie ou si vous partez \u00e0 tr\u00e8s court terme.<\/span>\r\n\r\n<span data-contrast=\"\u00ab\">L'avantage de la variante eSIM est que vous pouvez g\u00e9rer votre trafic de donn\u00e9es en Colombie via le forfait de donn\u00e9es pr\u00e9pay\u00e9 tout en restant joignable sur votre propre num\u00e9ro de t\u00e9l\u00e9phone portable l\u00e0-bas.<\/span>\r\n\r\n<span data-contrast=\"\u00ab\">L'eSIM ne peut \u00eatre utilis\u00e9e que dans les t\u00e9l\u00e9phones qui s'y pr\u00eatent. V\u00e9rifiez bien cela avant de choisir l'eSIM. L'eSIM peut de toute fa\u00e7on \u00eatre utilis\u00e9e dans les iPhone XS, XS Max, XR, iPhone 11 et sup\u00e9rieurs. <\/span>\r\n<h2><span data-contrast=\"\u00ab\">Donn\u00e9es et appels en Colombie<\/span><\/h2>\r\n<span data-contrast=\"\u00ab\">Il existe deux variantes de l'eSIM Colombie:<\/span>\r\n\r\n&nbsp;\r\n<h3><span data-contrast=\"\u00ab\">12GB de donn\u00e9es \u20ac36,=<\/span><\/h3>\r\n<span data-contrast=\"\u00ab\">Incl. 12GB de donn\u00e9es<\/span>\r\n\r\n&nbsp;\r\n<h3><span data-contrast=\"\u00ab\">30GB de donn\u00e9es \u20ac57,=<\/span><\/h3>\r\n<span data-contrast=\"\u00ab\">Incl. 30GB de donn\u00e9es<\/span>\r\n\r\n&nbsp;\r\n\r\nLes cartes SIM sont valables pendant 30 jours apr\u00e8s leur activation.\r\n\r\n&nbsp;\r\n\r\n&nbsp;","product_handleiding":"","product_veelgestelde_vragen":[{"vraag":"Quelle eSim utiliser en Colombie ?","antwoord":"Pour un s\u00e9jour de quelques jours, vous n'aurez probablement pas besoin d'autant de donn\u00e9es. Le forfait de 12GB de donn\u00e9es pour la Colombie peut alors suffire. Les applications telles que Whatsapp, Instagram et la navigation ne consomment pas beaucoup de donn\u00e9es. Si vous restez plus longtemps, il peut \u00eatre utile d'opter pour le forfait de 30GB afin d'avoir suffisamment de donn\u00e9es."},{"vraag":"O\u00f9 acheter une eSim pour la Colombie ?","antwoord":"Vous pouvez acheter une eSIM pour la Colombie en ligne aupr\u00e8s d'Airport Telecom. Vous recevrez la carte eSIM par courrier \u00e9lectronique. Il s'agit d'un code QR qui doit \u00eatre scann\u00e9 avec votre t\u00e9l\u00e9phone. Vous pouvez donc le faire m\u00eame si vous \u00eates d\u00e9j\u00e0 en Colombie ou si vous partez dans un d\u00e9lai tr\u00e8s court."}]},"yoast_head":"<!-- This site is optimized with the Yoast SEO Premium plugin v24.4 (Yoast SEO v26.9) - https:\/\/yoast.com\/product\/yoast-seo-premium-wordpress\/ -->\n<title>eSIM Colombie achat d&#039;appels et d&#039;Internet pr\u00e9pay\u00e9s (illimit\u00e9s) - Airport Telecom FR<\/title>\n<meta name=\"description\" content=\"Recherche carte pr\u00e9pay\u00e9e eSIM Colombie pour les appels (illimit\u00e9s) et Internet ? Accessible de mani\u00e8re optimale lors de d\u00e9placements en eSIM Amerique, eSIM Am\u00e9rique du Sud. Maintenant en vente chez !\" \/>\n<meta name=\"robots\" content=\"index, follow, max-snippet:-1, max-image-preview:large, max-video-preview:-1\" \/>\n<link rel=\"canonical\" href=\"https:\/\/airporttelecom.com\/fr\/esim\/colombie\/\" \/>\n<meta property=\"og:locale\" content=\"fr_FR\" \/>\n<meta property=\"og:type\" content=\"article\" \/>\n<meta property=\"og:title\" content=\"eSIM Colombie\" \/>\n<meta property=\"og:description\" content=\"Recherche carte pr\u00e9pay\u00e9e eSIM Colombie pour les appels (illimit\u00e9s) et Internet ? Accessible de mani\u00e8re optimale lors de d\u00e9placements en eSIM Amerique, eSIM Am\u00e9rique du Sud. Maintenant en vente chez !\" \/>\n<meta property=\"og:url\" content=\"https:\/\/airporttelecom.com\/fr\/esim\/colombie\/\" \/>\n<meta property=\"og:site_name\" content=\"Airport Telecom FR\" \/>\n<meta property=\"article:modified_time\" content=\"2025-11-30T20:21:44+00:00\" \/>\n<meta property=\"og:image\" content=\"https:\/\/airporttelecom.com\/fr\/wp-content\/uploads\/sites\/5\/2024\/06\/Simkaart-Colombia.png?wsr\" \/>\n\t<meta property=\"og:image:width\" content=\"800\" \/>\n\t<meta property=\"og:image:height\" content=\"319\" \/>\n\t<meta property=\"og:image:type\" content=\"image\/png\" \/>\n<meta name=\"twitter:card\" content=\"summary_large_image\" \/>\n<meta name=\"twitter:label1\" content=\"Dur\u00e9e de lecture estim\u00e9e\" \/>\n\t<meta name=\"twitter:data1\" content=\"1 minute\" \/>\n<script type=\"application\/ld+json\" class=\"yoast-schema-graph\">{\"@context\":\"https:\/\/schema.org\",\"@graph\":[{\"@type\":\"WebPage\",\"@id\":\"https:\/\/airporttelecom.com\/fr\/esim\/colombie\/\",\"url\":\"https:\/\/airporttelecom.com\/fr\/esim\/colombie\/\",\"name\":\"eSIM Colombie achat d'appels et d'Internet pr\u00e9pay\u00e9s (illimit\u00e9s) - Airport Telecom FR\",\"isPartOf\":{\"@id\":\"https:\/\/airporttelecom.com\/fr\/#website\"},\"primaryImageOfPage\":{\"@id\":\"https:\/\/airporttelecom.com\/fr\/esim\/colombie\/#primaryimage\"},\"image\":{\"@id\":\"https:\/\/airporttelecom.com\/fr\/esim\/colombie\/#primaryimage\"},\"thumbnailUrl\":\"https:\/\/airporttelecom.com\/fr\/wp-content\/uploads\/sites\/5\/2024\/06\/Simkaart-Colombia.png\",\"datePublished\":\"2024-09-12T10:52:07+00:00\",\"dateModified\":\"2025-11-30T20:21:44+00:00\",\"description\":\"Recherche carte pr\u00e9pay\u00e9e eSIM Colombie pour les appels (illimit\u00e9s) et Internet ? Accessible de mani\u00e8re optimale lors de d\u00e9placements en eSIM Amerique, eSIM Am\u00e9rique du Sud. Maintenant en vente chez !\",\"breadcrumb\":{\"@id\":\"https:\/\/airporttelecom.com\/fr\/esim\/colombie\/#breadcrumb\"},\"inLanguage\":\"fr-FR\",\"potentialAction\":[{\"@type\":\"ReadAction\",\"target\":[\"https:\/\/airporttelecom.com\/fr\/esim\/colombie\/\"]}]},{\"@type\":\"ImageObject\",\"inLanguage\":\"fr-FR\",\"@id\":\"https:\/\/airporttelecom.com\/fr\/esim\/colombie\/#primaryimage\",\"url\":\"https:\/\/airporttelecom.com\/fr\/wp-content\/uploads\/sites\/5\/2024\/06\/Simkaart-Colombia.png\",\"contentUrl\":\"https:\/\/airporttelecom.com\/fr\/wp-content\/uploads\/sites\/5\/2024\/06\/Simkaart-Colombia.png\",\"width\":800,\"height\":319,\"caption\":\"Carte Sim Colombie\"},{\"@type\":\"BreadcrumbList\",\"@id\":\"https:\/\/airporttelecom.com\/fr\/esim\/colombie\/#breadcrumb\",\"itemListElement\":[{\"@type\":\"ListItem\",\"position\":1,\"name\":\"Home\",\"item\":\"https:\/\/airporttelecom.com\/fr\/\"},{\"@type\":\"ListItem\",\"position\":2,\"name\":\"eSIM\",\"item\":\"https:\/\/airporttelecom.com\/fr\/esim\/\"},{\"@type\":\"ListItem\",\"position\":3,\"name\":\"Colombie\"}]},{\"@type\":\"WebSite\",\"@id\":\"https:\/\/airporttelecom.com\/fr\/#website\",\"url\":\"https:\/\/airporttelecom.com\/fr\/\",\"name\":\"Airport Telecom\",\"description\":\"\",\"publisher\":{\"@id\":\"https:\/\/airporttelecom.com\/fr\/#organization\"},\"potentialAction\":[{\"@type\":\"SearchAction\",\"target\":{\"@type\":\"EntryPoint\",\"urlTemplate\":\"https:\/\/airporttelecom.com\/fr\/?s={search_term_string}\"},\"query-input\":{\"@type\":\"PropertyValueSpecification\",\"valueRequired\":true,\"valueName\":\"search_term_string\"}}],\"inLanguage\":\"fr-FR\"},{\"@type\":\"Organization\",\"@id\":\"https:\/\/airporttelecom.com\/fr\/#organization\",\"name\":\"Airport Telecom\",\"url\":\"https:\/\/airporttelecom.com\/fr\/\",\"logo\":{\"@type\":\"ImageObject\",\"inLanguage\":\"fr-FR\",\"@id\":\"https:\/\/airporttelecom.com\/fr\/#\/schema\/logo\/image\/\",\"url\":\"https:\/\/airporttelecom.com\/fr\/wp-content\/uploads\/sites\/5\/2024\/06\/icon.png?wsr\",\"contentUrl\":\"https:\/\/airporttelecom.com\/fr\/wp-content\/uploads\/sites\/5\/2024\/06\/icon.png?wsr\",\"width\":110,\"height\":110,\"caption\":\"Airport Telecom\"},\"image\":{\"@id\":\"https:\/\/airporttelecom.com\/fr\/#\/schema\/logo\/image\/\"}}]}<\/script>\n<!-- \/ Yoast SEO Premium plugin. -->","yoast_head_json":{"title":"eSIM Colombie achat d'appels et d'Internet pr\u00e9pay\u00e9s (illimit\u00e9s) - Airport Telecom FR","description":"Recherche carte pr\u00e9pay\u00e9e eSIM Colombie pour les appels (illimit\u00e9s) et Internet ? Accessible de mani\u00e8re optimale lors de d\u00e9placements en eSIM Amerique, eSIM Am\u00e9rique du Sud. Maintenant en vente chez !","robots":{"index":"index","follow":"follow","max-snippet":"max-snippet:-1","max-image-preview":"max-image-preview:large","max-video-preview":"max-video-preview:-1"},"canonical":"https:\/\/airporttelecom.com\/fr\/esim\/colombie\/","og_locale":"fr_FR","og_type":"article","og_title":"eSIM Colombie","og_description":"Recherche carte pr\u00e9pay\u00e9e eSIM Colombie pour les appels (illimit\u00e9s) et Internet ? Accessible de mani\u00e8re optimale lors de d\u00e9placements en eSIM Amerique, eSIM Am\u00e9rique du Sud. Maintenant en vente chez !","og_url":"https:\/\/airporttelecom.com\/fr\/esim\/colombie\/","og_site_name":"Airport Telecom FR","article_modified_time":"2025-11-30T20:21:44+00:00","og_image":[{"width":800,"height":319,"url":"https:\/\/airporttelecom.com\/fr\/wp-content\/uploads\/sites\/5\/2024\/06\/Simkaart-Colombia.png?wsr","type":"image\/png"}],"twitter_card":"summary_large_image","twitter_misc":{"Dur\u00e9e de lecture estim\u00e9e":"1 minute"},"schema":{"@context":"https:\/\/schema.org","@graph":[{"@type":"WebPage","@id":"https:\/\/airporttelecom.com\/fr\/esim\/colombie\/","url":"https:\/\/airporttelecom.com\/fr\/esim\/colombie\/","name":"eSIM Colombie achat d'appels et d'Internet pr\u00e9pay\u00e9s (illimit\u00e9s) - Airport Telecom FR","isPartOf":{"@id":"https:\/\/airporttelecom.com\/fr\/#website"},"primaryImageOfPage":{"@id":"https:\/\/airporttelecom.com\/fr\/esim\/colombie\/#primaryimage"},"image":{"@id":"https:\/\/airporttelecom.com\/fr\/esim\/colombie\/#primaryimage"},"thumbnailUrl":"https:\/\/airporttelecom.com\/fr\/wp-content\/uploads\/sites\/5\/2024\/06\/Simkaart-Colombia.png","datePublished":"2024-09-12T10:52:07+00:00","dateModified":"2025-11-30T20:21:44+00:00","description":"Recherche carte pr\u00e9pay\u00e9e eSIM Colombie pour les appels (illimit\u00e9s) et Internet ? Accessible de mani\u00e8re optimale lors de d\u00e9placements en eSIM Amerique, eSIM Am\u00e9rique du Sud. Maintenant en vente chez !","breadcrumb":{"@id":"https:\/\/airporttelecom.com\/fr\/esim\/colombie\/#breadcrumb"},"inLanguage":"fr-FR","potentialAction":[{"@type":"ReadAction","target":["https:\/\/airporttelecom.com\/fr\/esim\/colombie\/"]}]},{"@type":"ImageObject","inLanguage":"fr-FR","@id":"https:\/\/airporttelecom.com\/fr\/esim\/colombie\/#primaryimage","url":"https:\/\/airporttelecom.com\/fr\/wp-content\/uploads\/sites\/5\/2024\/06\/Simkaart-Colombia.png","contentUrl":"https:\/\/airporttelecom.com\/fr\/wp-content\/uploads\/sites\/5\/2024\/06\/Simkaart-Colombia.png","width":800,"height":319,"caption":"Carte Sim Colombie"},{"@type":"BreadcrumbList","@id":"https:\/\/airporttelecom.com\/fr\/esim\/colombie\/#breadcrumb","itemListElement":[{"@type":"ListItem","position":1,"name":"Home","item":"https:\/\/airporttelecom.com\/fr\/"},{"@type":"ListItem","position":2,"name":"eSIM","item":"https:\/\/airporttelecom.com\/fr\/esim\/"},{"@type":"ListItem","position":3,"name":"Colombie"}]},{"@type":"WebSite","@id":"https:\/\/airporttelecom.com\/fr\/#website","url":"https:\/\/airporttelecom.com\/fr\/","name":"Airport Telecom","description":"","publisher":{"@id":"https:\/\/airporttelecom.com\/fr\/#organization"},"potentialAction":[{"@type":"SearchAction","target":{"@type":"EntryPoint","urlTemplate":"https:\/\/airporttelecom.com\/fr\/?s={search_term_string}"},"query-input":{"@type":"PropertyValueSpecification","valueRequired":true,"valueName":"search_term_string"}}],"inLanguage":"fr-FR"},{"@type":"Organization","@id":"https:\/\/airporttelecom.com\/fr\/#organization","name":"Airport Telecom","url":"https:\/\/airporttelecom.com\/fr\/","logo":{"@type":"ImageObject","inLanguage":"fr-FR","@id":"https:\/\/airporttelecom.com\/fr\/#\/schema\/logo\/image\/","url":"https:\/\/airporttelecom.com\/fr\/wp-content\/uploads\/sites\/5\/2024\/06\/icon.png?wsr","contentUrl":"https:\/\/airporttelecom.com\/fr\/wp-content\/uploads\/sites\/5\/2024\/06\/icon.png?wsr","width":110,"height":110,"caption":"Airport Telecom"},"image":{"@id":"https:\/\/airporttelecom.com\/fr\/#\/schema\/logo\/image\/"}}]}},"_links":{"self":[{"href":"https:\/\/airporttelecom.com\/fr\/wp-json\/wp\/v2\/product\/1666","targetHints":{"allow":["GET"]}}],"collection":[{"href":"https:\/\/airporttelecom.com\/fr\/wp-json\/wp\/v2\/product"}],"about":[{"href":"https:\/\/airporttelecom.com\/fr\/wp-json\/wp\/v2\/types\/product"}],"replies":[{"embeddable":true,"href":"https:\/\/airporttelecom.com\/fr\/wp-json\/wp\/v2\/comments?post=1666"}],"wp:featuredmedia":[{"embeddable":true,"href":"https:\/\/airporttelecom.com\/fr\/wp-json\/wp\/v2\/media\/669"}],"wp:attachment":[{"href":"https:\/\/airporttelecom.com\/fr\/wp-json\/wp\/v2\/media?parent=1666"}],"wp:term":[{"taxonomy":"product_brand","embeddable":true,"href":"https:\/\/airporttelecom.com\/fr\/wp-json\/wp\/v2\/product_brand?post=1666"},{"taxonomy":"product_cat","embeddable":true,"href":"https:\/\/airporttelecom.com\/fr\/wp-json\/wp\/v2\/product_cat?post=1666"},{"taxonomy":"product_tag","embeddable":true,"href":"https:\/\/airporttelecom.com\/fr\/wp-json\/wp\/v2\/product_tag?post=1666"}],"curies":[{"name":"wp","href":"https:\/\/api.w.org\/{rel}","templated":true}]}}