{"id":1690,"date":"2024-09-12T10:52:12","date_gmt":"2024-09-12T10:52:12","guid":{"rendered":"https:\/\/airporttelecom.outperforming.nl\/nl\/product\/esim-mexico\/"},"modified":"2025-10-19T22:15:48","modified_gmt":"2025-10-19T22:15:48","slug":"esim-mexique","status":"publish","type":"product","link":"https:\/\/airporttelecom.com\/fr\/esim\/mexique\/","title":{"rendered":"eSIM Mexique"},"content":{"rendered":"","protected":false},"excerpt":{"rendered":"","protected":false},"featured_media":699,"comment_status":"open","ping_status":"closed","template":"","meta":{"_acf_changed":false},"product_brand":[],"product_cat":[16],"product_tag":[44,46],"class_list":{"0":"post-1690","1":"product","2":"type-product","3":"status-publish","4":"has-post-thumbnail","6":"product_cat-esim","7":"product_tag-esim-amerique-centrale","8":"product_tag-esim-amerique-du-nord","10":"first","11":"instock","12":"taxable","13":"shipping-taxable","14":"purchasable","15":"product-type-variable","16":"has-default-attributes"},"acf":{"gebied_afbeelding":875,"vlag_afbeelding":192,"provider":["NEX","ATT"],"product_synoniemen":null,"product_bestel_velden":["vertrekdatum","phone","imei"],"product_omschrijving":"<h2>Internet mobile au Mexique avec <span class=\"\u00ab\" lang=\"\u00ab\" xml:lang=\"\u00ab\" data-contrast=\"\u00ab\"><span class=\"\u00ab\">eSIM <\/span><\/span>Mexique<\/h2>\r\n<span class=\"\u00ab\" lang=\"\u00ab\" data-contrast=\"\u00ab\"><span class=\"\u00ab\">L'eSIM<\/span><\/span> vous permet d'utiliser Internet mobile 4G \/ 5G partout au Mexico. Vous pouvez choisir entre un forfait de donn\u00e9es de 12GB et un forfait de donn\u00e9es illimit\u00e9. Les forfaits sont parfaits pour l'utilisation d'Internet et vous permettent d'acc\u00e9der facilement \u00e0 la messagerie \u00e9lectronique, \u00e0 Whatsapp, \u00e0 la navigation et \u00e0 d'autres applications Internet.\r\n<h2>Whatsapp avec l\u2019eSIM Mexique<\/h2>\r\nAvec l\u2019eSIM Mexique, vous pouvez continuer \u00e0 utiliser toutes les applications de votre t\u00e9l\u00e9phone comme vous en avez l\u2019habitude. Cela inclut Whatsapp. Une fois que WhatsApp aura d\u00e9tect\u00e9 la pr\u00e9sence d\u2019une autre eSIM dans votre t\u00e9l\u00e9phone, il vous demandera si vous souhaitez cr\u00e9er un nouveau compte ou si vous pr\u00e9f\u00e9rez conserver votre compte existant. Si vous choisissez la deuxi\u00e8me option, rien ne changera sur WhatsApp. Vous conserverez votre identit\u00e9 WhatsApp existante avec tous vos contacts, groupes et discussions. Vous pourrez \u00e9galement passer des appels vocaux et vid\u00e9o avec WhatsApp, qui utilisera le forfait de donn\u00e9es de l\u2019eSIM.\r\n<h2>Couverture avec <span class=\"\u00ab\" lang=\"\u00ab\" xml:lang=\"\u00ab\" data-contrast=\"\u00ab\"><span class=\"\u00ab\">eSIM<\/span><\/span> Mexique<\/h2>\r\nLe Mexique est un pays immense avec une bonne couverture t\u00e9l\u00e9phonique dans les villes et les stations baln\u00e9aires r\u00e9put\u00e9es comme Playa del Carmen et Acapulco, mais aussi de nombreuses zones recul\u00e9es o\u00f9 il n'y a pas de tours de transmission. Dans et autour de Mexico, la couverture des t\u00e9l\u00e9phones portables est excellente. Ainsi, lorsque vous mangerez des churros dans le Centro Hist\u00f3rico ou que vous regarderez l'Histoire du Mexique au Palacio Nacional, vous pourrez naviguer ou partager des photos avec vos proches. \u00c0 la campagne et dans les montagnes, ce sera plus difficile. \u00c0 Canc\u00fan, avec ses plages de sable blanc et sa vie nocturne anim\u00e9e, l'Internet mobile est parfait, tout comme \u00e0 Zihuatanejo, Cozumel et dans de nombreux autres endroits c\u00e9l\u00e8bres et tr\u00e8s fr\u00e9quent\u00e9s.\r\n<h2>Recevez l\u2019eSIM pour le Mexique rapidement par e-mail<\/h2>\r\n<span data-contrast=\"\u00ab\">Vous recevrez l'eSIM pour le Mexique par e-mail. C'est simple et rapide, cela peut \u00eatre fait m\u00eame si vous \u00eates d\u00e9j\u00e0 au Mexique ou si vous partez \u00e0 tr\u00e8s court terme.<\/span>","product_specificaties":"<h2>Avantages <span class=\"\u00ab\" lang=\"\u00ab\" xml:lang=\"\u00ab\" data-contrast=\"\u00ab\"><span class=\"\u00ab\">eSIM <\/span><\/span>Mexique<\/h2>\r\n<ul>\r\n \t<li style=\"list-style-type: none;\">\r\n<ul>\r\n \t<li>Internet mobile partout au Mexique<\/li>\r\n \t<li>L\u2019eSIM Mexique est compatible avec le tethering et peut donc \u00e9galement \u00eatre utilis\u00e9e pour les hotspots et les MIFI.<\/li>\r\n \t<li>L\u2019eSIM ne peut \u00eatre utilis\u00e9e que dans les t\u00e9l\u00e9phones qui s\u2019y pr\u00eatent. V\u00e9rifiez bien cela avant de choisir l\u2019eSIM. L\u2019eSIM peut \u00eatre utilis\u00e9e dans les iPhone XS, XS Max, XR, iPhone 11, 12, 13, 14, 15, 16 et plus.<\/li>\r\n \t<li>Vous recevrez les donn\u00e9es eSIM pour le Mexique par e-mail. Vous pouvez donc commander m\u00eame si vous \u00eates d\u00e9j\u00e0 au Mexique ou si vous partez \u00e0 tr\u00e8s court terme.<\/li>\r\n<\/ul>\r\n<\/li>\r\n<\/ul>\r\n<h2>Donn\u00e9es et appels au Mexique<\/h2>\r\nIl existe deux variantes de l'<span class=\"\u00ab\" lang=\"\u00ab\" xml:lang=\"\u00ab\" data-contrast=\"\u00ab\"><span class=\"\u00ab\">eSIM <\/span><\/span>Mexique:\r\n<h3>eSIM 12GB de donn\u00e9es \u20ac 49<\/h3>\r\n<ul>\r\n \t<li style=\"list-style-type: none;\">\r\n<ul>\r\n \t<li>12GB de donn\u00e9es au Mexique<\/li>\r\n<\/ul>\r\n<\/li>\r\n<\/ul>\r\n<h3>eSIM Donn\u00e9es illimit\u00e9es \u20ac 89,= *<\/h3>\r\n<ul>\r\n \t<li style=\"list-style-type: none;\">\r\n<ul>\r\n \t<li>y compris les donn\u00e9es illimit\u00e9es au Mexique<\/li>\r\n<\/ul>\r\n<\/li>\r\n<\/ul>\r\nLes forfaits de donn\u00e9es sont valables pendant 30 jours apr\u00e8s l'activation.\r\n\r\n(*) Il existe une politique d\u2019utilisation \u00e9quitable. En cas d\u2019utilisation extr\u00eame des donn\u00e9es, le fournisseur au Mexique peut limiter les capacit\u00e9s.","product_handleiding":"","product_veelgestelde_vragen":[{"vraag":"Quelle eSIM utiliser au Mexique ?","antwoord":"Pour un court s\u00e9jour de quelques jours, vous n'aurez probablement pas besoin d'autant de donn\u00e9es. Le forfait de donn\u00e9es de 12GB pour le Mexique peut alors suffire. Les applications telles que Whatsapp, Instagram et la navigation ne consomment pas beaucoup de donn\u00e9es. Si vous restez plus longtemps, il peut \u00eatre utile d'opter pour l'option Illimit\u00e9 afin de disposer de suffisamment de donn\u00e9es."},{"vraag":"O\u00f9 acheter une eSIM pour le Mexique ?","antwoord":"Vous pouvez acheter une eSIM pour le Mexique en ligne aupr\u00e8s d'Airport Telecom. Vous recevrez la carte eSIM par courrier \u00e9lectronique. Il s'agit d'un code QR qui doit \u00eatre scann\u00e9 avec votre t\u00e9l\u00e9phone. Vous pouvez donc le faire m\u00eame si vous \u00eates d\u00e9j\u00e0 au Mexique ou si vous partez dans un d\u00e9lai tr\u00e8s court."}]},"yoast_head":"<!-- This site is optimized with the Yoast SEO Premium plugin v24.4 (Yoast SEO v26.9) - https:\/\/yoast.com\/product\/yoast-seo-premium-wordpress\/ -->\n<title>eSIM Mexique achat d&#039;appels et d&#039;Internet pr\u00e9pay\u00e9s (illimit\u00e9s) - Airport Telecom FR<\/title>\n<meta name=\"description\" content=\"Recherche carte pr\u00e9pay\u00e9e eSIM Mexique pour les appels (illimit\u00e9s) et Internet ? Accessible de mani\u00e8re optimale lors de d\u00e9placements en eSIM Am\u00e9rique centrale, eSIM Am\u00e9rique du Nord. Maintenant en vente chez !\" \/>\n<meta name=\"robots\" content=\"index, follow, max-snippet:-1, max-image-preview:large, max-video-preview:-1\" \/>\n<link rel=\"canonical\" href=\"https:\/\/airporttelecom.com\/fr\/esim\/mexique\/\" \/>\n<meta property=\"og:locale\" content=\"fr_FR\" \/>\n<meta property=\"og:type\" content=\"article\" \/>\n<meta property=\"og:title\" content=\"eSIM Mexique\" \/>\n<meta property=\"og:description\" content=\"Recherche carte pr\u00e9pay\u00e9e eSIM Mexique pour les appels (illimit\u00e9s) et Internet ? Accessible de mani\u00e8re optimale lors de d\u00e9placements en eSIM Am\u00e9rique centrale, eSIM Am\u00e9rique du Nord. Maintenant en vente chez !\" \/>\n<meta property=\"og:url\" content=\"https:\/\/airporttelecom.com\/fr\/esim\/mexique\/\" \/>\n<meta property=\"og:site_name\" content=\"Airport Telecom FR\" \/>\n<meta property=\"article:modified_time\" content=\"2025-10-19T22:15:48+00:00\" \/>\n<meta property=\"og:image\" content=\"https:\/\/airporttelecom.com\/fr\/wp-content\/uploads\/sites\/5\/2024\/06\/Simkaart-Mexico.png?wsr\" \/>\n\t<meta property=\"og:image:width\" content=\"800\" \/>\n\t<meta property=\"og:image:height\" content=\"319\" \/>\n\t<meta property=\"og:image:type\" content=\"image\/png\" \/>\n<meta name=\"twitter:card\" content=\"summary_large_image\" \/>\n<meta name=\"twitter:label1\" content=\"Dur\u00e9e de lecture estim\u00e9e\" \/>\n\t<meta name=\"twitter:data1\" content=\"1 minute\" \/>\n<script type=\"application\/ld+json\" class=\"yoast-schema-graph\">{\"@context\":\"https:\/\/schema.org\",\"@graph\":[{\"@type\":\"WebPage\",\"@id\":\"https:\/\/airporttelecom.com\/fr\/esim\/mexique\/\",\"url\":\"https:\/\/airporttelecom.com\/fr\/esim\/mexique\/\",\"name\":\"eSIM Mexique achat d'appels et d'Internet pr\u00e9pay\u00e9s (illimit\u00e9s) - Airport Telecom FR\",\"isPartOf\":{\"@id\":\"https:\/\/airporttelecom.com\/fr\/#website\"},\"primaryImageOfPage\":{\"@id\":\"https:\/\/airporttelecom.com\/fr\/esim\/mexique\/#primaryimage\"},\"image\":{\"@id\":\"https:\/\/airporttelecom.com\/fr\/esim\/mexique\/#primaryimage\"},\"thumbnailUrl\":\"https:\/\/airporttelecom.com\/fr\/wp-content\/uploads\/sites\/5\/2024\/06\/Simkaart-Mexico.png\",\"datePublished\":\"2024-09-12T10:52:12+00:00\",\"dateModified\":\"2025-10-19T22:15:48+00:00\",\"description\":\"Recherche carte pr\u00e9pay\u00e9e eSIM Mexique pour les appels (illimit\u00e9s) et Internet ? Accessible de mani\u00e8re optimale lors de d\u00e9placements en eSIM Am\u00e9rique centrale, eSIM Am\u00e9rique du Nord. Maintenant en vente chez !\",\"breadcrumb\":{\"@id\":\"https:\/\/airporttelecom.com\/fr\/esim\/mexique\/#breadcrumb\"},\"inLanguage\":\"fr-FR\",\"potentialAction\":[{\"@type\":\"ReadAction\",\"target\":[\"https:\/\/airporttelecom.com\/fr\/esim\/mexique\/\"]}]},{\"@type\":\"ImageObject\",\"inLanguage\":\"fr-FR\",\"@id\":\"https:\/\/airporttelecom.com\/fr\/esim\/mexique\/#primaryimage\",\"url\":\"https:\/\/airporttelecom.com\/fr\/wp-content\/uploads\/sites\/5\/2024\/06\/Simkaart-Mexico.png\",\"contentUrl\":\"https:\/\/airporttelecom.com\/fr\/wp-content\/uploads\/sites\/5\/2024\/06\/Simkaart-Mexico.png\",\"width\":800,\"height\":319,\"caption\":\"Carte Sim Mexique\"},{\"@type\":\"BreadcrumbList\",\"@id\":\"https:\/\/airporttelecom.com\/fr\/esim\/mexique\/#breadcrumb\",\"itemListElement\":[{\"@type\":\"ListItem\",\"position\":1,\"name\":\"Home\",\"item\":\"https:\/\/airporttelecom.com\/fr\/\"},{\"@type\":\"ListItem\",\"position\":2,\"name\":\"eSIM\",\"item\":\"https:\/\/airporttelecom.com\/fr\/esim\/\"},{\"@type\":\"ListItem\",\"position\":3,\"name\":\"Mexique\"}]},{\"@type\":\"WebSite\",\"@id\":\"https:\/\/airporttelecom.com\/fr\/#website\",\"url\":\"https:\/\/airporttelecom.com\/fr\/\",\"name\":\"Airport Telecom\",\"description\":\"\",\"publisher\":{\"@id\":\"https:\/\/airporttelecom.com\/fr\/#organization\"},\"potentialAction\":[{\"@type\":\"SearchAction\",\"target\":{\"@type\":\"EntryPoint\",\"urlTemplate\":\"https:\/\/airporttelecom.com\/fr\/?s={search_term_string}\"},\"query-input\":{\"@type\":\"PropertyValueSpecification\",\"valueRequired\":true,\"valueName\":\"search_term_string\"}}],\"inLanguage\":\"fr-FR\"},{\"@type\":\"Organization\",\"@id\":\"https:\/\/airporttelecom.com\/fr\/#organization\",\"name\":\"Airport Telecom\",\"url\":\"https:\/\/airporttelecom.com\/fr\/\",\"logo\":{\"@type\":\"ImageObject\",\"inLanguage\":\"fr-FR\",\"@id\":\"https:\/\/airporttelecom.com\/fr\/#\/schema\/logo\/image\/\",\"url\":\"https:\/\/airporttelecom.com\/fr\/wp-content\/uploads\/sites\/5\/2024\/06\/icon.png?wsr\",\"contentUrl\":\"https:\/\/airporttelecom.com\/fr\/wp-content\/uploads\/sites\/5\/2024\/06\/icon.png?wsr\",\"width\":110,\"height\":110,\"caption\":\"Airport Telecom\"},\"image\":{\"@id\":\"https:\/\/airporttelecom.com\/fr\/#\/schema\/logo\/image\/\"}}]}<\/script>\n<!-- \/ Yoast SEO Premium plugin. -->","yoast_head_json":{"title":"eSIM Mexique achat d'appels et d'Internet pr\u00e9pay\u00e9s (illimit\u00e9s) - Airport Telecom FR","description":"Recherche carte pr\u00e9pay\u00e9e eSIM Mexique pour les appels (illimit\u00e9s) et Internet ? Accessible de mani\u00e8re optimale lors de d\u00e9placements en eSIM Am\u00e9rique centrale, eSIM Am\u00e9rique du Nord. Maintenant en vente chez !","robots":{"index":"index","follow":"follow","max-snippet":"max-snippet:-1","max-image-preview":"max-image-preview:large","max-video-preview":"max-video-preview:-1"},"canonical":"https:\/\/airporttelecom.com\/fr\/esim\/mexique\/","og_locale":"fr_FR","og_type":"article","og_title":"eSIM Mexique","og_description":"Recherche carte pr\u00e9pay\u00e9e eSIM Mexique pour les appels (illimit\u00e9s) et Internet ? Accessible de mani\u00e8re optimale lors de d\u00e9placements en eSIM Am\u00e9rique centrale, eSIM Am\u00e9rique du Nord. Maintenant en vente chez !","og_url":"https:\/\/airporttelecom.com\/fr\/esim\/mexique\/","og_site_name":"Airport Telecom FR","article_modified_time":"2025-10-19T22:15:48+00:00","og_image":[{"width":800,"height":319,"url":"https:\/\/airporttelecom.com\/fr\/wp-content\/uploads\/sites\/5\/2024\/06\/Simkaart-Mexico.png?wsr","type":"image\/png"}],"twitter_card":"summary_large_image","twitter_misc":{"Dur\u00e9e de lecture estim\u00e9e":"1 minute"},"schema":{"@context":"https:\/\/schema.org","@graph":[{"@type":"WebPage","@id":"https:\/\/airporttelecom.com\/fr\/esim\/mexique\/","url":"https:\/\/airporttelecom.com\/fr\/esim\/mexique\/","name":"eSIM Mexique achat d'appels et d'Internet pr\u00e9pay\u00e9s (illimit\u00e9s) - Airport Telecom FR","isPartOf":{"@id":"https:\/\/airporttelecom.com\/fr\/#website"},"primaryImageOfPage":{"@id":"https:\/\/airporttelecom.com\/fr\/esim\/mexique\/#primaryimage"},"image":{"@id":"https:\/\/airporttelecom.com\/fr\/esim\/mexique\/#primaryimage"},"thumbnailUrl":"https:\/\/airporttelecom.com\/fr\/wp-content\/uploads\/sites\/5\/2024\/06\/Simkaart-Mexico.png","datePublished":"2024-09-12T10:52:12+00:00","dateModified":"2025-10-19T22:15:48+00:00","description":"Recherche carte pr\u00e9pay\u00e9e eSIM Mexique pour les appels (illimit\u00e9s) et Internet ? Accessible de mani\u00e8re optimale lors de d\u00e9placements en eSIM Am\u00e9rique centrale, eSIM Am\u00e9rique du Nord. Maintenant en vente chez !","breadcrumb":{"@id":"https:\/\/airporttelecom.com\/fr\/esim\/mexique\/#breadcrumb"},"inLanguage":"fr-FR","potentialAction":[{"@type":"ReadAction","target":["https:\/\/airporttelecom.com\/fr\/esim\/mexique\/"]}]},{"@type":"ImageObject","inLanguage":"fr-FR","@id":"https:\/\/airporttelecom.com\/fr\/esim\/mexique\/#primaryimage","url":"https:\/\/airporttelecom.com\/fr\/wp-content\/uploads\/sites\/5\/2024\/06\/Simkaart-Mexico.png","contentUrl":"https:\/\/airporttelecom.com\/fr\/wp-content\/uploads\/sites\/5\/2024\/06\/Simkaart-Mexico.png","width":800,"height":319,"caption":"Carte Sim Mexique"},{"@type":"BreadcrumbList","@id":"https:\/\/airporttelecom.com\/fr\/esim\/mexique\/#breadcrumb","itemListElement":[{"@type":"ListItem","position":1,"name":"Home","item":"https:\/\/airporttelecom.com\/fr\/"},{"@type":"ListItem","position":2,"name":"eSIM","item":"https:\/\/airporttelecom.com\/fr\/esim\/"},{"@type":"ListItem","position":3,"name":"Mexique"}]},{"@type":"WebSite","@id":"https:\/\/airporttelecom.com\/fr\/#website","url":"https:\/\/airporttelecom.com\/fr\/","name":"Airport Telecom","description":"","publisher":{"@id":"https:\/\/airporttelecom.com\/fr\/#organization"},"potentialAction":[{"@type":"SearchAction","target":{"@type":"EntryPoint","urlTemplate":"https:\/\/airporttelecom.com\/fr\/?s={search_term_string}"},"query-input":{"@type":"PropertyValueSpecification","valueRequired":true,"valueName":"search_term_string"}}],"inLanguage":"fr-FR"},{"@type":"Organization","@id":"https:\/\/airporttelecom.com\/fr\/#organization","name":"Airport Telecom","url":"https:\/\/airporttelecom.com\/fr\/","logo":{"@type":"ImageObject","inLanguage":"fr-FR","@id":"https:\/\/airporttelecom.com\/fr\/#\/schema\/logo\/image\/","url":"https:\/\/airporttelecom.com\/fr\/wp-content\/uploads\/sites\/5\/2024\/06\/icon.png?wsr","contentUrl":"https:\/\/airporttelecom.com\/fr\/wp-content\/uploads\/sites\/5\/2024\/06\/icon.png?wsr","width":110,"height":110,"caption":"Airport Telecom"},"image":{"@id":"https:\/\/airporttelecom.com\/fr\/#\/schema\/logo\/image\/"}}]}},"_links":{"self":[{"href":"https:\/\/airporttelecom.com\/fr\/wp-json\/wp\/v2\/product\/1690","targetHints":{"allow":["GET"]}}],"collection":[{"href":"https:\/\/airporttelecom.com\/fr\/wp-json\/wp\/v2\/product"}],"about":[{"href":"https:\/\/airporttelecom.com\/fr\/wp-json\/wp\/v2\/types\/product"}],"replies":[{"embeddable":true,"href":"https:\/\/airporttelecom.com\/fr\/wp-json\/wp\/v2\/comments?post=1690"}],"wp:featuredmedia":[{"embeddable":true,"href":"https:\/\/airporttelecom.com\/fr\/wp-json\/wp\/v2\/media\/699"}],"wp:attachment":[{"href":"https:\/\/airporttelecom.com\/fr\/wp-json\/wp\/v2\/media?parent=1690"}],"wp:term":[{"taxonomy":"product_brand","embeddable":true,"href":"https:\/\/airporttelecom.com\/fr\/wp-json\/wp\/v2\/product_brand?post=1690"},{"taxonomy":"product_cat","embeddable":true,"href":"https:\/\/airporttelecom.com\/fr\/wp-json\/wp\/v2\/product_cat?post=1690"},{"taxonomy":"product_tag","embeddable":true,"href":"https:\/\/airporttelecom.com\/fr\/wp-json\/wp\/v2\/product_tag?post=1690"}],"curies":[{"name":"wp","href":"https:\/\/api.w.org\/{rel}","templated":true}]}}