{"id":1735,"date":"2024-09-12T10:52:21","date_gmt":"2024-09-12T10:52:21","guid":{"rendered":"https:\/\/airporttelecom.outperforming.nl\/nl\/product\/esim-noorwegen\/"},"modified":"2025-08-15T13:33:30","modified_gmt":"2025-08-15T13:33:30","slug":"esim-norvege","status":"publish","type":"product","link":"https:\/\/airporttelecom.com\/fr\/esim\/norvege\/","title":{"rendered":"eSIM Norv\u00e8ge"},"content":{"rendered":"","protected":false},"excerpt":{"rendered":"","protected":false},"featured_media":1080,"comment_status":"open","ping_status":"closed","template":"","meta":{"_acf_changed":false},"product_brand":[],"product_cat":[16],"product_tag":[22],"class_list":{"0":"post-1735","1":"product","2":"type-product","3":"status-publish","4":"has-post-thumbnail","6":"product_cat-esim","7":"product_tag-esim-europe","9":"first","10":"instock","11":"taxable","12":"shipping-taxable","13":"purchasable","14":"product-type-variable","15":"has-default-attributes"},"acf":{"gebied_afbeelding":888,"vlag_afbeelding":174,"provider":["BIC"],"product_synoniemen":null,"product_bestel_velden":"","product_omschrijving":"<h2>Internet mobile avec eSIM Norway<\/h2>\r\nAvec Unlimited eSIM Norway, vous pouvez utiliser l'internet mobile dans toute la Norv\u00e8ge. C'est id\u00e9al pour utiliser Internet et vous donne acc\u00e8s \u00e0 la messagerie \u00e9lectronique, \u00e0 Whatsapp, \u00e0 la navigation et \u00e0 d'autres applications Internet via des connexions 4G\/5G rapides. Choisissez un forfait illimit\u00e9 pour la dur\u00e9e pendant laquelle vous en aurez besoin : 7 jours, 14 jours ou 30 jours.\r\nForfaits de donn\u00e9es pour voyager en Norv\u00e8ge\r\nLes eSIM pour la Norv\u00e8ge sont fournies avec un forfait de donn\u00e9es illimit\u00e9 pour 7, 14 ou 30 jours :\r\n<h3>eSIM Norv\u00e8ge illimit\u00e9e 7 jours, 24 \u20ac, =<\/h3>\r\n<h3>eSIM Norv\u00e8ge illimit\u00e9e 14 jours, 36 \u20ac, =<\/h3>\r\n<h3>eSIM Norv\u00e8ge illimit\u00e9e 30 jours, 59 \u20ac, =<\/h3>\r\n<span lang=\"fr\">(*) Veuillez noter qu'une Politique d'Utilisation \u00c9quitable est en vigueur. En cas de consommation de donn\u00e9es excessive, le fournisseur se r\u00e9serve le droit de restreindre les capacit\u00e9s de la carte (e)SIM. Cette Politique d'Utilisation \u00c9quitable repose sur le principe d'un utilisateur unique par carte (e)SIM. Une utilisation qualifi\u00e9e de normale \u2014 incluant la navigation, la consultation d'e-mails, la recherche sur internet, l'\u00e9change de messages et appels via WhatsApp, ainsi que l'utilisation d'applications telles qu'Instagram et Snapchat\u2014 n'activera pas cette politique. Cependant, une utilisation intensive telle que la visualisation prolong\u00e9e de contenus sur YouTube ou TikTok, l'utilisation intensive de services de streaming (par exemple, Netflix) et la t\u00e9l\u00e9vision en ligne, particuli\u00e8rement lorsque combin\u00e9e au partage de connexion via un point d'acc\u00e8s mobile (hotspot) ou un routeur par plusieurs individus, est susceptible de contrevenir \u00e0 cette politique.<\/span>\r\n\r\nLes eSIM pour la Norv\u00e8ge ont une excellente couverture nationale sur les r\u00e9seaux 4G et 5G d'AT&amp;T et de T-Mobile. Aucune inscription n'est requise en Norv\u00e8ge. \u00c0 l'arriv\u00e9e en Norv\u00e8ge, Internet se connecte automatiquement. L'eSIM Norv\u00e8ge est adapt\u00e9e au partage de connexion et peut \u00e9galement \u00eatre utilis\u00e9e pour les hotspots et les MIFI.\r\n<h2>Whatsapp avec <span class=\"\u00ab\" lang=\"\u00ab\" xml:lang=\"\u00ab\" data-contrast=\"\u00ab\"><span class=\"\u00ab\">eSIM <\/span><\/span>Norv\u00e8ge<\/h2>\r\nTous les appels qui passent par Internet, comme avec Whatsapp, Skype et FaceTime, sont bien s\u00fbr \u00e9galement possibles avec les <span class=\"\u00ab\" lang=\"\u00ab\" data-contrast=\"\u00ab\"><span class=\"\u00ab\">eSIM <\/span><\/span>pour la Norv\u00e8ge. Vous utiliserez ensuite le forfait de donn\u00e9es sur l'<span class=\"\u00ab\" lang=\"\u00ab\" xml:lang=\"\u00ab\" data-contrast=\"\u00ab\"><span class=\"\u00ab\" data-contrast=\"\u00ab\">eSIM<\/span><\/span>. Vous pouvez toujours continuer \u00e0 utiliser Whatsapp avec vos propres contacts, groupes et chats existants. Apr\u00e8s avoir ins\u00e9r\u00e9 une <span class=\"\u00ab\" lang=\"\u00ab\" xml:lang=\"\u00ab\" data-contrast=\"\u00ab\"><span class=\"\u00ab\">eSIM<\/span><\/span>, Whatsapp peut vous demander si vous souhaitez cr\u00e9er une nouvelle identit\u00e9 ou si tout doit rester tel quel. Si c'est le cas, choisissez la derni\u00e8re option et rien ne changera. Vous pourrez ensuite continuer \u00e0 envoyer des messages et \u00e0 passer des appels avec Whatsapp comme d'habitude.\r\n<h2>Couverture en Norv\u00e8ge<\/h2>\r\nLa couverture des r\u00e9seaux mobiles est g\u00e9n\u00e9ralement excellente en Norv\u00e8ge. C'est particuli\u00e8rement vrai dans les grandes villes comme Oslo. Dans les zones naturelles tr\u00e8s recul\u00e9es, la couverture peut \u00eatre un peu moins bonne. Sinon, la couverture est bonne dans tous les villages et villes avec les <span class=\"\u00ab\" lang=\"\u00ab\" xml:lang=\"\u00ab\" data-contrast=\"\u00ab\"><span class=\"\u00ab\">eSIM <\/span><\/span>pour la Norv\u00e8ge.\r\n<h2>eSIM Norv\u00e8ge re\u00e7ue par e-mail<\/h2>\r\nVous recevrez l'eSIM pour la Norv\u00e8ge par e-mail. C'est tr\u00e8s rapide et cela peut se faire m\u00eame si vous \u00eates d\u00e9j\u00e0 en Norv\u00e8ge ou si vous partez dans un d\u00e9lai tr\u00e8s court.\r\n\r\n&nbsp;","product_specificaties":"<h2>Internet avec eSIM Norv\u00e8ge<\/h2>\r\nChoisissez la dur\u00e9e exacte pendant laquelle vous aurez besoin de l'eSIM donn\u00e9es illimit\u00e9es :\r\n<h3>eSIM Norv\u00e8ge illimit\u00e9e 7 jours, 24 \u20ac,=<\/h3>\r\n<ul>\r\n \t<li>Donn\u00e9es illimit\u00e9es dans toute la Norv\u00e8ge*<\/li>\r\n \t<li>Offre group\u00e9e valable 7 jours. La recharge peut \u00eatre effectu\u00e9e via ce site Web.<\/li>\r\n<\/ul>\r\n<h3>eSIM Norv\u00e8ge illimit\u00e9e 14 jours, 36 \u20ac, =<\/h3>\r\n<ul>\r\n \t<li>Donn\u00e9es illimit\u00e9es dans toute la Norv\u00e8ge*<\/li>\r\n \t<li>Offre group\u00e9e valable 14 jours. Le rechargement peut \u00eatre effectu\u00e9 via ce site Web.<\/li>\r\n<\/ul>\r\n<h3>eSIM Norv\u00e8ge illimit\u00e9e 30 jours, 59 \u20ac, =<\/h3>\r\n<ul>\r\n \t<li>Donn\u00e9es illimit\u00e9es dans toute la Norv\u00e8ge*<\/li>\r\n \t<li>Offre group\u00e9e valable 30 jours. La recharge peut \u00eatre effectu\u00e9e via ce site Web.<\/li>\r\n<\/ul>\r\n(*) Il existe une politique d'utilisation \u00e9quitable. En cas d'utilisation extr\u00eame des donn\u00e9es, le fournisseur en Norv\u00e8ge peut limiter les capacit\u00e9s de la carte SIM.","product_handleiding":"<h2>Comment installer la carte SIM Norv\u00e8ge dans mon t\u00e9l\u00e9phone ?<\/h2>\r\nOuvrez le coulisseau sur le c\u00f4t\u00e9 du t\u00e9l\u00e9phone. Vous pouvez le faire avec la tige fournie avec le t\u00e9l\u00e9phone. Si vous ne l'avez pas, vous pouvez en fabriquer une en pliant un trombone. Les cartes SIM Airport Telecom sont \u00e9galement fournies avec une tige suppl\u00e9mentaire.\r\n\r\nRetirez votre propre carte SIM et conservez-la en lieu s\u00fbr ! Ins\u00e9rez maintenant la nouvelle carte SIM. Cela ne peut se faire que d'une seule mani\u00e8re. Il est possible que vous ayez un t\u00e9l\u00e9phone pouvant contenir plus d'une carte SIM. Ins\u00e9rez la nouvelle carte SIM comme carte suppl\u00e9mentaire.\r\n\r\nRepoussez le tiroir de la carte SIM dans le t\u00e9l\u00e9phone. Si tout se passe bien, vous pouvez maintenant utiliser automatiquement la nouvelle carte SIM. Le t\u00e9l\u00e9phone peut vous demander de proc\u00e9der \u00e0 des r\u00e9glages suppl\u00e9mentaires","product_veelgestelde_vragen":[{"vraag":"Quelle eSIM utiliser en Norv\u00e8ge ?","antwoord":"Pour un court s\u00e9jour de quelques jours, vous n'aurez probablement pas besoin d'autant de donn\u00e9es. Le forfait de 12GB de donn\u00e9es pour la Norv\u00e8ge peut alors suffire. Les applications telles que Whatsapp, Instagram et la navigation ne consomment pas beaucoup de donn\u00e9es. Si vous restez plus longtemps, il peut \u00eatre utile d'opter pour l'option Illimit\u00e9 afin de disposer de suffisamment de donn\u00e9es."},{"vraag":"O\u00f9 acheter une eSIM pour la Norv\u00e8ge ?","antwoord":"Achetez une eSIM pour la Norv\u00e8ge en ligne aupr\u00e8s d'Airport Telecom. Vous recevrez la carte eSIM par courriel. Il s'agit d'un code QR qui doit \u00eatre scann\u00e9 avec le t\u00e9l\u00e9phone. Vous pouvez donc le faire m\u00eame si vous \u00eates d\u00e9j\u00e0 en Norv\u00e8ge ou si vous partez dans un d\u00e9lai tr\u00e8s court."}]},"yoast_head":"<!-- This site is optimized with the Yoast SEO Premium plugin v24.4 (Yoast SEO v27.3) - https:\/\/yoast.com\/product\/yoast-seo-premium-wordpress\/ -->\n<title>eSIM Norv\u00e8ge achat d&#039;appels et d&#039;Internet pr\u00e9pay\u00e9s (illimit\u00e9s) - Airport Telecom FR<\/title>\n<meta name=\"description\" content=\"Recherche carte pr\u00e9pay\u00e9e eSIM Norv\u00e8ge pour les appels (illimit\u00e9s) et Internet ? Accessible de mani\u00e8re optimale lors de d\u00e9placements en eSIM Europe. Maintenant en vente chez !\" \/>\n<meta name=\"robots\" content=\"index, follow, max-snippet:-1, max-image-preview:large, max-video-preview:-1\" \/>\n<link rel=\"canonical\" href=\"https:\/\/airporttelecom.com\/fr\/esim\/norvege\/\" \/>\n<meta property=\"og:locale\" content=\"fr_FR\" \/>\n<meta property=\"og:type\" content=\"article\" \/>\n<meta property=\"og:title\" content=\"eSIM Norv\u00e8ge\" \/>\n<meta property=\"og:description\" content=\"Recherche carte pr\u00e9pay\u00e9e eSIM Norv\u00e8ge pour les appels (illimit\u00e9s) et Internet ? Accessible de mani\u00e8re optimale lors de d\u00e9placements en eSIM Europe. Maintenant en vente chez !\" \/>\n<meta property=\"og:url\" content=\"https:\/\/airporttelecom.com\/fr\/esim\/norvege\/\" \/>\n<meta property=\"og:site_name\" content=\"Airport Telecom FR\" \/>\n<meta property=\"article:modified_time\" content=\"2025-08-15T13:33:30+00:00\" \/>\n<meta property=\"og:image\" content=\"https:\/\/airporttelecom.com\/fr\/wp-content\/uploads\/sites\/5\/2024\/06\/Simkaart-Noorwegen.png?wsr\" \/>\n\t<meta property=\"og:image:width\" content=\"800\" \/>\n\t<meta property=\"og:image:height\" content=\"316\" \/>\n\t<meta property=\"og:image:type\" content=\"image\/png\" \/>\n<meta name=\"twitter:card\" content=\"summary_large_image\" \/>\n<meta name=\"twitter:label1\" content=\"Dur\u00e9e de lecture estim\u00e9e\" \/>\n\t<meta name=\"twitter:data1\" content=\"1 minute\" \/>\n<script type=\"application\/ld+json\" class=\"yoast-schema-graph\">{\"@context\":\"https:\\\/\\\/schema.org\",\"@graph\":[{\"@type\":\"WebPage\",\"@id\":\"https:\\\/\\\/airporttelecom.com\\\/fr\\\/esim\\\/norvege\\\/\",\"url\":\"https:\\\/\\\/airporttelecom.com\\\/fr\\\/esim\\\/norvege\\\/\",\"name\":\"eSIM Norv\u00e8ge achat d'appels et d'Internet pr\u00e9pay\u00e9s (illimit\u00e9s) - Airport Telecom FR\",\"isPartOf\":{\"@id\":\"https:\\\/\\\/airporttelecom.com\\\/fr\\\/#website\"},\"primaryImageOfPage\":{\"@id\":\"https:\\\/\\\/airporttelecom.com\\\/fr\\\/esim\\\/norvege\\\/#primaryimage\"},\"image\":{\"@id\":\"https:\\\/\\\/airporttelecom.com\\\/fr\\\/esim\\\/norvege\\\/#primaryimage\"},\"thumbnailUrl\":\"https:\\\/\\\/airporttelecom.com\\\/fr\\\/wp-content\\\/uploads\\\/sites\\\/5\\\/2024\\\/06\\\/Simkaart-Noorwegen.png\",\"datePublished\":\"2024-09-12T10:52:21+00:00\",\"dateModified\":\"2025-08-15T13:33:30+00:00\",\"description\":\"Recherche carte pr\u00e9pay\u00e9e eSIM Norv\u00e8ge pour les appels (illimit\u00e9s) et Internet ? Accessible de mani\u00e8re optimale lors de d\u00e9placements en eSIM Europe. Maintenant en vente chez !\",\"breadcrumb\":{\"@id\":\"https:\\\/\\\/airporttelecom.com\\\/fr\\\/esim\\\/norvege\\\/#breadcrumb\"},\"inLanguage\":\"fr-FR\",\"potentialAction\":[{\"@type\":\"ReadAction\",\"target\":[\"https:\\\/\\\/airporttelecom.com\\\/fr\\\/esim\\\/norvege\\\/\"]}]},{\"@type\":\"ImageObject\",\"inLanguage\":\"fr-FR\",\"@id\":\"https:\\\/\\\/airporttelecom.com\\\/fr\\\/esim\\\/norvege\\\/#primaryimage\",\"url\":\"https:\\\/\\\/airporttelecom.com\\\/fr\\\/wp-content\\\/uploads\\\/sites\\\/5\\\/2024\\\/06\\\/Simkaart-Noorwegen.png\",\"contentUrl\":\"https:\\\/\\\/airporttelecom.com\\\/fr\\\/wp-content\\\/uploads\\\/sites\\\/5\\\/2024\\\/06\\\/Simkaart-Noorwegen.png\",\"width\":800,\"height\":316,\"caption\":\"Carte SIM Norv\u00e8ge\"},{\"@type\":\"BreadcrumbList\",\"@id\":\"https:\\\/\\\/airporttelecom.com\\\/fr\\\/esim\\\/norvege\\\/#breadcrumb\",\"itemListElement\":[{\"@type\":\"ListItem\",\"position\":1,\"name\":\"Home\",\"item\":\"https:\\\/\\\/airporttelecom.com\\\/fr\\\/\"},{\"@type\":\"ListItem\",\"position\":2,\"name\":\"eSIM\",\"item\":\"https:\\\/\\\/airporttelecom.com\\\/fr\\\/esim\\\/\"},{\"@type\":\"ListItem\",\"position\":3,\"name\":\"Norv\u00e8ge\"}]},{\"@type\":\"WebSite\",\"@id\":\"https:\\\/\\\/airporttelecom.com\\\/fr\\\/#website\",\"url\":\"https:\\\/\\\/airporttelecom.com\\\/fr\\\/\",\"name\":\"Airport Telecom\",\"description\":\"\",\"publisher\":{\"@id\":\"https:\\\/\\\/airporttelecom.com\\\/fr\\\/#organization\"},\"potentialAction\":[{\"@type\":\"SearchAction\",\"target\":{\"@type\":\"EntryPoint\",\"urlTemplate\":\"https:\\\/\\\/airporttelecom.com\\\/fr\\\/?s={search_term_string}\"},\"query-input\":{\"@type\":\"PropertyValueSpecification\",\"valueRequired\":true,\"valueName\":\"search_term_string\"}}],\"inLanguage\":\"fr-FR\"},{\"@type\":\"Organization\",\"@id\":\"https:\\\/\\\/airporttelecom.com\\\/fr\\\/#organization\",\"name\":\"Airport Telecom\",\"url\":\"https:\\\/\\\/airporttelecom.com\\\/fr\\\/\",\"logo\":{\"@type\":\"ImageObject\",\"inLanguage\":\"fr-FR\",\"@id\":\"https:\\\/\\\/airporttelecom.com\\\/fr\\\/#\\\/schema\\\/logo\\\/image\\\/\",\"url\":\"https:\\\/\\\/airporttelecom.com\\\/fr\\\/wp-content\\\/uploads\\\/sites\\\/5\\\/2024\\\/06\\\/icon.png?wsr\",\"contentUrl\":\"https:\\\/\\\/airporttelecom.com\\\/fr\\\/wp-content\\\/uploads\\\/sites\\\/5\\\/2024\\\/06\\\/icon.png?wsr\",\"width\":110,\"height\":110,\"caption\":\"Airport Telecom\"},\"image\":{\"@id\":\"https:\\\/\\\/airporttelecom.com\\\/fr\\\/#\\\/schema\\\/logo\\\/image\\\/\"}}]}<\/script>\n<!-- \/ Yoast SEO Premium plugin. -->","yoast_head_json":{"title":"eSIM Norv\u00e8ge achat d'appels et d'Internet pr\u00e9pay\u00e9s (illimit\u00e9s) - Airport Telecom FR","description":"Recherche carte pr\u00e9pay\u00e9e eSIM Norv\u00e8ge pour les appels (illimit\u00e9s) et Internet ? Accessible de mani\u00e8re optimale lors de d\u00e9placements en eSIM Europe. Maintenant en vente chez !","robots":{"index":"index","follow":"follow","max-snippet":"max-snippet:-1","max-image-preview":"max-image-preview:large","max-video-preview":"max-video-preview:-1"},"canonical":"https:\/\/airporttelecom.com\/fr\/esim\/norvege\/","og_locale":"fr_FR","og_type":"article","og_title":"eSIM Norv\u00e8ge","og_description":"Recherche carte pr\u00e9pay\u00e9e eSIM Norv\u00e8ge pour les appels (illimit\u00e9s) et Internet ? Accessible de mani\u00e8re optimale lors de d\u00e9placements en eSIM Europe. Maintenant en vente chez !","og_url":"https:\/\/airporttelecom.com\/fr\/esim\/norvege\/","og_site_name":"Airport Telecom FR","article_modified_time":"2025-08-15T13:33:30+00:00","og_image":[{"width":800,"height":316,"url":"https:\/\/airporttelecom.com\/fr\/wp-content\/uploads\/sites\/5\/2024\/06\/Simkaart-Noorwegen.png?wsr","type":"image\/png"}],"twitter_card":"summary_large_image","twitter_misc":{"Dur\u00e9e de lecture estim\u00e9e":"1 minute"},"schema":{"@context":"https:\/\/schema.org","@graph":[{"@type":"WebPage","@id":"https:\/\/airporttelecom.com\/fr\/esim\/norvege\/","url":"https:\/\/airporttelecom.com\/fr\/esim\/norvege\/","name":"eSIM Norv\u00e8ge achat d'appels et d'Internet pr\u00e9pay\u00e9s (illimit\u00e9s) - Airport Telecom FR","isPartOf":{"@id":"https:\/\/airporttelecom.com\/fr\/#website"},"primaryImageOfPage":{"@id":"https:\/\/airporttelecom.com\/fr\/esim\/norvege\/#primaryimage"},"image":{"@id":"https:\/\/airporttelecom.com\/fr\/esim\/norvege\/#primaryimage"},"thumbnailUrl":"https:\/\/airporttelecom.com\/fr\/wp-content\/uploads\/sites\/5\/2024\/06\/Simkaart-Noorwegen.png","datePublished":"2024-09-12T10:52:21+00:00","dateModified":"2025-08-15T13:33:30+00:00","description":"Recherche carte pr\u00e9pay\u00e9e eSIM Norv\u00e8ge pour les appels (illimit\u00e9s) et Internet ? Accessible de mani\u00e8re optimale lors de d\u00e9placements en eSIM Europe. Maintenant en vente chez !","breadcrumb":{"@id":"https:\/\/airporttelecom.com\/fr\/esim\/norvege\/#breadcrumb"},"inLanguage":"fr-FR","potentialAction":[{"@type":"ReadAction","target":["https:\/\/airporttelecom.com\/fr\/esim\/norvege\/"]}]},{"@type":"ImageObject","inLanguage":"fr-FR","@id":"https:\/\/airporttelecom.com\/fr\/esim\/norvege\/#primaryimage","url":"https:\/\/airporttelecom.com\/fr\/wp-content\/uploads\/sites\/5\/2024\/06\/Simkaart-Noorwegen.png","contentUrl":"https:\/\/airporttelecom.com\/fr\/wp-content\/uploads\/sites\/5\/2024\/06\/Simkaart-Noorwegen.png","width":800,"height":316,"caption":"Carte SIM Norv\u00e8ge"},{"@type":"BreadcrumbList","@id":"https:\/\/airporttelecom.com\/fr\/esim\/norvege\/#breadcrumb","itemListElement":[{"@type":"ListItem","position":1,"name":"Home","item":"https:\/\/airporttelecom.com\/fr\/"},{"@type":"ListItem","position":2,"name":"eSIM","item":"https:\/\/airporttelecom.com\/fr\/esim\/"},{"@type":"ListItem","position":3,"name":"Norv\u00e8ge"}]},{"@type":"WebSite","@id":"https:\/\/airporttelecom.com\/fr\/#website","url":"https:\/\/airporttelecom.com\/fr\/","name":"Airport Telecom","description":"","publisher":{"@id":"https:\/\/airporttelecom.com\/fr\/#organization"},"potentialAction":[{"@type":"SearchAction","target":{"@type":"EntryPoint","urlTemplate":"https:\/\/airporttelecom.com\/fr\/?s={search_term_string}"},"query-input":{"@type":"PropertyValueSpecification","valueRequired":true,"valueName":"search_term_string"}}],"inLanguage":"fr-FR"},{"@type":"Organization","@id":"https:\/\/airporttelecom.com\/fr\/#organization","name":"Airport Telecom","url":"https:\/\/airporttelecom.com\/fr\/","logo":{"@type":"ImageObject","inLanguage":"fr-FR","@id":"https:\/\/airporttelecom.com\/fr\/#\/schema\/logo\/image\/","url":"https:\/\/airporttelecom.com\/fr\/wp-content\/uploads\/sites\/5\/2024\/06\/icon.png?wsr","contentUrl":"https:\/\/airporttelecom.com\/fr\/wp-content\/uploads\/sites\/5\/2024\/06\/icon.png?wsr","width":110,"height":110,"caption":"Airport Telecom"},"image":{"@id":"https:\/\/airporttelecom.com\/fr\/#\/schema\/logo\/image\/"}}]}},"_links":{"self":[{"href":"https:\/\/airporttelecom.com\/fr\/wp-json\/wp\/v2\/product\/1735","targetHints":{"allow":["GET"]}}],"collection":[{"href":"https:\/\/airporttelecom.com\/fr\/wp-json\/wp\/v2\/product"}],"about":[{"href":"https:\/\/airporttelecom.com\/fr\/wp-json\/wp\/v2\/types\/product"}],"replies":[{"embeddable":true,"href":"https:\/\/airporttelecom.com\/fr\/wp-json\/wp\/v2\/comments?post=1735"}],"wp:featuredmedia":[{"embeddable":true,"href":"https:\/\/airporttelecom.com\/fr\/wp-json\/wp\/v2\/media\/1080"}],"wp:attachment":[{"href":"https:\/\/airporttelecom.com\/fr\/wp-json\/wp\/v2\/media?parent=1735"}],"wp:term":[{"taxonomy":"product_brand","embeddable":true,"href":"https:\/\/airporttelecom.com\/fr\/wp-json\/wp\/v2\/product_brand?post=1735"},{"taxonomy":"product_cat","embeddable":true,"href":"https:\/\/airporttelecom.com\/fr\/wp-json\/wp\/v2\/product_cat?post=1735"},{"taxonomy":"product_tag","embeddable":true,"href":"https:\/\/airporttelecom.com\/fr\/wp-json\/wp\/v2\/product_tag?post=1735"}],"curies":[{"name":"wp","href":"https:\/\/api.w.org\/{rel}","templated":true}]}}