{"id":191,"date":"2024-06-13T14:20:31","date_gmt":"2024-06-13T14:20:31","guid":{"rendered":"https:\/\/airporttelecom.outperforming.nl\/nl\/?post_type=product&#038;p=191"},"modified":"2025-10-21T11:35:33","modified_gmt":"2025-10-21T11:35:33","slug":"carte-sim-mexique","status":"publish","type":"product","link":"https:\/\/airporttelecom.com\/fr\/carte-sim\/mexique\/","title":{"rendered":"Carte SIM Mexique"},"content":{"rendered":"","protected":false},"excerpt":{"rendered":"","protected":false},"featured_media":699,"comment_status":"open","ping_status":"closed","template":"","meta":{"_acf_changed":false},"product_brand":[],"product_cat":[17],"product_tag":[36,24],"class_list":{"0":"post-191","1":"product","2":"type-product","3":"status-publish","4":"has-post-thumbnail","6":"product_cat-carte-sim","7":"product_tag-carte-sim-amerique-centrale","8":"product_tag-carte-sim-amerique-du-nord","10":"first","11":"instock","12":"taxable","13":"shipping-taxable","14":"purchasable","15":"product-type-variable","16":"has-default-attributes"},"acf":{"gebied_afbeelding":875,"vlag_afbeelding":192,"provider":["ATT","LIN"],"product_synoniemen":null,"product_bestel_velden":["vertrekdatum"],"product_omschrijving":"<h2>Internet mobile au Mexique avec la carte SIM Mexique<\/h2>\r\nAvec les cartes SIM pr\u00e9pay\u00e9es Mexique d'Airport Telecom Schiphol, vous pouvez passer des appels illimit\u00e9s dans tout le Mexique et utiliser \u00e9galement l'Internet mobile. Vous pouvez choisir entre un forfait de donn\u00e9es de 5GB et un forfait de donn\u00e9es illimit\u00e9. Les deux cartes SIM fonctionnent au Mexique et aux \u00c9tats-Unis. Les forfaits sont parfaits pour l'utilisation d'Internet et vous permettent d'acc\u00e9der facilement \u00e0 la messagerie \u00e9lectronique, \u00e0 Whatsapp, \u00e0 la navigation et \u00e0 d'autres applications Internet.\r\n\r\nLes cartes SIM comprennent \u00e9galement les appels illimit\u00e9s au Mexique. Vous ne payez donc rien de plus pour les minutes d'appel au Mexique. Recevoir des appels est \u00e9galement gratuit au Mexique avec nos cartes SIM.\r\n<h2>Donn\u00e9es et appels au Mexique<\/h2>\r\nEn plus d'avoir acc\u00e8s \u00e0 5GB ou \u00e0 l'Internet mobile illimit\u00e9, vous pouvez \u00e9galement les utiliser pour passer des appels lorsque vous \u00eates en d\u00e9placement, par exemple vers des h\u00f4tels et des restaurants.\r\n<h2>Couverture avec une carte SIM pr\u00e9pay\u00e9e au Mexique<\/h2>\r\nLe Mexique est un pays immense avec une bonne couverture t\u00e9l\u00e9phonique dans les villes et les stations baln\u00e9aires r\u00e9put\u00e9es comme Playa del Carmen et Acapulco, mais aussi de nombreuses zones recul\u00e9es o\u00f9 il n'y a pas de tours de transmission. Dans et autour de Mexico, la couverture des t\u00e9l\u00e9phones portables est excellente. Ainsi, lorsque vous mangez des churros dans le Centro Hist\u00f3rico ou que vous regardez \u00ab L'Histoire du Mexique \u00bb au Palacio Nacional, vous pouvez naviguer ou partager des photos avec vos proches. \u00c0 la campagne et dans les montagnes, ce sera plus difficile. \u00c0 Canc\u00fan, avec ses plages de sable blanc et sa vie nocturne anim\u00e9e, l'Internet mobile est parfait, tout comme \u00e0 Zihuatanejo, Cozumel et dans de nombreux autres endroits connus et tr\u00e8s fr\u00e9quent\u00e9s.\r\n<h2>Carte SIM pour le Mexique et l'Am\u00e9rique<\/h2>\r\nComme indiqu\u00e9, la carte SIM 5GB et la carte SIM illimit\u00e9e fonctionnent \u00e0 la fois au Mexique et aux \u00c9tats-Unis. Ainsi, avec les cartes SIM, vous disposerez de 5GB ou d'un volume de donn\u00e9es illimit\u00e9, ainsi que d'appels illimit\u00e9s et vous pourrez recevoir des appels au Mexique et aux \u00c9tats-Unis. Id\u00e9al si vous visitez les deux pays.\r\n<h2><span lang=\"FR-FR\">Livraison gratuite \u00e0 domicile<\/span><\/h2>\r\nLa carte SIM <span data-contrast=\"\u00ab\">Mexique <\/span>peut \u00eatre livr\u00e9e gratuitement \u00e0 votre domicile en France, en Belgique, au Luxembourg et en Suisse. Si vous commandez un jour ouvrable avant 14 heures, nous exp\u00e9dions votre commande le jour m\u00eame par la poste. Normalement, la livraison a lieu dans un d\u00e9lai de deux ou trois jours ouvrables. Avez-vous besoin d\u2019une livraison plus rapide? Alors, choisissez l\u2019eSIM, qui vous sera envoy\u00e9e par e-mail.","product_specificaties":"<h2>Avantages de la carte SIM Mexique<\/h2>\r\n<ul>\r\n \t<li style=\"list-style-type: none;\">\r\n<ul>\r\n \t<li>La carte SIM Mexique est disponible dans toutes les tailles (mini, micro et nano) et s'adapte \u00e0 tous les t\u00e9l\u00e9phones.<\/li>\r\n \t<li>Avec les cartes SIM Mexique, vous pouvez \u00e9galement \u00eatre joint aux \u00c9tats-Unis avec ce num\u00e9ro.<\/li>\r\n<\/ul>\r\n<\/li>\r\n<\/ul>\r\n<h2>Donn\u00e9es et appels au Mexique<\/h2>\r\nIl existe deux variantes de la carte SIM Mexique:\r\n<h3>Sim 5GB de donn\u00e9es 49 \u20ac<\/h3>\r\n<ul>\r\n \t<li style=\"list-style-type: none;\">\r\n<ul>\r\n \t<li>incl. appels illimit\u00e9s vers les num\u00e9ros Mexiqains et am\u00e9ricains<\/li>\r\n \t<li>incl. appels illimit\u00e9s re\u00e7us au Mexique et aux \u00c9tats-Unis<\/li>\r\n \t<li>incl. 5GB de donn\u00e9es au Mexique et aux \u00c9tats-Unis<\/li>\r\n<\/ul>\r\n<\/li>\r\n<\/ul>\r\n.\r\n<h3>Sim donn\u00e9es illimit\u00e9s \u20ac 69,=<\/h3>\r\n<ul>\r\n \t<li style=\"list-style-type: none;\">\r\n<ul>\r\n \t<li>incl. appels illimit\u00e9s vers des num\u00e9ros Mexicains et am\u00e9ricains<\/li>\r\n \t<li>incl. appels illimit\u00e9s re\u00e7us au Mexique et aux \u00c9tats-Unis<\/li>\r\n \t<li>incl. donn\u00e9es illimit\u00e9es au Mexique et aux \u00c9tats-Unis<\/li>\r\n<\/ul>\r\n<\/li>\r\n<\/ul>\r\n.\r\n\r\nLes forfaits de donn\u00e9es sont valables pendant 30 jours apr\u00e8s l'activation.","product_handleiding":"&nbsp;\r\n<h2><span data-contrast=\"\u00ab\">Comment installer la carte SIM Mexique dans mon t\u00e9l\u00e9phone ?<\/span><\/h2>\r\n<span data-contrast=\"\u00ab\">Ouvrez le coulisseau sur le c\u00f4t\u00e9 du t\u00e9l\u00e9phone. Vous pouvez le faire avec la broche fournie avec le t\u00e9l\u00e9phone. Si vous ne l'avez pas, vous pouvez en fabriquer une en pliant un trombone. Les cartes SIM Airport Telecom sont \u00e9galement livr\u00e9es avec une broche suppl\u00e9mentaire.<\/span>\r\n\r\n<span data-contrast=\"\u00ab\">Retirez votre propre carte SIM et conservez-la en lieu s\u00fbr ! Ins\u00e9rez maintenant la nouvelle carte SIM. Il n'y a qu'une seule fa\u00e7on de proc\u00e9der. Il se peut que votre t\u00e9l\u00e9phone puisse contenir plus d'une carte SIM. Ins\u00e9rez la nouvelle carte SIM comme une carte suppl\u00e9mentaire.<\/span>\r\n\r\n<span data-contrast=\"\u00ab\">Repoussez maintenant la glissi\u00e8re de la carte SIM dans le t\u00e9l\u00e9phone. Si tout se passe bien, vous pouvez maintenant utiliser automatiquement la nouvelle carte SIM. Le t\u00e9l\u00e9phone peut vous demander de proc\u00e9der \u00e0 des r\u00e9glages suppl\u00e9mentaires.<\/span>\r\n\r\n&nbsp;","product_veelgestelde_vragen":[{"vraag":"Quelle carte SIM utiliser au Mexique ?","antwoord":"Pour un court s\u00e9jour de quelques jours, vous n'aurez probablement pas besoin d'autant de donn\u00e9es. Le forfait de donn\u00e9es de 5GB pour le Mexique peut alors suffire. Les applications telles que Whatsapp, Instagram et la navigation ne consomment pas beaucoup de donn\u00e9es. Si vous restez plus longtemps, il peut \u00eatre utile de choisir Illimit\u00e9 pour disposer de suffisamment de donn\u00e9es. La carte SIM Illimit\u00e9 offre \u00e9galement des appels illimit\u00e9s au Mexique."},{"vraag":"O\u00f9 acheter une carte SIM pour le Mexique ?","antwoord":"Achetez une carte SIM pour le Mexique aupr\u00e8s de Airport Telecom Schiphol. Vous pouvez la retirer dans la boutique. Ou commandez en ligne et la carte SIM sera livr\u00e9e gratuitement \u00e0 votre domicile."}]},"yoast_head":"<!-- This site is optimized with the Yoast SEO Premium plugin v24.4 (Yoast SEO v26.9) - https:\/\/yoast.com\/product\/yoast-seo-premium-wordpress\/ -->\n<title>Carte SIM Mexique achat d&#039;appels et d&#039;Internet pr\u00e9pay\u00e9s (illimit\u00e9s) - Airport Telecom FR<\/title>\n<meta name=\"description\" content=\"Recherche carte pr\u00e9pay\u00e9e Carte SIM Mexique pour les appels (illimit\u00e9s) et Internet ? Accessible de mani\u00e8re optimale lors de d\u00e9placements en Carte SIM Am\u00e9rique centrale, Carte SIM Am\u00e9rique du Nord. Maintenant en vente chez !\" \/>\n<meta name=\"robots\" content=\"index, follow, max-snippet:-1, max-image-preview:large, max-video-preview:-1\" \/>\n<link rel=\"canonical\" href=\"https:\/\/airporttelecom.com\/fr\/carte-sim\/mexique\/\" \/>\n<meta property=\"og:locale\" content=\"fr_FR\" \/>\n<meta property=\"og:type\" content=\"article\" \/>\n<meta property=\"og:title\" content=\"Carte SIM Mexique\" \/>\n<meta property=\"og:description\" content=\"Recherche carte pr\u00e9pay\u00e9e Carte SIM Mexique pour les appels (illimit\u00e9s) et Internet ? Accessible de mani\u00e8re optimale lors de d\u00e9placements en Carte SIM Am\u00e9rique centrale, Carte SIM Am\u00e9rique du Nord. Maintenant en vente chez !\" \/>\n<meta property=\"og:url\" content=\"https:\/\/airporttelecom.com\/fr\/carte-sim\/mexique\/\" \/>\n<meta property=\"og:site_name\" content=\"Airport Telecom FR\" \/>\n<meta property=\"article:modified_time\" content=\"2025-10-21T11:35:33+00:00\" \/>\n<meta property=\"og:image\" content=\"https:\/\/airporttelecom.com\/fr\/wp-content\/uploads\/sites\/5\/2024\/06\/Simkaart-Mexico.png?wsr\" \/>\n\t<meta property=\"og:image:width\" content=\"800\" \/>\n\t<meta property=\"og:image:height\" content=\"319\" \/>\n\t<meta property=\"og:image:type\" content=\"image\/png\" \/>\n<meta name=\"twitter:card\" content=\"summary_large_image\" \/>\n<meta name=\"twitter:label1\" content=\"Dur\u00e9e de lecture estim\u00e9e\" \/>\n\t<meta name=\"twitter:data1\" content=\"1 minute\" \/>\n<script type=\"application\/ld+json\" class=\"yoast-schema-graph\">{\"@context\":\"https:\/\/schema.org\",\"@graph\":[{\"@type\":\"WebPage\",\"@id\":\"https:\/\/airporttelecom.com\/fr\/carte-sim\/mexique\/\",\"url\":\"https:\/\/airporttelecom.com\/fr\/carte-sim\/mexique\/\",\"name\":\"Carte SIM Mexique achat d'appels et d'Internet pr\u00e9pay\u00e9s (illimit\u00e9s) - Airport Telecom FR\",\"isPartOf\":{\"@id\":\"https:\/\/airporttelecom.com\/fr\/#website\"},\"primaryImageOfPage\":{\"@id\":\"https:\/\/airporttelecom.com\/fr\/carte-sim\/mexique\/#primaryimage\"},\"image\":{\"@id\":\"https:\/\/airporttelecom.com\/fr\/carte-sim\/mexique\/#primaryimage\"},\"thumbnailUrl\":\"https:\/\/airporttelecom.com\/fr\/wp-content\/uploads\/sites\/5\/2024\/06\/Simkaart-Mexico.png\",\"datePublished\":\"2024-06-13T14:20:31+00:00\",\"dateModified\":\"2025-10-21T11:35:33+00:00\",\"description\":\"Recherche carte pr\u00e9pay\u00e9e Carte SIM Mexique pour les appels (illimit\u00e9s) et Internet ? Accessible de mani\u00e8re optimale lors de d\u00e9placements en Carte SIM Am\u00e9rique centrale, Carte SIM Am\u00e9rique du Nord. Maintenant en vente chez !\",\"breadcrumb\":{\"@id\":\"https:\/\/airporttelecom.com\/fr\/carte-sim\/mexique\/#breadcrumb\"},\"inLanguage\":\"fr-FR\",\"potentialAction\":[{\"@type\":\"ReadAction\",\"target\":[\"https:\/\/airporttelecom.com\/fr\/carte-sim\/mexique\/\"]}]},{\"@type\":\"ImageObject\",\"inLanguage\":\"fr-FR\",\"@id\":\"https:\/\/airporttelecom.com\/fr\/carte-sim\/mexique\/#primaryimage\",\"url\":\"https:\/\/airporttelecom.com\/fr\/wp-content\/uploads\/sites\/5\/2024\/06\/Simkaart-Mexico.png\",\"contentUrl\":\"https:\/\/airporttelecom.com\/fr\/wp-content\/uploads\/sites\/5\/2024\/06\/Simkaart-Mexico.png\",\"width\":800,\"height\":319,\"caption\":\"Carte Sim Mexique\"},{\"@type\":\"BreadcrumbList\",\"@id\":\"https:\/\/airporttelecom.com\/fr\/carte-sim\/mexique\/#breadcrumb\",\"itemListElement\":[{\"@type\":\"ListItem\",\"position\":1,\"name\":\"Home\",\"item\":\"https:\/\/airporttelecom.com\/fr\/\"},{\"@type\":\"ListItem\",\"position\":2,\"name\":\"Carte SIM\",\"item\":\"https:\/\/airporttelecom.com\/fr\/carte-sim\/\"},{\"@type\":\"ListItem\",\"position\":3,\"name\":\"Carte SIM Mexique\"}]},{\"@type\":\"WebSite\",\"@id\":\"https:\/\/airporttelecom.com\/fr\/#website\",\"url\":\"https:\/\/airporttelecom.com\/fr\/\",\"name\":\"Airport Telecom\",\"description\":\"\",\"publisher\":{\"@id\":\"https:\/\/airporttelecom.com\/fr\/#organization\"},\"potentialAction\":[{\"@type\":\"SearchAction\",\"target\":{\"@type\":\"EntryPoint\",\"urlTemplate\":\"https:\/\/airporttelecom.com\/fr\/?s={search_term_string}\"},\"query-input\":{\"@type\":\"PropertyValueSpecification\",\"valueRequired\":true,\"valueName\":\"search_term_string\"}}],\"inLanguage\":\"fr-FR\"},{\"@type\":\"Organization\",\"@id\":\"https:\/\/airporttelecom.com\/fr\/#organization\",\"name\":\"Airport Telecom\",\"url\":\"https:\/\/airporttelecom.com\/fr\/\",\"logo\":{\"@type\":\"ImageObject\",\"inLanguage\":\"fr-FR\",\"@id\":\"https:\/\/airporttelecom.com\/fr\/#\/schema\/logo\/image\/\",\"url\":\"https:\/\/airporttelecom.com\/fr\/wp-content\/uploads\/sites\/5\/2024\/06\/icon.png?wsr\",\"contentUrl\":\"https:\/\/airporttelecom.com\/fr\/wp-content\/uploads\/sites\/5\/2024\/06\/icon.png?wsr\",\"width\":110,\"height\":110,\"caption\":\"Airport Telecom\"},\"image\":{\"@id\":\"https:\/\/airporttelecom.com\/fr\/#\/schema\/logo\/image\/\"}}]}<\/script>\n<!-- \/ Yoast SEO Premium plugin. -->","yoast_head_json":{"title":"Carte SIM Mexique achat d'appels et d'Internet pr\u00e9pay\u00e9s (illimit\u00e9s) - Airport Telecom FR","description":"Recherche carte pr\u00e9pay\u00e9e Carte SIM Mexique pour les appels (illimit\u00e9s) et Internet ? Accessible de mani\u00e8re optimale lors de d\u00e9placements en Carte SIM Am\u00e9rique centrale, Carte SIM Am\u00e9rique du Nord. Maintenant en vente chez !","robots":{"index":"index","follow":"follow","max-snippet":"max-snippet:-1","max-image-preview":"max-image-preview:large","max-video-preview":"max-video-preview:-1"},"canonical":"https:\/\/airporttelecom.com\/fr\/carte-sim\/mexique\/","og_locale":"fr_FR","og_type":"article","og_title":"Carte SIM Mexique","og_description":"Recherche carte pr\u00e9pay\u00e9e Carte SIM Mexique pour les appels (illimit\u00e9s) et Internet ? Accessible de mani\u00e8re optimale lors de d\u00e9placements en Carte SIM Am\u00e9rique centrale, Carte SIM Am\u00e9rique du Nord. Maintenant en vente chez !","og_url":"https:\/\/airporttelecom.com\/fr\/carte-sim\/mexique\/","og_site_name":"Airport Telecom FR","article_modified_time":"2025-10-21T11:35:33+00:00","og_image":[{"width":800,"height":319,"url":"https:\/\/airporttelecom.com\/fr\/wp-content\/uploads\/sites\/5\/2024\/06\/Simkaart-Mexico.png?wsr","type":"image\/png"}],"twitter_card":"summary_large_image","twitter_misc":{"Dur\u00e9e de lecture estim\u00e9e":"1 minute"},"schema":{"@context":"https:\/\/schema.org","@graph":[{"@type":"WebPage","@id":"https:\/\/airporttelecom.com\/fr\/carte-sim\/mexique\/","url":"https:\/\/airporttelecom.com\/fr\/carte-sim\/mexique\/","name":"Carte SIM Mexique achat d'appels et d'Internet pr\u00e9pay\u00e9s (illimit\u00e9s) - Airport Telecom FR","isPartOf":{"@id":"https:\/\/airporttelecom.com\/fr\/#website"},"primaryImageOfPage":{"@id":"https:\/\/airporttelecom.com\/fr\/carte-sim\/mexique\/#primaryimage"},"image":{"@id":"https:\/\/airporttelecom.com\/fr\/carte-sim\/mexique\/#primaryimage"},"thumbnailUrl":"https:\/\/airporttelecom.com\/fr\/wp-content\/uploads\/sites\/5\/2024\/06\/Simkaart-Mexico.png","datePublished":"2024-06-13T14:20:31+00:00","dateModified":"2025-10-21T11:35:33+00:00","description":"Recherche carte pr\u00e9pay\u00e9e Carte SIM Mexique pour les appels (illimit\u00e9s) et Internet ? Accessible de mani\u00e8re optimale lors de d\u00e9placements en Carte SIM Am\u00e9rique centrale, Carte SIM Am\u00e9rique du Nord. Maintenant en vente chez !","breadcrumb":{"@id":"https:\/\/airporttelecom.com\/fr\/carte-sim\/mexique\/#breadcrumb"},"inLanguage":"fr-FR","potentialAction":[{"@type":"ReadAction","target":["https:\/\/airporttelecom.com\/fr\/carte-sim\/mexique\/"]}]},{"@type":"ImageObject","inLanguage":"fr-FR","@id":"https:\/\/airporttelecom.com\/fr\/carte-sim\/mexique\/#primaryimage","url":"https:\/\/airporttelecom.com\/fr\/wp-content\/uploads\/sites\/5\/2024\/06\/Simkaart-Mexico.png","contentUrl":"https:\/\/airporttelecom.com\/fr\/wp-content\/uploads\/sites\/5\/2024\/06\/Simkaart-Mexico.png","width":800,"height":319,"caption":"Carte Sim Mexique"},{"@type":"BreadcrumbList","@id":"https:\/\/airporttelecom.com\/fr\/carte-sim\/mexique\/#breadcrumb","itemListElement":[{"@type":"ListItem","position":1,"name":"Home","item":"https:\/\/airporttelecom.com\/fr\/"},{"@type":"ListItem","position":2,"name":"Carte SIM","item":"https:\/\/airporttelecom.com\/fr\/carte-sim\/"},{"@type":"ListItem","position":3,"name":"Carte SIM Mexique"}]},{"@type":"WebSite","@id":"https:\/\/airporttelecom.com\/fr\/#website","url":"https:\/\/airporttelecom.com\/fr\/","name":"Airport Telecom","description":"","publisher":{"@id":"https:\/\/airporttelecom.com\/fr\/#organization"},"potentialAction":[{"@type":"SearchAction","target":{"@type":"EntryPoint","urlTemplate":"https:\/\/airporttelecom.com\/fr\/?s={search_term_string}"},"query-input":{"@type":"PropertyValueSpecification","valueRequired":true,"valueName":"search_term_string"}}],"inLanguage":"fr-FR"},{"@type":"Organization","@id":"https:\/\/airporttelecom.com\/fr\/#organization","name":"Airport Telecom","url":"https:\/\/airporttelecom.com\/fr\/","logo":{"@type":"ImageObject","inLanguage":"fr-FR","@id":"https:\/\/airporttelecom.com\/fr\/#\/schema\/logo\/image\/","url":"https:\/\/airporttelecom.com\/fr\/wp-content\/uploads\/sites\/5\/2024\/06\/icon.png?wsr","contentUrl":"https:\/\/airporttelecom.com\/fr\/wp-content\/uploads\/sites\/5\/2024\/06\/icon.png?wsr","width":110,"height":110,"caption":"Airport Telecom"},"image":{"@id":"https:\/\/airporttelecom.com\/fr\/#\/schema\/logo\/image\/"}}]}},"_links":{"self":[{"href":"https:\/\/airporttelecom.com\/fr\/wp-json\/wp\/v2\/product\/191","targetHints":{"allow":["GET"]}}],"collection":[{"href":"https:\/\/airporttelecom.com\/fr\/wp-json\/wp\/v2\/product"}],"about":[{"href":"https:\/\/airporttelecom.com\/fr\/wp-json\/wp\/v2\/types\/product"}],"replies":[{"embeddable":true,"href":"https:\/\/airporttelecom.com\/fr\/wp-json\/wp\/v2\/comments?post=191"}],"wp:featuredmedia":[{"embeddable":true,"href":"https:\/\/airporttelecom.com\/fr\/wp-json\/wp\/v2\/media\/699"}],"wp:attachment":[{"href":"https:\/\/airporttelecom.com\/fr\/wp-json\/wp\/v2\/media?parent=191"}],"wp:term":[{"taxonomy":"product_brand","embeddable":true,"href":"https:\/\/airporttelecom.com\/fr\/wp-json\/wp\/v2\/product_brand?post=191"},{"taxonomy":"product_cat","embeddable":true,"href":"https:\/\/airporttelecom.com\/fr\/wp-json\/wp\/v2\/product_cat?post=191"},{"taxonomy":"product_tag","embeddable":true,"href":"https:\/\/airporttelecom.com\/fr\/wp-json\/wp\/v2\/product_tag?post=191"}],"curies":[{"name":"wp","href":"https:\/\/api.w.org\/{rel}","templated":true}]}}