{"id":207,"date":"2024-06-13T14:59:45","date_gmt":"2024-06-13T14:59:45","guid":{"rendered":"https:\/\/airporttelecom.outperforming.nl\/nl\/?post_type=product&#038;p=207"},"modified":"2025-09-29T11:29:57","modified_gmt":"2025-09-29T11:29:57","slug":"carte-sim-martinique","status":"publish","type":"product","link":"https:\/\/airporttelecom.com\/fr\/carte-sim\/martinique\/","title":{"rendered":"Carte SIM Martinique"},"content":{"rendered":"","protected":false},"excerpt":{"rendered":"","protected":false},"featured_media":1114,"comment_status":"open","ping_status":"closed","template":"","meta":{"_acf_changed":false},"product_brand":[],"product_cat":[17],"product_tag":[26],"class_list":{"0":"post-207","1":"product","2":"type-product","3":"status-publish","4":"has-post-thumbnail","6":"product_cat-carte-sim","7":"product_tag-carte-sim-antilles-caraibes","9":"first","10":"instock","11":"taxable","12":"shipping-taxable","13":"purchasable","14":"product-type-variable","15":"has-default-attributes"},"acf":{"gebied_afbeelding":952,"vlag_afbeelding":208,"provider":["THR"],"product_synoniemen":null,"product_bestel_velden":"","product_omschrijving":"<h2>Internet mobile en Martinique avec une carte SIM Martinique<\/h2>\r\nAvec une carte SIM pr\u00e9pay\u00e9e Martinique d'Airport Telecom, vous pouvez \u00eatre joint en Martinique sur un seul num\u00e9ro de t\u00e9l\u00e9phone. De plus, vous disposerez de 12GB ou 30GB de donn\u00e9es. Ces cartes sont donc id\u00e9ales pour utiliser Internet. Veuillez noter cependant que si vous pouvez recevoir des appels entrants en Martinique avec ces cartes SIM pr\u00e9pay\u00e9es, vous ne pouvez pas passer d'appels sortants normaux avec elles. Tous les appels pass\u00e9s via Internet tels que Whatsapp, Skype, Facetime, etc. sont bien s\u00fbr possibles. Apr\u00e8s tout, vous utilisez alors le forfait de donn\u00e9es de la carte SIM.\r\n<h2>Internet et appels en voyage en Martinique<\/h2>\r\nLe num\u00e9ro de t\u00e9l\u00e9phone de la carte SIM pr\u00e9pay\u00e9e sur laquelle vous serez joignable en Martinique vous sera envoy\u00e9 par SMS apr\u00e8s l'activation de la carte SIM. Il s'agit d'un num\u00e9ro anglais (+44). Nous avons choisi ce num\u00e9ro car la carte SIM en question offre un tr\u00e8s bon forfait de donn\u00e9es en Martinique et utilise les plus grands r\u00e9seaux mobiles. De plus, cette carte SIM ne n\u00e9cessite pas d'enregistrement de l'utilisateur.\r\n<h2>Whatsapp avec une carte SIM Martinique<\/h2>\r\nVous pouvez continuer \u00e0 utiliser Whatsapp avec vos contacts, groupes et chats existants. Apr\u00e8s avoir ins\u00e9r\u00e9 une carte SIM pr\u00e9pay\u00e9e, Whatsapp peut vous demander si vous souhaitez cr\u00e9er une nouvelle identit\u00e9 ou si tout doit rester tel quel. Si c'est le cas, choisissez la deuxi\u00e8me option et rien ne changera. Vous pouvez ensuite continuer \u00e0 envoyer des messages et \u00e0 passer des appels avec Whatsapp comme d'habitude.\r\n<h2><span data-contrast=\"\u00ab\">Couverture en Martinique<\/span><\/h2>\r\n<span data-contrast=\"\u00ab\">La couverture des r\u00e9seaux mobiles est g\u00e9n\u00e9ralement excellente en Martinique. C'est certainement le cas dans la capitale, Fort-de-France. Dans les zones naturelles tr\u00e8s recul\u00e9es, la couverture peut \u00eatre un peu moins bonne. Sinon, tous les villages et villes b\u00e9n\u00e9ficient d'une bonne couverture avec les cartes SIM martiniquaises.<\/span>\r\n<h2><span lang=\"FR-FR\">Livraison gratuite \u00e0 domicile<\/span><\/h2>\r\nLa carte SIM <span data-contrast=\"\u00ab\">Martinique <\/span>peut \u00eatre livr\u00e9e gratuitement \u00e0 votre domicile en France, en Belgique, au Luxembourg et en Suisse. Si vous commandez un jour ouvrable avant 14 heures, nous exp\u00e9dions votre commande le jour m\u00eame par la poste. Normalement, la livraison a lieu dans un d\u00e9lai de deux ou trois jours ouvrables. Avez-vous besoin d\u2019une livraison plus rapide? Alors, choisissez l\u2019eSIM, qui vous sera envoy\u00e9e par e-mail.","product_specificaties":"&nbsp;\r\n<h2>Avantages de la carte SIM Martinique<\/h2>\r\nPour \u00eatre joignable partout en Martinique sur un seul num\u00e9ro.\r\n12 ou 30GB de donn\u00e9es pour une utilisation Internet dans toute la Martinique.\r\nLa carte SIM Martinique est disponible dans toutes les tailles (mini, micro et nano).\r\nLa carte SIM Martinique fonctionne dans n'importe quel iPhone et autre smartphone. Seules la fonction hotspot et l'utilisation d'un MIFI ne sont pas prises en charge par l'op\u00e9rateur.\r\n<h2>Donn\u00e9es et appels en Martinique<\/h2>\r\nIl existe deux variantes :\r\n\r\n12GB, 36 \u20ac\r\n\r\n30GB, 57 \u20ac\r\n\r\nLes cartes SIM sont valables pendant 30 jours apr\u00e8s l'activation. L'activation se fait en ins\u00e9rant la carte SIM dans le t\u00e9l\u00e9phone et en allumant le t\u00e9l\u00e9phone.\r\n\r\n&nbsp;","product_handleiding":"&nbsp;\r\n<h2><span data-contrast=\"\u00ab\">Comment installer la carte SIM Martinique dans mon t\u00e9l\u00e9phone ?<\/span><\/h2>\r\n<span data-contrast=\"\u00ab\">Ouvrez le coulissant sur le c\u00f4t\u00e9 du t\u00e9l\u00e9phone. Vous pouvez le faire avec la goupille fournie avec le t\u00e9l\u00e9phone. Si vous ne l'avez pas, vous pouvez en fabriquer une en pliant un trombone. Les cartes SIM Airport Telecom sont \u00e9galement fournies avec une goupille suppl\u00e9mentaire.<\/span>\r\n\r\n<span data-contrast=\"\u00ab\">Retirez votre propre carte SIM et conservez-la en lieu s\u00fbr ! Ins\u00e9rez maintenant la nouvelle carte SIM. Il n'y a qu'une seule fa\u00e7on de le faire. Il se peut que votre t\u00e9l\u00e9phone puisse contenir plus d'une carte SIM. Ins\u00e9rez la nouvelle carte SIM en tant que carte suppl\u00e9mentaire.<\/span>\r\n\r\n<span data-contrast=\"\u00ab\">Repoussez maintenant la glissi\u00e8re de la carte SIM dans le t\u00e9l\u00e9phone. Si tout se passe bien, vous pouvez maintenant utiliser automatiquement la nouvelle carte SIM. Le t\u00e9l\u00e9phone peut vous demander de proc\u00e9der \u00e0 des r\u00e9glages suppl\u00e9mentaires.<\/span>\r\n\r\n&nbsp;","product_veelgestelde_vragen":[{"vraag":"Quelle carte SIM utiliser en Martinique ?","antwoord":"Pour un court s\u00e9jour de quelques jours, vous n'aurez probablement pas besoin d'autant de donn\u00e9es. Le forfait de donn\u00e9es de 3GB pour la Martinique peut alors suffire. Les applications comme Whatsapp, Instagram et la navigation ne consomment pas beaucoup de donn\u00e9es. Si vous restez plus longtemps, il peut \u00eatre utile d'opter pour 6GB afin de disposer de plus de donn\u00e9es.  "},{"vraag":"O\u00f9 acheter une carte SIM pour la Martinique ?","antwoord":"Achetez une carte SIM pour la Martinique \u00e0 Airport Telecom Schiphol. Vous pouvez la retirer dans le magasin. Ou commandez en ligne et la carte SIM sera livr\u00e9e gratuitement \u00e0 votre domicile."}]},"yoast_head":"<!-- This site is optimized with the Yoast SEO Premium plugin v24.4 (Yoast SEO v27.3) - https:\/\/yoast.com\/product\/yoast-seo-premium-wordpress\/ -->\n<title>Carte SIM Martinique achat d&#039;appels et d&#039;Internet pr\u00e9pay\u00e9s (illimit\u00e9s) - Airport Telecom FR<\/title>\n<meta name=\"description\" content=\"Recherche carte pr\u00e9pay\u00e9e Carte SIM Martinique pour les appels (illimit\u00e9s) et Internet ? Accessible de mani\u00e8re optimale lors de d\u00e9placements en Carte SIM Antilles &amp; Cara\u00efbes. Maintenant en vente chez !\" \/>\n<meta name=\"robots\" content=\"index, follow, max-snippet:-1, max-image-preview:large, max-video-preview:-1\" \/>\n<link rel=\"canonical\" href=\"https:\/\/airporttelecom.com\/fr\/carte-sim\/martinique\/\" \/>\n<meta property=\"og:locale\" content=\"fr_FR\" \/>\n<meta property=\"og:type\" content=\"article\" \/>\n<meta property=\"og:title\" content=\"Carte SIM Martinique\" \/>\n<meta property=\"og:description\" content=\"Recherche carte pr\u00e9pay\u00e9e Carte SIM Martinique pour les appels (illimit\u00e9s) et Internet ? Accessible de mani\u00e8re optimale lors de d\u00e9placements en Carte SIM Antilles &amp; Cara\u00efbes. Maintenant en vente chez !\" \/>\n<meta property=\"og:url\" content=\"https:\/\/airporttelecom.com\/fr\/carte-sim\/martinique\/\" \/>\n<meta property=\"og:site_name\" content=\"Airport Telecom FR\" \/>\n<meta property=\"article:modified_time\" content=\"2025-09-29T11:29:57+00:00\" \/>\n<meta property=\"og:image\" content=\"https:\/\/airporttelecom.com\/fr\/wp-content\/uploads\/sites\/5\/2024\/06\/Simkaart-Martinique.png?wsr\" \/>\n\t<meta property=\"og:image:width\" content=\"800\" \/>\n\t<meta property=\"og:image:height\" content=\"319\" \/>\n\t<meta property=\"og:image:type\" content=\"image\/png\" \/>\n<meta name=\"twitter:card\" content=\"summary_large_image\" \/>\n<meta name=\"twitter:label1\" content=\"Dur\u00e9e de lecture estim\u00e9e\" \/>\n\t<meta name=\"twitter:data1\" content=\"1 minute\" \/>\n<script type=\"application\/ld+json\" class=\"yoast-schema-graph\">{\"@context\":\"https:\\\/\\\/schema.org\",\"@graph\":[{\"@type\":\"WebPage\",\"@id\":\"https:\\\/\\\/airporttelecom.com\\\/fr\\\/carte-sim\\\/martinique\\\/\",\"url\":\"https:\\\/\\\/airporttelecom.com\\\/fr\\\/carte-sim\\\/martinique\\\/\",\"name\":\"Carte SIM Martinique achat d'appels et d'Internet pr\u00e9pay\u00e9s (illimit\u00e9s) - Airport Telecom FR\",\"isPartOf\":{\"@id\":\"https:\\\/\\\/airporttelecom.com\\\/fr\\\/#website\"},\"primaryImageOfPage\":{\"@id\":\"https:\\\/\\\/airporttelecom.com\\\/fr\\\/carte-sim\\\/martinique\\\/#primaryimage\"},\"image\":{\"@id\":\"https:\\\/\\\/airporttelecom.com\\\/fr\\\/carte-sim\\\/martinique\\\/#primaryimage\"},\"thumbnailUrl\":\"https:\\\/\\\/airporttelecom.com\\\/fr\\\/wp-content\\\/uploads\\\/sites\\\/5\\\/2024\\\/06\\\/Simkaart-Martinique.png\",\"datePublished\":\"2024-06-13T14:59:45+00:00\",\"dateModified\":\"2025-09-29T11:29:57+00:00\",\"description\":\"Recherche carte pr\u00e9pay\u00e9e Carte SIM Martinique pour les appels (illimit\u00e9s) et Internet ? Accessible de mani\u00e8re optimale lors de d\u00e9placements en Carte SIM Antilles &amp; Cara\u00efbes. Maintenant en vente chez !\",\"breadcrumb\":{\"@id\":\"https:\\\/\\\/airporttelecom.com\\\/fr\\\/carte-sim\\\/martinique\\\/#breadcrumb\"},\"inLanguage\":\"fr-FR\",\"potentialAction\":[{\"@type\":\"ReadAction\",\"target\":[\"https:\\\/\\\/airporttelecom.com\\\/fr\\\/carte-sim\\\/martinique\\\/\"]}]},{\"@type\":\"ImageObject\",\"inLanguage\":\"fr-FR\",\"@id\":\"https:\\\/\\\/airporttelecom.com\\\/fr\\\/carte-sim\\\/martinique\\\/#primaryimage\",\"url\":\"https:\\\/\\\/airporttelecom.com\\\/fr\\\/wp-content\\\/uploads\\\/sites\\\/5\\\/2024\\\/06\\\/Simkaart-Martinique.png\",\"contentUrl\":\"https:\\\/\\\/airporttelecom.com\\\/fr\\\/wp-content\\\/uploads\\\/sites\\\/5\\\/2024\\\/06\\\/Simkaart-Martinique.png\",\"width\":800,\"height\":319,\"caption\":\"Carte Sim Martinique\"},{\"@type\":\"BreadcrumbList\",\"@id\":\"https:\\\/\\\/airporttelecom.com\\\/fr\\\/carte-sim\\\/martinique\\\/#breadcrumb\",\"itemListElement\":[{\"@type\":\"ListItem\",\"position\":1,\"name\":\"Home\",\"item\":\"https:\\\/\\\/airporttelecom.com\\\/fr\\\/\"},{\"@type\":\"ListItem\",\"position\":2,\"name\":\"Carte SIM\",\"item\":\"https:\\\/\\\/airporttelecom.com\\\/fr\\\/carte-sim\\\/\"},{\"@type\":\"ListItem\",\"position\":3,\"name\":\"Carte SIM Martinique\"}]},{\"@type\":\"WebSite\",\"@id\":\"https:\\\/\\\/airporttelecom.com\\\/fr\\\/#website\",\"url\":\"https:\\\/\\\/airporttelecom.com\\\/fr\\\/\",\"name\":\"Airport Telecom\",\"description\":\"\",\"publisher\":{\"@id\":\"https:\\\/\\\/airporttelecom.com\\\/fr\\\/#organization\"},\"potentialAction\":[{\"@type\":\"SearchAction\",\"target\":{\"@type\":\"EntryPoint\",\"urlTemplate\":\"https:\\\/\\\/airporttelecom.com\\\/fr\\\/?s={search_term_string}\"},\"query-input\":{\"@type\":\"PropertyValueSpecification\",\"valueRequired\":true,\"valueName\":\"search_term_string\"}}],\"inLanguage\":\"fr-FR\"},{\"@type\":\"Organization\",\"@id\":\"https:\\\/\\\/airporttelecom.com\\\/fr\\\/#organization\",\"name\":\"Airport Telecom\",\"url\":\"https:\\\/\\\/airporttelecom.com\\\/fr\\\/\",\"logo\":{\"@type\":\"ImageObject\",\"inLanguage\":\"fr-FR\",\"@id\":\"https:\\\/\\\/airporttelecom.com\\\/fr\\\/#\\\/schema\\\/logo\\\/image\\\/\",\"url\":\"https:\\\/\\\/airporttelecom.com\\\/fr\\\/wp-content\\\/uploads\\\/sites\\\/5\\\/2024\\\/06\\\/icon.png?wsr\",\"contentUrl\":\"https:\\\/\\\/airporttelecom.com\\\/fr\\\/wp-content\\\/uploads\\\/sites\\\/5\\\/2024\\\/06\\\/icon.png?wsr\",\"width\":110,\"height\":110,\"caption\":\"Airport Telecom\"},\"image\":{\"@id\":\"https:\\\/\\\/airporttelecom.com\\\/fr\\\/#\\\/schema\\\/logo\\\/image\\\/\"}}]}<\/script>\n<!-- \/ Yoast SEO Premium plugin. -->","yoast_head_json":{"title":"Carte SIM Martinique achat d'appels et d'Internet pr\u00e9pay\u00e9s (illimit\u00e9s) - Airport Telecom FR","description":"Recherche carte pr\u00e9pay\u00e9e Carte SIM Martinique pour les appels (illimit\u00e9s) et Internet ? Accessible de mani\u00e8re optimale lors de d\u00e9placements en Carte SIM Antilles &amp; Cara\u00efbes. Maintenant en vente chez !","robots":{"index":"index","follow":"follow","max-snippet":"max-snippet:-1","max-image-preview":"max-image-preview:large","max-video-preview":"max-video-preview:-1"},"canonical":"https:\/\/airporttelecom.com\/fr\/carte-sim\/martinique\/","og_locale":"fr_FR","og_type":"article","og_title":"Carte SIM Martinique","og_description":"Recherche carte pr\u00e9pay\u00e9e Carte SIM Martinique pour les appels (illimit\u00e9s) et Internet ? Accessible de mani\u00e8re optimale lors de d\u00e9placements en Carte SIM Antilles &amp; Cara\u00efbes. Maintenant en vente chez !","og_url":"https:\/\/airporttelecom.com\/fr\/carte-sim\/martinique\/","og_site_name":"Airport Telecom FR","article_modified_time":"2025-09-29T11:29:57+00:00","og_image":[{"width":800,"height":319,"url":"https:\/\/airporttelecom.com\/fr\/wp-content\/uploads\/sites\/5\/2024\/06\/Simkaart-Martinique.png?wsr","type":"image\/png"}],"twitter_card":"summary_large_image","twitter_misc":{"Dur\u00e9e de lecture estim\u00e9e":"1 minute"},"schema":{"@context":"https:\/\/schema.org","@graph":[{"@type":"WebPage","@id":"https:\/\/airporttelecom.com\/fr\/carte-sim\/martinique\/","url":"https:\/\/airporttelecom.com\/fr\/carte-sim\/martinique\/","name":"Carte SIM Martinique achat d'appels et d'Internet pr\u00e9pay\u00e9s (illimit\u00e9s) - Airport Telecom FR","isPartOf":{"@id":"https:\/\/airporttelecom.com\/fr\/#website"},"primaryImageOfPage":{"@id":"https:\/\/airporttelecom.com\/fr\/carte-sim\/martinique\/#primaryimage"},"image":{"@id":"https:\/\/airporttelecom.com\/fr\/carte-sim\/martinique\/#primaryimage"},"thumbnailUrl":"https:\/\/airporttelecom.com\/fr\/wp-content\/uploads\/sites\/5\/2024\/06\/Simkaart-Martinique.png","datePublished":"2024-06-13T14:59:45+00:00","dateModified":"2025-09-29T11:29:57+00:00","description":"Recherche carte pr\u00e9pay\u00e9e Carte SIM Martinique pour les appels (illimit\u00e9s) et Internet ? Accessible de mani\u00e8re optimale lors de d\u00e9placements en Carte SIM Antilles &amp; Cara\u00efbes. Maintenant en vente chez !","breadcrumb":{"@id":"https:\/\/airporttelecom.com\/fr\/carte-sim\/martinique\/#breadcrumb"},"inLanguage":"fr-FR","potentialAction":[{"@type":"ReadAction","target":["https:\/\/airporttelecom.com\/fr\/carte-sim\/martinique\/"]}]},{"@type":"ImageObject","inLanguage":"fr-FR","@id":"https:\/\/airporttelecom.com\/fr\/carte-sim\/martinique\/#primaryimage","url":"https:\/\/airporttelecom.com\/fr\/wp-content\/uploads\/sites\/5\/2024\/06\/Simkaart-Martinique.png","contentUrl":"https:\/\/airporttelecom.com\/fr\/wp-content\/uploads\/sites\/5\/2024\/06\/Simkaart-Martinique.png","width":800,"height":319,"caption":"Carte Sim Martinique"},{"@type":"BreadcrumbList","@id":"https:\/\/airporttelecom.com\/fr\/carte-sim\/martinique\/#breadcrumb","itemListElement":[{"@type":"ListItem","position":1,"name":"Home","item":"https:\/\/airporttelecom.com\/fr\/"},{"@type":"ListItem","position":2,"name":"Carte SIM","item":"https:\/\/airporttelecom.com\/fr\/carte-sim\/"},{"@type":"ListItem","position":3,"name":"Carte SIM Martinique"}]},{"@type":"WebSite","@id":"https:\/\/airporttelecom.com\/fr\/#website","url":"https:\/\/airporttelecom.com\/fr\/","name":"Airport Telecom","description":"","publisher":{"@id":"https:\/\/airporttelecom.com\/fr\/#organization"},"potentialAction":[{"@type":"SearchAction","target":{"@type":"EntryPoint","urlTemplate":"https:\/\/airporttelecom.com\/fr\/?s={search_term_string}"},"query-input":{"@type":"PropertyValueSpecification","valueRequired":true,"valueName":"search_term_string"}}],"inLanguage":"fr-FR"},{"@type":"Organization","@id":"https:\/\/airporttelecom.com\/fr\/#organization","name":"Airport Telecom","url":"https:\/\/airporttelecom.com\/fr\/","logo":{"@type":"ImageObject","inLanguage":"fr-FR","@id":"https:\/\/airporttelecom.com\/fr\/#\/schema\/logo\/image\/","url":"https:\/\/airporttelecom.com\/fr\/wp-content\/uploads\/sites\/5\/2024\/06\/icon.png?wsr","contentUrl":"https:\/\/airporttelecom.com\/fr\/wp-content\/uploads\/sites\/5\/2024\/06\/icon.png?wsr","width":110,"height":110,"caption":"Airport Telecom"},"image":{"@id":"https:\/\/airporttelecom.com\/fr\/#\/schema\/logo\/image\/"}}]}},"_links":{"self":[{"href":"https:\/\/airporttelecom.com\/fr\/wp-json\/wp\/v2\/product\/207","targetHints":{"allow":["GET"]}}],"collection":[{"href":"https:\/\/airporttelecom.com\/fr\/wp-json\/wp\/v2\/product"}],"about":[{"href":"https:\/\/airporttelecom.com\/fr\/wp-json\/wp\/v2\/types\/product"}],"replies":[{"embeddable":true,"href":"https:\/\/airporttelecom.com\/fr\/wp-json\/wp\/v2\/comments?post=207"}],"wp:featuredmedia":[{"embeddable":true,"href":"https:\/\/airporttelecom.com\/fr\/wp-json\/wp\/v2\/media\/1114"}],"wp:attachment":[{"href":"https:\/\/airporttelecom.com\/fr\/wp-json\/wp\/v2\/media?parent=207"}],"wp:term":[{"taxonomy":"product_brand","embeddable":true,"href":"https:\/\/airporttelecom.com\/fr\/wp-json\/wp\/v2\/product_brand?post=207"},{"taxonomy":"product_cat","embeddable":true,"href":"https:\/\/airporttelecom.com\/fr\/wp-json\/wp\/v2\/product_cat?post=207"},{"taxonomy":"product_tag","embeddable":true,"href":"https:\/\/airporttelecom.com\/fr\/wp-json\/wp\/v2\/product_tag?post=207"}],"curies":[{"name":"wp","href":"https:\/\/api.w.org\/{rel}","templated":true}]}}