{"id":213,"date":"2024-06-13T15:11:24","date_gmt":"2024-06-13T15:11:24","guid":{"rendered":"https:\/\/airporttelecom.outperforming.nl\/nl\/?post_type=product&#038;p=213"},"modified":"2025-09-29T11:29:55","modified_gmt":"2025-09-29T11:29:55","slug":"carte-sim-chili","status":"publish","type":"product","link":"https:\/\/airporttelecom.com\/fr\/carte-sim\/chili\/","title":{"rendered":"Carte SIM Chili"},"content":{"rendered":"","protected":false},"excerpt":{"rendered":"","protected":false},"featured_media":667,"comment_status":"open","ping_status":"closed","template":"","meta":{"_acf_changed":false},"product_brand":[],"product_cat":[17],"product_tag":[25],"class_list":{"0":"post-213","1":"product","2":"type-product","3":"status-publish","4":"has-post-thumbnail","6":"product_cat-carte-sim","7":"product_tag-carte-sim-amerique-du-sud","9":"first","10":"instock","11":"taxable","12":"shipping-taxable","13":"purchasable","14":"product-type-variable","15":"has-default-attributes"},"acf":{"gebied_afbeelding":620,"vlag_afbeelding":214,"provider":["THR"],"product_synoniemen":null,"product_bestel_velden":"","product_omschrijving":"&nbsp;\r\n<h2>Couverture mobile au Chili avec une carte SIM Chili<\/h2>\r\nAvec une carte SIM pr\u00e9pay\u00e9e Chili d'Airport Telecom, vous pouvez \u00eatre joint dans tout le Chili avec un seul num\u00e9ro de t\u00e9l\u00e9phone. De plus, vous disposez de 12GB ou 30GB de donn\u00e9es. Ces cartes sont donc tr\u00e8s adapt\u00e9es \u00e0 une utilisation sur Internet. Attention cependant, car vous pouvez recevoir des appels entrants au Chili avec ces cartes SIM pr\u00e9pay\u00e9es, mais vous ne pouvez pas passer d'appels sortants normaux avec elles. Tous les appels pass\u00e9s via Internet tels que Whatsapp, Skype, Facetime, etc. sont bien s\u00fbr possibles. Apr\u00e8s tout, vous utilisez alors le forfait de donn\u00e9es de la carte SIM.\r\n<h2>Internet et appels en voyage au Chili<\/h2>\r\nLe num\u00e9ro de t\u00e9l\u00e9phone de la carte SIM pr\u00e9pay\u00e9e sur laquelle vous pouvez \u00eatre joint au Chili vous sera envoy\u00e9 par SMS apr\u00e8s l'activation de la carte SIM. Il s'agit d'un num\u00e9ro anglais (+44). Nous avons choisi ce num\u00e9ro car la carte SIM en question offre un tr\u00e8s bon forfait de donn\u00e9es au Chili et utilise les plus grands r\u00e9seaux mobiles chiliens. De plus, cette carte SIM ne n\u00e9cessite pas d'enregistrement de l'utilisateur au Chili.\r\n<h2>Whatsapp avec une carte SIM chilienne<\/h2>\r\nVous pouvez continuer \u00e0 utiliser Whatsapp avec vos contacts, groupes et chats existants. Apr\u00e8s avoir ins\u00e9r\u00e9 une carte SIM pr\u00e9pay\u00e9e, Whatsapp peut vous demander si vous souhaitez cr\u00e9er une nouvelle identit\u00e9 ou si tout doit rester tel quel. Si c'est le cas, choisissez la deuxi\u00e8me option et rien ne changera. Vous pourrez ensuite continuer \u00e0 envoyer des messages et \u00e0 passer des appels avec Whatsapp comme d'habitude.\r\n<h2>Couverture au Chili avec une carte SIM pr\u00e9pay\u00e9e<\/h2>\r\nLe Chili est un pays vaste et diversifi\u00e9 o\u00f9 les cartes SIM d'Airport Telecom offrent une forte couverture dans les endroits les plus populaires. C'est certainement le cas de Santiago avec son quartier anim\u00e9 de Barrio Bellavista et ses vues panoramiques depuis le Cerro San Crist\u00f3bal. Explorez la ville color\u00e9e de Valpara\u00edso et visitez La Sebastiana, la maison embl\u00e9matique de Pablo Neruda. Bien que vous puissiez admirer les impressionnantes plaines sal\u00e9es du Salar de Atacama et les geysers du Tatio dans le d\u00e9sert d'Atacama, la couverture peut varier car il s'agit de zones moins peupl\u00e9es. Il y a une bonne couverture Internet mobile sur l'\u00eele de Chilo\u00e9, avec ses charmants palafitos et sa beaut\u00e9 naturelle. \u00c0 Iquique et dans d'autres zones urbaines, vous aurez \u00e9galement une bonne couverture. Gardez \u00e0 l'esprit que les zones recul\u00e9es telles que la Cordill\u00e8re des Andes et le parc national de Lauca peuvent avoir une couverture moindre.\r\n<h2><span lang=\"FR-FR\">Livraison gratuite \u00e0 domicile<\/span><\/h2>\r\nLa carte SIM <span data-contrast=\"\u00ab\">Chili <\/span>peut \u00eatre livr\u00e9e gratuitement \u00e0 votre domicile en France, en Belgique, au Luxembourg et en Suisse. Si vous commandez un jour ouvrable avant 14 heures, nous exp\u00e9dions votre commande le jour m\u00eame par la poste. Normalement, la livraison a lieu dans un d\u00e9lai de deux ou trois jours ouvrables. Avez-vous besoin d\u2019une livraison plus rapide? Alors, choisissez l\u2019eSIM, qui vous sera envoy\u00e9e par e-mail.","product_specificaties":"&nbsp;\r\n<h2>Avantages de la carte SIM Chili<\/h2>\r\nJoignable dans tout le Chili avec un seul num\u00e9ro.\r\n12 ou 30GB de donn\u00e9es pour une utilisation Internet dans tout le Chili.\r\nLa carte SIM Chili est disponible dans toutes les tailles (mini, micro et nano).\r\nLa SIM Chili fonctionne dans n'importe quel iPhone et autre smartphone. Seules la fonction hotspot et l'utilisation d'un MIFI ne sont pas prises en charge par le fournisseur.\r\nDonn\u00e9es et appels au Chili\r\n\r\nIl existe deux variantes :\r\n\r\n12GB, 36 \u20ac\r\n\r\n30GB, 57 \u20ac\r\n\r\nLes cartes SIM sont valables pendant 30 jours apr\u00e8s l'activation. L'activation se fait en ins\u00e9rant la carte SIM dans le t\u00e9l\u00e9phone et en allumant le t\u00e9l\u00e9phone.\r\n\r\n&nbsp;","product_handleiding":"&nbsp;\r\n<h2><span data-contrast=\"\u00ab\">Comment installer la carte SIM Chili dans mon t\u00e9l\u00e9phone ?<\/span><\/h2>\r\n<span data-contrast=\"\u00ab\">Ouvrez le coulisseau sur le c\u00f4t\u00e9 du t\u00e9l\u00e9phone. Vous pouvez le faire avec la goupille fournie avec le t\u00e9l\u00e9phone. Si vous ne l'avez pas, vous pouvez en fabriquer une en pliant un trombone. Les cartes SIM Airport Telecom sont \u00e9galement livr\u00e9es avec une goupille suppl\u00e9mentaire.<\/span>\r\n\r\n<span data-contrast=\"\u00ab\">Retirez votre propre carte SIM et conservez-la en lieu s\u00fbr ! Ins\u00e9rez maintenant la nouvelle carte SIM. Il n'y a qu'une seule fa\u00e7on de proc\u00e9der. Il se peut que votre t\u00e9l\u00e9phone puisse contenir plus d'une carte SIM. Ins\u00e9rez la nouvelle carte SIM en tant que carte suppl\u00e9mentaire.<\/span>\r\n\r\n<span data-contrast=\"\u00ab\">Repoussez maintenant la glissi\u00e8re de la carte SIM dans le t\u00e9l\u00e9phone. Si tout se passe bien, vous pouvez maintenant utiliser automatiquement la nouvelle carte SIM. Le t\u00e9l\u00e9phone peut vous demander de proc\u00e9der \u00e0 des r\u00e9glages suppl\u00e9mentaires.<\/span>\r\n\r\n&nbsp;","product_veelgestelde_vragen":[{"vraag":"Quelle carte SIM utiliser au Chili ?","antwoord":"Pour un court s\u00e9jour de quelques jours, vous n'aurez probablement pas besoin d'autant de donn\u00e9es. Le forfait de 10GB de donn\u00e9es pour le Chili peut alors suffire. Les applications comme Whatsapp, Instagram et la navigation ne consomment pas beaucoup de donn\u00e9es. Si vous restez plus longtemps, il peut \u00eatre utile d'opter pour l'option Illimit\u00e9 afin de disposer \u00e0 coup s\u00fbr de suffisamment de donn\u00e9es. La carte SIM Illimit\u00e9 offre \u00e9galement des appels illimit\u00e9s au Chili."},{"vraag":"O\u00f9 acheter une carte SIM pour le Chili ?","antwoord":"Achetez une carte SIM pour le Chili aupr\u00e8s de Airport Telecom Schiphol. Vous pouvez la retirer dans la boutique. Ou commandez en ligne et la carte SIM sera livr\u00e9e gratuitement \u00e0 votre domicile."}]},"yoast_head":"<!-- This site is optimized with the Yoast SEO Premium plugin v24.4 (Yoast SEO v27.3) - https:\/\/yoast.com\/product\/yoast-seo-premium-wordpress\/ -->\n<title>Carte SIM Chili achat d&#039;appels et d&#039;Internet pr\u00e9pay\u00e9s (illimit\u00e9s) - Airport Telecom FR<\/title>\n<meta name=\"description\" content=\"Recherche carte pr\u00e9pay\u00e9e Carte SIM Chili pour les appels (illimit\u00e9s) et Internet ? Accessible de mani\u00e8re optimale lors de d\u00e9placements en Carte SIM Am\u00e9rique du Sud. Maintenant en vente chez !\" \/>\n<meta name=\"robots\" content=\"index, follow, max-snippet:-1, max-image-preview:large, max-video-preview:-1\" \/>\n<link rel=\"canonical\" href=\"https:\/\/airporttelecom.com\/fr\/carte-sim\/chili\/\" \/>\n<meta property=\"og:locale\" content=\"fr_FR\" \/>\n<meta property=\"og:type\" content=\"article\" \/>\n<meta property=\"og:title\" content=\"Carte SIM Chili\" \/>\n<meta property=\"og:description\" content=\"Recherche carte pr\u00e9pay\u00e9e Carte SIM Chili pour les appels (illimit\u00e9s) et Internet ? Accessible de mani\u00e8re optimale lors de d\u00e9placements en Carte SIM Am\u00e9rique du Sud. Maintenant en vente chez !\" \/>\n<meta property=\"og:url\" content=\"https:\/\/airporttelecom.com\/fr\/carte-sim\/chili\/\" \/>\n<meta property=\"og:site_name\" content=\"Airport Telecom FR\" \/>\n<meta property=\"article:modified_time\" content=\"2025-09-29T11:29:55+00:00\" \/>\n<meta property=\"og:image\" content=\"https:\/\/airporttelecom.com\/fr\/wp-content\/uploads\/sites\/5\/2024\/06\/Simkaart-Chili.png?wsr\" \/>\n\t<meta property=\"og:image:width\" content=\"800\" \/>\n\t<meta property=\"og:image:height\" content=\"318\" \/>\n\t<meta property=\"og:image:type\" content=\"image\/png\" \/>\n<meta name=\"twitter:card\" content=\"summary_large_image\" \/>\n<meta name=\"twitter:label1\" content=\"Dur\u00e9e de lecture estim\u00e9e\" \/>\n\t<meta name=\"twitter:data1\" content=\"1 minute\" \/>\n<script type=\"application\/ld+json\" class=\"yoast-schema-graph\">{\"@context\":\"https:\\\/\\\/schema.org\",\"@graph\":[{\"@type\":\"WebPage\",\"@id\":\"https:\\\/\\\/airporttelecom.com\\\/fr\\\/carte-sim\\\/chili\\\/\",\"url\":\"https:\\\/\\\/airporttelecom.com\\\/fr\\\/carte-sim\\\/chili\\\/\",\"name\":\"Carte SIM Chili achat d'appels et d'Internet pr\u00e9pay\u00e9s (illimit\u00e9s) - Airport Telecom FR\",\"isPartOf\":{\"@id\":\"https:\\\/\\\/airporttelecom.com\\\/fr\\\/#website\"},\"primaryImageOfPage\":{\"@id\":\"https:\\\/\\\/airporttelecom.com\\\/fr\\\/carte-sim\\\/chili\\\/#primaryimage\"},\"image\":{\"@id\":\"https:\\\/\\\/airporttelecom.com\\\/fr\\\/carte-sim\\\/chili\\\/#primaryimage\"},\"thumbnailUrl\":\"https:\\\/\\\/airporttelecom.com\\\/fr\\\/wp-content\\\/uploads\\\/sites\\\/5\\\/2024\\\/06\\\/Simkaart-Chili.png\",\"datePublished\":\"2024-06-13T15:11:24+00:00\",\"dateModified\":\"2025-09-29T11:29:55+00:00\",\"description\":\"Recherche carte pr\u00e9pay\u00e9e Carte SIM Chili pour les appels (illimit\u00e9s) et Internet ? Accessible de mani\u00e8re optimale lors de d\u00e9placements en Carte SIM Am\u00e9rique du Sud. Maintenant en vente chez !\",\"breadcrumb\":{\"@id\":\"https:\\\/\\\/airporttelecom.com\\\/fr\\\/carte-sim\\\/chili\\\/#breadcrumb\"},\"inLanguage\":\"fr-FR\",\"potentialAction\":[{\"@type\":\"ReadAction\",\"target\":[\"https:\\\/\\\/airporttelecom.com\\\/fr\\\/carte-sim\\\/chili\\\/\"]}]},{\"@type\":\"ImageObject\",\"inLanguage\":\"fr-FR\",\"@id\":\"https:\\\/\\\/airporttelecom.com\\\/fr\\\/carte-sim\\\/chili\\\/#primaryimage\",\"url\":\"https:\\\/\\\/airporttelecom.com\\\/fr\\\/wp-content\\\/uploads\\\/sites\\\/5\\\/2024\\\/06\\\/Simkaart-Chili.png\",\"contentUrl\":\"https:\\\/\\\/airporttelecom.com\\\/fr\\\/wp-content\\\/uploads\\\/sites\\\/5\\\/2024\\\/06\\\/Simkaart-Chili.png\",\"width\":800,\"height\":318,\"caption\":\"Carte SIM Chili\"},{\"@type\":\"BreadcrumbList\",\"@id\":\"https:\\\/\\\/airporttelecom.com\\\/fr\\\/carte-sim\\\/chili\\\/#breadcrumb\",\"itemListElement\":[{\"@type\":\"ListItem\",\"position\":1,\"name\":\"Home\",\"item\":\"https:\\\/\\\/airporttelecom.com\\\/fr\\\/\"},{\"@type\":\"ListItem\",\"position\":2,\"name\":\"Carte SIM\",\"item\":\"https:\\\/\\\/airporttelecom.com\\\/fr\\\/carte-sim\\\/\"},{\"@type\":\"ListItem\",\"position\":3,\"name\":\"Carte SIM Chili\"}]},{\"@type\":\"WebSite\",\"@id\":\"https:\\\/\\\/airporttelecom.com\\\/fr\\\/#website\",\"url\":\"https:\\\/\\\/airporttelecom.com\\\/fr\\\/\",\"name\":\"Airport Telecom\",\"description\":\"\",\"publisher\":{\"@id\":\"https:\\\/\\\/airporttelecom.com\\\/fr\\\/#organization\"},\"potentialAction\":[{\"@type\":\"SearchAction\",\"target\":{\"@type\":\"EntryPoint\",\"urlTemplate\":\"https:\\\/\\\/airporttelecom.com\\\/fr\\\/?s={search_term_string}\"},\"query-input\":{\"@type\":\"PropertyValueSpecification\",\"valueRequired\":true,\"valueName\":\"search_term_string\"}}],\"inLanguage\":\"fr-FR\"},{\"@type\":\"Organization\",\"@id\":\"https:\\\/\\\/airporttelecom.com\\\/fr\\\/#organization\",\"name\":\"Airport Telecom\",\"url\":\"https:\\\/\\\/airporttelecom.com\\\/fr\\\/\",\"logo\":{\"@type\":\"ImageObject\",\"inLanguage\":\"fr-FR\",\"@id\":\"https:\\\/\\\/airporttelecom.com\\\/fr\\\/#\\\/schema\\\/logo\\\/image\\\/\",\"url\":\"https:\\\/\\\/airporttelecom.com\\\/fr\\\/wp-content\\\/uploads\\\/sites\\\/5\\\/2024\\\/06\\\/icon.png?wsr\",\"contentUrl\":\"https:\\\/\\\/airporttelecom.com\\\/fr\\\/wp-content\\\/uploads\\\/sites\\\/5\\\/2024\\\/06\\\/icon.png?wsr\",\"width\":110,\"height\":110,\"caption\":\"Airport Telecom\"},\"image\":{\"@id\":\"https:\\\/\\\/airporttelecom.com\\\/fr\\\/#\\\/schema\\\/logo\\\/image\\\/\"}}]}<\/script>\n<!-- \/ Yoast SEO Premium plugin. -->","yoast_head_json":{"title":"Carte SIM Chili achat d'appels et d'Internet pr\u00e9pay\u00e9s (illimit\u00e9s) - Airport Telecom FR","description":"Recherche carte pr\u00e9pay\u00e9e Carte SIM Chili pour les appels (illimit\u00e9s) et Internet ? Accessible de mani\u00e8re optimale lors de d\u00e9placements en Carte SIM Am\u00e9rique du Sud. Maintenant en vente chez !","robots":{"index":"index","follow":"follow","max-snippet":"max-snippet:-1","max-image-preview":"max-image-preview:large","max-video-preview":"max-video-preview:-1"},"canonical":"https:\/\/airporttelecom.com\/fr\/carte-sim\/chili\/","og_locale":"fr_FR","og_type":"article","og_title":"Carte SIM Chili","og_description":"Recherche carte pr\u00e9pay\u00e9e Carte SIM Chili pour les appels (illimit\u00e9s) et Internet ? Accessible de mani\u00e8re optimale lors de d\u00e9placements en Carte SIM Am\u00e9rique du Sud. Maintenant en vente chez !","og_url":"https:\/\/airporttelecom.com\/fr\/carte-sim\/chili\/","og_site_name":"Airport Telecom FR","article_modified_time":"2025-09-29T11:29:55+00:00","og_image":[{"width":800,"height":318,"url":"https:\/\/airporttelecom.com\/fr\/wp-content\/uploads\/sites\/5\/2024\/06\/Simkaart-Chili.png?wsr","type":"image\/png"}],"twitter_card":"summary_large_image","twitter_misc":{"Dur\u00e9e de lecture estim\u00e9e":"1 minute"},"schema":{"@context":"https:\/\/schema.org","@graph":[{"@type":"WebPage","@id":"https:\/\/airporttelecom.com\/fr\/carte-sim\/chili\/","url":"https:\/\/airporttelecom.com\/fr\/carte-sim\/chili\/","name":"Carte SIM Chili achat d'appels et d'Internet pr\u00e9pay\u00e9s (illimit\u00e9s) - Airport Telecom FR","isPartOf":{"@id":"https:\/\/airporttelecom.com\/fr\/#website"},"primaryImageOfPage":{"@id":"https:\/\/airporttelecom.com\/fr\/carte-sim\/chili\/#primaryimage"},"image":{"@id":"https:\/\/airporttelecom.com\/fr\/carte-sim\/chili\/#primaryimage"},"thumbnailUrl":"https:\/\/airporttelecom.com\/fr\/wp-content\/uploads\/sites\/5\/2024\/06\/Simkaart-Chili.png","datePublished":"2024-06-13T15:11:24+00:00","dateModified":"2025-09-29T11:29:55+00:00","description":"Recherche carte pr\u00e9pay\u00e9e Carte SIM Chili pour les appels (illimit\u00e9s) et Internet ? Accessible de mani\u00e8re optimale lors de d\u00e9placements en Carte SIM Am\u00e9rique du Sud. Maintenant en vente chez !","breadcrumb":{"@id":"https:\/\/airporttelecom.com\/fr\/carte-sim\/chili\/#breadcrumb"},"inLanguage":"fr-FR","potentialAction":[{"@type":"ReadAction","target":["https:\/\/airporttelecom.com\/fr\/carte-sim\/chili\/"]}]},{"@type":"ImageObject","inLanguage":"fr-FR","@id":"https:\/\/airporttelecom.com\/fr\/carte-sim\/chili\/#primaryimage","url":"https:\/\/airporttelecom.com\/fr\/wp-content\/uploads\/sites\/5\/2024\/06\/Simkaart-Chili.png","contentUrl":"https:\/\/airporttelecom.com\/fr\/wp-content\/uploads\/sites\/5\/2024\/06\/Simkaart-Chili.png","width":800,"height":318,"caption":"Carte SIM Chili"},{"@type":"BreadcrumbList","@id":"https:\/\/airporttelecom.com\/fr\/carte-sim\/chili\/#breadcrumb","itemListElement":[{"@type":"ListItem","position":1,"name":"Home","item":"https:\/\/airporttelecom.com\/fr\/"},{"@type":"ListItem","position":2,"name":"Carte SIM","item":"https:\/\/airporttelecom.com\/fr\/carte-sim\/"},{"@type":"ListItem","position":3,"name":"Carte SIM Chili"}]},{"@type":"WebSite","@id":"https:\/\/airporttelecom.com\/fr\/#website","url":"https:\/\/airporttelecom.com\/fr\/","name":"Airport Telecom","description":"","publisher":{"@id":"https:\/\/airporttelecom.com\/fr\/#organization"},"potentialAction":[{"@type":"SearchAction","target":{"@type":"EntryPoint","urlTemplate":"https:\/\/airporttelecom.com\/fr\/?s={search_term_string}"},"query-input":{"@type":"PropertyValueSpecification","valueRequired":true,"valueName":"search_term_string"}}],"inLanguage":"fr-FR"},{"@type":"Organization","@id":"https:\/\/airporttelecom.com\/fr\/#organization","name":"Airport Telecom","url":"https:\/\/airporttelecom.com\/fr\/","logo":{"@type":"ImageObject","inLanguage":"fr-FR","@id":"https:\/\/airporttelecom.com\/fr\/#\/schema\/logo\/image\/","url":"https:\/\/airporttelecom.com\/fr\/wp-content\/uploads\/sites\/5\/2024\/06\/icon.png?wsr","contentUrl":"https:\/\/airporttelecom.com\/fr\/wp-content\/uploads\/sites\/5\/2024\/06\/icon.png?wsr","width":110,"height":110,"caption":"Airport Telecom"},"image":{"@id":"https:\/\/airporttelecom.com\/fr\/#\/schema\/logo\/image\/"}}]}},"_links":{"self":[{"href":"https:\/\/airporttelecom.com\/fr\/wp-json\/wp\/v2\/product\/213","targetHints":{"allow":["GET"]}}],"collection":[{"href":"https:\/\/airporttelecom.com\/fr\/wp-json\/wp\/v2\/product"}],"about":[{"href":"https:\/\/airporttelecom.com\/fr\/wp-json\/wp\/v2\/types\/product"}],"replies":[{"embeddable":true,"href":"https:\/\/airporttelecom.com\/fr\/wp-json\/wp\/v2\/comments?post=213"}],"wp:featuredmedia":[{"embeddable":true,"href":"https:\/\/airporttelecom.com\/fr\/wp-json\/wp\/v2\/media\/667"}],"wp:attachment":[{"href":"https:\/\/airporttelecom.com\/fr\/wp-json\/wp\/v2\/media?parent=213"}],"wp:term":[{"taxonomy":"product_brand","embeddable":true,"href":"https:\/\/airporttelecom.com\/fr\/wp-json\/wp\/v2\/product_brand?post=213"},{"taxonomy":"product_cat","embeddable":true,"href":"https:\/\/airporttelecom.com\/fr\/wp-json\/wp\/v2\/product_cat?post=213"},{"taxonomy":"product_tag","embeddable":true,"href":"https:\/\/airporttelecom.com\/fr\/wp-json\/wp\/v2\/product_tag?post=213"}],"curies":[{"name":"wp","href":"https:\/\/api.w.org\/{rel}","templated":true}]}}