{"id":2155,"date":"2024-12-20T11:01:11","date_gmt":"2024-12-20T11:01:11","guid":{"rendered":"https:\/\/airporttelecom.outperforming.nl\/nl\/?post_type=product&#038;p=2155"},"modified":"2025-11-12T10:27:14","modified_gmt":"2025-11-12T10:27:14","slug":"esim-saint-vincent-et-les-grenadines","status":"publish","type":"product","link":"https:\/\/airporttelecom.com\/fr\/esim\/saint-vincent-et-les-grenadines\/","title":{"rendered":"eSIM Saint-Vincent-et-les-Grenadines"},"content":{"rendered":"","protected":false},"excerpt":{"rendered":"","protected":false},"featured_media":1126,"comment_status":"open","ping_status":"closed","template":"","meta":{"_acf_changed":false},"product_brand":[],"product_cat":[16],"product_tag":[41],"class_list":{"0":"post-2155","1":"product","2":"type-product","3":"status-publish","4":"has-post-thumbnail","6":"product_cat-esim","7":"product_tag-esim-antilles-caraibes","9":"first","10":"instock","11":"taxable","12":"shipping-taxable","13":"purchasable","14":"product-type-variable","15":"has-default-attributes"},"acf":{"gebied_afbeelding":962,"vlag_afbeelding":963,"provider":[],"product_synoniemen":null,"product_bestel_velden":"","product_omschrijving":"<h2>Internet mobile avec une eSim pour Saint-Vincent-et-les-Grenadines<\/h2>\r\nAvec l'eSim pr\u00e9pay\u00e9e d'Airport Telecom pour Saint-Vincent-et-les-Grenadines, vous pouvez utiliser l'Internet mobile dans tout le pays. Vous avez le choix entre diff\u00e9rents forfaits de donn\u00e9es et d'appels. Ces forfaits sont parfaits pour l'utilisation d'Internet et vous donnent acc\u00e8s \u00e0 la messagerie \u00e9lectronique, \u00e0 Whatsapp, \u00e0 la navigation et \u00e0 d'autres applications Internet via une connexion 4G\/5G rapide.\r\n<h2><span data-contrast=\"none\">Donn\u00e9es et appels lors d'un voyage \u00e0 Saint-Vincent-et-les-Grenadines<\/span><\/h2>\r\nL'eSIM pour Saint-Vincent-et-les-Grenadines est disponible avec un forfait de donn\u00e9es de 3GB, 6GB et 12GB.\r\n<h2>Whatsapp avec eSim Saint-Vincent-et-les-Grenadines<\/h2>\r\nTous les appels passant par Internet, comme ceux effectu\u00e9s avec Whatsapp, Skype et FaceTime, sont bien s\u00fbr \u00e9galement possibles avec l'eSim pour Saint-Vincent-et-les-Grenadines. Vous utiliserez alors le forfait de donn\u00e9es de l'eSim. Vous pouvez toujours continuer \u00e0 utiliser Whatsapp avec vos propres contacts, groupes et chats existants. Apr\u00e8s avoir install\u00e9 une eSim pr\u00e9pay\u00e9e, Whatsapp peut vous demander si vous souhaitez cr\u00e9er une nouvelle identit\u00e9 ou si tout doit rester tel quel. Dans ce cas, choisissez la deuxi\u00e8me option et rien ne changera. Vous pourrez alors continuer \u00e0 envoyer des messages et \u00e0 passer des appels avec Whatsapp comme d'habitude.\r\n<h2><span data-contrast=\"none\">Couverture sur Saint-Vincent-et-les-Grenadines<\/span><\/h2>\r\n<span data-contrast=\"auto\">La couverture des r\u00e9seaux mobiles est g\u00e9n\u00e9ralement excellente \u00e0 la Saint-Vincent-et-les-Grenadines. C'est certainement le cas dans la capitale Kingstown. Dans les zones naturelles tr\u00e8s \u00e9loign\u00e9es, la couverture peut \u00eatre un peu moins bonne. Sinon, tous les villages et villes b\u00e9n\u00e9ficient d'une bonne couverture avec la eSim pour la Saint-Vincent-et-les-Grenadines.<\/span>\r\n<h2>Recevez l'eSIM Saint-Vincent-et-les-Grenadines par e-mail<\/h2>\r\nVous recevrez l'eSIM Saint-Vincent-et-les-Grenadines par e-mail. C'est tr\u00e8s rapide et cela peut se faire m\u00eame si vous \u00eates d\u00e9j\u00e0 \u00e0 Saint-Vincent-et-les-Grenadines ou si vous partez \u00e0 tr\u00e8s court terme.\r\n\r\n&nbsp;","product_specificaties":"<h2>Avantages <span class=\"\u00ab\" lang=\"\u00ab\" xml:lang=\"\u00ab\" data-contrast=\"\u00ab\"><span class=\"\u00ab\">eSIM <\/span><\/span>Saint-Vincent-et-les-Grenadines<\/h2>\r\n<span data-contrast=\"\u00ab\">L'eSIM Saint-Vincent-et-les-Grenadines est compatible avec le tethering et peut donc \u00e9galement \u00eatre utilis\u00e9e pour les hotspots et les MIFI.<\/span>\r\n\r\n<span data-contrast=\"\u00ab\">L'eSIM pour Saint-Vincent-et-les-Grenadines vous sera envoy\u00e9e par e-mail. Il s'agit d'un code QR qui doit \u00eatre scann\u00e9 avec le t\u00e9l\u00e9phone. Vous pouvez le faire m\u00eame si vous \u00eates d\u00e9j\u00e0 \u00e0 Saint-Vincent-et-les-Grenadines ou si vous partez \u00e0 tr\u00e8s court terme.<\/span>\r\n\r\n<span data-contrast=\"\u00ab\">L'avantage de la variante eSIM est que vous pouvez faire transiter votre trafic de donn\u00e9es \u00e0 Saint-Vincent-et-les-Grenadines par le forfait de donn\u00e9es pr\u00e9pay\u00e9 tout en restant joignable sur votre propre num\u00e9ro de t\u00e9l\u00e9phone portable l\u00e0-bas.<\/span>\r\n\r\n<span data-contrast=\"\u00ab\">L'eSIM ne peut \u00eatre utilis\u00e9e que dans les t\u00e9l\u00e9phones qui s'y pr\u00eatent. V\u00e9rifiez bien cela avant de choisir l'eSIM. L'eSIM peut de toute fa\u00e7on \u00eatre utilis\u00e9e dans les iPhone XS, XS Max, XR, iPhone 11 et sup\u00e9rieurs.<\/span>\r\n<h2>Donn\u00e9es et appels \u00e0 Saint-Vincent-et-les-Grenadines<\/h2>\r\nIl existe trois variantes de cette eSIM :\r\n<h3><span data-contrast=\"\u00ab\">3GB de donn\u00e9es <\/span><span data-contrast=\"\u00ab\">\u20ac29,=<\/span><\/h3>\r\n<span data-contrast=\"\u00ab\">Inclut 3GB de donn\u00e9es<\/span>\r\n<h3><span data-contrast=\"\u00ab\">6GB de donn\u00e9es <\/span><span data-contrast=\"\u00ab\">\u20ac49,=<\/span><\/h3>\r\n<span data-contrast=\"\u00ab\">Inclut 6GB de donn\u00e9es<\/span>\r\n<h3><span data-contrast=\"\u00ab\">12GB de donn\u00e9es <\/span><span data-contrast=\"\u00ab\">\u20ac89,=<\/span><\/h3>\r\n<span data-contrast=\"\u00ab\">Inclut 12GB de donn\u00e9es<\/span>\r\n\r\nLes forfaits de donn\u00e9es sont valables pendant 30 jours apr\u00e8s l'activation.\r\n\r\n&nbsp;","product_handleiding":"","product_veelgestelde_vragen":[{"vraag":"Quelle eSim utiliser \u00e0 Saint-Vincent-et-les-Grenadines?","antwoord":"Pour un court s\u00e9jour de quelques jours, vous n'aurez probablement pas besoin d'autant de donn\u00e9es. Le forfait de donn\u00e9es de 3GB pour Saint-Vincent-et-les-Grenadines peut alors suffire. Les applications telles que Whatsapp, Instagram et la navigation ne consomment pas beaucoup de donn\u00e9es. Si vous restez plus longtemps, il peut \u00eatre utile d'opter pour 12GB afin de disposer de suffisamment de donn\u00e9es."},{"vraag":"O\u00f9 acheter une eSim pour Saint-Vincent-et-les-Grenadines?","antwoord":"Vous pouvez acheter une eSIM pour Saint-Vincent-et-les-Grenadines en ligne aupr\u00e8s d'Airport Telecom. Vous recevrez l'eSIM par courriel. Il s'agit d'un code QR qui doit \u00eatre scann\u00e9 avec votre t\u00e9l\u00e9phone. Vous pouvez le faire m\u00eame si vous \u00eates d\u00e9j\u00e0 \u00e0 Saint-Vincent-et-les-Grenadines ou si vous partez \u00e0 tr\u00e8s court terme."}]},"yoast_head":"<!-- This site is optimized with the Yoast SEO Premium plugin v24.4 (Yoast SEO v26.9) - https:\/\/yoast.com\/product\/yoast-seo-premium-wordpress\/ -->\n<title>eSIM Saint-Vincent-et-les-Grenadines achat d&#039;appels et d&#039;Internet pr\u00e9pay\u00e9s (illimit\u00e9s) - Airport Telecom FR<\/title>\n<meta name=\"description\" content=\"Recherche carte pr\u00e9pay\u00e9e eSIM Saint-Vincent-et-les-Grenadines pour les appels (illimit\u00e9s) et Internet ? Accessible de mani\u00e8re optimale lors de d\u00e9placements en eSIM Antilles &amp; Cara\u00efbes. Maintenant en vente chez !\" \/>\n<meta name=\"robots\" content=\"index, follow, max-snippet:-1, max-image-preview:large, max-video-preview:-1\" \/>\n<link rel=\"canonical\" href=\"https:\/\/airporttelecom.com\/fr\/esim\/saint-vincent-et-les-grenadines\/\" \/>\n<meta property=\"og:locale\" content=\"fr_FR\" \/>\n<meta property=\"og:type\" content=\"article\" \/>\n<meta property=\"og:title\" content=\"eSIM Saint-Vincent-et-les-Grenadines\" \/>\n<meta property=\"og:description\" content=\"Recherche carte pr\u00e9pay\u00e9e eSIM Saint-Vincent-et-les-Grenadines pour les appels (illimit\u00e9s) et Internet ? Accessible de mani\u00e8re optimale lors de d\u00e9placements en eSIM Antilles &amp; Cara\u00efbes. Maintenant en vente chez !\" \/>\n<meta property=\"og:url\" content=\"https:\/\/airporttelecom.com\/fr\/esim\/saint-vincent-et-les-grenadines\/\" \/>\n<meta property=\"og:site_name\" content=\"Airport Telecom FR\" \/>\n<meta property=\"article:modified_time\" content=\"2025-11-12T10:27:14+00:00\" \/>\n<meta property=\"og:image\" content=\"https:\/\/airporttelecom.com\/fr\/wp-content\/uploads\/sites\/5\/2024\/07\/Simkaart-Saint-Vincent-and-the-Grenadines.png?wsr\" \/>\n\t<meta property=\"og:image:width\" content=\"800\" \/>\n\t<meta property=\"og:image:height\" content=\"319\" \/>\n\t<meta property=\"og:image:type\" content=\"image\/png\" \/>\n<meta name=\"twitter:card\" content=\"summary_large_image\" \/>\n<meta name=\"twitter:label1\" content=\"Dur\u00e9e de lecture estim\u00e9e\" \/>\n\t<meta name=\"twitter:data1\" content=\"1 minute\" \/>\n<script type=\"application\/ld+json\" class=\"yoast-schema-graph\">{\"@context\":\"https:\/\/schema.org\",\"@graph\":[{\"@type\":\"WebPage\",\"@id\":\"https:\/\/airporttelecom.com\/fr\/esim\/saint-vincent-et-les-grenadines\/\",\"url\":\"https:\/\/airporttelecom.com\/fr\/esim\/saint-vincent-et-les-grenadines\/\",\"name\":\"eSIM Saint-Vincent-et-les-Grenadines achat d'appels et d'Internet pr\u00e9pay\u00e9s (illimit\u00e9s) - Airport Telecom FR\",\"isPartOf\":{\"@id\":\"https:\/\/airporttelecom.com\/fr\/#website\"},\"primaryImageOfPage\":{\"@id\":\"https:\/\/airporttelecom.com\/fr\/esim\/saint-vincent-et-les-grenadines\/#primaryimage\"},\"image\":{\"@id\":\"https:\/\/airporttelecom.com\/fr\/esim\/saint-vincent-et-les-grenadines\/#primaryimage\"},\"thumbnailUrl\":\"https:\/\/airporttelecom.com\/fr\/wp-content\/uploads\/sites\/5\/2024\/07\/Simkaart-Saint-Vincent-and-the-Grenadines.png\",\"datePublished\":\"2024-12-20T11:01:11+00:00\",\"dateModified\":\"2025-11-12T10:27:14+00:00\",\"description\":\"Recherche carte pr\u00e9pay\u00e9e eSIM Saint-Vincent-et-les-Grenadines pour les appels (illimit\u00e9s) et Internet ? Accessible de mani\u00e8re optimale lors de d\u00e9placements en eSIM Antilles &amp; Cara\u00efbes. Maintenant en vente chez !\",\"breadcrumb\":{\"@id\":\"https:\/\/airporttelecom.com\/fr\/esim\/saint-vincent-et-les-grenadines\/#breadcrumb\"},\"inLanguage\":\"fr-FR\",\"potentialAction\":[{\"@type\":\"ReadAction\",\"target\":[\"https:\/\/airporttelecom.com\/fr\/esim\/saint-vincent-et-les-grenadines\/\"]}]},{\"@type\":\"ImageObject\",\"inLanguage\":\"fr-FR\",\"@id\":\"https:\/\/airporttelecom.com\/fr\/esim\/saint-vincent-et-les-grenadines\/#primaryimage\",\"url\":\"https:\/\/airporttelecom.com\/fr\/wp-content\/uploads\/sites\/5\/2024\/07\/Simkaart-Saint-Vincent-and-the-Grenadines.png\",\"contentUrl\":\"https:\/\/airporttelecom.com\/fr\/wp-content\/uploads\/sites\/5\/2024\/07\/Simkaart-Saint-Vincent-and-the-Grenadines.png\",\"width\":800,\"height\":319,\"caption\":\"Simkaart Saint Vincent and the Grenadines\"},{\"@type\":\"BreadcrumbList\",\"@id\":\"https:\/\/airporttelecom.com\/fr\/esim\/saint-vincent-et-les-grenadines\/#breadcrumb\",\"itemListElement\":[{\"@type\":\"ListItem\",\"position\":1,\"name\":\"Home\",\"item\":\"https:\/\/airporttelecom.com\/fr\/\"},{\"@type\":\"ListItem\",\"position\":2,\"name\":\"eSIM\",\"item\":\"https:\/\/airporttelecom.com\/fr\/esim\/\"},{\"@type\":\"ListItem\",\"position\":3,\"name\":\"Saint-Vincent-et-les-Grenadines\"}]},{\"@type\":\"WebSite\",\"@id\":\"https:\/\/airporttelecom.com\/fr\/#website\",\"url\":\"https:\/\/airporttelecom.com\/fr\/\",\"name\":\"Airport Telecom\",\"description\":\"\",\"publisher\":{\"@id\":\"https:\/\/airporttelecom.com\/fr\/#organization\"},\"potentialAction\":[{\"@type\":\"SearchAction\",\"target\":{\"@type\":\"EntryPoint\",\"urlTemplate\":\"https:\/\/airporttelecom.com\/fr\/?s={search_term_string}\"},\"query-input\":{\"@type\":\"PropertyValueSpecification\",\"valueRequired\":true,\"valueName\":\"search_term_string\"}}],\"inLanguage\":\"fr-FR\"},{\"@type\":\"Organization\",\"@id\":\"https:\/\/airporttelecom.com\/fr\/#organization\",\"name\":\"Airport Telecom\",\"url\":\"https:\/\/airporttelecom.com\/fr\/\",\"logo\":{\"@type\":\"ImageObject\",\"inLanguage\":\"fr-FR\",\"@id\":\"https:\/\/airporttelecom.com\/fr\/#\/schema\/logo\/image\/\",\"url\":\"https:\/\/airporttelecom.com\/fr\/wp-content\/uploads\/sites\/5\/2024\/06\/icon.png?wsr\",\"contentUrl\":\"https:\/\/airporttelecom.com\/fr\/wp-content\/uploads\/sites\/5\/2024\/06\/icon.png?wsr\",\"width\":110,\"height\":110,\"caption\":\"Airport Telecom\"},\"image\":{\"@id\":\"https:\/\/airporttelecom.com\/fr\/#\/schema\/logo\/image\/\"}}]}<\/script>\n<!-- \/ Yoast SEO Premium plugin. -->","yoast_head_json":{"title":"eSIM Saint-Vincent-et-les-Grenadines achat d'appels et d'Internet pr\u00e9pay\u00e9s (illimit\u00e9s) - Airport Telecom FR","description":"Recherche carte pr\u00e9pay\u00e9e eSIM Saint-Vincent-et-les-Grenadines pour les appels (illimit\u00e9s) et Internet ? Accessible de mani\u00e8re optimale lors de d\u00e9placements en eSIM Antilles &amp; Cara\u00efbes. Maintenant en vente chez !","robots":{"index":"index","follow":"follow","max-snippet":"max-snippet:-1","max-image-preview":"max-image-preview:large","max-video-preview":"max-video-preview:-1"},"canonical":"https:\/\/airporttelecom.com\/fr\/esim\/saint-vincent-et-les-grenadines\/","og_locale":"fr_FR","og_type":"article","og_title":"eSIM Saint-Vincent-et-les-Grenadines","og_description":"Recherche carte pr\u00e9pay\u00e9e eSIM Saint-Vincent-et-les-Grenadines pour les appels (illimit\u00e9s) et Internet ? Accessible de mani\u00e8re optimale lors de d\u00e9placements en eSIM Antilles &amp; Cara\u00efbes. Maintenant en vente chez !","og_url":"https:\/\/airporttelecom.com\/fr\/esim\/saint-vincent-et-les-grenadines\/","og_site_name":"Airport Telecom FR","article_modified_time":"2025-11-12T10:27:14+00:00","og_image":[{"width":800,"height":319,"url":"https:\/\/airporttelecom.com\/fr\/wp-content\/uploads\/sites\/5\/2024\/07\/Simkaart-Saint-Vincent-and-the-Grenadines.png?wsr","type":"image\/png"}],"twitter_card":"summary_large_image","twitter_misc":{"Dur\u00e9e de lecture estim\u00e9e":"1 minute"},"schema":{"@context":"https:\/\/schema.org","@graph":[{"@type":"WebPage","@id":"https:\/\/airporttelecom.com\/fr\/esim\/saint-vincent-et-les-grenadines\/","url":"https:\/\/airporttelecom.com\/fr\/esim\/saint-vincent-et-les-grenadines\/","name":"eSIM Saint-Vincent-et-les-Grenadines achat d'appels et d'Internet pr\u00e9pay\u00e9s (illimit\u00e9s) - Airport Telecom FR","isPartOf":{"@id":"https:\/\/airporttelecom.com\/fr\/#website"},"primaryImageOfPage":{"@id":"https:\/\/airporttelecom.com\/fr\/esim\/saint-vincent-et-les-grenadines\/#primaryimage"},"image":{"@id":"https:\/\/airporttelecom.com\/fr\/esim\/saint-vincent-et-les-grenadines\/#primaryimage"},"thumbnailUrl":"https:\/\/airporttelecom.com\/fr\/wp-content\/uploads\/sites\/5\/2024\/07\/Simkaart-Saint-Vincent-and-the-Grenadines.png","datePublished":"2024-12-20T11:01:11+00:00","dateModified":"2025-11-12T10:27:14+00:00","description":"Recherche carte pr\u00e9pay\u00e9e eSIM Saint-Vincent-et-les-Grenadines pour les appels (illimit\u00e9s) et Internet ? Accessible de mani\u00e8re optimale lors de d\u00e9placements en eSIM Antilles &amp; Cara\u00efbes. Maintenant en vente chez !","breadcrumb":{"@id":"https:\/\/airporttelecom.com\/fr\/esim\/saint-vincent-et-les-grenadines\/#breadcrumb"},"inLanguage":"fr-FR","potentialAction":[{"@type":"ReadAction","target":["https:\/\/airporttelecom.com\/fr\/esim\/saint-vincent-et-les-grenadines\/"]}]},{"@type":"ImageObject","inLanguage":"fr-FR","@id":"https:\/\/airporttelecom.com\/fr\/esim\/saint-vincent-et-les-grenadines\/#primaryimage","url":"https:\/\/airporttelecom.com\/fr\/wp-content\/uploads\/sites\/5\/2024\/07\/Simkaart-Saint-Vincent-and-the-Grenadines.png","contentUrl":"https:\/\/airporttelecom.com\/fr\/wp-content\/uploads\/sites\/5\/2024\/07\/Simkaart-Saint-Vincent-and-the-Grenadines.png","width":800,"height":319,"caption":"Simkaart Saint Vincent and the Grenadines"},{"@type":"BreadcrumbList","@id":"https:\/\/airporttelecom.com\/fr\/esim\/saint-vincent-et-les-grenadines\/#breadcrumb","itemListElement":[{"@type":"ListItem","position":1,"name":"Home","item":"https:\/\/airporttelecom.com\/fr\/"},{"@type":"ListItem","position":2,"name":"eSIM","item":"https:\/\/airporttelecom.com\/fr\/esim\/"},{"@type":"ListItem","position":3,"name":"Saint-Vincent-et-les-Grenadines"}]},{"@type":"WebSite","@id":"https:\/\/airporttelecom.com\/fr\/#website","url":"https:\/\/airporttelecom.com\/fr\/","name":"Airport Telecom","description":"","publisher":{"@id":"https:\/\/airporttelecom.com\/fr\/#organization"},"potentialAction":[{"@type":"SearchAction","target":{"@type":"EntryPoint","urlTemplate":"https:\/\/airporttelecom.com\/fr\/?s={search_term_string}"},"query-input":{"@type":"PropertyValueSpecification","valueRequired":true,"valueName":"search_term_string"}}],"inLanguage":"fr-FR"},{"@type":"Organization","@id":"https:\/\/airporttelecom.com\/fr\/#organization","name":"Airport Telecom","url":"https:\/\/airporttelecom.com\/fr\/","logo":{"@type":"ImageObject","inLanguage":"fr-FR","@id":"https:\/\/airporttelecom.com\/fr\/#\/schema\/logo\/image\/","url":"https:\/\/airporttelecom.com\/fr\/wp-content\/uploads\/sites\/5\/2024\/06\/icon.png?wsr","contentUrl":"https:\/\/airporttelecom.com\/fr\/wp-content\/uploads\/sites\/5\/2024\/06\/icon.png?wsr","width":110,"height":110,"caption":"Airport Telecom"},"image":{"@id":"https:\/\/airporttelecom.com\/fr\/#\/schema\/logo\/image\/"}}]}},"_links":{"self":[{"href":"https:\/\/airporttelecom.com\/fr\/wp-json\/wp\/v2\/product\/2155","targetHints":{"allow":["GET"]}}],"collection":[{"href":"https:\/\/airporttelecom.com\/fr\/wp-json\/wp\/v2\/product"}],"about":[{"href":"https:\/\/airporttelecom.com\/fr\/wp-json\/wp\/v2\/types\/product"}],"replies":[{"embeddable":true,"href":"https:\/\/airporttelecom.com\/fr\/wp-json\/wp\/v2\/comments?post=2155"}],"wp:featuredmedia":[{"embeddable":true,"href":"https:\/\/airporttelecom.com\/fr\/wp-json\/wp\/v2\/media\/1126"}],"wp:attachment":[{"href":"https:\/\/airporttelecom.com\/fr\/wp-json\/wp\/v2\/media?parent=2155"}],"wp:term":[{"taxonomy":"product_brand","embeddable":true,"href":"https:\/\/airporttelecom.com\/fr\/wp-json\/wp\/v2\/product_brand?post=2155"},{"taxonomy":"product_cat","embeddable":true,"href":"https:\/\/airporttelecom.com\/fr\/wp-json\/wp\/v2\/product_cat?post=2155"},{"taxonomy":"product_tag","embeddable":true,"href":"https:\/\/airporttelecom.com\/fr\/wp-json\/wp\/v2\/product_tag?post=2155"}],"curies":[{"name":"wp","href":"https:\/\/api.w.org\/{rel}","templated":true}]}}