{"id":219,"date":"2024-06-13T15:18:26","date_gmt":"2024-06-13T15:18:26","guid":{"rendered":"https:\/\/airporttelecom.outperforming.nl\/nl\/?post_type=product&#038;p=219"},"modified":"2025-11-30T22:58:16","modified_gmt":"2025-11-30T22:58:16","slug":"carte-sim-puerto-rico","status":"publish","type":"product","link":"https:\/\/airporttelecom.com\/fr\/carte-sim\/puerto-rico\/","title":{"rendered":"Carte SIM Porto Rico"},"content":{"rendered":"","protected":false},"excerpt":{"rendered":"","protected":false},"featured_media":705,"comment_status":"open","ping_status":"closed","template":"","meta":{"_acf_changed":false},"product_brand":[],"product_cat":[17],"product_tag":[26],"class_list":{"0":"post-219","1":"product","2":"type-product","3":"status-publish","4":"has-post-thumbnail","6":"product_cat-carte-sim","7":"product_tag-carte-sim-antilles-caraibes","9":"first","10":"instock","11":"taxable","12":"shipping-taxable","13":"purchasable","14":"product-type-variable","15":"has-default-attributes"},"acf":{"gebied_afbeelding":955,"vlag_afbeelding":220,"provider":["THR"],"product_synoniemen":null,"product_bestel_velden":"","product_omschrijving":"<h2>Internet mobile \u00e0 Porto Rico avec une carte SIM Porto Rico<\/h2>\r\nAvec une carte SIM pr\u00e9pay\u00e9e Porto Rico d'Airport Telecom, vous pouvez \u00eatre joint dans tout Porto Rico sur un seul num\u00e9ro de t\u00e9l\u00e9phone. De plus, vous disposerez de 12GB ou 30GB de donn\u00e9es. Ces cartes sont donc id\u00e9ales pour utiliser Internet. Cependant, veuillez noter que si vous pouvez recevoir des appels entrants \u00e0 Porto Rico avec ces cartes SIM pr\u00e9pay\u00e9es, vous ne pouvez pas passer d'appels sortants normaux avec elles. Tous les appels passant par Internet, comme avec Whatsapp, Skype, Facetime, etc. sont \u00e9videmment possibles. Apr\u00e8s tout, vous utilisez alors le forfait de donn\u00e9es de la carte SIM.\r\n<h2>Internet et appels pendant un voyage \u00e0 Porto Rico<\/h2>\r\nLe num\u00e9ro de t\u00e9l\u00e9phone de la carte SIM pr\u00e9pay\u00e9e sur laquelle vous serez joignable \u00e0 Porto Rico vous sera envoy\u00e9 par SMS apr\u00e8s l'activation de la carte SIM. Il s'agit d'un num\u00e9ro anglais (+44). Nous avons choisi ce num\u00e9ro car la carte SIM en question offre un tr\u00e8s bon forfait de donn\u00e9es \u00e0 Porto Rico et utilise les plus grands r\u00e9seaux mobiles de Porto Rico. De plus, cette carte SIM ne n\u00e9cessite pas d'enregistrement de l'utilisateur \u00e0 Porto Rico.\r\n<h2>Whatsapp avec une carte SIM de Porto Rico<\/h2>\r\nVous pouvez continuer \u00e0 utiliser Whatsapp avec vos contacts, groupes et chats existants. Apr\u00e8s avoir ins\u00e9r\u00e9 une carte SIM pr\u00e9pay\u00e9e, Whatsapp peut vous demander si vous souhaitez cr\u00e9er une nouvelle identit\u00e9 ou si tout doit rester tel quel. Si c'est le cas, choisissez la deuxi\u00e8me option et rien ne changera. Vous pouvez ensuite continuer \u00e0 envoyer des messages et \u00e0 passer des appels avec Whatsapp comme d'habitude.\r\n<h2>Couverture \u00e0 Porto Rico<\/h2>\r\nLa couverture du r\u00e9seau cellulaire est g\u00e9n\u00e9ralement excellente \u00e0 Porto Rico. C'est particuli\u00e8rement vrai dans les grandes villes comme San Juan. Dans les zones naturelles tr\u00e8s recul\u00e9es, la couverture peut \u00eatre un peu moins bonne. Sinon, la carte SIM pour Porto Rico offre une bonne couverture dans tous les villages et villes.\r\n<h2><span lang=\"FR-FR\">Livraison gratuite \u00e0 domicile<\/span><\/h2>\r\nLa carte SIM <span data-contrast=\"\u00ab\">Puerto Rico <\/span>peut \u00eatre livr\u00e9e gratuitement \u00e0 votre domicile en France, en Belgique, au Luxembourg et en Suisse. Si vous commandez un jour ouvrable avant 14 heures, nous exp\u00e9dions votre commande le jour m\u00eame par la poste. Normalement, la livraison a lieu dans un d\u00e9lai de deux ou trois jours ouvrables. Avez-vous besoin d\u2019une livraison plus rapide? Alors, choisissez l\u2019eSIM, qui vous sera envoy\u00e9e par e-mail.","product_specificaties":"&nbsp;\r\n<h2>Avantages de la carte SIM Porto Rico<\/h2>\r\nJoignable dans tout Porto Rico avec un seul num\u00e9ro.\r\n12 ou 30GB de donn\u00e9es pour une utilisation Internet dans tout Porto Rico.\r\nLa carte SIM Porto Rico est disponible dans toutes les tailles (mini, micro et nano).\r\nLa carte SIM Porto Rico fonctionne dans n'importe quel iPhone et autre smartphone. Seules la fonction hotspot et l'utilisation d'un MIFI ne sont pas prises en charge par l'op\u00e9rateur.\r\n<h2>Donn\u00e9es et appels \u00e0 Porto Rico<\/h2>\r\nIl existe deux variantes :\r\n\r\n12GB, 36 \u20ac\r\n\r\n30GB, 57 \u20ac\r\n\r\nLes cartes SIM sont valables pendant 30 jours apr\u00e8s leur activation. L'activation se fait en ins\u00e9rant la carte SIM dans le t\u00e9l\u00e9phone et en allumant le t\u00e9l\u00e9phone.\r\n\r\n&nbsp;","product_handleiding":"&nbsp;\r\n<h2><span data-contrast=\"\u00ab\">Comment installer la carte SIM de Porto Rico dans mon t\u00e9l\u00e9phone ?<\/span><\/h2>\r\n<span data-contrast=\"\u00ab\">Ouvrez le coulisseau sur le c\u00f4t\u00e9 du t\u00e9l\u00e9phone. Vous pouvez le faire avec la goupille fournie avec le t\u00e9l\u00e9phone. Si vous ne l'avez pas, vous pouvez en fabriquer une en pliant un trombone. Les cartes SIM d'Airport Telecom sont \u00e9galement fournies avec une goupille suppl\u00e9mentaire.<\/span>\r\n\r\n<span data-contrast=\"\u00ab\">Retirez votre propre carte SIM et conservez-la en lieu s\u00fbr ! Ins\u00e9rez maintenant la nouvelle carte SIM. Il n'y a qu'une seule fa\u00e7on de le faire. Vous pouvez avoir un t\u00e9l\u00e9phone qui peut contenir plus d'une carte SIM. Ins\u00e9rez la nouvelle carte SIM comme une carte suppl\u00e9mentaire.<\/span>\r\n\r\nRepoussez maintenant la glissi\u00e8re de la carte SIM dans le t\u00e9l\u00e9phone. Si tout se passe bien, vous pouvez maintenant utiliser automatiquement la nouvelle carte SIM. Le t\u00e9l\u00e9phone peut vous demander de faire quelques r\u00e9glages suppl\u00e9mentaires.","product_veelgestelde_vragen":[{"vraag":"Quelle carte SIM utiliser \u00e0 Porto Rico ?","antwoord":"Pour un court s\u00e9jour de quelques jours, vous n'aurez probablement pas besoin d'autant de donn\u00e9es. Le forfait de 10GB de donn\u00e9es pour Porto Rico peut alors suffire. Les applications telles que Whatsapp, Instagram et la navigation ne consomment pas beaucoup de donn\u00e9es. Si vous restez plus longtemps, il peut \u00eatre utile d'opter pour Unlimited afin d'avoir d\u00e9finitivement assez de donn\u00e9es. La carte SIM Illimit\u00e9 offre \u00e9galement des appels illimit\u00e9s \u00e0 Porto Rico."},{"vraag":"O\u00f9 acheter une carte SIM pour Porto Rico ?","antwoord":"Achetez une carte SIM pour Porto Rico aupr\u00e8s de Airport Telecom Schiphol. Vous pouvez la retirer dans la boutique. Ou commandez en ligne et la carte SIM sera livr\u00e9e gratuitement \u00e0 votre domicile."}]},"yoast_head":"<!-- This site is optimized with the Yoast SEO Premium plugin v24.4 (Yoast SEO v26.9) - https:\/\/yoast.com\/product\/yoast-seo-premium-wordpress\/ -->\n<title>Carte SIM Porto Rico achat d&#039;appels et d&#039;Internet pr\u00e9pay\u00e9s (illimit\u00e9s) - Airport Telecom FR<\/title>\n<meta name=\"description\" content=\"Recherche carte pr\u00e9pay\u00e9e Carte SIM Porto Rico pour les appels (illimit\u00e9s) et Internet ? Accessible de mani\u00e8re optimale lors de d\u00e9placements en Carte SIM Antilles &amp; Cara\u00efbes. Maintenant en vente chez !\" \/>\n<meta name=\"robots\" content=\"index, follow, max-snippet:-1, max-image-preview:large, max-video-preview:-1\" \/>\n<link rel=\"canonical\" href=\"https:\/\/airporttelecom.com\/fr\/carte-sim\/puerto-rico\/\" \/>\n<meta property=\"og:locale\" content=\"fr_FR\" \/>\n<meta property=\"og:type\" content=\"article\" \/>\n<meta property=\"og:title\" content=\"Carte SIM Porto Rico\" \/>\n<meta property=\"og:description\" content=\"Recherche carte pr\u00e9pay\u00e9e Carte SIM Porto Rico pour les appels (illimit\u00e9s) et Internet ? Accessible de mani\u00e8re optimale lors de d\u00e9placements en Carte SIM Antilles &amp; Cara\u00efbes. Maintenant en vente chez !\" \/>\n<meta property=\"og:url\" content=\"https:\/\/airporttelecom.com\/fr\/carte-sim\/puerto-rico\/\" \/>\n<meta property=\"og:site_name\" content=\"Airport Telecom FR\" \/>\n<meta property=\"article:modified_time\" content=\"2025-11-30T22:58:16+00:00\" \/>\n<meta property=\"og:image\" content=\"https:\/\/airporttelecom.com\/fr\/wp-content\/uploads\/sites\/5\/2024\/06\/Simkaart-Puerto-Rico.png?wsr\" \/>\n\t<meta property=\"og:image:width\" content=\"800\" \/>\n\t<meta property=\"og:image:height\" content=\"319\" \/>\n\t<meta property=\"og:image:type\" content=\"image\/png\" \/>\n<meta name=\"twitter:card\" content=\"summary_large_image\" \/>\n<meta name=\"twitter:label1\" content=\"Dur\u00e9e de lecture estim\u00e9e\" \/>\n\t<meta name=\"twitter:data1\" content=\"1 minute\" \/>\n<script type=\"application\/ld+json\" class=\"yoast-schema-graph\">{\"@context\":\"https:\/\/schema.org\",\"@graph\":[{\"@type\":\"WebPage\",\"@id\":\"https:\/\/airporttelecom.com\/fr\/carte-sim\/puerto-rico\/\",\"url\":\"https:\/\/airporttelecom.com\/fr\/carte-sim\/puerto-rico\/\",\"name\":\"Carte SIM Porto Rico achat d'appels et d'Internet pr\u00e9pay\u00e9s (illimit\u00e9s) - Airport Telecom FR\",\"isPartOf\":{\"@id\":\"https:\/\/airporttelecom.com\/fr\/#website\"},\"primaryImageOfPage\":{\"@id\":\"https:\/\/airporttelecom.com\/fr\/carte-sim\/puerto-rico\/#primaryimage\"},\"image\":{\"@id\":\"https:\/\/airporttelecom.com\/fr\/carte-sim\/puerto-rico\/#primaryimage\"},\"thumbnailUrl\":\"https:\/\/airporttelecom.com\/fr\/wp-content\/uploads\/sites\/5\/2024\/06\/Simkaart-Puerto-Rico.png\",\"datePublished\":\"2024-06-13T15:18:26+00:00\",\"dateModified\":\"2025-11-30T22:58:16+00:00\",\"description\":\"Recherche carte pr\u00e9pay\u00e9e Carte SIM Porto Rico pour les appels (illimit\u00e9s) et Internet ? Accessible de mani\u00e8re optimale lors de d\u00e9placements en Carte SIM Antilles &amp; Cara\u00efbes. Maintenant en vente chez !\",\"breadcrumb\":{\"@id\":\"https:\/\/airporttelecom.com\/fr\/carte-sim\/puerto-rico\/#breadcrumb\"},\"inLanguage\":\"fr-FR\",\"potentialAction\":[{\"@type\":\"ReadAction\",\"target\":[\"https:\/\/airporttelecom.com\/fr\/carte-sim\/puerto-rico\/\"]}]},{\"@type\":\"ImageObject\",\"inLanguage\":\"fr-FR\",\"@id\":\"https:\/\/airporttelecom.com\/fr\/carte-sim\/puerto-rico\/#primaryimage\",\"url\":\"https:\/\/airporttelecom.com\/fr\/wp-content\/uploads\/sites\/5\/2024\/06\/Simkaart-Puerto-Rico.png\",\"contentUrl\":\"https:\/\/airporttelecom.com\/fr\/wp-content\/uploads\/sites\/5\/2024\/06\/Simkaart-Puerto-Rico.png\",\"width\":800,\"height\":319,\"caption\":\"Carte Sim Puerto Rico\"},{\"@type\":\"BreadcrumbList\",\"@id\":\"https:\/\/airporttelecom.com\/fr\/carte-sim\/puerto-rico\/#breadcrumb\",\"itemListElement\":[{\"@type\":\"ListItem\",\"position\":1,\"name\":\"Home\",\"item\":\"https:\/\/airporttelecom.com\/fr\/\"},{\"@type\":\"ListItem\",\"position\":2,\"name\":\"Carte SIM\",\"item\":\"https:\/\/airporttelecom.com\/fr\/carte-sim\/\"},{\"@type\":\"ListItem\",\"position\":3,\"name\":\"Carte SIM Porto Rico\"}]},{\"@type\":\"WebSite\",\"@id\":\"https:\/\/airporttelecom.com\/fr\/#website\",\"url\":\"https:\/\/airporttelecom.com\/fr\/\",\"name\":\"Airport Telecom\",\"description\":\"\",\"publisher\":{\"@id\":\"https:\/\/airporttelecom.com\/fr\/#organization\"},\"potentialAction\":[{\"@type\":\"SearchAction\",\"target\":{\"@type\":\"EntryPoint\",\"urlTemplate\":\"https:\/\/airporttelecom.com\/fr\/?s={search_term_string}\"},\"query-input\":{\"@type\":\"PropertyValueSpecification\",\"valueRequired\":true,\"valueName\":\"search_term_string\"}}],\"inLanguage\":\"fr-FR\"},{\"@type\":\"Organization\",\"@id\":\"https:\/\/airporttelecom.com\/fr\/#organization\",\"name\":\"Airport Telecom\",\"url\":\"https:\/\/airporttelecom.com\/fr\/\",\"logo\":{\"@type\":\"ImageObject\",\"inLanguage\":\"fr-FR\",\"@id\":\"https:\/\/airporttelecom.com\/fr\/#\/schema\/logo\/image\/\",\"url\":\"https:\/\/airporttelecom.com\/fr\/wp-content\/uploads\/sites\/5\/2024\/06\/icon.png?wsr\",\"contentUrl\":\"https:\/\/airporttelecom.com\/fr\/wp-content\/uploads\/sites\/5\/2024\/06\/icon.png?wsr\",\"width\":110,\"height\":110,\"caption\":\"Airport Telecom\"},\"image\":{\"@id\":\"https:\/\/airporttelecom.com\/fr\/#\/schema\/logo\/image\/\"}}]}<\/script>\n<!-- \/ Yoast SEO Premium plugin. -->","yoast_head_json":{"title":"Carte SIM Porto Rico achat d'appels et d'Internet pr\u00e9pay\u00e9s (illimit\u00e9s) - Airport Telecom FR","description":"Recherche carte pr\u00e9pay\u00e9e Carte SIM Porto Rico pour les appels (illimit\u00e9s) et Internet ? Accessible de mani\u00e8re optimale lors de d\u00e9placements en Carte SIM Antilles &amp; Cara\u00efbes. Maintenant en vente chez !","robots":{"index":"index","follow":"follow","max-snippet":"max-snippet:-1","max-image-preview":"max-image-preview:large","max-video-preview":"max-video-preview:-1"},"canonical":"https:\/\/airporttelecom.com\/fr\/carte-sim\/puerto-rico\/","og_locale":"fr_FR","og_type":"article","og_title":"Carte SIM Porto Rico","og_description":"Recherche carte pr\u00e9pay\u00e9e Carte SIM Porto Rico pour les appels (illimit\u00e9s) et Internet ? Accessible de mani\u00e8re optimale lors de d\u00e9placements en Carte SIM Antilles &amp; Cara\u00efbes. Maintenant en vente chez !","og_url":"https:\/\/airporttelecom.com\/fr\/carte-sim\/puerto-rico\/","og_site_name":"Airport Telecom FR","article_modified_time":"2025-11-30T22:58:16+00:00","og_image":[{"width":800,"height":319,"url":"https:\/\/airporttelecom.com\/fr\/wp-content\/uploads\/sites\/5\/2024\/06\/Simkaart-Puerto-Rico.png?wsr","type":"image\/png"}],"twitter_card":"summary_large_image","twitter_misc":{"Dur\u00e9e de lecture estim\u00e9e":"1 minute"},"schema":{"@context":"https:\/\/schema.org","@graph":[{"@type":"WebPage","@id":"https:\/\/airporttelecom.com\/fr\/carte-sim\/puerto-rico\/","url":"https:\/\/airporttelecom.com\/fr\/carte-sim\/puerto-rico\/","name":"Carte SIM Porto Rico achat d'appels et d'Internet pr\u00e9pay\u00e9s (illimit\u00e9s) - Airport Telecom FR","isPartOf":{"@id":"https:\/\/airporttelecom.com\/fr\/#website"},"primaryImageOfPage":{"@id":"https:\/\/airporttelecom.com\/fr\/carte-sim\/puerto-rico\/#primaryimage"},"image":{"@id":"https:\/\/airporttelecom.com\/fr\/carte-sim\/puerto-rico\/#primaryimage"},"thumbnailUrl":"https:\/\/airporttelecom.com\/fr\/wp-content\/uploads\/sites\/5\/2024\/06\/Simkaart-Puerto-Rico.png","datePublished":"2024-06-13T15:18:26+00:00","dateModified":"2025-11-30T22:58:16+00:00","description":"Recherche carte pr\u00e9pay\u00e9e Carte SIM Porto Rico pour les appels (illimit\u00e9s) et Internet ? Accessible de mani\u00e8re optimale lors de d\u00e9placements en Carte SIM Antilles &amp; Cara\u00efbes. Maintenant en vente chez !","breadcrumb":{"@id":"https:\/\/airporttelecom.com\/fr\/carte-sim\/puerto-rico\/#breadcrumb"},"inLanguage":"fr-FR","potentialAction":[{"@type":"ReadAction","target":["https:\/\/airporttelecom.com\/fr\/carte-sim\/puerto-rico\/"]}]},{"@type":"ImageObject","inLanguage":"fr-FR","@id":"https:\/\/airporttelecom.com\/fr\/carte-sim\/puerto-rico\/#primaryimage","url":"https:\/\/airporttelecom.com\/fr\/wp-content\/uploads\/sites\/5\/2024\/06\/Simkaart-Puerto-Rico.png","contentUrl":"https:\/\/airporttelecom.com\/fr\/wp-content\/uploads\/sites\/5\/2024\/06\/Simkaart-Puerto-Rico.png","width":800,"height":319,"caption":"Carte Sim Puerto Rico"},{"@type":"BreadcrumbList","@id":"https:\/\/airporttelecom.com\/fr\/carte-sim\/puerto-rico\/#breadcrumb","itemListElement":[{"@type":"ListItem","position":1,"name":"Home","item":"https:\/\/airporttelecom.com\/fr\/"},{"@type":"ListItem","position":2,"name":"Carte SIM","item":"https:\/\/airporttelecom.com\/fr\/carte-sim\/"},{"@type":"ListItem","position":3,"name":"Carte SIM Porto Rico"}]},{"@type":"WebSite","@id":"https:\/\/airporttelecom.com\/fr\/#website","url":"https:\/\/airporttelecom.com\/fr\/","name":"Airport Telecom","description":"","publisher":{"@id":"https:\/\/airporttelecom.com\/fr\/#organization"},"potentialAction":[{"@type":"SearchAction","target":{"@type":"EntryPoint","urlTemplate":"https:\/\/airporttelecom.com\/fr\/?s={search_term_string}"},"query-input":{"@type":"PropertyValueSpecification","valueRequired":true,"valueName":"search_term_string"}}],"inLanguage":"fr-FR"},{"@type":"Organization","@id":"https:\/\/airporttelecom.com\/fr\/#organization","name":"Airport Telecom","url":"https:\/\/airporttelecom.com\/fr\/","logo":{"@type":"ImageObject","inLanguage":"fr-FR","@id":"https:\/\/airporttelecom.com\/fr\/#\/schema\/logo\/image\/","url":"https:\/\/airporttelecom.com\/fr\/wp-content\/uploads\/sites\/5\/2024\/06\/icon.png?wsr","contentUrl":"https:\/\/airporttelecom.com\/fr\/wp-content\/uploads\/sites\/5\/2024\/06\/icon.png?wsr","width":110,"height":110,"caption":"Airport Telecom"},"image":{"@id":"https:\/\/airporttelecom.com\/fr\/#\/schema\/logo\/image\/"}}]}},"_links":{"self":[{"href":"https:\/\/airporttelecom.com\/fr\/wp-json\/wp\/v2\/product\/219","targetHints":{"allow":["GET"]}}],"collection":[{"href":"https:\/\/airporttelecom.com\/fr\/wp-json\/wp\/v2\/product"}],"about":[{"href":"https:\/\/airporttelecom.com\/fr\/wp-json\/wp\/v2\/types\/product"}],"replies":[{"embeddable":true,"href":"https:\/\/airporttelecom.com\/fr\/wp-json\/wp\/v2\/comments?post=219"}],"wp:featuredmedia":[{"embeddable":true,"href":"https:\/\/airporttelecom.com\/fr\/wp-json\/wp\/v2\/media\/705"}],"wp:attachment":[{"href":"https:\/\/airporttelecom.com\/fr\/wp-json\/wp\/v2\/media?parent=219"}],"wp:term":[{"taxonomy":"product_brand","embeddable":true,"href":"https:\/\/airporttelecom.com\/fr\/wp-json\/wp\/v2\/product_brand?post=219"},{"taxonomy":"product_cat","embeddable":true,"href":"https:\/\/airporttelecom.com\/fr\/wp-json\/wp\/v2\/product_cat?post=219"},{"taxonomy":"product_tag","embeddable":true,"href":"https:\/\/airporttelecom.com\/fr\/wp-json\/wp\/v2\/product_tag?post=219"}],"curies":[{"name":"wp","href":"https:\/\/api.w.org\/{rel}","templated":true}]}}