{"id":268,"date":"2024-06-18T13:44:08","date_gmt":"2024-06-18T13:44:08","guid":{"rendered":"https:\/\/airporttelecom.outperforming.nl\/nl\/?post_type=product&#038;p=268"},"modified":"2025-09-29T11:29:34","modified_gmt":"2025-09-29T11:29:34","slug":"carte-sim-philippines","status":"publish","type":"product","link":"https:\/\/airporttelecom.com\/fr\/carte-sim\/philippines\/","title":{"rendered":"Carte SIM Philippines"},"content":{"rendered":"","protected":false},"excerpt":{"rendered":"","protected":false},"featured_media":677,"comment_status":"open","ping_status":"closed","template":"","meta":{"_acf_changed":false},"product_brand":[],"product_cat":[17],"product_tag":[28],"class_list":{"0":"post-268","1":"product","2":"type-product","3":"status-publish","4":"has-post-thumbnail","6":"product_cat-carte-sim","7":"product_tag-carte-sim-asie","9":"first","10":"instock","11":"taxable","12":"shipping-taxable","13":"purchasable","14":"product-type-variable","15":"has-default-attributes"},"acf":{"gebied_afbeelding":592,"vlag_afbeelding":269,"provider":["NEX"],"product_synoniemen":null,"product_bestel_velden":["vertrekdatum"],"product_omschrijving":"<h2>Internet mobile avec une carte SIM pour les Philippines<\/h2>\r\nAvec les cartes SIM pr\u00e9pay\u00e9es Philippines d'Airport Telecom, vous pouvez utiliser l'internet mobile dans toutes les Philippines. Vous pouvez choisir parmi diff\u00e9rents forfaits de donn\u00e9es et d'appels. Ces forfaits sont parfaits pour l'utilisation d'internet et vous donnent acc\u00e8s \u00e0 la messagerie \u00e9lectronique, \u00e0 Whatsapp, \u00e0 la navigation et \u00e0 d'autres applications internet via une connexion rapide 4G\/5G.\r\n<h2>Donn\u00e9es et appels lors de voyages aux Philippines<\/h2>\r\nLes cartes SIM pour les Philippines peuvent \u00eatre achet\u00e9es avec un forfait de donn\u00e9es de 10GB et illimit\u00e9. Chaque carte SIM poss\u00e8de son propre num\u00e9ro de t\u00e9l\u00e9phone sur lequel vous pouvez recevoir des appels gratuits aux Philippines. Les cartes SIM de 10GB et illimit\u00e9es incluent \u00e9galement les appels aux Philippines.\r\n<h2>Whatsapp avec une carte SIM pour les Philippines<\/h2>\r\nTous les appels passant par Internet, comme avec Whatsapp, Skype et FaceTime, sont bien s\u00fbr \u00e9galement possibles avec les cartes SIM pour les Philippines. Vous utiliserez alors le forfait de donn\u00e9es de la carte SIM. Vous pouvez toujours continuer \u00e0 utiliser Whatsapp avec vos propres contacts, groupes et chats existants. Apr\u00e8s avoir ins\u00e9r\u00e9 une carte SIM pr\u00e9pay\u00e9e, Whatsapp peut vous demander si vous souhaitez cr\u00e9er une nouvelle identit\u00e9 ou si tout doit rester tel quel. Si c'est le cas, choisissez la deuxi\u00e8me option et rien ne changera. Vous pourrez ensuite continuer \u00e0 envoyer des messages et \u00e0 passer des appels avec Whatsapp comme d'habitude.\r\nAcheter une carte SIM pr\u00e9pay\u00e9e Philippines\r\n<h2><span lang=\"FR-FR\">Livraison gratuite \u00e0 domicile<\/span><\/h2>\r\nLa carte SIM <span data-contrast=\"\u00ab\">Philippines <\/span>peut \u00eatre livr\u00e9e gratuitement \u00e0 votre domicile en France, en Belgique, au Luxembourg et en Suisse. Si vous commandez un jour ouvrable avant 14 heures, nous exp\u00e9dions votre commande le jour m\u00eame par la poste. Normalement, la livraison a lieu dans un d\u00e9lai de deux ou trois jours ouvrables. Avez-vous besoin d\u2019une livraison plus rapide? Alors, choisissez l\u2019eSIM, qui vous sera envoy\u00e9e par e-mail.","product_specificaties":"<h2>D\u00e9penses Carte SIM Philippines<\/h2>\r\nLa carte SIM est disponible dans toutes les tailles (mini, micro et nano) et s'adapte \u00e0 tous les t\u00e9l\u00e9phones.\r\n<h2>Donn\u00e9es et appels aux Philippines<\/h2>\r\nIl existe deux variantes de la carte SIM Philippines :\r\n<h3>10GB de donn\u00e9es 59 \u20ac<\/h3>\r\nIncl. 10GB de donn\u00e9es\r\nIncl. 500 minutes d'appels locaux\r\n<h3>Donn\u00e9es illimit\u00e9es 89 \u20ac,= *<\/h3>\r\nDonn\u00e9es illimit\u00e9es incluses *\r\nAppels locaux illimit\u00e9s inclus *\r\n\r\nLes forfaits de donn\u00e9es sont valables pendant 30 jours apr\u00e8s l'activation.\r\n\r\n*) Il existe une politique d'utilisation \u00e9quitable. En cas d'utilisation extr\u00eame des donn\u00e9es ou d'appels excessifs, les capacit\u00e9s de la carte SIM peuvent \u00eatre limit\u00e9es par l'op\u00e9rateur.","product_handleiding":"<h2><span data-contrast=\"\u00ab\">Comment installer la carte SIM Philippines dans mon t\u00e9l\u00e9phone ?<\/span><\/h2>\r\n<span data-contrast=\"\u00ab\">Ouvrez le coulisseau sur le c\u00f4t\u00e9 du t\u00e9l\u00e9phone. Vous pouvez le faire avec la goupille fournie avec le t\u00e9l\u00e9phone. Si vous ne l'avez pas, vous pouvez en fabriquer une en pliant un trombone. Les cartes SIM Airport Telecom sont \u00e9galement fournies avec une goupille suppl\u00e9mentaire.<\/span>\r\n\r\n<span data-contrast=\"\u00ab\">Retirez votre propre carte SIM et conservez-la en lieu s\u00fbr ! Ins\u00e9rez maintenant la nouvelle carte SIM. Il n'y a qu'une seule fa\u00e7on de proc\u00e9der. Il se peut que votre t\u00e9l\u00e9phone puisse contenir plus d'une carte SIM. Ins\u00e9rez la nouvelle carte SIM comme une carte suppl\u00e9mentaire.<\/span>\r\n\r\n<span data-contrast=\"\u00ab\">Repoussez maintenant la glissi\u00e8re de la carte SIM dans le t\u00e9l\u00e9phone. Si tout se passe bien, vous pouvez maintenant utiliser automatiquement la nouvelle carte SIM. Le t\u00e9l\u00e9phone peut vous demander de proc\u00e9der \u00e0 des r\u00e9glages suppl\u00e9mentaires.<\/span>","product_veelgestelde_vragen":[{"vraag":"Quelle carte SIM utiliser aux Philippines ?","antwoord":"Pour un court s\u00e9jour de quelques jours, vous n'aurez probablement pas besoin d'autant de donn\u00e9es. Le forfait de 10GB de donn\u00e9es pour les Philippines peut alors suffire. Les applications telles que Whatsapp, Instagram et la navigation ne consomment pas beaucoup de donn\u00e9es. Si vous restez plus longtemps, il peut \u00eatre utile d'opter pour Unlimited pour \u00eatre s\u00fbr d'avoir suffisamment de donn\u00e9es. La carte SIM Illimit\u00e9 offre \u00e9galement des appels illimit\u00e9s aux Philippines."},{"vraag":"O\u00f9 acheter une carte SIM pour les Philippines ?","antwoord":"Achetez une carte SIM pour les Philippines aupr\u00e8s de Airport Telecom Schiphol. Vous pouvez la retirer dans le magasin. Ou commandez en ligne et la carte SIM sera livr\u00e9e gratuitement \u00e0 votre domicile."}]},"yoast_head":"<!-- This site is optimized with the Yoast SEO Premium plugin v24.4 (Yoast SEO v26.9) - https:\/\/yoast.com\/product\/yoast-seo-premium-wordpress\/ -->\n<title>Carte SIM Philippines achat d&#039;appels et d&#039;Internet pr\u00e9pay\u00e9s (illimit\u00e9s) - Airport Telecom FR<\/title>\n<meta name=\"description\" content=\"Recherche carte pr\u00e9pay\u00e9e Carte SIM Philippines pour les appels (illimit\u00e9s) et Internet ? Accessible de mani\u00e8re optimale lors de d\u00e9placements en Carte SIM Asie. Maintenant en vente chez !\" \/>\n<meta name=\"robots\" content=\"index, follow, max-snippet:-1, max-image-preview:large, max-video-preview:-1\" \/>\n<link rel=\"canonical\" href=\"https:\/\/airporttelecom.com\/fr\/carte-sim\/philippines\/\" \/>\n<meta property=\"og:locale\" content=\"fr_FR\" \/>\n<meta property=\"og:type\" content=\"article\" \/>\n<meta property=\"og:title\" content=\"Carte SIM Philippines\" \/>\n<meta property=\"og:description\" content=\"Recherche carte pr\u00e9pay\u00e9e Carte SIM Philippines pour les appels (illimit\u00e9s) et Internet ? Accessible de mani\u00e8re optimale lors de d\u00e9placements en Carte SIM Asie. Maintenant en vente chez !\" \/>\n<meta property=\"og:url\" content=\"https:\/\/airporttelecom.com\/fr\/carte-sim\/philippines\/\" \/>\n<meta property=\"og:site_name\" content=\"Airport Telecom FR\" \/>\n<meta property=\"article:modified_time\" content=\"2025-09-29T11:29:34+00:00\" \/>\n<meta property=\"og:image\" content=\"https:\/\/airporttelecom.com\/fr\/wp-content\/uploads\/sites\/5\/2024\/06\/Simkaart-Filipijnen.png?wsr\" \/>\n\t<meta property=\"og:image:width\" content=\"800\" \/>\n\t<meta property=\"og:image:height\" content=\"318\" \/>\n\t<meta property=\"og:image:type\" content=\"image\/png\" \/>\n<meta name=\"twitter:card\" content=\"summary_large_image\" \/>\n<meta name=\"twitter:label1\" content=\"Dur\u00e9e de lecture estim\u00e9e\" \/>\n\t<meta name=\"twitter:data1\" content=\"1 minute\" \/>\n<script type=\"application\/ld+json\" class=\"yoast-schema-graph\">{\"@context\":\"https:\/\/schema.org\",\"@graph\":[{\"@type\":\"WebPage\",\"@id\":\"https:\/\/airporttelecom.com\/fr\/carte-sim\/philippines\/\",\"url\":\"https:\/\/airporttelecom.com\/fr\/carte-sim\/philippines\/\",\"name\":\"Carte SIM Philippines achat d'appels et d'Internet pr\u00e9pay\u00e9s (illimit\u00e9s) - Airport Telecom FR\",\"isPartOf\":{\"@id\":\"https:\/\/airporttelecom.com\/fr\/#website\"},\"primaryImageOfPage\":{\"@id\":\"https:\/\/airporttelecom.com\/fr\/carte-sim\/philippines\/#primaryimage\"},\"image\":{\"@id\":\"https:\/\/airporttelecom.com\/fr\/carte-sim\/philippines\/#primaryimage\"},\"thumbnailUrl\":\"https:\/\/airporttelecom.com\/fr\/wp-content\/uploads\/sites\/5\/2024\/06\/Simkaart-Filipijnen.png\",\"datePublished\":\"2024-06-18T13:44:08+00:00\",\"dateModified\":\"2025-09-29T11:29:34+00:00\",\"description\":\"Recherche carte pr\u00e9pay\u00e9e Carte SIM Philippines pour les appels (illimit\u00e9s) et Internet ? Accessible de mani\u00e8re optimale lors de d\u00e9placements en Carte SIM Asie. Maintenant en vente chez !\",\"breadcrumb\":{\"@id\":\"https:\/\/airporttelecom.com\/fr\/carte-sim\/philippines\/#breadcrumb\"},\"inLanguage\":\"fr-FR\",\"potentialAction\":[{\"@type\":\"ReadAction\",\"target\":[\"https:\/\/airporttelecom.com\/fr\/carte-sim\/philippines\/\"]}]},{\"@type\":\"ImageObject\",\"inLanguage\":\"fr-FR\",\"@id\":\"https:\/\/airporttelecom.com\/fr\/carte-sim\/philippines\/#primaryimage\",\"url\":\"https:\/\/airporttelecom.com\/fr\/wp-content\/uploads\/sites\/5\/2024\/06\/Simkaart-Filipijnen.png\",\"contentUrl\":\"https:\/\/airporttelecom.com\/fr\/wp-content\/uploads\/sites\/5\/2024\/06\/Simkaart-Filipijnen.png\",\"width\":800,\"height\":318,\"caption\":\"Carte SIM Philippines\"},{\"@type\":\"BreadcrumbList\",\"@id\":\"https:\/\/airporttelecom.com\/fr\/carte-sim\/philippines\/#breadcrumb\",\"itemListElement\":[{\"@type\":\"ListItem\",\"position\":1,\"name\":\"Home\",\"item\":\"https:\/\/airporttelecom.com\/fr\/\"},{\"@type\":\"ListItem\",\"position\":2,\"name\":\"Carte SIM\",\"item\":\"https:\/\/airporttelecom.com\/fr\/carte-sim\/\"},{\"@type\":\"ListItem\",\"position\":3,\"name\":\"Carte SIM Philippines\"}]},{\"@type\":\"WebSite\",\"@id\":\"https:\/\/airporttelecom.com\/fr\/#website\",\"url\":\"https:\/\/airporttelecom.com\/fr\/\",\"name\":\"Airport Telecom\",\"description\":\"\",\"publisher\":{\"@id\":\"https:\/\/airporttelecom.com\/fr\/#organization\"},\"potentialAction\":[{\"@type\":\"SearchAction\",\"target\":{\"@type\":\"EntryPoint\",\"urlTemplate\":\"https:\/\/airporttelecom.com\/fr\/?s={search_term_string}\"},\"query-input\":{\"@type\":\"PropertyValueSpecification\",\"valueRequired\":true,\"valueName\":\"search_term_string\"}}],\"inLanguage\":\"fr-FR\"},{\"@type\":\"Organization\",\"@id\":\"https:\/\/airporttelecom.com\/fr\/#organization\",\"name\":\"Airport Telecom\",\"url\":\"https:\/\/airporttelecom.com\/fr\/\",\"logo\":{\"@type\":\"ImageObject\",\"inLanguage\":\"fr-FR\",\"@id\":\"https:\/\/airporttelecom.com\/fr\/#\/schema\/logo\/image\/\",\"url\":\"https:\/\/airporttelecom.com\/fr\/wp-content\/uploads\/sites\/5\/2024\/06\/icon.png?wsr\",\"contentUrl\":\"https:\/\/airporttelecom.com\/fr\/wp-content\/uploads\/sites\/5\/2024\/06\/icon.png?wsr\",\"width\":110,\"height\":110,\"caption\":\"Airport Telecom\"},\"image\":{\"@id\":\"https:\/\/airporttelecom.com\/fr\/#\/schema\/logo\/image\/\"}}]}<\/script>\n<!-- \/ Yoast SEO Premium plugin. -->","yoast_head_json":{"title":"Carte SIM Philippines achat d'appels et d'Internet pr\u00e9pay\u00e9s (illimit\u00e9s) - Airport Telecom FR","description":"Recherche carte pr\u00e9pay\u00e9e Carte SIM Philippines pour les appels (illimit\u00e9s) et Internet ? Accessible de mani\u00e8re optimale lors de d\u00e9placements en Carte SIM Asie. Maintenant en vente chez !","robots":{"index":"index","follow":"follow","max-snippet":"max-snippet:-1","max-image-preview":"max-image-preview:large","max-video-preview":"max-video-preview:-1"},"canonical":"https:\/\/airporttelecom.com\/fr\/carte-sim\/philippines\/","og_locale":"fr_FR","og_type":"article","og_title":"Carte SIM Philippines","og_description":"Recherche carte pr\u00e9pay\u00e9e Carte SIM Philippines pour les appels (illimit\u00e9s) et Internet ? Accessible de mani\u00e8re optimale lors de d\u00e9placements en Carte SIM Asie. Maintenant en vente chez !","og_url":"https:\/\/airporttelecom.com\/fr\/carte-sim\/philippines\/","og_site_name":"Airport Telecom FR","article_modified_time":"2025-09-29T11:29:34+00:00","og_image":[{"width":800,"height":318,"url":"https:\/\/airporttelecom.com\/fr\/wp-content\/uploads\/sites\/5\/2024\/06\/Simkaart-Filipijnen.png?wsr","type":"image\/png"}],"twitter_card":"summary_large_image","twitter_misc":{"Dur\u00e9e de lecture estim\u00e9e":"1 minute"},"schema":{"@context":"https:\/\/schema.org","@graph":[{"@type":"WebPage","@id":"https:\/\/airporttelecom.com\/fr\/carte-sim\/philippines\/","url":"https:\/\/airporttelecom.com\/fr\/carte-sim\/philippines\/","name":"Carte SIM Philippines achat d'appels et d'Internet pr\u00e9pay\u00e9s (illimit\u00e9s) - Airport Telecom FR","isPartOf":{"@id":"https:\/\/airporttelecom.com\/fr\/#website"},"primaryImageOfPage":{"@id":"https:\/\/airporttelecom.com\/fr\/carte-sim\/philippines\/#primaryimage"},"image":{"@id":"https:\/\/airporttelecom.com\/fr\/carte-sim\/philippines\/#primaryimage"},"thumbnailUrl":"https:\/\/airporttelecom.com\/fr\/wp-content\/uploads\/sites\/5\/2024\/06\/Simkaart-Filipijnen.png","datePublished":"2024-06-18T13:44:08+00:00","dateModified":"2025-09-29T11:29:34+00:00","description":"Recherche carte pr\u00e9pay\u00e9e Carte SIM Philippines pour les appels (illimit\u00e9s) et Internet ? Accessible de mani\u00e8re optimale lors de d\u00e9placements en Carte SIM Asie. Maintenant en vente chez !","breadcrumb":{"@id":"https:\/\/airporttelecom.com\/fr\/carte-sim\/philippines\/#breadcrumb"},"inLanguage":"fr-FR","potentialAction":[{"@type":"ReadAction","target":["https:\/\/airporttelecom.com\/fr\/carte-sim\/philippines\/"]}]},{"@type":"ImageObject","inLanguage":"fr-FR","@id":"https:\/\/airporttelecom.com\/fr\/carte-sim\/philippines\/#primaryimage","url":"https:\/\/airporttelecom.com\/fr\/wp-content\/uploads\/sites\/5\/2024\/06\/Simkaart-Filipijnen.png","contentUrl":"https:\/\/airporttelecom.com\/fr\/wp-content\/uploads\/sites\/5\/2024\/06\/Simkaart-Filipijnen.png","width":800,"height":318,"caption":"Carte SIM Philippines"},{"@type":"BreadcrumbList","@id":"https:\/\/airporttelecom.com\/fr\/carte-sim\/philippines\/#breadcrumb","itemListElement":[{"@type":"ListItem","position":1,"name":"Home","item":"https:\/\/airporttelecom.com\/fr\/"},{"@type":"ListItem","position":2,"name":"Carte SIM","item":"https:\/\/airporttelecom.com\/fr\/carte-sim\/"},{"@type":"ListItem","position":3,"name":"Carte SIM Philippines"}]},{"@type":"WebSite","@id":"https:\/\/airporttelecom.com\/fr\/#website","url":"https:\/\/airporttelecom.com\/fr\/","name":"Airport Telecom","description":"","publisher":{"@id":"https:\/\/airporttelecom.com\/fr\/#organization"},"potentialAction":[{"@type":"SearchAction","target":{"@type":"EntryPoint","urlTemplate":"https:\/\/airporttelecom.com\/fr\/?s={search_term_string}"},"query-input":{"@type":"PropertyValueSpecification","valueRequired":true,"valueName":"search_term_string"}}],"inLanguage":"fr-FR"},{"@type":"Organization","@id":"https:\/\/airporttelecom.com\/fr\/#organization","name":"Airport Telecom","url":"https:\/\/airporttelecom.com\/fr\/","logo":{"@type":"ImageObject","inLanguage":"fr-FR","@id":"https:\/\/airporttelecom.com\/fr\/#\/schema\/logo\/image\/","url":"https:\/\/airporttelecom.com\/fr\/wp-content\/uploads\/sites\/5\/2024\/06\/icon.png?wsr","contentUrl":"https:\/\/airporttelecom.com\/fr\/wp-content\/uploads\/sites\/5\/2024\/06\/icon.png?wsr","width":110,"height":110,"caption":"Airport Telecom"},"image":{"@id":"https:\/\/airporttelecom.com\/fr\/#\/schema\/logo\/image\/"}}]}},"_links":{"self":[{"href":"https:\/\/airporttelecom.com\/fr\/wp-json\/wp\/v2\/product\/268","targetHints":{"allow":["GET"]}}],"collection":[{"href":"https:\/\/airporttelecom.com\/fr\/wp-json\/wp\/v2\/product"}],"about":[{"href":"https:\/\/airporttelecom.com\/fr\/wp-json\/wp\/v2\/types\/product"}],"replies":[{"embeddable":true,"href":"https:\/\/airporttelecom.com\/fr\/wp-json\/wp\/v2\/comments?post=268"}],"wp:featuredmedia":[{"embeddable":true,"href":"https:\/\/airporttelecom.com\/fr\/wp-json\/wp\/v2\/media\/677"}],"wp:attachment":[{"href":"https:\/\/airporttelecom.com\/fr\/wp-json\/wp\/v2\/media?parent=268"}],"wp:term":[{"taxonomy":"product_brand","embeddable":true,"href":"https:\/\/airporttelecom.com\/fr\/wp-json\/wp\/v2\/product_brand?post=268"},{"taxonomy":"product_cat","embeddable":true,"href":"https:\/\/airporttelecom.com\/fr\/wp-json\/wp\/v2\/product_cat?post=268"},{"taxonomy":"product_tag","embeddable":true,"href":"https:\/\/airporttelecom.com\/fr\/wp-json\/wp\/v2\/product_tag?post=268"}],"curies":[{"name":"wp","href":"https:\/\/api.w.org\/{rel}","templated":true}]}}