{"id":457,"date":"2024-06-21T10:59:11","date_gmt":"2024-06-21T10:59:11","guid":{"rendered":"https:\/\/airporttelecom.outperforming.nl\/nl\/?post_type=product&#038;p=457"},"modified":"2025-09-29T11:29:18","modified_gmt":"2025-09-29T11:29:18","slug":"carte-sim-bali","status":"publish","type":"product","link":"https:\/\/airporttelecom.com\/fr\/carte-sim\/bali\/","title":{"rendered":"Carte SIM Bali"},"content":{"rendered":"","protected":false},"excerpt":{"rendered":"","protected":false},"featured_media":0,"comment_status":"open","ping_status":"closed","template":"","meta":{"_acf_changed":false},"product_brand":[],"product_cat":[17],"product_tag":[28],"class_list":{"0":"post-457","1":"product","2":"type-product","3":"status-publish","5":"product_cat-carte-sim","6":"product_tag-carte-sim-asie","8":"first","9":"instock","10":"taxable","11":"shipping-taxable","12":"purchasable","13":"product-type-variable"},"acf":{"gebied_afbeelding":608,"vlag_afbeelding":729,"provider":[],"product_synoniemen":null,"product_bestel_velden":"","product_omschrijving":"<p><!DOCTYPE html PUBLIC \u00ab -\/\/W3C\/\/DTD HTML 4.0 Transitional\/\/EN \u00bb \u00ab http:\/\/www.w3.org\/TR\/REC-html40\/loose.dtd \u00bb><br \/>\r\n<html><body><\/p>\r\n<\/p>\r\n<h2>Internet mobile \u00e0 Bali avec une carte SIM Bali<\/h2>\r\n<p>Avec une carte SIM pr\u00e9pay\u00e9e Bali d'Airport Telecom, vous pouvez \u00eatre joint dans toute l'Indon\u00e9sie avec un seul num\u00e9ro de t\u00e9l\u00e9phone. De plus, vous disposerez de 12 ou 30GB de donn\u00e9es. Ces cartes fonctionnent dans toute l'Indon\u00e9sie et sont id\u00e9ales pour utiliser Internet. Attention cependant, car vous pouvez recevoir des appels entrants \u00e0 Bali avec ces cartes SIM pr\u00e9pay\u00e9es, mais vous ne pouvez pas passer d'appels sortants normaux avec elles. Tous les appels via Internet tels que Whatsapp, Skype, Facetime, etc. sont bien s\u00fbr possibles. Apr\u00e8s tout, vous utiliserez le forfait de donn\u00e9es de la carte SIM.\r\nInternet et appels pendant un voyage \u00e0 Bali\r\n<p>Le num\u00e9ro de t\u00e9l\u00e9phone de la carte SIM pr\u00e9pay\u00e9e sur laquelle vous pouvez \u00eatre joint \u00e0 Bali vous sera envoy\u00e9 par SMS apr\u00e8s l'activation de la carte SIM. Il s'agit d'un num\u00e9ro anglais (+44). Nous avons choisi ce num\u00e9ro car la carte SIM en question offre un tr\u00e8s bon forfait de donn\u00e9es pour Bali et le reste de l'Indon\u00e9sie et utilise les plus grands r\u00e9seaux mobiles indon\u00e9siens. De plus, cette carte SIM ne n\u00e9cessite pas d'enregistrement de l'utilisateur.<\/p>\r\n<h2>Whatsapp avec une carte SIM de Bali<\/h2>\r\n<p>Vous pouvez continuer \u00e0 utiliser Whatsapp avec vos contacts, groupes et chats existants. Apr\u00e8s avoir ins\u00e9r\u00e9 une carte SIM pr\u00e9pay\u00e9e, Whatsapp peut vous demander si vous souhaitez cr\u00e9er une nouvelle identit\u00e9 ou si tout doit rester tel quel. Si c'est le cas, choisissez la deuxi\u00e8me option et rien ne changera. Vous pourrez ensuite continuer \u00e0 envoyer des messages et \u00e0 passer des appels avec Whatsapp comme d'habitude.<\/p>\r\n<h2>Couverture \u00e0 Bali<\/h2>\r\n<p>La couverture \u00e0 Bali est bonne. Dans les villes et les villages comme Denpasar, Ubud et Kuta, le t\u00e9l\u00e9phone portable fonctionne tr\u00e8s bien. M\u00eame sur les routes entre les villes, il est facile de prendre contact avec le taxi via Whatsapp. Bien s\u00fbr, dans les zones recul\u00e9es de la jungle ou des montagnes, la couverture sera moindre car il n'y a pas de m\u00e2ts. Mais sinon, la couverture est bonne \u00e0 Bali. Que vous alliez surfer \u00e0 Serangan ou observer les dauphins \u00e0 Lovina, le partage de photos avec vos proches se passe donc parfaitement.<\/p>\r\n<h2>Acheter une carte SIM Bali \u00e0 Schiphol ou se la faire livrer \u00e0 domicile<\/h2>\r\n<p>Vous pouvez r\u00e9cup\u00e9rer la carte SIM pr\u00e9pay\u00e9e Bali dans notre boutique Airport Telecom de Schiphol Plaza au moment de votre d\u00e9part de l'a\u00e9roport de Schiphol. La carte SIM peut \u00e9galement \u00eatre livr\u00e9e gratuitement \u00e0 votre domicile aux Pays-Bas et en Belgique. Si vous commandez un jour ouvrable avant 14 heures, vous recevrez la carte le jour ouvrable suivant.<\/p>\r\n<\/p>\r\n<p><\/body><\/html><\/p>","product_specificaties":"<p><!DOCTYPE html PUBLIC \u00ab -\/\/W3C\/\/DTD HTML 4.0 Transitional\/\/EN \u00bb \u00ab http:\/\/www.w3.org\/TR\/REC-html40\/loose.dtd \u00bb><br \/>\r\n<html><body><\/p>\r\n<\/p>\r\n<h2>Avantages de la carte SIM Bali<\/h2>\r\n<p>Ces cartes SIM fonctionnent dans toute l'Indon\u00e9sie,<br \/>\r\nAccessible partout \u00e0 Bali avec un seul num\u00e9ro.<br \/>\r\n12 ou 30GB de donn\u00e9es pour une utilisation Internet dans toute l'\u00eele de Bali.<br \/>\r\nLa carte SIM Bali est disponible dans toutes les tailles (mini, micro et nano).<br \/>\r\nLa carte SIM Bali fonctionne avec tous les iPhone et autres smartphones. Seules la fonction hotspot et l'utilisation d'un MIFI ne sont pas prises en charge par le fournisseur.\r\nDonn\u00e9es et appels \u00e0 Bali\r\nIl existe deux variantes :\r\n12GB, 36 \u20ac\r\n30GB, 57 \u20ac\r\n<p>Les cartes SIM sont valables 30 jours apr\u00e8s leur activation. L'activation s'effectue en ins\u00e9rant la carte SIM dans le t\u00e9l\u00e9phone et en allumant ce dernier.<\/p>\r\n<\/p>\r\n<p><\/body><\/html><\/p>","product_handleiding":"<h2>Comment installer la carte SIM Bali dans mon t\u00e9l\u00e9phone ?<\/h2>\r\n<p>Ouvrez le coulisseau sur le c\u00f4t\u00e9 du t\u00e9l\u00e9phone. Vous pouvez le faire avec la goupille fournie avec le t\u00e9l\u00e9phone. Si vous ne l'avez pas, vous pouvez en fabriquer une en pliant un trombone. Les cartes SIM Airport Telecom sont \u00e9galement fournies avec une goupille suppl\u00e9mentaire<\/p>\r\n<p>Retirez votre propre carte SIM et conservez-la en lieu s\u00fbr ! Ins\u00e9rez maintenant la nouvelle carte SIM. Cela ne peut se faire que d'une seule mani\u00e8re. Il se peut que votre t\u00e9l\u00e9phone puisse contenir plus d'une carte SIM. Ins\u00e9rez la nouvelle carte SIM comme une carte suppl\u00e9mentaire.\r\nRepoussez la glissi\u00e8re de la carte SIM dans le t\u00e9l\u00e9phone. Si tout se passe bien, vous pouvez maintenant utiliser automatiquement la nouvelle carte SIM. Le t\u00e9l\u00e9phone peut vous demander de proc\u00e9der \u00e0 des r\u00e9glages suppl\u00e9mentaires.<\/p>","product_veelgestelde_vragen":[{"vraag":"Quelle carte SIM utiliser \u00e0 Bali ?","antwoord":"Pour un court s\u00e9jour de quelques jours, vous n'aurez probablement pas besoin d'autant de donn\u00e9es. Le forfait de 12GB de donn\u00e9es pour Bali peut alors suffire. Les applications telles que Whatsapp, Instagram et la navigation ne consomment pas beaucoup de donn\u00e9es. Si vous restez plus longtemps, il peut \u00eatre utile d'opter pour 30GB afin d'avoir d\u00e9finitivement assez de donn\u00e9es."},{"vraag":"O\u00f9 acheter une carte SIM pour Bali ?","antwoord":"Achetez une carte SIM pour Bali aupr\u00e8s de Airport Telecom Schiphol. Vous pouvez la retirer dans le magasin. Ou commandez en ligne et la carte SIM sera livr\u00e9e gratuitement \u00e0 votre domicile."}]},"yoast_head":"<!-- This site is optimized with the Yoast SEO Premium plugin v24.4 (Yoast SEO v26.9) - https:\/\/yoast.com\/product\/yoast-seo-premium-wordpress\/ -->\n<title>Carte SIM Bali achat d&#039;appels et d&#039;Internet pr\u00e9pay\u00e9s (illimit\u00e9s) - Airport Telecom FR<\/title>\n<meta name=\"description\" content=\"Recherche carte pr\u00e9pay\u00e9e Carte SIM Bali pour les appels (illimit\u00e9s) et Internet ? Accessible de mani\u00e8re optimale lors de d\u00e9placements en Carte SIM Asie. Maintenant en vente chez !\" \/>\n<meta name=\"robots\" content=\"index, follow, max-snippet:-1, max-image-preview:large, max-video-preview:-1\" \/>\n<link rel=\"canonical\" href=\"https:\/\/airporttelecom.com\/fr\/carte-sim\/bali\/\" \/>\n<meta property=\"og:locale\" content=\"fr_FR\" \/>\n<meta property=\"og:type\" content=\"article\" \/>\n<meta property=\"og:title\" content=\"Carte SIM Bali\" \/>\n<meta property=\"og:description\" content=\"Recherche carte pr\u00e9pay\u00e9e Carte SIM Bali pour les appels (illimit\u00e9s) et Internet ? Accessible de mani\u00e8re optimale lors de d\u00e9placements en Carte SIM Asie. Maintenant en vente chez !\" \/>\n<meta property=\"og:url\" content=\"https:\/\/airporttelecom.com\/fr\/carte-sim\/bali\/\" \/>\n<meta property=\"og:site_name\" content=\"Airport Telecom FR\" \/>\n<meta property=\"article:modified_time\" content=\"2025-09-29T11:29:18+00:00\" \/>\n<meta name=\"twitter:card\" content=\"summary_large_image\" \/>\n<script type=\"application\/ld+json\" class=\"yoast-schema-graph\">{\"@context\":\"https:\/\/schema.org\",\"@graph\":[{\"@type\":\"WebPage\",\"@id\":\"https:\/\/airporttelecom.com\/fr\/carte-sim\/bali\/\",\"url\":\"https:\/\/airporttelecom.com\/fr\/carte-sim\/bali\/\",\"name\":\"Carte SIM Bali achat d'appels et d'Internet pr\u00e9pay\u00e9s (illimit\u00e9s) - Airport Telecom FR\",\"isPartOf\":{\"@id\":\"https:\/\/airporttelecom.com\/fr\/#website\"},\"datePublished\":\"2024-06-21T10:59:11+00:00\",\"dateModified\":\"2025-09-29T11:29:18+00:00\",\"description\":\"Recherche carte pr\u00e9pay\u00e9e Carte SIM Bali pour les appels (illimit\u00e9s) et Internet ? Accessible de mani\u00e8re optimale lors de d\u00e9placements en Carte SIM Asie. Maintenant en vente chez !\",\"breadcrumb\":{\"@id\":\"https:\/\/airporttelecom.com\/fr\/carte-sim\/bali\/#breadcrumb\"},\"inLanguage\":\"fr-FR\",\"potentialAction\":[{\"@type\":\"ReadAction\",\"target\":[\"https:\/\/airporttelecom.com\/fr\/carte-sim\/bali\/\"]}]},{\"@type\":\"BreadcrumbList\",\"@id\":\"https:\/\/airporttelecom.com\/fr\/carte-sim\/bali\/#breadcrumb\",\"itemListElement\":[{\"@type\":\"ListItem\",\"position\":1,\"name\":\"Home\",\"item\":\"https:\/\/airporttelecom.com\/fr\/\"},{\"@type\":\"ListItem\",\"position\":2,\"name\":\"Carte SIM\",\"item\":\"https:\/\/airporttelecom.com\/fr\/carte-sim\/\"},{\"@type\":\"ListItem\",\"position\":3,\"name\":\"Carte SIM Bali\"}]},{\"@type\":\"WebSite\",\"@id\":\"https:\/\/airporttelecom.com\/fr\/#website\",\"url\":\"https:\/\/airporttelecom.com\/fr\/\",\"name\":\"Airport Telecom\",\"description\":\"\",\"publisher\":{\"@id\":\"https:\/\/airporttelecom.com\/fr\/#organization\"},\"potentialAction\":[{\"@type\":\"SearchAction\",\"target\":{\"@type\":\"EntryPoint\",\"urlTemplate\":\"https:\/\/airporttelecom.com\/fr\/?s={search_term_string}\"},\"query-input\":{\"@type\":\"PropertyValueSpecification\",\"valueRequired\":true,\"valueName\":\"search_term_string\"}}],\"inLanguage\":\"fr-FR\"},{\"@type\":\"Organization\",\"@id\":\"https:\/\/airporttelecom.com\/fr\/#organization\",\"name\":\"Airport Telecom\",\"url\":\"https:\/\/airporttelecom.com\/fr\/\",\"logo\":{\"@type\":\"ImageObject\",\"inLanguage\":\"fr-FR\",\"@id\":\"https:\/\/airporttelecom.com\/fr\/#\/schema\/logo\/image\/\",\"url\":\"https:\/\/airporttelecom.com\/fr\/wp-content\/uploads\/sites\/5\/2024\/06\/icon.png?wsr\",\"contentUrl\":\"https:\/\/airporttelecom.com\/fr\/wp-content\/uploads\/sites\/5\/2024\/06\/icon.png?wsr\",\"width\":110,\"height\":110,\"caption\":\"Airport Telecom\"},\"image\":{\"@id\":\"https:\/\/airporttelecom.com\/fr\/#\/schema\/logo\/image\/\"}}]}<\/script>\n<!-- \/ Yoast SEO Premium plugin. -->","yoast_head_json":{"title":"Carte SIM Bali achat d'appels et d'Internet pr\u00e9pay\u00e9s (illimit\u00e9s) - Airport Telecom FR","description":"Recherche carte pr\u00e9pay\u00e9e Carte SIM Bali pour les appels (illimit\u00e9s) et Internet ? Accessible de mani\u00e8re optimale lors de d\u00e9placements en Carte SIM Asie. Maintenant en vente chez !","robots":{"index":"index","follow":"follow","max-snippet":"max-snippet:-1","max-image-preview":"max-image-preview:large","max-video-preview":"max-video-preview:-1"},"canonical":"https:\/\/airporttelecom.com\/fr\/carte-sim\/bali\/","og_locale":"fr_FR","og_type":"article","og_title":"Carte SIM Bali","og_description":"Recherche carte pr\u00e9pay\u00e9e Carte SIM Bali pour les appels (illimit\u00e9s) et Internet ? Accessible de mani\u00e8re optimale lors de d\u00e9placements en Carte SIM Asie. Maintenant en vente chez !","og_url":"https:\/\/airporttelecom.com\/fr\/carte-sim\/bali\/","og_site_name":"Airport Telecom FR","article_modified_time":"2025-09-29T11:29:18+00:00","twitter_card":"summary_large_image","schema":{"@context":"https:\/\/schema.org","@graph":[{"@type":"WebPage","@id":"https:\/\/airporttelecom.com\/fr\/carte-sim\/bali\/","url":"https:\/\/airporttelecom.com\/fr\/carte-sim\/bali\/","name":"Carte SIM Bali achat d'appels et d'Internet pr\u00e9pay\u00e9s (illimit\u00e9s) - Airport Telecom FR","isPartOf":{"@id":"https:\/\/airporttelecom.com\/fr\/#website"},"datePublished":"2024-06-21T10:59:11+00:00","dateModified":"2025-09-29T11:29:18+00:00","description":"Recherche carte pr\u00e9pay\u00e9e Carte SIM Bali pour les appels (illimit\u00e9s) et Internet ? Accessible de mani\u00e8re optimale lors de d\u00e9placements en Carte SIM Asie. Maintenant en vente chez !","breadcrumb":{"@id":"https:\/\/airporttelecom.com\/fr\/carte-sim\/bali\/#breadcrumb"},"inLanguage":"fr-FR","potentialAction":[{"@type":"ReadAction","target":["https:\/\/airporttelecom.com\/fr\/carte-sim\/bali\/"]}]},{"@type":"BreadcrumbList","@id":"https:\/\/airporttelecom.com\/fr\/carte-sim\/bali\/#breadcrumb","itemListElement":[{"@type":"ListItem","position":1,"name":"Home","item":"https:\/\/airporttelecom.com\/fr\/"},{"@type":"ListItem","position":2,"name":"Carte SIM","item":"https:\/\/airporttelecom.com\/fr\/carte-sim\/"},{"@type":"ListItem","position":3,"name":"Carte SIM Bali"}]},{"@type":"WebSite","@id":"https:\/\/airporttelecom.com\/fr\/#website","url":"https:\/\/airporttelecom.com\/fr\/","name":"Airport Telecom","description":"","publisher":{"@id":"https:\/\/airporttelecom.com\/fr\/#organization"},"potentialAction":[{"@type":"SearchAction","target":{"@type":"EntryPoint","urlTemplate":"https:\/\/airporttelecom.com\/fr\/?s={search_term_string}"},"query-input":{"@type":"PropertyValueSpecification","valueRequired":true,"valueName":"search_term_string"}}],"inLanguage":"fr-FR"},{"@type":"Organization","@id":"https:\/\/airporttelecom.com\/fr\/#organization","name":"Airport Telecom","url":"https:\/\/airporttelecom.com\/fr\/","logo":{"@type":"ImageObject","inLanguage":"fr-FR","@id":"https:\/\/airporttelecom.com\/fr\/#\/schema\/logo\/image\/","url":"https:\/\/airporttelecom.com\/fr\/wp-content\/uploads\/sites\/5\/2024\/06\/icon.png?wsr","contentUrl":"https:\/\/airporttelecom.com\/fr\/wp-content\/uploads\/sites\/5\/2024\/06\/icon.png?wsr","width":110,"height":110,"caption":"Airport Telecom"},"image":{"@id":"https:\/\/airporttelecom.com\/fr\/#\/schema\/logo\/image\/"}}]}},"_links":{"self":[{"href":"https:\/\/airporttelecom.com\/fr\/wp-json\/wp\/v2\/product\/457","targetHints":{"allow":["GET"]}}],"collection":[{"href":"https:\/\/airporttelecom.com\/fr\/wp-json\/wp\/v2\/product"}],"about":[{"href":"https:\/\/airporttelecom.com\/fr\/wp-json\/wp\/v2\/types\/product"}],"replies":[{"embeddable":true,"href":"https:\/\/airporttelecom.com\/fr\/wp-json\/wp\/v2\/comments?post=457"}],"wp:attachment":[{"href":"https:\/\/airporttelecom.com\/fr\/wp-json\/wp\/v2\/media?parent=457"}],"wp:term":[{"taxonomy":"product_brand","embeddable":true,"href":"https:\/\/airporttelecom.com\/fr\/wp-json\/wp\/v2\/product_brand?post=457"},{"taxonomy":"product_cat","embeddable":true,"href":"https:\/\/airporttelecom.com\/fr\/wp-json\/wp\/v2\/product_cat?post=457"},{"taxonomy":"product_tag","embeddable":true,"href":"https:\/\/airporttelecom.com\/fr\/wp-json\/wp\/v2\/product_tag?post=457"}],"curies":[{"name":"wp","href":"https:\/\/api.w.org\/{rel}","templated":true}]}}