{"id":752,"date":"2024-07-30T08:51:34","date_gmt":"2024-07-30T08:51:34","guid":{"rendered":"https:\/\/airporttelecom.outperforming.nl\/nl\/?post_type=product&#038;p=752"},"modified":"2025-09-29T11:29:14","modified_gmt":"2025-09-29T11:29:14","slug":"carte-sim-zanzibar","status":"publish","type":"product","link":"https:\/\/airporttelecom.com\/fr\/carte-sim\/zanzibar\/","title":{"rendered":"Carte SIM Zanzibar"},"content":{"rendered":"","protected":false},"excerpt":{"rendered":"","protected":false},"featured_media":1383,"comment_status":"open","ping_status":"closed","template":"","meta":{"_acf_changed":false},"product_brand":[],"product_cat":[17],"product_tag":[30],"class_list":{"0":"post-752","1":"product","2":"type-product","3":"status-publish","4":"has-post-thumbnail","6":"product_cat-carte-sim","7":"product_tag-carte-sim-afrique","9":"first","10":"instock","11":"taxable","12":"shipping-taxable","13":"purchasable","14":"product-type-variable","15":"has-default-attributes"},"acf":{"gebied_afbeelding":915,"vlag_afbeelding":916,"provider":["BIC"],"product_synoniemen":null,"product_bestel_velden":"","product_omschrijving":"<h2><span data-contrast=\"\u00ab\">Couverture mobile avec une carte SIM pour Zanzibar<\/span><\/h2>\r\n<span data-contrast=\"\u00ab\">vec les cartes SIM pr\u00e9pay\u00e9es d'Airport Telecom pour Zanzibar, vous pouvez utiliser l'internet mobile dans toute l'\u00eele tanzanienne de Zanzibar. Vous pouvez choisir parmi diff\u00e9rents forfaits de donn\u00e9es. Ces forfaits sont parfaits pour l'utilisation d'internet et vous donnent acc\u00e8s \u00e0 la messagerie \u00e9lectronique, \u00e0 Whatsapp, \u00e0 la navigation et \u00e0 d'autres applications internet via une connexion rapide 4G\/5G.<\/span>\r\n<h2><span data-contrast=\"\u00ab\">Donn\u00e9es et appels lors de voyages \u00e0 Zanzibar<\/span><\/h2>\r\n<span data-contrast=\"\u00ab\">Les cartes SIM pour Zanzibar sont disponibles avec un forfait de donn\u00e9es de 3GB, 6GB et 12GB. <\/span>\r\n<h2><span data-contrast=\"\u00ab\">Whatsapp avec carte SIM Zanzibar<\/span><\/h2>\r\n<span data-contrast=\"\u00ab\">Tous les appels qui passent par Internet, comme avec Whatsapp, Skype et FaceTime, sont bien s\u00fbr \u00e9galement possibles avec les cartes SIM pour Zanzibar. Vous utiliserez alors le forfait de donn\u00e9es de la carte SIM. Vous pouvez toujours continuer \u00e0 utiliser Whatsapp avec vos propres contacts, groupes et chats existants. Apr\u00e8s avoir ins\u00e9r\u00e9 une carte SIM pr\u00e9pay\u00e9e, Whatsapp peut vous demander si vous souhaitez cr\u00e9er une nouvelle identit\u00e9 ou si tout doit rester tel quel. Si c'est le cas, choisissez la deuxi\u00e8me option et rien ne changera. Vous pourrez ensuite continuer \u00e0 envoyer des messages et \u00e0 passer des appels avec Whatsapp comme d'habitude.<\/span>\r\n<h2><span data-contrast=\"\u00ab\">Couverture \u00e0 Zanzibar<\/span><\/h2>\r\n<span data-contrast=\"\u00ab\">La couverture des r\u00e9seaux mobiles est g\u00e9n\u00e9ralement excellente \u00e0 Zanzibar, qui est un \u00c9tat de Tanzanie. C'est particuli\u00e8rement vrai dans la capitale, qui s'appelle \u00e9galement Zanzibar. La couverture sera moindre dans les zones naturelles recul\u00e9es. <\/span>\r\n<h2><span lang=\"FR-FR\">Livraison gratuite \u00e0 domicile<\/span><\/h2>\r\nLa carte SIM Zanzibar peut \u00eatre livr\u00e9e gratuitement \u00e0 votre domicile en France, en Belgique, au Luxembourg et en Suisse. Si vous commandez un jour ouvrable avant 14 heures, nous exp\u00e9dions votre commande le jour m\u00eame par la poste. Normalement, la livraison a lieu dans un d\u00e9lai de deux ou trois jours ouvrables. Avez-vous besoin d\u2019une livraison plus rapide? Alors, choisissez l\u2019eSIM, qui vous sera envoy\u00e9e par e-mail.","product_specificaties":"<h2><span data-contrast=\"\u00ab\">Avantages de la carte SIM Zanzibar<\/span><\/h2>\r\nCette carte SIM fonctionne \u00e9galement en Tanzanie continentale.\r\n\r\n<span data-contrast=\"\u00ab\">La carte SIM est disponible dans toutes les tailles (mini, micro et nano) et s'adapte \u00e0 tous les t\u00e9l\u00e9phones.<\/span>\r\n\r\n<span data-contrast=\"\u00ab\">La carte SIM Zanzibar est adapt\u00e9e aux hotspots et aux appareils MIFI.<\/span>\r\n<h2><span data-contrast=\"\u00ab\">Donn\u00e9es et appels sur Zanzibar<\/span><\/h2>\r\n<span data-contrast=\"\u00ab\">Il existe trois variantes de la carte SIM Zanzibar :<\/span>\r\n\r\n<span data-contrast=\"\u00ab\">36 \u20ac pour 3GB de donn\u00e9es<\/span>\r\n\r\n<span data-contrast=\"\u00ab\">3GB de donn\u00e9es inclus<\/span>\r\n\r\n&gt;\r\n\r\n<span data-contrast=\"\u00ab\">69 \u20ac pour 6GB de donn\u00e9es<\/span>\r\n\r\n<span data-contrast=\"\u00ab\">6GB de donn\u00e9es inclus<\/span>\r\n\r\n&gt;\r\n\r\n<span data-contrast=\"\u00ab\">12GB de donn\u00e9es 99 \u20ac<\/span>\r\n\r\n<span data-contrast=\"\u00ab\">Incl. 12GB de donn\u00e9es<\/span>\r\n\r\n&gt;\r\n\r\n<span data-contrast=\"\u00ab\">Les forfaits de donn\u00e9es sont valables pendant 30 jours apr\u00e8s l'activation.<\/span>\r\n<h2><span data-contrast=\"\u00ab\">Choisissez l'enl\u00e8vement ou la livraison<\/span><\/h2>\r\n<span data-contrast=\"\u00ab\">Retrait \u00e0 l'a\u00e9roport d'Amsterdam-Schiphol<\/span>\r\n\r\n<span data-contrast=\"\u00ab\">\u00c0 votre arriv\u00e9e \u00e0 Amsterdam, vous pouvez retirer la carte SIM pour Zanzibar au magasin Airport Telecom situ\u00e9 dans le hall des arriv\u00e9es 1 et 2 de l'a\u00e9roport d'Amsterdam-Schiphol.<\/span>\r\n<h2><span data-contrast=\"\u00ab\">Livraison gratuite<\/span><\/h2>\r\n<span data-contrast=\"\u00ab\">Si vous souhaitez recevoir la carte SIM pour Zanzibar le m\u00eame jour, c'est \u00e9galement possible. Si vous commandez en semaine avant 14 heures, nous vous l'enverrons le jour m\u00eame par la poste. La livraison a g\u00e9n\u00e9ralement lieu dans un d\u00e9lai d'un ou deux jours ouvrables.<\/span>\r\n\r\n<span data-contrast=\"\u00ab\">Commandez les diff\u00e9rentes variantes de donn\u00e9es en cliquant sur les boutons \u00ab Commander maintenant \u00bb de cette page.<\/span>","product_handleiding":"<h2>Comment installer la carte SIM Zanzibar dans mon t\u00e9l\u00e9phone ?<\/h2>\r\nOuvrez le coulisseau sur le c\u00f4t\u00e9 du t\u00e9l\u00e9phone. Vous pouvez le faire avec la tige fournie avec le t\u00e9l\u00e9phone. Si vous ne l'avez pas, vous pouvez en fabriquer une en pliant un trombone. Les cartes SIM Airport Telecom sont \u00e9galement livr\u00e9es avec une tige suppl\u00e9mentaire.\r\n\r\nRetirez votre propre carte SIM et conservez-la en lieu s\u00fbr ! Ins\u00e9rez maintenant la nouvelle carte SIM. Il n'y a qu'une seule fa\u00e7on de proc\u00e9der. Il se peut que votre t\u00e9l\u00e9phone puisse contenir plus d'une carte SIM. Ins\u00e9rez la nouvelle carte SIM comme une carte suppl\u00e9mentaire.\r\n\r\nRepoussez maintenant le tiroir de la carte SIM dans le t\u00e9l\u00e9phone. Si tout se passe bien, vous pouvez maintenant utiliser automatiquement la nouvelle carte SIM. Le t\u00e9l\u00e9phone peut vous demander de proc\u00e9der \u00e0 des r\u00e9glages suppl\u00e9mentaires.","product_veelgestelde_vragen":[{"vraag":"Quelle carte SIM utiliser \u00e0 Zanzibar ?","antwoord":"Pour un court s\u00e9jour de quelques jours, vous n'aurez probablement pas besoin d'autant de donn\u00e9es. Le forfait de donn\u00e9es de 3GB pour Zanzibar peut alors suffire. Les applications comme Whatsapp, Instagram et la navigation ne consomment pas beaucoup de donn\u00e9es. Si vous restez plus longtemps, il peut \u00eatre pratique d'opter pour 6GB afin de disposer de plus de donn\u00e9es.  "},{"vraag":"O\u00f9 acheter une carte SIM pour Zanzibar ?","antwoord":"Achetez une carte SIM pour Zanzibar aupr\u00e8s de Airport Telecom Schiphol. Vous pouvez la retirer dans le magasin. Ou commandez en ligne et la carte SIM sera livr\u00e9e gratuitement \u00e0 votre domicile."}]},"yoast_head":"<!-- This site is optimized with the Yoast SEO Premium plugin v24.4 (Yoast SEO v27.3) - https:\/\/yoast.com\/product\/yoast-seo-premium-wordpress\/ -->\n<title>Carte SIM Zanzibar achat d&#039;appels et d&#039;Internet pr\u00e9pay\u00e9s (illimit\u00e9s) - Airport Telecom FR<\/title>\n<meta name=\"description\" content=\"Recherche carte pr\u00e9pay\u00e9e Carte SIM Zanzibar pour les appels (illimit\u00e9s) et Internet ? Accessible de mani\u00e8re optimale lors de d\u00e9placements en Carte SIM Afrique. Maintenant en vente chez !\" \/>\n<meta name=\"robots\" content=\"index, follow, max-snippet:-1, max-image-preview:large, max-video-preview:-1\" \/>\n<link rel=\"canonical\" href=\"https:\/\/airporttelecom.com\/fr\/carte-sim\/zanzibar\/\" \/>\n<meta property=\"og:locale\" content=\"fr_FR\" \/>\n<meta property=\"og:type\" content=\"article\" \/>\n<meta property=\"og:title\" content=\"Carte SIM Zanzibar\" \/>\n<meta property=\"og:description\" content=\"Recherche carte pr\u00e9pay\u00e9e Carte SIM Zanzibar pour les appels (illimit\u00e9s) et Internet ? Accessible de mani\u00e8re optimale lors de d\u00e9placements en Carte SIM Afrique. Maintenant en vente chez !\" \/>\n<meta property=\"og:url\" content=\"https:\/\/airporttelecom.com\/fr\/carte-sim\/zanzibar\/\" \/>\n<meta property=\"og:site_name\" content=\"Airport Telecom FR\" \/>\n<meta property=\"article:modified_time\" content=\"2025-09-29T11:29:14+00:00\" \/>\n<meta property=\"og:image\" content=\"https:\/\/airporttelecom.com\/fr\/wp-content\/uploads\/sites\/5\/2024\/07\/Simkaart-Zanzibar.png?wsr\" \/>\n\t<meta property=\"og:image:width\" content=\"800\" \/>\n\t<meta property=\"og:image:height\" content=\"316\" \/>\n\t<meta property=\"og:image:type\" content=\"image\/png\" \/>\n<meta name=\"twitter:card\" content=\"summary_large_image\" \/>\n<meta name=\"twitter:label1\" content=\"Dur\u00e9e de lecture estim\u00e9e\" \/>\n\t<meta name=\"twitter:data1\" content=\"1 minute\" \/>\n<script type=\"application\/ld+json\" class=\"yoast-schema-graph\">{\"@context\":\"https:\\\/\\\/schema.org\",\"@graph\":[{\"@type\":\"WebPage\",\"@id\":\"https:\\\/\\\/airporttelecom.com\\\/fr\\\/carte-sim\\\/zanzibar\\\/\",\"url\":\"https:\\\/\\\/airporttelecom.com\\\/fr\\\/carte-sim\\\/zanzibar\\\/\",\"name\":\"Carte SIM Zanzibar achat d'appels et d'Internet pr\u00e9pay\u00e9s (illimit\u00e9s) - Airport Telecom FR\",\"isPartOf\":{\"@id\":\"https:\\\/\\\/airporttelecom.com\\\/fr\\\/#website\"},\"primaryImageOfPage\":{\"@id\":\"https:\\\/\\\/airporttelecom.com\\\/fr\\\/carte-sim\\\/zanzibar\\\/#primaryimage\"},\"image\":{\"@id\":\"https:\\\/\\\/airporttelecom.com\\\/fr\\\/carte-sim\\\/zanzibar\\\/#primaryimage\"},\"thumbnailUrl\":\"https:\\\/\\\/airporttelecom.com\\\/fr\\\/wp-content\\\/uploads\\\/sites\\\/5\\\/2024\\\/07\\\/Simkaart-Zanzibar.png\",\"datePublished\":\"2024-07-30T08:51:34+00:00\",\"dateModified\":\"2025-09-29T11:29:14+00:00\",\"description\":\"Recherche carte pr\u00e9pay\u00e9e Carte SIM Zanzibar pour les appels (illimit\u00e9s) et Internet ? Accessible de mani\u00e8re optimale lors de d\u00e9placements en Carte SIM Afrique. Maintenant en vente chez !\",\"breadcrumb\":{\"@id\":\"https:\\\/\\\/airporttelecom.com\\\/fr\\\/carte-sim\\\/zanzibar\\\/#breadcrumb\"},\"inLanguage\":\"fr-FR\",\"potentialAction\":[{\"@type\":\"ReadAction\",\"target\":[\"https:\\\/\\\/airporttelecom.com\\\/fr\\\/carte-sim\\\/zanzibar\\\/\"]}]},{\"@type\":\"ImageObject\",\"inLanguage\":\"fr-FR\",\"@id\":\"https:\\\/\\\/airporttelecom.com\\\/fr\\\/carte-sim\\\/zanzibar\\\/#primaryimage\",\"url\":\"https:\\\/\\\/airporttelecom.com\\\/fr\\\/wp-content\\\/uploads\\\/sites\\\/5\\\/2024\\\/07\\\/Simkaart-Zanzibar.png\",\"contentUrl\":\"https:\\\/\\\/airporttelecom.com\\\/fr\\\/wp-content\\\/uploads\\\/sites\\\/5\\\/2024\\\/07\\\/Simkaart-Zanzibar.png\",\"width\":800,\"height\":316,\"caption\":\"Carte Sim Zanzibar\"},{\"@type\":\"BreadcrumbList\",\"@id\":\"https:\\\/\\\/airporttelecom.com\\\/fr\\\/carte-sim\\\/zanzibar\\\/#breadcrumb\",\"itemListElement\":[{\"@type\":\"ListItem\",\"position\":1,\"name\":\"Home\",\"item\":\"https:\\\/\\\/airporttelecom.com\\\/fr\\\/\"},{\"@type\":\"ListItem\",\"position\":2,\"name\":\"Carte SIM\",\"item\":\"https:\\\/\\\/airporttelecom.com\\\/fr\\\/carte-sim\\\/\"},{\"@type\":\"ListItem\",\"position\":3,\"name\":\"Carte SIM Zanzibar\"}]},{\"@type\":\"WebSite\",\"@id\":\"https:\\\/\\\/airporttelecom.com\\\/fr\\\/#website\",\"url\":\"https:\\\/\\\/airporttelecom.com\\\/fr\\\/\",\"name\":\"Airport Telecom\",\"description\":\"\",\"publisher\":{\"@id\":\"https:\\\/\\\/airporttelecom.com\\\/fr\\\/#organization\"},\"potentialAction\":[{\"@type\":\"SearchAction\",\"target\":{\"@type\":\"EntryPoint\",\"urlTemplate\":\"https:\\\/\\\/airporttelecom.com\\\/fr\\\/?s={search_term_string}\"},\"query-input\":{\"@type\":\"PropertyValueSpecification\",\"valueRequired\":true,\"valueName\":\"search_term_string\"}}],\"inLanguage\":\"fr-FR\"},{\"@type\":\"Organization\",\"@id\":\"https:\\\/\\\/airporttelecom.com\\\/fr\\\/#organization\",\"name\":\"Airport Telecom\",\"url\":\"https:\\\/\\\/airporttelecom.com\\\/fr\\\/\",\"logo\":{\"@type\":\"ImageObject\",\"inLanguage\":\"fr-FR\",\"@id\":\"https:\\\/\\\/airporttelecom.com\\\/fr\\\/#\\\/schema\\\/logo\\\/image\\\/\",\"url\":\"https:\\\/\\\/airporttelecom.com\\\/fr\\\/wp-content\\\/uploads\\\/sites\\\/5\\\/2024\\\/06\\\/icon.png?wsr\",\"contentUrl\":\"https:\\\/\\\/airporttelecom.com\\\/fr\\\/wp-content\\\/uploads\\\/sites\\\/5\\\/2024\\\/06\\\/icon.png?wsr\",\"width\":110,\"height\":110,\"caption\":\"Airport Telecom\"},\"image\":{\"@id\":\"https:\\\/\\\/airporttelecom.com\\\/fr\\\/#\\\/schema\\\/logo\\\/image\\\/\"}}]}<\/script>\n<!-- \/ Yoast SEO Premium plugin. -->","yoast_head_json":{"title":"Carte SIM Zanzibar achat d'appels et d'Internet pr\u00e9pay\u00e9s (illimit\u00e9s) - Airport Telecom FR","description":"Recherche carte pr\u00e9pay\u00e9e Carte SIM Zanzibar pour les appels (illimit\u00e9s) et Internet ? Accessible de mani\u00e8re optimale lors de d\u00e9placements en Carte SIM Afrique. Maintenant en vente chez !","robots":{"index":"index","follow":"follow","max-snippet":"max-snippet:-1","max-image-preview":"max-image-preview:large","max-video-preview":"max-video-preview:-1"},"canonical":"https:\/\/airporttelecom.com\/fr\/carte-sim\/zanzibar\/","og_locale":"fr_FR","og_type":"article","og_title":"Carte SIM Zanzibar","og_description":"Recherche carte pr\u00e9pay\u00e9e Carte SIM Zanzibar pour les appels (illimit\u00e9s) et Internet ? Accessible de mani\u00e8re optimale lors de d\u00e9placements en Carte SIM Afrique. Maintenant en vente chez !","og_url":"https:\/\/airporttelecom.com\/fr\/carte-sim\/zanzibar\/","og_site_name":"Airport Telecom FR","article_modified_time":"2025-09-29T11:29:14+00:00","og_image":[{"width":800,"height":316,"url":"https:\/\/airporttelecom.com\/fr\/wp-content\/uploads\/sites\/5\/2024\/07\/Simkaart-Zanzibar.png?wsr","type":"image\/png"}],"twitter_card":"summary_large_image","twitter_misc":{"Dur\u00e9e de lecture estim\u00e9e":"1 minute"},"schema":{"@context":"https:\/\/schema.org","@graph":[{"@type":"WebPage","@id":"https:\/\/airporttelecom.com\/fr\/carte-sim\/zanzibar\/","url":"https:\/\/airporttelecom.com\/fr\/carte-sim\/zanzibar\/","name":"Carte SIM Zanzibar achat d'appels et d'Internet pr\u00e9pay\u00e9s (illimit\u00e9s) - Airport Telecom FR","isPartOf":{"@id":"https:\/\/airporttelecom.com\/fr\/#website"},"primaryImageOfPage":{"@id":"https:\/\/airporttelecom.com\/fr\/carte-sim\/zanzibar\/#primaryimage"},"image":{"@id":"https:\/\/airporttelecom.com\/fr\/carte-sim\/zanzibar\/#primaryimage"},"thumbnailUrl":"https:\/\/airporttelecom.com\/fr\/wp-content\/uploads\/sites\/5\/2024\/07\/Simkaart-Zanzibar.png","datePublished":"2024-07-30T08:51:34+00:00","dateModified":"2025-09-29T11:29:14+00:00","description":"Recherche carte pr\u00e9pay\u00e9e Carte SIM Zanzibar pour les appels (illimit\u00e9s) et Internet ? Accessible de mani\u00e8re optimale lors de d\u00e9placements en Carte SIM Afrique. Maintenant en vente chez !","breadcrumb":{"@id":"https:\/\/airporttelecom.com\/fr\/carte-sim\/zanzibar\/#breadcrumb"},"inLanguage":"fr-FR","potentialAction":[{"@type":"ReadAction","target":["https:\/\/airporttelecom.com\/fr\/carte-sim\/zanzibar\/"]}]},{"@type":"ImageObject","inLanguage":"fr-FR","@id":"https:\/\/airporttelecom.com\/fr\/carte-sim\/zanzibar\/#primaryimage","url":"https:\/\/airporttelecom.com\/fr\/wp-content\/uploads\/sites\/5\/2024\/07\/Simkaart-Zanzibar.png","contentUrl":"https:\/\/airporttelecom.com\/fr\/wp-content\/uploads\/sites\/5\/2024\/07\/Simkaart-Zanzibar.png","width":800,"height":316,"caption":"Carte Sim Zanzibar"},{"@type":"BreadcrumbList","@id":"https:\/\/airporttelecom.com\/fr\/carte-sim\/zanzibar\/#breadcrumb","itemListElement":[{"@type":"ListItem","position":1,"name":"Home","item":"https:\/\/airporttelecom.com\/fr\/"},{"@type":"ListItem","position":2,"name":"Carte SIM","item":"https:\/\/airporttelecom.com\/fr\/carte-sim\/"},{"@type":"ListItem","position":3,"name":"Carte SIM Zanzibar"}]},{"@type":"WebSite","@id":"https:\/\/airporttelecom.com\/fr\/#website","url":"https:\/\/airporttelecom.com\/fr\/","name":"Airport Telecom","description":"","publisher":{"@id":"https:\/\/airporttelecom.com\/fr\/#organization"},"potentialAction":[{"@type":"SearchAction","target":{"@type":"EntryPoint","urlTemplate":"https:\/\/airporttelecom.com\/fr\/?s={search_term_string}"},"query-input":{"@type":"PropertyValueSpecification","valueRequired":true,"valueName":"search_term_string"}}],"inLanguage":"fr-FR"},{"@type":"Organization","@id":"https:\/\/airporttelecom.com\/fr\/#organization","name":"Airport Telecom","url":"https:\/\/airporttelecom.com\/fr\/","logo":{"@type":"ImageObject","inLanguage":"fr-FR","@id":"https:\/\/airporttelecom.com\/fr\/#\/schema\/logo\/image\/","url":"https:\/\/airporttelecom.com\/fr\/wp-content\/uploads\/sites\/5\/2024\/06\/icon.png?wsr","contentUrl":"https:\/\/airporttelecom.com\/fr\/wp-content\/uploads\/sites\/5\/2024\/06\/icon.png?wsr","width":110,"height":110,"caption":"Airport Telecom"},"image":{"@id":"https:\/\/airporttelecom.com\/fr\/#\/schema\/logo\/image\/"}}]}},"_links":{"self":[{"href":"https:\/\/airporttelecom.com\/fr\/wp-json\/wp\/v2\/product\/752","targetHints":{"allow":["GET"]}}],"collection":[{"href":"https:\/\/airporttelecom.com\/fr\/wp-json\/wp\/v2\/product"}],"about":[{"href":"https:\/\/airporttelecom.com\/fr\/wp-json\/wp\/v2\/types\/product"}],"replies":[{"embeddable":true,"href":"https:\/\/airporttelecom.com\/fr\/wp-json\/wp\/v2\/comments?post=752"}],"wp:featuredmedia":[{"embeddable":true,"href":"https:\/\/airporttelecom.com\/fr\/wp-json\/wp\/v2\/media\/1383"}],"wp:attachment":[{"href":"https:\/\/airporttelecom.com\/fr\/wp-json\/wp\/v2\/media?parent=752"}],"wp:term":[{"taxonomy":"product_brand","embeddable":true,"href":"https:\/\/airporttelecom.com\/fr\/wp-json\/wp\/v2\/product_brand?post=752"},{"taxonomy":"product_cat","embeddable":true,"href":"https:\/\/airporttelecom.com\/fr\/wp-json\/wp\/v2\/product_cat?post=752"},{"taxonomy":"product_tag","embeddable":true,"href":"https:\/\/airporttelecom.com\/fr\/wp-json\/wp\/v2\/product_tag?post=752"}],"curies":[{"name":"wp","href":"https:\/\/api.w.org\/{rel}","templated":true}]}}