{"id":799,"date":"2024-07-30T09:54:55","date_gmt":"2024-07-30T09:54:55","guid":{"rendered":"https:\/\/airporttelecom.outperforming.nl\/nl\/?post_type=product&#038;p=799"},"modified":"2026-01-23T10:46:55","modified_gmt":"2026-01-23T10:46:55","slug":"carte-sim-etats-unis","status":"publish","type":"product","link":"https:\/\/airporttelecom.com\/fr\/carte-sim\/etats-unis\/","title":{"rendered":"Carte SIM \u00c9tats-Unis"},"content":{"rendered":"","protected":false},"excerpt":{"rendered":"","protected":false},"featured_media":1174,"comment_status":"open","ping_status":"closed","template":"","meta":{"_acf_changed":false},"product_brand":[],"product_cat":[17],"product_tag":[24],"class_list":{"0":"post-799","1":"product","2":"type-product","3":"status-publish","4":"has-post-thumbnail","6":"product_cat-carte-sim","7":"product_tag-carte-sim-amerique-du-nord","9":"first","10":"instock","11":"taxable","12":"shipping-taxable","13":"purchasable","14":"product-type-variable","15":"has-default-attributes"},"acf":{"gebied_afbeelding":1885,"vlag_afbeelding":922,"provider":["THR","LYC","LIN"],"product_synoniemen":[{"synoniem":"United States"},{"synoniem":"\u00c9tats-Unis d'Am\u00e9rique"},{"synoniem":"New York"},{"synoniem":"Etats-Unis"},{"synoniem":"\u00c9tats Unis"},{"synoniem":"Etats Unis"},{"synoniem":"Am\u00e9rique"},{"synoniem":"\u00c9-U"},{"synoniem":"USA"}],"product_bestel_velden":["vertrekdatum","phone"],"product_omschrijving":"<h2>Internet mobile aux \u00c9tats-Unis<\/h2>\r\nAvec les cartes SIM pr\u00e9pay\u00e9es d'Airport Telecom pour les \u00c9tats-Unis, vous pouvez \u00eatre joint dans tout le pays avec un seul num\u00e9ro de t\u00e9l\u00e9phone. Vous pouvez choisir parmi diff\u00e9rents forfaits de donn\u00e9es et d'appels. Ces forfaits sont parfaits pour utiliser Internet aux \u00c9tats-Unis et vous donnent acc\u00e8s \u00e0 la messagerie \u00e9lectronique, \u00e0 Whatsapp, \u00e0 la navigation et \u00e0 d'autres applications Internet via une connexion 4G\/5G rapide.\r\n<h2>Forfaits de donn\u00e9es et d'appels pour les voyages aux \u00c9tats-Unis<\/h2>\r\nLes cartes SIM pour les \u00c9tats-Unis sont fournies avec un forfait de donn\u00e9es de 12GB et un forfait de donn\u00e9es illimit\u00e9 :\r\n<h3>Carte SIM 12GB \u00c9tats-Unis 36 \u20ac<\/h3>\r\nForfait valable 30 jours. Avec la carte SIM 12GB, vous \u00eates joignable sur un seul num\u00e9ro de t\u00e9l\u00e9phone \u00e0 travers tous les \u00c9tats-Unis. De plus, vous disposez de 12GB de donn\u00e9es, ce qui fait que cette carte est tr\u00e8s bien adapt\u00e9e pour l'utilisation de l'internet. Veuillez noter que cette carte vous permets de recevoir des appels t\u00e9l\u00e9phoneniques entrants, mais vous ne pouvez pas passer des appels sortants. Chaque type de conversations qui se d\u00e9roulent via Internet comme WhatsApp, Skype, Facetime, etc. restent bien s\u00fbr possibles. En effect, pour ceci vous utilis\u00e9s \u00e9videment les 12 GB de donn\u00e9es, compris dans la carte SIM.Tous les appels pass\u00e9s via Internet tels que Whatsapp, Skype, Facetime, etc. sont bien s\u00fbr possibles. Apr\u00e8s tout, vous utilisez alors les 12GB de donn\u00e9es de la carte SIM. Le num\u00e9ro de t\u00e9l\u00e9phone sur lequel vous pouvez \u00eatre joint aux \u00c9tats-Unis vous sera envoy\u00e9 par SMS lorsque vous activerez la carte SIM. Il s'agit d'un num\u00e9ro britannique (+44). Nous gardons cette carte SIM dans la gamme depuis des ann\u00e9es en raison de son forfait de donn\u00e9es avantageux.\r\n<h3>Carte SIM illimit\u00e9e USA 69 \u20ac<\/h3>\r\nOffre group\u00e9e valable 30 jours. Avec cette carte SIM, vous pouvez \u00eatre joint dans tous les \u00c9tats-Unis sur un num\u00e9ro de t\u00e9l\u00e9phone am\u00e9ricain (+1). La carte SIM illimit\u00e9e offre des donn\u00e9es et des appels illimit\u00e9s dans tous les \u00c9tats-Unis. Id\u00e9al lorsque vous voulez \u00eatre assur\u00e9 d'avoir suffisamment de donn\u00e9es et lorsque vous souhaitez appeler des h\u00f4tels et des restaurants aux \u00c9tats-Unis. Cette carte SIM peut \u00eatre recharg\u00e9e. Le partage de connexion pour cr\u00e9er un point d'acc\u00e8s Wi-Fi ou utiliser un routeur MiFi est possible avec la carte SIM am\u00e9ricaine illimit\u00e9e, mais il existe une diff\u00e9rence entre iPhone et Android. Avec un iPhone, l'int\u00e9gralit\u00e9 du forfait illimit\u00e9 est utilisable pour les points d'acc\u00e8s Wi-Fi et le MiFi. Avec Android, seuls 5 Go de donn\u00e9es sont utilisables pour ces fonctionnalit\u00e9s avec le forfait illimit\u00e9 de la carte SIM am\u00e9ricaine.\r\n\r\nLes cartes SIM pour les \u00c9tats-Unis ont une excellente couverture nationale via les r\u00e9seaux 4G et 5G d'AT&amp;T et de T-Mobile. Aucune inscription de l'utilisateur n'est requise aux \u00c9tats-Unis. \u00c0 votre arriv\u00e9e, ins\u00e9rez la carte SIM dans votre t\u00e9l\u00e9phone portable et Internet commence \u00e0 fonctionner. Les forfaits sont valables 30 jours.\r\n<h2>WhatsApp avec une carte SIM des \u00c9tats-Unis<\/h2>\r\nAvec les cartes SIM des \u00c9tats-Unis, vous pouvez continuer \u00e0 utiliser WhatsApp comme vous en avez l'habitude. Il en va de m\u00eame pour toutes les autres applications. Une fois que WhatsApp se rend compte qu'il y a une autre carte SIM avec un nouveau num\u00e9ro dans votre t\u00e9l\u00e9phone, WhatsApp peut vous demander automatiquement si vous souhaitez utiliser le nouveau num\u00e9ro ou l'ancien. Si vous choisissez l'ancien num\u00e9ro, rien ne changera sur WhatsApp. Vous conserverez alors votre identit\u00e9 WhatsApp existante avec tous vos contacts, groupes et discussions.\r\n<h2>Couverture r\u00e9seau aux \u00c9tats-Unis<\/h2>\r\nLes cartes SIM utilis\u00e9es aux \u00c9tats-Unis utilisent les r\u00e9seaux AT&amp;T et T-Mobile. Environ 99 % de la population am\u00e9ricaine est couverte par ces r\u00e9seaux, ce qui rend la couverture mobile des donn\u00e9es et de la voix aux \u00c9tats-Unis excellente. Envoyer des e-mails depuis Manhattan et Disney World ou suivre Instagram depuis la plage de Santa Monica est toujours possible. Cependant, il existe des zones inhabit\u00e9es ou \u00e9loign\u00e9es o\u00f9 le t\u00e9l\u00e9phone ne fonctionne pas. Prenons l'exemple des magnifiques parcs nationaux des \u00c9tats-Unis tels que Yellowstone, Yosemite et les Everglades. Et envoyer un message Whatsapp depuis le Grand Canyon vieux d'un milliard d'ann\u00e9es ou la nature sauvage et isol\u00e9e avec des ours en Alaska ne fonctionnera probablement pas. Comme indiqu\u00e9, ce sont des exceptions car de New York \u00e0 Miami, de Chicago \u00e0 Los Angeles, dans toutes les grandes et petites villes, on peut passer des appels et utiliser Internet par t\u00e9l\u00e9phone portable sans souci.\r\n<h2>Livraison gratuite \u00e0 domicile<\/h2>\r\nLa carte SIM USA peut \u00eatre livr\u00e9e gratuitement \u00e0 votre domicile en France, en Belgique, au Luxembourg et en Suisse. Si vous commandez un jour ouvrable avant 14 heures, nous exp\u00e9dions votre commande le jour m\u00eame par la poste. Normalement, la livraison a lieu dans un d\u00e9lai de deux ou trois jours ouvrables. Avez-vous besoin d\u2019une livraison plus rapide ? Alors, choisissez <a href=\"https:\/\/airporttelecom.com\/fr\/esim\/etats-unis\/\">l\u2019eSIM<\/a>, qui vous sera envoy\u00e9e par e-mail.","product_specificaties":"<h2>Avantages de la carte SIM \u00c9tats-Unis<\/h2>\r\n<ul>\r\n \t<li>Joignable dans tous les \u00c9tats-Unis avec un seul num\u00e9ro de t\u00e9l\u00e9phone.<\/li>\r\n \t<li>La carte SIM USA est disponible dans toutes les tailles (mini, micro et nano).<\/li>\r\n \t<li>La carte SIM USA fonctionne dans tous les iPhone et autres smartphones.<\/li>\r\n \t<li>Faites-vous livrer gratuitement la carte SIM \u00e0 votre domicile en Belgique, en France,\u00a0 au Luxembourg, en Suisse et aux Pays-Bas.<\/li>\r\n<\/ul>\r\n<h2>Internet et appels aux \u00c9tats-Unis<\/h2>\r\nIl existe deux variantes de la carte SIM USA :\r\n<h3>Carte SIM de donn\u00e9es 12GB USA, 36 \u20ac<\/h3>\r\n<ul>\r\n \t<li>12GB de donn\u00e9es dans tous les \u00c9tats-Unis<\/li>\r\n \t<li>Joignable sur un num\u00e9ro de t\u00e9l\u00e9phone (+44)<\/li>\r\n \t<li>L'offre est valable pendant 30 jours<\/li>\r\n<\/ul>\r\n<h3>Carte SIM illimit\u00e9e aux \u00c9tats-Unis, 69 \u20ac<\/h3>\r\n<ul>\r\n \t<li>Donn\u00e9es illimit\u00e9es dans tous les \u00c9tats-Unis*<\/li>\r\n \t<li>Appels illimit\u00e9s aux \u00c9tats-Unis*<\/li>\r\n \t<li>Appels illimit\u00e9s aux \u00c9tats-Unis<\/li>\r\n \t<li>Num\u00e9ro de t\u00e9l\u00e9phone am\u00e9ricain (+1)<\/li>\r\n \t<li>Les points d'acc\u00e8s Wi-Fi et le MiFi sont possibles (donn\u00e9es illimit\u00e9es pour iPhone, 5 Go disponibles pour Android).<\/li>\r\n \t<li>L'offre est valable 30 jours et peut ensuite \u00eatre recharg\u00e9e via ce site Web.<\/li>\r\n<\/ul>\r\n(*) Il existe une politique d'utilisation \u00e9quitable. En cas d'utilisation extr\u00eame des donn\u00e9es ou de comportement d'appel excessif, le fournisseur am\u00e9ricain peut limiter les capacit\u00e9s de la carte SIM.","product_handleiding":"<h2><span data-contrast=\"\u00ab\">Comment installer la carte SIM \u00c9tats-Unis dans mon t\u00e9l\u00e9phone ?<\/span><\/h2>\r\n<span data-contrast=\"\u00ab\">Ouvrez le coulisseau sur le c\u00f4t\u00e9 du t\u00e9l\u00e9phone. Vous pouvez le faire avec la goupille fournie avec le t\u00e9l\u00e9phone. Si vous ne l'avez pas, vous pouvez en fabriquer une en pliant un trombone. Les cartes SIM Airport Telecom sont \u00e9galement fournies avec une goupille suppl\u00e9mentaire.<\/span>\r\n\r\n<span data-contrast=\"\u00ab\">Retirez votre propre carte SIM et conservez-la en lieu s\u00fbr ! Ins\u00e9rez maintenant la nouvelle carte SIM. Il n'y a qu'une seule fa\u00e7on de proc\u00e9der. Il se peut que votre t\u00e9l\u00e9phone puisse contenir plus d'une carte SIM. Ins\u00e9rez la nouvelle carte SIM en tant que carte suppl\u00e9mentaire.<\/span>\r\n\r\n<span data-contrast=\"\u00ab\">Repoussez maintenant la glissi\u00e8re de la carte SIM dans le t\u00e9l\u00e9phone. Si tout se passe bien, vous pouvez maintenant utiliser automatiquement la nouvelle carte SIM. Le t\u00e9l\u00e9phone peut vous demander de proc\u00e9der \u00e0 des r\u00e9glages suppl\u00e9mentaires.<\/span>","product_veelgestelde_vragen":[{"vraag":"Quelle carte SIM utiliser aux \u00c9tats-Unis ?","antwoord":"Pour un s\u00e9jour de quelques jours, vous n'aurez probablement pas besoin d'autant de donn\u00e9es. Le forfait de 10GB de donn\u00e9es pour l'Am\u00e9rique peut alors suffire. Les applications telles que Whatsapp, Instagram et la navigation ne consomment pas beaucoup de donn\u00e9es. Si vous restez plus longtemps, il peut \u00eatre utile de choisir l'option Illimit\u00e9 afin de disposer de suffisamment de donn\u00e9es. La carte SIM Illimit\u00e9 offre \u00e9galement des appels illimit\u00e9s en Am\u00e9rique."},{"vraag":"O\u00f9 acheter une carte SIM pour l'\u00c9tats-Unis ?","antwoord":"Achetez une carte SIM pour l'Am\u00e9rique \u00e0 Airport Telecom Schiphol. Vous pouvez la retirer dans le magasin. Ou commandez en ligne et la carte SIM sera livr\u00e9e gratuitement \u00e0 votre domicile."},{"vraag":"Pourquoi dois-je indiquer la date de d\u00e9part lorsque je commande une carte SIM physique illimit\u00e9e pour les \u00c9tats-Unis\u00a0?","antwoord":"Nous activerons le forfait pour vous \u00e0 compter de la date de d\u00e9part et il sera valable pendant 30 jours."}]},"yoast_head":"<!-- This site is optimized with the Yoast SEO Premium plugin v24.4 (Yoast SEO v27.3) - https:\/\/yoast.com\/product\/yoast-seo-premium-wordpress\/ -->\n<title>Carte SIM \u00c9tats-Unis achat d&#039;appels et d&#039;Internet pr\u00e9pay\u00e9s (illimit\u00e9s) - Airport Telecom FR<\/title>\n<meta name=\"description\" content=\"Recherche carte pr\u00e9pay\u00e9e Carte SIM \u00c9tats-Unis pour les appels (illimit\u00e9s) et Internet ? Accessible de mani\u00e8re optimale lors de d\u00e9placements en Carte SIM Am\u00e9rique du Nord. Maintenant en vente chez !\" \/>\n<meta name=\"robots\" content=\"index, follow, max-snippet:-1, max-image-preview:large, max-video-preview:-1\" \/>\n<link rel=\"canonical\" href=\"https:\/\/airporttelecom.com\/fr\/carte-sim\/etats-unis\/\" \/>\n<meta property=\"og:locale\" content=\"fr_FR\" \/>\n<meta property=\"og:type\" content=\"article\" \/>\n<meta property=\"og:title\" content=\"Carte SIM \u00c9tats-Unis\" \/>\n<meta property=\"og:description\" content=\"Recherche carte pr\u00e9pay\u00e9e Carte SIM \u00c9tats-Unis pour les appels (illimit\u00e9s) et Internet ? Accessible de mani\u00e8re optimale lors de d\u00e9placements en Carte SIM Am\u00e9rique du Nord. Maintenant en vente chez !\" \/>\n<meta property=\"og:url\" content=\"https:\/\/airporttelecom.com\/fr\/carte-sim\/etats-unis\/\" \/>\n<meta property=\"og:site_name\" content=\"Airport Telecom FR\" \/>\n<meta property=\"article:modified_time\" content=\"2026-01-23T10:46:55+00:00\" \/>\n<meta property=\"og:image\" content=\"https:\/\/airporttelecom.com\/fr\/wp-content\/uploads\/sites\/5\/2024\/07\/Simkaart-USA.png\" \/>\n\t<meta property=\"og:image:width\" content=\"800\" \/>\n\t<meta property=\"og:image:height\" content=\"319\" \/>\n\t<meta property=\"og:image:type\" content=\"image\/png\" \/>\n<meta name=\"twitter:card\" content=\"summary_large_image\" \/>\n<meta name=\"twitter:label1\" content=\"Dur\u00e9e de lecture estim\u00e9e\" \/>\n\t<meta name=\"twitter:data1\" content=\"1 minute\" \/>\n<script type=\"application\/ld+json\" class=\"yoast-schema-graph\">{\"@context\":\"https:\\\/\\\/schema.org\",\"@graph\":[{\"@type\":\"WebPage\",\"@id\":\"https:\\\/\\\/airporttelecom.com\\\/fr\\\/carte-sim\\\/etats-unis\\\/\",\"url\":\"https:\\\/\\\/airporttelecom.com\\\/fr\\\/carte-sim\\\/etats-unis\\\/\",\"name\":\"Carte SIM \u00c9tats-Unis achat d'appels et d'Internet pr\u00e9pay\u00e9s (illimit\u00e9s) - Airport Telecom FR\",\"isPartOf\":{\"@id\":\"https:\\\/\\\/airporttelecom.com\\\/fr\\\/#website\"},\"primaryImageOfPage\":{\"@id\":\"https:\\\/\\\/airporttelecom.com\\\/fr\\\/carte-sim\\\/etats-unis\\\/#primaryimage\"},\"image\":{\"@id\":\"https:\\\/\\\/airporttelecom.com\\\/fr\\\/carte-sim\\\/etats-unis\\\/#primaryimage\"},\"thumbnailUrl\":\"https:\\\/\\\/airporttelecom.com\\\/fr\\\/wp-content\\\/uploads\\\/sites\\\/5\\\/2024\\\/07\\\/Simkaart-USA.png\",\"datePublished\":\"2024-07-30T09:54:55+00:00\",\"dateModified\":\"2026-01-23T10:46:55+00:00\",\"description\":\"Recherche carte pr\u00e9pay\u00e9e Carte SIM \u00c9tats-Unis pour les appels (illimit\u00e9s) et Internet ? Accessible de mani\u00e8re optimale lors de d\u00e9placements en Carte SIM Am\u00e9rique du Nord. Maintenant en vente chez !\",\"breadcrumb\":{\"@id\":\"https:\\\/\\\/airporttelecom.com\\\/fr\\\/carte-sim\\\/etats-unis\\\/#breadcrumb\"},\"inLanguage\":\"fr-FR\",\"potentialAction\":[{\"@type\":\"ReadAction\",\"target\":[\"https:\\\/\\\/airporttelecom.com\\\/fr\\\/carte-sim\\\/etats-unis\\\/\"]}]},{\"@type\":\"ImageObject\",\"inLanguage\":\"fr-FR\",\"@id\":\"https:\\\/\\\/airporttelecom.com\\\/fr\\\/carte-sim\\\/etats-unis\\\/#primaryimage\",\"url\":\"https:\\\/\\\/airporttelecom.com\\\/fr\\\/wp-content\\\/uploads\\\/sites\\\/5\\\/2024\\\/07\\\/Simkaart-USA.png\",\"contentUrl\":\"https:\\\/\\\/airporttelecom.com\\\/fr\\\/wp-content\\\/uploads\\\/sites\\\/5\\\/2024\\\/07\\\/Simkaart-USA.png\",\"width\":800,\"height\":319,\"caption\":\"Carte SIM pour les \u00c9tats-Unis\"},{\"@type\":\"BreadcrumbList\",\"@id\":\"https:\\\/\\\/airporttelecom.com\\\/fr\\\/carte-sim\\\/etats-unis\\\/#breadcrumb\",\"itemListElement\":[{\"@type\":\"ListItem\",\"position\":1,\"name\":\"Home\",\"item\":\"https:\\\/\\\/airporttelecom.com\\\/fr\\\/\"},{\"@type\":\"ListItem\",\"position\":2,\"name\":\"Carte SIM\",\"item\":\"https:\\\/\\\/airporttelecom.com\\\/fr\\\/carte-sim\\\/\"},{\"@type\":\"ListItem\",\"position\":3,\"name\":\"Carte SIM \u00c9tats-Unis\"}]},{\"@type\":\"WebSite\",\"@id\":\"https:\\\/\\\/airporttelecom.com\\\/fr\\\/#website\",\"url\":\"https:\\\/\\\/airporttelecom.com\\\/fr\\\/\",\"name\":\"Airport Telecom\",\"description\":\"\",\"publisher\":{\"@id\":\"https:\\\/\\\/airporttelecom.com\\\/fr\\\/#organization\"},\"potentialAction\":[{\"@type\":\"SearchAction\",\"target\":{\"@type\":\"EntryPoint\",\"urlTemplate\":\"https:\\\/\\\/airporttelecom.com\\\/fr\\\/?s={search_term_string}\"},\"query-input\":{\"@type\":\"PropertyValueSpecification\",\"valueRequired\":true,\"valueName\":\"search_term_string\"}}],\"inLanguage\":\"fr-FR\"},{\"@type\":\"Organization\",\"@id\":\"https:\\\/\\\/airporttelecom.com\\\/fr\\\/#organization\",\"name\":\"Airport Telecom\",\"url\":\"https:\\\/\\\/airporttelecom.com\\\/fr\\\/\",\"logo\":{\"@type\":\"ImageObject\",\"inLanguage\":\"fr-FR\",\"@id\":\"https:\\\/\\\/airporttelecom.com\\\/fr\\\/#\\\/schema\\\/logo\\\/image\\\/\",\"url\":\"https:\\\/\\\/airporttelecom.com\\\/fr\\\/wp-content\\\/uploads\\\/sites\\\/5\\\/2024\\\/06\\\/icon.png?wsr\",\"contentUrl\":\"https:\\\/\\\/airporttelecom.com\\\/fr\\\/wp-content\\\/uploads\\\/sites\\\/5\\\/2024\\\/06\\\/icon.png?wsr\",\"width\":110,\"height\":110,\"caption\":\"Airport Telecom\"},\"image\":{\"@id\":\"https:\\\/\\\/airporttelecom.com\\\/fr\\\/#\\\/schema\\\/logo\\\/image\\\/\"}}]}<\/script>\n<!-- \/ Yoast SEO Premium plugin. -->","yoast_head_json":{"title":"Carte SIM \u00c9tats-Unis achat d'appels et d'Internet pr\u00e9pay\u00e9s (illimit\u00e9s) - Airport Telecom FR","description":"Recherche carte pr\u00e9pay\u00e9e Carte SIM \u00c9tats-Unis pour les appels (illimit\u00e9s) et Internet ? Accessible de mani\u00e8re optimale lors de d\u00e9placements en Carte SIM Am\u00e9rique du Nord. Maintenant en vente chez !","robots":{"index":"index","follow":"follow","max-snippet":"max-snippet:-1","max-image-preview":"max-image-preview:large","max-video-preview":"max-video-preview:-1"},"canonical":"https:\/\/airporttelecom.com\/fr\/carte-sim\/etats-unis\/","og_locale":"fr_FR","og_type":"article","og_title":"Carte SIM \u00c9tats-Unis","og_description":"Recherche carte pr\u00e9pay\u00e9e Carte SIM \u00c9tats-Unis pour les appels (illimit\u00e9s) et Internet ? Accessible de mani\u00e8re optimale lors de d\u00e9placements en Carte SIM Am\u00e9rique du Nord. Maintenant en vente chez !","og_url":"https:\/\/airporttelecom.com\/fr\/carte-sim\/etats-unis\/","og_site_name":"Airport Telecom FR","article_modified_time":"2026-01-23T10:46:55+00:00","og_image":[{"width":800,"height":319,"url":"https:\/\/airporttelecom.com\/fr\/wp-content\/uploads\/sites\/5\/2024\/07\/Simkaart-USA.png","type":"image\/png"}],"twitter_card":"summary_large_image","twitter_misc":{"Dur\u00e9e de lecture estim\u00e9e":"1 minute"},"schema":{"@context":"https:\/\/schema.org","@graph":[{"@type":"WebPage","@id":"https:\/\/airporttelecom.com\/fr\/carte-sim\/etats-unis\/","url":"https:\/\/airporttelecom.com\/fr\/carte-sim\/etats-unis\/","name":"Carte SIM \u00c9tats-Unis achat d'appels et d'Internet pr\u00e9pay\u00e9s (illimit\u00e9s) - Airport Telecom FR","isPartOf":{"@id":"https:\/\/airporttelecom.com\/fr\/#website"},"primaryImageOfPage":{"@id":"https:\/\/airporttelecom.com\/fr\/carte-sim\/etats-unis\/#primaryimage"},"image":{"@id":"https:\/\/airporttelecom.com\/fr\/carte-sim\/etats-unis\/#primaryimage"},"thumbnailUrl":"https:\/\/airporttelecom.com\/fr\/wp-content\/uploads\/sites\/5\/2024\/07\/Simkaart-USA.png","datePublished":"2024-07-30T09:54:55+00:00","dateModified":"2026-01-23T10:46:55+00:00","description":"Recherche carte pr\u00e9pay\u00e9e Carte SIM \u00c9tats-Unis pour les appels (illimit\u00e9s) et Internet ? Accessible de mani\u00e8re optimale lors de d\u00e9placements en Carte SIM Am\u00e9rique du Nord. Maintenant en vente chez !","breadcrumb":{"@id":"https:\/\/airporttelecom.com\/fr\/carte-sim\/etats-unis\/#breadcrumb"},"inLanguage":"fr-FR","potentialAction":[{"@type":"ReadAction","target":["https:\/\/airporttelecom.com\/fr\/carte-sim\/etats-unis\/"]}]},{"@type":"ImageObject","inLanguage":"fr-FR","@id":"https:\/\/airporttelecom.com\/fr\/carte-sim\/etats-unis\/#primaryimage","url":"https:\/\/airporttelecom.com\/fr\/wp-content\/uploads\/sites\/5\/2024\/07\/Simkaart-USA.png","contentUrl":"https:\/\/airporttelecom.com\/fr\/wp-content\/uploads\/sites\/5\/2024\/07\/Simkaart-USA.png","width":800,"height":319,"caption":"Carte SIM pour les \u00c9tats-Unis"},{"@type":"BreadcrumbList","@id":"https:\/\/airporttelecom.com\/fr\/carte-sim\/etats-unis\/#breadcrumb","itemListElement":[{"@type":"ListItem","position":1,"name":"Home","item":"https:\/\/airporttelecom.com\/fr\/"},{"@type":"ListItem","position":2,"name":"Carte SIM","item":"https:\/\/airporttelecom.com\/fr\/carte-sim\/"},{"@type":"ListItem","position":3,"name":"Carte SIM \u00c9tats-Unis"}]},{"@type":"WebSite","@id":"https:\/\/airporttelecom.com\/fr\/#website","url":"https:\/\/airporttelecom.com\/fr\/","name":"Airport Telecom","description":"","publisher":{"@id":"https:\/\/airporttelecom.com\/fr\/#organization"},"potentialAction":[{"@type":"SearchAction","target":{"@type":"EntryPoint","urlTemplate":"https:\/\/airporttelecom.com\/fr\/?s={search_term_string}"},"query-input":{"@type":"PropertyValueSpecification","valueRequired":true,"valueName":"search_term_string"}}],"inLanguage":"fr-FR"},{"@type":"Organization","@id":"https:\/\/airporttelecom.com\/fr\/#organization","name":"Airport Telecom","url":"https:\/\/airporttelecom.com\/fr\/","logo":{"@type":"ImageObject","inLanguage":"fr-FR","@id":"https:\/\/airporttelecom.com\/fr\/#\/schema\/logo\/image\/","url":"https:\/\/airporttelecom.com\/fr\/wp-content\/uploads\/sites\/5\/2024\/06\/icon.png?wsr","contentUrl":"https:\/\/airporttelecom.com\/fr\/wp-content\/uploads\/sites\/5\/2024\/06\/icon.png?wsr","width":110,"height":110,"caption":"Airport Telecom"},"image":{"@id":"https:\/\/airporttelecom.com\/fr\/#\/schema\/logo\/image\/"}}]}},"_links":{"self":[{"href":"https:\/\/airporttelecom.com\/fr\/wp-json\/wp\/v2\/product\/799","targetHints":{"allow":["GET"]}}],"collection":[{"href":"https:\/\/airporttelecom.com\/fr\/wp-json\/wp\/v2\/product"}],"about":[{"href":"https:\/\/airporttelecom.com\/fr\/wp-json\/wp\/v2\/types\/product"}],"replies":[{"embeddable":true,"href":"https:\/\/airporttelecom.com\/fr\/wp-json\/wp\/v2\/comments?post=799"}],"wp:featuredmedia":[{"embeddable":true,"href":"https:\/\/airporttelecom.com\/fr\/wp-json\/wp\/v2\/media\/1174"}],"wp:attachment":[{"href":"https:\/\/airporttelecom.com\/fr\/wp-json\/wp\/v2\/media?parent=799"}],"wp:term":[{"taxonomy":"product_brand","embeddable":true,"href":"https:\/\/airporttelecom.com\/fr\/wp-json\/wp\/v2\/product_brand?post=799"},{"taxonomy":"product_cat","embeddable":true,"href":"https:\/\/airporttelecom.com\/fr\/wp-json\/wp\/v2\/product_cat?post=799"},{"taxonomy":"product_tag","embeddable":true,"href":"https:\/\/airporttelecom.com\/fr\/wp-json\/wp\/v2\/product_tag?post=799"}],"curies":[{"name":"wp","href":"https:\/\/api.w.org\/{rel}","templated":true}]}}